{"id":16925,"date":"2018-04-16T10:56:17","date_gmt":"2018-04-16T10:56:17","guid":{"rendered":"https:\/\/business.roovi.com\/product\/puzzle-alphonse-mucha-the-time-of-the-day-1000-piese\/"},"modified":"2025-03-18T08:55:41","modified_gmt":"2025-03-18T08:55:41","slug":"puzzle-adulti-alphonse-mucha-the-time-of-the-dayorele-zilei-1000-piese","status":"publish","type":"product","link":"https:\/\/business.roovi.com\/ro\/puzzle-adulti-alphonse-mucha-the-time-of-the-dayorele-zilei-1000-piese\/p\/","title":{"rendered":"Puzzle adul\u021bi 1000 piese Alphonse Mucha &#8211; The Time of the Day\/Orele zilei"},"content":{"rendered":"<p><span style=\"font-weight: 400;\">Cu cea mai mare gam\u0103 de puzzle-uri de art\u0103 ai acum aceast\u0103 oportunitate. Selecteaz\u0103 puzzle-uri 1000 piese cu imagini ale p\u00e2nzelor celebre \u0219i alc\u0103tuie\u0219te-\u021bi o colec\u021bie de art\u0103 de invidiat.<\/span><\/p>\n<p><span style=\"font-weight: 400;\">Puzzle adul\u021bi Alphonse Mucha &#8211; The time of the day\/Orele zilei poate fi o alegere excelent\u0103 datorit\u0103 culorilor minunate care \u00ee\u021bi vor induce o stare de lini\u0219te \u0219i armonie. Acest puzzle de 1000 piese \u00eenf\u0103\u021bi\u0219eaz\u0103 patru momente ale zilei: Trezirea de diminea\u021b\u0103, Reveria de sear\u0103, Str\u0103lucirea din miezul zilei \u0219i Odihna nop\u021bii. Fiecare moment este simbolizat de femei atr\u0103g\u0103toare, situate \u00eentr-un cadru ornamental care aminte\u0219te de o fereastr\u0103 gotic\u0103. Culorile proaspete \u0219i delicate, cu motive florale exuberante reflect\u0103 starea de spirit al fiec\u0103rui moment\u00a0 al zilei.<\/span><\/p>\n<p><span style=\"font-weight: 400;\">Pentru zile mohor\u00e2te sau nu prea bune, acest tablou construit din puzzle 1000 piese este o adev\u0103rat\u0103 \u00eenc\u00e2ntare. Privindu-l \u00ee\u021bi vei \u00eenfrumuse\u021ba ziua \u0219i starea de spirit. Produsul Este fabricat din carton calitativ, cu grosime de 2 mm, ceea ce \u00eei confer\u0103 rezisten\u021b\u0103 pentru utiliz\u0103ri multiple.\u00a0<\/span><\/p>\n<p><span style=\"font-weight: 400;\">\u00cembin\u0103 formele t\u0103iate perfect din puzzle 1000 piese \u00een confortul sufrageriei tale pe m\u0103su\u021ba de cafea \u0219i ob\u021bine un tablou deosebit cu dimensiunea de 50 x 70 cm.<\/span><\/p>\n<p><span style=\"font-weight: 400;\">Caracteristici ale puzzle-ului 1000 piese\u00a0 Alphonse Mucha &#8211; The time of the day\/Orele zilei:<\/span><\/p>\n<p><strong>Material puzzle:\u00a0<\/strong><\/p>\n<p><strong>carton albastru de o calitate superioar\u0103<\/strong><\/p>\n<p><strong>materiale sustenabile, reciclabile<\/strong><\/p>\n<p><strong>finisaj semi-lucios, culori vii<\/strong><\/p>\n<p><strong>Num\u0103rul pieselor de puzzle: 1000<\/strong><\/p>\n<p><strong>V\u00e2rsta recomandat\u0103: 14+<\/strong><\/p>\n<p><strong>Dac\u0103 rezolvi puzzle 1000 piese te vei bucura de cel pu\u021bin 3 beneficii<\/strong><\/p>\n<ol>\n<li><strong> Vei avea o memorie pe termen scurt mai bun\u0103. <\/strong><span style=\"font-weight: 400;\">Faptul c\u0103 trebuie s\u0103 re\u021bii multe forme \u0219i culori, dar \u0219i s\u0103 vizualizezi locul \u00een care se potrivesc piesele dintr-un puzzle adul\u021bi, \u00ee\u021bi antreneaz\u0103 memoria \u0219i o \u00eembun\u0103t\u0103\u021be\u0219te<\/span><\/li>\n<li><strong> \u00ce\u021bi vei \u00eembun\u0103t\u0103\u021bi abilit\u0103\u021bile de a rezolva probleme.<\/strong><span style=\"font-weight: 400;\"> Jocul puzzle poate p\u0103rea o problem\u0103 dificil\u0103. Pentru a reconstitui frumoasa imagine, \u00ee\u021bi pui la b\u0103taie toate armele: r\u0103bdarea, perseveren\u021b\u0103, motiva\u021bia, iar \u00een final g\u0103se\u0219ti solu\u021bia \u0219i tabloul e gata. Acest exerci\u021biu te va ajuta s\u0103 \u00ee\u021bi \u00eembun\u0103t\u0103\u021be\u0219ti abilit\u0103\u021bile de a g\u0103si solu\u021bii \u0219i pentru problemele din via\u021ba de zi cu zi.<\/span><\/li>\n<li><strong> Vei petrece timp de calitate departe de lumea digital\u0103<\/strong><span style=\"font-weight: 400;\">. Puzzle-urile adul\u021bi te ajut\u0103 s\u0103 te deconectezi de la ecrane. Te \u021bin conectat la un scop precis de a rezolva enigma unei imagini \u0219i \u00ee\u021bi ofer\u0103 momentele de relaxare dup\u0103 care t\u00e2nje\u0219ti \u00een fiecare zi.<\/span><\/li>\n<\/ol>\n<p><strong>Alphonse Mucha &#8211; un artist cu crezuri m\u0103re\u021be<\/strong><\/p>\n<p>Mucha credea c\u0103, prin crearea de opere de art\u0103 frumoase, calitatea vie\u021bii va fi \u00eembun\u0103t\u0103\u021bit\u0103.<\/p>\n<p>Artistul era de p\u0103rere c\u0103 avea datoria s\u0103 promoveze arta pentru oamenii obi\u0219nui\u021bi.<\/p>\n<p><span style=\"font-weight: 400;\">\u0218i-a \u00eendeplinit ambele obiective prin realizarea panourilor decorative impresionante accesibile tuturor. Artistul a declarat la un moment dat referitor la panourile sale:\u00a0<\/span><em><strong> &#8222;Am fost fericit s\u0103 m\u0103 implic \u00eentr-o art\u0103 pentru oameni \u0219i nu pentru saloane private. Era ieftin\u0103, accesibil\u0103 publicului larg \u0219i \u00ee\u0219i g\u0103sea locul at\u00e2t \u00een familiile s\u0103race, c\u00e2t \u0219i \u00een cercurile mai \u00eenst\u0103rite&#8221;.<\/strong><\/em><\/p>\n<p><strong>Jocurile puzzle \u00ee\u021bi men\u021bin s\u0103n\u0103tatea creierului<\/strong><\/p>\n<p><span style=\"font-weight: 400;\">Vrei un antrenament pl\u0103cut care s\u0103-\u021bi men\u021bin\u0103 creierul s\u0103n\u0103tos? Completeaz\u0103 puzzle 1000 piese \u0219i atinge-\u021bi acest obiectiv! Asamblarea jocurilor puzzle antreneaz\u0103 at\u00e2t emisfera cerebral\u0103 dreapt\u0103, care guverneaz\u0103 emo\u021biile \u0219i creativitatea, c\u00e2t \u0219i emisfera cerebral\u0103 st\u00e2ng\u0103, responsabil\u0103 de g\u00e2ndirea logic\u0103.<\/span><\/p>\n<p><strong>Jocurile puzzle \u00ee\u021bi \u00eembun\u0103t\u0103\u021besc aten\u021bia la detalii<\/strong><\/p>\n<p><span style=\"font-weight: 400;\">S\u0103 fii un bun observator \u0219i\u00a0 atent la detalii este o calitate pe care nu to\u021bi o avem. Aceast\u0103 abilitate este deosebit de important\u0103 pentru mul\u021bi speciali\u0219ti: chirurgi, profesori, proiectan\u021bi etc. Vestea bun\u0103 este c\u0103 se poate antrena prin diverse exerci\u021bii. Completarea puzzle-urilor 1000 piese este unul dintre acestea \u0219i te ajut\u0103 s\u0103 \u00ee\u021bi \u0219lefuie\u0219ti aceast\u0103 abilitate.<\/span><\/p>\n<p><span style=\"font-weight: 400;\">Cump\u0103r\u0103 acum acest minunat puzzle 1000 piese \u0219i vei avea la tine \u00een cas\u0103 patru momente minunate din zi \u00eentr-o reprezentare artistic\u0103 de excep\u021bie! Fii tu artistul care \u00eel imit\u0103 pe Alphonse Mucha \u0219i red\u0103 dintr-un puzzle adul\u021bi o imagine superb\u0103. Po\u021bi cump\u0103ra acest joc puzzle pentru tine ca s\u0103 \u00ee\u021bi \u00eenc\u00e2nte privirea sau \u00eel po\u021bi oferi \u00een dar unei persoane dragi, pasionate de puzzle 1000 piese.<\/span><\/p>\n","protected":false},"excerpt":{"rendered":"<p><span style=\"font-weight: 400;\">\u021ai-ar pl\u0103cea s\u0103 admiri minute \u00een \u0219ir tablouri celebre f\u0103r\u0103 a ie\u0219i din confortul casei tale \u0219i f\u0103r\u0103 a sta cu ochii \u00eentr-un ecran?<\/span><\/p>\n","protected":false},"featured_media":63068,"template":"","meta":[],"product_brand":[],"product_cat":[1454,1488,1560],"product_tag":[],"class_list":{"0":"post-16925","1":"product","2":"type-product","3":"status-publish","4":"has-post-thumbnail","6":"product_cat-puzzle","7":"product_cat-puzzle-adulti","8":"product_cat-puzzle-adulti-1000","9":"pa_bax-1273","10":"pa_brand-d_toys","11":"pa_country_of_manufacture-ro","12":"pa_filter_age-1315","13":"pa_painter-alphonsemucha","14":"pa_tip_ambalaj-cutie","15":"pa_tip_puzzle-clasic","17":"first","18":"instock","19":"taxable","20":"shipping-taxable","21":"product-type-simple"},"yoast_head":"<!-- This site is optimized with the Yoast SEO plugin v20.1 - https:\/\/yoast.com\/wordpress\/plugins\/seo\/ -->\n<title>Puzzle adul\u021bi 1000 piese Alphonse Mucha - The Time of the Day\/Orele zilei - Roovi B2B<\/title>\n<meta name=\"robots\" content=\"index, follow, max-snippet:-1, max-image-preview:large, max-video-preview:-1\" \/>\n<link rel=\"canonical\" href=\"https:\/\/www.roovi.ro\/puzzle-adulti-alphonse-mucha-the-time-of-the-dayorele-zilei-1000-piese\/p\/\" \/>\n<meta property=\"og:locale\" content=\"ro_RO\" \/>\n<meta property=\"og:type\" content=\"article\" \/>\n<meta property=\"og:title\" content=\"Puzzle adul\u021bi 1000 piese Alphonse Mucha - The Time of the Day\/Orele zilei - Roovi B2B\" \/>\n<meta property=\"og:description\" content=\"\u021ai-ar pl\u0103cea s\u0103 admiri minute \u00een \u0219ir tablouri celebre f\u0103r\u0103 a ie\u0219i din confortul casei tale \u0219i f\u0103r\u0103 a sta cu ochii \u00eentr-un ecran?\" \/>\n<meta property=\"og:url\" content=\"https:\/\/www.roovi.ro\/puzzle-adulti-alphonse-mucha-the-time-of-the-dayorele-zilei-1000-piese\/p\/\" \/>\n<meta property=\"og:site_name\" content=\"Roovi B2B\" \/>\n<meta property=\"article:publisher\" content=\"https:\/\/www.facebook.com\/wwwjucariero\" \/>\n<meta property=\"article:modified_time\" content=\"2025-03-18T08:55:41+00:00\" \/>\n<meta property=\"og:image\" content=\"https:\/\/business.roovi.com\/wp-content\/uploads\/2018\/04\/66930-MU-08-WEB.jpg\" \/>\n\t<meta property=\"og:image:width\" content=\"1200\" \/>\n\t<meta property=\"og:image:height\" content=\"1200\" \/>\n\t<meta property=\"og:image:type\" content=\"image\/jpeg\" \/>\n<meta name=\"twitter:label1\" content=\"Timp estimat pentru citire\" \/>\n\t<meta name=\"twitter:data1\" content=\"3 minute\" \/>\n<script type=\"application\/ld+json\" class=\"yoast-schema-graph\">{\"@context\":\"https:\/\/schema.org\",\"@graph\":[{\"@type\":\"WebPage\",\"@id\":\"https:\/\/business.roovi.com\/ro\/puzzle-adulti-alphonse-mucha-the-time-of-the-dayorele-zilei-1000-piese\/p\/\",\"url\":\"https:\/\/www.roovi.ro\/puzzle-adulti-alphonse-mucha-the-time-of-the-dayorele-zilei-1000-piese\/p\/\",\"name\":\"Puzzle adul\u021bi 1000 piese Alphonse Mucha - The Time of the Day\/Orele zilei - Roovi B2B\",\"isPartOf\":{\"@id\":\"https:\/\/business.roovi.com\/ro\/#website\"},\"datePublished\":\"2018-04-16T10:56:17+00:00\",\"dateModified\":\"2025-03-18T08:55:41+00:00\",\"breadcrumb\":{\"@id\":\"https:\/\/www.roovi.ro\/puzzle-adulti-alphonse-mucha-the-time-of-the-dayorele-zilei-1000-piese\/p\/#breadcrumb\"},\"inLanguage\":\"ro-RO\",\"potentialAction\":[{\"@type\":\"ReadAction\",\"target\":[\"https:\/\/www.roovi.ro\/puzzle-adulti-alphonse-mucha-the-time-of-the-dayorele-zilei-1000-piese\/p\/\"]}]},{\"@type\":\"BreadcrumbList\",\"@id\":\"https:\/\/www.roovi.ro\/puzzle-adulti-alphonse-mucha-the-time-of-the-dayorele-zilei-1000-piese\/p\/#breadcrumb\",\"itemListElement\":[{\"@type\":\"ListItem\",\"position\":1,\"name\":\"Home\",\"item\":\"https:\/\/business.roovi.com\/ro\/\"},{\"@type\":\"ListItem\",\"position\":2,\"name\":\"Magazin\",\"item\":\"https:\/\/business.roovi.com\/ro\/magazin\/\"},{\"@type\":\"ListItem\",\"position\":3,\"name\":\"Puzzle adul\u021bi 1000 piese Alphonse Mucha &#8211; The Time of the Day\/Orele zilei\"}]},{\"@type\":\"WebSite\",\"@id\":\"https:\/\/business.roovi.com\/ro\/#website\",\"url\":\"https:\/\/business.roovi.com\/ro\/\",\"name\":\"Roovi B2B\",\"description\":\"Roovi Business Website\",\"potentialAction\":[{\"@type\":\"SearchAction\",\"target\":{\"@type\":\"EntryPoint\",\"urlTemplate\":\"https:\/\/business.roovi.com\/ro\/?s={search_term_string}\"},\"query-input\":\"required name=search_term_string\"}],\"inLanguage\":\"ro-RO\"}]}<\/script>\n<!-- \/ Yoast SEO plugin. -->","yoast_head_json":{"title":"Puzzle adul\u021bi 1000 piese Alphonse Mucha - The Time of the Day\/Orele zilei - Roovi B2B","robots":{"index":"index","follow":"follow","max-snippet":"max-snippet:-1","max-image-preview":"max-image-preview:large","max-video-preview":"max-video-preview:-1"},"canonical":"https:\/\/www.roovi.ro\/puzzle-adulti-alphonse-mucha-the-time-of-the-dayorele-zilei-1000-piese\/p\/","og_locale":"ro_RO","og_type":"article","og_title":"Puzzle adul\u021bi 1000 piese Alphonse Mucha - The Time of the Day\/Orele zilei - Roovi B2B","og_description":"\u021ai-ar pl\u0103cea s\u0103 admiri minute \u00een \u0219ir tablouri celebre f\u0103r\u0103 a ie\u0219i din confortul casei tale \u0219i f\u0103r\u0103 a sta cu ochii \u00eentr-un ecran?","og_url":"https:\/\/www.roovi.ro\/puzzle-adulti-alphonse-mucha-the-time-of-the-dayorele-zilei-1000-piese\/p\/","og_site_name":"Roovi B2B","article_publisher":"https:\/\/www.facebook.com\/wwwjucariero","article_modified_time":"2025-03-18T08:55:41+00:00","og_image":[{"width":1200,"height":1200,"url":"https:\/\/business.roovi.com\/wp-content\/uploads\/2018\/04\/66930-MU-08-WEB.jpg","type":"image\/jpeg"}],"twitter_misc":{"Timp estimat pentru citire":"3 minute"},"schema":{"@context":"https:\/\/schema.org","@graph":[{"@type":"WebPage","@id":"https:\/\/business.roovi.com\/ro\/puzzle-adulti-alphonse-mucha-the-time-of-the-dayorele-zilei-1000-piese\/p\/","url":"https:\/\/www.roovi.ro\/puzzle-adulti-alphonse-mucha-the-time-of-the-dayorele-zilei-1000-piese\/p\/","name":"Puzzle adul\u021bi 1000 piese Alphonse Mucha - The Time of the Day\/Orele zilei - Roovi B2B","isPartOf":{"@id":"https:\/\/business.roovi.com\/ro\/#website"},"datePublished":"2018-04-16T10:56:17+00:00","dateModified":"2025-03-18T08:55:41+00:00","breadcrumb":{"@id":"https:\/\/www.roovi.ro\/puzzle-adulti-alphonse-mucha-the-time-of-the-dayorele-zilei-1000-piese\/p\/#breadcrumb"},"inLanguage":"ro-RO","potentialAction":[{"@type":"ReadAction","target":["https:\/\/www.roovi.ro\/puzzle-adulti-alphonse-mucha-the-time-of-the-dayorele-zilei-1000-piese\/p\/"]}]},{"@type":"BreadcrumbList","@id":"https:\/\/www.roovi.ro\/puzzle-adulti-alphonse-mucha-the-time-of-the-dayorele-zilei-1000-piese\/p\/#breadcrumb","itemListElement":[{"@type":"ListItem","position":1,"name":"Home","item":"https:\/\/business.roovi.com\/ro\/"},{"@type":"ListItem","position":2,"name":"Magazin","item":"https:\/\/business.roovi.com\/ro\/magazin\/"},{"@type":"ListItem","position":3,"name":"Puzzle adul\u021bi 1000 piese Alphonse Mucha &#8211; The Time of the Day\/Orele zilei"}]},{"@type":"WebSite","@id":"https:\/\/business.roovi.com\/ro\/#website","url":"https:\/\/business.roovi.com\/ro\/","name":"Roovi B2B","description":"Roovi Business Website","potentialAction":[{"@type":"SearchAction","target":{"@type":"EntryPoint","urlTemplate":"https:\/\/business.roovi.com\/ro\/?s={search_term_string}"},"query-input":"required name=search_term_string"}],"inLanguage":"ro-RO"}]}},"_links":{"self":[{"href":"https:\/\/business.roovi.com\/ro\/wp-json\/wp\/v2\/product\/16925","targetHints":{"allow":["GET"]}}],"collection":[{"href":"https:\/\/business.roovi.com\/ro\/wp-json\/wp\/v2\/product"}],"about":[{"href":"https:\/\/business.roovi.com\/ro\/wp-json\/wp\/v2\/types\/product"}],"version-history":[{"count":0,"href":"https:\/\/business.roovi.com\/ro\/wp-json\/wp\/v2\/product\/16925\/revisions"}],"wp:featuredmedia":[{"embeddable":true,"href":"https:\/\/business.roovi.com\/ro\/wp-json\/wp\/v2\/media\/63068"}],"wp:attachment":[{"href":"https:\/\/business.roovi.com\/ro\/wp-json\/wp\/v2\/media?parent=16925"}],"wp:term":[{"taxonomy":"product_brand","embeddable":true,"href":"https:\/\/business.roovi.com\/ro\/wp-json\/wp\/v2\/product_brand?post=16925"},{"taxonomy":"product_cat","embeddable":true,"href":"https:\/\/business.roovi.com\/ro\/wp-json\/wp\/v2\/product_cat?post=16925"},{"taxonomy":"product_tag","embeddable":true,"href":"https:\/\/business.roovi.com\/ro\/wp-json\/wp\/v2\/product_tag?post=16925"}],"curies":[{"name":"wp","href":"https:\/\/api.w.org\/{rel}","templated":true}]}}