{"id":16970,"date":"2018-04-16T10:56:17","date_gmt":"2018-04-16T10:56:17","guid":{"rendered":"https:\/\/business.roovi.com\/product\/puzzle-vintage-posters-1000-piese-5\/"},"modified":"2023-03-20T21:45:55","modified_gmt":"2023-03-20T21:45:55","slug":"puzzle-adulti-1000-piese-vintage-posters-biscuits-champagne-lefevre-utile","status":"publish","type":"product","link":"https:\/\/business.roovi.com\/ro\/puzzle-adulti-1000-piese-vintage-posters-biscuits-champagne-lefevre-utile\/p\/","title":{"rendered":"Puzzle adul\u021bi 1000 piese Vintage Posters &#8211; Biscuits Champagne Lef\u00e8vre-Utile"},"content":{"rendered":"<p><span style=\"font-weight: 400;\">Descoper\u0103 cea mai mare gam\u0103 de puzzle vintage din Rom\u00e2nia \u0219i creeaz\u0103-\u021bi tablouri superbe, cu personalitate, din puzzle 1000 piese. Reg\u0103se\u0219te \u00een fascinante jocuri puzzle imagini inedite cu afi\u0219e publicitare clasice \u0219i ilustra\u021bii pline de simboluri ale culturii secolului al XIX-lea.<\/span><\/p>\n<p><span style=\"font-weight: 400;\">Arta vintage pare s\u0103 revin\u0103 \u00een for\u021b\u0103 \u0219i este mai actual\u0103 ca niciodat\u0103. Un tablou vintage scoate oric\u00e2nd din anonimat un spa\u021biu neutilizat din cas\u0103.\u00a0<\/span><\/p>\n<p><span style=\"font-weight: 400;\">Puzzle 1000 piese Biscuits Champagne Lef\u00e8vre-Utile este o reproducere a ilustra\u021biei publicitare produse de artistul Alphonse Mucha pentru compania francez\u0103 \u00een anul 1896. Imaginea original\u0103 surprinde \u00een prim plan personaje stilate, semn c\u0103 produsele erau adresate persoanelor din \u00eenalta societate.<\/span><\/p>\n<p><span style=\"font-weight: 400;\">Stilul inconfundabil al lui Alphonse Mucha l-a f\u0103cut s\u0103 se remarce printre arti\u0219tii vremii, astfel c\u0103 a realizat pe parcursul carierei diverse litografii cu mesaj publicitar pentru companii comerciale.<\/span><\/p>\n<p><span style=\"font-weight: 400;\">Imaginea din puzzle 1000 piese Biscuits Champagne Lef\u00e8vre-Utile aminte\u0219te de perioada Art Nouveau, cu elegan\u021ba \u0219i stilul specific \u00een care Mucha a excelat de-a lungul vie\u021bii.\u00a0<\/span><\/p>\n<p><span style=\"font-weight: 400;\">Caracteristici puzzle 1000 piese vintage &#8211; Biscuits Champagne Lef\u00e8vre-Utile:<\/span><\/p>\n<p><strong>Dimensiuni imagine reconstituit\u0103: 50 x 70 cm. <\/strong><span style=\"font-weight: 400;\">Pentru asamblare po\u021bi folosi o m\u0103su\u021b\u0103 standard de cafea.<\/span><\/p>\n<p><strong>Material puzzle:\u00a0<\/strong><\/p>\n<p><strong>carton albastru de o calitate superioar\u0103<\/strong><\/p>\n<p><strong>materiale sustenabile, reciclabile<\/strong><\/p>\n<p><strong>finisaj semi-lucios, culori vii<\/strong><\/p>\n<p><strong>Num\u0103rul pieselor de puzzle: 1000<\/strong><\/p>\n<p><strong>V\u00e2rsta recomandat\u0103: 14+<\/strong><\/p>\n<p><strong>Jocurile puzzle de art\u0103 \u0219i 5 abilit\u0103\u021bi pe care \u021bi le dezvolt\u0103:<\/strong><\/p>\n<ul>\n<li><span style=\"font-weight: 400;\">Sim\u021bul estetic<\/span><\/li>\n<li><span style=\"font-weight: 400;\">Creativitatea<\/span><\/li>\n<li><span style=\"font-weight: 400;\">Aten\u021bia la detalii<\/span><\/li>\n<li><span style=\"font-weight: 400;\">Perseveren\u021ba<\/span><\/li>\n<li><span style=\"font-weight: 400;\">Capacitatea de concentrare.<\/span><\/li>\n<\/ul>\n<p><strong>\u0218tiai c\u0103\u2026?<\/strong><\/p>\n<p><span style=\"font-weight: 400;\">Alfons Maria Mucha a fost un pictor \u0219i decorator ceh, reprezentant de seam\u0103 al curentului Art Nouveau.<\/span><\/p>\n<p><span style=\"font-weight: 400;\">\u00cen timpul vie\u021bii, artistul a \u00eencercat s\u0103 se delimiteze de stilul Art Nouveau, el \u00een\u021beleg\u00e2nd propria art\u0103 ca pe o comunicare a unui mesaj spiritual.<\/span><\/p>\n<p><span style=\"font-weight: 400;\">A fost un na\u021bionalist slav \u00eenr\u0103it. A locuit o vreme la New York \u0219i a \u00eencercat s\u0103 c\u00e2\u0219tige bani pentru a-\u0219i finan\u021ba proiectele na\u021bionaliste.<\/span><\/p>\n<p><span style=\"font-weight: 400;\">A realizat imaginile de pe timbrele po\u0219tale \u0219i bancnotele emise \u00een Cehoslovacia independent\u0103 proclamat\u0103 la finele Primului R\u0103zboi Mondial.<\/span><\/p>\n<p><strong>Puzzle-urile de art\u0103 sunt o modalitate de relaxare \u0219i deconectare<\/strong><\/p>\n<p><span style=\"font-weight: 400;\">Dac\u0103 e\u0219ti \u00een c\u0103utarea unor momente de lini\u0219te \u0219i deta\u0219ate de la problemele cotidiene, puzzle 1000 piese Vintage &#8211; Biscuits Champagne Lef\u00e8vre-Utile vine \u00een \u00eent\u00e2mpinarea ta. Ai asigurate p\u00e2n\u0103 la 30 de ore de distrac\u021bie relaxant\u0103 cu acest joc puzzle magnific.<\/span><\/p>\n<p><span style=\"font-weight: 400;\">Puzzle 1000 piese Biscuits Champagne Lef\u00e8vre-Utile te deconecteaz\u0103 de la ecranele dispozitivelor smart \u0219i te poart\u0103 \u00een lumea artei, plin\u0103 de frumos \u0219i vibra\u021bii \u00eenalte. Las\u0103-te condus pe c\u0103r\u0103rile imagina\u021biei \u0219i descoper\u0103 simbolurile artistice ale sf\u00e2r\u0219itului de secol XIX cu aces minunat joc puzzle.<\/span><\/p>\n<p><span style=\"font-weight: 400;\">Alege puzzle 1000 piese Vintage &#8211; Biscuits Champagne Lef\u00e8vre-Utile pentru a alunga monotonia din zilele \u00een care soarele nu vrea s\u0103 se arate. Po\u021bi completa imaginea din acest puzzle adul\u021bi singur sau \u00eempreun\u0103 cu prietenii. Indiferent de op\u021biunea aleas\u0103, te vei bucura de momente speciale, ce se str\u00e2ng \u00een amintiri de neuitat.<\/span><\/p>\n<p><span style=\"font-weight: 400;\">Descoper\u0103 \u00eentreaga colec\u021bie puzzle adul\u021bi cu ilustra\u021bii Vintage \u0219i creeaz\u0103-\u021bi tablouri unice din jocuri puzzle cu design de excep\u021bie.<\/span><\/p>\n<p>\u00a0<\/p>\n","protected":false},"excerpt":{"rendered":"<p>Descoper\u0103 cea mai mare gam\u0103 de puzzle vintage din Rom\u00e2nia \u0219i creeaz\u0103-\u021bi tablouri superbe, cu personalitate, din puzzle 1000 piese.<\/p>\n","protected":false},"featured_media":16956,"template":"","meta":[],"product_brand":[],"product_cat":[1454,1488,1560],"product_tag":[],"class_list":{"0":"post-16970","1":"product","2":"type-product","3":"status-publish","4":"has-post-thumbnail","6":"product_cat-puzzle","7":"product_cat-puzzle-adulti","8":"product_cat-puzzle-adulti-1000","9":"pa_bax-1273","10":"pa_brand-d_toys","11":"pa_country_of_manufacture-ro","12":"pa_filter_age-1315","13":"pa_painter-vintageposters","14":"pa_tip_ambalaj-cutie","15":"pa_tip_puzzle-clasic","17":"first","18":"instock","19":"taxable","20":"shipping-taxable","21":"product-type-simple"},"yoast_head":"<!-- This site is optimized with the Yoast SEO plugin v20.1 - https:\/\/yoast.com\/wordpress\/plugins\/seo\/ -->\n<title>Puzzle adul\u021bi 1000 piese Vintage Posters - Biscuits Champagne Lef\u00e8vre-Utile - Roovi B2B<\/title>\n<meta name=\"robots\" content=\"index, follow, max-snippet:-1, max-image-preview:large, max-video-preview:-1\" \/>\n<link rel=\"canonical\" href=\"https:\/\/www.roovi.ro\/puzzle-adulti-1000-piese-vintage-posters-biscuits-champagne-lefevre-utile\/p\/\" \/>\n<meta property=\"og:locale\" content=\"ro_RO\" \/>\n<meta property=\"og:type\" content=\"article\" \/>\n<meta property=\"og:title\" content=\"Puzzle adul\u021bi 1000 piese Vintage Posters - Biscuits Champagne Lef\u00e8vre-Utile - Roovi B2B\" \/>\n<meta property=\"og:description\" content=\"Descoper\u0103 cea mai mare gam\u0103 de puzzle vintage din Rom\u00e2nia \u0219i creeaz\u0103-\u021bi tablouri superbe, cu personalitate, din puzzle 1000 piese.\" \/>\n<meta property=\"og:url\" content=\"https:\/\/www.roovi.ro\/puzzle-adulti-1000-piese-vintage-posters-biscuits-champagne-lefevre-utile\/p\/\" \/>\n<meta property=\"og:site_name\" content=\"Roovi B2B\" \/>\n<meta property=\"article:publisher\" content=\"https:\/\/www.facebook.com\/wwwjucariero\" \/>\n<meta property=\"article:modified_time\" content=\"2023-03-20T21:45:55+00:00\" \/>\n<meta property=\"og:image\" content=\"https:\/\/business.roovi.com\/wp-content\/uploads\/2018\/04\/a67555-5_nsamblu_dimensiuni_cutie_cm_vertical_1200x1200.png\" \/>\n\t<meta property=\"og:image:width\" content=\"1200\" \/>\n\t<meta property=\"og:image:height\" content=\"1200\" \/>\n\t<meta property=\"og:image:type\" content=\"image\/png\" \/>\n<meta name=\"twitter:label1\" content=\"Timp estimat pentru citire\" \/>\n\t<meta name=\"twitter:data1\" content=\"3 minute\" \/>\n<script type=\"application\/ld+json\" class=\"yoast-schema-graph\">{\"@context\":\"https:\/\/schema.org\",\"@graph\":[{\"@type\":\"WebPage\",\"@id\":\"https:\/\/business.roovi.com\/ro\/puzzle-adulti-1000-piese-vintage-posters-biscuits-champagne-lefevre-utile\/p\/\",\"url\":\"https:\/\/www.roovi.ro\/puzzle-adulti-1000-piese-vintage-posters-biscuits-champagne-lefevre-utile\/p\/\",\"name\":\"Puzzle adul\u021bi 1000 piese Vintage Posters - Biscuits Champagne Lef\u00e8vre-Utile - Roovi B2B\",\"isPartOf\":{\"@id\":\"https:\/\/business.roovi.com\/ro\/#website\"},\"datePublished\":\"2018-04-16T10:56:17+00:00\",\"dateModified\":\"2023-03-20T21:45:55+00:00\",\"breadcrumb\":{\"@id\":\"https:\/\/www.roovi.ro\/puzzle-adulti-1000-piese-vintage-posters-biscuits-champagne-lefevre-utile\/p\/#breadcrumb\"},\"inLanguage\":\"ro-RO\",\"potentialAction\":[{\"@type\":\"ReadAction\",\"target\":[\"https:\/\/www.roovi.ro\/puzzle-adulti-1000-piese-vintage-posters-biscuits-champagne-lefevre-utile\/p\/\"]}]},{\"@type\":\"BreadcrumbList\",\"@id\":\"https:\/\/www.roovi.ro\/puzzle-adulti-1000-piese-vintage-posters-biscuits-champagne-lefevre-utile\/p\/#breadcrumb\",\"itemListElement\":[{\"@type\":\"ListItem\",\"position\":1,\"name\":\"Home\",\"item\":\"https:\/\/business.roovi.com\/ro\/\"},{\"@type\":\"ListItem\",\"position\":2,\"name\":\"Magazin\",\"item\":\"https:\/\/business.roovi.com\/ro\/magazin\/\"},{\"@type\":\"ListItem\",\"position\":3,\"name\":\"Puzzle adul\u021bi 1000 piese Vintage Posters &#8211; Biscuits Champagne Lef\u00e8vre-Utile\"}]},{\"@type\":\"WebSite\",\"@id\":\"https:\/\/business.roovi.com\/ro\/#website\",\"url\":\"https:\/\/business.roovi.com\/ro\/\",\"name\":\"Roovi B2B\",\"description\":\"Roovi Business Website\",\"potentialAction\":[{\"@type\":\"SearchAction\",\"target\":{\"@type\":\"EntryPoint\",\"urlTemplate\":\"https:\/\/business.roovi.com\/ro\/?s={search_term_string}\"},\"query-input\":\"required name=search_term_string\"}],\"inLanguage\":\"ro-RO\"}]}<\/script>\n<!-- \/ Yoast SEO plugin. -->","yoast_head_json":{"title":"Puzzle adul\u021bi 1000 piese Vintage Posters - Biscuits Champagne Lef\u00e8vre-Utile - Roovi B2B","robots":{"index":"index","follow":"follow","max-snippet":"max-snippet:-1","max-image-preview":"max-image-preview:large","max-video-preview":"max-video-preview:-1"},"canonical":"https:\/\/www.roovi.ro\/puzzle-adulti-1000-piese-vintage-posters-biscuits-champagne-lefevre-utile\/p\/","og_locale":"ro_RO","og_type":"article","og_title":"Puzzle adul\u021bi 1000 piese Vintage Posters - Biscuits Champagne Lef\u00e8vre-Utile - Roovi B2B","og_description":"Descoper\u0103 cea mai mare gam\u0103 de puzzle vintage din Rom\u00e2nia \u0219i creeaz\u0103-\u021bi tablouri superbe, cu personalitate, din puzzle 1000 piese.","og_url":"https:\/\/www.roovi.ro\/puzzle-adulti-1000-piese-vintage-posters-biscuits-champagne-lefevre-utile\/p\/","og_site_name":"Roovi B2B","article_publisher":"https:\/\/www.facebook.com\/wwwjucariero","article_modified_time":"2023-03-20T21:45:55+00:00","og_image":[{"width":1200,"height":1200,"url":"https:\/\/business.roovi.com\/wp-content\/uploads\/2018\/04\/a67555-5_nsamblu_dimensiuni_cutie_cm_vertical_1200x1200.png","type":"image\/png"}],"twitter_misc":{"Timp estimat pentru citire":"3 minute"},"schema":{"@context":"https:\/\/schema.org","@graph":[{"@type":"WebPage","@id":"https:\/\/business.roovi.com\/ro\/puzzle-adulti-1000-piese-vintage-posters-biscuits-champagne-lefevre-utile\/p\/","url":"https:\/\/www.roovi.ro\/puzzle-adulti-1000-piese-vintage-posters-biscuits-champagne-lefevre-utile\/p\/","name":"Puzzle adul\u021bi 1000 piese Vintage Posters - Biscuits Champagne Lef\u00e8vre-Utile - Roovi B2B","isPartOf":{"@id":"https:\/\/business.roovi.com\/ro\/#website"},"datePublished":"2018-04-16T10:56:17+00:00","dateModified":"2023-03-20T21:45:55+00:00","breadcrumb":{"@id":"https:\/\/www.roovi.ro\/puzzle-adulti-1000-piese-vintage-posters-biscuits-champagne-lefevre-utile\/p\/#breadcrumb"},"inLanguage":"ro-RO","potentialAction":[{"@type":"ReadAction","target":["https:\/\/www.roovi.ro\/puzzle-adulti-1000-piese-vintage-posters-biscuits-champagne-lefevre-utile\/p\/"]}]},{"@type":"BreadcrumbList","@id":"https:\/\/www.roovi.ro\/puzzle-adulti-1000-piese-vintage-posters-biscuits-champagne-lefevre-utile\/p\/#breadcrumb","itemListElement":[{"@type":"ListItem","position":1,"name":"Home","item":"https:\/\/business.roovi.com\/ro\/"},{"@type":"ListItem","position":2,"name":"Magazin","item":"https:\/\/business.roovi.com\/ro\/magazin\/"},{"@type":"ListItem","position":3,"name":"Puzzle adul\u021bi 1000 piese Vintage Posters &#8211; Biscuits Champagne Lef\u00e8vre-Utile"}]},{"@type":"WebSite","@id":"https:\/\/business.roovi.com\/ro\/#website","url":"https:\/\/business.roovi.com\/ro\/","name":"Roovi B2B","description":"Roovi Business Website","potentialAction":[{"@type":"SearchAction","target":{"@type":"EntryPoint","urlTemplate":"https:\/\/business.roovi.com\/ro\/?s={search_term_string}"},"query-input":"required name=search_term_string"}],"inLanguage":"ro-RO"}]}},"_links":{"self":[{"href":"https:\/\/business.roovi.com\/ro\/wp-json\/wp\/v2\/product\/16970","targetHints":{"allow":["GET"]}}],"collection":[{"href":"https:\/\/business.roovi.com\/ro\/wp-json\/wp\/v2\/product"}],"about":[{"href":"https:\/\/business.roovi.com\/ro\/wp-json\/wp\/v2\/types\/product"}],"version-history":[{"count":0,"href":"https:\/\/business.roovi.com\/ro\/wp-json\/wp\/v2\/product\/16970\/revisions"}],"wp:featuredmedia":[{"embeddable":true,"href":"https:\/\/business.roovi.com\/ro\/wp-json\/wp\/v2\/media\/16956"}],"wp:attachment":[{"href":"https:\/\/business.roovi.com\/ro\/wp-json\/wp\/v2\/media?parent=16970"}],"wp:term":[{"taxonomy":"product_brand","embeddable":true,"href":"https:\/\/business.roovi.com\/ro\/wp-json\/wp\/v2\/product_brand?post=16970"},{"taxonomy":"product_cat","embeddable":true,"href":"https:\/\/business.roovi.com\/ro\/wp-json\/wp\/v2\/product_cat?post=16970"},{"taxonomy":"product_tag","embeddable":true,"href":"https:\/\/business.roovi.com\/ro\/wp-json\/wp\/v2\/product_tag?post=16970"}],"curies":[{"name":"wp","href":"https:\/\/api.w.org\/{rel}","templated":true}]}}