{"id":17005,"date":"2018-04-16T10:56:17","date_gmt":"2018-04-16T10:56:17","guid":{"rendered":"https:\/\/business.roovi.com\/product\/puzzle-vintage-posters-1000-piese-9\/"},"modified":"2025-03-17T07:34:18","modified_gmt":"2025-03-17T07:34:18","slug":"puzzle-adulti-1000-piese-vintage-posters-le-chat-noir","status":"publish","type":"product","link":"https:\/\/business.roovi.com\/ro\/puzzle-adulti-1000-piese-vintage-posters-le-chat-noir\/p\/","title":{"rendered":"Puzzle adul\u021bi 1000 piese Vintage Posters &#8211; Le Chat Noir"},"content":{"rendered":"<p><span style=\"font-weight: 400;\">Pasionat de jocurile puzzle \u0219i de arta vintage? Avem pentru tine o colec\u021bie unic\u0103 de puzzle 1000 piese cu ilustra\u021bii celebre care au f\u0103cut istorie \u00een lumea artei. Descoper\u0103 \u00eentreaga ofert\u0103 \u0219i creeaz\u0103-\u021bi o colec\u021bie unic\u0103 din puzzle 1000 piese de art\u0103.<\/span><\/p>\n<p><span style=\"font-weight: 400;\">La sf\u00e2r\u0219itul secolului al XIX-lea se deschidea la <\/span><span style=\"font-weight: 400;\">Montmartre<\/span><span style=\"font-weight: 400;\"> Le Chat Noir &#8211; primul cabaret modern din istorie, un local celebru pentru faptul c\u0103 acolo se c\u00e2nta ilegal la pian, dar \u0219i pentru c\u0103 era un pol de \u00eent\u00e2lnire al arti\u0219tilor vremii.<\/span><\/p>\n<p><span style=\"font-weight: 400;\">Puzzle 1000 piese Le Chat Noir \/ Pisica neagr\u0103 din colec\u021bia puzzle vintage red\u0103 imaginea ilustra\u021biei omonime realizat\u0103 de graficianul francez <\/span><span style=\"font-weight: 400;\">Th\u00e9ophile Steinlen. Localul a devenit at\u00e2t de faimos \u0219i datorit\u0103 revistei cu acela\u0219i nume care l-a promovat intens.\u00a0<\/span><\/p>\n<p><span style=\"font-weight: 400;\">Cabaretul Le Chat Noir simboliza valorile sf\u00e2r\u0219itului de secol XIX \u0219i reunea oameni faimo\u0219i, precum \u0219i c\u0103l\u0103tori din lumea \u00eentreag\u0103. Dac\u0103 apreciezi valorile trecutului \u0219i \u00ee\u021bi dore\u0219ti s\u0103 fii posesorul unui exemplar inedit cu ilustra\u021bia lui Steinlen, puzzle 1000 piese Le Chat Noir este ocazia perfect\u0103.<\/span><\/p>\n<p><span style=\"font-weight: 400;\">Descoper\u0103 \u00eentr-un joc puzzle de o calitate impecabil\u0103 detaliile uimitoare ale operei artistului francez. Acord\u0103-\u021bi momente de relaxare \u0219i las\u0103-te purtat \u00een farmecul artistic al secolului al XIX-lea.<\/span><\/p>\n<p><span style=\"font-weight: 400;\">Caracteristici puzzle 1000 piese Vintage &#8211; Le Chat Noir:<\/span><\/p>\n<p><strong>Dimensiuni imagine reconstituit\u0103: 50 x 70 cm.<\/strong><\/p>\n<p><strong>Material puzzle:\u00a0<\/strong><\/p>\n<p><strong>carton albastru de o calitate superioar\u0103<\/strong><\/p>\n<p><strong>materiale sustenabile, reciclabile<\/strong><\/p>\n<p><strong>finisaj semi-lucios, culori vii<\/strong><\/p>\n<p><strong>Num\u0103rul pieselor de puzzle: 1000<\/strong><\/p>\n<p><strong>V\u00e2rsta recomandat\u0103: 14+<\/strong><\/p>\n<p><strong>De ce s\u0103 alegi un puzzle de art\u0103 vintage?<\/strong><\/p>\n<p><span style=\"font-weight: 400;\">Ai ocazia s\u0103 creezi chiar tu un tablou inedit, marc\u0103 a stilului vintage de sf\u00e2r\u0219it de secol XIX.<\/span><\/p>\n<p><span style=\"font-weight: 400;\">Odat\u0103 ce tablou e finalizat, po\u021bi admira \u00een tihn\u0103 fiecare detaliu al celebrei ilustra\u021bii Le Chat Noir.<\/span><\/p>\n<p><span style=\"font-weight: 400;\">Este un moment de relaxare \u0219i deta\u0219are de la rutina cotidian\u0103.<\/span><\/p>\n<p><span style=\"font-weight: 400;\">Ai prilejul s\u0103 \u00ee\u021bi la\u0219i imagina\u021bia s\u0103 creeze un scenariu mental \u00een care po\u021bi fi unul dintre oaspe\u021bii celebrului cabaret.<\/span><\/p>\n<p><span style=\"font-weight: 400;\">Este o bun\u0103 oportunitate s\u0103 \u00ee\u021bi dezvol\u021bi sim\u021bul estetic \u0219i s\u0103 \u00een\u021belegi simbolurile artistice ale vremurilor trecute.<\/span><\/p>\n<p><strong>\u0218tiai c\u0103\u2026?\u00a0<\/strong><\/p>\n<p><span style=\"font-weight: 400;\">Le Chat Noir a fost \u00eenfiin\u021bat de Rodolphe Salis \u00eempreun\u0103 cu un grup de scriitori progresi\u0219ti, ca reac\u021bie la cafenelele-concert populiste \u0219i cenzurate din secolul al XIX-lea.<\/span><\/p>\n<p><span style=\"font-weight: 400;\">Intrarea \u00een cabaret era mai scump\u0103 dec\u00e2t la alte localuri din perioada aceea, dar oferea spectacole cu ton intelectual \u0219i provocator.<\/span><\/p>\n<p><span style=\"font-weight: 400;\">Numele localului provine de la o pisic\u0103 neagr\u0103 pe care Salis a g\u0103sit-o \u00een apropiere \u00een timpul lucr\u0103rilor.<\/span><\/p>\n<p><span style=\"font-weight: 400;\">Afi\u0219ul lui Steinlen a fost creat ca reclam\u0103 la spectacolele pe care le g\u0103zduia cabaretul \u0219i a devenit rapid un simbol al tip\u0103riturilor \u0219i al divertismentului de sf\u00e2r\u0219it de secol XIX.<\/span><\/p>\n<p><strong>Puzzle 1000 piese Vintage &#8211; Pisica neagr\u0103 prilej de relaxare al\u0103turi de cei dragi<\/strong><\/p>\n<p><span style=\"font-weight: 400;\">Dac\u0103 vrei s\u0103 alungi monotonia din familie, ia \u00een calcul alc\u0103tuirea acestui puzzle adul\u021bi inedit. Poate fi un moment oportun pentru a le vorbi adolescen\u021bilor din familia ta despre arta \u0219i cultura secolului al XIX-lea.\u00a0<\/span><\/p>\n<p><span style=\"font-weight: 400;\">Ce poate fi mai fascinant pentru genera\u021biile tinere conectate la lumea digital\u0103 de ast\u0103zi dec\u00e2t o sesiune despre modul \u00een care era perceput\u0103 \u0219i tr\u0103it\u0103 distrac\u021bia \u00een urm\u0103 cu dou\u0103 secole?<\/span><\/p>\n<p><span style=\"font-weight: 400;\">Puzzle 1000 piese Le Chat Noir te ajut\u0103 s\u0103 \u00eei deconectezi pe copii de la ecrane \u0219i s\u0103 porni\u021bi \u00eempreun\u0103 \u00eentr-o c\u0103l\u0103torie imaginar\u0103, \u00eenapoi \u00een timp, \u00eentr-o lume \u00een care oamenii apreciau spectacolele de calitate, c\u0103r\u021bile \u0219i arta.<\/span><\/p>\n<p><span style=\"font-weight: 400;\">Alege puzzle 1000 piese Vintage &#8211; Pisica neagr\u0103 pentru a tr\u0103i momente unice al\u0103turi de cei dragi sau pentru a-\u021bi crea un tablou de art\u0103 memorabil. De asemenea, dac\u0103 ai prieteni pasiona\u021bi de tablourile de art\u0103, acest puzzle adul\u021bi cu design de excep\u021bie poate fi un cadou demn de luat \u00een calcul.<\/span><\/p>\n","protected":false},"excerpt":{"rendered":"<p>Pasionat de jocurile puzzle \u0219i de arta vintage? Avem pentru tine o colec\u021bie unic\u0103 de puzzle 1000 piese cu ilustra\u021bii<\/p>\n","protected":false},"featured_media":16991,"template":"","meta":[],"product_brand":[],"product_cat":[1454,1488,1560],"product_tag":[],"class_list":{"0":"post-17005","1":"product","2":"type-product","3":"status-publish","4":"has-post-thumbnail","6":"product_cat-puzzle","7":"product_cat-puzzle-adulti","8":"product_cat-puzzle-adulti-1000","9":"pa_bax-1273","10":"pa_brand-d_toys","11":"pa_country_of_manufacture-ro","12":"pa_filter_age-1315","13":"pa_painter-vintageposters","14":"pa_tip_ambalaj-cutie","15":"pa_tip_puzzle-clasic","17":"first","18":"instock","19":"taxable","20":"shipping-taxable","21":"product-type-simple"},"yoast_head":"<!-- This site is optimized with the Yoast SEO plugin v20.1 - https:\/\/yoast.com\/wordpress\/plugins\/seo\/ -->\n<title>Puzzle adul\u021bi 1000 piese Vintage Posters - Le Chat Noir - Roovi B2B<\/title>\n<meta name=\"robots\" content=\"index, follow, max-snippet:-1, max-image-preview:large, max-video-preview:-1\" \/>\n<link rel=\"canonical\" href=\"https:\/\/www.roovi.ro\/puzzle-adulti-1000-piese-vintage-posters-le-chat-noir\/p\/\" \/>\n<meta property=\"og:locale\" content=\"ro_RO\" \/>\n<meta property=\"og:type\" content=\"article\" \/>\n<meta property=\"og:title\" content=\"Puzzle adul\u021bi 1000 piese Vintage Posters - Le Chat Noir - Roovi B2B\" \/>\n<meta property=\"og:description\" content=\"Pasionat de jocurile puzzle \u0219i de arta vintage? Avem pentru tine o colec\u021bie unic\u0103 de puzzle 1000 piese cu ilustra\u021bii\" \/>\n<meta property=\"og:url\" content=\"https:\/\/www.roovi.ro\/puzzle-adulti-1000-piese-vintage-posters-le-chat-noir\/p\/\" \/>\n<meta property=\"og:site_name\" content=\"Roovi B2B\" \/>\n<meta property=\"article:publisher\" content=\"https:\/\/www.facebook.com\/wwwjucariero\" \/>\n<meta property=\"article:modified_time\" content=\"2025-03-17T07:34:18+00:00\" \/>\n<meta property=\"og:image\" content=\"https:\/\/business.roovi.com\/wp-content\/uploads\/2018\/04\/67555-9_ansamblu_dimensiuni_cutie_cm_vertical_1200x1200.png\" \/>\n\t<meta property=\"og:image:width\" content=\"1200\" \/>\n\t<meta property=\"og:image:height\" content=\"1200\" \/>\n\t<meta property=\"og:image:type\" content=\"image\/png\" \/>\n<meta name=\"twitter:label1\" content=\"Timp estimat pentru citire\" \/>\n\t<meta name=\"twitter:data1\" content=\"3 minute\" \/>\n<script type=\"application\/ld+json\" class=\"yoast-schema-graph\">{\"@context\":\"https:\/\/schema.org\",\"@graph\":[{\"@type\":\"WebPage\",\"@id\":\"https:\/\/business.roovi.com\/ro\/puzzle-adulti-1000-piese-vintage-posters-le-chat-noir\/p\/\",\"url\":\"https:\/\/www.roovi.ro\/puzzle-adulti-1000-piese-vintage-posters-le-chat-noir\/p\/\",\"name\":\"Puzzle adul\u021bi 1000 piese Vintage Posters - Le Chat Noir - Roovi B2B\",\"isPartOf\":{\"@id\":\"https:\/\/business.roovi.com\/ro\/#website\"},\"datePublished\":\"2018-04-16T10:56:17+00:00\",\"dateModified\":\"2025-03-17T07:34:18+00:00\",\"breadcrumb\":{\"@id\":\"https:\/\/www.roovi.ro\/puzzle-adulti-1000-piese-vintage-posters-le-chat-noir\/p\/#breadcrumb\"},\"inLanguage\":\"ro-RO\",\"potentialAction\":[{\"@type\":\"ReadAction\",\"target\":[\"https:\/\/www.roovi.ro\/puzzle-adulti-1000-piese-vintage-posters-le-chat-noir\/p\/\"]}]},{\"@type\":\"BreadcrumbList\",\"@id\":\"https:\/\/www.roovi.ro\/puzzle-adulti-1000-piese-vintage-posters-le-chat-noir\/p\/#breadcrumb\",\"itemListElement\":[{\"@type\":\"ListItem\",\"position\":1,\"name\":\"Home\",\"item\":\"https:\/\/business.roovi.com\/ro\/\"},{\"@type\":\"ListItem\",\"position\":2,\"name\":\"Magazin\",\"item\":\"https:\/\/business.roovi.com\/ro\/magazin\/\"},{\"@type\":\"ListItem\",\"position\":3,\"name\":\"Puzzle adul\u021bi 1000 piese Vintage Posters &#8211; Le Chat Noir\"}]},{\"@type\":\"WebSite\",\"@id\":\"https:\/\/business.roovi.com\/ro\/#website\",\"url\":\"https:\/\/business.roovi.com\/ro\/\",\"name\":\"Roovi B2B\",\"description\":\"Roovi Business Website\",\"potentialAction\":[{\"@type\":\"SearchAction\",\"target\":{\"@type\":\"EntryPoint\",\"urlTemplate\":\"https:\/\/business.roovi.com\/ro\/?s={search_term_string}\"},\"query-input\":\"required name=search_term_string\"}],\"inLanguage\":\"ro-RO\"}]}<\/script>\n<!-- \/ Yoast SEO plugin. -->","yoast_head_json":{"title":"Puzzle adul\u021bi 1000 piese Vintage Posters - Le Chat Noir - Roovi B2B","robots":{"index":"index","follow":"follow","max-snippet":"max-snippet:-1","max-image-preview":"max-image-preview:large","max-video-preview":"max-video-preview:-1"},"canonical":"https:\/\/www.roovi.ro\/puzzle-adulti-1000-piese-vintage-posters-le-chat-noir\/p\/","og_locale":"ro_RO","og_type":"article","og_title":"Puzzle adul\u021bi 1000 piese Vintage Posters - Le Chat Noir - Roovi B2B","og_description":"Pasionat de jocurile puzzle \u0219i de arta vintage? Avem pentru tine o colec\u021bie unic\u0103 de puzzle 1000 piese cu ilustra\u021bii","og_url":"https:\/\/www.roovi.ro\/puzzle-adulti-1000-piese-vintage-posters-le-chat-noir\/p\/","og_site_name":"Roovi B2B","article_publisher":"https:\/\/www.facebook.com\/wwwjucariero","article_modified_time":"2025-03-17T07:34:18+00:00","og_image":[{"width":1200,"height":1200,"url":"https:\/\/business.roovi.com\/wp-content\/uploads\/2018\/04\/67555-9_ansamblu_dimensiuni_cutie_cm_vertical_1200x1200.png","type":"image\/png"}],"twitter_misc":{"Timp estimat pentru citire":"3 minute"},"schema":{"@context":"https:\/\/schema.org","@graph":[{"@type":"WebPage","@id":"https:\/\/business.roovi.com\/ro\/puzzle-adulti-1000-piese-vintage-posters-le-chat-noir\/p\/","url":"https:\/\/www.roovi.ro\/puzzle-adulti-1000-piese-vintage-posters-le-chat-noir\/p\/","name":"Puzzle adul\u021bi 1000 piese Vintage Posters - Le Chat Noir - Roovi B2B","isPartOf":{"@id":"https:\/\/business.roovi.com\/ro\/#website"},"datePublished":"2018-04-16T10:56:17+00:00","dateModified":"2025-03-17T07:34:18+00:00","breadcrumb":{"@id":"https:\/\/www.roovi.ro\/puzzle-adulti-1000-piese-vintage-posters-le-chat-noir\/p\/#breadcrumb"},"inLanguage":"ro-RO","potentialAction":[{"@type":"ReadAction","target":["https:\/\/www.roovi.ro\/puzzle-adulti-1000-piese-vintage-posters-le-chat-noir\/p\/"]}]},{"@type":"BreadcrumbList","@id":"https:\/\/www.roovi.ro\/puzzle-adulti-1000-piese-vintage-posters-le-chat-noir\/p\/#breadcrumb","itemListElement":[{"@type":"ListItem","position":1,"name":"Home","item":"https:\/\/business.roovi.com\/ro\/"},{"@type":"ListItem","position":2,"name":"Magazin","item":"https:\/\/business.roovi.com\/ro\/magazin\/"},{"@type":"ListItem","position":3,"name":"Puzzle adul\u021bi 1000 piese Vintage Posters &#8211; Le Chat Noir"}]},{"@type":"WebSite","@id":"https:\/\/business.roovi.com\/ro\/#website","url":"https:\/\/business.roovi.com\/ro\/","name":"Roovi B2B","description":"Roovi Business Website","potentialAction":[{"@type":"SearchAction","target":{"@type":"EntryPoint","urlTemplate":"https:\/\/business.roovi.com\/ro\/?s={search_term_string}"},"query-input":"required name=search_term_string"}],"inLanguage":"ro-RO"}]}},"_links":{"self":[{"href":"https:\/\/business.roovi.com\/ro\/wp-json\/wp\/v2\/product\/17005","targetHints":{"allow":["GET"]}}],"collection":[{"href":"https:\/\/business.roovi.com\/ro\/wp-json\/wp\/v2\/product"}],"about":[{"href":"https:\/\/business.roovi.com\/ro\/wp-json\/wp\/v2\/types\/product"}],"version-history":[{"count":0,"href":"https:\/\/business.roovi.com\/ro\/wp-json\/wp\/v2\/product\/17005\/revisions"}],"wp:featuredmedia":[{"embeddable":true,"href":"https:\/\/business.roovi.com\/ro\/wp-json\/wp\/v2\/media\/16991"}],"wp:attachment":[{"href":"https:\/\/business.roovi.com\/ro\/wp-json\/wp\/v2\/media?parent=17005"}],"wp:term":[{"taxonomy":"product_brand","embeddable":true,"href":"https:\/\/business.roovi.com\/ro\/wp-json\/wp\/v2\/product_brand?post=17005"},{"taxonomy":"product_cat","embeddable":true,"href":"https:\/\/business.roovi.com\/ro\/wp-json\/wp\/v2\/product_cat?post=17005"},{"taxonomy":"product_tag","embeddable":true,"href":"https:\/\/business.roovi.com\/ro\/wp-json\/wp\/v2\/product_tag?post=17005"}],"curies":[{"name":"wp","href":"https:\/\/api.w.org\/{rel}","templated":true}]}}