{"id":17035,"date":"2018-04-16T10:56:17","date_gmt":"2018-04-16T10:56:17","guid":{"rendered":"https:\/\/business.roovi.com\/product\/puzzle-hans-andersen-brendekilde-spring-1000-piese\/"},"modified":"2025-03-17T10:24:13","modified_gmt":"2025-03-17T10:24:13","slug":"puzzle-adulti-1000-piese-hans-andersen-brendekilde-spring-a-young-couple-in-a-rowing-boat-on-odense","status":"publish","type":"product","link":"https:\/\/business.roovi.com\/ro\/puzzle-adulti-1000-piese-hans-andersen-brendekilde-spring-a-young-couple-in-a-rowing-boat-on-odense\/p\/","title":{"rendered":"Puzzle Hans Andersen Brendekilde &#8211; Spring. A Young Couple in a Rowing Boat on Odense &#8211; Puzzle adul\u021bi 1000 piese"},"content":{"rendered":"<p><span style=\"font-weight: 400;\">Descoper\u0103 cei mai \u00eenzestra\u021bi pictori ai tuturor timpurilor prin puzzle-uri de art\u0103! F\u0103 cuno\u0219tin\u021b\u0103 cu Leonardo da Vinci, Vincent van Gogh \u0219i mul\u021bi al\u021bii asambl\u00e2nd imagini cu faimoasele lor picturi. \u00cenr\u0103meaz\u0103 tablourile din puzzle 1000 piese \u0219i creeaz\u0103-\u021bi o colec\u021bie de art\u0103 fabuloas\u0103.\u00a0<\/span><\/p>\n<p><span style=\"font-weight: 400;\">Hans Andersen Brendekilde este unul dintre cei mai renumi\u021bi pictori danezi. Lucr\u0103rile lui naturaliste sunt apreciate pentru tehnica de pictur\u0103 des\u0103v\u00e2r\u0219it\u0103 \u0219i pentru emo\u021bia pe care o transmit. \u00cen puzzle 1000 piese Hans Andersen Brendekilde &#8211; Spring. A Young Couple in a Rowing Boat on Odense vei descoperi imaginea unei lumi rurale lini\u0219tite care \u00ee\u021bi transmite o stare de calm \u0219i de relaxare.\u00a0<\/span><\/p>\n<p><span style=\"font-weight: 400;\">Un cuplu de tineri se bucur\u0103 de o zi \u00eensorit\u0103 de prim\u0103var\u0103, plimb\u00e2ndu-se cu barca\u00a0 pe un r\u00e2u lini\u0219tit de l\u00e2ng\u0103 Odense. O pictur\u0103 \u00een culori vii pe care care o vei crea cu m\u00e2inile tale. A\u0219az\u0103-te confortabil \u0219i fii maestrul care creeaz\u0103 o oper\u0103 de art\u0103 dintr-un puzzle de 1000 piese.\u00a0<\/span><\/p>\n<p><span style=\"font-weight: 400;\">Puzzle de art\u0103 Hans Andersen Brendekilde &#8211; Spring. A Young Couple in a Rowing Boat on Odense este produs din materiale de calitate excep\u021bional\u0103 care \u00eei confer\u0103 rezisten\u021b\u0103 la asambl\u0103ri multiple. Astfel, tabloul rezultat este de fiecare dat\u0103 impecabil.<\/span><\/p>\n<p><span style=\"font-weight: 400;\">Caracteristici ale puzzle-ului de art\u0103 Hans Andersen Brendekilde &#8211; Spring. A Young Couple in a Rowing Boat on Odense<\/span><\/p>\n<p><strong>Dimensiuni imagine refacut\u0103: 50 x 70 cm &#8211;<\/strong><span style=\"font-weight: 400;\"> pentru asamblare po\u021bi utiliza o m\u0103su\u021b\u0103 obi\u0219nuit\u0103 de cafea.<\/span><\/p>\n<p><strong>Material puzzle:\u00a0<\/strong><\/p>\n<p><strong>carton albastru de o calitate superioar\u0103<\/strong><\/p>\n<p><strong>materiale sustenabile, reciclabile<\/strong><\/p>\n<p><strong>finisaj semi-lucios, culori vii<\/strong><\/p>\n<p><strong>Num\u0103rul pieselor de puzzle: 1000<\/strong><\/p>\n<p><strong>V\u00e2rsta recomandat\u0103: 14+<\/strong><\/p>\n<p><strong>Puzzle-urile pentru adul\u021bi \u0219i aptitudinile pe care \u021bi le dezvolt\u0103<\/strong><\/p>\n<p><strong>Perseveren\u021ba. <\/strong><span style=\"font-weight: 400;\">Pare imposibil uneori s\u0103 g\u0103se\u0219ti locul fiec\u0103rei piese din puzzle 1000. Dar e\u0219ti determinat s\u0103 duci munca p\u00e2n\u0103 la cap\u0103t \u0219i reu\u0219e\u0219ti s\u0103 completezi imaginea dac\u0103 asta \u021bi-ai propus cu adev\u0103rat. Acest exerci\u021biu de perseveren\u021b\u0103 va rezulta \u00een experien\u021be de succes \u0219i \u00een alte aspecte ale vie\u021bii tale.<\/span><\/p>\n<p><strong>Memoria. <\/strong><span style=\"font-weight: 400;\">\u00cen rezolvarea fiec\u0103rui puzzle \u00ee\u021bi antrenezi memoria prin re\u021binerea formelor, a culorilor \u0219i a locurilor \u00een care se potrivesc piesele puzzle. Acest exerci\u021biu te ajut\u0103 s\u0103-\u021bi \u00eembun\u0103t\u0103\u021be\u0219ti memoria de termen scurt.<\/span><\/p>\n<p><strong>Munca \u00een echip\u0103 \u0219i abilit\u0103\u021bile de socializare. <\/strong><span style=\"font-weight: 400;\">Asambleaz\u0103 puzzle-uri de 1000 piese \u00eempreun\u0103 cu copiii. Este o bun\u0103 oportunitate s\u0103 \u00eei \u00eenve\u021bi s\u0103 lucreze \u00een echip\u0103 \u0219i s\u0103-\u021bi dezvolte abilit\u0103\u021bile de socializare. Te po\u021bi bucura \u0219i tu de aceste avantaje \u0219i ve\u021bi crea o leg\u0103tur\u0103 mai str\u00e2ns\u0103 \u00eentre voi.<\/span><\/p>\n<p><strong>Curiozit\u0103\u021bi despre pictorul Hans Andersen Brendekilde<\/strong><\/p>\n<ul>\n<li><span style=\"font-weight: 400;\">A fost rud\u0103 \u00eendep\u0103rtat\u0103 cu Hans Christian Andersen.<\/span><\/li>\n<li><span style=\"font-weight: 400;\">Este unul dintre pu\u021binii pictori impresioni\u0219ti din Danemarca.<\/span><\/li>\n<li><span style=\"font-weight: 400;\">Provenea dintr-o familie s\u0103rac\u0103, iar \u00een copil\u0103rie \u00ee\u0219i c\u00e2\u0219tiga existen\u021ba lucr\u00e2nd ca cioban.<\/span><\/li>\n<li><span style=\"font-weight: 400;\">\u00cen copil\u0103rie obi\u0219nuia s\u0103 sculpteze animale \u00een lemn.<\/span><\/li>\n<li><span style=\"font-weight: 400;\">\u00cen picturile sale, a reprezentat\u00a0 oamenii s\u0103raci \u0219i a descris via\u021ba rural\u0103 grea din Danemarca.<\/span><\/li>\n<li><span style=\"font-weight: 400;\">A proiectat \u0219i realizat rame integrate \u00een jurul tablourilor sale, ramele fiind parte din tablouri \u0219i din povestea lor.\u00a0<\/span><\/li>\n<\/ul>\n<p><strong>Jocurile puzzle te men\u021bin t\u00e2n\u0103r \u0219i s\u0103n\u0103tos<\/strong><\/p>\n<p><span style=\"font-weight: 400;\">\u0218tiai c\u0103 jocul \u00eencetine\u0219te procesul de \u00eemb\u0103tr\u00e2nire? Puzzle-urile pentru adul\u021bi sunt tot un tip de joc. Printre toate beneficiile pe care \u021bi le ofer\u0103 activitatea de asamblare, se afl\u0103 \u0219i cel referitor la \u00eencetinirea procesului de \u00eemb\u0103tr\u00e2nire. Mai exact, jocurile puzzle favorizeaz\u0103 \u00eencetinirea deterior\u0103rii celulelor la nivel cerebral. A\u0219adar, \u00ee\u021bi men\u021bin creierul s\u0103n\u0103tos \u0219i t\u00e2n\u0103r \u0219i \u00ee\u021bi dau por\u021bia zilnic\u0103 de energie \u0219i vitalitate.<\/span><\/p>\n<p><span style=\"font-weight: 400;\">Cump\u0103r\u0103 acum puzzle 1000 piese Hans Andersen Brendekilde &#8211; Spring. A Young Couple in a Rowing Boat on Odense \u0219i ref\u0103 tabloul de art\u0103 \u00eempreun\u0103 cu familia sau cu prietenii. Petrece\u021bi timpul liber \u00een mod creativ \u0219i bucura\u021bi-v\u0103 de un obiect decorativ realizat din puzzle 1000 piese.<\/span><\/p>\n<p><span style=\"font-weight: 400;\">Puzzle de\u00a0 1000 piese Hans Andersen Brendekilde &#8211; Spring. A Young Couple in a Rowing Boat on Odense din colec\u021bia puzzle de art\u0103 este un cadou perfect pentru pasiona\u021bii de puzzle sau de opere de art\u0103.<\/span><\/p>\n","protected":false},"excerpt":{"rendered":"<p>Descoper\u0103 cei mai \u00eenzestra\u021bi pictori ai tuturor timpurilor prin puzzle-uri de art\u0103! F\u0103 cuno\u0219tin\u021b\u0103 cu Leonardo da Vinci, Vincent van<\/p>\n","protected":false},"featured_media":63445,"template":"","meta":[],"product_brand":[],"product_cat":[1454,1488,1560],"product_tag":[],"class_list":{"0":"post-17035","1":"product","2":"type-product","3":"status-publish","4":"has-post-thumbnail","6":"product_cat-puzzle","7":"product_cat-puzzle-adulti","8":"product_cat-puzzle-adulti-1000","9":"pa_bax-1273","10":"pa_brand-d_toys","11":"pa_country_of_manufacture-ro","12":"pa_filter_age-1315","13":"pa_painter-hansandersenbrendekilde","14":"pa_tip_ambalaj-cutie","15":"pa_tip_puzzle-clasic","17":"first","18":"instock","19":"taxable","20":"shipping-taxable","21":"product-type-simple"},"yoast_head":"<!-- This site is optimized with the Yoast SEO plugin v20.1 - https:\/\/yoast.com\/wordpress\/plugins\/seo\/ -->\n<title>Puzzle Hans Andersen Brendekilde - Spring. A Young Couple in a Rowing Boat on Odense - Puzzle adul\u021bi 1000 piese - Roovi B2B<\/title>\n<meta name=\"robots\" content=\"index, follow, max-snippet:-1, max-image-preview:large, max-video-preview:-1\" \/>\n<link rel=\"canonical\" href=\"https:\/\/www.roovi.ro\/puzzle-adulti-1000-piese-hans-andersen-brendekilde-spring-a-young-couple-in-a-rowing-boat-on-odense\/p\/\" \/>\n<meta property=\"og:locale\" content=\"ro_RO\" \/>\n<meta property=\"og:type\" content=\"article\" \/>\n<meta property=\"og:title\" content=\"Puzzle Hans Andersen Brendekilde - Spring. A Young Couple in a Rowing Boat on Odense - Puzzle adul\u021bi 1000 piese - Roovi B2B\" \/>\n<meta property=\"og:description\" content=\"Descoper\u0103 cei mai \u00eenzestra\u021bi pictori ai tuturor timpurilor prin puzzle-uri de art\u0103! F\u0103 cuno\u0219tin\u021b\u0103 cu Leonardo da Vinci, Vincent van\" \/>\n<meta property=\"og:url\" content=\"https:\/\/www.roovi.ro\/puzzle-adulti-1000-piese-hans-andersen-brendekilde-spring-a-young-couple-in-a-rowing-boat-on-odense\/p\/\" \/>\n<meta property=\"og:site_name\" content=\"Roovi B2B\" \/>\n<meta property=\"article:publisher\" content=\"https:\/\/www.facebook.com\/wwwjucariero\" \/>\n<meta property=\"article:modified_time\" content=\"2025-03-17T10:24:13+00:00\" \/>\n<meta property=\"og:image\" content=\"https:\/\/business.roovi.com\/wp-content\/uploads\/2018\/04\/72795-BR-01-WEB.jpg\" \/>\n\t<meta property=\"og:image:width\" content=\"1200\" \/>\n\t<meta property=\"og:image:height\" content=\"1200\" \/>\n\t<meta property=\"og:image:type\" content=\"image\/jpeg\" \/>\n<meta name=\"twitter:label1\" content=\"Timp estimat pentru citire\" \/>\n\t<meta name=\"twitter:data1\" content=\"3 minute\" \/>\n<script type=\"application\/ld+json\" class=\"yoast-schema-graph\">{\"@context\":\"https:\/\/schema.org\",\"@graph\":[{\"@type\":\"WebPage\",\"@id\":\"https:\/\/business.roovi.com\/ro\/puzzle-adulti-1000-piese-hans-andersen-brendekilde-spring-a-young-couple-in-a-rowing-boat-on-odense\/p\/\",\"url\":\"https:\/\/www.roovi.ro\/puzzle-adulti-1000-piese-hans-andersen-brendekilde-spring-a-young-couple-in-a-rowing-boat-on-odense\/p\/\",\"name\":\"Puzzle Hans Andersen Brendekilde - Spring. A Young Couple in a Rowing Boat on Odense - Puzzle adul\u021bi 1000 piese - Roovi B2B\",\"isPartOf\":{\"@id\":\"https:\/\/business.roovi.com\/ro\/#website\"},\"datePublished\":\"2018-04-16T10:56:17+00:00\",\"dateModified\":\"2025-03-17T10:24:13+00:00\",\"breadcrumb\":{\"@id\":\"https:\/\/www.roovi.ro\/puzzle-adulti-1000-piese-hans-andersen-brendekilde-spring-a-young-couple-in-a-rowing-boat-on-odense\/p\/#breadcrumb\"},\"inLanguage\":\"ro-RO\",\"potentialAction\":[{\"@type\":\"ReadAction\",\"target\":[\"https:\/\/www.roovi.ro\/puzzle-adulti-1000-piese-hans-andersen-brendekilde-spring-a-young-couple-in-a-rowing-boat-on-odense\/p\/\"]}]},{\"@type\":\"BreadcrumbList\",\"@id\":\"https:\/\/www.roovi.ro\/puzzle-adulti-1000-piese-hans-andersen-brendekilde-spring-a-young-couple-in-a-rowing-boat-on-odense\/p\/#breadcrumb\",\"itemListElement\":[{\"@type\":\"ListItem\",\"position\":1,\"name\":\"Home\",\"item\":\"https:\/\/business.roovi.com\/ro\/\"},{\"@type\":\"ListItem\",\"position\":2,\"name\":\"Magazin\",\"item\":\"https:\/\/business.roovi.com\/ro\/magazin\/\"},{\"@type\":\"ListItem\",\"position\":3,\"name\":\"Puzzle Hans Andersen Brendekilde &#8211; Spring. A Young Couple in a Rowing Boat on Odense &#8211; Puzzle adul\u021bi 1000 piese\"}]},{\"@type\":\"WebSite\",\"@id\":\"https:\/\/business.roovi.com\/ro\/#website\",\"url\":\"https:\/\/business.roovi.com\/ro\/\",\"name\":\"Roovi B2B\",\"description\":\"Roovi Business Website\",\"potentialAction\":[{\"@type\":\"SearchAction\",\"target\":{\"@type\":\"EntryPoint\",\"urlTemplate\":\"https:\/\/business.roovi.com\/ro\/?s={search_term_string}\"},\"query-input\":\"required name=search_term_string\"}],\"inLanguage\":\"ro-RO\"}]}<\/script>\n<!-- \/ Yoast SEO plugin. -->","yoast_head_json":{"title":"Puzzle Hans Andersen Brendekilde - Spring. A Young Couple in a Rowing Boat on Odense - Puzzle adul\u021bi 1000 piese - Roovi B2B","robots":{"index":"index","follow":"follow","max-snippet":"max-snippet:-1","max-image-preview":"max-image-preview:large","max-video-preview":"max-video-preview:-1"},"canonical":"https:\/\/www.roovi.ro\/puzzle-adulti-1000-piese-hans-andersen-brendekilde-spring-a-young-couple-in-a-rowing-boat-on-odense\/p\/","og_locale":"ro_RO","og_type":"article","og_title":"Puzzle Hans Andersen Brendekilde - Spring. A Young Couple in a Rowing Boat on Odense - Puzzle adul\u021bi 1000 piese - Roovi B2B","og_description":"Descoper\u0103 cei mai \u00eenzestra\u021bi pictori ai tuturor timpurilor prin puzzle-uri de art\u0103! F\u0103 cuno\u0219tin\u021b\u0103 cu Leonardo da Vinci, Vincent van","og_url":"https:\/\/www.roovi.ro\/puzzle-adulti-1000-piese-hans-andersen-brendekilde-spring-a-young-couple-in-a-rowing-boat-on-odense\/p\/","og_site_name":"Roovi B2B","article_publisher":"https:\/\/www.facebook.com\/wwwjucariero","article_modified_time":"2025-03-17T10:24:13+00:00","og_image":[{"width":1200,"height":1200,"url":"https:\/\/business.roovi.com\/wp-content\/uploads\/2018\/04\/72795-BR-01-WEB.jpg","type":"image\/jpeg"}],"twitter_misc":{"Timp estimat pentru citire":"3 minute"},"schema":{"@context":"https:\/\/schema.org","@graph":[{"@type":"WebPage","@id":"https:\/\/business.roovi.com\/ro\/puzzle-adulti-1000-piese-hans-andersen-brendekilde-spring-a-young-couple-in-a-rowing-boat-on-odense\/p\/","url":"https:\/\/www.roovi.ro\/puzzle-adulti-1000-piese-hans-andersen-brendekilde-spring-a-young-couple-in-a-rowing-boat-on-odense\/p\/","name":"Puzzle Hans Andersen Brendekilde - Spring. A Young Couple in a Rowing Boat on Odense - Puzzle adul\u021bi 1000 piese - Roovi B2B","isPartOf":{"@id":"https:\/\/business.roovi.com\/ro\/#website"},"datePublished":"2018-04-16T10:56:17+00:00","dateModified":"2025-03-17T10:24:13+00:00","breadcrumb":{"@id":"https:\/\/www.roovi.ro\/puzzle-adulti-1000-piese-hans-andersen-brendekilde-spring-a-young-couple-in-a-rowing-boat-on-odense\/p\/#breadcrumb"},"inLanguage":"ro-RO","potentialAction":[{"@type":"ReadAction","target":["https:\/\/www.roovi.ro\/puzzle-adulti-1000-piese-hans-andersen-brendekilde-spring-a-young-couple-in-a-rowing-boat-on-odense\/p\/"]}]},{"@type":"BreadcrumbList","@id":"https:\/\/www.roovi.ro\/puzzle-adulti-1000-piese-hans-andersen-brendekilde-spring-a-young-couple-in-a-rowing-boat-on-odense\/p\/#breadcrumb","itemListElement":[{"@type":"ListItem","position":1,"name":"Home","item":"https:\/\/business.roovi.com\/ro\/"},{"@type":"ListItem","position":2,"name":"Magazin","item":"https:\/\/business.roovi.com\/ro\/magazin\/"},{"@type":"ListItem","position":3,"name":"Puzzle Hans Andersen Brendekilde &#8211; Spring. A Young Couple in a Rowing Boat on Odense &#8211; Puzzle adul\u021bi 1000 piese"}]},{"@type":"WebSite","@id":"https:\/\/business.roovi.com\/ro\/#website","url":"https:\/\/business.roovi.com\/ro\/","name":"Roovi B2B","description":"Roovi Business Website","potentialAction":[{"@type":"SearchAction","target":{"@type":"EntryPoint","urlTemplate":"https:\/\/business.roovi.com\/ro\/?s={search_term_string}"},"query-input":"required name=search_term_string"}],"inLanguage":"ro-RO"}]}},"_links":{"self":[{"href":"https:\/\/business.roovi.com\/ro\/wp-json\/wp\/v2\/product\/17035","targetHints":{"allow":["GET"]}}],"collection":[{"href":"https:\/\/business.roovi.com\/ro\/wp-json\/wp\/v2\/product"}],"about":[{"href":"https:\/\/business.roovi.com\/ro\/wp-json\/wp\/v2\/types\/product"}],"version-history":[{"count":0,"href":"https:\/\/business.roovi.com\/ro\/wp-json\/wp\/v2\/product\/17035\/revisions"}],"wp:featuredmedia":[{"embeddable":true,"href":"https:\/\/business.roovi.com\/ro\/wp-json\/wp\/v2\/media\/63445"}],"wp:attachment":[{"href":"https:\/\/business.roovi.com\/ro\/wp-json\/wp\/v2\/media?parent=17035"}],"wp:term":[{"taxonomy":"product_brand","embeddable":true,"href":"https:\/\/business.roovi.com\/ro\/wp-json\/wp\/v2\/product_brand?post=17035"},{"taxonomy":"product_cat","embeddable":true,"href":"https:\/\/business.roovi.com\/ro\/wp-json\/wp\/v2\/product_cat?post=17035"},{"taxonomy":"product_tag","embeddable":true,"href":"https:\/\/business.roovi.com\/ro\/wp-json\/wp\/v2\/product_tag?post=17035"}],"curies":[{"name":"wp","href":"https:\/\/api.w.org\/{rel}","templated":true}]}}