{"id":17055,"date":"2018-04-16T10:56:17","date_gmt":"2018-04-16T10:56:17","guid":{"rendered":"https:\/\/business.roovi.com\/product\/puzzle-james-tissot-on-the-thames-a-heron-1000-piese\/"},"modified":"2023-03-20T21:45:34","modified_gmt":"2023-03-20T21:45:34","slug":"puzzle-adulti-1000-piese-james-tissot-on-the-thames-a-heron-pe-tamisa-un-starc","status":"publish","type":"product","link":"https:\/\/business.roovi.com\/ro\/puzzle-adulti-1000-piese-james-tissot-on-the-thames-a-heron-pe-tamisa-un-starc\/p\/","title":{"rendered":"Puzzle adul\u021bi 1000 piese James Tissot &#8211; On the Thames, a Heron \/ Pe Tamisa, un st\u00e2rc"},"content":{"rendered":"<p><span style=\"font-weight: 400;\">\u021ai-ai imaginat vreodat\u0103 cum ar fi s\u0103 fii chiar tu creatorul unei opere de art\u0103? S\u0103 fii artistul care a\u0219terne pe p\u00e2nz\u0103, tu\u0219\u0103 cu tu\u0219\u0103, strat cu strat, imagini at\u00e2t de realiste \u00eenc\u00e2t pare c\u0103 sunt fotografii?<\/span><\/p>\n<p><span style=\"font-weight: 400;\">Acum ai ocazia s\u0103 tr\u0103ie\u0219ti acest sentiment cu ajutorul unui puzzle 1000 piese, ce te transpune instant \u00een atmosfera curentului realist, reprezentat cu m\u0103iestrie de renumitul pictor francez James Tissot.\u00a0<\/span><\/p>\n<p><span style=\"font-weight: 400;\">Pictura \u00een ulei pe p\u00e2nz\u0103, denumit\u0103 On the Thames, A Heron \/ Pe Tamisa, un st\u00e2rc &#8211; una dintre primele picturi ale lui James Tissot dup\u0103 sosirea sa \u00een Anglia, creat\u0103 \u00een 1871 \u0219i reprodus\u0103 fidel \u00een acest fascinant puzzle art\u0103, este o captivant\u0103 provocare pentru orice iubitor de puzzle 1000 piese.<\/span><\/p>\n<p><span style=\"font-weight: 400;\">Datorit\u0103 uniformit\u0103\u021bii coloristice \u0219i a nuan\u021belor foarte similare \u00een care James Tissot reu\u0219e\u0219te s\u0103 reproduc\u0103 un veritabil peisaj de toamn\u0103 pe Tamisa, aten\u021bia la detalii \u00ee\u021bi va fi pus\u0103 la \u00eencercare cu fiecare pies\u0103 pe care o adaugi pentru a recrea acest tablou puzzle pictur\u0103.<\/span><\/p>\n<p><span style=\"font-weight: 400;\">Tabloul On the Thames, a Heron, reprodus \u00een acest puzzle art\u0103, marcheaz\u0103, de altfel, tranzi\u021bia pictorului francez James Tissot de la stilul de pictur\u0103 francez c\u0103tre stilul Victorian, \u0219armant \u0219i suav.\u00a0<\/span><\/p>\n<p><span style=\"font-weight: 400;\">\u00cens\u0103 ce re\u021bine cel mai mult aten\u021bia, dincolo de culori \u0219i stil, este chiar suprapunerea de planuri, \u00eentr-o compozi\u021bie interesant\u0103 ce aduce \u00een prim-plan st\u00e2rcul \u00een zbor &#8211; o pas\u0103re destul de comun\u0103 pe malurile Tamisei, \u00eens\u0103 un puternic simbol al influen\u021bei pe care stilul japonez o avea asupra crea\u021biilor lui James Tissot \u00een acea perioad\u0103.<\/span><\/p>\n<p><span style=\"font-size: 18px;\"><strong>De ce s\u0103 alegi un puzzle adul\u021bi 1000 piese James Tissot<\/strong><\/span><\/p>\n<ul>\n<li><span style=\"font-weight: 400;\">Vei ob\u021bine un tablou cu detalii impresionante, reprezent\u00e2nd lucrarea On the Thames, a Heron, semnata de James Tissot<\/span><\/li>\n<li><span style=\"font-weight: 400;\">Dimensiune puzzle art\u0103 50 x 70 cm<\/span><\/li>\n<li><span style=\"font-weight: 400;\">Piese realizate din carton de calitate superioar\u0103, rezistent la multiple utiliz\u0103ri<\/span><\/li>\n<li><span style=\"font-weight: 400;\">Este realizat din materiale sustenabile \u0219i reciclabile<\/span><\/li>\n<li><span style=\"font-weight: 400;\">Finisajul este semi lucios, iar culorile sunt vii \u0219i vibrante<\/span><\/li>\n<li><span style=\"font-weight: 400;\">Potrivit de la 14 ani &#8211; o ocazie excelent\u0103 de a-i introduce pe adolescen\u021bi \u00een lumea fascinant\u0103 a artei<\/span><\/li>\n<\/ul>\n<p><span style=\"font-weight: 400;\">Asamblarea unui puzzle art\u0103 are foarte multe beneficii ce se reflect\u0103 pe mai multe planuri:<\/span><\/p>\n<ul>\n<li><span style=\"font-weight: 400;\">Spore\u0219te aten\u021bia la detalii<\/span><\/li>\n<li><span style=\"font-weight: 400;\">\u00ce\u021bi antrenezi dexteritatea\u00a0<\/span><\/li>\n<li><span style=\"font-weight: 400;\">Este o activitate relaxant\u0103<\/span><\/li>\n<li><span style=\"font-weight: 400;\">Poate fi un bun prilej de deconectare de la cotidian<\/span><\/li>\n<li><span style=\"font-weight: 400;\">Te ajut\u0103 s\u0103 \u00ee\u021bi men\u021bii concentrarea asupra unei singure activit\u0103\u021bi\u00a0<\/span><\/li>\n<\/ul>\n<p><span style=\"font-size: 18px;\"><strong>\u0218tiai c\u0103\u2026?<\/strong><\/span><\/p>\n<p><span style=\"font-weight: 400;\">On the Thames, a Heron \/ Pe Tamisa, un st\u00e2rc\u00a0 este o pictur\u0103 reprezentativ\u0103 pentru tranzi\u021bia de stil pe care Tissot a fost nevoit s\u0103 o fac\u0103, dup\u0103 ce s-a refugiat \u00een Anglia \u00een urma r\u0103zboiului franco-prusac.\u00a0<\/span><\/p>\n<p><span style=\"font-weight: 400;\">Astfel, pentru c\u0103 englezii nu apreciau deloc stilul de pictur\u0103 francez, a trecut de la a picta scene istorice, c\u0103tre pictura ce surprindea scene din via\u021ba monden\u0103, at\u00e2t de apreciat\u0103 de nobilimea englez\u0103.\u00a0<\/span><\/p>\n<p><span style=\"font-weight: 400;\">James Tissot era foarte apreciat pentru capacitatea sa de a reda \u00een detalii fine peisaje \u0219i detalii ale ora\u0219elor care-l inspirau, f\u0103r\u0103 sa fie necesar s\u0103 petreac\u0103 foarte mult timp \u00een acele locuri.<\/span><\/p>\n<p><span style=\"font-weight: 400;\">Numele s\u0103u real era <\/span><span style=\"font-weight: 400;\">Jacques Joseph Tissot, \u00eens\u0103 \u0219i l-a schimbat odat\u0103 cu mutarea sa \u00een Anglia, urmand astfel o moda a acelor vremuri, \u00een care mul\u021bi arti\u0219ti obi\u0219nuiau s\u0103 \u00ee\u0219i schimbe numele pentru a se integra \u00een anumite societ\u0103\u021bi.<\/span><\/p>\n<p><span style=\"font-size: 18px;\"><strong>Puzzle 1000 piese &#8211; garan\u021bia timpului de calitate acas\u0103<\/strong><\/span><\/p>\n<p><span style=\"font-weight: 400;\">Alege puzzle adul\u021bi James Tissot &#8211; On the Thames, a Heron, \u0219i a\u0219eaz\u0103-te confortabil, pentru c\u0103 vei fi captivat de subtilitatea detaliilor de fundal, redate de Tissot \u00een acest tablou.<\/span><\/p>\n<p><span style=\"font-weight: 400;\">Fie c\u0103 alegi s\u0103 \u00eel asamblezi singur sau profi\u021bi de ocazie pentru a petrece c\u00e2teva ore relaxante al\u0103turi de prieteni ori familie, cu siguran\u021b\u0103 te vei bucura de timp de calitate, pun\u00e2nd cap la cap piesele unui puzzle art\u0103.\u00a0\u00a0<\/span><\/p>\n<p><span style=\"font-weight: 400;\">Fiecare joc de puzzle adul\u021bi poate deveni urm\u0103toarea capodopera pe care o adaugi colec\u021biei tale \u0219i poate fi u\u0219or \u00eenr\u0103mat \u0219i expus, astfel \u00eenc\u00e2t s\u0103 \u00ee\u021bi creezi propria galerie de art\u0103, cu opere ale mae\u0219trilor culorii.<\/span><\/p>\n<p><span style=\"font-weight: 400;\">\u00cen plus, un puzzle 1000 de piese, cum este On the Thames, a Heron, poate fi un cadou potrivit pentru o persoan\u0103 apropiat\u0103, atunci c\u00e2nd nu \u0219tii ce s\u0103 \u00eei oferi. Se preteaz\u0103 pentru orice ocazie, de la un cadou aniversar, la cadoul de Cr\u0103ciun.<\/span><\/p>\n","protected":false},"excerpt":{"rendered":"<p>\u021ai-ai imaginat vreodat\u0103 cum ar fi s\u0103 fii chiar tu creatorul unei opere de art\u0103? S\u0103 fii artistul care a\u0219terne<\/p>\n","protected":false},"featured_media":17051,"template":"","meta":[],"product_brand":[],"product_cat":[1454,1488,1560],"product_tag":[],"class_list":{"0":"post-17055","1":"product","2":"type-product","3":"status-publish","4":"has-post-thumbnail","6":"product_cat-puzzle","7":"product_cat-puzzle-adulti","8":"product_cat-puzzle-adulti-1000","9":"pa_bax-1273","10":"pa_brand-d_toys","11":"pa_country_of_manufacture-ro","12":"pa_filter_age-1315","13":"pa_painter-jamestissot","14":"pa_tip_ambalaj-cutie","15":"pa_tip_puzzle-clasic","17":"first","18":"instock","19":"taxable","20":"shipping-taxable","21":"product-type-simple"},"yoast_head":"<!-- This site is optimized with the Yoast SEO plugin v20.1 - https:\/\/yoast.com\/wordpress\/plugins\/seo\/ -->\n<title>Puzzle adul\u021bi 1000 piese James Tissot - On the Thames, a Heron \/ Pe Tamisa, un st\u00e2rc - Roovi B2B<\/title>\n<meta name=\"robots\" content=\"index, follow, max-snippet:-1, max-image-preview:large, max-video-preview:-1\" \/>\n<link rel=\"canonical\" href=\"https:\/\/www.roovi.ro\/puzzle-adulti-1000-piese-james-tissot-on-the-thames-a-heron-pe-tamisa-un-starc\/p\/\" \/>\n<meta property=\"og:locale\" content=\"ro_RO\" \/>\n<meta property=\"og:type\" content=\"article\" \/>\n<meta property=\"og:title\" content=\"Puzzle adul\u021bi 1000 piese James Tissot - On the Thames, a Heron \/ Pe Tamisa, un st\u00e2rc - Roovi B2B\" \/>\n<meta property=\"og:description\" content=\"\u021ai-ai imaginat vreodat\u0103 cum ar fi s\u0103 fii chiar tu creatorul unei opere de art\u0103? S\u0103 fii artistul care a\u0219terne\" \/>\n<meta property=\"og:url\" content=\"https:\/\/www.roovi.ro\/puzzle-adulti-1000-piese-james-tissot-on-the-thames-a-heron-pe-tamisa-un-starc\/p\/\" \/>\n<meta property=\"og:site_name\" content=\"Roovi B2B\" \/>\n<meta property=\"article:publisher\" content=\"https:\/\/www.facebook.com\/wwwjucariero\" \/>\n<meta property=\"article:modified_time\" content=\"2023-03-20T21:45:34+00:00\" \/>\n<meta property=\"og:image\" content=\"https:\/\/business.roovi.com\/wp-content\/uploads\/2018\/04\/p1000_tissot_72771ti01tissot_72771ti02_r700_64x88cm_no_stanc.jpg\" \/>\n\t<meta property=\"og:image:width\" content=\"1200\" \/>\n\t<meta property=\"og:image:height\" content=\"1200\" \/>\n\t<meta property=\"og:image:type\" content=\"image\/jpeg\" \/>\n<meta name=\"twitter:label1\" content=\"Timp estimat pentru citire\" \/>\n\t<meta name=\"twitter:data1\" content=\"4 minute\" \/>\n<script type=\"application\/ld+json\" class=\"yoast-schema-graph\">{\"@context\":\"https:\/\/schema.org\",\"@graph\":[{\"@type\":\"WebPage\",\"@id\":\"https:\/\/business.roovi.com\/ro\/puzzle-adulti-1000-piese-james-tissot-on-the-thames-a-heron-pe-tamisa-un-starc\/p\/\",\"url\":\"https:\/\/www.roovi.ro\/puzzle-adulti-1000-piese-james-tissot-on-the-thames-a-heron-pe-tamisa-un-starc\/p\/\",\"name\":\"Puzzle adul\u021bi 1000 piese James Tissot - On the Thames, a Heron \/ Pe Tamisa, un st\u00e2rc - Roovi B2B\",\"isPartOf\":{\"@id\":\"https:\/\/business.roovi.com\/ro\/#website\"},\"datePublished\":\"2018-04-16T10:56:17+00:00\",\"dateModified\":\"2023-03-20T21:45:34+00:00\",\"breadcrumb\":{\"@id\":\"https:\/\/www.roovi.ro\/puzzle-adulti-1000-piese-james-tissot-on-the-thames-a-heron-pe-tamisa-un-starc\/p\/#breadcrumb\"},\"inLanguage\":\"ro-RO\",\"potentialAction\":[{\"@type\":\"ReadAction\",\"target\":[\"https:\/\/www.roovi.ro\/puzzle-adulti-1000-piese-james-tissot-on-the-thames-a-heron-pe-tamisa-un-starc\/p\/\"]}]},{\"@type\":\"BreadcrumbList\",\"@id\":\"https:\/\/www.roovi.ro\/puzzle-adulti-1000-piese-james-tissot-on-the-thames-a-heron-pe-tamisa-un-starc\/p\/#breadcrumb\",\"itemListElement\":[{\"@type\":\"ListItem\",\"position\":1,\"name\":\"Home\",\"item\":\"https:\/\/business.roovi.com\/ro\/\"},{\"@type\":\"ListItem\",\"position\":2,\"name\":\"Magazin\",\"item\":\"https:\/\/business.roovi.com\/ro\/magazin\/\"},{\"@type\":\"ListItem\",\"position\":3,\"name\":\"Puzzle adul\u021bi 1000 piese James Tissot &#8211; On the Thames, a Heron \/ Pe Tamisa, un st\u00e2rc\"}]},{\"@type\":\"WebSite\",\"@id\":\"https:\/\/business.roovi.com\/ro\/#website\",\"url\":\"https:\/\/business.roovi.com\/ro\/\",\"name\":\"Roovi B2B\",\"description\":\"Roovi Business Website\",\"potentialAction\":[{\"@type\":\"SearchAction\",\"target\":{\"@type\":\"EntryPoint\",\"urlTemplate\":\"https:\/\/business.roovi.com\/ro\/?s={search_term_string}\"},\"query-input\":\"required name=search_term_string\"}],\"inLanguage\":\"ro-RO\"}]}<\/script>\n<!-- \/ Yoast SEO plugin. -->","yoast_head_json":{"title":"Puzzle adul\u021bi 1000 piese James Tissot - On the Thames, a Heron \/ Pe Tamisa, un st\u00e2rc - Roovi B2B","robots":{"index":"index","follow":"follow","max-snippet":"max-snippet:-1","max-image-preview":"max-image-preview:large","max-video-preview":"max-video-preview:-1"},"canonical":"https:\/\/www.roovi.ro\/puzzle-adulti-1000-piese-james-tissot-on-the-thames-a-heron-pe-tamisa-un-starc\/p\/","og_locale":"ro_RO","og_type":"article","og_title":"Puzzle adul\u021bi 1000 piese James Tissot - On the Thames, a Heron \/ Pe Tamisa, un st\u00e2rc - Roovi B2B","og_description":"\u021ai-ai imaginat vreodat\u0103 cum ar fi s\u0103 fii chiar tu creatorul unei opere de art\u0103? S\u0103 fii artistul care a\u0219terne","og_url":"https:\/\/www.roovi.ro\/puzzle-adulti-1000-piese-james-tissot-on-the-thames-a-heron-pe-tamisa-un-starc\/p\/","og_site_name":"Roovi B2B","article_publisher":"https:\/\/www.facebook.com\/wwwjucariero","article_modified_time":"2023-03-20T21:45:34+00:00","og_image":[{"width":1200,"height":1200,"url":"https:\/\/business.roovi.com\/wp-content\/uploads\/2018\/04\/p1000_tissot_72771ti01tissot_72771ti02_r700_64x88cm_no_stanc.jpg","type":"image\/jpeg"}],"twitter_misc":{"Timp estimat pentru citire":"4 minute"},"schema":{"@context":"https:\/\/schema.org","@graph":[{"@type":"WebPage","@id":"https:\/\/business.roovi.com\/ro\/puzzle-adulti-1000-piese-james-tissot-on-the-thames-a-heron-pe-tamisa-un-starc\/p\/","url":"https:\/\/www.roovi.ro\/puzzle-adulti-1000-piese-james-tissot-on-the-thames-a-heron-pe-tamisa-un-starc\/p\/","name":"Puzzle adul\u021bi 1000 piese James Tissot - On the Thames, a Heron \/ Pe Tamisa, un st\u00e2rc - Roovi B2B","isPartOf":{"@id":"https:\/\/business.roovi.com\/ro\/#website"},"datePublished":"2018-04-16T10:56:17+00:00","dateModified":"2023-03-20T21:45:34+00:00","breadcrumb":{"@id":"https:\/\/www.roovi.ro\/puzzle-adulti-1000-piese-james-tissot-on-the-thames-a-heron-pe-tamisa-un-starc\/p\/#breadcrumb"},"inLanguage":"ro-RO","potentialAction":[{"@type":"ReadAction","target":["https:\/\/www.roovi.ro\/puzzle-adulti-1000-piese-james-tissot-on-the-thames-a-heron-pe-tamisa-un-starc\/p\/"]}]},{"@type":"BreadcrumbList","@id":"https:\/\/www.roovi.ro\/puzzle-adulti-1000-piese-james-tissot-on-the-thames-a-heron-pe-tamisa-un-starc\/p\/#breadcrumb","itemListElement":[{"@type":"ListItem","position":1,"name":"Home","item":"https:\/\/business.roovi.com\/ro\/"},{"@type":"ListItem","position":2,"name":"Magazin","item":"https:\/\/business.roovi.com\/ro\/magazin\/"},{"@type":"ListItem","position":3,"name":"Puzzle adul\u021bi 1000 piese James Tissot &#8211; On the Thames, a Heron \/ Pe Tamisa, un st\u00e2rc"}]},{"@type":"WebSite","@id":"https:\/\/business.roovi.com\/ro\/#website","url":"https:\/\/business.roovi.com\/ro\/","name":"Roovi B2B","description":"Roovi Business Website","potentialAction":[{"@type":"SearchAction","target":{"@type":"EntryPoint","urlTemplate":"https:\/\/business.roovi.com\/ro\/?s={search_term_string}"},"query-input":"required name=search_term_string"}],"inLanguage":"ro-RO"}]}},"_links":{"self":[{"href":"https:\/\/business.roovi.com\/ro\/wp-json\/wp\/v2\/product\/17055","targetHints":{"allow":["GET"]}}],"collection":[{"href":"https:\/\/business.roovi.com\/ro\/wp-json\/wp\/v2\/product"}],"about":[{"href":"https:\/\/business.roovi.com\/ro\/wp-json\/wp\/v2\/types\/product"}],"version-history":[{"count":0,"href":"https:\/\/business.roovi.com\/ro\/wp-json\/wp\/v2\/product\/17055\/revisions"}],"wp:featuredmedia":[{"embeddable":true,"href":"https:\/\/business.roovi.com\/ro\/wp-json\/wp\/v2\/media\/17051"}],"wp:attachment":[{"href":"https:\/\/business.roovi.com\/ro\/wp-json\/wp\/v2\/media?parent=17055"}],"wp:term":[{"taxonomy":"product_brand","embeddable":true,"href":"https:\/\/business.roovi.com\/ro\/wp-json\/wp\/v2\/product_brand?post=17055"},{"taxonomy":"product_cat","embeddable":true,"href":"https:\/\/business.roovi.com\/ro\/wp-json\/wp\/v2\/product_cat?post=17055"},{"taxonomy":"product_tag","embeddable":true,"href":"https:\/\/business.roovi.com\/ro\/wp-json\/wp\/v2\/product_tag?post=17055"}],"curies":[{"name":"wp","href":"https:\/\/api.w.org\/{rel}","templated":true}]}}