{"id":17060,"date":"2018-04-16T10:56:17","date_gmt":"2018-04-16T10:56:17","guid":{"rendered":"https:\/\/business.roovi.com\/product\/puzzle-william-adolphe-bouguereau-the-birth-of-venus-1000-piese\/"},"modified":"2023-03-20T21:45:31","modified_gmt":"2023-03-20T21:45:31","slug":"puzzle-william-adolphe-bouguereau-the-birth-of-venus-1000-piese","status":"publish","type":"product","link":"https:\/\/business.roovi.com\/ro\/puzzle-william-adolphe-bouguereau-the-birth-of-venus-1000-piese\/p\/","title":{"rendered":"Puzzle adul\u021bi 1000 piese W. A. Bouguereau &#8211; The Birth of Venus"},"content":{"rendered":"<h3>\u021ai-ai imaginat vreodat\u0103 cum e s\u0103 fii un artist ce zugr\u0103ve\u0219te tu\u0219\u0103 cu tu\u0219\u0103 o capodoper\u0103 artistic\u0103? Cu puzzle 1000 piese din colec\u021bia puzzle de art\u0103 ai ocazia s\u0103 experimentezi aceast\u0103 senza\u021bie unic\u0103 de crea\u021bie.<\/h3>\n<p><span style=\"font-weight: 400;\">Una dintre cele mai cunoscute picturi ale lui William-Adolphe Bouguereau, <\/span><i><span style=\"font-weight: 400;\">Na\u0219terea lui Venus<\/span><\/i><span style=\"font-weight: 400;\"> este reprezentat\u0103 fidel \u00een acest puzzle adul\u021bi 1000 piese \u0219i reprezint\u0103 o provocare uimitoare pentru orice pasionat de jocuri puzzle.<\/span><\/p>\n<p><span style=\"font-weight: 400;\">Tema <\/span><i><span style=\"font-weight: 400;\">Na\u0219terea lui Venus<\/span><\/i><span style=\"font-weight: 400;\"> nu este una nou\u0103 \u00een lumea pictorilor. Cea mai renumit\u0103 oper\u0103 cu acela\u0219i nume este crea\u021bia lui Sandro Botticelli, o capodoper\u0103 a Rena\u0219terii italiene. Pictura lui W. A. Bouguereau p\u0103streaz\u0103 tema mitologic\u0103, dar surprinde momentul ascensiunii lui Venus din mare \u00een Paphos, Cipru.\u00a0\u00a0<\/span><\/p>\n<p><span style=\"font-weight: 400;\">La Bouguereau se remarc\u0103 o imagine plin\u0103 de senzualitate. Venus nu \u00ee\u0219i mai ascunde goliciunea, ca la Botticelli, ci \u00ee\u0219i dezv\u0103luie frumuse\u021bea \u0219i feminitatea \u00eentregii lumi. O pictur\u0103 plin\u0103 de gra\u021bie care \u00ee\u021bi va umple sufletul de bucurie \u0219i frumos.<\/span><\/p>\n<p><b>Caracteristici puzzle adul\u021bi 1000 piese William-Adolphe Bouguereau &#8211; The Birth of Venus<\/b><\/p>\n<p><b>Dimensiuni imagine reconstituit\u0103: 50 x 70 cm.<\/b><\/p>\n<p><b>Material puzzle:\u00a0<\/b><\/p>\n<p><b>carton albastru de o calitate superioar\u0103<\/b><\/p>\n<p><b>materiale sustenabile, reciclabile<\/b><\/p>\n<p><b>finisaj semi-lucios, culori vii<\/b><\/p>\n<p><b>Num\u0103rul pieselor de puzzle: 1000<\/b><\/p>\n<p><b>V\u00e2rsta recomandat\u0103: 14+<\/b><\/p>\n<h3><b>De ce s\u0103 alegi puzzle adul\u021bi 1000 piese W. A.<\/b> <b>Bouguereau &#8211; Na\u0219terea lui Venus?<\/b><\/h3>\n<p><span style=\"font-weight: 400;\">Un puzzle de art\u0103 este o modalitate relaxant\u0103 \u0219i creativ\u0103 pentru a-\u021bi petrece timpul liber.<\/span><\/p>\n<p><span style=\"font-weight: 400;\">Ai posibilitatea s\u0103 creezi cu propriile m\u00e2ini un tablou de art\u0103 care va da o not\u0103 rafinat\u0103 casei tale.<\/span><\/p>\n<p><span style=\"font-weight: 400;\">\u00ce\u021bi dezvol\u021bi sim\u021bul estetic \u0219i \u00ee\u021bi deschizi sufletul pentru frumos.<\/span><\/p>\n<p><span style=\"font-weight: 400;\">Poate fi un bun prilej de a-\u021bi petrece timpul liber cu adolescen\u021bii \u0219i a-i introduce \u00een fascinanta lume a picturii.<\/span><\/p>\n<p><span style=\"font-weight: 400;\">Te ajut\u0103 s\u0103 te concentrezi intens pe o sarcin\u0103 precis\u0103.<\/span><\/p>\n<p><span style=\"font-weight: 400;\">\u00ce\u021bi cultiv\u0103 aten\u021bia la detalii, r\u0103bdarea \u0219i perseveren\u021ba.<\/span><\/p>\n<p><span style=\"font-weight: 400;\">Este un moment de introspec\u021bie \u0219i de reconectare cu sinele.<\/span><\/p>\n<h3><b>\u0218tiai c\u0103\u2026<\/b><\/h3>\n<ul>\n<li><span style=\"font-weight: 400;\">William-Adolphe Bouguereau a fost un pictor prolific c\u0103ruia i se atribuie \u00een jur de 822 de picturi finalizate. Multe dintre lucr\u0103rile sale au r\u0103mas \u00eens\u0103 necunoscute.<\/span><\/li>\n<li><span style=\"font-weight: 400;\">Pictura sa, <\/span><i><span style=\"font-weight: 400;\">The Birth of Venus<\/span><\/i><span style=\"font-weight: 400;\"> are dimensiuni impresionante de <\/span><span style=\"font-weight: 400;\">300 cm \u00d7 218 cm \u0219i poate fi admirat\u0103 la <\/span><span style=\"font-weight: 400;\">Muzeul d&#8217;Orsay din Paris.<\/span><\/li>\n<li><span style=\"font-weight: 400;\">De\u0219i s-a bucurat de succes, la finalul vie\u021bii a c\u0103zut \u00eentr-un con de umbr\u0103, \u00een special din cauza opozi\u021biei sale \u00eempotriva curentului impresionist.<\/span><\/li>\n<li><span style=\"font-weight: 400;\">A predat desen \u0219i pictur\u0103 mai multor genera\u021bii de arti\u0219ti care \u0219i-au construit cariere solide \u00een art\u0103 \u0219i s-a c\u0103s\u0103torit cu cea mai faimoas\u0103 elev\u0103 a sa, Elizabeth Jane Gardner.<\/span><\/li>\n<li><span style=\"font-weight: 400;\">\u00cen 1905 casa \u0219i atelierul s\u0103u din Paris au fost jefuite, iar multe dintre lucr\u0103rile sale s-au pierdut.<\/span><\/li>\n<\/ul>\n<h3><b>Puzzle adul\u021bi 1000 piese W. A.<\/b> <b>Bouguereau &#8211; Na\u0219terea lui Venus te deconecteaz\u0103 de la cotidian<\/b><\/h3>\n<p><span style=\"font-weight: 400;\">Pentru momentele \u00een care vrei s\u0103 opre\u0219ti agita\u021bia cotidian\u0103 \u0219i s\u0103 te bucuri de via\u021b\u0103 \u00een mod con\u0219tient, \u00eentr-un ritm lent, un puzzle de art\u0103 este op\u021biunea perfect\u0103. Vei fi captivat de frumuse\u021bea detaliilor de fundal, de culorile calde \u0219i de armonia elementelor artistice.\u00a0<\/span><\/p>\n<p><span style=\"font-weight: 400;\">Iar c\u00e2nd ultima pies\u0103 \u00eentrege\u0219te tabloul experimentezi o senza\u021bie uimitoare de satisfac\u021bie \u0219i bucurie pentru c\u0103 ai reu\u0219it prin for\u021bele tale s\u0103 creezi o capodoper\u0103 veritabil\u0103.<\/span><\/p>\n<p><span style=\"font-weight: 400;\">Cu fiecare puzzle de art\u0103 asamblat \u00ee\u021bi \u00eentrege\u0219ti colec\u021bia de tablouri din puzzle 1000 piese. Puse \u00een ram\u0103, toate aceste capodopere \u00ee\u021bi \u00eenfrumuse\u021beaz\u0103 casa \u0219i sufletul. Alege a\u0219adar puzzle adul\u021bi 1000 piese W. A. Bouguereau &#8211; Na\u0219terea lui Venus din gama puzzle de art\u0103 \u0219i bucur\u0103-te de toate avantajele pe care jocul puzzle \u021bi le ofer\u0103.\u00a0\u00a0<\/span><\/p>\n","protected":false},"excerpt":{"rendered":"<p>\u021ai-ai imaginat vreodat\u0103 cum e s\u0103 fii un artist ce zugr\u0103ve\u0219te tu\u0219\u0103 cu tu\u0219\u0103 o capodoper\u0103 artistic\u0103? Cu puzzle 1000<\/p>\n","protected":false},"featured_media":63421,"template":"","meta":[],"product_brand":[],"product_cat":[1454,1488,1560],"product_tag":[],"class_list":{"0":"post-17060","1":"product","2":"type-product","3":"status-publish","4":"has-post-thumbnail","6":"product_cat-puzzle","7":"product_cat-puzzle-adulti","8":"product_cat-puzzle-adulti-1000","9":"pa_bax-1273","10":"pa_brand-d_toys","11":"pa_country_of_manufacture-ro","12":"pa_filter_age-1315","13":"pa_painter-william_adolphebouguereau","14":"pa_tip_ambalaj-cutie","15":"pa_tip_puzzle-clasic","17":"first","18":"instock","19":"taxable","20":"shipping-taxable","21":"product-type-simple"},"yoast_head":"<!-- This site is optimized with the Yoast SEO plugin v20.1 - https:\/\/yoast.com\/wordpress\/plugins\/seo\/ -->\n<title>Puzzle adul\u021bi 1000 piese W. A. Bouguereau - The Birth of Venus - Roovi B2B<\/title>\n<meta name=\"robots\" content=\"index, follow, max-snippet:-1, max-image-preview:large, max-video-preview:-1\" \/>\n<link rel=\"canonical\" href=\"https:\/\/www.roovi.ro\/puzzle-william-adolphe-bouguereau-the-birth-of-venus-1000-piese\/p\/\" \/>\n<meta property=\"og:locale\" content=\"ro_RO\" \/>\n<meta property=\"og:type\" content=\"article\" \/>\n<meta property=\"og:title\" content=\"Puzzle adul\u021bi 1000 piese W. A. Bouguereau - The Birth of Venus - Roovi B2B\" \/>\n<meta property=\"og:description\" content=\"\u021ai-ai imaginat vreodat\u0103 cum e s\u0103 fii un artist ce zugr\u0103ve\u0219te tu\u0219\u0103 cu tu\u0219\u0103 o capodoper\u0103 artistic\u0103? Cu puzzle 1000\" \/>\n<meta property=\"og:url\" content=\"https:\/\/www.roovi.ro\/puzzle-william-adolphe-bouguereau-the-birth-of-venus-1000-piese\/p\/\" \/>\n<meta property=\"og:site_name\" content=\"Roovi B2B\" \/>\n<meta property=\"article:publisher\" content=\"https:\/\/www.facebook.com\/wwwjucariero\" \/>\n<meta property=\"article:modified_time\" content=\"2023-03-20T21:45:31+00:00\" \/>\n<meta property=\"og:image\" content=\"https:\/\/business.roovi.com\/wp-content\/uploads\/2018\/04\/72764-BO-01-WEB.jpg\" \/>\n\t<meta property=\"og:image:width\" content=\"1200\" \/>\n\t<meta property=\"og:image:height\" content=\"1200\" \/>\n\t<meta property=\"og:image:type\" content=\"image\/jpeg\" \/>\n<meta name=\"twitter:label1\" content=\"Timp estimat pentru citire\" \/>\n\t<meta name=\"twitter:data1\" content=\"4 minute\" \/>\n<script type=\"application\/ld+json\" class=\"yoast-schema-graph\">{\"@context\":\"https:\/\/schema.org\",\"@graph\":[{\"@type\":\"WebPage\",\"@id\":\"https:\/\/business.roovi.com\/ro\/puzzle-william-adolphe-bouguereau-the-birth-of-venus-1000-piese\/p\/\",\"url\":\"https:\/\/www.roovi.ro\/puzzle-william-adolphe-bouguereau-the-birth-of-venus-1000-piese\/p\/\",\"name\":\"Puzzle adul\u021bi 1000 piese W. A. Bouguereau - The Birth of Venus - Roovi B2B\",\"isPartOf\":{\"@id\":\"https:\/\/business.roovi.com\/ro\/#website\"},\"datePublished\":\"2018-04-16T10:56:17+00:00\",\"dateModified\":\"2023-03-20T21:45:31+00:00\",\"breadcrumb\":{\"@id\":\"https:\/\/www.roovi.ro\/puzzle-william-adolphe-bouguereau-the-birth-of-venus-1000-piese\/p\/#breadcrumb\"},\"inLanguage\":\"ro-RO\",\"potentialAction\":[{\"@type\":\"ReadAction\",\"target\":[\"https:\/\/www.roovi.ro\/puzzle-william-adolphe-bouguereau-the-birth-of-venus-1000-piese\/p\/\"]}]},{\"@type\":\"BreadcrumbList\",\"@id\":\"https:\/\/www.roovi.ro\/puzzle-william-adolphe-bouguereau-the-birth-of-venus-1000-piese\/p\/#breadcrumb\",\"itemListElement\":[{\"@type\":\"ListItem\",\"position\":1,\"name\":\"Home\",\"item\":\"https:\/\/business.roovi.com\/ro\/\"},{\"@type\":\"ListItem\",\"position\":2,\"name\":\"Magazin\",\"item\":\"https:\/\/business.roovi.com\/ro\/magazin\/\"},{\"@type\":\"ListItem\",\"position\":3,\"name\":\"Puzzle adul\u021bi 1000 piese W. A. Bouguereau &#8211; The Birth of Venus\"}]},{\"@type\":\"WebSite\",\"@id\":\"https:\/\/business.roovi.com\/ro\/#website\",\"url\":\"https:\/\/business.roovi.com\/ro\/\",\"name\":\"Roovi B2B\",\"description\":\"Roovi Business Website\",\"potentialAction\":[{\"@type\":\"SearchAction\",\"target\":{\"@type\":\"EntryPoint\",\"urlTemplate\":\"https:\/\/business.roovi.com\/ro\/?s={search_term_string}\"},\"query-input\":\"required name=search_term_string\"}],\"inLanguage\":\"ro-RO\"}]}<\/script>\n<!-- \/ Yoast SEO plugin. -->","yoast_head_json":{"title":"Puzzle adul\u021bi 1000 piese W. A. Bouguereau - The Birth of Venus - Roovi B2B","robots":{"index":"index","follow":"follow","max-snippet":"max-snippet:-1","max-image-preview":"max-image-preview:large","max-video-preview":"max-video-preview:-1"},"canonical":"https:\/\/www.roovi.ro\/puzzle-william-adolphe-bouguereau-the-birth-of-venus-1000-piese\/p\/","og_locale":"ro_RO","og_type":"article","og_title":"Puzzle adul\u021bi 1000 piese W. A. Bouguereau - The Birth of Venus - Roovi B2B","og_description":"\u021ai-ai imaginat vreodat\u0103 cum e s\u0103 fii un artist ce zugr\u0103ve\u0219te tu\u0219\u0103 cu tu\u0219\u0103 o capodoper\u0103 artistic\u0103? Cu puzzle 1000","og_url":"https:\/\/www.roovi.ro\/puzzle-william-adolphe-bouguereau-the-birth-of-venus-1000-piese\/p\/","og_site_name":"Roovi B2B","article_publisher":"https:\/\/www.facebook.com\/wwwjucariero","article_modified_time":"2023-03-20T21:45:31+00:00","og_image":[{"width":1200,"height":1200,"url":"https:\/\/business.roovi.com\/wp-content\/uploads\/2018\/04\/72764-BO-01-WEB.jpg","type":"image\/jpeg"}],"twitter_misc":{"Timp estimat pentru citire":"4 minute"},"schema":{"@context":"https:\/\/schema.org","@graph":[{"@type":"WebPage","@id":"https:\/\/business.roovi.com\/ro\/puzzle-william-adolphe-bouguereau-the-birth-of-venus-1000-piese\/p\/","url":"https:\/\/www.roovi.ro\/puzzle-william-adolphe-bouguereau-the-birth-of-venus-1000-piese\/p\/","name":"Puzzle adul\u021bi 1000 piese W. A. Bouguereau - The Birth of Venus - Roovi B2B","isPartOf":{"@id":"https:\/\/business.roovi.com\/ro\/#website"},"datePublished":"2018-04-16T10:56:17+00:00","dateModified":"2023-03-20T21:45:31+00:00","breadcrumb":{"@id":"https:\/\/www.roovi.ro\/puzzle-william-adolphe-bouguereau-the-birth-of-venus-1000-piese\/p\/#breadcrumb"},"inLanguage":"ro-RO","potentialAction":[{"@type":"ReadAction","target":["https:\/\/www.roovi.ro\/puzzle-william-adolphe-bouguereau-the-birth-of-venus-1000-piese\/p\/"]}]},{"@type":"BreadcrumbList","@id":"https:\/\/www.roovi.ro\/puzzle-william-adolphe-bouguereau-the-birth-of-venus-1000-piese\/p\/#breadcrumb","itemListElement":[{"@type":"ListItem","position":1,"name":"Home","item":"https:\/\/business.roovi.com\/ro\/"},{"@type":"ListItem","position":2,"name":"Magazin","item":"https:\/\/business.roovi.com\/ro\/magazin\/"},{"@type":"ListItem","position":3,"name":"Puzzle adul\u021bi 1000 piese W. A. Bouguereau &#8211; The Birth of Venus"}]},{"@type":"WebSite","@id":"https:\/\/business.roovi.com\/ro\/#website","url":"https:\/\/business.roovi.com\/ro\/","name":"Roovi B2B","description":"Roovi Business Website","potentialAction":[{"@type":"SearchAction","target":{"@type":"EntryPoint","urlTemplate":"https:\/\/business.roovi.com\/ro\/?s={search_term_string}"},"query-input":"required name=search_term_string"}],"inLanguage":"ro-RO"}]}},"_links":{"self":[{"href":"https:\/\/business.roovi.com\/ro\/wp-json\/wp\/v2\/product\/17060","targetHints":{"allow":["GET"]}}],"collection":[{"href":"https:\/\/business.roovi.com\/ro\/wp-json\/wp\/v2\/product"}],"about":[{"href":"https:\/\/business.roovi.com\/ro\/wp-json\/wp\/v2\/types\/product"}],"version-history":[{"count":0,"href":"https:\/\/business.roovi.com\/ro\/wp-json\/wp\/v2\/product\/17060\/revisions"}],"wp:featuredmedia":[{"embeddable":true,"href":"https:\/\/business.roovi.com\/ro\/wp-json\/wp\/v2\/media\/63421"}],"wp:attachment":[{"href":"https:\/\/business.roovi.com\/ro\/wp-json\/wp\/v2\/media?parent=17060"}],"wp:term":[{"taxonomy":"product_brand","embeddable":true,"href":"https:\/\/business.roovi.com\/ro\/wp-json\/wp\/v2\/product_brand?post=17060"},{"taxonomy":"product_cat","embeddable":true,"href":"https:\/\/business.roovi.com\/ro\/wp-json\/wp\/v2\/product_cat?post=17060"},{"taxonomy":"product_tag","embeddable":true,"href":"https:\/\/business.roovi.com\/ro\/wp-json\/wp\/v2\/product_tag?post=17060"}],"curies":[{"name":"wp","href":"https:\/\/api.w.org\/{rel}","templated":true}]}}