{"id":17075,"date":"2018-04-16T10:56:17","date_gmt":"2018-04-16T10:56:17","guid":{"rendered":"https:\/\/business.roovi.com\/product\/puzzle-john-william-waterhouse-the-lady-of-shalott-1000-piese\/"},"modified":"2025-03-17T10:47:11","modified_gmt":"2025-03-17T10:47:11","slug":"puzzle-adulti-1000-piese-john-william-waterhouse-the-lady-of-shalott","status":"publish","type":"product","link":"https:\/\/business.roovi.com\/ro\/puzzle-adulti-1000-piese-john-william-waterhouse-the-lady-of-shalott\/p\/","title":{"rendered":"Puzzle adulti 1000 piese John William Waterhouse &#8211; The Lady of Shalott"},"content":{"rendered":"<p><span style=\"font-weight: 400;\">Ia o pauz\u0103 de la ecrane! Rezolv\u0103 puzzle-uri de art\u0103 \u0219i tr\u0103ie\u0219te o experien\u021b\u0103 minunat\u0103 de relaxare \u0219i deta\u0219are. \u00cen colec\u021bia noastr\u0103 de puzzle-uri de 1000 piese reg\u0103se\u0219ti imagini cu cele mai renumite picturi ale lumii. Selecteaz\u0103-\u021bi favoritele \u0219i petrece\u021bi timp de calitate \u00een jurul celor mai deosebite opere de art\u0103.<\/span><\/p>\n<p><span style=\"font-weight: 400;\">Mul\u021bi pictori au reprezentat \u00een p\u00e2nzele lor mituri din istoria universal\u0103 sau poeme celebre. Este \u0219i cazul lui John William Waterhouse, cunoscut pentru picturile lui pe teme mitologice sau literare. Puzzle de art\u0103 John William Waterhouse &#8211; The Lady of Shalott red\u0103 imaginea celei mai cunoscute picturi ale artistului britanic. Tabloul este imaginea ultimei scene a poemului cu acela\u0219i nume scris de Tennyson.<\/span><\/p>\n<p><span style=\"font-weight: 400;\">Acum ai ocazia s\u0103\u2026 cite\u0219ti printre 1000 piese de puzzle un poem renumit \u0219i s\u0103 te delectezi cu imaginea lui conceput\u0103 de un pictor celebru. Pentru suportul pieselor po\u021bi utiliza o m\u0103su\u021b\u0103 standard de cafea. Dimensiunile imaginii reconstituite au 50 x 70 cm.<\/span><\/p>\n<p><span style=\"font-weight: 400;\">Alte caracteristici ale puzzle-ului de art\u0103 John William Waterhouse &#8211; The Lady of Shalott<\/span><\/p>\n<p><strong>Material puzzle:\u00a0<\/strong><\/p>\n<p><strong>carton albastru de o calitate superioar\u0103<\/strong><\/p>\n<p><strong>materiale sustenabile, reciclabile<\/strong><\/p>\n<p><strong>finisaj semi-lucios, culori vii<\/strong><\/p>\n<p><strong>Num\u0103rul pieselor de puzzle: 1000<\/strong><\/p>\n<p><strong>V\u00e2rsta recomandat\u0103: 14+<\/strong><\/p>\n<p><strong>Jocurile puzzle sunt un antrenament complet \u0219i complex pentru creier<\/strong><\/p>\n<p><span style=\"font-weight: 400;\">Asamblarea puzzle-urilor de 1000 piese este o pasiune relaxant\u0103 \u0219i s\u0103n\u0103toas\u0103. \u00cen timpul jocului, este activat at\u00e2t lobul st\u00e2ng care guverneaz\u0103 logica \u0219i mi\u0219c\u0103rile care trebuie f\u0103cute pentru refacerea imaginii din puzzle 1000 piese, precum \u0219i lobul drept, responsabil de creativitatea, emo\u021bii \u0219i intui\u021bie. Un joc puzzle antreneaz\u0103 a\u0219adar creierul \u00een totalitate \u0219i, \u00een plus, activeaz\u0103 \u0219i cre\u0219te capacit\u0103\u021bile celulelor nervoase.<\/span><\/p>\n<p><strong>Jocurile puzzle te fac fericit<\/strong><\/p>\n<p><span style=\"font-weight: 400;\">\u0218i nu este doar un mod de a spune! \u00cen timpul asambl\u0103rii puzzle-urilor de 1000 piese creierul secret\u0103 mai mult\u0103 dopamin\u0103 care este responsabil\u0103 de starea de fericire, de optimism \u0219i care stimuleaz\u0103 memoria \u0219i \u00eenv\u0103\u021barea.<\/span><\/p>\n<p><strong>5 informa\u021bii despre John William Waterhouse\u00a0 \u0219i <\/strong><strong><em>Lady of Shalott<\/em><\/strong><\/p>\n<p><span style=\"font-weight: 400;\">1. Waterhouse a pictat 3 tablouri cu <\/span><em><span style=\"font-weight: 400;\">Lady of Shalott,<\/span><\/em><span style=\"font-weight: 400;\"> \u00een stil prerafaelit, de\u0219i curentul acesta luase sf\u00e2r\u0219it \u00een copil\u0103ria lui.<\/span><\/p>\n<p><span style=\"font-weight: 400;\">2. \u00cen afar\u0103 de detaliile metaforice pe care le surprinde, Waterhouse a fost apreciat pentru acest tablou datorit\u0103 abilit\u0103\u021bilor sale de a picta \u00een stil realist.<\/span><\/p>\n<p><span style=\"font-weight: 400;\">3. Aproape toate picturile lui Waterhouse au ca subiect principal o femeie care este \u00eenf\u0103\u021bi\u0219at\u0103 fragil\u0103, tragic\u0103, fatal\u0103 sau puternic\u0103 \u0219i \u00eenv\u0103luit\u0103 de fiecare dat\u0103 de o aur\u0103 de mister.<\/span><\/p>\n<p><span style=\"font-weight: 400;\">4. Unii critici apreciaz\u0103 c\u0103 \u00een anumite lucr\u0103ri, artistul <\/span><span style=\"font-weight: 400;\">portretizeaz\u0103 dorin\u021ba femeilor de a se elibera de lan\u021burile secolului al XIX-lea.<\/span><\/p>\n<p><span style=\"font-weight: 400;\">5. Waterhouse a mai \u00eenceput o serie de lucr\u0103ri \u00eenf\u0103\u021bi\u0219\u00e2nd-o pe Ophelia, eroina lui Shakespeare, dar seria a r\u0103mas neterminat\u0103.<\/span><\/p>\n<p><strong>Cum te ajut\u0103 puzzle-urile s\u0103 \u00ee\u021bi cre\u0219ti productivitatea?<\/strong><\/p>\n<p><span style=\"font-weight: 400;\">C\u00e2nd lucrezi la un puzzle 1000 piese, e\u0219ti concentrat \u0219i atent la s\u0103 nu-\u021bi scape niciun detaliu oric\u00e2t de mic. Pe m\u0103sur\u0103 ce avansezi cu lucrarea, devii tot mai motivat s\u0103 duci p\u00e2n\u0103 la cap\u0103t sarcina dificil\u0103 de a rezolva jocul puzzle. O minte relaxat\u0103 \u0219i antrenat\u0103, te ajut\u0103 s\u0103 fii mai productiv \u0219i la locul de munc\u0103, nu doar \u00een activit\u0103\u021bile de divertisment.<\/span><\/p>\n<p><span style=\"font-weight: 400;\">Cump\u0103r\u0103 acum puzzle 1000 piese <\/span><span style=\"font-weight: 400;\">John William Waterhouse &#8211; Lady of Shalott<\/span> <span style=\"font-weight: 400;\">\u0219i experimenteaz\u0103 o stare de relaxare profund\u0103. Ref\u0103 imaginea din acest puzzle de art\u0103, \u00eenr\u0103meaz\u0103 tabloul \u0219i decoreaz\u0103-\u021bi casa cu un obiect deosebit din puzzle 1000 piese.\u00a0<\/span><\/p>\n<p><span style=\"font-weight: 400;\">Puzzle de art\u0103 John William Waterhouse &#8211; Lady of Shalott poate fi oferit \u00een dar prietenilor pasiona\u021bi de puzzle adul\u021bi sau de picturi celebre.<\/span><\/p>\n","protected":false},"excerpt":{"rendered":"<p>Ia o pauz\u0103 de la ecrane! Rezolv\u0103 puzzle-uri de art\u0103 \u0219i tr\u0103ie\u0219te o experien\u021b\u0103 minunat\u0103 de relaxare \u0219i deta\u0219are. \u00cen<\/p>\n","protected":false},"featured_media":63399,"template":"","meta":[],"product_brand":[],"product_cat":[1454,1488,1560],"product_tag":[],"class_list":{"0":"post-17075","1":"product","2":"type-product","3":"status-publish","4":"has-post-thumbnail","6":"product_cat-puzzle","7":"product_cat-puzzle-adulti","8":"product_cat-puzzle-adulti-1000","9":"pa_bax-1273","10":"pa_brand-d_toys","11":"pa_country_of_manufacture-ro","12":"pa_filter_age-1315","13":"pa_painter-johnwilliamwaterhouse","14":"pa_tip_ambalaj-cutie","15":"pa_tip_puzzle-clasic","17":"first","18":"instock","19":"taxable","20":"shipping-taxable","21":"product-type-simple"},"yoast_head":"<!-- This site is optimized with the Yoast SEO plugin v20.1 - https:\/\/yoast.com\/wordpress\/plugins\/seo\/ -->\n<title>Puzzle adulti 1000 piese John William Waterhouse - The Lady of Shalott - Roovi B2B<\/title>\n<meta name=\"robots\" content=\"index, follow, max-snippet:-1, max-image-preview:large, max-video-preview:-1\" \/>\n<link rel=\"canonical\" href=\"https:\/\/www.roovi.ro\/puzzle-adulti-1000-piese-john-william-waterhouse-the-lady-of-shalott\/p\/\" \/>\n<meta property=\"og:locale\" content=\"ro_RO\" \/>\n<meta property=\"og:type\" content=\"article\" \/>\n<meta property=\"og:title\" content=\"Puzzle adulti 1000 piese John William Waterhouse - The Lady of Shalott - Roovi B2B\" \/>\n<meta property=\"og:description\" content=\"Ia o pauz\u0103 de la ecrane! Rezolv\u0103 puzzle-uri de art\u0103 \u0219i tr\u0103ie\u0219te o experien\u021b\u0103 minunat\u0103 de relaxare \u0219i deta\u0219are. \u00cen\" \/>\n<meta property=\"og:url\" content=\"https:\/\/www.roovi.ro\/puzzle-adulti-1000-piese-john-william-waterhouse-the-lady-of-shalott\/p\/\" \/>\n<meta property=\"og:site_name\" content=\"Roovi B2B\" \/>\n<meta property=\"article:publisher\" content=\"https:\/\/www.facebook.com\/wwwjucariero\" \/>\n<meta property=\"article:modified_time\" content=\"2025-03-17T10:47:11+00:00\" \/>\n<meta property=\"og:image\" content=\"https:\/\/business.roovi.com\/wp-content\/uploads\/2018\/04\/72757-WA-01-WEB.jpg\" \/>\n\t<meta property=\"og:image:width\" content=\"1200\" \/>\n\t<meta property=\"og:image:height\" content=\"1200\" \/>\n\t<meta property=\"og:image:type\" content=\"image\/jpeg\" \/>\n<meta name=\"twitter:label1\" content=\"Timp estimat pentru citire\" \/>\n\t<meta name=\"twitter:data1\" content=\"3 minute\" \/>\n<script type=\"application\/ld+json\" class=\"yoast-schema-graph\">{\"@context\":\"https:\/\/schema.org\",\"@graph\":[{\"@type\":\"WebPage\",\"@id\":\"https:\/\/business.roovi.com\/ro\/puzzle-adulti-1000-piese-john-william-waterhouse-the-lady-of-shalott\/p\/\",\"url\":\"https:\/\/www.roovi.ro\/puzzle-adulti-1000-piese-john-william-waterhouse-the-lady-of-shalott\/p\/\",\"name\":\"Puzzle adulti 1000 piese John William Waterhouse - The Lady of Shalott - Roovi B2B\",\"isPartOf\":{\"@id\":\"https:\/\/business.roovi.com\/ro\/#website\"},\"datePublished\":\"2018-04-16T10:56:17+00:00\",\"dateModified\":\"2025-03-17T10:47:11+00:00\",\"breadcrumb\":{\"@id\":\"https:\/\/www.roovi.ro\/puzzle-adulti-1000-piese-john-william-waterhouse-the-lady-of-shalott\/p\/#breadcrumb\"},\"inLanguage\":\"ro-RO\",\"potentialAction\":[{\"@type\":\"ReadAction\",\"target\":[\"https:\/\/www.roovi.ro\/puzzle-adulti-1000-piese-john-william-waterhouse-the-lady-of-shalott\/p\/\"]}]},{\"@type\":\"BreadcrumbList\",\"@id\":\"https:\/\/www.roovi.ro\/puzzle-adulti-1000-piese-john-william-waterhouse-the-lady-of-shalott\/p\/#breadcrumb\",\"itemListElement\":[{\"@type\":\"ListItem\",\"position\":1,\"name\":\"Home\",\"item\":\"https:\/\/business.roovi.com\/ro\/\"},{\"@type\":\"ListItem\",\"position\":2,\"name\":\"Magazin\",\"item\":\"https:\/\/business.roovi.com\/ro\/magazin\/\"},{\"@type\":\"ListItem\",\"position\":3,\"name\":\"Puzzle adulti 1000 piese John William Waterhouse &#8211; The Lady of Shalott\"}]},{\"@type\":\"WebSite\",\"@id\":\"https:\/\/business.roovi.com\/ro\/#website\",\"url\":\"https:\/\/business.roovi.com\/ro\/\",\"name\":\"Roovi B2B\",\"description\":\"Roovi Business Website\",\"potentialAction\":[{\"@type\":\"SearchAction\",\"target\":{\"@type\":\"EntryPoint\",\"urlTemplate\":\"https:\/\/business.roovi.com\/ro\/?s={search_term_string}\"},\"query-input\":\"required name=search_term_string\"}],\"inLanguage\":\"ro-RO\"}]}<\/script>\n<!-- \/ Yoast SEO plugin. -->","yoast_head_json":{"title":"Puzzle adulti 1000 piese John William Waterhouse - The Lady of Shalott - Roovi B2B","robots":{"index":"index","follow":"follow","max-snippet":"max-snippet:-1","max-image-preview":"max-image-preview:large","max-video-preview":"max-video-preview:-1"},"canonical":"https:\/\/www.roovi.ro\/puzzle-adulti-1000-piese-john-william-waterhouse-the-lady-of-shalott\/p\/","og_locale":"ro_RO","og_type":"article","og_title":"Puzzle adulti 1000 piese John William Waterhouse - The Lady of Shalott - Roovi B2B","og_description":"Ia o pauz\u0103 de la ecrane! Rezolv\u0103 puzzle-uri de art\u0103 \u0219i tr\u0103ie\u0219te o experien\u021b\u0103 minunat\u0103 de relaxare \u0219i deta\u0219are. \u00cen","og_url":"https:\/\/www.roovi.ro\/puzzle-adulti-1000-piese-john-william-waterhouse-the-lady-of-shalott\/p\/","og_site_name":"Roovi B2B","article_publisher":"https:\/\/www.facebook.com\/wwwjucariero","article_modified_time":"2025-03-17T10:47:11+00:00","og_image":[{"width":1200,"height":1200,"url":"https:\/\/business.roovi.com\/wp-content\/uploads\/2018\/04\/72757-WA-01-WEB.jpg","type":"image\/jpeg"}],"twitter_misc":{"Timp estimat pentru citire":"3 minute"},"schema":{"@context":"https:\/\/schema.org","@graph":[{"@type":"WebPage","@id":"https:\/\/business.roovi.com\/ro\/puzzle-adulti-1000-piese-john-william-waterhouse-the-lady-of-shalott\/p\/","url":"https:\/\/www.roovi.ro\/puzzle-adulti-1000-piese-john-william-waterhouse-the-lady-of-shalott\/p\/","name":"Puzzle adulti 1000 piese John William Waterhouse - The Lady of Shalott - Roovi B2B","isPartOf":{"@id":"https:\/\/business.roovi.com\/ro\/#website"},"datePublished":"2018-04-16T10:56:17+00:00","dateModified":"2025-03-17T10:47:11+00:00","breadcrumb":{"@id":"https:\/\/www.roovi.ro\/puzzle-adulti-1000-piese-john-william-waterhouse-the-lady-of-shalott\/p\/#breadcrumb"},"inLanguage":"ro-RO","potentialAction":[{"@type":"ReadAction","target":["https:\/\/www.roovi.ro\/puzzle-adulti-1000-piese-john-william-waterhouse-the-lady-of-shalott\/p\/"]}]},{"@type":"BreadcrumbList","@id":"https:\/\/www.roovi.ro\/puzzle-adulti-1000-piese-john-william-waterhouse-the-lady-of-shalott\/p\/#breadcrumb","itemListElement":[{"@type":"ListItem","position":1,"name":"Home","item":"https:\/\/business.roovi.com\/ro\/"},{"@type":"ListItem","position":2,"name":"Magazin","item":"https:\/\/business.roovi.com\/ro\/magazin\/"},{"@type":"ListItem","position":3,"name":"Puzzle adulti 1000 piese John William Waterhouse &#8211; The Lady of Shalott"}]},{"@type":"WebSite","@id":"https:\/\/business.roovi.com\/ro\/#website","url":"https:\/\/business.roovi.com\/ro\/","name":"Roovi B2B","description":"Roovi Business Website","potentialAction":[{"@type":"SearchAction","target":{"@type":"EntryPoint","urlTemplate":"https:\/\/business.roovi.com\/ro\/?s={search_term_string}"},"query-input":"required name=search_term_string"}],"inLanguage":"ro-RO"}]}},"_links":{"self":[{"href":"https:\/\/business.roovi.com\/ro\/wp-json\/wp\/v2\/product\/17075","targetHints":{"allow":["GET"]}}],"collection":[{"href":"https:\/\/business.roovi.com\/ro\/wp-json\/wp\/v2\/product"}],"about":[{"href":"https:\/\/business.roovi.com\/ro\/wp-json\/wp\/v2\/types\/product"}],"version-history":[{"count":0,"href":"https:\/\/business.roovi.com\/ro\/wp-json\/wp\/v2\/product\/17075\/revisions"}],"wp:featuredmedia":[{"embeddable":true,"href":"https:\/\/business.roovi.com\/ro\/wp-json\/wp\/v2\/media\/63399"}],"wp:attachment":[{"href":"https:\/\/business.roovi.com\/ro\/wp-json\/wp\/v2\/media?parent=17075"}],"wp:term":[{"taxonomy":"product_brand","embeddable":true,"href":"https:\/\/business.roovi.com\/ro\/wp-json\/wp\/v2\/product_brand?post=17075"},{"taxonomy":"product_cat","embeddable":true,"href":"https:\/\/business.roovi.com\/ro\/wp-json\/wp\/v2\/product_cat?post=17075"},{"taxonomy":"product_tag","embeddable":true,"href":"https:\/\/business.roovi.com\/ro\/wp-json\/wp\/v2\/product_tag?post=17075"}],"curies":[{"name":"wp","href":"https:\/\/api.w.org\/{rel}","templated":true}]}}