{"id":17090,"date":"2018-04-16T10:56:17","date_gmt":"2018-04-16T10:56:17","guid":{"rendered":"https:\/\/business.roovi.com\/product\/puzzle-descopera-europa-1000-piese-2\/"},"modified":"2025-03-18T09:30:11","modified_gmt":"2025-03-18T09:30:11","slug":"puzzle-adulti-1000-piese-discover-europe-sighisoara-romania","status":"publish","type":"product","link":"https:\/\/business.roovi.com\/ro\/puzzle-adulti-1000-piese-discover-europe-sighisoara-romania\/p\/","title":{"rendered":"Puzzle Sighi\u0219oara, Romania &#8211; Puzzle adul\u021bi 1000 piese &#8211; Discover Europe"},"content":{"rendered":"<p><strong><em>Descoper\u0103 Europa \u00een mod inedit! Pune pies\u0103 l\u00e2ng\u0103 pies\u0103 \u0219i reconstituie din jocuri puzzle\u00a0 imagini fascinante ale unora dintre cele mai cunoscute obiective turistice de pe b\u0103tr\u00e2nul continent.<\/em><\/strong><\/p>\n<p><span style=\"font-weight: 400;\">Puzzle 1000 piese Sighi\u0219oara din colec\u021bia Descoper\u0103 Europa te poart\u0103 la pas prin cea mai mare cetate medieval\u0103 din Europa, locuit\u0103 f\u0103r\u0103 \u00eentrerupere p\u00e2n\u0103 \u00een ziua de azi.<\/span><\/p>\n<p><span style=\"font-weight: 400;\">Sighi\u0219oara este f\u0103r\u0103 \u00eendoial\u0103 un ora\u0219 medieval vibrant, cu str\u0103du\u021be pietruite \u0219i c\u0103su\u021be colorate ce p\u0103streaz\u0103 viu spiritul vremurilor \u00eendep\u0103rtate.\u00a0<\/span><\/p>\n<p><span style=\"font-weight: 400;\">Dac\u0103 mergi \u00een vizit\u0103 la sf\u00e2r\u0219itul lunii iulie, ai toate \u0219ansele s\u0103 vezi plimb\u00e2ndu-se pe str\u0103zi cavaleri \u0219i domni\u021be \u00eembr\u0103ca\u021bi \u00een costume de poveste sau s\u0103 asi\u0219ti la lupte cu spade \u00eentre cavaleri medievali. Este vremea celebrului Festival Medieval din Sighi\u0219oara ce adun\u0103 anual turi\u0219ti curio\u0219i din toate col\u021burile lumii.<\/span><\/p>\n<p><span style=\"font-weight: 400;\">Dac\u0103 te fascineaz\u0103 legenda lui Dracula, ai ocazia s\u0103 descoperi detalii ne\u0219tiute \u00een vizita la casa \u00een care s-a n\u0103scut Vlad \u021aepe\u0219. Un ora\u0219 cu o istorie fascinant\u0103, pres\u0103rat\u0103 de mit \u0219i legende po\u021bi descoperi acum prin intermediul unui puzzle adul\u021bi deosebit.<\/span><\/p>\n<p><span style=\"font-weight: 400;\">Te invit\u0103m a\u0219adar \u00een inima Transilvaniei, s\u0103 recl\u0103de\u0219ti din 1000 de piese puzzle o imagine superb\u0103 surprins\u0103 \u00een cetatea medieval\u0103 Sighi\u0219oara.<\/span><\/p>\n<p><strong>De ce s\u0103 alegi puzzle 1000 piese Descoper\u0103 Europa &#8211; Sighi\u0219oara?\u00a0<\/strong><\/p>\n<p><span style=\"font-weight: 400;\">Este o modalitate relaxant\u0103 de a descoperi frumuse\u021bea unui obiectiv turistic remarcabil.<\/span><\/p>\n<p><span style=\"font-weight: 400;\">Ob\u021bii un tablou cu dimensiunile de 68 x 47 cm al <\/span><span style=\"font-weight: 400;\">al unei str\u0103du\u021be pietruite din Sighi\u0219oara, pe fundal av\u00e2nd Turnul cu Ceas<\/span><span style=\"font-weight: 400;\">.<\/span><\/p>\n<p><span style=\"font-weight: 400;\">Este produs din carton albastru de calitate superioar\u0103, foarte rezistent, astfel c\u0103 po\u021bi asambla imaginea de mai multe ori f\u0103r\u0103 ca piesele s\u0103 se deterioreze.<\/span><\/p>\n<p><span style=\"font-weight: 400;\">Utiliz\u0103m materiale reciclabile \u0219i sustenabile \u00een realizarea fiec\u0103rui joc puzzle.<\/span><\/p>\n<p><span style=\"font-weight: 400;\">Are finisaj semi-lucios, \u00een culori pl\u0103cute ce confer\u0103 claritate imaginii.<\/span><\/p>\n<p><span style=\"font-weight: 400;\">Este potrivit persoanelor peste 14 ani &#8211; prilej de a le prezenta adolescen\u021bilor istoria fascinant\u0103 a Sighi\u0219oarei.<\/span><\/p>\n<p><span style=\"font-weight: 400;\">Un puzzle 1000 piese cu imagini ale atrac\u021biilor turistice din Europa este o activitate recreativ\u0103 cu beneficii multiple:<\/span><\/p>\n<ul>\n<li><span style=\"font-weight: 400;\">\u00ce\u021bi antreneaz\u0103 coordonarea, dexteritatea \u0219i motricitatea fin\u0103.<\/span><\/li>\n<li><span style=\"font-weight: 400;\">\u00ce\u021bi cultiv\u0103 r\u0103bdarea.<\/span><\/li>\n<li><span style=\"font-weight: 400;\">Este un antrenament excelent pentru creier, men\u021bin\u00e2nd s\u0103n\u0103tatea acestuia.<\/span><\/li>\n<li><span style=\"font-weight: 400;\">\u00ce\u021bi ofer\u0103 o stare de optimism \u0219i te deconecteaz\u0103 de la grijile zilnice.<\/span><\/li>\n<\/ul>\n<p><strong>\u0218tiai c\u0103\u2026?<\/strong><\/p>\n<p><span style=\"font-weight: 400;\">Turnul cu ceas din Sighi\u0219oara are o \u00een\u0103l\u021bime de 64 de metri \u0219i a fost construit cu scopul de a ap\u0103ra cetatea.<\/span><\/p>\n<p><span style=\"font-weight: 400;\">Pe vremuri, cetatea Sighi\u0219oara era \u00eenconjurat\u0103 de un zid cu 14 turnuri, c\u00e2te unul pentru fiecare breasl\u0103 me\u0219te\u0219ug\u0103reasc\u0103 din ora\u0219. Ast\u0103zi mai exist\u0103 9 dintre ele care pot fi admirate \u00eentr-o vizit\u0103 \u00een ora\u0219.\u00a0<\/span><\/p>\n<p><em><span style=\"font-weight: 400;\">Scara \u0218colarilor<\/span><\/em><span style=\"font-weight: 400;\"> sau <\/span><em><span style=\"font-weight: 400;\">Scara Acoperit\u0103<\/span><\/em><span style=\"font-weight: 400;\"> avea ini\u021bial 300 de trepte, ast\u0103zi are 175, \u0219i a fost construit\u0103 \u00een anul 1642 pentru a facilita accesul elevilor la \u0218coala din Deal.\u00a0<\/span><\/p>\n<p><span style=\"font-weight: 400;\">P\u00e2n\u0103 la cel de-al II-lea R\u0103zboi Mondial Sighi\u0219oara a avut o orchestr\u0103 simfonic\u0103. Un oaspete de seam\u0103 al ora\u0219ului datorit\u0103 acesteia a fost muzicianul <\/span><span style=\"font-weight: 400;\">Johannes Brahms.<\/span><\/p>\n<p><strong>Puzzle 1000 piese Sighi\u0219oara &#8211; o experien\u021b\u0103 creativ\u0103 \u0219i de cunoa\u0219tere<\/strong><\/p>\n<p><span style=\"font-weight: 400;\">Puzzle 1000 piese Discover Europe &#8211; Sighi\u0219oara \u00ee\u021bi ofer\u0103 multe ore de lini\u0219te \u0219i armonie de care orice pasionat de jocuri puzzle are nevoie. Dac\u0103 vrei s\u0103 le \u00eemp\u0103rt\u0103\u0219e\u0219ti copiilor t\u0103i secretele de asamblare ale unui puzzle 1000 piese, ai acum prilejul perfect.\u00a0<\/span><\/p>\n<p><span style=\"font-weight: 400;\">Transform\u0103 astfel o activitate solitar\u0103 \u00eentr-o experien\u021b\u0103 distractiv\u0103 \u00eempreun\u0103 cu adolescen\u021bii. G\u00e2ndi\u021bi strategii inovatoare \u0219i alc\u0103tui\u021bi \u00eempreun\u0103 imaginea fascinantei cet\u0103\u021bi medievale. Cu puzzle 1000 piese Sighi\u0219oara petreci timp de calitate \u0219i construie\u0219ti amintiri de neuitat al\u0103turi de cei dragi.\u00a0<\/span><\/p>\n<p><span style=\"font-weight: 400;\">De asemenea, acest puzzle adul\u021bi poate fi un cadou potrivit oferit de s\u0103rb\u0103tori sau cu ocazii aniversare.<\/span><\/p>\n","protected":false},"excerpt":{"rendered":"<p>Descoper\u0103 Europa \u00een mod inedit! Pune pies\u0103 l\u00e2ng\u0103 pies\u0103 \u0219i reconstituie din jocuri puzzle\u00a0 imagini fascinante ale unora dintre cele<\/p>\n","protected":false},"featured_media":17076,"template":"","meta":[],"product_brand":[],"product_cat":[1454,1488,1560],"product_tag":[],"class_list":{"0":"post-17090","1":"product","2":"type-product","3":"status-publish","4":"has-post-thumbnail","6":"product_cat-puzzle","7":"product_cat-puzzle-adulti","8":"product_cat-puzzle-adulti-1000","9":"pa_bax-1304","10":"pa_brand-d_toys","11":"pa_country_of_manufacture-ro","12":"pa_filter_age-1315","13":"pa_painter-discovereurope","14":"pa_tip_ambalaj-cutie","15":"pa_tip_puzzle-clasic","17":"first","18":"instock","19":"taxable","20":"shipping-taxable","21":"product-type-simple"},"yoast_head":"<!-- This site is optimized with the Yoast SEO plugin v20.1 - https:\/\/yoast.com\/wordpress\/plugins\/seo\/ -->\n<title>Puzzle Sighi\u0219oara, Romania - Puzzle adul\u021bi 1000 piese - Discover Europe - Roovi B2B<\/title>\n<meta name=\"robots\" content=\"index, follow, max-snippet:-1, max-image-preview:large, max-video-preview:-1\" \/>\n<link rel=\"canonical\" href=\"https:\/\/www.roovi.ro\/puzzle-adulti-1000-piese-discover-europe-sighisoara-romania\/p\/\" \/>\n<meta property=\"og:locale\" content=\"ro_RO\" \/>\n<meta property=\"og:type\" content=\"article\" \/>\n<meta property=\"og:title\" content=\"Puzzle Sighi\u0219oara, Romania - Puzzle adul\u021bi 1000 piese - Discover Europe - Roovi B2B\" \/>\n<meta property=\"og:description\" content=\"Descoper\u0103 Europa \u00een mod inedit! Pune pies\u0103 l\u00e2ng\u0103 pies\u0103 \u0219i reconstituie din jocuri puzzle\u00a0 imagini fascinante ale unora dintre cele\" \/>\n<meta property=\"og:url\" content=\"https:\/\/www.roovi.ro\/puzzle-adulti-1000-piese-discover-europe-sighisoara-romania\/p\/\" \/>\n<meta property=\"og:site_name\" content=\"Roovi B2B\" \/>\n<meta property=\"article:publisher\" content=\"https:\/\/www.facebook.com\/wwwjucariero\" \/>\n<meta property=\"article:modified_time\" content=\"2025-03-18T09:30:11+00:00\" \/>\n<meta property=\"og:image\" content=\"https:\/\/business.roovi.com\/wp-content\/uploads\/2018\/04\/65995-02-ansamblu_dimensiuni-cutie-22x22-cm.png\" \/>\n\t<meta property=\"og:image:width\" content=\"1200\" \/>\n\t<meta property=\"og:image:height\" content=\"1200\" \/>\n\t<meta property=\"og:image:type\" content=\"image\/png\" \/>\n<meta name=\"twitter:label1\" content=\"Timp estimat pentru citire\" \/>\n\t<meta name=\"twitter:data1\" content=\"3 minute\" \/>\n<script type=\"application\/ld+json\" class=\"yoast-schema-graph\">{\"@context\":\"https:\/\/schema.org\",\"@graph\":[{\"@type\":\"WebPage\",\"@id\":\"https:\/\/business.roovi.com\/ro\/puzzle-adulti-1000-piese-discover-europe-sighisoara-romania\/p\/\",\"url\":\"https:\/\/www.roovi.ro\/puzzle-adulti-1000-piese-discover-europe-sighisoara-romania\/p\/\",\"name\":\"Puzzle Sighi\u0219oara, Romania - Puzzle adul\u021bi 1000 piese - Discover Europe - Roovi B2B\",\"isPartOf\":{\"@id\":\"https:\/\/business.roovi.com\/ro\/#website\"},\"datePublished\":\"2018-04-16T10:56:17+00:00\",\"dateModified\":\"2025-03-18T09:30:11+00:00\",\"breadcrumb\":{\"@id\":\"https:\/\/www.roovi.ro\/puzzle-adulti-1000-piese-discover-europe-sighisoara-romania\/p\/#breadcrumb\"},\"inLanguage\":\"ro-RO\",\"potentialAction\":[{\"@type\":\"ReadAction\",\"target\":[\"https:\/\/www.roovi.ro\/puzzle-adulti-1000-piese-discover-europe-sighisoara-romania\/p\/\"]}]},{\"@type\":\"BreadcrumbList\",\"@id\":\"https:\/\/www.roovi.ro\/puzzle-adulti-1000-piese-discover-europe-sighisoara-romania\/p\/#breadcrumb\",\"itemListElement\":[{\"@type\":\"ListItem\",\"position\":1,\"name\":\"Home\",\"item\":\"https:\/\/business.roovi.com\/ro\/\"},{\"@type\":\"ListItem\",\"position\":2,\"name\":\"Magazin\",\"item\":\"https:\/\/business.roovi.com\/ro\/magazin\/\"},{\"@type\":\"ListItem\",\"position\":3,\"name\":\"Puzzle Sighi\u0219oara, Romania &#8211; Puzzle adul\u021bi 1000 piese &#8211; Discover Europe\"}]},{\"@type\":\"WebSite\",\"@id\":\"https:\/\/business.roovi.com\/ro\/#website\",\"url\":\"https:\/\/business.roovi.com\/ro\/\",\"name\":\"Roovi B2B\",\"description\":\"Roovi Business Website\",\"potentialAction\":[{\"@type\":\"SearchAction\",\"target\":{\"@type\":\"EntryPoint\",\"urlTemplate\":\"https:\/\/business.roovi.com\/ro\/?s={search_term_string}\"},\"query-input\":\"required name=search_term_string\"}],\"inLanguage\":\"ro-RO\"}]}<\/script>\n<!-- \/ Yoast SEO plugin. -->","yoast_head_json":{"title":"Puzzle Sighi\u0219oara, Romania - Puzzle adul\u021bi 1000 piese - Discover Europe - Roovi B2B","robots":{"index":"index","follow":"follow","max-snippet":"max-snippet:-1","max-image-preview":"max-image-preview:large","max-video-preview":"max-video-preview:-1"},"canonical":"https:\/\/www.roovi.ro\/puzzle-adulti-1000-piese-discover-europe-sighisoara-romania\/p\/","og_locale":"ro_RO","og_type":"article","og_title":"Puzzle Sighi\u0219oara, Romania - Puzzle adul\u021bi 1000 piese - Discover Europe - Roovi B2B","og_description":"Descoper\u0103 Europa \u00een mod inedit! Pune pies\u0103 l\u00e2ng\u0103 pies\u0103 \u0219i reconstituie din jocuri puzzle\u00a0 imagini fascinante ale unora dintre cele","og_url":"https:\/\/www.roovi.ro\/puzzle-adulti-1000-piese-discover-europe-sighisoara-romania\/p\/","og_site_name":"Roovi B2B","article_publisher":"https:\/\/www.facebook.com\/wwwjucariero","article_modified_time":"2025-03-18T09:30:11+00:00","og_image":[{"width":1200,"height":1200,"url":"https:\/\/business.roovi.com\/wp-content\/uploads\/2018\/04\/65995-02-ansamblu_dimensiuni-cutie-22x22-cm.png","type":"image\/png"}],"twitter_misc":{"Timp estimat pentru citire":"3 minute"},"schema":{"@context":"https:\/\/schema.org","@graph":[{"@type":"WebPage","@id":"https:\/\/business.roovi.com\/ro\/puzzle-adulti-1000-piese-discover-europe-sighisoara-romania\/p\/","url":"https:\/\/www.roovi.ro\/puzzle-adulti-1000-piese-discover-europe-sighisoara-romania\/p\/","name":"Puzzle Sighi\u0219oara, Romania - Puzzle adul\u021bi 1000 piese - Discover Europe - Roovi B2B","isPartOf":{"@id":"https:\/\/business.roovi.com\/ro\/#website"},"datePublished":"2018-04-16T10:56:17+00:00","dateModified":"2025-03-18T09:30:11+00:00","breadcrumb":{"@id":"https:\/\/www.roovi.ro\/puzzle-adulti-1000-piese-discover-europe-sighisoara-romania\/p\/#breadcrumb"},"inLanguage":"ro-RO","potentialAction":[{"@type":"ReadAction","target":["https:\/\/www.roovi.ro\/puzzle-adulti-1000-piese-discover-europe-sighisoara-romania\/p\/"]}]},{"@type":"BreadcrumbList","@id":"https:\/\/www.roovi.ro\/puzzle-adulti-1000-piese-discover-europe-sighisoara-romania\/p\/#breadcrumb","itemListElement":[{"@type":"ListItem","position":1,"name":"Home","item":"https:\/\/business.roovi.com\/ro\/"},{"@type":"ListItem","position":2,"name":"Magazin","item":"https:\/\/business.roovi.com\/ro\/magazin\/"},{"@type":"ListItem","position":3,"name":"Puzzle Sighi\u0219oara, Romania &#8211; Puzzle adul\u021bi 1000 piese &#8211; Discover Europe"}]},{"@type":"WebSite","@id":"https:\/\/business.roovi.com\/ro\/#website","url":"https:\/\/business.roovi.com\/ro\/","name":"Roovi B2B","description":"Roovi Business Website","potentialAction":[{"@type":"SearchAction","target":{"@type":"EntryPoint","urlTemplate":"https:\/\/business.roovi.com\/ro\/?s={search_term_string}"},"query-input":"required name=search_term_string"}],"inLanguage":"ro-RO"}]}},"_links":{"self":[{"href":"https:\/\/business.roovi.com\/ro\/wp-json\/wp\/v2\/product\/17090","targetHints":{"allow":["GET"]}}],"collection":[{"href":"https:\/\/business.roovi.com\/ro\/wp-json\/wp\/v2\/product"}],"about":[{"href":"https:\/\/business.roovi.com\/ro\/wp-json\/wp\/v2\/types\/product"}],"version-history":[{"count":0,"href":"https:\/\/business.roovi.com\/ro\/wp-json\/wp\/v2\/product\/17090\/revisions"}],"wp:featuredmedia":[{"embeddable":true,"href":"https:\/\/business.roovi.com\/ro\/wp-json\/wp\/v2\/media\/17076"}],"wp:attachment":[{"href":"https:\/\/business.roovi.com\/ro\/wp-json\/wp\/v2\/media?parent=17090"}],"wp:term":[{"taxonomy":"product_brand","embeddable":true,"href":"https:\/\/business.roovi.com\/ro\/wp-json\/wp\/v2\/product_brand?post=17090"},{"taxonomy":"product_cat","embeddable":true,"href":"https:\/\/business.roovi.com\/ro\/wp-json\/wp\/v2\/product_cat?post=17090"},{"taxonomy":"product_tag","embeddable":true,"href":"https:\/\/business.roovi.com\/ro\/wp-json\/wp\/v2\/product_tag?post=17090"}],"curies":[{"name":"wp","href":"https:\/\/api.w.org\/{rel}","templated":true}]}}