{"id":17105,"date":"2018-04-16T10:56:17","date_gmt":"2018-04-16T10:56:17","guid":{"rendered":"https:\/\/business.roovi.com\/product\/puzzle-descopera-europa-1000-piese-4\/"},"modified":"2023-03-20T21:45:24","modified_gmt":"2023-03-20T21:45:24","slug":"puzzle-adulti-1000-piese-discover-europe-casa-batllo-barcelona","status":"publish","type":"product","link":"https:\/\/business.roovi.com\/ro\/puzzle-adulti-1000-piese-discover-europe-casa-batllo-barcelona\/p\/","title":{"rendered":"Puzzle Casa Batll\u00f3, Barcelona &#8211; Puzzle adul\u021bi 1000 piese &#8211; Discover Europe"},"content":{"rendered":"<p><strong><em>Atrac\u021bii turistice fascinante din Europa te a\u0219teapt\u0103 s\u0103 le explorezi cu noua colec\u021bie puzzle adul\u021bi 1000 piese Discover Europe.<\/em><\/strong><\/p>\n<p><span style=\"font-weight: 400;\">Din aceast\u0103 colec\u021bie fascinant\u0103 nu putea lipsi un obiectiv emblematic din Barcelona: Casa <\/span><span style=\"font-weight: 400;\">Batll\u00f3<\/span><span style=\"font-weight: 400;\">. Celebra construc\u021bie este opera de art\u0103 a lui <\/span><span style=\"font-weight: 400;\">Antoni Gaud\u00ed, arhitectul catalan care a creat un limbaj arhitectural unic ce sfideaz\u0103 orice clasificare.\u00a0<\/span><\/p>\n<p><span style=\"font-weight: 400;\">Designul acestei cl\u0103diri evoc\u0103 spiritul liber \u0219i creativ al genialului Gaud\u00ed. Fa\u021bada cu mozaic din pl\u0103ci ceramice sparte, acoperi\u0219ul arcuit asemenea spatelui unui dragon, precum \u0219i armonia perfect\u0103 a culorilor, impresioneaz\u0103 orice privitor, iar trec\u0103torii se opresc s\u0103 admire superba cl\u0103dire \u00een orice moment al zilei.<\/span><\/p>\n<p><span style=\"font-weight: 400;\">Las\u0103-te inspirat de g\u00e2ndurile creatoare \u0219i recreeaz\u0103 fa\u021bada spectaculoas\u0103 din 1000 piese puzzle a Casei Batll\u00f3. Vei experimenta tr\u0103irile unui creator des\u0103v\u00e2r\u0219it din m\u00e2inile c\u0103ruia se na\u0219te o capodoper\u0103 veritabil\u0103.\u00a0<\/span><\/p>\n<p><span style=\"font-weight: 400;\">La final \u00ee\u021bi va \u00eenc\u00e2nta sim\u021burile o fa\u021bad\u0103 exuberant\u0103, de inspira\u021bie marin\u0103, care la lumina zilei te poart\u0103 \u00eentr-o c\u0103l\u0103torie inedit\u0103 \u00een lumea m\u0103rilor, a frumosului \u0219i a artei.\u00a0<\/span><\/p>\n<p><strong>De ce s\u0103 alegi puzzle 1000 piese Casa Batll\u00f3?<\/strong><\/p>\n<p><span style=\"font-weight: 400;\">Ai ocazia s\u0103-\u021bi f\u0103ure\u0219ti un tablou unic \u0219i s\u0103 admiri \u00een detaliu elementele arhitecturale de excep\u021bie ale unui monument celebru \u00een lume.<\/span><\/p>\n<p><span style=\"font-weight: 400;\">Ob\u021bii un tablou cu dimensiunile de 68 x 47 cm care va da o not\u0103 rafinat\u0103 oric\u0103rui loc anost din casa ta.<\/span><\/p>\n<p><span style=\"font-weight: 400;\">Este produs din carton albastru de calitate superioar\u0103 care confer\u0103 rezisten\u021b\u0103 pieselor chiar \u0219i la asambl\u0103ri multiple.<\/span><\/p>\n<p><span style=\"font-weight: 400;\">Utiliz\u0103m \u00een producerea jocurilor puzzle doar materiale sustenabile \u0219i reciclabile.<\/span><\/p>\n<p><span style=\"font-weight: 400;\">Are finisaje semi-lucioase \u0219i culori vii ce scot \u00een eviden\u021b\u0103 frumuse\u021bea imaginii.<\/span><\/p>\n<p><span style=\"font-weight: 400;\">Potrivit persoanelor peste 14 ani, un motiv \u00een plus pentru a le face cuno\u0219tin\u021b\u0103 adolescen\u021bilor cu opera marelui Gaud\u00ed.<\/span><\/p>\n<p><span style=\"font-weight: 400;\">Jocurile puzzle \u00ee\u021bi ofer\u0103 multiple beneficii care se reflect\u0103 \u00een activit\u0103\u021bile tale curente:<\/span><\/p>\n<ul>\n<li><span style=\"font-weight: 400;\">Sunt un instrument de deta\u0219are de la cotidian.<\/span><\/li>\n<li><span style=\"font-weight: 400;\">\u00ce\u021bi cultiv\u0103 r\u0103bdarea, perseveren\u021ba \u0219i aten\u021bia la detalii.<\/span><\/li>\n<li><span style=\"font-weight: 400;\">\u00ce\u021bi \u00eembun\u0103t\u0103\u021besc capacitatea de a rezolva probleme.<\/span><\/li>\n<li><span style=\"font-weight: 400;\">Cresc nivelul dopaminei, hormonul fericirii \u0219i \u00ee\u021bi dau un sentiment de satisfac\u021bie \u0219i optimism.<\/span><\/li>\n<li><span style=\"font-weight: 400;\">Te ajut\u0103 s\u0103 devii mai productiv pentru c\u0103 \u00ee\u021bi men\u021bin aten\u021bia pe o singur\u0103 sarcin\u0103 un timp \u00eendelungat.<\/span><\/li>\n<\/ul>\n<p><strong>\u0218tiai c\u0103\u2026?<\/strong><\/p>\n<p><span style=\"font-weight: 400;\">Denumirea <\/span><em><span style=\"font-weight: 400;\">Casa Batll\u00f3 <\/span><\/em><span style=\"font-weight: 400;\">\u00eenseamn\u0103 <\/span><em><span style=\"font-weight: 400;\">Casa oaselor<\/span><\/em><span style=\"font-weight: 400;\"> \u0219i provine de la faptul c\u0103 detaliile fa\u021badei sugereaz\u0103 forme de oase. Se presupune c\u0103 acestea ar fi oase ale victimelor balaurului pe care l-a \u00eenvins Sf. Gheorghe.<\/span><\/p>\n<p><span style=\"font-weight: 400;\">Josep Batll\u00f3, afaceristul care a cump\u0103rat aceast\u0103 cl\u0103dire \u00een 1903, inten\u021biona s\u0103 o demoleze \u0219i s\u0103 \u00ee\u0219i construiasc\u0103 o nou\u0103 cas\u0103. Gaud\u00ed l-a convins \u00eens\u0103 c\u0103 acest lucru nu este necesar, a reg\u00e2ndit designul acesteia \u0219i a reamenajat-o \u00een stilul s\u0103u inconfundabil Art Nouveau.<\/span><\/p>\n<p><span style=\"font-weight: 400;\">Pe fa\u021bada Casei Batll\u00f3 se remarc\u0103 un tip de decor creat din buc\u0103\u021bi de sticl\u0103 spart\u0103 adunat\u0103 \u00eentr-un mozaic, procedeu denumit <\/span><em><span style=\"font-weight: 400;\">trencad\u00eds. <\/span><\/em><span style=\"font-weight: 400;\">\u00a0Aceasta a fost una dintre tehnicile preferate ale arhitectului datorit\u0103 sustenabilit\u0103\u021bii \u0219i valorii sale estetice.<\/span><\/p>\n<p><strong>Cau\u021bi o modalitate s\u0103 te eliberezi de stres? Puzzle 1000 piese \u00ee\u021bi vine \u00een ajutor<\/strong><\/p>\n<p><span style=\"font-weight: 400;\">C\u00e2nd \u00ee\u021bi petreci timpul alc\u0103tuind din 1000 piese puzzle una dintre capodoperele lui Gaud\u00ed, te eliberezi de orice g\u00e2nd negativ \u0219i de stres. Toate grijile p\u0103lesc \u00een fa\u021ba unei opere de art\u0103. Experimentezi o activitate de crea\u021bie \u0219i o stare de pace pe care doar frumosul \u0219i culoarea \u021bi le pot aduce.<\/span><\/p>\n<p><span style=\"font-weight: 400;\">Las\u0103-te purtat de energia pozitiv\u0103 \u0219i optimismul creator pe care-l eman\u0103 fiecare pies\u0103 din puzzle adul\u021bi Casa Batll\u00f3 \u0219i ia o pauz\u0103 de la agita\u021bia cotidian\u0103.<\/span><\/p>\n<p><span style=\"font-weight: 400;\">Puzzle 1000 piese Casa Batll\u00f3<\/span> <span style=\"font-weight: 400;\">\u00ee\u021bi ofer\u0103 numai motive de bucurie.\u00cel po\u021bi cump\u0103ra pentru a-l asambla \u00een momentele \u00een care sim\u021bi nevoia s\u0103 te retragi \u00een lumea ta interioar\u0103, pentru a petrece timp de calitate cu familia sau cu prietenii sau chiar pentru a-l face cadou oamenilor dragi.<\/span><\/p>\n<p><span style=\"font-weight: 400;\">Descoper\u0103 toate jocurile puzzle din gama Discover Europe \u0219i creeaz\u0103-\u021bi o colec\u021bie uimitoare de tablouri din puzzle 1000 piese.\u00a0<\/span><\/p>\n<p>\u00a0<\/p>\n","protected":false},"excerpt":{"rendered":"<p>Atrac\u021bii turistice fascinante din Europa te a\u0219teapt\u0103 s\u0103 le explorezi cu noua colec\u021bie puzzle adul\u021bi 1000 piese Discover Europe. Din<\/p>\n","protected":false},"featured_media":17091,"template":"","meta":[],"product_brand":[],"product_cat":[1454,1488,1560],"product_tag":[],"class_list":{"0":"post-17105","1":"product","2":"type-product","3":"status-publish","4":"has-post-thumbnail","6":"product_cat-puzzle","7":"product_cat-puzzle-adulti","8":"product_cat-puzzle-adulti-1000","9":"pa_bax-1304","10":"pa_brand-d_toys","11":"pa_country_of_manufacture-ro","12":"pa_filter_age-1315","13":"pa_painter-discovereurope","14":"pa_tip_ambalaj-cutie","15":"pa_tip_puzzle-clasic","17":"first","18":"instock","19":"taxable","20":"shipping-taxable","21":"product-type-simple"},"yoast_head":"<!-- This site is optimized with the Yoast SEO plugin v20.1 - https:\/\/yoast.com\/wordpress\/plugins\/seo\/ -->\n<title>Puzzle Casa Batll\u00f3, Barcelona - Puzzle adul\u021bi 1000 piese - Discover Europe - Roovi B2B<\/title>\n<meta name=\"robots\" content=\"index, follow, max-snippet:-1, max-image-preview:large, max-video-preview:-1\" \/>\n<link rel=\"canonical\" href=\"https:\/\/www.roovi.ro\/puzzle-adulti-1000-piese-discover-europe-casa-batllo-barcelona\/p\/\" \/>\n<meta property=\"og:locale\" content=\"ro_RO\" \/>\n<meta property=\"og:type\" content=\"article\" \/>\n<meta property=\"og:title\" content=\"Puzzle Casa Batll\u00f3, Barcelona - Puzzle adul\u021bi 1000 piese - Discover Europe - Roovi B2B\" \/>\n<meta property=\"og:description\" content=\"Atrac\u021bii turistice fascinante din Europa te a\u0219teapt\u0103 s\u0103 le explorezi cu noua colec\u021bie puzzle adul\u021bi 1000 piese Discover Europe. Din\" \/>\n<meta property=\"og:url\" content=\"https:\/\/www.roovi.ro\/puzzle-adulti-1000-piese-discover-europe-casa-batllo-barcelona\/p\/\" \/>\n<meta property=\"og:site_name\" content=\"Roovi B2B\" \/>\n<meta property=\"article:publisher\" content=\"https:\/\/www.facebook.com\/wwwjucariero\" \/>\n<meta property=\"article:modified_time\" content=\"2023-03-20T21:45:24+00:00\" \/>\n<meta property=\"og:image\" content=\"https:\/\/business.roovi.com\/wp-content\/uploads\/2018\/04\/65995-04-ansamblu_dimensiuni-cutie-22x22-cm.png\" \/>\n\t<meta property=\"og:image:width\" content=\"1140\" \/>\n\t<meta property=\"og:image:height\" content=\"1140\" \/>\n\t<meta property=\"og:image:type\" content=\"image\/png\" \/>\n<meta name=\"twitter:label1\" content=\"Timp estimat pentru citire\" \/>\n\t<meta name=\"twitter:data1\" content=\"3 minute\" \/>\n<script type=\"application\/ld+json\" class=\"yoast-schema-graph\">{\"@context\":\"https:\/\/schema.org\",\"@graph\":[{\"@type\":\"WebPage\",\"@id\":\"https:\/\/business.roovi.com\/ro\/puzzle-adulti-1000-piese-discover-europe-casa-batllo-barcelona\/p\/\",\"url\":\"https:\/\/www.roovi.ro\/puzzle-adulti-1000-piese-discover-europe-casa-batllo-barcelona\/p\/\",\"name\":\"Puzzle Casa Batll\u00f3, Barcelona - Puzzle adul\u021bi 1000 piese - Discover Europe - Roovi B2B\",\"isPartOf\":{\"@id\":\"https:\/\/business.roovi.com\/ro\/#website\"},\"datePublished\":\"2018-04-16T10:56:17+00:00\",\"dateModified\":\"2023-03-20T21:45:24+00:00\",\"breadcrumb\":{\"@id\":\"https:\/\/www.roovi.ro\/puzzle-adulti-1000-piese-discover-europe-casa-batllo-barcelona\/p\/#breadcrumb\"},\"inLanguage\":\"ro-RO\",\"potentialAction\":[{\"@type\":\"ReadAction\",\"target\":[\"https:\/\/www.roovi.ro\/puzzle-adulti-1000-piese-discover-europe-casa-batllo-barcelona\/p\/\"]}]},{\"@type\":\"BreadcrumbList\",\"@id\":\"https:\/\/www.roovi.ro\/puzzle-adulti-1000-piese-discover-europe-casa-batllo-barcelona\/p\/#breadcrumb\",\"itemListElement\":[{\"@type\":\"ListItem\",\"position\":1,\"name\":\"Home\",\"item\":\"https:\/\/business.roovi.com\/ro\/\"},{\"@type\":\"ListItem\",\"position\":2,\"name\":\"Magazin\",\"item\":\"https:\/\/business.roovi.com\/ro\/magazin\/\"},{\"@type\":\"ListItem\",\"position\":3,\"name\":\"Puzzle Casa Batll\u00f3, Barcelona &#8211; Puzzle adul\u021bi 1000 piese &#8211; Discover Europe\"}]},{\"@type\":\"WebSite\",\"@id\":\"https:\/\/business.roovi.com\/ro\/#website\",\"url\":\"https:\/\/business.roovi.com\/ro\/\",\"name\":\"Roovi B2B\",\"description\":\"Roovi Business Website\",\"potentialAction\":[{\"@type\":\"SearchAction\",\"target\":{\"@type\":\"EntryPoint\",\"urlTemplate\":\"https:\/\/business.roovi.com\/ro\/?s={search_term_string}\"},\"query-input\":\"required name=search_term_string\"}],\"inLanguage\":\"ro-RO\"}]}<\/script>\n<!-- \/ Yoast SEO plugin. -->","yoast_head_json":{"title":"Puzzle Casa Batll\u00f3, Barcelona - Puzzle adul\u021bi 1000 piese - Discover Europe - Roovi B2B","robots":{"index":"index","follow":"follow","max-snippet":"max-snippet:-1","max-image-preview":"max-image-preview:large","max-video-preview":"max-video-preview:-1"},"canonical":"https:\/\/www.roovi.ro\/puzzle-adulti-1000-piese-discover-europe-casa-batllo-barcelona\/p\/","og_locale":"ro_RO","og_type":"article","og_title":"Puzzle Casa Batll\u00f3, Barcelona - Puzzle adul\u021bi 1000 piese - Discover Europe - Roovi B2B","og_description":"Atrac\u021bii turistice fascinante din Europa te a\u0219teapt\u0103 s\u0103 le explorezi cu noua colec\u021bie puzzle adul\u021bi 1000 piese Discover Europe. Din","og_url":"https:\/\/www.roovi.ro\/puzzle-adulti-1000-piese-discover-europe-casa-batllo-barcelona\/p\/","og_site_name":"Roovi B2B","article_publisher":"https:\/\/www.facebook.com\/wwwjucariero","article_modified_time":"2023-03-20T21:45:24+00:00","og_image":[{"width":1140,"height":1140,"url":"https:\/\/business.roovi.com\/wp-content\/uploads\/2018\/04\/65995-04-ansamblu_dimensiuni-cutie-22x22-cm.png","type":"image\/png"}],"twitter_misc":{"Timp estimat pentru citire":"3 minute"},"schema":{"@context":"https:\/\/schema.org","@graph":[{"@type":"WebPage","@id":"https:\/\/business.roovi.com\/ro\/puzzle-adulti-1000-piese-discover-europe-casa-batllo-barcelona\/p\/","url":"https:\/\/www.roovi.ro\/puzzle-adulti-1000-piese-discover-europe-casa-batllo-barcelona\/p\/","name":"Puzzle Casa Batll\u00f3, Barcelona - Puzzle adul\u021bi 1000 piese - Discover Europe - Roovi B2B","isPartOf":{"@id":"https:\/\/business.roovi.com\/ro\/#website"},"datePublished":"2018-04-16T10:56:17+00:00","dateModified":"2023-03-20T21:45:24+00:00","breadcrumb":{"@id":"https:\/\/www.roovi.ro\/puzzle-adulti-1000-piese-discover-europe-casa-batllo-barcelona\/p\/#breadcrumb"},"inLanguage":"ro-RO","potentialAction":[{"@type":"ReadAction","target":["https:\/\/www.roovi.ro\/puzzle-adulti-1000-piese-discover-europe-casa-batllo-barcelona\/p\/"]}]},{"@type":"BreadcrumbList","@id":"https:\/\/www.roovi.ro\/puzzle-adulti-1000-piese-discover-europe-casa-batllo-barcelona\/p\/#breadcrumb","itemListElement":[{"@type":"ListItem","position":1,"name":"Home","item":"https:\/\/business.roovi.com\/ro\/"},{"@type":"ListItem","position":2,"name":"Magazin","item":"https:\/\/business.roovi.com\/ro\/magazin\/"},{"@type":"ListItem","position":3,"name":"Puzzle Casa Batll\u00f3, Barcelona &#8211; Puzzle adul\u021bi 1000 piese &#8211; Discover Europe"}]},{"@type":"WebSite","@id":"https:\/\/business.roovi.com\/ro\/#website","url":"https:\/\/business.roovi.com\/ro\/","name":"Roovi B2B","description":"Roovi Business Website","potentialAction":[{"@type":"SearchAction","target":{"@type":"EntryPoint","urlTemplate":"https:\/\/business.roovi.com\/ro\/?s={search_term_string}"},"query-input":"required name=search_term_string"}],"inLanguage":"ro-RO"}]}},"_links":{"self":[{"href":"https:\/\/business.roovi.com\/ro\/wp-json\/wp\/v2\/product\/17105","targetHints":{"allow":["GET"]}}],"collection":[{"href":"https:\/\/business.roovi.com\/ro\/wp-json\/wp\/v2\/product"}],"about":[{"href":"https:\/\/business.roovi.com\/ro\/wp-json\/wp\/v2\/types\/product"}],"version-history":[{"count":0,"href":"https:\/\/business.roovi.com\/ro\/wp-json\/wp\/v2\/product\/17105\/revisions"}],"wp:featuredmedia":[{"embeddable":true,"href":"https:\/\/business.roovi.com\/ro\/wp-json\/wp\/v2\/media\/17091"}],"wp:attachment":[{"href":"https:\/\/business.roovi.com\/ro\/wp-json\/wp\/v2\/media?parent=17105"}],"wp:term":[{"taxonomy":"product_brand","embeddable":true,"href":"https:\/\/business.roovi.com\/ro\/wp-json\/wp\/v2\/product_brand?post=17105"},{"taxonomy":"product_cat","embeddable":true,"href":"https:\/\/business.roovi.com\/ro\/wp-json\/wp\/v2\/product_cat?post=17105"},{"taxonomy":"product_tag","embeddable":true,"href":"https:\/\/business.roovi.com\/ro\/wp-json\/wp\/v2\/product_tag?post=17105"}],"curies":[{"name":"wp","href":"https:\/\/api.w.org\/{rel}","templated":true}]}}