{"id":17186,"date":"2018-04-16T10:56:17","date_gmt":"2018-04-16T10:56:17","guid":{"rendered":"https:\/\/business.roovi.com\/product\/puzzle-peisaje-de-zi-500-piese-32\/"},"modified":"2023-03-31T13:51:38","modified_gmt":"2023-03-31T13:51:38","slug":"puzzle-peisaje-de-zi-500-piese-32","status":"publish","type":"product","link":"https:\/\/business.roovi.com\/ro\/puzzle-peisaje-de-zi-500-piese-32\/p\/","title":{"rendered":"Puzzle 500 piese Peisaje de zi &#8211; Casa Mil\u00e0"},"content":{"rendered":"<h3><span style=\"font-weight: 400;\">Exploreaz\u0103 Casa Mil\u00e0 &#8211; un obiectiv celebru din Barcelona &#8211; prin intermediul unui Puzzle fabulos, cu 500 de piese.<\/span><\/h3>\n<p><span style=\"font-weight: 400;\">Celebra construc\u021bie este opera de art\u0103 a lui Antoni Gaud\u00ed, arhitectul catalan care a creat un limbaj arhitectural unic ce sfideaz\u0103 orice clasificare din literatura de specialitate.<\/span><\/p>\n<p><span style=\"font-weight: 400;\">Puzzle 500 piese &#8211; Casa <\/span><span style=\"font-weight: 400;\">Mil\u00e0<\/span><span style=\"font-weight: 400;\"> red\u0103 o imagine sugestiv\u0103 a impresionantei cl\u0103diri din Barcelona ce poart\u0103 amprenta ingeniosului Gaud\u00ed. Porne\u0219te pe urmele unui creator de geniu \u0219i construie\u0219te din 500 de piese de puzzle fa\u021bada impozantei Casa <\/span><span style=\"font-weight: 400;\">Mil\u00e0.<\/span><\/p>\n<p><span style=\"font-weight: 400;\">Puzzle <\/span><span style=\"font-weight: 400;\">500 piese &#8211; Casa <\/span><span style=\"font-weight: 400;\">Mil\u00e0<\/span><span style=\"font-weight: 400;\"> este un joc puzzle de dificultate medie pe care \u00eel po\u021bi asambla \u00eempreun\u0103 cu copiii.\u00a0<\/span><\/p>\n<p><span style=\"font-weight: 400;\">Transform\u0103 activitatea de creare a tabloului \u00eentr-un moment distractiv \u0219i educativ. Poveste\u0219te-le celor tineri despre frumosul ora\u0219 din Spania, precum \u0219i despre opera impresionant\u0103 a arhitectului Gaud\u00ed. L\u0103sa\u021bi-v\u0103 imagina\u021bia liber\u0103 \u0219i c\u0103l\u0103tori\u021bi \u00eentr-un ora\u0219 emblematic din Europa prin intermediul puzzle-ului<\/span> <span style=\"font-weight: 400;\">500 piese &#8211; Casa <\/span><span style=\"font-weight: 400;\">Mil\u00e0.<\/span><\/p>\n<h3><span style=\"font-weight: 400;\">De ce s\u0103 alegi Puzzle 500 piese &#8211; Casa Mil\u00e0, Barcelona<\/span><\/h3>\n<p><span style=\"font-weight: 400;\">Este produs din carton gros, de calitatea superioar\u0103 care \u00eei asigur\u0103 rezisten\u021b\u0103 sporit\u0103. Puzzle-ul poate fi asamblat de mai multe ori f\u0103r\u0103 ca piesele s\u0103 se deterioreze sau poate fi \u00eenr\u0103mat \u0219i p\u0103strat ca tablou decorativ, piesele \u00eembin\u00e2ndu-se perfect.<\/span><\/p>\n<p><span style=\"font-weight: 400;\">Tabloul rezultat are dimensiunile de<\/span><b> 47 x 34 cm<\/b><span style=\"font-weight: 400;\"> \u0219i poate fi un obiect de decor discret \u0219i rafinat pentru casa ta.<\/span><\/p>\n<p><span style=\"font-weight: 400;\">Finisajul este semi-lucios, \u00een culori vii ce redau \u00een mod realist frumuse\u021bea edificiului.<\/span><\/p>\n<p><span style=\"font-weight: 400;\">Are o folie antireflex pentru ca asamblarea s\u0103 fie c\u00e2t mai u\u0219oar\u0103 \u0219i nederanjant\u0103 pentru ochi.<\/span><\/p>\n<p><span style=\"font-weight: 400;\">Materialele din care este produs sunt prietenoase cu mediul, fiind reciclabile \u0219i sustenabile.<\/span><\/p>\n<p><span style=\"font-weight: 400;\">Este o modalitate inedit\u0103 pentru a descoperi un ora\u0219 turistic fermec\u0103tor al\u0103turi de copii \u0219i de a porni \u00eempreun\u0103 cu ei \u00eentr-o c\u0103l\u0103torie imaginar\u0103.<\/span><\/p>\n<h3><span style=\"font-weight: 400;\">\u0218tiai c\u0103\u2026<\/span><\/h3>\n<ul>\n<li style=\"font-weight: 400;\" aria-level=\"1\"><span style=\"font-weight: 400;\">Casa <\/span><span style=\"font-weight: 400;\">Mil\u00e0 i-a fost comandat\u0103 lui Gaudi de c\u0103tre un cuplu proasp\u0103t c\u0103s\u0103torit, doamna dorindu-\u0219i o cas\u0103 impun\u0103toare care s\u0103 impresioneze pe toat\u0103 lumea prin unicitatea sa.<\/span><\/li>\n<li style=\"font-weight: 400;\" aria-level=\"1\"><span style=\"font-weight: 400;\">Adept al catolicismului, arhitectul a <\/span><span style=\"font-weight: 400;\">inclus numeroase elemente religioase \u00een aceast\u0103 construc\u021bie, elemente care au fost comentate intens de arhitec\u021bii vremurilor sale.\u00a0<\/span><\/li>\n<li style=\"font-weight: 400;\" aria-level=\"1\"><span style=\"font-weight: 400;\">Gaud\u00ed a proiectat nu doar cl\u0103direa, ci \u0219i mobilierul din cas\u0103. Pu\u021bine elemente mai exist\u0103 \u00eens\u0103 \u0219i ast\u0103zi, dar tot ceea ce s-a p\u0103strat are o valoare inestimabil\u0103.<\/span><\/li>\n<\/ul>\n<h3><span style=\"font-weight: 400;\">\u00a0<\/span><span style=\"font-weight: 400;\">Puzzle 500 piese &#8211; Casa Mil\u00e0: pentru momente de relaxare \u0219i con\u0219tientizare<\/span><\/h3>\n<p><span style=\"font-weight: 400;\">Las\u0103-te purtat de energia pozitiv\u0103 \u0219i optimismul creator pe care-l transmite Puzzle 500 Casa <\/span><span style=\"font-weight: 400;\">Mil\u00e0. Respir\u0103 ad\u00e2nc, relaxeaz\u0103-te \u0219i tr\u0103ie\u0219te con\u0219tient fiecare moment \u00een care potrive\u0219ti c\u00e2te o pies\u0103 din Puzzle 500 <\/span><span style=\"font-weight: 400;\">&#8211; Casa <\/span><span style=\"font-weight: 400;\">Mil\u00e0.<\/span><\/p>\n<p><span style=\"font-weight: 400;\">Pentru s\u0103n\u0103tatea fizic\u0103 \u0219i psihic\u0103, momentele de introspec\u021bie \u0219i medita\u021bie sunt esen\u021biale. Un puzzle care se completeaz\u0103 u\u0219or, f\u0103r\u0103 a te pune prea mult \u00een dificultate, este excelent pentru a crea astfel de momente.<\/span><\/p>\n<p><span style=\"font-weight: 400;\">De asemenea, te po\u021bi bucura de conectare \u0219i un timp de calitate cu cei dragi, complet\u00e2nd cu to\u021bii Puzzle 500 piese <\/span><span style=\"font-weight: 400;\">&#8211; Casa <\/span><span style=\"font-weight: 400;\">Mil\u00e0.\u00a0<\/span><\/p>\n<p><span style=\"font-weight: 400;\">Fie c\u0103 \u00eel alegi pentru relaxare \u0219i momente frumoase \u00een familie sau pentru a-l oferi prietenilor de s\u0103rb\u0103tori, Puzzle 500 piese <\/span><span style=\"font-weight: 400;\">&#8211; Casa <\/span><span style=\"font-weight: 400;\">Mil\u00e0 va fi cu siguran\u021b\u0103 o surpriz\u0103 pl\u0103cut\u0103.<\/span><\/p>\n<p>&nbsp;<\/p>\n","protected":false},"excerpt":{"rendered":"<p>Exploreaz\u0103 Casa Mil\u00e0 &#8211; un obiectiv celebru din Barcelona &#8211; prin intermediul unui Puzzle fabulos, cu 500 de piese. Celebra<\/p>\n","protected":false},"featured_media":17184,"template":"","meta":[],"product_brand":[],"product_cat":[1454,1488,1555],"product_tag":[],"class_list":{"0":"post-17186","1":"product","2":"type-product","3":"status-publish","4":"has-post-thumbnail","6":"product_cat-puzzle","7":"product_cat-puzzle-adulti","8":"product_cat-puzzle-adulti-500","9":"pa_bax-1273","10":"pa_brand-d_toys","11":"pa_country_of_manufacture-ro","12":"pa_filter_age-1315","13":"pa_painter-landscapes","14":"pa_tip_ambalaj-cutie","15":"pa_tip_puzzle-clasic","17":"first","18":"instock","19":"taxable","20":"shipping-taxable","21":"product-type-simple"},"yoast_head":"<!-- This site is optimized with the Yoast SEO plugin v20.1 - https:\/\/yoast.com\/wordpress\/plugins\/seo\/ -->\n<title>Puzzle 500 piese Peisaje de zi - Casa Mil\u00e0 - Roovi B2B<\/title>\n<meta name=\"robots\" content=\"index, follow, max-snippet:-1, max-image-preview:large, max-video-preview:-1\" \/>\n<link rel=\"canonical\" href=\"https:\/\/www.roovi.ro\/puzzle-peisaje-de-zi-500-piese-32\/p\/\" \/>\n<meta property=\"og:locale\" content=\"ro_RO\" \/>\n<meta property=\"og:type\" content=\"article\" \/>\n<meta property=\"og:title\" content=\"Puzzle 500 piese Peisaje de zi - Casa Mil\u00e0 - Roovi B2B\" \/>\n<meta property=\"og:description\" content=\"Exploreaz\u0103 Casa Mil\u00e0 &#8211; un obiectiv celebru din Barcelona &#8211; prin intermediul unui Puzzle fabulos, cu 500 de piese. Celebra\" \/>\n<meta property=\"og:url\" content=\"https:\/\/www.roovi.ro\/puzzle-peisaje-de-zi-500-piese-32\/p\/\" \/>\n<meta property=\"og:site_name\" content=\"Roovi B2B\" \/>\n<meta property=\"article:publisher\" content=\"https:\/\/www.facebook.com\/wwwjucariero\" \/>\n<meta property=\"article:modified_time\" content=\"2023-03-31T13:51:38+00:00\" \/>\n<meta property=\"og:image\" content=\"https:\/\/business.roovi.com\/wp-content\/uploads\/2018\/04\/50328_32.jpg\" \/>\n\t<meta property=\"og:image:width\" content=\"1200\" \/>\n\t<meta property=\"og:image:height\" content=\"1200\" \/>\n\t<meta property=\"og:image:type\" content=\"image\/jpeg\" \/>\n<meta name=\"twitter:label1\" content=\"Timp estimat pentru citire\" \/>\n\t<meta name=\"twitter:data1\" content=\"3 minute\" \/>\n<script type=\"application\/ld+json\" class=\"yoast-schema-graph\">{\"@context\":\"https:\/\/schema.org\",\"@graph\":[{\"@type\":\"WebPage\",\"@id\":\"https:\/\/business.roovi.com\/ro\/puzzle-peisaje-de-zi-500-piese-32\/p\/\",\"url\":\"https:\/\/www.roovi.ro\/puzzle-peisaje-de-zi-500-piese-32\/p\/\",\"name\":\"Puzzle 500 piese Peisaje de zi - Casa Mil\u00e0 - Roovi B2B\",\"isPartOf\":{\"@id\":\"https:\/\/business.roovi.com\/ro\/#website\"},\"datePublished\":\"2018-04-16T10:56:17+00:00\",\"dateModified\":\"2023-03-31T13:51:38+00:00\",\"breadcrumb\":{\"@id\":\"https:\/\/www.roovi.ro\/puzzle-peisaje-de-zi-500-piese-32\/p\/#breadcrumb\"},\"inLanguage\":\"ro-RO\",\"potentialAction\":[{\"@type\":\"ReadAction\",\"target\":[\"https:\/\/www.roovi.ro\/puzzle-peisaje-de-zi-500-piese-32\/p\/\"]}]},{\"@type\":\"BreadcrumbList\",\"@id\":\"https:\/\/www.roovi.ro\/puzzle-peisaje-de-zi-500-piese-32\/p\/#breadcrumb\",\"itemListElement\":[{\"@type\":\"ListItem\",\"position\":1,\"name\":\"Home\",\"item\":\"https:\/\/business.roovi.com\/ro\/\"},{\"@type\":\"ListItem\",\"position\":2,\"name\":\"Magazin\",\"item\":\"https:\/\/business.roovi.com\/ro\/magazin\/\"},{\"@type\":\"ListItem\",\"position\":3,\"name\":\"Puzzle 500 piese Peisaje de zi &#8211; Casa Mil\u00e0\"}]},{\"@type\":\"WebSite\",\"@id\":\"https:\/\/business.roovi.com\/ro\/#website\",\"url\":\"https:\/\/business.roovi.com\/ro\/\",\"name\":\"Roovi B2B\",\"description\":\"Roovi Business Website\",\"potentialAction\":[{\"@type\":\"SearchAction\",\"target\":{\"@type\":\"EntryPoint\",\"urlTemplate\":\"https:\/\/business.roovi.com\/ro\/?s={search_term_string}\"},\"query-input\":\"required name=search_term_string\"}],\"inLanguage\":\"ro-RO\"}]}<\/script>\n<!-- \/ Yoast SEO plugin. -->","yoast_head_json":{"title":"Puzzle 500 piese Peisaje de zi - Casa Mil\u00e0 - Roovi B2B","robots":{"index":"index","follow":"follow","max-snippet":"max-snippet:-1","max-image-preview":"max-image-preview:large","max-video-preview":"max-video-preview:-1"},"canonical":"https:\/\/www.roovi.ro\/puzzle-peisaje-de-zi-500-piese-32\/p\/","og_locale":"ro_RO","og_type":"article","og_title":"Puzzle 500 piese Peisaje de zi - Casa Mil\u00e0 - Roovi B2B","og_description":"Exploreaz\u0103 Casa Mil\u00e0 &#8211; un obiectiv celebru din Barcelona &#8211; prin intermediul unui Puzzle fabulos, cu 500 de piese. Celebra","og_url":"https:\/\/www.roovi.ro\/puzzle-peisaje-de-zi-500-piese-32\/p\/","og_site_name":"Roovi B2B","article_publisher":"https:\/\/www.facebook.com\/wwwjucariero","article_modified_time":"2023-03-31T13:51:38+00:00","og_image":[{"width":1200,"height":1200,"url":"https:\/\/business.roovi.com\/wp-content\/uploads\/2018\/04\/50328_32.jpg","type":"image\/jpeg"}],"twitter_misc":{"Timp estimat pentru citire":"3 minute"},"schema":{"@context":"https:\/\/schema.org","@graph":[{"@type":"WebPage","@id":"https:\/\/business.roovi.com\/ro\/puzzle-peisaje-de-zi-500-piese-32\/p\/","url":"https:\/\/www.roovi.ro\/puzzle-peisaje-de-zi-500-piese-32\/p\/","name":"Puzzle 500 piese Peisaje de zi - Casa Mil\u00e0 - Roovi B2B","isPartOf":{"@id":"https:\/\/business.roovi.com\/ro\/#website"},"datePublished":"2018-04-16T10:56:17+00:00","dateModified":"2023-03-31T13:51:38+00:00","breadcrumb":{"@id":"https:\/\/www.roovi.ro\/puzzle-peisaje-de-zi-500-piese-32\/p\/#breadcrumb"},"inLanguage":"ro-RO","potentialAction":[{"@type":"ReadAction","target":["https:\/\/www.roovi.ro\/puzzle-peisaje-de-zi-500-piese-32\/p\/"]}]},{"@type":"BreadcrumbList","@id":"https:\/\/www.roovi.ro\/puzzle-peisaje-de-zi-500-piese-32\/p\/#breadcrumb","itemListElement":[{"@type":"ListItem","position":1,"name":"Home","item":"https:\/\/business.roovi.com\/ro\/"},{"@type":"ListItem","position":2,"name":"Magazin","item":"https:\/\/business.roovi.com\/ro\/magazin\/"},{"@type":"ListItem","position":3,"name":"Puzzle 500 piese Peisaje de zi &#8211; Casa Mil\u00e0"}]},{"@type":"WebSite","@id":"https:\/\/business.roovi.com\/ro\/#website","url":"https:\/\/business.roovi.com\/ro\/","name":"Roovi B2B","description":"Roovi Business Website","potentialAction":[{"@type":"SearchAction","target":{"@type":"EntryPoint","urlTemplate":"https:\/\/business.roovi.com\/ro\/?s={search_term_string}"},"query-input":"required name=search_term_string"}],"inLanguage":"ro-RO"}]}},"_links":{"self":[{"href":"https:\/\/business.roovi.com\/ro\/wp-json\/wp\/v2\/product\/17186","targetHints":{"allow":["GET"]}}],"collection":[{"href":"https:\/\/business.roovi.com\/ro\/wp-json\/wp\/v2\/product"}],"about":[{"href":"https:\/\/business.roovi.com\/ro\/wp-json\/wp\/v2\/types\/product"}],"version-history":[{"count":0,"href":"https:\/\/business.roovi.com\/ro\/wp-json\/wp\/v2\/product\/17186\/revisions"}],"wp:featuredmedia":[{"embeddable":true,"href":"https:\/\/business.roovi.com\/ro\/wp-json\/wp\/v2\/media\/17184"}],"wp:attachment":[{"href":"https:\/\/business.roovi.com\/ro\/wp-json\/wp\/v2\/media?parent=17186"}],"wp:term":[{"taxonomy":"product_brand","embeddable":true,"href":"https:\/\/business.roovi.com\/ro\/wp-json\/wp\/v2\/product_brand?post=17186"},{"taxonomy":"product_cat","embeddable":true,"href":"https:\/\/business.roovi.com\/ro\/wp-json\/wp\/v2\/product_cat?post=17186"},{"taxonomy":"product_tag","embeddable":true,"href":"https:\/\/business.roovi.com\/ro\/wp-json\/wp\/v2\/product_tag?post=17186"}],"curies":[{"name":"wp","href":"https:\/\/api.w.org\/{rel}","templated":true}]}}