{"id":17272,"date":"2018-04-16T10:56:17","date_gmt":"2018-04-16T10:56:17","guid":{"rendered":"https:\/\/business.roovi.com\/product\/puzzle-cartoon-colosseum-1000-piese\/"},"modified":"2025-03-17T07:12:46","modified_gmt":"2025-03-17T07:12:46","slug":"puzzle-adulti-1000-piese-cartoon-collection-colosseum","status":"publish","type":"product","link":"https:\/\/business.roovi.com\/ro\/puzzle-adulti-1000-piese-cartoon-collection-colosseum\/p\/","title":{"rendered":"Puzzle Colosseum &#8211; Puzzle adul\u021bi 1000 piese &#8211; Cartoon Collection"},"content":{"rendered":"<p><span style=\"font-weight: 400;\">\u00ce\u021bi dore\u0219ti multe ore de distrac\u021bie \u0219i relaxare pentru a ie\u0219i din rutina zilnic\u0103? Descoper\u0103 puzzle Cartoon collection &#8211; o gam\u0103 de puzzle 1000 piese cu ilustra\u021bii animate \u0219i personaje adorabile ce fac din jocul complex de puzzle o distrac\u021bie memorabil\u0103.\u00a0\u00a0<\/span><\/p>\n<p><span style=\"font-weight: 400;\">Credeai c\u0103 ai v\u0103zut vestitul Colosseum reprezentat \u00een cele mai originale ilustra\u021bii sau fotografii? La fel am crezut \u0219i noi p\u00e2n\u0103 c\u00e2nd am v\u0103zut ilustra\u021bia creat\u0103 de artistul Attila Konya. Multitudinea de personaje hazlii, scenele amuzante \u00een care acestea sunt antrenate \u0219i toate detaliile coloristice impecabile dau senza\u021bia unei lumi \u00een mi\u0219care, ce te cheam\u0103 s\u0103 iei parte la joc.<\/span><\/p>\n<p><span style=\"font-weight: 400;\">Fiecare personaj din puzzle 1000 Cartoon &#8211; Colosseum este unic, iar asta \u00ee\u021bi va solicita la maximum aten\u021bia la detalii. Piesele sunt t\u0103iate cu precizie \u0219i se \u00eembin\u0103 perfect. Astfel, po\u021bi admira toate detaliile fascinante \u00eentr-un tablou remarcabil, plin de culoare \u0219i vibra\u021bii pozitive.<\/span><\/p>\n<p><strong>De ce s\u0103 alegi puzzle 1000 piese Cartoon &#8211; Colosseum?<\/strong><\/p>\n<p><span style=\"font-weight: 400;\">\u00ce\u021bi creezi cu m\u00e2inile tale un tablou deosebit, cu dimensiunile 50 x 70 cm.<\/span><\/p>\n<p><span style=\"font-weight: 400;\">Este produs din carton albastru de calitate superioar\u0103 care \u00eei confer\u0103 rezisten\u021b\u0103 la multiple utiliz\u0103ri.<\/span><\/p>\n<p><span style=\"font-weight: 400;\">Are finisaje deosebite, semi-lucioase, \u00een culori pl\u0103cute care eviden\u021biaz\u0103 originalitatea ilustra\u021biei.<\/span><\/p>\n<p><span style=\"font-weight: 400;\">Este un produs reciclabil \u0219i sustenabil, astfel c\u0103 nu afectezi natura printr-un joc puzzle.<\/span><\/p>\n<p><span style=\"font-weight: 400;\">Este potrivit persoanelor peste 14 ani \u0219i \u00eel po\u021bi asambla \u00eempreun\u0103 cu copiii t\u0103i adolescen\u021bi.<\/span><\/p>\n<p><span style=\"font-weight: 400;\">Poate fi ocazia perfect\u0103 pentru a-i deconecta pe copii de la ecrane \u0219i a v\u0103 petrece \u00eempreun\u0103 timpul liber.<\/span><\/p>\n<p><span style=\"font-weight: 400;\">Profit\u0103 de un joc puzzle cu design original \u0219i finisaje de excep\u021bie \u0219i antreneaz\u0103-\u021bi abilit\u0103\u021bi precum:<\/span><\/p>\n<ul>\n<li><span style=\"font-weight: 400;\">Aten\u021bia la detalii<\/span><\/li>\n<li><span style=\"font-weight: 400;\">Motricitatea fin\u0103<\/span><\/li>\n<li><span style=\"font-weight: 400;\">Capacitatea de concentrare<\/span><\/li>\n<li><span style=\"font-weight: 400;\">Memoria<\/span><\/li>\n<li><span style=\"font-weight: 400;\">G\u00e2ndirea logic\u0103<\/span><\/li>\n<\/ul>\n<p><strong>\u0218tiai c\u0103\u2026?<\/strong><\/p>\n<p><span style=\"font-weight: 400;\">Se presupune c\u0103 la construirea Colosseumului au participat \u00eentre 60.000 \u0219i 100.000 de sclavi evrei.<\/span><\/p>\n<p><span style=\"font-weight: 400;\">Colosseum avea 80 de intr\u0103ri \u0219i putea g\u0103zdui p\u00e2n\u0103 la 80.000 de spectatori care urm\u0103reau diverse evenimente sportive, jocuri, lupte de gladiatori sau v\u00e2n\u0103tori de animale.<\/span><\/p>\n<p><span style=\"font-weight: 400;\">Se spune c\u0103 \u00een acele timpuri au fost exterminate multe specii de animale s\u0103lbatice. \u00cen timpul unor jocuri, \u00eentr-o singur\u0103 zi erau ucise chiar \u0219i 10.000 de animale.<\/span><\/p>\n<p><span style=\"font-weight: 400;\">Luptele cu gladiatori nu au \u00eencetat datorit\u0103 trecerii Imperiului Roman la cre\u0219tinism, ci din ra\u021biuni financiare. \u00cen secolul al V-lea, odat\u0103 cu declinul Imperiului, devenise costisitoare plata gladiatorilor \u0219i g\u0103sirea a mii de animale s\u0103lbatice.<\/span><\/p>\n<p><span style=\"font-weight: 400;\">Ulterior perioadei cu jocurile, Colosseumul a fost utilizat drept complex de locuin\u021be, l\u0103ca\u0219 de cult sau cimitir.\u00a0<\/span><\/p>\n<p><strong>Puzzle 1000 piese Cartoon &#8211; Colosseum &#8211; un exerci\u021biu fabulos de imagina\u021bie<\/strong><\/p>\n<p><span style=\"font-weight: 400;\">Sim\u021bi nevoia de evadare din rutin\u0103? Cu puzzle 1000 piese Colosseum \u00ee\u021bi perfec\u021bionezi abilit\u0103\u021bile de asamblare a imaginilor din jocuri puzzle \u0219i \u00ee\u021bi antrenezi imagina\u021bia. Odat\u0103 ce ai intrat \u00een lumea personajelor care au invadat Colosseum, iei parte la poveste. \u0218i o alc\u0103tuie\u0219ti, pies\u0103 cu pies\u0103.<\/span><\/p>\n<p><span style=\"font-weight: 400;\">Te sim\u021bi ca un veritabil detectiv care pune cap la cap toate detaliile, analizeaz\u0103 culorile, personajele \u0219i scenele amuzante, iar la final, c\u00e2nd lipe\u0219ti ultima pies\u0103, sim\u021bi satisfac\u021bia uimitoare a cazului \u00eencheiat cu succes.<\/span><\/p>\n<p><span style=\"font-weight: 400;\">Puzzle 1000 piese Colosseum din colec\u021bia Cartoon puzzle poate fi \u0219i un prilej de socializare \u0219i distrac\u021bie cu prietenii. Oricare variant\u0103 a-i alege-o, acest minunat joc puzzle \u00ee\u021bi da dep\u0103\u0219i toate a\u0219tept\u0103rile.\u00a0<\/span><\/p>\n<p><span style=\"font-weight: 400;\">Cump\u0103r\u0103 puzzle 1000 piese Cartoon &#8211; Colosseum pentru\u00a0 a te bucura de o experien\u021b\u0103 magic\u0103 de crea\u021bie sau ofer\u0103-l \u00een dar prietenilor dragi, pasiona\u021bi de jocuri puzzle.<\/span><\/p>\n","protected":false},"excerpt":{"rendered":"<p>\u00ce\u021bi dore\u0219ti multe ore de distrac\u021bie \u0219i relaxare pentru a ie\u0219i din rutina zilnic\u0103? Descoper\u0103 puzzle Cartoon collection &#8211; o<\/p>\n","protected":false},"featured_media":17258,"template":"","meta":[],"product_brand":[],"product_cat":[1454,1488,1560],"product_tag":[],"class_list":{"0":"post-17272","1":"product","2":"type-product","3":"status-publish","4":"has-post-thumbnail","6":"product_cat-puzzle","7":"product_cat-puzzle-adulti","8":"product_cat-puzzle-adulti-1000","9":"pa_brand-d_toys","10":"pa_country_of_manufacture-ro","11":"pa_filter_age-1315","12":"pa_painter-cartooncollection","13":"pa_tip_ambalaj-cutie","14":"pa_tip_puzzle-clasic","16":"first","17":"instock","18":"taxable","19":"shipping-taxable","20":"product-type-simple"},"yoast_head":"<!-- This site is optimized with the Yoast SEO plugin v20.1 - https:\/\/yoast.com\/wordpress\/plugins\/seo\/ -->\n<title>Puzzle Colosseum - Puzzle adul\u021bi 1000 piese - Cartoon Collection - Roovi B2B<\/title>\n<meta name=\"robots\" content=\"index, follow, max-snippet:-1, max-image-preview:large, max-video-preview:-1\" \/>\n<link rel=\"canonical\" href=\"https:\/\/www.roovi.ro\/puzzle-adulti-1000-piese-cartoon-collection-colosseum\/p\/\" \/>\n<meta property=\"og:locale\" content=\"ro_RO\" \/>\n<meta property=\"og:type\" content=\"article\" \/>\n<meta property=\"og:title\" content=\"Puzzle Colosseum - Puzzle adul\u021bi 1000 piese - Cartoon Collection - Roovi B2B\" \/>\n<meta property=\"og:description\" content=\"\u00ce\u021bi dore\u0219ti multe ore de distrac\u021bie \u0219i relaxare pentru a ie\u0219i din rutina zilnic\u0103? Descoper\u0103 puzzle Cartoon collection &#8211; o\" \/>\n<meta property=\"og:url\" content=\"https:\/\/www.roovi.ro\/puzzle-adulti-1000-piese-cartoon-collection-colosseum\/p\/\" \/>\n<meta property=\"og:site_name\" content=\"Roovi B2B\" \/>\n<meta property=\"article:publisher\" content=\"https:\/\/www.facebook.com\/wwwjucariero\" \/>\n<meta property=\"article:modified_time\" content=\"2025-03-17T07:12:46+00:00\" \/>\n<meta property=\"og:image\" content=\"https:\/\/business.roovi.com\/wp-content\/uploads\/2018\/04\/61218-10_ansamblu_dimensiuni_cutie_cm_orizontal_1200x1200.png\" \/>\n\t<meta property=\"og:image:width\" content=\"1200\" \/>\n\t<meta property=\"og:image:height\" content=\"1200\" \/>\n\t<meta property=\"og:image:type\" content=\"image\/png\" \/>\n<meta name=\"twitter:label1\" content=\"Timp estimat pentru citire\" \/>\n\t<meta name=\"twitter:data1\" content=\"3 minute\" \/>\n<script type=\"application\/ld+json\" class=\"yoast-schema-graph\">{\"@context\":\"https:\/\/schema.org\",\"@graph\":[{\"@type\":\"WebPage\",\"@id\":\"https:\/\/business.roovi.com\/ro\/puzzle-adulti-1000-piese-cartoon-collection-colosseum\/p\/\",\"url\":\"https:\/\/www.roovi.ro\/puzzle-adulti-1000-piese-cartoon-collection-colosseum\/p\/\",\"name\":\"Puzzle Colosseum - Puzzle adul\u021bi 1000 piese - Cartoon Collection - Roovi B2B\",\"isPartOf\":{\"@id\":\"https:\/\/business.roovi.com\/ro\/#website\"},\"datePublished\":\"2018-04-16T10:56:17+00:00\",\"dateModified\":\"2025-03-17T07:12:46+00:00\",\"breadcrumb\":{\"@id\":\"https:\/\/www.roovi.ro\/puzzle-adulti-1000-piese-cartoon-collection-colosseum\/p\/#breadcrumb\"},\"inLanguage\":\"ro-RO\",\"potentialAction\":[{\"@type\":\"ReadAction\",\"target\":[\"https:\/\/www.roovi.ro\/puzzle-adulti-1000-piese-cartoon-collection-colosseum\/p\/\"]}]},{\"@type\":\"BreadcrumbList\",\"@id\":\"https:\/\/www.roovi.ro\/puzzle-adulti-1000-piese-cartoon-collection-colosseum\/p\/#breadcrumb\",\"itemListElement\":[{\"@type\":\"ListItem\",\"position\":1,\"name\":\"Home\",\"item\":\"https:\/\/business.roovi.com\/ro\/\"},{\"@type\":\"ListItem\",\"position\":2,\"name\":\"Magazin\",\"item\":\"https:\/\/business.roovi.com\/ro\/magazin\/\"},{\"@type\":\"ListItem\",\"position\":3,\"name\":\"Puzzle Colosseum &#8211; Puzzle adul\u021bi 1000 piese &#8211; Cartoon Collection\"}]},{\"@type\":\"WebSite\",\"@id\":\"https:\/\/business.roovi.com\/ro\/#website\",\"url\":\"https:\/\/business.roovi.com\/ro\/\",\"name\":\"Roovi B2B\",\"description\":\"Roovi Business Website\",\"potentialAction\":[{\"@type\":\"SearchAction\",\"target\":{\"@type\":\"EntryPoint\",\"urlTemplate\":\"https:\/\/business.roovi.com\/ro\/?s={search_term_string}\"},\"query-input\":\"required name=search_term_string\"}],\"inLanguage\":\"ro-RO\"}]}<\/script>\n<!-- \/ Yoast SEO plugin. -->","yoast_head_json":{"title":"Puzzle Colosseum - Puzzle adul\u021bi 1000 piese - Cartoon Collection - Roovi B2B","robots":{"index":"index","follow":"follow","max-snippet":"max-snippet:-1","max-image-preview":"max-image-preview:large","max-video-preview":"max-video-preview:-1"},"canonical":"https:\/\/www.roovi.ro\/puzzle-adulti-1000-piese-cartoon-collection-colosseum\/p\/","og_locale":"ro_RO","og_type":"article","og_title":"Puzzle Colosseum - Puzzle adul\u021bi 1000 piese - Cartoon Collection - Roovi B2B","og_description":"\u00ce\u021bi dore\u0219ti multe ore de distrac\u021bie \u0219i relaxare pentru a ie\u0219i din rutina zilnic\u0103? Descoper\u0103 puzzle Cartoon collection &#8211; o","og_url":"https:\/\/www.roovi.ro\/puzzle-adulti-1000-piese-cartoon-collection-colosseum\/p\/","og_site_name":"Roovi B2B","article_publisher":"https:\/\/www.facebook.com\/wwwjucariero","article_modified_time":"2025-03-17T07:12:46+00:00","og_image":[{"width":1200,"height":1200,"url":"https:\/\/business.roovi.com\/wp-content\/uploads\/2018\/04\/61218-10_ansamblu_dimensiuni_cutie_cm_orizontal_1200x1200.png","type":"image\/png"}],"twitter_misc":{"Timp estimat pentru citire":"3 minute"},"schema":{"@context":"https:\/\/schema.org","@graph":[{"@type":"WebPage","@id":"https:\/\/business.roovi.com\/ro\/puzzle-adulti-1000-piese-cartoon-collection-colosseum\/p\/","url":"https:\/\/www.roovi.ro\/puzzle-adulti-1000-piese-cartoon-collection-colosseum\/p\/","name":"Puzzle Colosseum - Puzzle adul\u021bi 1000 piese - Cartoon Collection - Roovi B2B","isPartOf":{"@id":"https:\/\/business.roovi.com\/ro\/#website"},"datePublished":"2018-04-16T10:56:17+00:00","dateModified":"2025-03-17T07:12:46+00:00","breadcrumb":{"@id":"https:\/\/www.roovi.ro\/puzzle-adulti-1000-piese-cartoon-collection-colosseum\/p\/#breadcrumb"},"inLanguage":"ro-RO","potentialAction":[{"@type":"ReadAction","target":["https:\/\/www.roovi.ro\/puzzle-adulti-1000-piese-cartoon-collection-colosseum\/p\/"]}]},{"@type":"BreadcrumbList","@id":"https:\/\/www.roovi.ro\/puzzle-adulti-1000-piese-cartoon-collection-colosseum\/p\/#breadcrumb","itemListElement":[{"@type":"ListItem","position":1,"name":"Home","item":"https:\/\/business.roovi.com\/ro\/"},{"@type":"ListItem","position":2,"name":"Magazin","item":"https:\/\/business.roovi.com\/ro\/magazin\/"},{"@type":"ListItem","position":3,"name":"Puzzle Colosseum &#8211; Puzzle adul\u021bi 1000 piese &#8211; Cartoon Collection"}]},{"@type":"WebSite","@id":"https:\/\/business.roovi.com\/ro\/#website","url":"https:\/\/business.roovi.com\/ro\/","name":"Roovi B2B","description":"Roovi Business Website","potentialAction":[{"@type":"SearchAction","target":{"@type":"EntryPoint","urlTemplate":"https:\/\/business.roovi.com\/ro\/?s={search_term_string}"},"query-input":"required name=search_term_string"}],"inLanguage":"ro-RO"}]}},"_links":{"self":[{"href":"https:\/\/business.roovi.com\/ro\/wp-json\/wp\/v2\/product\/17272","targetHints":{"allow":["GET"]}}],"collection":[{"href":"https:\/\/business.roovi.com\/ro\/wp-json\/wp\/v2\/product"}],"about":[{"href":"https:\/\/business.roovi.com\/ro\/wp-json\/wp\/v2\/types\/product"}],"version-history":[{"count":0,"href":"https:\/\/business.roovi.com\/ro\/wp-json\/wp\/v2\/product\/17272\/revisions"}],"wp:featuredmedia":[{"embeddable":true,"href":"https:\/\/business.roovi.com\/ro\/wp-json\/wp\/v2\/media\/17258"}],"wp:attachment":[{"href":"https:\/\/business.roovi.com\/ro\/wp-json\/wp\/v2\/media?parent=17272"}],"wp:term":[{"taxonomy":"product_brand","embeddable":true,"href":"https:\/\/business.roovi.com\/ro\/wp-json\/wp\/v2\/product_brand?post=17272"},{"taxonomy":"product_cat","embeddable":true,"href":"https:\/\/business.roovi.com\/ro\/wp-json\/wp\/v2\/product_cat?post=17272"},{"taxonomy":"product_tag","embeddable":true,"href":"https:\/\/business.roovi.com\/ro\/wp-json\/wp\/v2\/product_tag?post=17272"}],"curies":[{"name":"wp","href":"https:\/\/api.w.org\/{rel}","templated":true}]}}