{"id":17302,"date":"2018-04-16T10:56:17","date_gmt":"2018-04-16T10:56:17","guid":{"rendered":"https:\/\/business.roovi.com\/product\/puzzle-cartoon-eiffel-tower-1000-piese\/"},"modified":"2025-03-17T07:14:19","modified_gmt":"2025-03-17T07:14:19","slug":"puzzle-adulti-1000-piese-cartoon-collection-eiffel-tower","status":"publish","type":"product","link":"https:\/\/business.roovi.com\/ro\/puzzle-adulti-1000-piese-cartoon-collection-eiffel-tower\/p\/","title":{"rendered":"Puzzle adul\u021bi 1000 piese Cartoon Collection &#8211; Eiffel Tower"},"content":{"rendered":"<p><span style=\"font-weight: 400;\">Jocurile puzzle din colec\u021bia Cartoon puzzle sunt cel mai bun prilej de evadare din cotidian. \u00ce\u021bi provoac\u0103 mintea, \u00ee\u021bi antreneaz\u0103 abilit\u0103\u021bile de asamblare a jocurilor puzzle \u0219i \u00ee\u021bi ofer\u0103 o por\u021bie zdrav\u0103n\u0103 de distrac\u021bie.<\/span><\/p>\n<p><span style=\"font-weight: 400;\">Turnul Eiffel este o surs\u0103 inepuizabil\u0103 de inspira\u021bie. Puzzle 1000 piese Cartoon &#8211; Turnul Eiffel \u00ee\u021bi prezint\u0103 dintr-o perspectiv\u0103 amuzant\u0103 \u0219i original\u0103 celebrul obiectiv turistic francez.\u00a0<\/span><\/p>\n<p><span style=\"font-weight: 400;\">Zeci de personaje adorabile particip\u0103 la construirea turnului \u00eentr-o ilustra\u021bie original\u0103, conceput\u0103 cu mult talent \u0219i m\u0103iestrie. Multitudinea de detalii, personaje \u0219i culori sunt o \u00eenc\u00e2ntare pentru orice pasionat de jocuri puzzle, ner\u0103bd\u0103tor s\u0103 descopere ca un adev\u0103rat detectiv toate indiciile care duc la completarea imaginiii.<\/span><\/p>\n<p><span style=\"font-weight: 400;\">Un joc puzzle amuzant, pe care \u00eel po\u021bi completa singur, atunci c\u00e2nd vrei s\u0103 evadezi \u00eentr-o lume animat\u0103, departe de agita\u021bia cotidian\u0103. Sau pe care \u00eel po\u021bi reface \u00eempreun\u0103 cu copiii sau cu ga\u0219ca de prieteni. Oricare variant\u0103 alegi, puzzle 1000 piese Cartoon &#8211; Turnul Eiffel \u00ee\u021bi asigur\u0103 distrac\u021bie maxim\u0103 \u0219i amintiri fabuloase.<\/span><\/p>\n<p><strong>De ce s\u0103 alegi puzzle 1000 piese Turnul Eiffel din colec\u021bia Cartoon puzzle?<\/strong><\/p>\n<p><span style=\"font-weight: 400;\">C\u00e2nd imaginea e gata, ob\u021bii un tablou colorat \u0219i animat de 50 x 70 cm.<\/span><\/p>\n<p><span style=\"font-weight: 400;\">Po\u021bi \u00eenr\u0103ma tabloul \u0219i \u00ee\u021bi po\u021bi decora locuin\u021ba cu el.<\/span><\/p>\n<p><span style=\"font-weight: 400;\">Puzzle-ul este produs din <\/span><span style=\"font-weight: 400;\">carton albastru de calitate premium ceea ce \u00eel face rezistent la asambl\u0103ri multiple.<\/span><\/p>\n<p><span style=\"font-weight: 400;\">Finisajul este semi-lucios, \u00een culori vii ce scot \u00een eviden\u021b\u0103 frumuse\u021bea ilustra\u021biei.<\/span><\/p>\n<p><span style=\"font-weight: 400;\">Piesele sunt t\u0103iate cu precizie, sunt unice \u0219i se \u00eembin\u0103 perfect \u00eentr-un tablou veritabil de colec\u021bie.<\/span><\/p>\n<p><span style=\"font-weight: 400;\">Este produs din materiale sustenabile, reciclabile.<\/span><\/p>\n<p><span style=\"font-weight: 400;\">Potrivit celor peste 14 ani &#8211; un motiv \u00een plus pentru a-l reface \u00eempreun\u0103 cu adolescen\u021bii.\u00a0<\/span><\/p>\n<p><span style=\"font-weight: 400;\">Cu puzzle 1000 piese Cartoon &#8211; Eiffel Tower te bucuri de multe avantaje pe care \u021bi le ofer\u0103 jocul puzzle:<\/span><\/p>\n<ul>\n<li><span style=\"font-weight: 400;\">\u00ce\u021bi dezvolt\u0103 aten\u021bia la detalii.<\/span><\/li>\n<li><span style=\"font-weight: 400;\">\u00ce\u021bi cultiv\u0103 r\u0103bdarea \u0219i perseveren\u021ba.<\/span><\/li>\n<li><span style=\"font-weight: 400;\">Te relaxeaz\u0103 \u0219i te destreseaz\u0103.<\/span><\/li>\n<li><span style=\"font-weight: 400;\">Te ajut\u0103 s\u0103 \u00ee\u021bi men\u021bii concentrarea pe o singur\u0103 sarcin\u0103 pentru un timp \u00eendelungat.<\/span><\/li>\n<li><span style=\"font-weight: 400;\">Stimuleaz\u0103 secre\u021bia de dopamin\u0103 la nivel cerebral \u0219i \u00ee\u021bi d\u0103 o stare de optimism \u0219i fericire.<\/span><\/li>\n<\/ul>\n<p><strong>\u0218tiai c\u0103\u2026?<\/strong><\/p>\n<p><span style=\"font-weight: 400;\">De la inaugurarea sa \u00een 1889 \u0219i p\u00e2n\u0103 \u00een zilele noastre, peste 300 de milioane de persoane au vizitat Turnul Eiffel, devenind astfel cel mai vizitat obiectiv din lume.<\/span><\/p>\n<p><span style=\"font-weight: 400;\">Designul Turnului Eiffel a fost inspirat din cel al podurilor de fier construite de compania Eiffel \u00een secolul al XIX-lea.<\/span><\/p>\n<p><span style=\"font-weight: 400;\">Turnul Eiffel ar fi trebuit s\u0103 dureze cam 20 de ani, dar a fost salvat de experimentele \u0219tiin\u021bifice, \u00een special de primele transmisii radio pe care Eiffel le-a \u00eencurajat.<\/span><\/p>\n<p><span style=\"font-weight: 400;\">Francezilor nu le-a pl\u0103cut acest turn \u0219i a fost catalogat \u00een presa vremii de la 1889 drept o <\/span><em><span style=\"font-weight: 400;\">monstruozitate arhitectural\u0103<\/span><\/em><span style=\"font-weight: 400;\">.<\/span><\/p>\n<p><span style=\"font-weight: 400;\">Gustave Eiffel \u0219i-a amenajat un mic apartament unde \u00ee\u0219i primea prietenii la etajul al treilea al turnului.<\/span><\/p>\n<p><strong>Puzzle 1000 piese Cartoon &#8211; Turnul Eiffel, prilej de evadare din cotidian<\/strong><\/p>\n<p><span style=\"font-weight: 400;\">Orice iubitor de puzzle simte nevoia s\u0103 acorde timp pasiunii sale \u0219i s\u0103 se retrag\u0103 \u00een lumea jocului puzzle pentru a se deconecta de la problemele cotidiene. Pentru astfel de momente puzzle 1000 piese Turnul Eiffel din colec\u021bia Cartoon puzzle este ideal.<\/span><\/p>\n<p><span style=\"font-weight: 400;\">Scenele amuzante create minu\u021bios, cu maxim\u0103 aten\u021bie la detalii \u00ee\u021bi vor capta aten\u021bia \u0219i te vor \u021bine conectat ore bune la ilustra\u021bia dinamic\u0103 \u0219i hazlie a jocului puzzle.\u00a0<\/span><\/p>\n<p><span style=\"font-weight: 400;\">Dac\u0103 \u00ee\u021bi place s\u0103 petreci timpul dedicat jocului puzzle al\u0103turi de cei dragi, po\u021bi organiza o seri memorabile \u00een care spiridu\u0219ii simpatici din puzzle 1000 piese Turnul Eiffel s\u0103 fie vedetele. Vei ob\u021bine un tablou minunat \u0219i vei aduna amintiri de neuitat al\u0103turi de cei dragi.<\/span><\/p>\n<p><span style=\"font-weight: 400;\">Alege puzzle 1000 piese Turnul Eiffel din colec\u021bia Cartoon \u0219i d\u0103 valoare timpului t\u0103u liber. Fie c\u0103 \u00eel completezi singur, fie c\u0103 e\u0219ti ajutat de cei dragi, acest minunat joc puzzle transform\u0103 clipele monotone \u00een timp pre\u021bios \u0219i relaxant.<\/span><\/p>\n","protected":false},"excerpt":{"rendered":"<p>Jocurile puzzle din colec\u021bia Cartoon puzzle sunt cel mai bun prilej de evadare din cotidian. \u00ce\u021bi provoac\u0103 mintea, \u00ee\u021bi antreneaz\u0103<\/p>\n","protected":false},"featured_media":17288,"template":"","meta":[],"product_brand":[],"product_cat":[1454,1488,1560],"product_tag":[],"class_list":{"0":"post-17302","1":"product","2":"type-product","3":"status-publish","4":"has-post-thumbnail","6":"product_cat-puzzle","7":"product_cat-puzzle-adulti","8":"product_cat-puzzle-adulti-1000","9":"pa_brand-d_toys","10":"pa_country_of_manufacture-ro","11":"pa_filter_age-1315","12":"pa_painter-cartooncollection","13":"pa_tip_ambalaj-cutie","14":"pa_tip_puzzle-clasic","16":"first","17":"instock","18":"taxable","19":"shipping-taxable","20":"product-type-simple"},"yoast_head":"<!-- This site is optimized with the Yoast SEO plugin v20.1 - https:\/\/yoast.com\/wordpress\/plugins\/seo\/ -->\n<title>Puzzle adul\u021bi 1000 piese Cartoon Collection - Eiffel Tower - Roovi B2B<\/title>\n<meta name=\"robots\" content=\"index, follow, max-snippet:-1, max-image-preview:large, max-video-preview:-1\" \/>\n<link rel=\"canonical\" href=\"https:\/\/www.roovi.ro\/puzzle-adulti-1000-piese-cartoon-collection-eiffel-tower\/p\/\" \/>\n<meta property=\"og:locale\" content=\"ro_RO\" \/>\n<meta property=\"og:type\" content=\"article\" \/>\n<meta property=\"og:title\" content=\"Puzzle adul\u021bi 1000 piese Cartoon Collection - Eiffel Tower - Roovi B2B\" \/>\n<meta property=\"og:description\" content=\"Jocurile puzzle din colec\u021bia Cartoon puzzle sunt cel mai bun prilej de evadare din cotidian. \u00ce\u021bi provoac\u0103 mintea, \u00ee\u021bi antreneaz\u0103\" \/>\n<meta property=\"og:url\" content=\"https:\/\/www.roovi.ro\/puzzle-adulti-1000-piese-cartoon-collection-eiffel-tower\/p\/\" \/>\n<meta property=\"og:site_name\" content=\"Roovi B2B\" \/>\n<meta property=\"article:publisher\" content=\"https:\/\/www.facebook.com\/wwwjucariero\" \/>\n<meta property=\"article:modified_time\" content=\"2025-03-17T07:14:19+00:00\" \/>\n<meta property=\"og:image\" content=\"https:\/\/business.roovi.com\/wp-content\/uploads\/2018\/04\/61218-11-ansamblu_dimensiuni-cutie-cm_vertical-1200x1200.png\" \/>\n\t<meta property=\"og:image:width\" content=\"840\" \/>\n\t<meta property=\"og:image:height\" content=\"840\" \/>\n\t<meta property=\"og:image:type\" content=\"image\/png\" \/>\n<meta name=\"twitter:label1\" content=\"Timp estimat pentru citire\" \/>\n\t<meta name=\"twitter:data1\" content=\"3 minute\" \/>\n<script type=\"application\/ld+json\" class=\"yoast-schema-graph\">{\"@context\":\"https:\/\/schema.org\",\"@graph\":[{\"@type\":\"WebPage\",\"@id\":\"https:\/\/business.roovi.com\/ro\/puzzle-adulti-1000-piese-cartoon-collection-eiffel-tower\/p\/\",\"url\":\"https:\/\/www.roovi.ro\/puzzle-adulti-1000-piese-cartoon-collection-eiffel-tower\/p\/\",\"name\":\"Puzzle adul\u021bi 1000 piese Cartoon Collection - Eiffel Tower - Roovi B2B\",\"isPartOf\":{\"@id\":\"https:\/\/business.roovi.com\/ro\/#website\"},\"datePublished\":\"2018-04-16T10:56:17+00:00\",\"dateModified\":\"2025-03-17T07:14:19+00:00\",\"breadcrumb\":{\"@id\":\"https:\/\/www.roovi.ro\/puzzle-adulti-1000-piese-cartoon-collection-eiffel-tower\/p\/#breadcrumb\"},\"inLanguage\":\"ro-RO\",\"potentialAction\":[{\"@type\":\"ReadAction\",\"target\":[\"https:\/\/www.roovi.ro\/puzzle-adulti-1000-piese-cartoon-collection-eiffel-tower\/p\/\"]}]},{\"@type\":\"BreadcrumbList\",\"@id\":\"https:\/\/www.roovi.ro\/puzzle-adulti-1000-piese-cartoon-collection-eiffel-tower\/p\/#breadcrumb\",\"itemListElement\":[{\"@type\":\"ListItem\",\"position\":1,\"name\":\"Home\",\"item\":\"https:\/\/business.roovi.com\/ro\/\"},{\"@type\":\"ListItem\",\"position\":2,\"name\":\"Magazin\",\"item\":\"https:\/\/business.roovi.com\/ro\/magazin\/\"},{\"@type\":\"ListItem\",\"position\":3,\"name\":\"Puzzle adul\u021bi 1000 piese Cartoon Collection &#8211; Eiffel Tower\"}]},{\"@type\":\"WebSite\",\"@id\":\"https:\/\/business.roovi.com\/ro\/#website\",\"url\":\"https:\/\/business.roovi.com\/ro\/\",\"name\":\"Roovi B2B\",\"description\":\"Roovi Business Website\",\"potentialAction\":[{\"@type\":\"SearchAction\",\"target\":{\"@type\":\"EntryPoint\",\"urlTemplate\":\"https:\/\/business.roovi.com\/ro\/?s={search_term_string}\"},\"query-input\":\"required name=search_term_string\"}],\"inLanguage\":\"ro-RO\"}]}<\/script>\n<!-- \/ Yoast SEO plugin. -->","yoast_head_json":{"title":"Puzzle adul\u021bi 1000 piese Cartoon Collection - Eiffel Tower - Roovi B2B","robots":{"index":"index","follow":"follow","max-snippet":"max-snippet:-1","max-image-preview":"max-image-preview:large","max-video-preview":"max-video-preview:-1"},"canonical":"https:\/\/www.roovi.ro\/puzzle-adulti-1000-piese-cartoon-collection-eiffel-tower\/p\/","og_locale":"ro_RO","og_type":"article","og_title":"Puzzle adul\u021bi 1000 piese Cartoon Collection - Eiffel Tower - Roovi B2B","og_description":"Jocurile puzzle din colec\u021bia Cartoon puzzle sunt cel mai bun prilej de evadare din cotidian. \u00ce\u021bi provoac\u0103 mintea, \u00ee\u021bi antreneaz\u0103","og_url":"https:\/\/www.roovi.ro\/puzzle-adulti-1000-piese-cartoon-collection-eiffel-tower\/p\/","og_site_name":"Roovi B2B","article_publisher":"https:\/\/www.facebook.com\/wwwjucariero","article_modified_time":"2025-03-17T07:14:19+00:00","og_image":[{"width":840,"height":840,"url":"https:\/\/business.roovi.com\/wp-content\/uploads\/2018\/04\/61218-11-ansamblu_dimensiuni-cutie-cm_vertical-1200x1200.png","type":"image\/png"}],"twitter_misc":{"Timp estimat pentru citire":"3 minute"},"schema":{"@context":"https:\/\/schema.org","@graph":[{"@type":"WebPage","@id":"https:\/\/business.roovi.com\/ro\/puzzle-adulti-1000-piese-cartoon-collection-eiffel-tower\/p\/","url":"https:\/\/www.roovi.ro\/puzzle-adulti-1000-piese-cartoon-collection-eiffel-tower\/p\/","name":"Puzzle adul\u021bi 1000 piese Cartoon Collection - Eiffel Tower - Roovi B2B","isPartOf":{"@id":"https:\/\/business.roovi.com\/ro\/#website"},"datePublished":"2018-04-16T10:56:17+00:00","dateModified":"2025-03-17T07:14:19+00:00","breadcrumb":{"@id":"https:\/\/www.roovi.ro\/puzzle-adulti-1000-piese-cartoon-collection-eiffel-tower\/p\/#breadcrumb"},"inLanguage":"ro-RO","potentialAction":[{"@type":"ReadAction","target":["https:\/\/www.roovi.ro\/puzzle-adulti-1000-piese-cartoon-collection-eiffel-tower\/p\/"]}]},{"@type":"BreadcrumbList","@id":"https:\/\/www.roovi.ro\/puzzle-adulti-1000-piese-cartoon-collection-eiffel-tower\/p\/#breadcrumb","itemListElement":[{"@type":"ListItem","position":1,"name":"Home","item":"https:\/\/business.roovi.com\/ro\/"},{"@type":"ListItem","position":2,"name":"Magazin","item":"https:\/\/business.roovi.com\/ro\/magazin\/"},{"@type":"ListItem","position":3,"name":"Puzzle adul\u021bi 1000 piese Cartoon Collection &#8211; Eiffel Tower"}]},{"@type":"WebSite","@id":"https:\/\/business.roovi.com\/ro\/#website","url":"https:\/\/business.roovi.com\/ro\/","name":"Roovi B2B","description":"Roovi Business Website","potentialAction":[{"@type":"SearchAction","target":{"@type":"EntryPoint","urlTemplate":"https:\/\/business.roovi.com\/ro\/?s={search_term_string}"},"query-input":"required name=search_term_string"}],"inLanguage":"ro-RO"}]}},"_links":{"self":[{"href":"https:\/\/business.roovi.com\/ro\/wp-json\/wp\/v2\/product\/17302","targetHints":{"allow":["GET"]}}],"collection":[{"href":"https:\/\/business.roovi.com\/ro\/wp-json\/wp\/v2\/product"}],"about":[{"href":"https:\/\/business.roovi.com\/ro\/wp-json\/wp\/v2\/types\/product"}],"version-history":[{"count":0,"href":"https:\/\/business.roovi.com\/ro\/wp-json\/wp\/v2\/product\/17302\/revisions"}],"wp:featuredmedia":[{"embeddable":true,"href":"https:\/\/business.roovi.com\/ro\/wp-json\/wp\/v2\/media\/17288"}],"wp:attachment":[{"href":"https:\/\/business.roovi.com\/ro\/wp-json\/wp\/v2\/media?parent=17302"}],"wp:term":[{"taxonomy":"product_brand","embeddable":true,"href":"https:\/\/business.roovi.com\/ro\/wp-json\/wp\/v2\/product_brand?post=17302"},{"taxonomy":"product_cat","embeddable":true,"href":"https:\/\/business.roovi.com\/ro\/wp-json\/wp\/v2\/product_cat?post=17302"},{"taxonomy":"product_tag","embeddable":true,"href":"https:\/\/business.roovi.com\/ro\/wp-json\/wp\/v2\/product_tag?post=17302"}],"curies":[{"name":"wp","href":"https:\/\/api.w.org\/{rel}","templated":true}]}}