{"id":17317,"date":"2018-04-16T10:56:17","date_gmt":"2018-04-16T10:56:17","guid":{"rendered":"https:\/\/business.roovi.com\/product\/puzzle-high-difficulty-fruit-1000-piese\/"},"modified":"2023-03-20T21:44:55","modified_gmt":"2023-03-20T21:44:55","slug":"puzzle-adulti-1000-piese-high-difficulty-fruit-fructe","status":"publish","type":"product","link":"https:\/\/business.roovi.com\/ro\/puzzle-adulti-1000-piese-high-difficulty-fruit-fructe\/p\/","title":{"rendered":"Puzzle adul\u021bi 1000 piese High Difficulty &#8211; Fruit \/ Fructe"},"content":{"rendered":"<p><span style=\"font-weight: 400;\">Urc\u0103 la un nivel superior al jocurilor puzzle cu modelul puzzle 1000 piese &#8211; Fruit! Dificil \u0219i\u2026 <\/span><span style=\"font-weight: 400;\">\u201edelicios\u201d<\/span><span style=\"font-weight: 400;\">, acest puzzle 1000 piese te deconecteaz\u0103 de la cotidian \u0219i-\u021bi ofer\u0103 un sentiment de satisfac\u021bie neb\u0103nuit\u0103.<\/span><\/p>\n<p><span style=\"font-weight: 400;\">Dac\u0103 e\u0219ti pasionat de jocurile puzzle, iar modelele obi\u0219nuite \u021bi se par deja prea u\u0219or de rezolvat, este timpul s\u0103 treci la o variant\u0103 mai dificil\u0103. Puzzle 1000 piese High Difficulty &#8211; Fruit este alegerea perfect\u0103. O imagine apetisant\u0103 care te \u00eendeamn\u0103 s\u0103 ie\u0219i din stare de confort, te va \u021bine conectat ore bune la o activitate creativ\u0103.<\/span><\/p>\n<p><span style=\"font-weight: 400;\">Multitudinea de piese de puzzle 1000 \u021bi se poate p\u0103rea un haos, dar pe m\u0103sur\u0103 ce sesizezi diferen\u021bele \u0219i g\u0103se\u0219ti piesele potrivite \u00een imaginea de ansamblu, constata\u021bi c\u0103, de fapt, haosul e doar \u00een mintea ta. Iar g\u00e2ndurile se pun \u00een ordine, la fel cum piesele se lipesc cum trebuie pe imaginea fructat\u0103.\u00a0\u00a0<\/span><\/p>\n<p><span style=\"font-weight: 400;\">Trage-\u021bi aproape m\u0103su\u021ba de cafea din sufragerie &#8211; este ideal\u0103 pentru suportul pieselor de puzzle 1000 &#8211; \u0219i \u00eencepi lucrul la primul t\u0103u tablou din puzzle 1000 piese de dificultate ridicat\u0103. Preg\u0103te\u0219te-\u021bi al\u0103turi \u0219i o gustare de fructe, s-ar putea s\u0103 \u021bi se fac\u0103 poft\u0103 pe m\u0103sur\u0103 ce imaginea prinde contur.<\/span><\/p>\n<p><span style=\"font-weight: 400;\">Caracteristici puzzle 1000 piese High Difficulty &#8211; Fruit:<\/span><\/p>\n<p><strong>Dimensiuni imagine asamblat\u0103: 47 x 68 cm<\/strong><\/p>\n<p><strong>Material puzzle:\u00a0<\/strong><\/p>\n<p><strong>carton albastru de o calitate superioar\u0103<\/strong><\/p>\n<p><strong>materiale sustenabile, reciclabile<\/strong><\/p>\n<p><strong>finisaj semi-lucios, culori vii<\/strong><\/p>\n<p><strong>Num\u0103rul pieselor de puzzle: 1000<\/strong><\/p>\n<p><strong>V\u00e2rsta recomandat\u0103: 14+<\/strong><\/p>\n<p><span style=\"font-weight: 400;\">Asamblarea jocurilor puzzle \u00ee\u021bi dezvolt\u0103 o serie de abilit\u0103\u021bi pe care le utilizezi \u00een activit\u0103\u021bile zilnice:<\/span><\/p>\n<ul>\n<li><span style=\"font-weight: 400;\">Aten\u021bia la detalii.<\/span><\/li>\n<li><span style=\"font-weight: 400;\">Capacitatea de concentrare.<\/span><\/li>\n<li><span style=\"font-weight: 400;\">Motricitatea fin\u0103.<\/span><\/li>\n<li><span style=\"font-weight: 400;\">Perseveren\u021ba.<\/span><\/li>\n<li><span style=\"font-weight: 400;\">Memoria pe termen scurt.<\/span><\/li>\n<li><span style=\"font-weight: 400;\">G\u00e2ndirea logic\u0103.<\/span><\/li>\n<\/ul>\n<p><strong>De ce s\u0103 alegi puzzle 1000 piese model &#8211; Fructe de dificultate ridicat\u0103?<\/strong><\/p>\n<p><span style=\"font-weight: 400;\">\u00ce\u021bi antreneaz\u0103 mintea \u0219i \u00ee\u021bi men\u021bine creierul activ \u0219i s\u0103n\u0103tos.<\/span><\/p>\n<p><span style=\"font-weight: 400;\">Te relaxeaz\u0103 \u0219i te ajut\u0103 s\u0103 te eliberezi de stres.<\/span><\/p>\n<p><span style=\"font-weight: 400;\">Este o bun\u0103 modalitate pentru a-\u021bi dezvolta creativitatea.<\/span><\/p>\n<p><span style=\"font-weight: 400;\">Te \u00eenva\u021b\u0103 lec\u021bia r\u0103bd\u0103rii \u0219i \u00ee\u021bi reaminte\u0219te c\u0103 niciun obiectiv pe care \u021bi-l propui nu e imposibil de realizat.<\/span><\/p>\n<p><span style=\"font-weight: 400;\">Po\u021bi folosi tabloul ob\u021binut \u00een scop decorativ.<\/span><\/p>\n<p><span style=\"font-weight: 400;\">Te bucuri de un sentiment de satisfac\u021bie al rodului muncii minu\u021bioase.<\/span><\/p>\n<p><strong>\u0218tiai c\u0103\u2026?<\/strong><\/p>\n<p><span style=\"font-weight: 400;\">Jocurile puzzle stimuleaz\u0103 secre\u021bia de dopamin\u0103 &#8211; hormonul fericirii \u0219i astfel se explic\u0103 senza\u021bia de fericire \u0219i optimism pe care o sim\u021bi odat\u0103 ce tabloul din puzzle 1000 piese e gata.<\/span><\/p>\n<p><span style=\"font-weight: 400;\">Jocurile puzzle sunt un antrenament mental complet pentru c\u0103 implic\u0103 at\u00e2t emisfera cerebral\u0103 dreapt\u0103, c\u00e2t \u0219i pe cea st\u00e2ng\u0103.<\/span><\/p>\n<p><span style=\"font-weight: 400;\">Jocuri puzzle induc o stare meditativ\u0103 profund\u0103 de aceea, atunci c\u00e2nd tabloul din puzzle 1000 piese e gata, te sim\u021bi revigorat \u0219i plin de energie.<\/span><\/p>\n<p><span style=\"font-weight: 400;\">Jocurile puzzle reduc spre minimum riscul de a dezvolta boli neurodegenerative precum Arzheimer.\u00a0<\/span><\/p>\n<p><strong>Puzzle 1000 piese High Difficulty &#8211; Fruit &#8211; face ordine \u00een haosul mental<\/strong><\/p>\n<p><span style=\"font-weight: 400;\">\u00ce\u021bi sim\u021bi mintea cople\u0219it\u0103 de mii de g\u00e2nduri \u0219i planuri pe care nu le po\u021bi controla? Puzzle 1000 piese &#8211; Fructe de dificultate ridicat\u0103 este un bun remediu pentru a restabili ordinea \u00een haosul mental.\u00a0<\/span><\/p>\n<p><span style=\"font-weight: 400;\">Jocul puzzle te prinde \u00een mrejele lui \u0219i te \u021bine conectat la o singur\u0103 sarcin\u0103 pentru un timp \u00eendelungat. F\u0103r\u0103 s\u0103 \u00ee\u021bi propui, mintea se gole\u0219te de g\u00e2nduri \u0219i experimentezi o stare de lini\u0219te \u0219i relaxare mental\u0103 de care ai mare nevoie. La final, c\u00e2nd pui ultima pies\u0103, sentimentul de satisfac\u021bie este de nepre\u021buit. Te sim\u021bi \u00eencrez\u0103tor \u00een for\u021bele proprii \u0219i-\u021bi dore\u0219ti s\u0103 retr\u0103ie\u0219ti senza\u021bia iar \u0219i iar.<\/span><\/p>\n<p><span style=\"font-weight: 400;\">Cump\u0103r\u0103 puzzle 1000 piese High Difficulty &#8211; Fruit \u0219i experimenteaz\u0103 un nivel superior al activit\u0103\u021bii de reconstituire a imaginii dintr-un joc puzzle. Descoper\u0103 \u0219i alte modele de puzzle adul\u021bi de dificultate ridicat\u0103 \u0219i creeaz\u0103-\u021bi o colec\u021bie de tablouri uimitoare.<\/span><\/p>\n<p><span style=\"font-weight: 400;\">Puzzle 1000 piese\u00a0 High Difficulty &#8211; Fruit poate fi \u021binut \u00een cas\u0103 \u0219i ref\u0103cut ori de c\u00e2te ori sim\u021bi nevoie de o provocare intens\u0103. Dac\u0103 ai prieteni pasiona\u021bi la fel de mult ca \u0219i tine de jocurile puzzle, acest puzzle 1000 piese este o alegere inspirat\u0103.<\/span><\/p><\/p>\n","protected":false},"excerpt":{"rendered":"<p>Urc\u0103 la un nivel superior al jocurilor puzzle cu modelul puzzle 1000 piese &#8211; Fruit! Dificil \u0219i\u2026 \u201edelicios\u201d, acest puzzle<\/p>\n","protected":false},"featured_media":17303,"template":"","meta":[],"product_brand":[],"product_cat":[1454,1488,1560],"product_tag":[],"class_list":{"0":"post-17317","1":"product","2":"type-product","3":"status-publish","4":"has-post-thumbnail","6":"product_cat-puzzle","7":"product_cat-puzzle-adulti","8":"product_cat-puzzle-adulti-1000","9":"pa_bax-1273","10":"pa_brand-d_toys","11":"pa_country_of_manufacture-ro","12":"pa_filter_age-1315","13":"pa_painter-highdifficulty","14":"pa_tip_ambalaj-cutie","15":"pa_tip_puzzle-clasic","17":"first","18":"instock","19":"taxable","20":"shipping-taxable","21":"product-type-simple"},"yoast_head":"<!-- This site is optimized with the Yoast SEO plugin v20.1 - https:\/\/yoast.com\/wordpress\/plugins\/seo\/ -->\n<title>Puzzle adul\u021bi 1000 piese High Difficulty - Fruit \/ Fructe - Roovi B2B<\/title>\n<meta name=\"robots\" content=\"index, follow, max-snippet:-1, max-image-preview:large, max-video-preview:-1\" \/>\n<link rel=\"canonical\" href=\"https:\/\/www.roovi.ro\/puzzle-adulti-1000-piese-high-difficulty-fruit-fructe\/p\/\" \/>\n<meta property=\"og:locale\" content=\"ro_RO\" \/>\n<meta property=\"og:type\" content=\"article\" \/>\n<meta property=\"og:title\" content=\"Puzzle adul\u021bi 1000 piese High Difficulty - Fruit \/ Fructe - Roovi B2B\" \/>\n<meta property=\"og:description\" content=\"Urc\u0103 la un nivel superior al jocurilor puzzle cu modelul puzzle 1000 piese &#8211; Fruit! Dificil \u0219i\u2026 \u201edelicios\u201d, acest puzzle\" \/>\n<meta property=\"og:url\" content=\"https:\/\/www.roovi.ro\/puzzle-adulti-1000-piese-high-difficulty-fruit-fructe\/p\/\" \/>\n<meta property=\"og:site_name\" content=\"Roovi B2B\" \/>\n<meta property=\"article:publisher\" content=\"https:\/\/www.facebook.com\/wwwjucariero\" \/>\n<meta property=\"article:modified_time\" content=\"2023-03-20T21:44:55+00:00\" \/>\n<meta property=\"og:image\" content=\"https:\/\/business.roovi.com\/wp-content\/uploads\/2018\/04\/71958-01-ansamblu_dimensiuni-cutie-cm_orizontal.png\" \/>\n\t<meta property=\"og:image:width\" content=\"800\" \/>\n\t<meta property=\"og:image:height\" content=\"800\" \/>\n\t<meta property=\"og:image:type\" content=\"image\/png\" \/>\n<meta name=\"twitter:label1\" content=\"Timp estimat pentru citire\" \/>\n\t<meta name=\"twitter:data1\" content=\"3 minute\" \/>\n<script type=\"application\/ld+json\" class=\"yoast-schema-graph\">{\"@context\":\"https:\/\/schema.org\",\"@graph\":[{\"@type\":\"WebPage\",\"@id\":\"https:\/\/business.roovi.com\/ro\/puzzle-adulti-1000-piese-high-difficulty-fruit-fructe\/p\/\",\"url\":\"https:\/\/www.roovi.ro\/puzzle-adulti-1000-piese-high-difficulty-fruit-fructe\/p\/\",\"name\":\"Puzzle adul\u021bi 1000 piese High Difficulty - Fruit \/ Fructe - Roovi B2B\",\"isPartOf\":{\"@id\":\"https:\/\/business.roovi.com\/ro\/#website\"},\"datePublished\":\"2018-04-16T10:56:17+00:00\",\"dateModified\":\"2023-03-20T21:44:55+00:00\",\"breadcrumb\":{\"@id\":\"https:\/\/www.roovi.ro\/puzzle-adulti-1000-piese-high-difficulty-fruit-fructe\/p\/#breadcrumb\"},\"inLanguage\":\"ro-RO\",\"potentialAction\":[{\"@type\":\"ReadAction\",\"target\":[\"https:\/\/www.roovi.ro\/puzzle-adulti-1000-piese-high-difficulty-fruit-fructe\/p\/\"]}]},{\"@type\":\"BreadcrumbList\",\"@id\":\"https:\/\/www.roovi.ro\/puzzle-adulti-1000-piese-high-difficulty-fruit-fructe\/p\/#breadcrumb\",\"itemListElement\":[{\"@type\":\"ListItem\",\"position\":1,\"name\":\"Home\",\"item\":\"https:\/\/business.roovi.com\/ro\/\"},{\"@type\":\"ListItem\",\"position\":2,\"name\":\"Magazin\",\"item\":\"https:\/\/business.roovi.com\/ro\/magazin\/\"},{\"@type\":\"ListItem\",\"position\":3,\"name\":\"Puzzle adul\u021bi 1000 piese High Difficulty &#8211; Fruit \/ Fructe\"}]},{\"@type\":\"WebSite\",\"@id\":\"https:\/\/business.roovi.com\/ro\/#website\",\"url\":\"https:\/\/business.roovi.com\/ro\/\",\"name\":\"Roovi B2B\",\"description\":\"Roovi Business Website\",\"potentialAction\":[{\"@type\":\"SearchAction\",\"target\":{\"@type\":\"EntryPoint\",\"urlTemplate\":\"https:\/\/business.roovi.com\/ro\/?s={search_term_string}\"},\"query-input\":\"required name=search_term_string\"}],\"inLanguage\":\"ro-RO\"}]}<\/script>\n<!-- \/ Yoast SEO plugin. -->","yoast_head_json":{"title":"Puzzle adul\u021bi 1000 piese High Difficulty - Fruit \/ Fructe - Roovi B2B","robots":{"index":"index","follow":"follow","max-snippet":"max-snippet:-1","max-image-preview":"max-image-preview:large","max-video-preview":"max-video-preview:-1"},"canonical":"https:\/\/www.roovi.ro\/puzzle-adulti-1000-piese-high-difficulty-fruit-fructe\/p\/","og_locale":"ro_RO","og_type":"article","og_title":"Puzzle adul\u021bi 1000 piese High Difficulty - Fruit \/ Fructe - Roovi B2B","og_description":"Urc\u0103 la un nivel superior al jocurilor puzzle cu modelul puzzle 1000 piese &#8211; Fruit! Dificil \u0219i\u2026 \u201edelicios\u201d, acest puzzle","og_url":"https:\/\/www.roovi.ro\/puzzle-adulti-1000-piese-high-difficulty-fruit-fructe\/p\/","og_site_name":"Roovi B2B","article_publisher":"https:\/\/www.facebook.com\/wwwjucariero","article_modified_time":"2023-03-20T21:44:55+00:00","og_image":[{"width":800,"height":800,"url":"https:\/\/business.roovi.com\/wp-content\/uploads\/2018\/04\/71958-01-ansamblu_dimensiuni-cutie-cm_orizontal.png","type":"image\/png"}],"twitter_misc":{"Timp estimat pentru citire":"3 minute"},"schema":{"@context":"https:\/\/schema.org","@graph":[{"@type":"WebPage","@id":"https:\/\/business.roovi.com\/ro\/puzzle-adulti-1000-piese-high-difficulty-fruit-fructe\/p\/","url":"https:\/\/www.roovi.ro\/puzzle-adulti-1000-piese-high-difficulty-fruit-fructe\/p\/","name":"Puzzle adul\u021bi 1000 piese High Difficulty - Fruit \/ Fructe - Roovi B2B","isPartOf":{"@id":"https:\/\/business.roovi.com\/ro\/#website"},"datePublished":"2018-04-16T10:56:17+00:00","dateModified":"2023-03-20T21:44:55+00:00","breadcrumb":{"@id":"https:\/\/www.roovi.ro\/puzzle-adulti-1000-piese-high-difficulty-fruit-fructe\/p\/#breadcrumb"},"inLanguage":"ro-RO","potentialAction":[{"@type":"ReadAction","target":["https:\/\/www.roovi.ro\/puzzle-adulti-1000-piese-high-difficulty-fruit-fructe\/p\/"]}]},{"@type":"BreadcrumbList","@id":"https:\/\/www.roovi.ro\/puzzle-adulti-1000-piese-high-difficulty-fruit-fructe\/p\/#breadcrumb","itemListElement":[{"@type":"ListItem","position":1,"name":"Home","item":"https:\/\/business.roovi.com\/ro\/"},{"@type":"ListItem","position":2,"name":"Magazin","item":"https:\/\/business.roovi.com\/ro\/magazin\/"},{"@type":"ListItem","position":3,"name":"Puzzle adul\u021bi 1000 piese High Difficulty &#8211; Fruit \/ Fructe"}]},{"@type":"WebSite","@id":"https:\/\/business.roovi.com\/ro\/#website","url":"https:\/\/business.roovi.com\/ro\/","name":"Roovi B2B","description":"Roovi Business Website","potentialAction":[{"@type":"SearchAction","target":{"@type":"EntryPoint","urlTemplate":"https:\/\/business.roovi.com\/ro\/?s={search_term_string}"},"query-input":"required name=search_term_string"}],"inLanguage":"ro-RO"}]}},"_links":{"self":[{"href":"https:\/\/business.roovi.com\/ro\/wp-json\/wp\/v2\/product\/17317","targetHints":{"allow":["GET"]}}],"collection":[{"href":"https:\/\/business.roovi.com\/ro\/wp-json\/wp\/v2\/product"}],"about":[{"href":"https:\/\/business.roovi.com\/ro\/wp-json\/wp\/v2\/types\/product"}],"version-history":[{"count":0,"href":"https:\/\/business.roovi.com\/ro\/wp-json\/wp\/v2\/product\/17317\/revisions"}],"wp:featuredmedia":[{"embeddable":true,"href":"https:\/\/business.roovi.com\/ro\/wp-json\/wp\/v2\/media\/17303"}],"wp:attachment":[{"href":"https:\/\/business.roovi.com\/ro\/wp-json\/wp\/v2\/media?parent=17317"}],"wp:term":[{"taxonomy":"product_brand","embeddable":true,"href":"https:\/\/business.roovi.com\/ro\/wp-json\/wp\/v2\/product_brand?post=17317"},{"taxonomy":"product_cat","embeddable":true,"href":"https:\/\/business.roovi.com\/ro\/wp-json\/wp\/v2\/product_cat?post=17317"},{"taxonomy":"product_tag","embeddable":true,"href":"https:\/\/business.roovi.com\/ro\/wp-json\/wp\/v2\/product_tag?post=17317"}],"curies":[{"name":"wp","href":"https:\/\/api.w.org\/{rel}","templated":true}]}}