{"id":17345,"date":"2018-04-16T10:56:17","date_gmt":"2018-04-16T10:56:17","guid":{"rendered":"https:\/\/business.roovi.com\/product\/puzzle-vintage-money-coins\/"},"modified":"2023-03-20T21:42:10","modified_gmt":"2023-03-20T21:42:10","slug":"puzzle-adulti-1000-piese-vintage-posters-coins","status":"publish","type":"product","link":"https:\/\/business.roovi.com\/ro\/puzzle-adulti-1000-piese-vintage-posters-coins\/p\/","title":{"rendered":"Puzzle adul\u021bi 1000 piese Vintage Posters &#8211; Coins"},"content":{"rendered":"<p><span style=\"font-weight: 400;\">E\u0219ti gata s\u0103 treci testul r\u0103bd\u0103rii? \u021ai-am preg\u0103tit un joc puzzle cu o imagine cu multe, chiar foarte multe monede vechi: puzzle 1000 piese vintage coins. Te \u021bine conectat \u0219i \u00ee\u021bi ofer\u0103 p\u00e2n\u0103 la 30 de ore de distrac\u021bie creativ\u0103.<\/span><\/p>\n<p><span style=\"font-weight: 400;\">Dac\u0103 e\u0219ti unul dintre pasiona\u021bii de jocuri puzzle cu detalii m\u0103runte, puzzle 1000 piese Coins \/ Monede din colec\u021bia puzzle vintage va fi cu siguran\u021b\u0103 un prilej de a-\u021bi exersa abilit\u0103\u021bile de asamblare.<\/span><\/p>\n<p><span style=\"font-weight: 400;\">Sau poate \u00een copil\u0103rie erai fascinat de monede \u0219i \u00ee\u021bi pl\u0103cea s\u0103 le colec\u021bionezi. O imagine cu at\u00e2t de multe piese vechi te va face s\u0103 te sim\u021bi colec\u021bionarul de alt\u0103dat\u0103, dar \u0219i artistul de ast\u0103zi care pune \u00eempreun\u0103 1000 piese de puzzle \u0219i creeaz\u0103 cel mai fascinant tablou din via\u021ba lui.<\/span><\/p>\n<p><span style=\"font-weight: 400;\">Pentru suportul pieselor \u0219i asamblarea lor po\u021bi utiliza o m\u0103su\u021b\u0103 standard de cafea. Dimensiunea imaginii reconstituite este de 50 x 70 cm. Dac\u0103 vrei s\u0103-\u021bi aminte\u0219ti mereu de munca ta minu\u021bioas\u0103, pune tabloul \u00een ram\u0103 \u0219i expune-l \u00eentr-un loc din cas\u0103 c\u0103ruia vrei s\u0103 \u00eei dai personalitate.<\/span><\/p>\n<p><span style=\"font-weight: 400;\">Caracteristici puzzle 1000 piese vintage coins:<\/span><\/p>\n<p><strong>Material puzzle:\u00a0<\/strong><\/p>\n<p><strong>carton albastru de o calitate superioar\u0103<\/strong><\/p>\n<p><strong>materiale sustenabile, reciclabile<\/strong><\/p>\n<p><strong>finisaj semi-lucios, culori vii<\/strong><\/p>\n<p><strong>Num\u0103rul pieselor de puzzle: 1000<\/strong><\/p>\n<p><strong>V\u00e2rsta recomandat\u0103: 14+<\/strong><\/p>\n<p><span style=\"font-weight: 400;\">Puzzle 1000 piese monede vechi te ajut\u0103 s\u0103-\u021bi dezvol\u021bi multiple abilit\u0103\u021bi, precum:<\/span><\/p>\n<ul>\n<li><span style=\"font-weight: 400;\">Memoria pe termen scurt.<\/span><\/li>\n<li><span style=\"font-weight: 400;\">\u00cendem\u00e2narea \u0219i coordonarea.<\/span><\/li>\n<li><span style=\"font-weight: 400;\">Perseveren\u021ba.<\/span><\/li>\n<li><span style=\"font-weight: 400;\">Capacitatea de concentrare.<\/span><\/li>\n<li><span style=\"font-weight: 400;\">Aten\u021bia la detalii.<\/span><\/li>\n<li><span style=\"font-weight: 400;\">G\u00e2ndirea logic\u0103.<\/span><\/li>\n<li><span style=\"font-weight: 400;\">Capacitatea de a rezolva probleme.<\/span><\/li>\n<\/ul>\n<p><strong>\u0218tiai c\u0103\u2026?<\/strong><\/p>\n<p><span style=\"font-weight: 400;\">Monedele au fost introduse ca metod\u0103 de plat\u0103 \u00een jurul secolului al VI-lea sau al V-lea \u00ee.Hr, iar inventarea lor este \u00eenc\u0103 \u00eenv\u0103luit\u0103 \u00een mister. Herodot le atribuia lidienilor, \u00een timp ce Aristotel sus\u021binea c\u0103 primele monede au fost b\u0103tute \u00een regiunea Frigia.<\/span><\/p>\n<p><span style=\"font-weight: 400;\">Una dintre cele mai scumpe monezi din lume este <\/span><span style=\"font-weight: 400;\">\u201eFlowing Hair\u201d, un dolar din argint emis \u00een 1794 care valoreaz\u0103 10 milioane de dolari.<\/span><\/p>\n<p><span style=\"font-weight: 400;\">Lira sterlin\u0103 a fost introdus\u0103 \u00een circula\u021bie \u00een secolul VIII \u0219i este cea mai veche moned\u0103 care se afl\u0103 \u00eenc\u0103 \u00een circula\u021bie.<\/span><\/p>\n<p><span style=\"font-weight: 400;\">\u00cen ianuarie 2020, erau \u00een circula\u021bie 135 de miliarde de monede euro.\u00a0<\/span><\/p>\n<p><strong>Puzzle 1000 piese monede vechi transform\u0103 o activitatea minu\u021bioas\u0103 \u00eentr-o distrac\u021bie pe cinste<\/strong><\/p>\n<p><span style=\"font-weight: 400;\">Puzzle 1000 piese monede vechi poate fi \u0219i o bun\u0103 ocazie de a p\u0103trunde \u00een istoria \u00eendep\u0103rtat\u0103 a omenirii \u0219i de a cunoa\u0219te secretele primilor bani sco\u0219i pe pia\u021b\u0103. Dac\u0103 vrei ca lucrul la aceast\u0103 imagine s\u0103 mearg\u0103 mai repede, antreneaz\u0103-i \u00een jocul puzzle \u0219i pe copiii t\u0103i. Preg\u0103te\u0219te c\u00e2t mai multe informa\u021bii despre monede \u0219i povesti\u021bi \u00eempreun\u0103 despre istoria banilor.\u00a0<\/span><\/p>\n<p><span style=\"font-weight: 400;\">Banii sunt un subiect actual oric\u00e2nd \u0219i cu c\u00e2t mai repede le explici despre ei copiilor, cu at\u00e2t mai repede le vor \u00een\u021belege valoarea. Combina\u021bia joc puzzle &#8211; discu\u021bie despre bani este o oportunitate at\u00e2t de distrac\u021bie, c\u00e2t \u0219i de \u00eenv\u0103\u021bare.<\/span><\/p>\n<p><span style=\"font-weight: 400;\">Alege puzzle 1000 piese monede vechi din colec\u021bia puzzle vintage \u0219i antreneaz\u0103-\u021bi mintea \u00een mod pl\u0103cut \u0219i creativ. Dac\u0103 vrei s\u0103 provoci un prieten s\u0103-\u0219i testeze r\u0103bdarea \u0219i aten\u021bia la detalii, acest joc puzzle este cadoul perfect.<\/span><\/p>\n<p>\u00a0<\/p>\n","protected":false},"excerpt":{"rendered":"<p>E\u0219ti gata s\u0103 treci testul r\u0103bd\u0103rii? \u021ai-am preg\u0103tit un joc puzzle cu o imagine cu multe, chiar foarte multe monede<\/p>\n","protected":false},"featured_media":17333,"template":"","meta":[],"product_brand":[],"product_cat":[1454,1488,1560],"product_tag":[],"class_list":{"0":"post-17345","1":"product","2":"type-product","3":"status-publish","4":"has-post-thumbnail","6":"product_cat-puzzle","7":"product_cat-puzzle-adulti","8":"product_cat-puzzle-adulti-1000","9":"pa_bax-1273","10":"pa_brand-d_toys","11":"pa_country_of_manufacture-ro","12":"pa_filter_age-1315","13":"pa_painter-vintageposters","14":"pa_tip_ambalaj-cutie","15":"pa_tip_puzzle-clasic","17":"first","18":"instock","19":"taxable","20":"shipping-taxable","21":"product-type-simple"},"yoast_head":"<!-- This site is optimized with the Yoast SEO plugin v20.1 - https:\/\/yoast.com\/wordpress\/plugins\/seo\/ -->\n<title>Puzzle adul\u021bi 1000 piese Vintage Posters - Coins - Roovi B2B<\/title>\n<meta name=\"robots\" content=\"index, follow, max-snippet:-1, max-image-preview:large, max-video-preview:-1\" \/>\n<link rel=\"canonical\" href=\"https:\/\/www.roovi.ro\/puzzle-adulti-1000-piese-vintage-posters-coins\/p\/\" \/>\n<meta property=\"og:locale\" content=\"ro_RO\" \/>\n<meta property=\"og:type\" content=\"article\" \/>\n<meta property=\"og:title\" content=\"Puzzle adul\u021bi 1000 piese Vintage Posters - Coins - Roovi B2B\" \/>\n<meta property=\"og:description\" content=\"E\u0219ti gata s\u0103 treci testul r\u0103bd\u0103rii? \u021ai-am preg\u0103tit un joc puzzle cu o imagine cu multe, chiar foarte multe monede\" \/>\n<meta property=\"og:url\" content=\"https:\/\/www.roovi.ro\/puzzle-adulti-1000-piese-vintage-posters-coins\/p\/\" \/>\n<meta property=\"og:site_name\" content=\"Roovi B2B\" \/>\n<meta property=\"article:publisher\" content=\"https:\/\/www.facebook.com\/wwwjucariero\" \/>\n<meta property=\"article:modified_time\" content=\"2023-03-20T21:42:10+00:00\" \/>\n<meta property=\"og:image\" content=\"https:\/\/business.roovi.com\/wp-content\/uploads\/2018\/04\/67555-13_ansamblu_dimensiuni_cutie_cm_orizontal_1200x1200.png\" \/>\n\t<meta property=\"og:image:width\" content=\"1200\" \/>\n\t<meta property=\"og:image:height\" content=\"1200\" \/>\n\t<meta property=\"og:image:type\" content=\"image\/png\" \/>\n<meta name=\"twitter:label1\" content=\"Timp estimat pentru citire\" \/>\n\t<meta name=\"twitter:data1\" content=\"3 minute\" \/>\n<script type=\"application\/ld+json\" class=\"yoast-schema-graph\">{\"@context\":\"https:\/\/schema.org\",\"@graph\":[{\"@type\":\"WebPage\",\"@id\":\"https:\/\/business.roovi.com\/ro\/puzzle-adulti-1000-piese-vintage-posters-coins\/p\/\",\"url\":\"https:\/\/www.roovi.ro\/puzzle-adulti-1000-piese-vintage-posters-coins\/p\/\",\"name\":\"Puzzle adul\u021bi 1000 piese Vintage Posters - Coins - Roovi B2B\",\"isPartOf\":{\"@id\":\"https:\/\/business.roovi.com\/ro\/#website\"},\"datePublished\":\"2018-04-16T10:56:17+00:00\",\"dateModified\":\"2023-03-20T21:42:10+00:00\",\"breadcrumb\":{\"@id\":\"https:\/\/www.roovi.ro\/puzzle-adulti-1000-piese-vintage-posters-coins\/p\/#breadcrumb\"},\"inLanguage\":\"ro-RO\",\"potentialAction\":[{\"@type\":\"ReadAction\",\"target\":[\"https:\/\/www.roovi.ro\/puzzle-adulti-1000-piese-vintage-posters-coins\/p\/\"]}]},{\"@type\":\"BreadcrumbList\",\"@id\":\"https:\/\/www.roovi.ro\/puzzle-adulti-1000-piese-vintage-posters-coins\/p\/#breadcrumb\",\"itemListElement\":[{\"@type\":\"ListItem\",\"position\":1,\"name\":\"Home\",\"item\":\"https:\/\/business.roovi.com\/ro\/\"},{\"@type\":\"ListItem\",\"position\":2,\"name\":\"Magazin\",\"item\":\"https:\/\/business.roovi.com\/ro\/magazin\/\"},{\"@type\":\"ListItem\",\"position\":3,\"name\":\"Puzzle adul\u021bi 1000 piese Vintage Posters &#8211; Coins\"}]},{\"@type\":\"WebSite\",\"@id\":\"https:\/\/business.roovi.com\/ro\/#website\",\"url\":\"https:\/\/business.roovi.com\/ro\/\",\"name\":\"Roovi B2B\",\"description\":\"Roovi Business Website\",\"potentialAction\":[{\"@type\":\"SearchAction\",\"target\":{\"@type\":\"EntryPoint\",\"urlTemplate\":\"https:\/\/business.roovi.com\/ro\/?s={search_term_string}\"},\"query-input\":\"required name=search_term_string\"}],\"inLanguage\":\"ro-RO\"}]}<\/script>\n<!-- \/ Yoast SEO plugin. -->","yoast_head_json":{"title":"Puzzle adul\u021bi 1000 piese Vintage Posters - Coins - Roovi B2B","robots":{"index":"index","follow":"follow","max-snippet":"max-snippet:-1","max-image-preview":"max-image-preview:large","max-video-preview":"max-video-preview:-1"},"canonical":"https:\/\/www.roovi.ro\/puzzle-adulti-1000-piese-vintage-posters-coins\/p\/","og_locale":"ro_RO","og_type":"article","og_title":"Puzzle adul\u021bi 1000 piese Vintage Posters - Coins - Roovi B2B","og_description":"E\u0219ti gata s\u0103 treci testul r\u0103bd\u0103rii? \u021ai-am preg\u0103tit un joc puzzle cu o imagine cu multe, chiar foarte multe monede","og_url":"https:\/\/www.roovi.ro\/puzzle-adulti-1000-piese-vintage-posters-coins\/p\/","og_site_name":"Roovi B2B","article_publisher":"https:\/\/www.facebook.com\/wwwjucariero","article_modified_time":"2023-03-20T21:42:10+00:00","og_image":[{"width":1200,"height":1200,"url":"https:\/\/business.roovi.com\/wp-content\/uploads\/2018\/04\/67555-13_ansamblu_dimensiuni_cutie_cm_orizontal_1200x1200.png","type":"image\/png"}],"twitter_misc":{"Timp estimat pentru citire":"3 minute"},"schema":{"@context":"https:\/\/schema.org","@graph":[{"@type":"WebPage","@id":"https:\/\/business.roovi.com\/ro\/puzzle-adulti-1000-piese-vintage-posters-coins\/p\/","url":"https:\/\/www.roovi.ro\/puzzle-adulti-1000-piese-vintage-posters-coins\/p\/","name":"Puzzle adul\u021bi 1000 piese Vintage Posters - Coins - Roovi B2B","isPartOf":{"@id":"https:\/\/business.roovi.com\/ro\/#website"},"datePublished":"2018-04-16T10:56:17+00:00","dateModified":"2023-03-20T21:42:10+00:00","breadcrumb":{"@id":"https:\/\/www.roovi.ro\/puzzle-adulti-1000-piese-vintage-posters-coins\/p\/#breadcrumb"},"inLanguage":"ro-RO","potentialAction":[{"@type":"ReadAction","target":["https:\/\/www.roovi.ro\/puzzle-adulti-1000-piese-vintage-posters-coins\/p\/"]}]},{"@type":"BreadcrumbList","@id":"https:\/\/www.roovi.ro\/puzzle-adulti-1000-piese-vintage-posters-coins\/p\/#breadcrumb","itemListElement":[{"@type":"ListItem","position":1,"name":"Home","item":"https:\/\/business.roovi.com\/ro\/"},{"@type":"ListItem","position":2,"name":"Magazin","item":"https:\/\/business.roovi.com\/ro\/magazin\/"},{"@type":"ListItem","position":3,"name":"Puzzle adul\u021bi 1000 piese Vintage Posters &#8211; Coins"}]},{"@type":"WebSite","@id":"https:\/\/business.roovi.com\/ro\/#website","url":"https:\/\/business.roovi.com\/ro\/","name":"Roovi B2B","description":"Roovi Business Website","potentialAction":[{"@type":"SearchAction","target":{"@type":"EntryPoint","urlTemplate":"https:\/\/business.roovi.com\/ro\/?s={search_term_string}"},"query-input":"required name=search_term_string"}],"inLanguage":"ro-RO"}]}},"_links":{"self":[{"href":"https:\/\/business.roovi.com\/ro\/wp-json\/wp\/v2\/product\/17345","targetHints":{"allow":["GET"]}}],"collection":[{"href":"https:\/\/business.roovi.com\/ro\/wp-json\/wp\/v2\/product"}],"about":[{"href":"https:\/\/business.roovi.com\/ro\/wp-json\/wp\/v2\/types\/product"}],"version-history":[{"count":0,"href":"https:\/\/business.roovi.com\/ro\/wp-json\/wp\/v2\/product\/17345\/revisions"}],"wp:featuredmedia":[{"embeddable":true,"href":"https:\/\/business.roovi.com\/ro\/wp-json\/wp\/v2\/media\/17333"}],"wp:attachment":[{"href":"https:\/\/business.roovi.com\/ro\/wp-json\/wp\/v2\/media?parent=17345"}],"wp:term":[{"taxonomy":"product_brand","embeddable":true,"href":"https:\/\/business.roovi.com\/ro\/wp-json\/wp\/v2\/product_brand?post=17345"},{"taxonomy":"product_cat","embeddable":true,"href":"https:\/\/business.roovi.com\/ro\/wp-json\/wp\/v2\/product_cat?post=17345"},{"taxonomy":"product_tag","embeddable":true,"href":"https:\/\/business.roovi.com\/ro\/wp-json\/wp\/v2\/product_tag?post=17345"}],"curies":[{"name":"wp","href":"https:\/\/api.w.org\/{rel}","templated":true}]}}