{"id":17370,"date":"2018-04-16T10:56:17","date_gmt":"2018-04-16T10:56:17","guid":{"rendered":"https:\/\/business.roovi.com\/product\/puzzle-imagini-din-romania-castelul-corvin-hunedoara-ziua-1000-piese\/"},"modified":"2025-03-18T10:05:39","modified_gmt":"2025-03-18T10:05:39","slug":"puzzle-1000-piese-imagini-din-romania-castelul-corvinilor-hunedoara-ziua","status":"publish","type":"product","link":"https:\/\/business.roovi.com\/ro\/puzzle-1000-piese-imagini-din-romania-castelul-corvinilor-hunedoara-ziua\/p\/","title":{"rendered":"Puzzle 1000 piese &#8211; Imagini din Rom\u00e2nia &#8211; Castelul Corvinilor Hunedoara ziua"},"content":{"rendered":"<p><span style=\"font-weight: 400;\">Cetatea Hunedoarei sau Castelul Corvinilor este considerat a fi cel mai mare monument medieval din sud-estul Europei \u0219i unul dintre cele mai importante monumente \u00een stil gotic din Rom\u00e2nia.\u00a0<\/span><\/p>\n<p><span style=\"font-weight: 400;\">Castelul Corvinilor este o construc\u021bie impun\u0103toare ce impresioneaz\u0103 at\u00e2t prin dimensiune c\u00e2t \u0219i prin stilul arhitectural armonios, ce tranziteaz\u0103 mai multe perioade ale stilului gotic, semn al construc\u021biei \u00een mai multe etape, de-a lungul mai multor perioade de timp.\u00a0<\/span><\/p>\n<p><span style=\"font-weight: 400;\">Originile primei construc\u021bii dateaz\u0103 \u00eenc\u0103 din secolul al XIV-lea, \u00eens\u0103 abia \u00een secolul XV Castelul \u00eencepe s\u0103 prind\u0103 contur, \u00een timpul domniei lui Iancu de Hunedoara, care decide s\u0103 construiasc\u0103 o cetate peste vechea \u00eent\u0103ritur\u0103 de ap\u0103rare. Ulterior, Castelul Corvinilor a devenit re\u0219edin\u021ba lui Matia Corvin, fiul lui Iancu de Hunedoara \u0219i Rege al Ungariei.\u00a0<\/span><\/p>\n<p><span style=\"font-weight: 400;\">Prin intermediul unui puzzle 1000 piese ai posibilitatea s\u0103 descoperi detaliile impresionante care au plasat Castelul Corvinilor \u00een top 10 al celor mai frumoase destina\u021bii de basm din Europa, fiind considerat unul dintre cele mai frumoase castele din lume.\u00a0<\/span><\/p>\n<p><span style=\"font-weight: 400;\">Cu fiecare pies\u0103 de puzzle cu potrivire perfect\u0103 vei putea contura turnurile gotice impresionante, podul construit pe piloni sau zidurile masive ale castelului de pe st\u00e2nc\u0103, iar rezultatul final va fi o recompens\u0103 binemeritat\u0103.\u00a0<\/span><\/p>\n<h2><span style=\"font-weight: 400;\">De ce s\u0103 alegi un puzzle adul\u021bi 1000 piese Imagini din Rom\u00e2nia<\/span><\/h2>\n<ul>\n<li><span style=\"font-weight: 400;\">Un puzzle este o modalitate relaxant\u0103 de a descoperi frumuse\u021bea \u0219i unicitatea unor obiective turistice apreciate \u00een \u00eentreaga lume, de care se leag\u0103 legende renumite.<\/span><\/li>\n<li><span style=\"font-weight: 400;\">La final, vei ob\u021bine un tablou fascinant al Castelului Corvinilor, ce poate fi transformat\u0103 cu u\u0219urin\u021b\u0103 \u00eentr-un tablou.\u00a0<\/span><\/li>\n<li><span style=\"font-weight: 400;\">Dimensiunea acestui puzzle este de 68 x 47 cm, suficient de mare pentru a deveni o pies\u0103 central\u0103 de decor sau parte dintr-o colec\u021bie personal\u0103.<\/span><\/li>\n<li><span style=\"font-weight: 400;\">Este un joc potrivit de la 14 ani, cu un grad de complexitate mediu.\u00a0<\/span><\/li>\n<li><span style=\"font-weight: 400;\">Piesele sunt realizate din carton rezistent, de foarte bun\u0103 calitate, astfel c\u0103 imaginea poate fi asamblat\u0103 de mai multe ori, f\u0103r\u0103 ca piesele sa fie deteriorate.<\/span><\/li>\n<li><span style=\"font-weight: 400;\">Folosim materiale reciclabile \u0219i sustenabile pentru realizarea fiec\u0103rui puzzle.<\/span><\/li>\n<li><span style=\"font-weight: 400;\">Finisajul pl\u0103cut, semi lucios, eviden\u021biaz\u0103 culorile vii \u0219i confer\u0103 claritate imaginii.<\/span><\/li>\n<li><span style=\"font-weight: 400;\">Jocul de puzzle este un antrenament mental pre\u021bios, solicitand ambele emisfere cerebrale, ajut\u00e2nd astfel la \u00eembun\u0103t\u0103\u021birea memoriei.<\/span><\/li>\n<li><span style=\"font-weight: 400;\">Este o form\u0103 pl\u0103cut\u0103 de a antrena \u0219i men\u021bine coordonarea, motricitatea \u0219i dexteritatea, la orice v\u00e2rst\u0103.<\/span><\/li>\n<li><span style=\"font-weight: 400;\">Spore\u0219te aten\u021bia la detalii \u0219i concentrarea.<\/span><\/li>\n<\/ul>\n<h2><span style=\"font-weight: 400;\">\u0218tiai c\u0103\u2026<\/span><\/h2>\n<p><span style=\"font-weight: 400;\">Numele Corvinilor este str\u00e2ns legat de o legend\u0103 care poveste\u0219te c\u0103 Ioan de Hunedoara a fost fiul nelegitim al lui Sigismund de Luxemburg, rege al Ungariei, care \u00eei d\u0103ruie\u0219te mamei sale un inel de aur cu care Iancu s\u0103 fie recunoscut mai t\u00e2rziu la curtea regal\u0103.\u00a0<\/span><\/p>\n<p><span style=\"font-weight: 400;\">\u00cen timpul unei mese c\u00e2mpene\u0219ti, un corb fur\u0103 inelul, atras fiind de str\u0103lucirea acestuia, iar Iancu de Hunedoara, pe atunci doar un copil, ucide corbul cu o s\u0103geat\u0103 \u0219i recupereaz\u0103 inelul.\u00a0<\/span><\/p>\n<p><span style=\"font-weight: 400;\">Mai t\u00e2rziu, imaginea corbului cu inelul de aur \u00een plisc devine blazonul Corvinilor, ca simbol al curajului \u0219i vitejiei.\u00a0<\/span><\/p>\n<h2><span style=\"font-weight: 400;\">Puzzle adul\u021bi 1000 piese &#8211; ore \u00eentregi de relaxare \u0219i deconectare<\/span><\/h2>\n<p><span style=\"font-weight: 400;\">Alege s\u0103 descoperi Rom\u00e2nia \u00eentr-un mod inedit, prin asamblarea unui puzzle, \u0219i recompune pies\u0103 cu pies\u0103 unul dintre cele mai frumoase castele ale Europei.\u00a0<\/span><\/p>\n<p><span style=\"font-weight: 400;\">Descoper\u0103 Castelul Corvinilor cu ajutorul unui puzzle 1000 piese \u0219i bucur\u0103-te de c\u00e2teva ore bune de relaxare creativ\u0103, \u00een timp ce descoperi piesele potrivite pentru a \u00eentregi imaginea.\u00a0<\/span><\/p>\n<p><span style=\"font-weight: 400;\">\u00cen plus, asamblarea unui puzzle cu imagini din Rom\u00e2nia este o activitate foarte pl\u0103cut\u0103, de reconectare cu originile. O incursiune \u00een istoria noastr\u0103 \u00eendelungat\u0103 \u0219i zbuciumat\u0103, prin intermediul c\u0103reia po\u021bi descoperi detalii \u0219i monumente impresionante, \u00een timp ce te destinzi \u0219i te deconectezi de la agita\u021bia cotidian\u0103.<\/span><\/p>\n<p><span style=\"font-weight: 400;\">\u00a0<\/span><\/p>\n","protected":false},"excerpt":{"rendered":"<p>Cetatea Hunedoarei sau Castelul Corvinilor este considerat a fi cel mai mare monument medieval din sud-estul Europei \u0219i unul dintre<\/p>\n","protected":false},"featured_media":17366,"template":"","meta":[],"product_brand":[],"product_cat":[1454,1488,1560],"product_tag":[],"class_list":{"0":"post-17370","1":"product","2":"type-product","3":"status-publish","4":"has-post-thumbnail","6":"product_cat-puzzle","7":"product_cat-puzzle-adulti","8":"product_cat-puzzle-adulti-1000","9":"pa_bax-1273","10":"pa_brand-d_toys","11":"pa_country_of_manufacture-ro","12":"pa_filter_age-1315","13":"pa_painter-romania","14":"pa_tip_ambalaj-cutie","15":"pa_tip_puzzle-clasic","17":"first","18":"instock","19":"taxable","20":"shipping-taxable","21":"product-type-simple"},"yoast_head":"<!-- This site is optimized with the Yoast SEO plugin v20.1 - https:\/\/yoast.com\/wordpress\/plugins\/seo\/ -->\n<title>Puzzle 1000 piese - Imagini din Rom\u00e2nia - Castelul Corvinilor Hunedoara ziua - Roovi B2B<\/title>\n<meta name=\"robots\" content=\"index, follow, max-snippet:-1, max-image-preview:large, max-video-preview:-1\" \/>\n<link rel=\"canonical\" href=\"https:\/\/www.roovi.ro\/puzzle-1000-piese-imagini-din-romania-castelul-corvinilor-hunedoara-ziua\/p\/\" \/>\n<meta property=\"og:locale\" content=\"ro_RO\" \/>\n<meta property=\"og:type\" content=\"article\" \/>\n<meta property=\"og:title\" content=\"Puzzle 1000 piese - Imagini din Rom\u00e2nia - Castelul Corvinilor Hunedoara ziua - Roovi B2B\" \/>\n<meta property=\"og:description\" content=\"Cetatea Hunedoarei sau Castelul Corvinilor este considerat a fi cel mai mare monument medieval din sud-estul Europei \u0219i unul dintre\" \/>\n<meta property=\"og:url\" content=\"https:\/\/www.roovi.ro\/puzzle-1000-piese-imagini-din-romania-castelul-corvinilor-hunedoara-ziua\/p\/\" \/>\n<meta property=\"og:site_name\" content=\"Roovi B2B\" \/>\n<meta property=\"article:publisher\" content=\"https:\/\/www.facebook.com\/wwwjucariero\" \/>\n<meta property=\"article:modified_time\" content=\"2025-03-18T10:05:39+00:00\" \/>\n<meta property=\"og:image\" content=\"https:\/\/business.roovi.com\/wp-content\/uploads\/2018\/04\/63038_12.jpg\" \/>\n\t<meta property=\"og:image:width\" content=\"1200\" \/>\n\t<meta property=\"og:image:height\" content=\"1200\" \/>\n\t<meta property=\"og:image:type\" content=\"image\/jpeg\" \/>\n<meta name=\"twitter:label1\" content=\"Timp estimat pentru citire\" \/>\n\t<meta name=\"twitter:data1\" content=\"3 minute\" \/>\n<script type=\"application\/ld+json\" class=\"yoast-schema-graph\">{\"@context\":\"https:\/\/schema.org\",\"@graph\":[{\"@type\":\"WebPage\",\"@id\":\"https:\/\/business.roovi.com\/ro\/puzzle-1000-piese-imagini-din-romania-castelul-corvinilor-hunedoara-ziua\/p\/\",\"url\":\"https:\/\/www.roovi.ro\/puzzle-1000-piese-imagini-din-romania-castelul-corvinilor-hunedoara-ziua\/p\/\",\"name\":\"Puzzle 1000 piese - Imagini din Rom\u00e2nia - Castelul Corvinilor Hunedoara ziua - Roovi B2B\",\"isPartOf\":{\"@id\":\"https:\/\/business.roovi.com\/ro\/#website\"},\"datePublished\":\"2018-04-16T10:56:17+00:00\",\"dateModified\":\"2025-03-18T10:05:39+00:00\",\"breadcrumb\":{\"@id\":\"https:\/\/www.roovi.ro\/puzzle-1000-piese-imagini-din-romania-castelul-corvinilor-hunedoara-ziua\/p\/#breadcrumb\"},\"inLanguage\":\"ro-RO\",\"potentialAction\":[{\"@type\":\"ReadAction\",\"target\":[\"https:\/\/www.roovi.ro\/puzzle-1000-piese-imagini-din-romania-castelul-corvinilor-hunedoara-ziua\/p\/\"]}]},{\"@type\":\"BreadcrumbList\",\"@id\":\"https:\/\/www.roovi.ro\/puzzle-1000-piese-imagini-din-romania-castelul-corvinilor-hunedoara-ziua\/p\/#breadcrumb\",\"itemListElement\":[{\"@type\":\"ListItem\",\"position\":1,\"name\":\"Home\",\"item\":\"https:\/\/business.roovi.com\/ro\/\"},{\"@type\":\"ListItem\",\"position\":2,\"name\":\"Magazin\",\"item\":\"https:\/\/business.roovi.com\/ro\/magazin\/\"},{\"@type\":\"ListItem\",\"position\":3,\"name\":\"Puzzle 1000 piese &#8211; Imagini din Rom\u00e2nia &#8211; Castelul Corvinilor Hunedoara ziua\"}]},{\"@type\":\"WebSite\",\"@id\":\"https:\/\/business.roovi.com\/ro\/#website\",\"url\":\"https:\/\/business.roovi.com\/ro\/\",\"name\":\"Roovi B2B\",\"description\":\"Roovi Business Website\",\"potentialAction\":[{\"@type\":\"SearchAction\",\"target\":{\"@type\":\"EntryPoint\",\"urlTemplate\":\"https:\/\/business.roovi.com\/ro\/?s={search_term_string}\"},\"query-input\":\"required name=search_term_string\"}],\"inLanguage\":\"ro-RO\"}]}<\/script>\n<!-- \/ Yoast SEO plugin. -->","yoast_head_json":{"title":"Puzzle 1000 piese - Imagini din Rom\u00e2nia - Castelul Corvinilor Hunedoara ziua - Roovi B2B","robots":{"index":"index","follow":"follow","max-snippet":"max-snippet:-1","max-image-preview":"max-image-preview:large","max-video-preview":"max-video-preview:-1"},"canonical":"https:\/\/www.roovi.ro\/puzzle-1000-piese-imagini-din-romania-castelul-corvinilor-hunedoara-ziua\/p\/","og_locale":"ro_RO","og_type":"article","og_title":"Puzzle 1000 piese - Imagini din Rom\u00e2nia - Castelul Corvinilor Hunedoara ziua - Roovi B2B","og_description":"Cetatea Hunedoarei sau Castelul Corvinilor este considerat a fi cel mai mare monument medieval din sud-estul Europei \u0219i unul dintre","og_url":"https:\/\/www.roovi.ro\/puzzle-1000-piese-imagini-din-romania-castelul-corvinilor-hunedoara-ziua\/p\/","og_site_name":"Roovi B2B","article_publisher":"https:\/\/www.facebook.com\/wwwjucariero","article_modified_time":"2025-03-18T10:05:39+00:00","og_image":[{"width":1200,"height":1200,"url":"https:\/\/business.roovi.com\/wp-content\/uploads\/2018\/04\/63038_12.jpg","type":"image\/jpeg"}],"twitter_misc":{"Timp estimat pentru citire":"3 minute"},"schema":{"@context":"https:\/\/schema.org","@graph":[{"@type":"WebPage","@id":"https:\/\/business.roovi.com\/ro\/puzzle-1000-piese-imagini-din-romania-castelul-corvinilor-hunedoara-ziua\/p\/","url":"https:\/\/www.roovi.ro\/puzzle-1000-piese-imagini-din-romania-castelul-corvinilor-hunedoara-ziua\/p\/","name":"Puzzle 1000 piese - Imagini din Rom\u00e2nia - Castelul Corvinilor Hunedoara ziua - Roovi B2B","isPartOf":{"@id":"https:\/\/business.roovi.com\/ro\/#website"},"datePublished":"2018-04-16T10:56:17+00:00","dateModified":"2025-03-18T10:05:39+00:00","breadcrumb":{"@id":"https:\/\/www.roovi.ro\/puzzle-1000-piese-imagini-din-romania-castelul-corvinilor-hunedoara-ziua\/p\/#breadcrumb"},"inLanguage":"ro-RO","potentialAction":[{"@type":"ReadAction","target":["https:\/\/www.roovi.ro\/puzzle-1000-piese-imagini-din-romania-castelul-corvinilor-hunedoara-ziua\/p\/"]}]},{"@type":"BreadcrumbList","@id":"https:\/\/www.roovi.ro\/puzzle-1000-piese-imagini-din-romania-castelul-corvinilor-hunedoara-ziua\/p\/#breadcrumb","itemListElement":[{"@type":"ListItem","position":1,"name":"Home","item":"https:\/\/business.roovi.com\/ro\/"},{"@type":"ListItem","position":2,"name":"Magazin","item":"https:\/\/business.roovi.com\/ro\/magazin\/"},{"@type":"ListItem","position":3,"name":"Puzzle 1000 piese &#8211; Imagini din Rom\u00e2nia &#8211; Castelul Corvinilor Hunedoara ziua"}]},{"@type":"WebSite","@id":"https:\/\/business.roovi.com\/ro\/#website","url":"https:\/\/business.roovi.com\/ro\/","name":"Roovi B2B","description":"Roovi Business Website","potentialAction":[{"@type":"SearchAction","target":{"@type":"EntryPoint","urlTemplate":"https:\/\/business.roovi.com\/ro\/?s={search_term_string}"},"query-input":"required name=search_term_string"}],"inLanguage":"ro-RO"}]}},"_links":{"self":[{"href":"https:\/\/business.roovi.com\/ro\/wp-json\/wp\/v2\/product\/17370","targetHints":{"allow":["GET"]}}],"collection":[{"href":"https:\/\/business.roovi.com\/ro\/wp-json\/wp\/v2\/product"}],"about":[{"href":"https:\/\/business.roovi.com\/ro\/wp-json\/wp\/v2\/types\/product"}],"version-history":[{"count":0,"href":"https:\/\/business.roovi.com\/ro\/wp-json\/wp\/v2\/product\/17370\/revisions"}],"wp:featuredmedia":[{"embeddable":true,"href":"https:\/\/business.roovi.com\/ro\/wp-json\/wp\/v2\/media\/17366"}],"wp:attachment":[{"href":"https:\/\/business.roovi.com\/ro\/wp-json\/wp\/v2\/media?parent=17370"}],"wp:term":[{"taxonomy":"product_brand","embeddable":true,"href":"https:\/\/business.roovi.com\/ro\/wp-json\/wp\/v2\/product_brand?post=17370"},{"taxonomy":"product_cat","embeddable":true,"href":"https:\/\/business.roovi.com\/ro\/wp-json\/wp\/v2\/product_cat?post=17370"},{"taxonomy":"product_tag","embeddable":true,"href":"https:\/\/business.roovi.com\/ro\/wp-json\/wp\/v2\/product_tag?post=17370"}],"curies":[{"name":"wp","href":"https:\/\/api.w.org\/{rel}","templated":true}]}}