{"id":17375,"date":"2018-04-16T10:56:17","date_gmt":"2018-04-16T10:56:17","guid":{"rendered":"https:\/\/business.roovi.com\/product\/puzzle-imagini-din-romania-castelul-corvin-hunedoara-noaptea-1000-piese\/"},"modified":"2025-03-18T10:08:20","modified_gmt":"2025-03-18T10:08:20","slug":"puzzle-1000-piese-imagini-din-romania-castelul-corvinilor-hunedoara-noaptea","status":"publish","type":"product","link":"https:\/\/business.roovi.com\/ro\/puzzle-1000-piese-imagini-din-romania-castelul-corvinilor-hunedoara-noaptea\/p\/","title":{"rendered":"Puzzle 1000 piese &#8211; Imagini din Rom\u00e2nia &#8211; Castelul Corvinilor Hunedoara noaptea"},"content":{"rendered":"<p><span style=\"font-weight: 400;\">Castelul Huniazilor sau Castelul Corvinilor domin\u0103 cu m\u0103re\u021bie ora\u0219ul Hunedoara \u0219i este un obiectiv turistic important pentru to\u021bi cei pasiona\u021bi de istorie \u0219i de evul mediu, fiind considerat cel mai mare monument medieval din sud-estul Europei.\u00a0<\/span><\/p>\n<p><span style=\"font-weight: 400;\">Castelul Corvinilor este o construc\u021bie impun\u0103toare, cu ziduri masive, ce au grosimi de p\u00e2n\u0103 la 2 m, construite din blocuri mari de calcar dolomitic \u0219i piatr\u0103 de r\u00e2u. Dimensiunile sale impresionante sunt eviden\u021biate de stilul arhitectural gotic, ce \u00eencununeaz\u0103 cu rafinament s\u0103lile interioare ale castelului, dar \u0219i turnurile \u0219i fa\u021badele exterioare.\u00a0\u00a0<\/span><\/p>\n<p><span style=\"font-weight: 400;\">Originile primei construc\u021bii dateaz\u0103 \u00eenc\u0103 din secolul al XIV-lea, \u00eens\u0103 pe locul acestei construc\u021bii au fost g\u0103site urme ale unor civiliza\u021bii mult mai vechi. \u00cen timpul domniei lui Iancu de Hunedoara, care decide s\u0103 construiasc\u0103 o cetate peste vechea \u00eent\u0103ritur\u0103 de ap\u0103rare, \u00eencepe construc\u021bia a ceea ce va deveni grandiosul Castel al Huniazilor. Ulterior, Castelul a devenit re\u0219edin\u021ba lui Matia Corvin, fiul lui Iancu de Hunedoara \u0219i Rege al Ungariei.\u00a0<\/span><\/p>\n<p><span style=\"font-weight: 400;\">Prin intermediul unui puzzle 1000 piese ai posibilitatea s\u0103 descoperi detaliile impresionante care au plasat Castelul Corvinilor \u00een top 10 al celor mai frumoase destina\u021bii de basm din Europa, fiind considerat unul dintre cele mai frumoase castele din lume.\u00a0<\/span><\/p>\n<p><span style=\"font-weight: 400;\">Cu fiecare pies\u0103 de puzzle cu potrivire perfect\u0103 vei putea contura turnurile gotice impresionante, podul construit pe piloni sau zidurile masive ale castelului de pe st\u00e2nc\u0103, iar rezultatul final va fi o recompens\u0103 binemeritat\u0103.\u00a0<\/span><\/p>\n<h2><span style=\"font-weight: 400;\">De ce s\u0103 alegi un puzzle adul\u021bi 1000 piese Imagini din Rom\u00e2nia<\/span><\/h2>\n<ul>\n<li><span style=\"font-weight: 400;\">Un puzzle este o modalitate relaxant\u0103 de a descoperi frumuse\u021bea \u0219i unicitatea unor obiective turistice apreciate \u00een \u00eentreaga lume, de care se leag\u0103 legende renumite.<\/span><\/li>\n<li><span style=\"font-weight: 400;\">La final, vei ob\u021bine un tablou fascinant al Castelului Corvinilor pe timp de noapte, ce poate fi transformat\u0103 cu u\u0219urin\u021b\u0103 \u00eentr-un tablou.\u00a0<\/span><\/li>\n<li><span style=\"font-weight: 400;\">Dimensiunea acestui puzzle este de 68 x 47 cm, suficient de mare pentru a deveni o pies\u0103 central\u0103 de decor sau parte dintr-o colec\u021bie personal\u0103.<\/span><\/li>\n<li><span style=\"font-weight: 400;\">Este un joc potrivit de la 14 ani, cu un grad de complexitate mediu.\u00a0<\/span><\/li>\n<li><span style=\"font-weight: 400;\">Piesele sunt realizate din carton rezistent, de foarte bun\u0103 calitate, astfel c\u0103 imaginea poate fi asamblat\u0103 de mai multe ori, f\u0103r\u0103 ca piesele sa fie deteriorate.<\/span><\/li>\n<li><span style=\"font-weight: 400;\">Folosim materiale reciclabile \u0219i sustenabile pentru realizarea fiec\u0103rui puzzle.<\/span><\/li>\n<li><span style=\"font-weight: 400;\">Finisajul pl\u0103cut, semi lucios, eviden\u021biaz\u0103 culorile vii \u0219i confer\u0103 claritate imaginii.<\/span><\/li>\n<li><span style=\"font-weight: 400;\">Jocul de puzzle este un antrenament mental pre\u021bios, solicitand ambele emisfere cerebrale, ajut\u00e2nd astfel la \u00eembun\u0103t\u0103\u021birea memoriei.<\/span><\/li>\n<li><span style=\"font-weight: 400;\">Este o form\u0103 pl\u0103cut\u0103 de a antrena \u0219i men\u021bine coordonarea, motricitatea \u0219i dexteritatea, la orice v\u00e2rst\u0103.<\/span><\/li>\n<li><span style=\"font-weight: 400;\">Spore\u0219te aten\u021bia la detalii \u0219i concentrarea.<\/span><\/li>\n<\/ul>\n<h2><span style=\"font-weight: 400;\">\u0218tiai c\u0103\u2026<\/span><\/h2>\n<p><span style=\"font-weight: 400;\">Castelul Corvinilor a servit drept platou de filmare pentru foarte multe\u00a0 reclame, emisiuni \u0219i filme realizate de-a lungul timpului, printre care Mihai Viteazul, Vlad \u021aepes, Nostradamus, dar \u0219i produc\u021bii interna\u021bionale, cum este Dragonheart 4, Ghost Rider 2 sau filmul horror The Nun.<\/span><\/p>\n<p><span style=\"font-weight: 400;\">De F\u00e2nt\u00e2na din curtea interioar\u0103 a Castelului se leag\u0103, de asemenea, o legend\u0103. Se spune c\u0103 a fost s\u0103pat\u0103 de 3 prizonieri turci c\u0103rora Iancu de Hunedoara le-a promis libertatea dac\u0103 vor reu\u0219i s\u0103 g\u0103seasc\u0103 ap\u0103. Dup\u0103 15 ani de munc\u0103 \u0219i 30 de metri s\u0103pa\u021bi, au reu\u0219it \u00een sf\u00e2r\u0219it s\u0103 g\u0103seasc\u0103 apa at\u00e2t de necesar\u0103.\u00a0<\/span><\/p>\n<p><span style=\"font-weight: 400;\">\u00cens\u0103 promisiunea f\u0103cut\u0103 de Iancu nu a mai fost \u021binut\u0103 de so\u021bia acestuia, iar cei 3 prizonieri au fost trimi\u0219i la moarte. Se spune c\u0103 ei au inscrip\u021bionat pe f\u00e2nt\u00e2n\u0103 cuvintele \u201cApa ai, inima n-ai!\u201d.<\/span><\/p>\n<h2><span style=\"font-weight: 400;\">Puzzle adul\u021bi 1000 piese &#8211; ore \u00eentregi de relaxare \u0219i deconectare<\/span><\/h2>\n<p><span style=\"font-weight: 400;\">Alege s\u0103 descoperi Rom\u00e2nia \u00eentr-un mod inedit, prin asamblarea unui puzzle, \u0219i recompune pies\u0103 cu pies\u0103 unul dintre cele mai frumoase castele ale Europei.\u00a0<\/span><\/p>\n<p><span style=\"font-weight: 400;\">Descoper\u0103 Castelul Corvinilor cu ajutorul unui puzzle 1000 piese \u0219i bucur\u0103-te de c\u00e2teva ore bune de relaxare creativ\u0103, \u00een timp ce descoperi piesele potrivite pentru a \u00eentregi imaginea.\u00a0<\/span><\/p>\n<p><span style=\"font-weight: 400;\">\u00cen plus, asamblarea unui puzzle cu imagini din Rom\u00e2nia este o activitate foarte pl\u0103cut\u0103, de reconectare cu originile. O incursiune \u00een istoria noastr\u0103 \u00eendelungat\u0103 \u0219i zbuciumat\u0103, prin intermediul c\u0103reia po\u021bi descoperi detalii \u0219i monumente impresionante, \u00een timp ce te destinzi \u0219i te deconectezi de la agita\u021bia cotidian\u0103.<\/span><\/p>\n","protected":false},"excerpt":{"rendered":"<p>Castelul Huniazilor sau Castelul Corvinilor domin\u0103 cu m\u0103re\u021bie ora\u0219ul Hunedoara \u0219i este un obiectiv turistic important pentru to\u021bi cei pasiona\u021bi<\/p>\n","protected":false},"featured_media":17371,"template":"","meta":[],"product_brand":[],"product_cat":[1454,1488,1560],"product_tag":[],"class_list":{"0":"post-17375","1":"product","2":"type-product","3":"status-publish","4":"has-post-thumbnail","6":"product_cat-puzzle","7":"product_cat-puzzle-adulti","8":"product_cat-puzzle-adulti-1000","9":"pa_bax-1273","10":"pa_brand-d_toys","11":"pa_country_of_manufacture-ro","12":"pa_filter_age-1315","13":"pa_painter-romania","14":"pa_tip_ambalaj-cutie","15":"pa_tip_puzzle-clasic","17":"first","18":"instock","19":"taxable","20":"shipping-taxable","21":"product-type-simple"},"yoast_head":"<!-- This site is optimized with the Yoast SEO plugin v20.1 - https:\/\/yoast.com\/wordpress\/plugins\/seo\/ -->\n<title>Puzzle 1000 piese - Imagini din Rom\u00e2nia - Castelul Corvinilor Hunedoara noaptea - Roovi B2B<\/title>\n<meta name=\"robots\" content=\"index, follow, max-snippet:-1, max-image-preview:large, max-video-preview:-1\" \/>\n<link rel=\"canonical\" href=\"https:\/\/www.roovi.ro\/puzzle-1000-piese-imagini-din-romania-castelul-corvinilor-hunedoara-noaptea\/p\/\" \/>\n<meta property=\"og:locale\" content=\"ro_RO\" \/>\n<meta property=\"og:type\" content=\"article\" \/>\n<meta property=\"og:title\" content=\"Puzzle 1000 piese - Imagini din Rom\u00e2nia - Castelul Corvinilor Hunedoara noaptea - Roovi B2B\" \/>\n<meta property=\"og:description\" content=\"Castelul Huniazilor sau Castelul Corvinilor domin\u0103 cu m\u0103re\u021bie ora\u0219ul Hunedoara \u0219i este un obiectiv turistic important pentru to\u021bi cei pasiona\u021bi\" \/>\n<meta property=\"og:url\" content=\"https:\/\/www.roovi.ro\/puzzle-1000-piese-imagini-din-romania-castelul-corvinilor-hunedoara-noaptea\/p\/\" \/>\n<meta property=\"og:site_name\" content=\"Roovi B2B\" \/>\n<meta property=\"article:publisher\" content=\"https:\/\/www.facebook.com\/wwwjucariero\" \/>\n<meta property=\"article:modified_time\" content=\"2025-03-18T10:08:20+00:00\" \/>\n<meta property=\"og:image\" content=\"https:\/\/business.roovi.com\/wp-content\/uploads\/2018\/04\/63038_13.jpg\" \/>\n\t<meta property=\"og:image:width\" content=\"1200\" \/>\n\t<meta property=\"og:image:height\" content=\"1200\" \/>\n\t<meta property=\"og:image:type\" content=\"image\/jpeg\" \/>\n<meta name=\"twitter:label1\" content=\"Timp estimat pentru citire\" \/>\n\t<meta name=\"twitter:data1\" content=\"3 minute\" \/>\n<script type=\"application\/ld+json\" class=\"yoast-schema-graph\">{\"@context\":\"https:\/\/schema.org\",\"@graph\":[{\"@type\":\"WebPage\",\"@id\":\"https:\/\/business.roovi.com\/ro\/puzzle-1000-piese-imagini-din-romania-castelul-corvinilor-hunedoara-noaptea\/p\/\",\"url\":\"https:\/\/www.roovi.ro\/puzzle-1000-piese-imagini-din-romania-castelul-corvinilor-hunedoara-noaptea\/p\/\",\"name\":\"Puzzle 1000 piese - Imagini din Rom\u00e2nia - Castelul Corvinilor Hunedoara noaptea - Roovi B2B\",\"isPartOf\":{\"@id\":\"https:\/\/business.roovi.com\/ro\/#website\"},\"datePublished\":\"2018-04-16T10:56:17+00:00\",\"dateModified\":\"2025-03-18T10:08:20+00:00\",\"breadcrumb\":{\"@id\":\"https:\/\/www.roovi.ro\/puzzle-1000-piese-imagini-din-romania-castelul-corvinilor-hunedoara-noaptea\/p\/#breadcrumb\"},\"inLanguage\":\"ro-RO\",\"potentialAction\":[{\"@type\":\"ReadAction\",\"target\":[\"https:\/\/www.roovi.ro\/puzzle-1000-piese-imagini-din-romania-castelul-corvinilor-hunedoara-noaptea\/p\/\"]}]},{\"@type\":\"BreadcrumbList\",\"@id\":\"https:\/\/www.roovi.ro\/puzzle-1000-piese-imagini-din-romania-castelul-corvinilor-hunedoara-noaptea\/p\/#breadcrumb\",\"itemListElement\":[{\"@type\":\"ListItem\",\"position\":1,\"name\":\"Home\",\"item\":\"https:\/\/business.roovi.com\/ro\/\"},{\"@type\":\"ListItem\",\"position\":2,\"name\":\"Magazin\",\"item\":\"https:\/\/business.roovi.com\/ro\/magazin\/\"},{\"@type\":\"ListItem\",\"position\":3,\"name\":\"Puzzle 1000 piese &#8211; Imagini din Rom\u00e2nia &#8211; Castelul Corvinilor Hunedoara noaptea\"}]},{\"@type\":\"WebSite\",\"@id\":\"https:\/\/business.roovi.com\/ro\/#website\",\"url\":\"https:\/\/business.roovi.com\/ro\/\",\"name\":\"Roovi B2B\",\"description\":\"Roovi Business Website\",\"potentialAction\":[{\"@type\":\"SearchAction\",\"target\":{\"@type\":\"EntryPoint\",\"urlTemplate\":\"https:\/\/business.roovi.com\/ro\/?s={search_term_string}\"},\"query-input\":\"required name=search_term_string\"}],\"inLanguage\":\"ro-RO\"}]}<\/script>\n<!-- \/ Yoast SEO plugin. -->","yoast_head_json":{"title":"Puzzle 1000 piese - Imagini din Rom\u00e2nia - Castelul Corvinilor Hunedoara noaptea - Roovi B2B","robots":{"index":"index","follow":"follow","max-snippet":"max-snippet:-1","max-image-preview":"max-image-preview:large","max-video-preview":"max-video-preview:-1"},"canonical":"https:\/\/www.roovi.ro\/puzzle-1000-piese-imagini-din-romania-castelul-corvinilor-hunedoara-noaptea\/p\/","og_locale":"ro_RO","og_type":"article","og_title":"Puzzle 1000 piese - Imagini din Rom\u00e2nia - Castelul Corvinilor Hunedoara noaptea - Roovi B2B","og_description":"Castelul Huniazilor sau Castelul Corvinilor domin\u0103 cu m\u0103re\u021bie ora\u0219ul Hunedoara \u0219i este un obiectiv turistic important pentru to\u021bi cei pasiona\u021bi","og_url":"https:\/\/www.roovi.ro\/puzzle-1000-piese-imagini-din-romania-castelul-corvinilor-hunedoara-noaptea\/p\/","og_site_name":"Roovi B2B","article_publisher":"https:\/\/www.facebook.com\/wwwjucariero","article_modified_time":"2025-03-18T10:08:20+00:00","og_image":[{"width":1200,"height":1200,"url":"https:\/\/business.roovi.com\/wp-content\/uploads\/2018\/04\/63038_13.jpg","type":"image\/jpeg"}],"twitter_misc":{"Timp estimat pentru citire":"3 minute"},"schema":{"@context":"https:\/\/schema.org","@graph":[{"@type":"WebPage","@id":"https:\/\/business.roovi.com\/ro\/puzzle-1000-piese-imagini-din-romania-castelul-corvinilor-hunedoara-noaptea\/p\/","url":"https:\/\/www.roovi.ro\/puzzle-1000-piese-imagini-din-romania-castelul-corvinilor-hunedoara-noaptea\/p\/","name":"Puzzle 1000 piese - Imagini din Rom\u00e2nia - Castelul Corvinilor Hunedoara noaptea - Roovi B2B","isPartOf":{"@id":"https:\/\/business.roovi.com\/ro\/#website"},"datePublished":"2018-04-16T10:56:17+00:00","dateModified":"2025-03-18T10:08:20+00:00","breadcrumb":{"@id":"https:\/\/www.roovi.ro\/puzzle-1000-piese-imagini-din-romania-castelul-corvinilor-hunedoara-noaptea\/p\/#breadcrumb"},"inLanguage":"ro-RO","potentialAction":[{"@type":"ReadAction","target":["https:\/\/www.roovi.ro\/puzzle-1000-piese-imagini-din-romania-castelul-corvinilor-hunedoara-noaptea\/p\/"]}]},{"@type":"BreadcrumbList","@id":"https:\/\/www.roovi.ro\/puzzle-1000-piese-imagini-din-romania-castelul-corvinilor-hunedoara-noaptea\/p\/#breadcrumb","itemListElement":[{"@type":"ListItem","position":1,"name":"Home","item":"https:\/\/business.roovi.com\/ro\/"},{"@type":"ListItem","position":2,"name":"Magazin","item":"https:\/\/business.roovi.com\/ro\/magazin\/"},{"@type":"ListItem","position":3,"name":"Puzzle 1000 piese &#8211; Imagini din Rom\u00e2nia &#8211; Castelul Corvinilor Hunedoara noaptea"}]},{"@type":"WebSite","@id":"https:\/\/business.roovi.com\/ro\/#website","url":"https:\/\/business.roovi.com\/ro\/","name":"Roovi B2B","description":"Roovi Business Website","potentialAction":[{"@type":"SearchAction","target":{"@type":"EntryPoint","urlTemplate":"https:\/\/business.roovi.com\/ro\/?s={search_term_string}"},"query-input":"required name=search_term_string"}],"inLanguage":"ro-RO"}]}},"_links":{"self":[{"href":"https:\/\/business.roovi.com\/ro\/wp-json\/wp\/v2\/product\/17375","targetHints":{"allow":["GET"]}}],"collection":[{"href":"https:\/\/business.roovi.com\/ro\/wp-json\/wp\/v2\/product"}],"about":[{"href":"https:\/\/business.roovi.com\/ro\/wp-json\/wp\/v2\/types\/product"}],"version-history":[{"count":0,"href":"https:\/\/business.roovi.com\/ro\/wp-json\/wp\/v2\/product\/17375\/revisions"}],"wp:featuredmedia":[{"embeddable":true,"href":"https:\/\/business.roovi.com\/ro\/wp-json\/wp\/v2\/media\/17371"}],"wp:attachment":[{"href":"https:\/\/business.roovi.com\/ro\/wp-json\/wp\/v2\/media?parent=17375"}],"wp:term":[{"taxonomy":"product_brand","embeddable":true,"href":"https:\/\/business.roovi.com\/ro\/wp-json\/wp\/v2\/product_brand?post=17375"},{"taxonomy":"product_cat","embeddable":true,"href":"https:\/\/business.roovi.com\/ro\/wp-json\/wp\/v2\/product_cat?post=17375"},{"taxonomy":"product_tag","embeddable":true,"href":"https:\/\/business.roovi.com\/ro\/wp-json\/wp\/v2\/product_tag?post=17375"}],"curies":[{"name":"wp","href":"https:\/\/api.w.org\/{rel}","templated":true}]}}