{"id":17390,"date":"2018-04-16T10:56:17","date_gmt":"2018-04-16T10:56:17","guid":{"rendered":"https:\/\/business.roovi.com\/product\/puzzle-alphonse-mucha-seasons-1000-piese\/"},"modified":"2025-03-18T08:56:31","modified_gmt":"2025-03-18T08:56:31","slug":"puzzle-adulti-alphonse-mucha-seasonsanotimpuri-1000-piese","status":"publish","type":"product","link":"https:\/\/business.roovi.com\/ro\/puzzle-adulti-alphonse-mucha-seasonsanotimpuri-1000-piese\/p\/","title":{"rendered":"Puzzle adul\u021bi 1000 piese Alphonse Mucha &#8211; Seasons\/Anotimpuri"},"content":{"rendered":"<p><span style=\"font-weight: 400;\">\u00cen colec\u021bia noastr\u0103 puzzle art\u0103 reg\u0103se\u0219ti imagini ale celor mai cunoscute opere artistice din \u00eentreaga lume. Avem pentru tine o mul\u021bime de recomand\u0103ri de puzzle adul\u021bi care te vor \u00eenc\u00e2nta peste m\u0103sur\u0103.\u00a0<\/span><\/p>\n<p><span style=\"font-weight: 400;\">Din gama noastr\u0103 de puzzle art\u0103 de 1000 piese face parte \u0219i puzzle Alphonse Mucha &#8211; Seasons\/Anotimpuri. Descoper\u0103 uimitoarele lucr\u0103ri ale marelui artist \u00eentr-un colaj inedit \u00eenf\u0103\u021bi\u0219\u00e2nd prima variant\u0103 a celor 4 anotimpuri. \u00cen aceste panourile decorative artistul folose\u0219te natura \u0219i femeile ca metafore subtile pentru via\u021b\u0103, moarte \u0219i rena\u0219tere. Astfel, filosofia sa spiritual\u0103 \u00eencepe s\u0103 se contureze. Puzzle-ul 1000 piese este confec\u021bionat din carton de calitate superioar\u0103 astfel \u00eenc\u00e2t tabloul final va fi o copie fidel\u0103 a operei artistului pe care o vei putea \u00eenr\u0103ma \u0219i admira oric\u00e2nd.<\/span><\/p>\n<p><span style=\"font-weight: 400;\">Pentru a asambla acest minunat puzzle 1000 piese ai nevoie de o m\u0103su\u021b\u0103 obi\u0219nuit\u0103 de cafea pentru c\u0103 tabloul final are dimensiunile de 50 x 70 cm. Mai multe detalii \u0219i caracteristici ale puzzle-ului de art\u0103 po\u021bi citi mai jos:<\/span><\/p>\n<p><strong>Material puzzle:\u00a0<\/strong><\/p>\n<p><strong>carton albastru de o calitate superioar\u0103<\/strong><\/p>\n<p><strong>materiale sustenabile, reciclabile<\/strong><\/p>\n<p><strong>finisaj semi-lucios, culori vii<\/strong><\/p>\n<p><strong>Num\u0103rul pieselor de puzzle: 1000<\/strong><\/p>\n<p><strong>V\u00e2rsta recomandat\u0103: 14+<\/strong><\/p>\n<p><strong>3 abilit\u0103\u021bi pe care \u021bi le dezvolt\u0103 asamblarea puzzle-urilor 1000 piese<\/strong><\/p>\n<p><strong>Aten\u021bia. <\/strong><span style=\"font-weight: 400;\">Asamblarea jocurilor puzzle este un foarte bun exerci\u021biu de aten\u021bie. Odat\u0103 ce \u00eencepi s\u0103 lipe\u0219ti piesele de puzzle 1000, este concentrat la maxim \u0219i lucrezi asiduu ca un adev\u0103rat detectiv care descoper\u0103 cele mai mici detalii \u0219i rezolv\u0103 misterul operei de art\u0103.\u00a0<\/span><\/p>\n<p><strong>Memoria<\/strong><span style=\"font-weight: 400;\">. Lucrul la un puzzle 1000 piese \u00een fiecare zi \u00ee\u021bi antreneaz\u0103 memoria pe termen scurt. Aceasta te ajut\u0103 s\u0103-\u021bi aminte\u0219ti lucruri m\u0103runte, ca de exemplu fr\u00e2nturi din imaginea pe care trebuie s\u0103 o reconstitui sau forma pieselor care trebuie ata\u0219ate \u00een anumite locuri.\u00a0<\/span><\/p>\n<p><strong>Abilit\u0103\u021bile vizual-spa\u021biale. <\/strong><span style=\"font-weight: 400;\">Atunci c\u00e2nd rezolvi un puzzle 1000 piese, trebuie s\u0103 prive\u0219ti atent piesele de diferite forme \u0219i s\u0103 \u00ee\u021bi dai seama unde anume se potrivesc ele \u00een cadrul imaginii mai mari. F\u0103c\u00e2nd acest lucru \u00een mod regulat, \u00ee\u021bi vei \u00eembun\u0103t\u0103\u021bi considerabil abilit\u0103\u021bile vizual-spa\u021biale.<\/span><\/p>\n<p><strong>Despre\u00a0 <\/strong><strong><em>Anotimpuri<\/em><\/strong><strong>\u00a0 \u0219tiai c\u0103?&#8230;<\/strong><\/p>\n<ul style=\"list-style-type: disc;\">\n<li><span style=\"font-weight: 400;\">Prima serie de &#8222;Anotimpuri&#8221; a avut un mare succes, iar tipograful Champenois i-a cerut lui Mucha s\u0103 realizeze \u00eenc\u0103 dou\u0103 serii bazate pe aceea\u0219i tem\u0103?<\/span><\/li>\n<li><span style=\"font-weight: 400;\">Mucha a realizat &#8222;Anotimpurile&#8221; pe litografie color pentru c\u0103 dorea s\u0103 fac\u0103 arta accesibil\u0103 tuturor?<\/span><\/li>\n<li><span style=\"font-weight: 400;\">Pentru aceste lucr\u0103ri s-a inspirat \u0219i din stilul decorativ japonez al xilogravurii?<\/span><\/li>\n<\/ul>\n<p><strong>Jocurile puzzle te scap\u0103 de insomnii\u00a0<\/strong><\/p>\n<p><span style=\"font-weight: 400;\">Obi\u0219nuie\u0219te-te s\u0103 rezolvi puzzle 1000 piese \u00een a doua parte a zilei, chiar \u00eenainte de culcare. Vei observa c\u0103 acest obicei s\u0103n\u0103tos te va ajuta s\u0103 te eliberezi de grijile cotidiene \u0219i de stres \u0219i s\u0103 ai un somn odihnitor.<\/span><\/p>\n<p><strong>Jocurile puzzle \u00ee\u021bi \u00eembun\u0103t\u0103\u021besc starea de spirit<\/strong><\/p>\n<p><span style=\"font-weight: 400;\">Un alt beneficiu pe care \u021bi-l ofer\u0103 activitatea de asamblare a puzzle-urilor 1000 piese este acela c\u0103 sporesc produc\u021bia de dopanim\u0103 la nivel cerebral. Dopamina este un neurotransmi\u021b\u0103tor care responsabil de starea de bine \u0219i sentimentele de optimism. De asemenea, ea influen\u021beaz\u0103 \u00een mod pozitiv memoria, concentrarea \u0219i motiva\u021bia.<\/span><\/p>\n<p><strong>Jocurile puzzle te ajut\u0103 s\u0103 te bucuri de prezent<\/strong><\/p>\n<p><span style=\"font-weight: 400;\">De cele mai multe ori \u00een mintea ta este o avalan\u0219\u0103 de g\u00e2nduri ce reflect\u0103 \u00eent\u00e2mpl\u0103ri trecute peste care nu reu\u0219e\u0219ti s\u0103 treci sau a\u0219tept\u0103ri viitoare pe care \u00eenc\u0103 nu le-ai tr\u0103it, dar pe care le \u021be\u0219i \u00een scenarii interminabile. Atunci c\u00e2nd alc\u0103tuie\u0219ti puzzle 1000 piese, mintea ta este concentrat\u0103 pe activitatea prezent\u0103 ceea ce te relaxeaz\u0103 \u0219i \u00ee\u021bi creeaz\u0103 o stare de pace interioar\u0103.<\/span><\/p>\n<p><span style=\"font-weight: 400;\">Nu mai \u0219ti cu ce \u021bi-ai putea ocupa timpul astfel \u00eenc\u00e2t s\u0103 te deconectezi \u0219i s\u0103 te destinzi? Cump\u0103r\u0103 acest minunat puzzle 1000 piese Alphonse Mucha &#8211; Seasons\/Anotimpuri \u0219i bucur\u0103-te de p\u00e2n\u0103 la 30 de ore de relaxare deplin\u0103. Singur sau cu prietenii, alc\u0103tuirea unui tablou de art\u0103 din colec\u021bia puzzle art\u0103 este o modalitate excelent\u0103 de a petrece timp de calitate.<\/span><\/p>\n<p><span style=\"font-weight: 400;\">Dac\u0103 e\u0219ti \u00een c\u0103utarea unui cadou deosebit, pentru o persoan\u0103 drag\u0103, puzzle 1000 piese este solu\u021bia perfect\u0103. Cump\u0103r\u0103-l acum!<\/span><\/p>\n","protected":false},"excerpt":{"rendered":"<p><span style=\"font-weight: 400;\">\u021ai-ar pl\u0103cea un Renoir sau Rembrandt la tine \u00een sufragerie? Este dificil s\u0103 ob\u021bii un exemplar original. Dar ce ai zice de o copie aproape fidel\u0103, reconstituit\u0103 din 1000 piese puzzle?<\/span><\/p>\n","protected":false},"featured_media":63058,"template":"","meta":[],"product_brand":[],"product_cat":[1454,1488,1560],"product_tag":[],"class_list":{"0":"post-17390","1":"product","2":"type-product","3":"status-publish","4":"has-post-thumbnail","6":"product_cat-puzzle","7":"product_cat-puzzle-adulti","8":"product_cat-puzzle-adulti-1000","9":"pa_bax-1273","10":"pa_brand-d_toys","11":"pa_country_of_manufacture-ro","12":"pa_filter_age-1315","13":"pa_painter-alphonsemucha","14":"pa_tip_ambalaj-cutie","15":"pa_tip_puzzle-clasic","17":"first","18":"instock","19":"taxable","20":"shipping-taxable","21":"product-type-simple"},"yoast_head":"<!-- This site is optimized with the Yoast SEO plugin v20.1 - https:\/\/yoast.com\/wordpress\/plugins\/seo\/ -->\n<title>Puzzle adul\u021bi 1000 piese Alphonse Mucha - Seasons\/Anotimpuri - Roovi B2B<\/title>\n<meta name=\"robots\" content=\"index, follow, max-snippet:-1, max-image-preview:large, max-video-preview:-1\" \/>\n<link rel=\"canonical\" href=\"https:\/\/www.roovi.ro\/puzzle-adulti-alphonse-mucha-seasonsanotimpuri-1000-piese\/p\/\" \/>\n<meta property=\"og:locale\" content=\"ro_RO\" \/>\n<meta property=\"og:type\" content=\"article\" \/>\n<meta property=\"og:title\" content=\"Puzzle adul\u021bi 1000 piese Alphonse Mucha - Seasons\/Anotimpuri - Roovi B2B\" \/>\n<meta property=\"og:description\" content=\"\u021ai-ar pl\u0103cea un Renoir sau Rembrandt la tine \u00een sufragerie? Este dificil s\u0103 ob\u021bii un exemplar original. Dar ce ai zice de o copie aproape fidel\u0103, reconstituit\u0103 din 1000 piese puzzle?\" \/>\n<meta property=\"og:url\" content=\"https:\/\/www.roovi.ro\/puzzle-adulti-alphonse-mucha-seasonsanotimpuri-1000-piese\/p\/\" \/>\n<meta property=\"og:site_name\" content=\"Roovi B2B\" \/>\n<meta property=\"article:publisher\" content=\"https:\/\/www.facebook.com\/wwwjucariero\" \/>\n<meta property=\"article:modified_time\" content=\"2025-03-18T08:56:31+00:00\" \/>\n<meta property=\"og:image\" content=\"https:\/\/business.roovi.com\/wp-content\/uploads\/2018\/04\/66930-MU-09-WEB.jpg\" \/>\n\t<meta property=\"og:image:width\" content=\"1200\" \/>\n\t<meta property=\"og:image:height\" content=\"1200\" \/>\n\t<meta property=\"og:image:type\" content=\"image\/jpeg\" \/>\n<meta name=\"twitter:label1\" content=\"Timp estimat pentru citire\" \/>\n\t<meta name=\"twitter:data1\" content=\"3 minute\" \/>\n<script type=\"application\/ld+json\" class=\"yoast-schema-graph\">{\"@context\":\"https:\/\/schema.org\",\"@graph\":[{\"@type\":\"WebPage\",\"@id\":\"https:\/\/business.roovi.com\/ro\/puzzle-adulti-alphonse-mucha-seasonsanotimpuri-1000-piese\/p\/\",\"url\":\"https:\/\/www.roovi.ro\/puzzle-adulti-alphonse-mucha-seasonsanotimpuri-1000-piese\/p\/\",\"name\":\"Puzzle adul\u021bi 1000 piese Alphonse Mucha - Seasons\/Anotimpuri - Roovi B2B\",\"isPartOf\":{\"@id\":\"https:\/\/business.roovi.com\/ro\/#website\"},\"datePublished\":\"2018-04-16T10:56:17+00:00\",\"dateModified\":\"2025-03-18T08:56:31+00:00\",\"breadcrumb\":{\"@id\":\"https:\/\/www.roovi.ro\/puzzle-adulti-alphonse-mucha-seasonsanotimpuri-1000-piese\/p\/#breadcrumb\"},\"inLanguage\":\"ro-RO\",\"potentialAction\":[{\"@type\":\"ReadAction\",\"target\":[\"https:\/\/www.roovi.ro\/puzzle-adulti-alphonse-mucha-seasonsanotimpuri-1000-piese\/p\/\"]}]},{\"@type\":\"BreadcrumbList\",\"@id\":\"https:\/\/www.roovi.ro\/puzzle-adulti-alphonse-mucha-seasonsanotimpuri-1000-piese\/p\/#breadcrumb\",\"itemListElement\":[{\"@type\":\"ListItem\",\"position\":1,\"name\":\"Home\",\"item\":\"https:\/\/business.roovi.com\/ro\/\"},{\"@type\":\"ListItem\",\"position\":2,\"name\":\"Magazin\",\"item\":\"https:\/\/business.roovi.com\/ro\/magazin\/\"},{\"@type\":\"ListItem\",\"position\":3,\"name\":\"Puzzle adul\u021bi 1000 piese Alphonse Mucha &#8211; Seasons\/Anotimpuri\"}]},{\"@type\":\"WebSite\",\"@id\":\"https:\/\/business.roovi.com\/ro\/#website\",\"url\":\"https:\/\/business.roovi.com\/ro\/\",\"name\":\"Roovi B2B\",\"description\":\"Roovi Business Website\",\"potentialAction\":[{\"@type\":\"SearchAction\",\"target\":{\"@type\":\"EntryPoint\",\"urlTemplate\":\"https:\/\/business.roovi.com\/ro\/?s={search_term_string}\"},\"query-input\":\"required name=search_term_string\"}],\"inLanguage\":\"ro-RO\"}]}<\/script>\n<!-- \/ Yoast SEO plugin. -->","yoast_head_json":{"title":"Puzzle adul\u021bi 1000 piese Alphonse Mucha - Seasons\/Anotimpuri - Roovi B2B","robots":{"index":"index","follow":"follow","max-snippet":"max-snippet:-1","max-image-preview":"max-image-preview:large","max-video-preview":"max-video-preview:-1"},"canonical":"https:\/\/www.roovi.ro\/puzzle-adulti-alphonse-mucha-seasonsanotimpuri-1000-piese\/p\/","og_locale":"ro_RO","og_type":"article","og_title":"Puzzle adul\u021bi 1000 piese Alphonse Mucha - Seasons\/Anotimpuri - Roovi B2B","og_description":"\u021ai-ar pl\u0103cea un Renoir sau Rembrandt la tine \u00een sufragerie? Este dificil s\u0103 ob\u021bii un exemplar original. Dar ce ai zice de o copie aproape fidel\u0103, reconstituit\u0103 din 1000 piese puzzle?","og_url":"https:\/\/www.roovi.ro\/puzzle-adulti-alphonse-mucha-seasonsanotimpuri-1000-piese\/p\/","og_site_name":"Roovi B2B","article_publisher":"https:\/\/www.facebook.com\/wwwjucariero","article_modified_time":"2025-03-18T08:56:31+00:00","og_image":[{"width":1200,"height":1200,"url":"https:\/\/business.roovi.com\/wp-content\/uploads\/2018\/04\/66930-MU-09-WEB.jpg","type":"image\/jpeg"}],"twitter_misc":{"Timp estimat pentru citire":"3 minute"},"schema":{"@context":"https:\/\/schema.org","@graph":[{"@type":"WebPage","@id":"https:\/\/business.roovi.com\/ro\/puzzle-adulti-alphonse-mucha-seasonsanotimpuri-1000-piese\/p\/","url":"https:\/\/www.roovi.ro\/puzzle-adulti-alphonse-mucha-seasonsanotimpuri-1000-piese\/p\/","name":"Puzzle adul\u021bi 1000 piese Alphonse Mucha - Seasons\/Anotimpuri - Roovi B2B","isPartOf":{"@id":"https:\/\/business.roovi.com\/ro\/#website"},"datePublished":"2018-04-16T10:56:17+00:00","dateModified":"2025-03-18T08:56:31+00:00","breadcrumb":{"@id":"https:\/\/www.roovi.ro\/puzzle-adulti-alphonse-mucha-seasonsanotimpuri-1000-piese\/p\/#breadcrumb"},"inLanguage":"ro-RO","potentialAction":[{"@type":"ReadAction","target":["https:\/\/www.roovi.ro\/puzzle-adulti-alphonse-mucha-seasonsanotimpuri-1000-piese\/p\/"]}]},{"@type":"BreadcrumbList","@id":"https:\/\/www.roovi.ro\/puzzle-adulti-alphonse-mucha-seasonsanotimpuri-1000-piese\/p\/#breadcrumb","itemListElement":[{"@type":"ListItem","position":1,"name":"Home","item":"https:\/\/business.roovi.com\/ro\/"},{"@type":"ListItem","position":2,"name":"Magazin","item":"https:\/\/business.roovi.com\/ro\/magazin\/"},{"@type":"ListItem","position":3,"name":"Puzzle adul\u021bi 1000 piese Alphonse Mucha &#8211; Seasons\/Anotimpuri"}]},{"@type":"WebSite","@id":"https:\/\/business.roovi.com\/ro\/#website","url":"https:\/\/business.roovi.com\/ro\/","name":"Roovi B2B","description":"Roovi Business Website","potentialAction":[{"@type":"SearchAction","target":{"@type":"EntryPoint","urlTemplate":"https:\/\/business.roovi.com\/ro\/?s={search_term_string}"},"query-input":"required name=search_term_string"}],"inLanguage":"ro-RO"}]}},"_links":{"self":[{"href":"https:\/\/business.roovi.com\/ro\/wp-json\/wp\/v2\/product\/17390","targetHints":{"allow":["GET"]}}],"collection":[{"href":"https:\/\/business.roovi.com\/ro\/wp-json\/wp\/v2\/product"}],"about":[{"href":"https:\/\/business.roovi.com\/ro\/wp-json\/wp\/v2\/types\/product"}],"version-history":[{"count":0,"href":"https:\/\/business.roovi.com\/ro\/wp-json\/wp\/v2\/product\/17390\/revisions"}],"wp:featuredmedia":[{"embeddable":true,"href":"https:\/\/business.roovi.com\/ro\/wp-json\/wp\/v2\/media\/63058"}],"wp:attachment":[{"href":"https:\/\/business.roovi.com\/ro\/wp-json\/wp\/v2\/media?parent=17390"}],"wp:term":[{"taxonomy":"product_brand","embeddable":true,"href":"https:\/\/business.roovi.com\/ro\/wp-json\/wp\/v2\/product_brand?post=17390"},{"taxonomy":"product_cat","embeddable":true,"href":"https:\/\/business.roovi.com\/ro\/wp-json\/wp\/v2\/product_cat?post=17390"},{"taxonomy":"product_tag","embeddable":true,"href":"https:\/\/business.roovi.com\/ro\/wp-json\/wp\/v2\/product_tag?post=17390"}],"curies":[{"name":"wp","href":"https:\/\/api.w.org\/{rel}","templated":true}]}}