{"id":17480,"date":"2018-04-16T10:56:17","date_gmt":"2018-04-16T10:56:17","guid":{"rendered":"https:\/\/business.roovi.com\/product\/puzzle-breugel-the-elder-the-fall-of-rebel-angels-2000-piese\/"},"modified":"2025-03-17T09:36:47","modified_gmt":"2025-03-17T09:36:47","slug":"puzzle-adulti-2000-piese-pieter-bruegel-cel-batran-the-fall-of-rebel-angels","status":"publish","type":"product","link":"https:\/\/business.roovi.com\/ro\/puzzle-adulti-2000-piese-pieter-bruegel-cel-batran-the-fall-of-rebel-angels\/p\/","title":{"rendered":"Puzzle Pieter Bruegel cel B\u0103tr\u00e2n  &#8211; The Fall of Rebel Angels &#8211; puzzle adul\u021bi 2000 piese"},"content":{"rendered":"<p><span style=\"font-weight: 400; font-size: 14px;\">Sim\u021bi nevoie s\u0103 iei o pauz\u0103 de la via\u021ba agitat\u0103? Asambleaz\u0103 puzzle-uri de 2000 piese din cea mai mare gam\u0103 de puzzle-uri de art\u0103 din Rom\u00e2nia \u0219i bucur\u0103-te de momente unice de relaxare.\u00a0<\/span><\/p>\n<p><span style=\"font-weight: 400; font-size: 14px;\">Avem pentru tine recomand\u0103ri uimitoare de puzzle-uri de art\u0103 cu imagini ale picturilor celebre. Accept\u0103 provocarea \u0219i delecteaz\u0103-te cu cele mai cunoscute capodopere artistice alc\u0103tuite din jocuri puzzle!<\/span><\/p>\n<p><span style=\"font-weight: 400; font-size: 14px;\">Puzzle 2000 piese Pieter Bruegel cel B\u0103tr\u00e2n\u00a0 &#8211; The Fall of Rebel Angels\/C\u0103derea \u00eengerilor rebeli\u00a0 este un puzzle de art\u0103 de excep\u021bie ce red\u0103 imaginea \u00eengerilor dec\u0103zu\u021bi \u0219i alunga\u021bi din rai, \u00een frunte cu Lucifer. \u00cengerii care cad se amestec\u0103 printre alte creaturi neevlavioase care au aceea\u0219i soart\u0103. Tabloul ofer\u0103 un spectacol coloristic al cunoscutei teme biblice cu alungarea lui Lucifer din paradisul divin.\u00a0<\/span><\/p>\n<p><span style=\"font-weight: 400; font-size: 14px;\">Multitudinea de culori \u0219i aglomerarea de personaje este o provocare pentru orice pasionat de jocuri puzzle. Dar nimic nu se compar\u0103 cu satisfac\u021bia pe care o ai c\u00e2nd lipe\u0219ti ultima pies\u0103 \u0219i ob\u021bii imaginea complet\u0103.<\/span><\/p>\n<p><span style=\"font-weight: 400; font-size: 14px;\">Puzzle de art\u0103 Pieter Bruegel cel B\u0103tr\u00e2n\u00a0 &#8211; The Fall of Rebel Angels\/C\u0103derea \u00eengerilor rebeli &#8211; caracteristici:\u00a0<\/span><\/p>\n<p><span style=\"font-size: 14px;\"><strong>Dimensiuni imagine reconstituit\u0103: 96 x 68 cm. <\/strong><span style=\"font-weight: 400;\">Pentru suportul pieselor de puzzle po\u021bi utiliza o m\u0103su\u021b\u0103 standard de cafea.<\/span><\/span><\/p>\n<p><span style=\"font-size: 14px;\"><strong>Material puzzle:\u00a0<\/strong><\/span><\/p>\n<p><span style=\"font-size: 14px;\"><strong>carton albastru de o calitate superioar\u0103<\/strong><\/span><\/p>\n<p><span style=\"font-size: 14px;\"><strong>materiale sustenabile, reciclabile<\/strong><\/span><\/p>\n<p><span style=\"font-size: 14px;\"><strong>finisaj semi-lucios, culori vii<\/strong><\/span><\/p>\n<p><span style=\"font-size: 14px;\"><strong>Num\u0103rul pieselor de puzzle: 2000<\/strong><\/span><\/p>\n<p><span style=\"font-size: 14px;\"><strong>V\u00e2rsta recomandat\u0103: 14+<\/strong><\/span><\/p>\n<p><span style=\"font-size: 14px;\"><strong>Jocurile puzzle &#8211; un antrenament mental nemaipomenit<\/strong><\/span><\/p>\n<p><span style=\"font-weight: 400; font-size: 14px;\">Atunci c\u00e2nd lucrezi la un puzzle adul\u021bi \u00eei oferi creierului t\u0103u un exerci\u021biu complet. E ca \u0219i c\u00e2nd ai merge cu el la o sal\u0103 de sport. \u00cen timpul activit\u0103\u021bii de asamblare a jocului puzzle este implicat\u0103 at\u00e2t emisfera cerebral\u0103 dreapt\u0103 care controleaz\u0103 g\u00e2ndirea creativ\u0103 \u0219i intui\u021bia, c\u00e2t \u0219i emisfera cerebral\u0103 st\u00e2ng\u0103, responsabil\u0103 de logic\u0103.<\/span><\/p>\n<p><span style=\"font-size: 14px;\"><strong>Jocurile puzzle te ajut\u0103 s\u0103 ai o memorie mai bun\u0103<\/strong><\/span><\/p>\n<p><span style=\"font-weight: 400; font-size: 14px;\">\u0218i mai mult dec\u00e2t at\u00e2t, s-a constatat c\u0103 persoanele care aloc\u0103 acestei activit\u0103\u021bi relaxante cel pu\u021bin 30 de minute pe zi, prezint\u0103 un risc sc\u0103zut de a dezvolta Alzheimer sau pierderi de memorie la v\u00e2rste \u00eenaintate.\u00a0<\/span><\/p>\n<p><span style=\"font-size: 14px;\"><strong>Despre pictura <\/strong><strong><em>C\u0103derea \u00eengerilor rebeli<\/em><\/strong><strong> \u0219tiai c\u0103?<\/strong><\/span><\/p>\n<p><span style=\"font-size: 14px;\"><span style=\"font-weight: 400;\">Ini\u021bial se credea c\u0103 pictura \u00eei apar\u021bine lui <\/span><span style=\"font-weight: 400;\">Hieronymus Bosch, un alt pictor olandez.\u00a0<\/span><\/span><\/p>\n<p><span style=\"font-weight: 400; font-size: 14px;\">Bruegel a preluat motive din Judecata de Apoi pentru a realiza aceast\u0103 lucrare.<\/span><\/p>\n<p><span style=\"font-weight: 400; font-size: 14px;\">Figura central\u0103 din tablou este arhanghelul Mihail \u00eenarmat cu o sabie cu care \u00eenvinge \u00eengerii dec\u0103zu\u021bi \u0219i creaturile demonice.<\/span><\/p>\n<p><span style=\"font-weight: 400; font-size: 14px;\">Conflictul dintre bine \u0219i r\u0103u, precum \u0219i dintre viciu \u0219i virtu\u021bi sunt teme recurente din \u00eentreaga oper\u0103 a lui Bruegel cel B\u0103tr\u00e2n.<\/span><\/p>\n<p><span style=\"font-weight: 400; font-size: 14px;\">Celebra pictur\u0103 din secolul al XVI-lea este surs\u0103 de inspira\u021bie pentru secolul XXI. \u00cen 2016 un brand japonez de haine a utilizat imaginea ca imprimeu pe o jachet\u0103 din colec\u021bia toamn\u0103\/iarn\u0103.<\/span><\/p>\n<p><span style=\"font-size: 14px;\"><strong>Puzzle-urile de art\u0103: 5 avantaje pe care \u021bi le ofer\u0103<\/strong><\/span><\/p>\n<p><span style=\"font-weight: 400; font-size: 14px;\">\u00ce\u021bi dezvolt\u0103 creativitatea pentru c\u0103 te sim\u021bi ca un adev\u0103rat detectiv \u00een c\u0103utarea indiciilor pentru refacerea imaginii puzzle-ului de art\u0103.<\/span><\/p>\n<p><span style=\"font-weight: 400; font-size: 14px;\">\u00ce\u021bi ofer\u0103 p\u00e2n\u0103 la 30 de ore de relaxare de care po\u021bi avea parte \u00eempreun\u0103 cu cei dragi, dac\u0103 alegi s\u0103 asambla\u021bi \u00eempreun\u0103.<\/span><\/p>\n<p><span style=\"font-weight: 400; font-size: 14px;\">\u00ce\u021bi trezesc curiozitatea pentru valorile artistice pentru c\u0103 atunci c\u00e2nd descoperi un tablou minunat, \u00ee\u021bi dore\u0219ti s\u0103 \u0219tii mai multe despre autorul lui \u0219i despre opera pe care o recreezi.<\/span><\/p>\n<p><span style=\"font-weight: 400; font-size: 14px;\">\u00ce\u021bi ofer\u0103 oportunitatea de a crea cu m\u00e2inile tale un tablou de art\u0103 din puzzle de 2000 piese.<\/span><\/p>\n<p><span style=\"font-weight: 400; font-size: 14px;\">\u00ce\u021bi dezvolt\u0103 abilit\u0103\u021bile de a face puzzle-uri pe care le po\u021bi etala \u00een compania prietenilor cu care \u00eemp\u0103rt\u0103\u0219e\u0219ti aceea\u0219i pasiune.<\/span><\/p>\n<p><span style=\"font-weight: 400; font-size: 14px;\">S\u0103 refaci o tem\u0103 biblic\u0103 renumit\u0103 dintr-un puzzle de 2000 piese este o delectare unic\u0103. Cump\u0103r\u0103 puzzle de art\u0103 Pieter Bruegel cel B\u0103tr\u00e2n\u00a0 &#8211; The Fall of Rebel Angels\/C\u0103derea \u00eengerilor rebeli \u0219i experimenteaz\u0103 o activitate relaxant\u0103 deosebit\u0103. Descoper\u0103 toate puzzle-urile de art\u0103 cu imagini din dinastia Bruegel \u0219i creeaz\u0103-\u021bi o colec\u021bie de art\u0103 uimitoare din jocuri puzzle.<\/span><\/p>\n<p><span style=\"font-weight: 400; font-size: 14px;\">Puzzle de art\u0103 Pieter Bruegel cel B\u0103tr\u00e2n\u00a0 &#8211; C\u0103derea \u00eengerilor rebeli este un cadou potrivit pentru iubitorii de art\u0103 sau pasiona\u021bii de puzzle-uri pentru adul\u021bi.<\/span><\/p>\n","protected":false},"excerpt":{"rendered":"<p>Sim\u021bi nevoie s\u0103 iei o pauz\u0103 de la via\u021ba agitat\u0103? Asambleaz\u0103 puzzle-uri de 2000 piese din cea mai mare gam\u0103<\/p>\n","protected":false},"featured_media":59045,"template":"","meta":[],"product_brand":[],"product_cat":[1454,1488,1562],"product_tag":[],"class_list":{"0":"post-17480","1":"product","2":"type-product","3":"status-publish","4":"has-post-thumbnail","6":"product_cat-puzzle","7":"product_cat-puzzle-adulti","8":"product_cat-puzzle-adulti-2000","9":"pa_bax-1273","10":"pa_brand-d_toys","11":"pa_country_of_manufacture-ro","12":"pa_filter_age-1315","13":"pa_painter-pieterbreugeltheelder","14":"pa_tip_ambalaj-cutie","15":"pa_tip_puzzle-clasic","17":"first","18":"instock","19":"taxable","20":"shipping-taxable","21":"product-type-simple"},"yoast_head":"<!-- This site is optimized with the Yoast SEO plugin v20.1 - https:\/\/yoast.com\/wordpress\/plugins\/seo\/ -->\n<title>Puzzle Pieter Bruegel cel B\u0103tr\u00e2n - The Fall of Rebel Angels - puzzle adul\u021bi 2000 piese - Roovi B2B<\/title>\n<meta name=\"robots\" content=\"index, follow, max-snippet:-1, max-image-preview:large, max-video-preview:-1\" \/>\n<link rel=\"canonical\" href=\"https:\/\/www.roovi.ro\/puzzle-adulti-2000-piese-pieter-bruegel-cel-batran-the-fall-of-rebel-angels\/p\/\" \/>\n<meta property=\"og:locale\" content=\"ro_RO\" \/>\n<meta property=\"og:type\" content=\"article\" \/>\n<meta property=\"og:title\" content=\"Puzzle Pieter Bruegel cel B\u0103tr\u00e2n - The Fall of Rebel Angels - puzzle adul\u021bi 2000 piese - Roovi B2B\" \/>\n<meta property=\"og:description\" content=\"Sim\u021bi nevoie s\u0103 iei o pauz\u0103 de la via\u021ba agitat\u0103? Asambleaz\u0103 puzzle-uri de 2000 piese din cea mai mare gam\u0103\" \/>\n<meta property=\"og:url\" content=\"https:\/\/www.roovi.ro\/puzzle-adulti-2000-piese-pieter-bruegel-cel-batran-the-fall-of-rebel-angels\/p\/\" \/>\n<meta property=\"og:site_name\" content=\"Roovi B2B\" \/>\n<meta property=\"article:publisher\" content=\"https:\/\/www.facebook.com\/wwwjucariero\" \/>\n<meta property=\"article:modified_time\" content=\"2025-03-17T09:36:47+00:00\" \/>\n<meta property=\"og:image\" content=\"https:\/\/business.roovi.com\/wp-content\/uploads\/2018\/04\/01_MAIN-12.jpg\" \/>\n\t<meta property=\"og:image:width\" content=\"1200\" \/>\n\t<meta property=\"og:image:height\" content=\"1200\" \/>\n\t<meta property=\"og:image:type\" content=\"image\/jpeg\" \/>\n<meta name=\"twitter:label1\" content=\"Timp estimat pentru citire\" \/>\n\t<meta name=\"twitter:data1\" content=\"3 minute\" \/>\n<script type=\"application\/ld+json\" class=\"yoast-schema-graph\">{\"@context\":\"https:\/\/schema.org\",\"@graph\":[{\"@type\":\"WebPage\",\"@id\":\"https:\/\/business.roovi.com\/ro\/puzzle-adulti-2000-piese-pieter-bruegel-cel-batran-the-fall-of-rebel-angels\/p\/\",\"url\":\"https:\/\/www.roovi.ro\/puzzle-adulti-2000-piese-pieter-bruegel-cel-batran-the-fall-of-rebel-angels\/p\/\",\"name\":\"Puzzle Pieter Bruegel cel B\u0103tr\u00e2n - The Fall of Rebel Angels - puzzle adul\u021bi 2000 piese - Roovi B2B\",\"isPartOf\":{\"@id\":\"https:\/\/business.roovi.com\/ro\/#website\"},\"datePublished\":\"2018-04-16T10:56:17+00:00\",\"dateModified\":\"2025-03-17T09:36:47+00:00\",\"breadcrumb\":{\"@id\":\"https:\/\/www.roovi.ro\/puzzle-adulti-2000-piese-pieter-bruegel-cel-batran-the-fall-of-rebel-angels\/p\/#breadcrumb\"},\"inLanguage\":\"ro-RO\",\"potentialAction\":[{\"@type\":\"ReadAction\",\"target\":[\"https:\/\/www.roovi.ro\/puzzle-adulti-2000-piese-pieter-bruegel-cel-batran-the-fall-of-rebel-angels\/p\/\"]}]},{\"@type\":\"BreadcrumbList\",\"@id\":\"https:\/\/www.roovi.ro\/puzzle-adulti-2000-piese-pieter-bruegel-cel-batran-the-fall-of-rebel-angels\/p\/#breadcrumb\",\"itemListElement\":[{\"@type\":\"ListItem\",\"position\":1,\"name\":\"Home\",\"item\":\"https:\/\/business.roovi.com\/ro\/\"},{\"@type\":\"ListItem\",\"position\":2,\"name\":\"Magazin\",\"item\":\"https:\/\/business.roovi.com\/ro\/magazin\/\"},{\"@type\":\"ListItem\",\"position\":3,\"name\":\"Puzzle Pieter Bruegel cel B\u0103tr\u00e2n &#8211; The Fall of Rebel Angels &#8211; puzzle adul\u021bi 2000 piese\"}]},{\"@type\":\"WebSite\",\"@id\":\"https:\/\/business.roovi.com\/ro\/#website\",\"url\":\"https:\/\/business.roovi.com\/ro\/\",\"name\":\"Roovi B2B\",\"description\":\"Roovi Business Website\",\"potentialAction\":[{\"@type\":\"SearchAction\",\"target\":{\"@type\":\"EntryPoint\",\"urlTemplate\":\"https:\/\/business.roovi.com\/ro\/?s={search_term_string}\"},\"query-input\":\"required name=search_term_string\"}],\"inLanguage\":\"ro-RO\"}]}<\/script>\n<!-- \/ Yoast SEO plugin. -->","yoast_head_json":{"title":"Puzzle Pieter Bruegel cel B\u0103tr\u00e2n - The Fall of Rebel Angels - puzzle adul\u021bi 2000 piese - Roovi B2B","robots":{"index":"index","follow":"follow","max-snippet":"max-snippet:-1","max-image-preview":"max-image-preview:large","max-video-preview":"max-video-preview:-1"},"canonical":"https:\/\/www.roovi.ro\/puzzle-adulti-2000-piese-pieter-bruegel-cel-batran-the-fall-of-rebel-angels\/p\/","og_locale":"ro_RO","og_type":"article","og_title":"Puzzle Pieter Bruegel cel B\u0103tr\u00e2n - The Fall of Rebel Angels - puzzle adul\u021bi 2000 piese - Roovi B2B","og_description":"Sim\u021bi nevoie s\u0103 iei o pauz\u0103 de la via\u021ba agitat\u0103? Asambleaz\u0103 puzzle-uri de 2000 piese din cea mai mare gam\u0103","og_url":"https:\/\/www.roovi.ro\/puzzle-adulti-2000-piese-pieter-bruegel-cel-batran-the-fall-of-rebel-angels\/p\/","og_site_name":"Roovi B2B","article_publisher":"https:\/\/www.facebook.com\/wwwjucariero","article_modified_time":"2025-03-17T09:36:47+00:00","og_image":[{"width":1200,"height":1200,"url":"https:\/\/business.roovi.com\/wp-content\/uploads\/2018\/04\/01_MAIN-12.jpg","type":"image\/jpeg"}],"twitter_misc":{"Timp estimat pentru citire":"3 minute"},"schema":{"@context":"https:\/\/schema.org","@graph":[{"@type":"WebPage","@id":"https:\/\/business.roovi.com\/ro\/puzzle-adulti-2000-piese-pieter-bruegel-cel-batran-the-fall-of-rebel-angels\/p\/","url":"https:\/\/www.roovi.ro\/puzzle-adulti-2000-piese-pieter-bruegel-cel-batran-the-fall-of-rebel-angels\/p\/","name":"Puzzle Pieter Bruegel cel B\u0103tr\u00e2n - The Fall of Rebel Angels - puzzle adul\u021bi 2000 piese - Roovi B2B","isPartOf":{"@id":"https:\/\/business.roovi.com\/ro\/#website"},"datePublished":"2018-04-16T10:56:17+00:00","dateModified":"2025-03-17T09:36:47+00:00","breadcrumb":{"@id":"https:\/\/www.roovi.ro\/puzzle-adulti-2000-piese-pieter-bruegel-cel-batran-the-fall-of-rebel-angels\/p\/#breadcrumb"},"inLanguage":"ro-RO","potentialAction":[{"@type":"ReadAction","target":["https:\/\/www.roovi.ro\/puzzle-adulti-2000-piese-pieter-bruegel-cel-batran-the-fall-of-rebel-angels\/p\/"]}]},{"@type":"BreadcrumbList","@id":"https:\/\/www.roovi.ro\/puzzle-adulti-2000-piese-pieter-bruegel-cel-batran-the-fall-of-rebel-angels\/p\/#breadcrumb","itemListElement":[{"@type":"ListItem","position":1,"name":"Home","item":"https:\/\/business.roovi.com\/ro\/"},{"@type":"ListItem","position":2,"name":"Magazin","item":"https:\/\/business.roovi.com\/ro\/magazin\/"},{"@type":"ListItem","position":3,"name":"Puzzle Pieter Bruegel cel B\u0103tr\u00e2n &#8211; The Fall of Rebel Angels &#8211; puzzle adul\u021bi 2000 piese"}]},{"@type":"WebSite","@id":"https:\/\/business.roovi.com\/ro\/#website","url":"https:\/\/business.roovi.com\/ro\/","name":"Roovi B2B","description":"Roovi Business Website","potentialAction":[{"@type":"SearchAction","target":{"@type":"EntryPoint","urlTemplate":"https:\/\/business.roovi.com\/ro\/?s={search_term_string}"},"query-input":"required name=search_term_string"}],"inLanguage":"ro-RO"}]}},"_links":{"self":[{"href":"https:\/\/business.roovi.com\/ro\/wp-json\/wp\/v2\/product\/17480","targetHints":{"allow":["GET"]}}],"collection":[{"href":"https:\/\/business.roovi.com\/ro\/wp-json\/wp\/v2\/product"}],"about":[{"href":"https:\/\/business.roovi.com\/ro\/wp-json\/wp\/v2\/types\/product"}],"version-history":[{"count":0,"href":"https:\/\/business.roovi.com\/ro\/wp-json\/wp\/v2\/product\/17480\/revisions"}],"wp:featuredmedia":[{"embeddable":true,"href":"https:\/\/business.roovi.com\/ro\/wp-json\/wp\/v2\/media\/59045"}],"wp:attachment":[{"href":"https:\/\/business.roovi.com\/ro\/wp-json\/wp\/v2\/media?parent=17480"}],"wp:term":[{"taxonomy":"product_brand","embeddable":true,"href":"https:\/\/business.roovi.com\/ro\/wp-json\/wp\/v2\/product_brand?post=17480"},{"taxonomy":"product_cat","embeddable":true,"href":"https:\/\/business.roovi.com\/ro\/wp-json\/wp\/v2\/product_cat?post=17480"},{"taxonomy":"product_tag","embeddable":true,"href":"https:\/\/business.roovi.com\/ro\/wp-json\/wp\/v2\/product_tag?post=17480"}],"curies":[{"name":"wp","href":"https:\/\/api.w.org\/{rel}","templated":true}]}}