{"id":17525,"date":"2018-04-16T10:56:17","date_gmt":"2018-04-16T10:56:17","guid":{"rendered":"https:\/\/business.roovi.com\/product\/puzzle-andrea-kurti-the-frog-princess-1000-piese\/"},"modified":"2025-03-14T12:00:26","modified_gmt":"2025-03-14T12:00:26","slug":"puzzle-adulti-1000-piese-kurti-andrea-the-frog-princess","status":"publish","type":"product","link":"https:\/\/business.roovi.com\/ro\/puzzle-adulti-1000-piese-kurti-andrea-the-frog-princess\/p\/","title":{"rendered":"Puzzle adul\u021bi 1000 piese K\u00fcrti Andrea &#8211; The Frog Princess"},"content":{"rendered":"<p><span style=\"font-weight: 400;\">Te sim\u021bi inspirat \u0219i e\u0219ti gata de o provocare creativ\u0103? Puzzle 1000 piese The Frog Princess \u00ee\u021bi transform\u0103 pasiunea pentru jocurile puzzle \u00eentr-o aventur\u0103 incitant\u0103. Ref\u0103 ilustra\u021bia inedit\u0103 cu o scen\u0103 din <\/span><em><span style=\"font-weight: 400;\">Prin\u021besa \u0219i broscoiul<\/span><\/em><span style=\"font-weight: 400;\"> \u0219i tr\u0103ie\u0219te magia pove\u0219tilor clasice.<\/span><\/p>\n<p><span style=\"font-weight: 400;\">Jocul \u0219i povestea se \u00eempletesc perfect \u00een puzzle 1000 piese K\u00fcrti Andrea &#8211; The Frog Princess.\u00a0<\/span><span style=\"font-weight: 400;\">Artista<\/span> <span style=\"font-weight: 400;\">K\u00fcrti Andrea a inclus aceast\u0103 imagine deosebit\u0103 \u00een seria de ilustra\u021bii originale reprezent\u00e2nd pove\u0219ti clasice care \u00ee\u021bi amintesc de farmecul copil\u0103riei.\u00a0<\/span><\/p>\n<p><span style=\"font-weight: 400;\">Dac\u0103 vrei s\u0103 dai valoare timpului t\u0103u liber sau s\u0103 creezi amintiri de neuitat al\u0103turi de copiii t\u0103i, puzzle 1000 piese Prin\u021besa \u0219i broscoiul este alegerea perfect\u0103. Un design inovator \u0219i detalii uimitoare create cu m\u0103iestria unui artist des\u0103v\u00e2r\u0219it este ceea ce te va \u00eenc\u00e2nta atunci c\u00e2nd te vei a\u0219eza confortabil s\u0103 refaci imaginea din acest puzzle 1000 piese fascinant.<\/span><\/p>\n<p><strong>De ce s\u0103 alegi puzzle 1000 piese Prin\u021besa \u0219i broscoiul?<\/strong><\/p>\n<p><span style=\"font-weight: 400;\">Construie\u0219ti cu m\u00e2inile tale un tablou uimitor cu dimensiunile de 50 x 70 cm.<\/span><\/p>\n<p><span style=\"font-weight: 400;\">Este un puzzle produs din carton albastru de calitate premium.<\/span><\/p>\n<p><span style=\"font-weight: 400;\">Rezist\u0103 \u00een timp, la utiliz\u0103ri multiple.<\/span><\/p>\n<p><span style=\"font-weight: 400;\">Este un produs sustenabil, reciclabil, prietenos cu mediul \u00eenconjur\u0103tor.<\/span><\/p>\n<p><span style=\"font-weight: 400;\">Are finisaje calitative, semi-lucioase, \u00een culori vii.<\/span><\/p>\n<p><span style=\"font-weight: 400;\">Poate fi asamblat de persoane peste 14 ani, fiind un bun prilej de a petrece timp cu adolescen\u021bii din familie.<\/span><\/p>\n<p><span style=\"font-weight: 400;\">Puzzle 1000 piese Prin\u021besa \u0219i broscoiul este un puzzle de art\u0103 care \u00ee\u021bi antreneaz\u0103 abilit\u0103\u021bile de asamblare a jocurilor puzzle \u0219i care \u00ee\u021bi aduce multiple beneficii:<\/span><\/p>\n<ul>\n<li><span style=\"font-weight: 400;\">\u00ce\u021bi dezvolt\u0103 creativitatea.<\/span><\/li>\n<li><span style=\"font-weight: 400;\">\u00ce\u021bi spore\u0219te aten\u021bia la detalii.<\/span><\/li>\n<li><span style=\"font-weight: 400;\">Este un prilej de relaxare \u0219i deta\u0219are de la cotidian.<\/span><\/li>\n<li><span style=\"font-weight: 400;\">Te ajut\u0103 s\u0103 te concentrezi pe o singur\u0103 sarcin\u0103 \u0219i s\u0103 o rezolvi.<\/span><\/li>\n<li><span style=\"font-weight: 400;\">\u00ce\u021bi ofer\u0103 oportunitatea de a crea un obiect decorativ cu care s\u0103 \u00ee\u021bi \u00eenfrumuse\u021bezi locuin\u021ba.<\/span><\/li>\n<li><span style=\"font-weight: 400;\">Este ocazia perfect\u0103 de a socializa cu prietenii \u0219i de a crea leg\u0103turi str\u00e2nse cu cei dragi.<\/span><\/li>\n<\/ul>\n<p><strong>\u0218tiai c\u0103\u2026?<\/strong><\/p>\n<p><span style=\"font-weight: 400;\">Jocurile puzzle au efect asem\u0103n\u0103tor medita\u021biei. Atunci c\u00e2nd asamblezi imaginea dintr-un puzzle 1000 piese mintea ta se concentreaz\u0103 intens \u0219i se lini\u0219te\u0219te. F\u0103r\u0103 efort te conectezi la momentul prezent \u0219i tr\u0103ie\u0219ti o experien\u021b\u0103 de relaxare profund\u0103.<\/span><\/p>\n<p><span style=\"font-weight: 400;\">Jocurile puzzle stimuleaz\u0103 secre\u021bia dopaminei, hormonul fericirii. A\u0219a se explic\u0103 senza\u021bia uimitoare de satisfac\u021bie \u0219i bucurie resim\u021bite atunci c\u00e2nd lipe\u0219ti ultima pies\u0103 din puzzle 1000.<\/span><\/p>\n<p><span style=\"font-weight: 400;\">Jocurile puzzle antreneaz\u0103 ambele emisfere cerebrale \u0219i sunt un excelent exerci\u021biu mental. Datorit\u0103 acestui fapt, persoanele care aloc\u0103 zilnic cel pu\u021bin 30 de minute puzzle-urilor au risc sc\u0103zut de a dezvolta boli neurodegenerative precum Alzheimer sau demen\u021b\u0103.<\/span><\/p>\n<p><strong>Ia o pauz\u0103 de la via\u021ba digital\u0103 cu puzzle 1000 piese Prin\u021besa \u0219i broscoiul<\/strong><\/p>\n<p><span style=\"font-weight: 400;\">Sim\u021bi nevoia s\u0103 te deconectezi de la ecrane? Puzzle 1000 piese Prin\u021besa \u0219i broscoiul poate fi un bun prilej de a face o detoxifiere digital\u0103. \u00centinde piesele pe o m\u0103su\u021b\u0103 de cafea din sufragerie, preg\u0103te\u0219te un ceai aromat \u0219i bucur\u0103-te de p\u00e2n\u0103 la 30 de ore de relaxare \u0219i distrac\u021bie autentic\u0103.<\/span><\/p>\n<p><span style=\"font-weight: 400;\">Cump\u0103r\u0103 acum puzzle 1000 piese Prin\u021besa \u0219i broscoiul \u0219i creeaz\u0103-\u021bi un tablou de poveste. Descoper\u0103 \u00eentreaga colec\u021bie de puzzle 1000 piese cu ilustra\u021bii deosebite din pove\u0219tile clasice \u0219i intr\u0103 lumea magic\u0103 a basmelor celebre.<\/span><\/p>\n<p><span style=\"font-weight: 400;\">Puzzle 1000 piese Prin\u021besa \u0219i broscoiul poate fi un cadou minunat pentru pasiona\u021biii de jocuri puzzle sau pentru amatorii de provoc\u0103ri creative.<\/span><\/p>\n","protected":false},"excerpt":{"rendered":"<p>Te sim\u021bi inspirat \u0219i e\u0219ti gata de o provocare creativ\u0103? Puzzle 1000 piese The Frog Princess \u00ee\u021bi transform\u0103 pasiunea pentru<\/p>\n","protected":false},"featured_media":17511,"template":"","meta":[],"product_brand":[],"product_cat":[1454,1488,1560],"product_tag":[],"class_list":{"0":"post-17525","1":"product","2":"type-product","3":"status-publish","4":"has-post-thumbnail","6":"product_cat-puzzle","7":"product_cat-puzzle-adulti","8":"product_cat-puzzle-adulti-1000","9":"pa_bax-1273","10":"pa_brand-d_toys","11":"pa_country_of_manufacture-ro","12":"pa_filter_age-1315","13":"pa_painter-kurtiandrea","14":"pa_tip_ambalaj-cutie","15":"pa_tip_puzzle-clasic","17":"first","18":"instock","19":"taxable","20":"shipping-taxable","21":"product-type-simple"},"yoast_head":"<!-- This site is optimized with the Yoast SEO plugin v20.1 - https:\/\/yoast.com\/wordpress\/plugins\/seo\/ -->\n<title>Puzzle adul\u021bi 1000 piese K\u00fcrti Andrea - The Frog Princess - Roovi B2B<\/title>\n<meta name=\"robots\" content=\"index, follow, max-snippet:-1, max-image-preview:large, max-video-preview:-1\" \/>\n<link rel=\"canonical\" href=\"https:\/\/www.roovi.ro\/puzzle-adulti-1000-piese-kurti-andrea-the-frog-princess\/p\/\" \/>\n<meta property=\"og:locale\" content=\"ro_RO\" \/>\n<meta property=\"og:type\" content=\"article\" \/>\n<meta property=\"og:title\" content=\"Puzzle adul\u021bi 1000 piese K\u00fcrti Andrea - The Frog Princess - Roovi B2B\" \/>\n<meta property=\"og:description\" content=\"Te sim\u021bi inspirat \u0219i e\u0219ti gata de o provocare creativ\u0103? Puzzle 1000 piese The Frog Princess \u00ee\u021bi transform\u0103 pasiunea pentru\" \/>\n<meta property=\"og:url\" content=\"https:\/\/www.roovi.ro\/puzzle-adulti-1000-piese-kurti-andrea-the-frog-princess\/p\/\" \/>\n<meta property=\"og:site_name\" content=\"Roovi B2B\" \/>\n<meta property=\"article:publisher\" content=\"https:\/\/www.facebook.com\/wwwjucariero\" \/>\n<meta property=\"article:modified_time\" content=\"2025-03-14T12:00:26+00:00\" \/>\n<meta property=\"og:image\" content=\"https:\/\/business.roovi.com\/wp-content\/uploads\/2018\/04\/72870-2_ansamblu_dimensiuni_cutie_cm_vertical_1200x1200.png\" \/>\n\t<meta property=\"og:image:width\" content=\"1200\" \/>\n\t<meta property=\"og:image:height\" content=\"1200\" \/>\n\t<meta property=\"og:image:type\" content=\"image\/png\" \/>\n<meta name=\"twitter:label1\" content=\"Timp estimat pentru citire\" \/>\n\t<meta name=\"twitter:data1\" content=\"3 minute\" \/>\n<script type=\"application\/ld+json\" class=\"yoast-schema-graph\">{\"@context\":\"https:\/\/schema.org\",\"@graph\":[{\"@type\":\"WebPage\",\"@id\":\"https:\/\/business.roovi.com\/ro\/puzzle-adulti-1000-piese-kurti-andrea-the-frog-princess\/p\/\",\"url\":\"https:\/\/www.roovi.ro\/puzzle-adulti-1000-piese-kurti-andrea-the-frog-princess\/p\/\",\"name\":\"Puzzle adul\u021bi 1000 piese K\u00fcrti Andrea - The Frog Princess - Roovi B2B\",\"isPartOf\":{\"@id\":\"https:\/\/business.roovi.com\/ro\/#website\"},\"datePublished\":\"2018-04-16T10:56:17+00:00\",\"dateModified\":\"2025-03-14T12:00:26+00:00\",\"breadcrumb\":{\"@id\":\"https:\/\/www.roovi.ro\/puzzle-adulti-1000-piese-kurti-andrea-the-frog-princess\/p\/#breadcrumb\"},\"inLanguage\":\"ro-RO\",\"potentialAction\":[{\"@type\":\"ReadAction\",\"target\":[\"https:\/\/www.roovi.ro\/puzzle-adulti-1000-piese-kurti-andrea-the-frog-princess\/p\/\"]}]},{\"@type\":\"BreadcrumbList\",\"@id\":\"https:\/\/www.roovi.ro\/puzzle-adulti-1000-piese-kurti-andrea-the-frog-princess\/p\/#breadcrumb\",\"itemListElement\":[{\"@type\":\"ListItem\",\"position\":1,\"name\":\"Home\",\"item\":\"https:\/\/business.roovi.com\/ro\/\"},{\"@type\":\"ListItem\",\"position\":2,\"name\":\"Magazin\",\"item\":\"https:\/\/business.roovi.com\/ro\/magazin\/\"},{\"@type\":\"ListItem\",\"position\":3,\"name\":\"Puzzle adul\u021bi 1000 piese K\u00fcrti Andrea &#8211; The Frog Princess\"}]},{\"@type\":\"WebSite\",\"@id\":\"https:\/\/business.roovi.com\/ro\/#website\",\"url\":\"https:\/\/business.roovi.com\/ro\/\",\"name\":\"Roovi B2B\",\"description\":\"Roovi Business Website\",\"potentialAction\":[{\"@type\":\"SearchAction\",\"target\":{\"@type\":\"EntryPoint\",\"urlTemplate\":\"https:\/\/business.roovi.com\/ro\/?s={search_term_string}\"},\"query-input\":\"required name=search_term_string\"}],\"inLanguage\":\"ro-RO\"}]}<\/script>\n<!-- \/ Yoast SEO plugin. -->","yoast_head_json":{"title":"Puzzle adul\u021bi 1000 piese K\u00fcrti Andrea - The Frog Princess - Roovi B2B","robots":{"index":"index","follow":"follow","max-snippet":"max-snippet:-1","max-image-preview":"max-image-preview:large","max-video-preview":"max-video-preview:-1"},"canonical":"https:\/\/www.roovi.ro\/puzzle-adulti-1000-piese-kurti-andrea-the-frog-princess\/p\/","og_locale":"ro_RO","og_type":"article","og_title":"Puzzle adul\u021bi 1000 piese K\u00fcrti Andrea - The Frog Princess - Roovi B2B","og_description":"Te sim\u021bi inspirat \u0219i e\u0219ti gata de o provocare creativ\u0103? Puzzle 1000 piese The Frog Princess \u00ee\u021bi transform\u0103 pasiunea pentru","og_url":"https:\/\/www.roovi.ro\/puzzle-adulti-1000-piese-kurti-andrea-the-frog-princess\/p\/","og_site_name":"Roovi B2B","article_publisher":"https:\/\/www.facebook.com\/wwwjucariero","article_modified_time":"2025-03-14T12:00:26+00:00","og_image":[{"width":1200,"height":1200,"url":"https:\/\/business.roovi.com\/wp-content\/uploads\/2018\/04\/72870-2_ansamblu_dimensiuni_cutie_cm_vertical_1200x1200.png","type":"image\/png"}],"twitter_misc":{"Timp estimat pentru citire":"3 minute"},"schema":{"@context":"https:\/\/schema.org","@graph":[{"@type":"WebPage","@id":"https:\/\/business.roovi.com\/ro\/puzzle-adulti-1000-piese-kurti-andrea-the-frog-princess\/p\/","url":"https:\/\/www.roovi.ro\/puzzle-adulti-1000-piese-kurti-andrea-the-frog-princess\/p\/","name":"Puzzle adul\u021bi 1000 piese K\u00fcrti Andrea - The Frog Princess - Roovi B2B","isPartOf":{"@id":"https:\/\/business.roovi.com\/ro\/#website"},"datePublished":"2018-04-16T10:56:17+00:00","dateModified":"2025-03-14T12:00:26+00:00","breadcrumb":{"@id":"https:\/\/www.roovi.ro\/puzzle-adulti-1000-piese-kurti-andrea-the-frog-princess\/p\/#breadcrumb"},"inLanguage":"ro-RO","potentialAction":[{"@type":"ReadAction","target":["https:\/\/www.roovi.ro\/puzzle-adulti-1000-piese-kurti-andrea-the-frog-princess\/p\/"]}]},{"@type":"BreadcrumbList","@id":"https:\/\/www.roovi.ro\/puzzle-adulti-1000-piese-kurti-andrea-the-frog-princess\/p\/#breadcrumb","itemListElement":[{"@type":"ListItem","position":1,"name":"Home","item":"https:\/\/business.roovi.com\/ro\/"},{"@type":"ListItem","position":2,"name":"Magazin","item":"https:\/\/business.roovi.com\/ro\/magazin\/"},{"@type":"ListItem","position":3,"name":"Puzzle adul\u021bi 1000 piese K\u00fcrti Andrea &#8211; The Frog Princess"}]},{"@type":"WebSite","@id":"https:\/\/business.roovi.com\/ro\/#website","url":"https:\/\/business.roovi.com\/ro\/","name":"Roovi B2B","description":"Roovi Business Website","potentialAction":[{"@type":"SearchAction","target":{"@type":"EntryPoint","urlTemplate":"https:\/\/business.roovi.com\/ro\/?s={search_term_string}"},"query-input":"required name=search_term_string"}],"inLanguage":"ro-RO"}]}},"_links":{"self":[{"href":"https:\/\/business.roovi.com\/ro\/wp-json\/wp\/v2\/product\/17525","targetHints":{"allow":["GET"]}}],"collection":[{"href":"https:\/\/business.roovi.com\/ro\/wp-json\/wp\/v2\/product"}],"about":[{"href":"https:\/\/business.roovi.com\/ro\/wp-json\/wp\/v2\/types\/product"}],"version-history":[{"count":0,"href":"https:\/\/business.roovi.com\/ro\/wp-json\/wp\/v2\/product\/17525\/revisions"}],"wp:featuredmedia":[{"embeddable":true,"href":"https:\/\/business.roovi.com\/ro\/wp-json\/wp\/v2\/media\/17511"}],"wp:attachment":[{"href":"https:\/\/business.roovi.com\/ro\/wp-json\/wp\/v2\/media?parent=17525"}],"wp:term":[{"taxonomy":"product_brand","embeddable":true,"href":"https:\/\/business.roovi.com\/ro\/wp-json\/wp\/v2\/product_brand?post=17525"},{"taxonomy":"product_cat","embeddable":true,"href":"https:\/\/business.roovi.com\/ro\/wp-json\/wp\/v2\/product_cat?post=17525"},{"taxonomy":"product_tag","embeddable":true,"href":"https:\/\/business.roovi.com\/ro\/wp-json\/wp\/v2\/product_tag?post=17525"}],"curies":[{"name":"wp","href":"https:\/\/api.w.org\/{rel}","templated":true}]}}