{"id":17540,"date":"2018-04-16T10:56:17","date_gmt":"2018-04-16T10:56:17","guid":{"rendered":"https:\/\/business.roovi.com\/product\/puzzle-andrea-kurti-arabian-nights-1000-piese\/"},"modified":"2025-03-14T12:01:32","modified_gmt":"2025-03-14T12:01:32","slug":"puzzle-adulti-1000-piese-kurti-andrea-arabian-nights-o-mie-si-una-de-nopti","status":"publish","type":"product","link":"https:\/\/business.roovi.com\/ro\/puzzle-adulti-1000-piese-kurti-andrea-arabian-nights-o-mie-si-una-de-nopti\/p\/","title":{"rendered":"Puzzle adul\u021bi 1000 piese K\u00fcrti Andrea &#8211; Arabian Nights\/ O mie \u0219i una de nop\u021bi"},"content":{"rendered":"<p><span style=\"font-weight: 400;\">Dac\u0103 iube\u0219ti jocurile puzzle \u0219i vrei s\u0103-\u021bi aminte\u0219ti de magia pove\u0219tilor din <em>O mie \u0219i una de nop\u021bi,<\/em> puzzle 1000 piese <\/span><span style=\"font-weight: 400;\">Arabian Nights te va \u00eenc\u00e2nta cu siguran\u021b\u0103.<\/span><\/p>\n<p><span style=\"font-weight: 400;\">O prin\u021bes\u0103 misterioas\u0103 \u021bin\u00e2nd \u00een m\u00e2n\u0103 lampa fermecat\u0103 \u0219i simpaticul Aladdin plutind pe covorul magic \u00een fundal este ilustra\u021bia imaginat\u0103 de artista K\u00fcrti Andrea pentru acest minunat puzzle 1000 piese.<\/span><\/p>\n<p><span style=\"font-weight: 400;\">Pove\u0219tile din <em>O mie \u0219i una de nop\u021bi<\/em> au dat farmec anilor copil\u0103riei tale? Retr\u0103ie\u0219te misterul basmelor celebre prin acest puzzle pentru adul\u021bi cu un design deosebit.\u00a0<\/span><\/p>\n<p><span style=\"font-weight: 400;\">Po\u021bi reface imaginea al\u0103turi de copiii t\u0103i repovestindu-le pove\u0219tile magice sau \u00eendemn\u00e2ndu-i s\u0103-\u0219i aminteasc\u0103 scene din acestea. \u00cempreun\u0103 ve\u021bi crea un tablou fabulos, precum \u0219i amintiri pre\u021bioase care v\u0103 vor \u00eembog\u0103\u021bi spiritual.<\/span><\/p>\n<p><strong>De ce s\u0103 alegi puzzle 1000 piese Arabian Nights?<\/strong><\/p>\n<p><span style=\"font-weight: 400;\">Alc\u0103tuie\u0219ti un tablou spectaculos din 1000 piese puzzle cu dimensiunile de 50 x 70 cm.<\/span><\/p>\n<p><span style=\"font-weight: 400;\">Este fabricat din carton albastru de calitate superioar\u0103.<\/span><\/p>\n<p><span style=\"font-weight: 400;\">Rezist\u0103 la utiliz\u0103ri multiple \u0219i \u00eel po\u021bi asambla ori de c\u00e2te ori dore\u0219ti f\u0103r\u0103 teama c\u0103 imaginea va fi deteriorat\u0103.<\/span><\/p>\n<p><span style=\"font-weight: 400;\">Este un puzzle adul\u021bi produs din materiale reciclabile, sustenabile.<\/span><\/p>\n<p><span style=\"font-weight: 400;\">Are finisaj semi-lucios, \u00een culori vibrante.<\/span><\/p>\n<p><span style=\"font-weight: 400;\">Este potrivit persoanelor peste 14 ani, prilej de a-\u021bi \u00eemp\u0103rt\u0103\u0219i pasiunea pentru jocuri puzzle cu copiii t\u0103i adolescen\u021bi.<\/span><\/p>\n<p><span style=\"font-weight: 400;\">Jocurile puzzle te ajut\u0103 s\u0103-\u021bi dezvol\u021bi mai multe abilit\u0103\u021bi care se reflect\u0103 \u00een mai multe aspecte ale vie\u021bii \u0219i activit\u0103\u021bii tale cotidiene:<\/span><\/p>\n<ul>\n<li><span style=\"font-weight: 400;\">Perseveren\u021ba<\/span><\/li>\n<li><span style=\"font-weight: 400;\">Aten\u021bia la detalii<\/span><\/li>\n<li><span style=\"font-weight: 400;\">Dexteritatea<\/span><\/li>\n<li><span style=\"font-weight: 400;\">Coordonarea m\u00e2n\u0103-ochi<\/span><\/li>\n<li><span style=\"font-weight: 400;\">G\u00e2ndirea logic\u0103<\/span><\/li>\n<li><span style=\"font-weight: 400;\">Memoria.<\/span><\/li>\n<\/ul>\n<p><strong>\u0218tiai c\u0103\u2026?<\/strong><\/p>\n<p><span style=\"font-weight: 400;\">Opera original\u0103 <\/span><em><span style=\"font-weight: 400;\">O mie \u0219i una de nop\u021bi<\/span><\/em><span style=\"font-weight: 400;\"> este o carte antic\u0103 persan\u0103 cu denumirea <\/span><em><span style=\"font-weight: 400;\">Haz\u0101r Afs\u0101n<\/span><\/em> <span style=\"font-weight: 400;\">care con\u021binea multe pove\u0219ti s\u00e2ngeroase ce au fost \u00eendep\u0103rtate \u00een traducerile europene.<\/span><\/p>\n<p><span style=\"font-weight: 400;\">Celebrul personaj Aladdin este originar din China \u0219i nu din \u021b\u0103rile arabe \u0219i nu se reg\u0103sea \u00een cartea persan\u0103.<\/span><\/p>\n<p><span style=\"font-weight: 400;\">Povestea lui Aladdin, precum \u0219i unele dintre cele mai cunoscute pove\u0219ti din <\/span><em><span style=\"font-weight: 400;\">O mie \u0219i una de nop\u021bi,<\/span><\/em><span style=\"font-weight: 400;\"> (de exemplu:<\/span><span style=\"font-weight: 400;\"> \u201eAli Baba \u0219i cei 40 de ho\u021bi\u201d) nu existau \u00een edi\u021bia original\u0103 arab\u0103, ele fiind introduse \u00een colec\u021bie de c\u0103tre traduc\u0103torii europeni.<\/span><\/p>\n<p><span style=\"font-weight: 400;\">La 1885 apare \u0219i o edi\u021bie necenzurat\u0103 a pove\u0219tilor, cu scene obscene \u0219i aluzii sexuale explicite, editat\u0103 \u00een limba englez\u0103 de c\u0103tre <\/span><span style=\"font-weight: 400;\">Richard Francis Burton.<\/span><\/p>\n<p><strong>Puzzle 1000 piese Arabian Nights &#8211; prilej pentru a-\u021bi crea propriul tablou de art\u0103<\/strong><\/p>\n<p><span style=\"font-weight: 400;\">Pasiunea pentru jocurile puzzle \u00ee\u021bi dezvolt\u0103 multiple abilit\u0103\u021bi, printre care \u0219i capacitatea de a crea obiecte decorative sub forma unor tablouri. A\u0219az\u0103 cu migal\u0103 piesele din puzzle 1000 piese O mie \u0219i una de nop\u021bi \u0219i ob\u021bine primul t\u0103u tablou de art\u0103. Celebreaz\u0103-\u021bi munca depus\u0103 pun\u00e2nd \u00een ram\u0103 imaginea uimitoare creat\u0103 cu propriile tale m\u00e2ini \u0219i admir\u0103-\u021bi opera zi de zi.<\/span><\/p>\n<p><span style=\"font-weight: 400;\">Puzzle 1000 piese O mie \u0219i una de nop\u021bi poate fi \u0219i un prilej de socializare cu prietenii. Preg\u0103te\u0219te cel mai bun ceai aromat pe care \u00eel ai \u00een c\u0103mar\u0103 \u0219i invit\u0103-\u021bi amicii la o sesiune de puzzle. Ve\u021bi petrece \u00eempreun\u0103 multe ore de distrac\u021bie \u0219i relaxare \u0219i ve\u021bi crea amintiri de neuitat care v\u0103 vor bucura sufletul peste ani.<\/span><\/p>\n<p><span style=\"font-weight: 400;\">Alege puzzle 1000 piese Arabian Nights \u0219i p\u0103streaz\u0103-l \u00een cas\u0103 pentru momentele \u00een care vrei s\u0103 spargi monotonia \u0219i s\u0103-\u021bi pui perseveren\u021ba la \u00eencercare. Sau ofer\u0103-l \u00een dar persoanelor dragi cu ocazia anivers\u0103rilor sau de S\u0103rb\u0103tori.<\/span><\/p>\n","protected":false},"excerpt":{"rendered":"<p>Dac\u0103 iube\u0219ti jocurile puzzle \u0219i vrei s\u0103-\u021bi aminte\u0219ti de magia pove\u0219tilor din O mie \u0219i una de nop\u021bi, puzzle 1000<\/p>\n","protected":false},"featured_media":17526,"template":"","meta":[],"product_brand":[],"product_cat":[1454,1488,1560],"product_tag":[],"class_list":{"0":"post-17540","1":"product","2":"type-product","3":"status-publish","4":"has-post-thumbnail","6":"product_cat-puzzle","7":"product_cat-puzzle-adulti","8":"product_cat-puzzle-adulti-1000","9":"pa_bax-1273","10":"pa_brand-d_toys","11":"pa_country_of_manufacture-ro","12":"pa_filter_age-1315","13":"pa_painter-kurtiandrea","14":"pa_tip_ambalaj-cutie","15":"pa_tip_puzzle-clasic","17":"first","18":"instock","19":"taxable","20":"shipping-taxable","21":"product-type-simple"},"yoast_head":"<!-- This site is optimized with the Yoast SEO plugin v20.1 - https:\/\/yoast.com\/wordpress\/plugins\/seo\/ -->\n<title>Puzzle adul\u021bi 1000 piese K\u00fcrti Andrea - Arabian Nights\/ O mie \u0219i una de nop\u021bi - Roovi B2B<\/title>\n<meta name=\"robots\" content=\"index, follow, max-snippet:-1, max-image-preview:large, max-video-preview:-1\" \/>\n<link rel=\"canonical\" href=\"https:\/\/www.roovi.ro\/puzzle-adulti-1000-piese-kurti-andrea-arabian-nights-o-mie-si-una-de-nopti\/p\/\" \/>\n<meta property=\"og:locale\" content=\"ro_RO\" \/>\n<meta property=\"og:type\" content=\"article\" \/>\n<meta property=\"og:title\" content=\"Puzzle adul\u021bi 1000 piese K\u00fcrti Andrea - Arabian Nights\/ O mie \u0219i una de nop\u021bi - Roovi B2B\" \/>\n<meta property=\"og:description\" content=\"Dac\u0103 iube\u0219ti jocurile puzzle \u0219i vrei s\u0103-\u021bi aminte\u0219ti de magia pove\u0219tilor din O mie \u0219i una de nop\u021bi, puzzle 1000\" \/>\n<meta property=\"og:url\" content=\"https:\/\/www.roovi.ro\/puzzle-adulti-1000-piese-kurti-andrea-arabian-nights-o-mie-si-una-de-nopti\/p\/\" \/>\n<meta property=\"og:site_name\" content=\"Roovi B2B\" \/>\n<meta property=\"article:publisher\" content=\"https:\/\/www.facebook.com\/wwwjucariero\" \/>\n<meta property=\"article:modified_time\" content=\"2025-03-14T12:01:32+00:00\" \/>\n<meta property=\"og:image\" content=\"https:\/\/business.roovi.com\/wp-content\/uploads\/2018\/04\/72870-3_ansamblu_dimensiuni_cutie_cm_vertical_1200x1200.png\" \/>\n\t<meta property=\"og:image:width\" content=\"1200\" \/>\n\t<meta property=\"og:image:height\" content=\"1200\" \/>\n\t<meta property=\"og:image:type\" content=\"image\/png\" \/>\n<meta name=\"twitter:label1\" content=\"Timp estimat pentru citire\" \/>\n\t<meta name=\"twitter:data1\" content=\"3 minute\" \/>\n<script type=\"application\/ld+json\" class=\"yoast-schema-graph\">{\"@context\":\"https:\/\/schema.org\",\"@graph\":[{\"@type\":\"WebPage\",\"@id\":\"https:\/\/business.roovi.com\/ro\/puzzle-adulti-1000-piese-kurti-andrea-arabian-nights-o-mie-si-una-de-nopti\/p\/\",\"url\":\"https:\/\/www.roovi.ro\/puzzle-adulti-1000-piese-kurti-andrea-arabian-nights-o-mie-si-una-de-nopti\/p\/\",\"name\":\"Puzzle adul\u021bi 1000 piese K\u00fcrti Andrea - Arabian Nights\/ O mie \u0219i una de nop\u021bi - Roovi B2B\",\"isPartOf\":{\"@id\":\"https:\/\/business.roovi.com\/ro\/#website\"},\"datePublished\":\"2018-04-16T10:56:17+00:00\",\"dateModified\":\"2025-03-14T12:01:32+00:00\",\"breadcrumb\":{\"@id\":\"https:\/\/www.roovi.ro\/puzzle-adulti-1000-piese-kurti-andrea-arabian-nights-o-mie-si-una-de-nopti\/p\/#breadcrumb\"},\"inLanguage\":\"ro-RO\",\"potentialAction\":[{\"@type\":\"ReadAction\",\"target\":[\"https:\/\/www.roovi.ro\/puzzle-adulti-1000-piese-kurti-andrea-arabian-nights-o-mie-si-una-de-nopti\/p\/\"]}]},{\"@type\":\"BreadcrumbList\",\"@id\":\"https:\/\/www.roovi.ro\/puzzle-adulti-1000-piese-kurti-andrea-arabian-nights-o-mie-si-una-de-nopti\/p\/#breadcrumb\",\"itemListElement\":[{\"@type\":\"ListItem\",\"position\":1,\"name\":\"Home\",\"item\":\"https:\/\/business.roovi.com\/ro\/\"},{\"@type\":\"ListItem\",\"position\":2,\"name\":\"Magazin\",\"item\":\"https:\/\/business.roovi.com\/ro\/magazin\/\"},{\"@type\":\"ListItem\",\"position\":3,\"name\":\"Puzzle adul\u021bi 1000 piese K\u00fcrti Andrea &#8211; Arabian Nights\/ O mie \u0219i una de nop\u021bi\"}]},{\"@type\":\"WebSite\",\"@id\":\"https:\/\/business.roovi.com\/ro\/#website\",\"url\":\"https:\/\/business.roovi.com\/ro\/\",\"name\":\"Roovi B2B\",\"description\":\"Roovi Business Website\",\"potentialAction\":[{\"@type\":\"SearchAction\",\"target\":{\"@type\":\"EntryPoint\",\"urlTemplate\":\"https:\/\/business.roovi.com\/ro\/?s={search_term_string}\"},\"query-input\":\"required name=search_term_string\"}],\"inLanguage\":\"ro-RO\"}]}<\/script>\n<!-- \/ Yoast SEO plugin. -->","yoast_head_json":{"title":"Puzzle adul\u021bi 1000 piese K\u00fcrti Andrea - Arabian Nights\/ O mie \u0219i una de nop\u021bi - Roovi B2B","robots":{"index":"index","follow":"follow","max-snippet":"max-snippet:-1","max-image-preview":"max-image-preview:large","max-video-preview":"max-video-preview:-1"},"canonical":"https:\/\/www.roovi.ro\/puzzle-adulti-1000-piese-kurti-andrea-arabian-nights-o-mie-si-una-de-nopti\/p\/","og_locale":"ro_RO","og_type":"article","og_title":"Puzzle adul\u021bi 1000 piese K\u00fcrti Andrea - Arabian Nights\/ O mie \u0219i una de nop\u021bi - Roovi B2B","og_description":"Dac\u0103 iube\u0219ti jocurile puzzle \u0219i vrei s\u0103-\u021bi aminte\u0219ti de magia pove\u0219tilor din O mie \u0219i una de nop\u021bi, puzzle 1000","og_url":"https:\/\/www.roovi.ro\/puzzle-adulti-1000-piese-kurti-andrea-arabian-nights-o-mie-si-una-de-nopti\/p\/","og_site_name":"Roovi B2B","article_publisher":"https:\/\/www.facebook.com\/wwwjucariero","article_modified_time":"2025-03-14T12:01:32+00:00","og_image":[{"width":1200,"height":1200,"url":"https:\/\/business.roovi.com\/wp-content\/uploads\/2018\/04\/72870-3_ansamblu_dimensiuni_cutie_cm_vertical_1200x1200.png","type":"image\/png"}],"twitter_misc":{"Timp estimat pentru citire":"3 minute"},"schema":{"@context":"https:\/\/schema.org","@graph":[{"@type":"WebPage","@id":"https:\/\/business.roovi.com\/ro\/puzzle-adulti-1000-piese-kurti-andrea-arabian-nights-o-mie-si-una-de-nopti\/p\/","url":"https:\/\/www.roovi.ro\/puzzle-adulti-1000-piese-kurti-andrea-arabian-nights-o-mie-si-una-de-nopti\/p\/","name":"Puzzle adul\u021bi 1000 piese K\u00fcrti Andrea - Arabian Nights\/ O mie \u0219i una de nop\u021bi - Roovi B2B","isPartOf":{"@id":"https:\/\/business.roovi.com\/ro\/#website"},"datePublished":"2018-04-16T10:56:17+00:00","dateModified":"2025-03-14T12:01:32+00:00","breadcrumb":{"@id":"https:\/\/www.roovi.ro\/puzzle-adulti-1000-piese-kurti-andrea-arabian-nights-o-mie-si-una-de-nopti\/p\/#breadcrumb"},"inLanguage":"ro-RO","potentialAction":[{"@type":"ReadAction","target":["https:\/\/www.roovi.ro\/puzzle-adulti-1000-piese-kurti-andrea-arabian-nights-o-mie-si-una-de-nopti\/p\/"]}]},{"@type":"BreadcrumbList","@id":"https:\/\/www.roovi.ro\/puzzle-adulti-1000-piese-kurti-andrea-arabian-nights-o-mie-si-una-de-nopti\/p\/#breadcrumb","itemListElement":[{"@type":"ListItem","position":1,"name":"Home","item":"https:\/\/business.roovi.com\/ro\/"},{"@type":"ListItem","position":2,"name":"Magazin","item":"https:\/\/business.roovi.com\/ro\/magazin\/"},{"@type":"ListItem","position":3,"name":"Puzzle adul\u021bi 1000 piese K\u00fcrti Andrea &#8211; Arabian Nights\/ O mie \u0219i una de nop\u021bi"}]},{"@type":"WebSite","@id":"https:\/\/business.roovi.com\/ro\/#website","url":"https:\/\/business.roovi.com\/ro\/","name":"Roovi B2B","description":"Roovi Business Website","potentialAction":[{"@type":"SearchAction","target":{"@type":"EntryPoint","urlTemplate":"https:\/\/business.roovi.com\/ro\/?s={search_term_string}"},"query-input":"required name=search_term_string"}],"inLanguage":"ro-RO"}]}},"_links":{"self":[{"href":"https:\/\/business.roovi.com\/ro\/wp-json\/wp\/v2\/product\/17540","targetHints":{"allow":["GET"]}}],"collection":[{"href":"https:\/\/business.roovi.com\/ro\/wp-json\/wp\/v2\/product"}],"about":[{"href":"https:\/\/business.roovi.com\/ro\/wp-json\/wp\/v2\/types\/product"}],"version-history":[{"count":0,"href":"https:\/\/business.roovi.com\/ro\/wp-json\/wp\/v2\/product\/17540\/revisions"}],"wp:featuredmedia":[{"embeddable":true,"href":"https:\/\/business.roovi.com\/ro\/wp-json\/wp\/v2\/media\/17526"}],"wp:attachment":[{"href":"https:\/\/business.roovi.com\/ro\/wp-json\/wp\/v2\/media?parent=17540"}],"wp:term":[{"taxonomy":"product_brand","embeddable":true,"href":"https:\/\/business.roovi.com\/ro\/wp-json\/wp\/v2\/product_brand?post=17540"},{"taxonomy":"product_cat","embeddable":true,"href":"https:\/\/business.roovi.com\/ro\/wp-json\/wp\/v2\/product_cat?post=17540"},{"taxonomy":"product_tag","embeddable":true,"href":"https:\/\/business.roovi.com\/ro\/wp-json\/wp\/v2\/product_tag?post=17540"}],"curies":[{"name":"wp","href":"https:\/\/api.w.org\/{rel}","templated":true}]}}