{"id":17555,"date":"2018-04-16T10:56:17","date_gmt":"2018-04-16T10:56:17","guid":{"rendered":"https:\/\/business.roovi.com\/product\/puzzle-andrea-kurti-sleeping-beauty-1000-piese\/"},"modified":"2025-03-14T12:02:46","modified_gmt":"2025-03-14T12:02:46","slug":"puzzle-adulti-1000-piese-kurti-andrea-sleeping-beautyfrumoasa-adormita","status":"publish","type":"product","link":"https:\/\/business.roovi.com\/ro\/puzzle-adulti-1000-piese-kurti-andrea-sleeping-beautyfrumoasa-adormita\/p\/","title":{"rendered":"Puzzle adul\u021bi 1000 piese K\u00fcrti Andrea &#8211; Sleeping Beauty\/Frumoasa adormit\u0103"},"content":{"rendered":"<p><span style=\"font-weight: 400;\">Nu-i a\u0219a c\u0103 \u00een copil\u0103rie iubeai pove\u0219tile cu prin\u021bi \u0219i prin\u021bese \u0219i a\u0219teptai cu sufletul la gur\u0103 finalul fericit? Retr\u0103ie\u0219te magia copil\u0103riei prin puzzle 1000 piese Sleeping Beauty: o ilustra\u021bie fabuloas\u0103, plin\u0103 de culoare \u0219i energie pozitiv\u0103, realizat\u0103 de artista K\u00fcrti Andrea.<\/span><\/p>\n<p><span style=\"font-weight: 400;\">S-au scris \u0219i s-au realizat at\u00e2tea imagini cu scene din povestea clasic\u0103 Frumoasa din P\u0103durea adormit\u0103 \u00eenc\u00e2t ai crede c\u0103 nimic nu te-ar mai putea surprinde. Dar momentul \u00een care deschizi acest uimitor puzzle 1000 piese este magic, iar viziunea original\u0103 a artistei K\u00fcrti Andrea \u00ee\u021bi treze\u0219te nostalgia copil\u0103riei.<\/span><\/p>\n<p><span style=\"font-weight: 400;\">Scena diafan\u0103 a Frumoasei adormite \u00ee\u021bi pune la \u00eencercare imagina\u021bia \u0219i perseveren\u021ba. Observ\u0103 fiecare detaliu, g\u0103se\u0219te piesele potrivite \u0219i creeaz\u0103 un tablou artistic \u00een culori vibrante. Antreneaz\u0103-i \u00een povestea fantastic\u0103 \u0219i pe copiii t\u0103i adolescen\u021bi. Se vor bucura s\u0103 petrece\u021bi \u00eempreun\u0103 clipe minunate.<\/span><\/p>\n<p><strong>De ce s\u0103 alegi puzzle 1000 piese Frumoasa adormit\u0103?<\/strong><\/p>\n<ul>\n<li><span style=\"font-weight: 400;\">Ai ocazia unic\u0103 s\u0103 creezi un tablou artistic cu dimensiunile de 50 x 70 cm.<\/span><\/li>\n<li><span style=\"font-weight: 400;\">Este un puzzle 1000 piese realizat din carton albastru de calitate superioar\u0103.<\/span><\/li>\n<li><span style=\"font-weight: 400;\">Este fabricat din materiale sustenabile, reciclabile<\/span><\/li>\n<li><span style=\"font-weight: 400;\">Dureaz\u0103 \u00een timp, astfel c\u0103 \u00eel po\u021bi reface ori de c\u00e2te ori dore\u0219ti, iar calitatea imaginii va fi impecabil\u0103 la fiecare utilizare.<\/span><\/li>\n<li><span style=\"font-weight: 400;\">Are finisaj semi-lucios, \u00een culori pl\u0103cute.<\/span><\/li>\n<li><span style=\"font-weight: 400;\">Se recomand\u0103 persoanelor peste 14 ani &#8211; prilej pentru a-l asambla \u00eempreun\u0103 cu copiii t\u0103i adolescen\u021bi.<\/span><\/li>\n<\/ul>\n<p><span style=\"font-weight: 400;\">\u00cen plus, te po\u021bi bucura de beneficii uimitoare cu acest minunat puzzle 1000 piese:<\/span><\/p>\n<p><span style=\"font-weight: 400;\">Te deconectezi de la problemele cotidiene \u0219i intri \u00eentr-o lume fantastic\u0103 de poveste.<\/span><\/p>\n<p><span style=\"font-weight: 400;\">\u00ce\u021bi cultivi pasiunea pentru jocurile puzzle \u0219i \u00ee\u021bi perfec\u021bionezi \u00eendem\u00e2narea \u00een refacerea imaginilor.<\/span><\/p>\n<p><span style=\"font-weight: 400;\">Este o bun\u0103 oportunitate de a-\u021bi \u00eent\u0103ri rela\u021bia cu copiii t\u0103i adolescen\u021bi.<\/span><\/p>\n<p><span style=\"font-weight: 400;\">Tabloul realizat \u00eempreun\u0103 cu ace\u0219tia, \u00eel po\u021bi \u00eenr\u0103ma \u0219i expune \u00een camera lor, pentru a p\u0103stra vie amintirea clipelor frumoase petrecute \u00eempreun\u0103.<\/span><\/p>\n<p><span style=\"font-weight: 400;\">Al\u0103turi de copii, ave\u021bi ocazia s\u0103 v\u0103 antrena\u021bi \u00eempreun\u0103 r\u0103bdarea \u0219i aten\u021bia la detalii.<\/span><\/p>\n<p><strong>\u0218tiai c\u0103\u2026?<\/strong><\/p>\n<p><span style=\"font-weight: 400;\">Cea mai veche versiunea a pove\u0219tii Frumoasei adormite dateaz\u0103 din perioada 1330-1344.<\/span><\/p>\n<p><span style=\"font-weight: 400;\">Lui Walt Disney i-au trebuit 6 ani \u0219i 6 milioane de dolari s\u0103 realizeze celebrul film animat <\/span><em><span style=\"font-weight: 400;\">Sleeping Beauty<\/span><\/em><span style=\"font-weight: 400;\"> din 1959.<\/span><\/p>\n<p><span style=\"font-weight: 400;\">Feministele cele mai aprige consider\u0103 c\u0103 aceast\u0103 poveste nu ar trebui spus\u0103 pentru c\u0103 eviden\u021biaz\u0103 pasivitatea femeii.<\/span><\/p>\n<p><span style=\"font-weight: 400;\">\u00a0\u00cen ciuda controverselor, Frumoasa adormit\u0103 este o surs\u0103 constant\u0103 de inspira\u021bie pentru scriitori, pictori, produc\u0103tori de film, chiar \u0219i pentru creatorii de jocuri video.<\/span><\/p>\n<p><strong>Puzzle 1000 piese Sleeping Beauty te poart\u0103 pe c\u0103r\u0103rile basmelor<\/strong><\/p>\n<p><span style=\"font-weight: 400;\">C\u00e2nd asamblezi puzzle 1000 piese Frumoasa adormit\u0103 intri pe poarta ce te duce \u00een lumea fascinant\u0103 a pove\u0219tilor clasice. Imagina\u021bia ta nu mai are limite, e la fel ca atunci c\u00e2nd erai copil \u0219i pe m\u0103sur\u0103 ce citeai textul, \u00ee\u021bi imaginai filmul pove\u0219tii \u0219i tr\u0103iai scenele cu intensitate maxim\u0103.<\/span><\/p>\n<p><span style=\"font-weight: 400;\">Frumuse\u021bea acestui joc puzzle const\u0103 \u00een aceast\u0103 relaxare \u0219i deta\u0219are total\u0103 pe care \u021bi-o ofer\u0103. Experimenteaz\u0103 aceast\u0103 activitate uimitoare \u0219i \u00eencarc\u0103-\u021bi bateriile cu mult\u0103 energie pozitiv\u0103 \u0219i vibra\u021bii \u00eenalte.<\/span><\/p>\n<p><span style=\"font-weight: 400;\">Puzzle 1000 piese Frumoasa adormit\u0103 poate fi \u021binut \u00een cas\u0103 \u0219i ref\u0103cut de fiecare dat\u0103 c\u00e2nd monotonia \u00ee\u021bi acapareaz\u0103 timpul liber. De asemenea, \u00eel po\u021bi cump\u0103ra pentru prietenii dragi de s\u0103rb\u0103tori sau de zilele aniversare.<\/span><\/p>\n","protected":false},"excerpt":{"rendered":"<p>Nu-i a\u0219a c\u0103 \u00een copil\u0103rie iubeai pove\u0219tile cu prin\u021bi \u0219i prin\u021bese \u0219i a\u0219teptai cu sufletul la gur\u0103 finalul fericit? Retr\u0103ie\u0219te<\/p>\n","protected":false},"featured_media":17541,"template":"","meta":[],"product_brand":[],"product_cat":[1454,1488,1560],"product_tag":[],"class_list":{"0":"post-17555","1":"product","2":"type-product","3":"status-publish","4":"has-post-thumbnail","6":"product_cat-puzzle","7":"product_cat-puzzle-adulti","8":"product_cat-puzzle-adulti-1000","9":"pa_bax-1273","10":"pa_brand-d_toys","11":"pa_country_of_manufacture-ro","12":"pa_filter_age-1315","13":"pa_painter-kurtiandrea","14":"pa_tip_ambalaj-cutie","15":"pa_tip_puzzle-clasic","17":"first","18":"instock","19":"taxable","20":"shipping-taxable","21":"product-type-simple"},"yoast_head":"<!-- This site is optimized with the Yoast SEO plugin v20.1 - https:\/\/yoast.com\/wordpress\/plugins\/seo\/ -->\n<title>Puzzle adul\u021bi 1000 piese K\u00fcrti Andrea - Sleeping Beauty\/Frumoasa adormit\u0103 - Roovi B2B<\/title>\n<meta name=\"robots\" content=\"index, follow, max-snippet:-1, max-image-preview:large, max-video-preview:-1\" \/>\n<link rel=\"canonical\" href=\"https:\/\/www.roovi.ro\/puzzle-adulti-1000-piese-kurti-andrea-sleeping-beautyfrumoasa-adormita\/p\/\" \/>\n<meta property=\"og:locale\" content=\"ro_RO\" \/>\n<meta property=\"og:type\" content=\"article\" \/>\n<meta property=\"og:title\" content=\"Puzzle adul\u021bi 1000 piese K\u00fcrti Andrea - Sleeping Beauty\/Frumoasa adormit\u0103 - Roovi B2B\" \/>\n<meta property=\"og:description\" content=\"Nu-i a\u0219a c\u0103 \u00een copil\u0103rie iubeai pove\u0219tile cu prin\u021bi \u0219i prin\u021bese \u0219i a\u0219teptai cu sufletul la gur\u0103 finalul fericit? Retr\u0103ie\u0219te\" \/>\n<meta property=\"og:url\" content=\"https:\/\/www.roovi.ro\/puzzle-adulti-1000-piese-kurti-andrea-sleeping-beautyfrumoasa-adormita\/p\/\" \/>\n<meta property=\"og:site_name\" content=\"Roovi B2B\" \/>\n<meta property=\"article:publisher\" content=\"https:\/\/www.facebook.com\/wwwjucariero\" \/>\n<meta property=\"article:modified_time\" content=\"2025-03-14T12:02:46+00:00\" \/>\n<meta property=\"og:image\" content=\"https:\/\/business.roovi.com\/wp-content\/uploads\/2018\/04\/72870-4_ansamblu_dimensiuni_cutie_cm_vertical_1200x1200.png\" \/>\n\t<meta property=\"og:image:width\" content=\"1200\" \/>\n\t<meta property=\"og:image:height\" content=\"1200\" \/>\n\t<meta property=\"og:image:type\" content=\"image\/png\" \/>\n<meta name=\"twitter:label1\" content=\"Timp estimat pentru citire\" \/>\n\t<meta name=\"twitter:data1\" content=\"3 minute\" \/>\n<script type=\"application\/ld+json\" class=\"yoast-schema-graph\">{\"@context\":\"https:\/\/schema.org\",\"@graph\":[{\"@type\":\"WebPage\",\"@id\":\"https:\/\/business.roovi.com\/ro\/puzzle-adulti-1000-piese-kurti-andrea-sleeping-beautyfrumoasa-adormita\/p\/\",\"url\":\"https:\/\/www.roovi.ro\/puzzle-adulti-1000-piese-kurti-andrea-sleeping-beautyfrumoasa-adormita\/p\/\",\"name\":\"Puzzle adul\u021bi 1000 piese K\u00fcrti Andrea - Sleeping Beauty\/Frumoasa adormit\u0103 - Roovi B2B\",\"isPartOf\":{\"@id\":\"https:\/\/business.roovi.com\/ro\/#website\"},\"datePublished\":\"2018-04-16T10:56:17+00:00\",\"dateModified\":\"2025-03-14T12:02:46+00:00\",\"breadcrumb\":{\"@id\":\"https:\/\/www.roovi.ro\/puzzle-adulti-1000-piese-kurti-andrea-sleeping-beautyfrumoasa-adormita\/p\/#breadcrumb\"},\"inLanguage\":\"ro-RO\",\"potentialAction\":[{\"@type\":\"ReadAction\",\"target\":[\"https:\/\/www.roovi.ro\/puzzle-adulti-1000-piese-kurti-andrea-sleeping-beautyfrumoasa-adormita\/p\/\"]}]},{\"@type\":\"BreadcrumbList\",\"@id\":\"https:\/\/www.roovi.ro\/puzzle-adulti-1000-piese-kurti-andrea-sleeping-beautyfrumoasa-adormita\/p\/#breadcrumb\",\"itemListElement\":[{\"@type\":\"ListItem\",\"position\":1,\"name\":\"Home\",\"item\":\"https:\/\/business.roovi.com\/ro\/\"},{\"@type\":\"ListItem\",\"position\":2,\"name\":\"Magazin\",\"item\":\"https:\/\/business.roovi.com\/ro\/magazin\/\"},{\"@type\":\"ListItem\",\"position\":3,\"name\":\"Puzzle adul\u021bi 1000 piese K\u00fcrti Andrea &#8211; Sleeping Beauty\/Frumoasa adormit\u0103\"}]},{\"@type\":\"WebSite\",\"@id\":\"https:\/\/business.roovi.com\/ro\/#website\",\"url\":\"https:\/\/business.roovi.com\/ro\/\",\"name\":\"Roovi B2B\",\"description\":\"Roovi Business Website\",\"potentialAction\":[{\"@type\":\"SearchAction\",\"target\":{\"@type\":\"EntryPoint\",\"urlTemplate\":\"https:\/\/business.roovi.com\/ro\/?s={search_term_string}\"},\"query-input\":\"required name=search_term_string\"}],\"inLanguage\":\"ro-RO\"}]}<\/script>\n<!-- \/ Yoast SEO plugin. -->","yoast_head_json":{"title":"Puzzle adul\u021bi 1000 piese K\u00fcrti Andrea - Sleeping Beauty\/Frumoasa adormit\u0103 - Roovi B2B","robots":{"index":"index","follow":"follow","max-snippet":"max-snippet:-1","max-image-preview":"max-image-preview:large","max-video-preview":"max-video-preview:-1"},"canonical":"https:\/\/www.roovi.ro\/puzzle-adulti-1000-piese-kurti-andrea-sleeping-beautyfrumoasa-adormita\/p\/","og_locale":"ro_RO","og_type":"article","og_title":"Puzzle adul\u021bi 1000 piese K\u00fcrti Andrea - Sleeping Beauty\/Frumoasa adormit\u0103 - Roovi B2B","og_description":"Nu-i a\u0219a c\u0103 \u00een copil\u0103rie iubeai pove\u0219tile cu prin\u021bi \u0219i prin\u021bese \u0219i a\u0219teptai cu sufletul la gur\u0103 finalul fericit? Retr\u0103ie\u0219te","og_url":"https:\/\/www.roovi.ro\/puzzle-adulti-1000-piese-kurti-andrea-sleeping-beautyfrumoasa-adormita\/p\/","og_site_name":"Roovi B2B","article_publisher":"https:\/\/www.facebook.com\/wwwjucariero","article_modified_time":"2025-03-14T12:02:46+00:00","og_image":[{"width":1200,"height":1200,"url":"https:\/\/business.roovi.com\/wp-content\/uploads\/2018\/04\/72870-4_ansamblu_dimensiuni_cutie_cm_vertical_1200x1200.png","type":"image\/png"}],"twitter_misc":{"Timp estimat pentru citire":"3 minute"},"schema":{"@context":"https:\/\/schema.org","@graph":[{"@type":"WebPage","@id":"https:\/\/business.roovi.com\/ro\/puzzle-adulti-1000-piese-kurti-andrea-sleeping-beautyfrumoasa-adormita\/p\/","url":"https:\/\/www.roovi.ro\/puzzle-adulti-1000-piese-kurti-andrea-sleeping-beautyfrumoasa-adormita\/p\/","name":"Puzzle adul\u021bi 1000 piese K\u00fcrti Andrea - Sleeping Beauty\/Frumoasa adormit\u0103 - Roovi B2B","isPartOf":{"@id":"https:\/\/business.roovi.com\/ro\/#website"},"datePublished":"2018-04-16T10:56:17+00:00","dateModified":"2025-03-14T12:02:46+00:00","breadcrumb":{"@id":"https:\/\/www.roovi.ro\/puzzle-adulti-1000-piese-kurti-andrea-sleeping-beautyfrumoasa-adormita\/p\/#breadcrumb"},"inLanguage":"ro-RO","potentialAction":[{"@type":"ReadAction","target":["https:\/\/www.roovi.ro\/puzzle-adulti-1000-piese-kurti-andrea-sleeping-beautyfrumoasa-adormita\/p\/"]}]},{"@type":"BreadcrumbList","@id":"https:\/\/www.roovi.ro\/puzzle-adulti-1000-piese-kurti-andrea-sleeping-beautyfrumoasa-adormita\/p\/#breadcrumb","itemListElement":[{"@type":"ListItem","position":1,"name":"Home","item":"https:\/\/business.roovi.com\/ro\/"},{"@type":"ListItem","position":2,"name":"Magazin","item":"https:\/\/business.roovi.com\/ro\/magazin\/"},{"@type":"ListItem","position":3,"name":"Puzzle adul\u021bi 1000 piese K\u00fcrti Andrea &#8211; Sleeping Beauty\/Frumoasa adormit\u0103"}]},{"@type":"WebSite","@id":"https:\/\/business.roovi.com\/ro\/#website","url":"https:\/\/business.roovi.com\/ro\/","name":"Roovi B2B","description":"Roovi Business Website","potentialAction":[{"@type":"SearchAction","target":{"@type":"EntryPoint","urlTemplate":"https:\/\/business.roovi.com\/ro\/?s={search_term_string}"},"query-input":"required name=search_term_string"}],"inLanguage":"ro-RO"}]}},"_links":{"self":[{"href":"https:\/\/business.roovi.com\/ro\/wp-json\/wp\/v2\/product\/17555","targetHints":{"allow":["GET"]}}],"collection":[{"href":"https:\/\/business.roovi.com\/ro\/wp-json\/wp\/v2\/product"}],"about":[{"href":"https:\/\/business.roovi.com\/ro\/wp-json\/wp\/v2\/types\/product"}],"version-history":[{"count":0,"href":"https:\/\/business.roovi.com\/ro\/wp-json\/wp\/v2\/product\/17555\/revisions"}],"wp:featuredmedia":[{"embeddable":true,"href":"https:\/\/business.roovi.com\/ro\/wp-json\/wp\/v2\/media\/17541"}],"wp:attachment":[{"href":"https:\/\/business.roovi.com\/ro\/wp-json\/wp\/v2\/media?parent=17555"}],"wp:term":[{"taxonomy":"product_brand","embeddable":true,"href":"https:\/\/business.roovi.com\/ro\/wp-json\/wp\/v2\/product_brand?post=17555"},{"taxonomy":"product_cat","embeddable":true,"href":"https:\/\/business.roovi.com\/ro\/wp-json\/wp\/v2\/product_cat?post=17555"},{"taxonomy":"product_tag","embeddable":true,"href":"https:\/\/business.roovi.com\/ro\/wp-json\/wp\/v2\/product_tag?post=17555"}],"curies":[{"name":"wp","href":"https:\/\/api.w.org\/{rel}","templated":true}]}}