{"id":17615,"date":"2018-04-16T10:56:17","date_gmt":"2018-04-16T10:56:17","guid":{"rendered":"https:\/\/business.roovi.com\/product\/puzzle-andrea-kurti-tropical-1000-piese-4\/"},"modified":"2025-03-14T12:06:49","modified_gmt":"2025-03-14T12:06:49","slug":"puzzle-adulti-1000-piese-kurti-andrea-tropical-animale-exotice","status":"publish","type":"product","link":"https:\/\/business.roovi.com\/ro\/puzzle-adulti-1000-piese-kurti-andrea-tropical-animale-exotice\/p\/","title":{"rendered":"Puzzle adul\u021bi 1000 piese K\u00fcrti Andrea &#8211; Tropical &#8211; Animale exotice"},"content":{"rendered":"<p><span style=\"font-weight: 400;\">\u00ce\u021bi place s\u0103 dai valoare timpului complet\u00e2nd jocuri puzzle \u0219i \u021bi-ai dori ca \u0219i copiii t\u0103i s\u0103-\u021bi \u00eemp\u0103rt\u0103\u0219easc\u0103 pasiunea? Puzzle 1000 piese Animale exotice este prilejul perfect pentru a-i convinge pe adolescen\u021bi s\u0103 renun\u021be la ecrane \u0219i s\u0103 se conecteze la distrac\u021bia din familie.<\/span><\/p>\n<p><span style=\"font-weight: 400;\">Artista K\u00fcrti Andrea a realizat o ilustra\u021bie uimitoare desprins\u0103 parc\u0103 dintr-un desen animat cu animale din savana african\u0103. \u00cen centrul imaginii troneaz\u0103 marele elefant african, l\u00e2ng\u0103 el st\u0103 lipit\u0103 o zebr\u0103, dintr-o parte r\u0103sare g\u00e2tul lung al unei girafe, iar din cealalt\u0103 parte, regele leu \u00ee\u0219i prive\u0219te audien\u021ba. Capul ginga\u0219 al unei maimu\u021be se ive\u0219te din vegeta\u021bia bogat\u0103. Toate aceste animale exotice sunt \u00eenconjurate de plante exotice, reprezentate \u00een culori calde.<\/span><\/p>\n<p><span style=\"font-weight: 400;\">Detaliile uimitoare \u0219i coloristica vie \u00ee\u021bi transmit o stare de bine \u0219i multe vibra\u021bii pozitive. Tabloul animat va fi cu siguran\u021b\u0103 pe placul copiilor care \u00ee\u021bi vor fi ajutoare de n\u0103dejde pentru \u00eentregirea imaginii. La final, \u00eei po\u021bi r\u0103spl\u0103ti pun\u00e2ndu-le \u00een ram\u0103 primul tablou din puzzle 1000 piese \u0219i decor\u00e2ndu-le camera cu acesta.<\/span><\/p>\n<p><strong>De ce s\u0103 alegi puzzle 1000 piese K\u00fcrti Andrea &#8211; Tropical &#8211; Animale exotice?\u00a0<\/strong><\/p>\n<p><span style=\"font-weight: 400;\">Vei ob\u021bine din puzzle 1000 piese un tablou cu dimensiunile de 50 x 70 cm.<\/span><\/p>\n<p><span style=\"font-weight: 400;\">Este un puzzle realizat din materiale de calitate, carton albastru premium, ceea ce \u00eel face cadoul perfect pentru pasiona\u021bii de puzzle 1000 piese.<\/span><\/p>\n<p><span style=\"font-weight: 400;\">Este prietenos cu natura \u0219i rezistent \u00een timp, fiind realizat din materiale sustenabile, reciclabile \u0219i durabile.<\/span><\/p>\n<p><span style=\"font-weight: 400;\">Are finisaje semi-lucioase \u0219i culori vii, o \u00eenc\u00e2ntare pentru adul\u021bi \u0219i copii deopotriv\u0103.<\/span><\/p>\n<p><span style=\"font-weight: 400;\">Este potrivit persoanelor cu v\u00e2rsta peste 14 ani, deci este numai bun pentru tine \u0219i copiii t\u0103i adolescen\u021bi.<\/span><\/p>\n<p><strong>Jocul puzzle &#8211; Animale exotice \u00ee\u021bi antreneaz\u0103 diverse abilit\u0103\u021bi precum:<\/strong><\/p>\n<p><span style=\"font-weight: 400;\">Memoria<\/span><\/p>\n<p><span style=\"font-weight: 400;\">Aten\u021bia<\/span><\/p>\n<p><span style=\"font-weight: 400;\">Perseveren\u021ba<\/span><\/p>\n<p><span style=\"font-weight: 400;\">\u00cendem\u00e2narea<\/span><\/p>\n<p><span style=\"font-weight: 400;\">G\u00e2ndirea logic\u0103<\/span><\/p>\n<p><span style=\"font-weight: 400;\">Abilit\u0103\u021bile spa\u021bial vizuale<\/span><\/p>\n<p><strong>\u0218tiai c\u0103\u2026?<\/strong><\/p>\n<p><span style=\"font-weight: 400;\">Savana african\u0103 reprezint\u0103 aproximativ 65% din continentul Africa.<\/span><\/p>\n<p><span style=\"font-weight: 400;\">Cele mai multe resurse ale acestui continent provin din savan\u0103 pentru c\u0103 aici se planteaz\u0103 diverse culturi de mei, porumb, sorg sau trestie de zah\u0103r.<\/span><\/p>\n<p><span style=\"font-weight: 400;\">Majoritatea popula\u021biei de lei tr\u0103ie\u0219te \u00een savana African\u0103, dar exist\u0103 c\u00e2teva exemplare \u0219i \u00een India.<\/span><\/p>\n<p><span style=\"font-weight: 400;\">Leii v\u00e2neaz\u0103 \u00een special \u00een timpul furtunilor, noaptea. Vederea nocturn\u0103 este excelent\u0103, iar sunetele furtunii le dau un avantaj considerabil \u00een fa\u021ba pr\u0103zii.<\/span><\/p>\n<p><span style=\"font-weight: 400;\">Elefantul african este cunoscut drept &#8222;inginerul ecosistemului&#8221;. De exemplu, dezr\u0103d\u0103cineaz\u0103 copaci \u00een savan\u0103 ceea ce men\u021bine peisajul deschis pentru ca zebrele \u0219i alte ierbivore de c\u00e2mpie s\u0103 se dezvolte.<\/span><\/p>\n<p><strong>Puzzle 1000 piese<\/strong> <strong>&#8211; Animale exotice te inspir\u0103 s\u0103 fii creativ<\/strong><\/p>\n<p><span style=\"font-weight: 400;\">Dac\u0103 alegi s\u0103 completezi acest joc puzzle colorat \u0219i animat \u00eempreun\u0103 cu copiii t\u0103i, el poate fi punctul de plecare pentru discu\u021bii antrenante \u0219i educative despre \u021binutul \u00eendep\u0103rtat al savanelor sau despre animalele s\u0103lbatice exotice.<\/span><\/p>\n<p><span style=\"font-weight: 400;\">Profit\u0103 de un puzzle 1000 piese de excep\u021bie \u0219i creeaz\u0103 un scenariu fabulos \u00een care copiii sunt detectivii care caut\u0103 indiciile \u00een savana african\u0103 pentru a rezolva misterul animalelor din s\u0103lb\u0103ticie.\u00a0<\/span><\/p>\n<p><span style=\"font-weight: 400;\">Puzzle 1000 piese Animale exotice \u00ee\u021bi ofer\u0103 mai mult dec\u00e2t distrac\u021bie: amintiri pre\u021bioase al\u0103turi de cele mai importante persoane din via\u021ba ta.<\/span><\/p>\n<p><span style=\"font-weight: 400;\">Acest puzzle adul\u021bi este foarte bun de p\u0103strat \u00een cas\u0103 \u0219i ref\u0103cut ori de c\u00e2te ori sim\u021bi\u021bi nevoia s\u0103 ie\u0219i\u021bi din monotonie. Sau, dac\u0103 vrei s\u0103 faci fericite \u0219i alte familii cu adolescen\u021bi, puzzle 1000 piese K\u00fcrti Andrea &#8211; Tropical &#8211; Animale exotice este alegerea perfect\u0103.<\/span><\/p>\n","protected":false},"excerpt":{"rendered":"<p>\u00ce\u021bi place s\u0103 dai valoare timpului complet\u00e2nd jocuri puzzle \u0219i \u021bi-ai dori ca \u0219i copiii t\u0103i s\u0103-\u021bi \u00eemp\u0103rt\u0103\u0219easc\u0103 pasiunea? Puzzle<\/p>\n","protected":false},"featured_media":17601,"template":"","meta":[],"product_brand":[],"product_cat":[1454,1488,1560],"product_tag":[],"class_list":{"0":"post-17615","1":"product","2":"type-product","3":"status-publish","4":"has-post-thumbnail","6":"product_cat-puzzle","7":"product_cat-puzzle-adulti","8":"product_cat-puzzle-adulti-1000","9":"pa_bax-1273","10":"pa_brand-d_toys","11":"pa_country_of_manufacture-ro","12":"pa_filter_age-1315","13":"pa_painter-kurtiandrea","14":"pa_tip_ambalaj-cutie","15":"pa_tip_puzzle-clasic","17":"first","18":"instock","19":"taxable","20":"shipping-taxable","21":"product-type-simple"},"yoast_head":"<!-- This site is optimized with the Yoast SEO plugin v20.1 - https:\/\/yoast.com\/wordpress\/plugins\/seo\/ -->\n<title>Puzzle adul\u021bi 1000 piese K\u00fcrti Andrea - Tropical - Animale exotice - Roovi B2B<\/title>\n<meta name=\"robots\" content=\"index, follow, max-snippet:-1, max-image-preview:large, max-video-preview:-1\" \/>\n<link rel=\"canonical\" href=\"https:\/\/www.roovi.ro\/puzzle-adulti-1000-piese-kurti-andrea-tropical-animale-exotice\/p\/\" \/>\n<meta property=\"og:locale\" content=\"ro_RO\" \/>\n<meta property=\"og:type\" content=\"article\" \/>\n<meta property=\"og:title\" content=\"Puzzle adul\u021bi 1000 piese K\u00fcrti Andrea - Tropical - Animale exotice - Roovi B2B\" \/>\n<meta property=\"og:description\" content=\"\u00ce\u021bi place s\u0103 dai valoare timpului complet\u00e2nd jocuri puzzle \u0219i \u021bi-ai dori ca \u0219i copiii t\u0103i s\u0103-\u021bi \u00eemp\u0103rt\u0103\u0219easc\u0103 pasiunea? Puzzle\" \/>\n<meta property=\"og:url\" content=\"https:\/\/www.roovi.ro\/puzzle-adulti-1000-piese-kurti-andrea-tropical-animale-exotice\/p\/\" \/>\n<meta property=\"og:site_name\" content=\"Roovi B2B\" \/>\n<meta property=\"article:publisher\" content=\"https:\/\/www.facebook.com\/wwwjucariero\" \/>\n<meta property=\"article:modified_time\" content=\"2025-03-14T12:06:49+00:00\" \/>\n<meta property=\"og:image\" content=\"https:\/\/business.roovi.com\/wp-content\/uploads\/2018\/04\/72887-4_ansamblu_dimensiuni_cutie_cm_orizontal_1200x1200.png\" \/>\n\t<meta property=\"og:image:width\" content=\"1200\" \/>\n\t<meta property=\"og:image:height\" content=\"1200\" \/>\n\t<meta property=\"og:image:type\" content=\"image\/png\" \/>\n<meta name=\"twitter:label1\" content=\"Timp estimat pentru citire\" \/>\n\t<meta name=\"twitter:data1\" content=\"3 minute\" \/>\n<script type=\"application\/ld+json\" class=\"yoast-schema-graph\">{\"@context\":\"https:\/\/schema.org\",\"@graph\":[{\"@type\":\"WebPage\",\"@id\":\"https:\/\/business.roovi.com\/ro\/puzzle-adulti-1000-piese-kurti-andrea-tropical-animale-exotice\/p\/\",\"url\":\"https:\/\/www.roovi.ro\/puzzle-adulti-1000-piese-kurti-andrea-tropical-animale-exotice\/p\/\",\"name\":\"Puzzle adul\u021bi 1000 piese K\u00fcrti Andrea - Tropical - Animale exotice - Roovi B2B\",\"isPartOf\":{\"@id\":\"https:\/\/business.roovi.com\/ro\/#website\"},\"datePublished\":\"2018-04-16T10:56:17+00:00\",\"dateModified\":\"2025-03-14T12:06:49+00:00\",\"breadcrumb\":{\"@id\":\"https:\/\/www.roovi.ro\/puzzle-adulti-1000-piese-kurti-andrea-tropical-animale-exotice\/p\/#breadcrumb\"},\"inLanguage\":\"ro-RO\",\"potentialAction\":[{\"@type\":\"ReadAction\",\"target\":[\"https:\/\/www.roovi.ro\/puzzle-adulti-1000-piese-kurti-andrea-tropical-animale-exotice\/p\/\"]}]},{\"@type\":\"BreadcrumbList\",\"@id\":\"https:\/\/www.roovi.ro\/puzzle-adulti-1000-piese-kurti-andrea-tropical-animale-exotice\/p\/#breadcrumb\",\"itemListElement\":[{\"@type\":\"ListItem\",\"position\":1,\"name\":\"Home\",\"item\":\"https:\/\/business.roovi.com\/ro\/\"},{\"@type\":\"ListItem\",\"position\":2,\"name\":\"Magazin\",\"item\":\"https:\/\/business.roovi.com\/ro\/magazin\/\"},{\"@type\":\"ListItem\",\"position\":3,\"name\":\"Puzzle adul\u021bi 1000 piese K\u00fcrti Andrea &#8211; Tropical &#8211; Animale exotice\"}]},{\"@type\":\"WebSite\",\"@id\":\"https:\/\/business.roovi.com\/ro\/#website\",\"url\":\"https:\/\/business.roovi.com\/ro\/\",\"name\":\"Roovi B2B\",\"description\":\"Roovi Business Website\",\"potentialAction\":[{\"@type\":\"SearchAction\",\"target\":{\"@type\":\"EntryPoint\",\"urlTemplate\":\"https:\/\/business.roovi.com\/ro\/?s={search_term_string}\"},\"query-input\":\"required name=search_term_string\"}],\"inLanguage\":\"ro-RO\"}]}<\/script>\n<!-- \/ Yoast SEO plugin. -->","yoast_head_json":{"title":"Puzzle adul\u021bi 1000 piese K\u00fcrti Andrea - Tropical - Animale exotice - Roovi B2B","robots":{"index":"index","follow":"follow","max-snippet":"max-snippet:-1","max-image-preview":"max-image-preview:large","max-video-preview":"max-video-preview:-1"},"canonical":"https:\/\/www.roovi.ro\/puzzle-adulti-1000-piese-kurti-andrea-tropical-animale-exotice\/p\/","og_locale":"ro_RO","og_type":"article","og_title":"Puzzle adul\u021bi 1000 piese K\u00fcrti Andrea - Tropical - Animale exotice - Roovi B2B","og_description":"\u00ce\u021bi place s\u0103 dai valoare timpului complet\u00e2nd jocuri puzzle \u0219i \u021bi-ai dori ca \u0219i copiii t\u0103i s\u0103-\u021bi \u00eemp\u0103rt\u0103\u0219easc\u0103 pasiunea? Puzzle","og_url":"https:\/\/www.roovi.ro\/puzzle-adulti-1000-piese-kurti-andrea-tropical-animale-exotice\/p\/","og_site_name":"Roovi B2B","article_publisher":"https:\/\/www.facebook.com\/wwwjucariero","article_modified_time":"2025-03-14T12:06:49+00:00","og_image":[{"width":1200,"height":1200,"url":"https:\/\/business.roovi.com\/wp-content\/uploads\/2018\/04\/72887-4_ansamblu_dimensiuni_cutie_cm_orizontal_1200x1200.png","type":"image\/png"}],"twitter_misc":{"Timp estimat pentru citire":"3 minute"},"schema":{"@context":"https:\/\/schema.org","@graph":[{"@type":"WebPage","@id":"https:\/\/business.roovi.com\/ro\/puzzle-adulti-1000-piese-kurti-andrea-tropical-animale-exotice\/p\/","url":"https:\/\/www.roovi.ro\/puzzle-adulti-1000-piese-kurti-andrea-tropical-animale-exotice\/p\/","name":"Puzzle adul\u021bi 1000 piese K\u00fcrti Andrea - Tropical - Animale exotice - Roovi B2B","isPartOf":{"@id":"https:\/\/business.roovi.com\/ro\/#website"},"datePublished":"2018-04-16T10:56:17+00:00","dateModified":"2025-03-14T12:06:49+00:00","breadcrumb":{"@id":"https:\/\/www.roovi.ro\/puzzle-adulti-1000-piese-kurti-andrea-tropical-animale-exotice\/p\/#breadcrumb"},"inLanguage":"ro-RO","potentialAction":[{"@type":"ReadAction","target":["https:\/\/www.roovi.ro\/puzzle-adulti-1000-piese-kurti-andrea-tropical-animale-exotice\/p\/"]}]},{"@type":"BreadcrumbList","@id":"https:\/\/www.roovi.ro\/puzzle-adulti-1000-piese-kurti-andrea-tropical-animale-exotice\/p\/#breadcrumb","itemListElement":[{"@type":"ListItem","position":1,"name":"Home","item":"https:\/\/business.roovi.com\/ro\/"},{"@type":"ListItem","position":2,"name":"Magazin","item":"https:\/\/business.roovi.com\/ro\/magazin\/"},{"@type":"ListItem","position":3,"name":"Puzzle adul\u021bi 1000 piese K\u00fcrti Andrea &#8211; Tropical &#8211; Animale exotice"}]},{"@type":"WebSite","@id":"https:\/\/business.roovi.com\/ro\/#website","url":"https:\/\/business.roovi.com\/ro\/","name":"Roovi B2B","description":"Roovi Business Website","potentialAction":[{"@type":"SearchAction","target":{"@type":"EntryPoint","urlTemplate":"https:\/\/business.roovi.com\/ro\/?s={search_term_string}"},"query-input":"required name=search_term_string"}],"inLanguage":"ro-RO"}]}},"_links":{"self":[{"href":"https:\/\/business.roovi.com\/ro\/wp-json\/wp\/v2\/product\/17615","targetHints":{"allow":["GET"]}}],"collection":[{"href":"https:\/\/business.roovi.com\/ro\/wp-json\/wp\/v2\/product"}],"about":[{"href":"https:\/\/business.roovi.com\/ro\/wp-json\/wp\/v2\/types\/product"}],"version-history":[{"count":0,"href":"https:\/\/business.roovi.com\/ro\/wp-json\/wp\/v2\/product\/17615\/revisions"}],"wp:featuredmedia":[{"embeddable":true,"href":"https:\/\/business.roovi.com\/ro\/wp-json\/wp\/v2\/media\/17601"}],"wp:attachment":[{"href":"https:\/\/business.roovi.com\/ro\/wp-json\/wp\/v2\/media?parent=17615"}],"wp:term":[{"taxonomy":"product_brand","embeddable":true,"href":"https:\/\/business.roovi.com\/ro\/wp-json\/wp\/v2\/product_brand?post=17615"},{"taxonomy":"product_cat","embeddable":true,"href":"https:\/\/business.roovi.com\/ro\/wp-json\/wp\/v2\/product_cat?post=17615"},{"taxonomy":"product_tag","embeddable":true,"href":"https:\/\/business.roovi.com\/ro\/wp-json\/wp\/v2\/product_tag?post=17615"}],"curies":[{"name":"wp","href":"https:\/\/api.w.org\/{rel}","templated":true}]}}