{"id":17695,"date":"2018-04-16T10:56:17","date_gmt":"2018-04-16T10:56:17","guid":{"rendered":"https:\/\/business.roovi.com\/product\/puzzle-jean-leon-gerome-carpet-merchant-in-cairo-1000-piese\/"},"modified":"2023-03-20T21:41:23","modified_gmt":"2023-03-20T21:41:23","slug":"puzzle-adulti-1000-piese-jean-leon-gerome-carpet-merchant-in-cairo","status":"publish","type":"product","link":"https:\/\/business.roovi.com\/ro\/puzzle-adulti-1000-piese-jean-leon-gerome-carpet-merchant-in-cairo\/p\/","title":{"rendered":"Puzzle adulti 1000 piese Jean-L\u00e9on G\u00e9r\u00f4me &#8211; Carpet Merchant in Cairo"},"content":{"rendered":"<p><span style=\"font-weight: 400;\">Cau\u021bi o activitate relaxant\u0103 care s\u0103 te scoat\u0103 din rutina zilnic\u0103? Asambleaz\u0103 puzzle-uri de 1000 de piese din cea mai mare colec\u021bie de puzzle-uri de art\u0103 din Rom\u00e2nia \u0219i d\u0103 valoare timpului t\u0103u liber! \u00cen plus, ai ocazia s\u0103-\u021bi \u00eenfrumuse\u021bezi locuin\u021ba cu obiecte decorative deosebite: tablouri din piese de puzzle de art\u0103.<\/span><\/p>\n<p><span style=\"font-weight: 400;\">Dac\u0103 preferi exotismul \u0219i misterul lumii arabe, puzzle 1000 piese Jean-L\u00e9on G\u00e9r\u00f4me &#8211; Carpet Merchant in Cairo este alegerea perfect\u0103. Reg\u0103se\u0219te \u00een acest puzzle de art\u0103 pictura uimitoare ce red\u0103 o pia\u021b\u0103 de covoare din Cairo pe care artistul a vizitat-o \u00een 1885. Acest tablou face parte din seria de picturi orientaliste pe care G\u00e9r\u00f4me le-a efectuat dup\u0103 c\u0103l\u0103toriile \u00een Orientul Mijlociu. Ai acum ocazia unic\u0103 de a descoperi o mic\u0103 parte din fascinanta lume arab\u0103 a secolului al XIX-lea v\u0103zut\u0103 prin ochii artistului francez. Imaginea reconstituit\u0103 are dimensiunile de 50 x 70 cm, iar pentru asamblare po\u021bi utiliza o m\u0103su\u021b\u0103 obi\u0219nuit\u0103 de cafea.<\/span><\/p>\n<p><span style=\"font-weight: 400;\">Cite\u0219te aici \u0219i alte informa\u021bii despre puzzle-ul de art\u0103 Jean-L\u00e9on G\u00e9r\u00f4me &#8211; Carpet Merchant in Cairo:<\/span><\/p>\n<p><strong>Material puzzle:\u00a0<\/strong><\/p>\n<p><strong>carton albastru de o calitate superioar\u0103<\/strong><\/p>\n<p><strong>materiale sustenabile, reciclabile<\/strong><\/p>\n<p><strong>finisaj semi-lucios, culori vii<\/strong><\/p>\n<p><strong>Num\u0103rul pieselor de puzzle: 1000<\/strong><\/p>\n<p><strong>V\u00e2rsta recomandat\u0103: 14+<\/strong><\/p>\n<p><strong>Jocurile puzzle sunt o modalitate excelent\u0103 de conectare cu cei dragi<\/strong><\/p>\n<p><span style=\"font-weight: 400;\">Cau\u021bi o activitate care s\u0103 te apropie de copii? Ia \u00een calcul asamblarea puzzle-urilor adul\u021bi. Copiii sunt receptivi la jocuri de familie \u0219i cu siguran\u021b\u0103 vor aprecia timpul petrecut \u00eempreun\u0103. De asemenea, le po\u021bi propune prietenilor aceast\u0103 activitate relaxant\u0103 pentru weekend-urile \u00een care vremea rea v\u0103 \u021bine \u00een cas\u0103.<\/span><\/p>\n<p><strong>Jocurile puzzle te \u021bin departe de ecrane<\/strong><\/p>\n<p><span style=\"font-weight: 400;\">S\u0103 stai departe de ecranele dispozitivelor moderne poate fi dificil, dar este o sarcin\u0103 vital\u0103 pentru s\u0103n\u0103tatea fizic\u0103 \u0219i mental\u0103. Jocurile puzzle \u00ee\u021bi acapareaz\u0103 toat\u0103 aten\u021bia \u0219i devin magice odat\u0103 ce te-au prins \u00een mrejele lor.\u00a0<\/span><\/p>\n<p><strong>Jocurile puzzle \u00ee\u021bi men\u021bin creierul activ<\/strong><\/p>\n<p><span style=\"font-weight: 400;\">Asambleaz\u0103 puzzle de 1000 piese \u0219i antreneaz\u0103-\u021bi creierul zi de zi! Aceast\u0103 activitate te va ajuta s\u0103-\u021bi \u00eembun\u0103t\u0103\u021be\u0219ti capacitatea de rezolvare a problemelor, precum \u0219i alte abilit\u0103\u021bi precum concentrarea \u0219i aten\u021bia la detalii.<\/span><\/p>\n<p><strong>Despre Jean-L\u00e9on G\u00e9r\u00f4me \u0219tiai c\u0103?&#8230;<\/strong><\/p>\n<p><span style=\"font-weight: 400;\">\u00cen c\u0103l\u0103toriile sale \u00een Orientul Mijlociu a colec\u021bionat diverse artefacte pe care ulterior le-a utilizat \u00een picturile sale.<\/span><\/p>\n<p><span style=\"font-weight: 400;\">Multe dintre lucr\u0103rile sale orientaliste au fost create din imagina\u021bie.<\/span><\/p>\n<p><span style=\"font-weight: 400;\">S-a bucurat de succes transatlantic. A v\u00e2ndut \u00een timpul vie\u021bii 144 de picturi unor americani boga\u021bi care \u00eei considerau opera complex\u0103 \u0219i edificatoare.<\/span><\/p>\n<p><span style=\"font-weight: 400;\">A fost un critic acerb al impresioni\u0219tilor.<\/span><\/p>\n<p><span style=\"font-weight: 400;\">\u00cen ultimii 25 de ani din via\u021b\u0103 s-a dedicat sculpturii.<\/span><\/p>\n<p><span style=\"font-weight: 400;\">Alege puzzle-uri de art\u0103 \u0219i \u00ee\u021bi vei:<\/span><\/p>\n<ul>\n<li><strong>\u00eembun\u0103t\u0103\u021bi sim\u021bul estetic.<\/strong><\/li>\n<li><strong>crea tablouri de art\u0103 veritabile.<\/strong><\/li>\n<li><strong>dezvolta imagina\u021bia.\u00a0<\/strong><\/li>\n<li><strong>\u00eembun\u0103t\u0103\u021bi abilit\u0103\u021bile de a completa jocuri puzzle.<\/strong><\/li>\n<\/ul>\n<p><span style=\"font-weight: 400;\">Creeaz\u0103-\u021bi acum un tablou de art\u0103 \u00een culori vibrante cu puzzle-ul 1000 piese Jean-L\u00e9on G\u00e9r\u00f4me &#8211; Carpet Merchant in Cairo. Cump\u0103r\u0103 acest minunat puzzle de art\u0103 \u0219i bucur\u0103-te de o pictur\u0103 profund\u0103, cu o tem\u0103 oriental\u0103. Acest puzzle adul\u021bi poate fi primul din propria ta colec\u021bie de puzzle-uri de art\u0103. Comand\u0103-l, asambleaz\u0103-l, \u00eenr\u0103meaz\u0103-l!\u00a0<\/span><\/p>\n<p><span style=\"font-weight: 400;\">Dac\u0103 e\u0219ti \u00een c\u0103utarea unui cadou pentru un prieten special, puzzle 1000 piese Jean-L\u00e9on G\u00e9r\u00f4me &#8211; Carpet Merchant in Cairo este alegerea perfect\u0103!<\/span><\/p>\n","protected":false},"excerpt":{"rendered":"<p>Cau\u021bi o activitate relaxant\u0103 care s\u0103 te scoat\u0103 din rutina zilnic\u0103? Asambleaz\u0103 puzzle-uri de 1000 de piese din cea mai<\/p>\n","protected":false},"featured_media":63356,"template":"","meta":[],"product_brand":[],"product_cat":[1454,1488,1560],"product_tag":[],"class_list":{"0":"post-17695","1":"product","2":"type-product","3":"status-publish","4":"has-post-thumbnail","6":"product_cat-puzzle","7":"product_cat-puzzle-adulti","8":"product_cat-puzzle-adulti-1000","9":"pa_bax-1273","10":"pa_brand-d_toys","11":"pa_country_of_manufacture-ro","12":"pa_filter_age-1315","13":"pa_painter-jean_leongerome","14":"pa_tip_ambalaj-cutie","15":"pa_tip_puzzle-clasic","17":"first","18":"instock","19":"taxable","20":"shipping-taxable","21":"product-type-simple"},"yoast_head":"<!-- This site is optimized with the Yoast SEO plugin v20.1 - https:\/\/yoast.com\/wordpress\/plugins\/seo\/ -->\n<title>Puzzle adulti 1000 piese Jean-L\u00e9on G\u00e9r\u00f4me - Carpet Merchant in Cairo - Roovi B2B<\/title>\n<meta name=\"robots\" content=\"index, follow, max-snippet:-1, max-image-preview:large, max-video-preview:-1\" \/>\n<link rel=\"canonical\" href=\"https:\/\/www.roovi.ro\/puzzle-adulti-1000-piese-jean-leon-gerome-carpet-merchant-in-cairo\/p\/\" \/>\n<meta property=\"og:locale\" content=\"ro_RO\" \/>\n<meta property=\"og:type\" content=\"article\" \/>\n<meta property=\"og:title\" content=\"Puzzle adulti 1000 piese Jean-L\u00e9on G\u00e9r\u00f4me - Carpet Merchant in Cairo - Roovi B2B\" \/>\n<meta property=\"og:description\" content=\"Cau\u021bi o activitate relaxant\u0103 care s\u0103 te scoat\u0103 din rutina zilnic\u0103? Asambleaz\u0103 puzzle-uri de 1000 de piese din cea mai\" \/>\n<meta property=\"og:url\" content=\"https:\/\/www.roovi.ro\/puzzle-adulti-1000-piese-jean-leon-gerome-carpet-merchant-in-cairo\/p\/\" \/>\n<meta property=\"og:site_name\" content=\"Roovi B2B\" \/>\n<meta property=\"article:publisher\" content=\"https:\/\/www.facebook.com\/wwwjucariero\" \/>\n<meta property=\"article:modified_time\" content=\"2023-03-20T21:41:23+00:00\" \/>\n<meta property=\"og:image\" content=\"https:\/\/business.roovi.com\/wp-content\/uploads\/2018\/04\/72726-GE-03-WEB.jpg\" \/>\n\t<meta property=\"og:image:width\" content=\"1200\" \/>\n\t<meta property=\"og:image:height\" content=\"1200\" \/>\n\t<meta property=\"og:image:type\" content=\"image\/jpeg\" \/>\n<meta name=\"twitter:label1\" content=\"Timp estimat pentru citire\" \/>\n\t<meta name=\"twitter:data1\" content=\"3 minute\" \/>\n<script type=\"application\/ld+json\" class=\"yoast-schema-graph\">{\"@context\":\"https:\/\/schema.org\",\"@graph\":[{\"@type\":\"WebPage\",\"@id\":\"https:\/\/business.roovi.com\/ro\/puzzle-adulti-1000-piese-jean-leon-gerome-carpet-merchant-in-cairo\/p\/\",\"url\":\"https:\/\/www.roovi.ro\/puzzle-adulti-1000-piese-jean-leon-gerome-carpet-merchant-in-cairo\/p\/\",\"name\":\"Puzzle adulti 1000 piese Jean-L\u00e9on G\u00e9r\u00f4me - Carpet Merchant in Cairo - Roovi B2B\",\"isPartOf\":{\"@id\":\"https:\/\/business.roovi.com\/ro\/#website\"},\"datePublished\":\"2018-04-16T10:56:17+00:00\",\"dateModified\":\"2023-03-20T21:41:23+00:00\",\"breadcrumb\":{\"@id\":\"https:\/\/www.roovi.ro\/puzzle-adulti-1000-piese-jean-leon-gerome-carpet-merchant-in-cairo\/p\/#breadcrumb\"},\"inLanguage\":\"ro-RO\",\"potentialAction\":[{\"@type\":\"ReadAction\",\"target\":[\"https:\/\/www.roovi.ro\/puzzle-adulti-1000-piese-jean-leon-gerome-carpet-merchant-in-cairo\/p\/\"]}]},{\"@type\":\"BreadcrumbList\",\"@id\":\"https:\/\/www.roovi.ro\/puzzle-adulti-1000-piese-jean-leon-gerome-carpet-merchant-in-cairo\/p\/#breadcrumb\",\"itemListElement\":[{\"@type\":\"ListItem\",\"position\":1,\"name\":\"Home\",\"item\":\"https:\/\/business.roovi.com\/ro\/\"},{\"@type\":\"ListItem\",\"position\":2,\"name\":\"Magazin\",\"item\":\"https:\/\/business.roovi.com\/ro\/magazin\/\"},{\"@type\":\"ListItem\",\"position\":3,\"name\":\"Puzzle adulti 1000 piese Jean-L\u00e9on G\u00e9r\u00f4me &#8211; Carpet Merchant in Cairo\"}]},{\"@type\":\"WebSite\",\"@id\":\"https:\/\/business.roovi.com\/ro\/#website\",\"url\":\"https:\/\/business.roovi.com\/ro\/\",\"name\":\"Roovi B2B\",\"description\":\"Roovi Business Website\",\"potentialAction\":[{\"@type\":\"SearchAction\",\"target\":{\"@type\":\"EntryPoint\",\"urlTemplate\":\"https:\/\/business.roovi.com\/ro\/?s={search_term_string}\"},\"query-input\":\"required name=search_term_string\"}],\"inLanguage\":\"ro-RO\"}]}<\/script>\n<!-- \/ Yoast SEO plugin. -->","yoast_head_json":{"title":"Puzzle adulti 1000 piese Jean-L\u00e9on G\u00e9r\u00f4me - Carpet Merchant in Cairo - Roovi B2B","robots":{"index":"index","follow":"follow","max-snippet":"max-snippet:-1","max-image-preview":"max-image-preview:large","max-video-preview":"max-video-preview:-1"},"canonical":"https:\/\/www.roovi.ro\/puzzle-adulti-1000-piese-jean-leon-gerome-carpet-merchant-in-cairo\/p\/","og_locale":"ro_RO","og_type":"article","og_title":"Puzzle adulti 1000 piese Jean-L\u00e9on G\u00e9r\u00f4me - Carpet Merchant in Cairo - Roovi B2B","og_description":"Cau\u021bi o activitate relaxant\u0103 care s\u0103 te scoat\u0103 din rutina zilnic\u0103? Asambleaz\u0103 puzzle-uri de 1000 de piese din cea mai","og_url":"https:\/\/www.roovi.ro\/puzzle-adulti-1000-piese-jean-leon-gerome-carpet-merchant-in-cairo\/p\/","og_site_name":"Roovi B2B","article_publisher":"https:\/\/www.facebook.com\/wwwjucariero","article_modified_time":"2023-03-20T21:41:23+00:00","og_image":[{"width":1200,"height":1200,"url":"https:\/\/business.roovi.com\/wp-content\/uploads\/2018\/04\/72726-GE-03-WEB.jpg","type":"image\/jpeg"}],"twitter_misc":{"Timp estimat pentru citire":"3 minute"},"schema":{"@context":"https:\/\/schema.org","@graph":[{"@type":"WebPage","@id":"https:\/\/business.roovi.com\/ro\/puzzle-adulti-1000-piese-jean-leon-gerome-carpet-merchant-in-cairo\/p\/","url":"https:\/\/www.roovi.ro\/puzzle-adulti-1000-piese-jean-leon-gerome-carpet-merchant-in-cairo\/p\/","name":"Puzzle adulti 1000 piese Jean-L\u00e9on G\u00e9r\u00f4me - Carpet Merchant in Cairo - Roovi B2B","isPartOf":{"@id":"https:\/\/business.roovi.com\/ro\/#website"},"datePublished":"2018-04-16T10:56:17+00:00","dateModified":"2023-03-20T21:41:23+00:00","breadcrumb":{"@id":"https:\/\/www.roovi.ro\/puzzle-adulti-1000-piese-jean-leon-gerome-carpet-merchant-in-cairo\/p\/#breadcrumb"},"inLanguage":"ro-RO","potentialAction":[{"@type":"ReadAction","target":["https:\/\/www.roovi.ro\/puzzle-adulti-1000-piese-jean-leon-gerome-carpet-merchant-in-cairo\/p\/"]}]},{"@type":"BreadcrumbList","@id":"https:\/\/www.roovi.ro\/puzzle-adulti-1000-piese-jean-leon-gerome-carpet-merchant-in-cairo\/p\/#breadcrumb","itemListElement":[{"@type":"ListItem","position":1,"name":"Home","item":"https:\/\/business.roovi.com\/ro\/"},{"@type":"ListItem","position":2,"name":"Magazin","item":"https:\/\/business.roovi.com\/ro\/magazin\/"},{"@type":"ListItem","position":3,"name":"Puzzle adulti 1000 piese Jean-L\u00e9on G\u00e9r\u00f4me &#8211; Carpet Merchant in Cairo"}]},{"@type":"WebSite","@id":"https:\/\/business.roovi.com\/ro\/#website","url":"https:\/\/business.roovi.com\/ro\/","name":"Roovi B2B","description":"Roovi Business Website","potentialAction":[{"@type":"SearchAction","target":{"@type":"EntryPoint","urlTemplate":"https:\/\/business.roovi.com\/ro\/?s={search_term_string}"},"query-input":"required name=search_term_string"}],"inLanguage":"ro-RO"}]}},"_links":{"self":[{"href":"https:\/\/business.roovi.com\/ro\/wp-json\/wp\/v2\/product\/17695","targetHints":{"allow":["GET"]}}],"collection":[{"href":"https:\/\/business.roovi.com\/ro\/wp-json\/wp\/v2\/product"}],"about":[{"href":"https:\/\/business.roovi.com\/ro\/wp-json\/wp\/v2\/types\/product"}],"version-history":[{"count":0,"href":"https:\/\/business.roovi.com\/ro\/wp-json\/wp\/v2\/product\/17695\/revisions"}],"wp:featuredmedia":[{"embeddable":true,"href":"https:\/\/business.roovi.com\/ro\/wp-json\/wp\/v2\/media\/63356"}],"wp:attachment":[{"href":"https:\/\/business.roovi.com\/ro\/wp-json\/wp\/v2\/media?parent=17695"}],"wp:term":[{"taxonomy":"product_brand","embeddable":true,"href":"https:\/\/business.roovi.com\/ro\/wp-json\/wp\/v2\/product_brand?post=17695"},{"taxonomy":"product_cat","embeddable":true,"href":"https:\/\/business.roovi.com\/ro\/wp-json\/wp\/v2\/product_cat?post=17695"},{"taxonomy":"product_tag","embeddable":true,"href":"https:\/\/business.roovi.com\/ro\/wp-json\/wp\/v2\/product_tag?post=17695"}],"curies":[{"name":"wp","href":"https:\/\/api.w.org\/{rel}","templated":true}]}}