{"id":17710,"date":"2018-04-16T10:56:17","date_gmt":"2018-04-16T10:56:17","guid":{"rendered":"https:\/\/business.roovi.com\/product\/puzzle-jean-leon-gerome-diogenes-1000-piese\/"},"modified":"2023-03-20T21:41:20","modified_gmt":"2023-03-20T21:41:20","slug":"puzzle-adulti-1000-piese-jean-leon-gerome-diogenes","status":"publish","type":"product","link":"https:\/\/business.roovi.com\/ro\/puzzle-adulti-1000-piese-jean-leon-gerome-diogenes\/p\/","title":{"rendered":"Puzzle adulti 1000 piese Jean-L\u00e9on G\u00e9r\u00f4me &#8211; Diogenes"},"content":{"rendered":"<p><span style=\"font-weight: 400;\">E\u0219ti preg\u0103tit pentru o nou\u0103 provocare? Asambleaz\u0103 puzzle-uri de art\u0103 \u0219i construie\u0219te-\u021bi propriile tablouri artistice. Vei avea parte de multe ore de distrac\u021bie relaxant\u0103 \u0219i, \u00een plus, vei descoperi cele mai mici detalii din opere de art\u0103 consacrate.<\/span><\/p>\n<p><span style=\"font-weight: 400;\">\u00cen colec\u021bia noastr\u0103 de puzzle-uri de art\u0103 g\u0103se\u0219ti imagini cu picturile lui Leonardo da Vinci, Claude Monet, Gustav Klimt \u0219i mul\u021bi al\u021bii. Toate aceste capodopere sunt la doar un click distan\u021b\u0103 de tine. Selecteaz\u0103 puzzle-urile de art\u0103 preferate \u0219i \u00eencepi marea asamblare! La final, vei avea o adev\u0103rat\u0103 colec\u021bie de art\u0103.<\/span><\/p>\n<p><span style=\"font-weight: 400;\">Avem o recomandare deosebit\u0103 pentru tine: puzzle 1000 piese Jean-L\u00e9on G\u00e9r\u00f4me &#8211; Diogenes care \u00eenf\u0103\u021bi\u0219eaz\u0103 imaginea unuia dintre cele mai reu\u0219ite picturi ale artistului francez. Dac\u0103 te pasioneaz\u0103 filosofia sau \u0219tii c\u00e2te pu\u021bin despre via\u021ba lui Diogene, vei \u00een\u021belege cu at\u00e2t mai mult aceast\u0103 lucrare din puzzle-ul de art\u0103.<\/span><\/p>\n<p><span style=\"font-weight: 400;\">G\u00e9r\u00f4me \u00eel portretizeaz\u0103 pe Diogene \u00een celebra cad\u0103 de lut pe care filosoful grec o numea cas\u0103. Tabloul reprezint\u0103, de fapt, imaginea filosofului prin ochiul artistului. Asamblarea acestui minunat puzzle de 1000 piese e \u0219i un bun moment de reflectare asupra bucuriilor simple ale vie\u021bii. A\u0219adar, a\u0219az\u0103-te comod, trage-\u021bi aproape m\u0103su\u021ba de cafea din sufragerie \u0219i creeaz\u0103-\u021bi propria oper\u0103 de art\u0103!<\/span><\/p>\n<p><strong>Caracteristici ale puzzle-ului de art\u0103: Jean-L\u00e9on G\u00e9r\u00f4me &#8211; Diogenes\u00a0<\/strong><\/p>\n<p><strong>Dimensiuni imagine reconstituit\u0103: 50 x 70 cm.\u00a0<\/strong><\/p>\n<p><strong>Material puzzle:\u00a0<\/strong><\/p>\n<p><strong>carton albastru de o calitate superioar\u0103<\/strong><\/p>\n<p><strong>materiale sustenabile, reciclabile<\/strong><\/p>\n<p><strong>finisaj semi-lucios, culori vii<\/strong><\/p>\n<p><strong>Num\u0103rul pieselor de puzzle: 1000<\/strong><\/p>\n<p><strong>V\u00e2rsta recomandat\u0103: 14+<\/strong><\/p>\n<p><strong>Ce abilit\u0103\u021bi \u00ee\u021bi dezvol\u021bi dac\u0103 asamblezi puzzle-uri?<\/strong><\/p>\n<p><strong>Memoria<\/strong><span style=\"font-weight: 400;\"> &#8211; asamblarea puzzle-urilor adul\u021bi \u00eent\u0103re\u0219te conexiunile cerebrale \u0219i \u00eembun\u0103t\u0103\u021be\u0219te \u00een felul acesta memoria pe termen scurt.<\/span><\/p>\n<p><strong>Inteligen\u021ba vizual-spa\u021bial\u0103 <\/strong><span style=\"font-weight: 400;\">&#8211; atunci c\u00e2nd faci un puzzle de 1000 piese analizezi fiecare pies\u0103 \u00een mod individual \u0219i vizualizezi locul pe care \u00eel ocup\u0103 \u00een imaginea de ansamblu. Acest exerci\u021biu te ajut\u0103 \u00een dezvoltarea inteligen\u021bei vizual spa\u021biale.<\/span><\/p>\n<p><strong>Capacitatea de concentrare<\/strong><span style=\"font-weight: 400;\"> &#8211; un joc puzzle te \u021bine conectat pentru mai multe ore \u0219i \u00ee\u021bi antreneaz\u0103 mintea s\u0103 se concentreze pe o singur\u0103 sarcin\u0103, l\u0103s\u00e2nd \u00een urm\u0103 toate celelalte g\u00e2nduri sau preocup\u0103ri care nu sunt importante \u00een acele momente.<\/span><\/p>\n<p><strong>Aten\u021bia la detalii<\/strong><span style=\"font-weight: 400;\"> &#8211; s\u0103 faci puzzle de adul\u021bi este un foarte bun exerci\u021biu de aten\u021bie. \u00cen foarte multe aspecte ale vie\u021bii cotidiene ai nevoie de aceast\u0103 abilitate, a\u0219a c\u0103 profit\u0103 din plin de aceast\u0103 activitate.<\/span><\/p>\n<p><strong>Curiozit\u0103\u021bi despre Jean-L\u00e9on G\u00e9r\u00f4me<\/strong><\/p>\n<p><span style=\"font-weight: 400;\">La 3 ani dup\u0103 ce a expus tabloul Diogenes, G\u00e9r\u00f4me a fost numit profesor la Ecole des Beaux-Arts. Aici avea s\u0103 instruiasc\u0103 mul\u021bi studen\u021bi francezi, dar \u0219i din alte state din lume.\u00a0<\/span><\/p>\n<p><span style=\"font-weight: 400;\">Dup\u0103 mai multe c\u0103l\u0103torii \u00een Orientul Mijlociu, artistul a realizat mai multe picturi eviden\u021biind culturile arabe \u0219i musulmane. Unii critici au considerat c\u0103 aceste opere se compl\u0103ceau \u00een stereotipuri culturale \u0219i sociale. Totu\u0219i, tablourile din aceast\u0103 serie sunt extrem de valoroase \u0219i apreciate \u00een zilele noastre.<\/span><\/p>\n<p><span style=\"font-weight: 400;\">A personificat Adev\u0103rul \u00een art\u0103 sub forma unei femei goale care fie c\u0103 este aruncat\u0103 \u00eentr-o f\u00e2nt\u00e2n\u0103 goal\u0103, fie c\u0103 se afl\u0103 pe fundul acesteia sau iese din ea. Unii critici de art\u0103 sunt de p\u0103rere c\u0103 aceste tablouri reflect\u0103 critica violent\u0103 \u0219i r\u0103ut\u0103cioas\u0103 pe care G\u00e9r\u00f4me le-o aducea impresioni\u0219tilor.<\/span><\/p>\n<p><span style=\"font-weight: 400;\">A murit la v\u00e2rsta de 79 de ani. A fost g\u0103sit f\u0103r\u0103 suflare \u00een fa\u021ba unui tablou al lui Rembrandt \u0219i l\u00e2ng\u0103 unul dintre propriile sale tablouri \u00eenf\u0103\u021bi\u0219\u00e2nd Adev\u0103rul.<\/span><\/p>\n<p><strong>Puzzle-urile de art\u0103 \u00ee\u021bi ofer\u0103 momente unice de relaxare \u0219i medita\u021bie<\/strong><\/p>\n<p><span style=\"font-weight: 400;\">Atunci c\u00e2nd stai \u00een fa\u021ba unui puzzle de art\u0103 tr\u0103ie\u0219ti \u0219i o experien\u021b\u0103 meditativ\u0103, nu doar o stare de relaxare. F\u0103r\u0103 s\u0103 \u00ee\u021bi dai seama, mintea \u021bi se gole\u0219te de g\u00e2nduri \u0219i griji, iar singura ta preocupare este de a reface imaginea care \u021bi se a\u0219terne \u00een fa\u021b\u0103. \u00cen general, este dificil s\u0103 \u00ee\u021bi controlezi mintea \u0219i s\u0103 te concentrezi pe un singur g\u00e2nd sau activitate, dar atunci c\u00e2nd refaci un puzzle de art\u0103, \u021bi se \u00eent\u00e2mpl\u0103 acest lucru f\u0103r\u0103 efort. Ref\u0103 c\u00e2t mai multe puzzle-uri de art\u0103 \u0219i experimenteaz\u0103 o stare de energie \u0219i relaxare total\u0103!<\/span><\/p>\n<p><span style=\"font-weight: 400;\">Cump\u0103r\u0103 acum puzzle 1000 piese Jean-L\u00e9on G\u00e9r\u00f4me &#8211; Diogenes \u0219i petrece-\u021bi timpul liber \u00eentr-o manier\u0103 de relaxare clasic\u0103. Invit\u0103-\u021bi prietenii \u0219i face\u021bi din puzzle de art\u0103 un joc de societate inedit care s\u0103 v\u0103 ofere momente de neuitat petrecute \u00eempreun\u0103.<\/span><\/p>\n<p><span style=\"font-weight: 400;\">Dac\u0103 e\u0219ti \u00een c\u0103utarea unui cadou pentru o persoan\u0103 drag\u0103, puzzle de art\u0103 Jean-L\u00e9on G\u00e9r\u00f4me &#8211; Diogenes este alegerea cea mai bun\u0103.<\/span><\/p>\n","protected":false},"excerpt":{"rendered":"<p>E\u0219ti preg\u0103tit pentru o nou\u0103 provocare? Asambleaz\u0103 puzzle-uri de art\u0103 \u0219i construie\u0219te-\u021bi propriile tablouri artistice. Vei avea parte de multe<\/p>\n","protected":false},"featured_media":63362,"template":"","meta":[],"product_brand":[],"product_cat":[1454,1488,1560],"product_tag":[],"class_list":{"0":"post-17710","1":"product","2":"type-product","3":"status-publish","4":"has-post-thumbnail","6":"product_cat-puzzle","7":"product_cat-puzzle-adulti","8":"product_cat-puzzle-adulti-1000","9":"pa_bax-1273","10":"pa_brand-d_toys","11":"pa_country_of_manufacture-ro","12":"pa_filter_age-1315","13":"pa_painter-jean_leongerome","14":"pa_tip_ambalaj-cutie","15":"pa_tip_puzzle-clasic","17":"first","18":"instock","19":"taxable","20":"shipping-taxable","21":"product-type-simple"},"yoast_head":"<!-- This site is optimized with the Yoast SEO plugin v20.1 - https:\/\/yoast.com\/wordpress\/plugins\/seo\/ -->\n<title>Puzzle adulti 1000 piese Jean-L\u00e9on G\u00e9r\u00f4me - Diogenes - Roovi B2B<\/title>\n<meta name=\"robots\" content=\"index, follow, max-snippet:-1, max-image-preview:large, max-video-preview:-1\" \/>\n<link rel=\"canonical\" href=\"https:\/\/www.roovi.ro\/puzzle-adulti-1000-piese-jean-leon-gerome-diogenes\/p\/\" \/>\n<meta property=\"og:locale\" content=\"ro_RO\" \/>\n<meta property=\"og:type\" content=\"article\" \/>\n<meta property=\"og:title\" content=\"Puzzle adulti 1000 piese Jean-L\u00e9on G\u00e9r\u00f4me - Diogenes - Roovi B2B\" \/>\n<meta property=\"og:description\" content=\"E\u0219ti preg\u0103tit pentru o nou\u0103 provocare? Asambleaz\u0103 puzzle-uri de art\u0103 \u0219i construie\u0219te-\u021bi propriile tablouri artistice. Vei avea parte de multe\" \/>\n<meta property=\"og:url\" content=\"https:\/\/www.roovi.ro\/puzzle-adulti-1000-piese-jean-leon-gerome-diogenes\/p\/\" \/>\n<meta property=\"og:site_name\" content=\"Roovi B2B\" \/>\n<meta property=\"article:publisher\" content=\"https:\/\/www.facebook.com\/wwwjucariero\" \/>\n<meta property=\"article:modified_time\" content=\"2023-03-20T21:41:20+00:00\" \/>\n<meta property=\"og:image\" content=\"https:\/\/business.roovi.com\/wp-content\/uploads\/2018\/04\/72726-GE-04-WEB.jpg\" \/>\n\t<meta property=\"og:image:width\" content=\"1200\" \/>\n\t<meta property=\"og:image:height\" content=\"1200\" \/>\n\t<meta property=\"og:image:type\" content=\"image\/jpeg\" \/>\n<meta name=\"twitter:label1\" content=\"Timp estimat pentru citire\" \/>\n\t<meta name=\"twitter:data1\" content=\"4 minute\" \/>\n<script type=\"application\/ld+json\" class=\"yoast-schema-graph\">{\"@context\":\"https:\/\/schema.org\",\"@graph\":[{\"@type\":\"WebPage\",\"@id\":\"https:\/\/business.roovi.com\/ro\/puzzle-adulti-1000-piese-jean-leon-gerome-diogenes\/p\/\",\"url\":\"https:\/\/www.roovi.ro\/puzzle-adulti-1000-piese-jean-leon-gerome-diogenes\/p\/\",\"name\":\"Puzzle adulti 1000 piese Jean-L\u00e9on G\u00e9r\u00f4me - Diogenes - Roovi B2B\",\"isPartOf\":{\"@id\":\"https:\/\/business.roovi.com\/ro\/#website\"},\"datePublished\":\"2018-04-16T10:56:17+00:00\",\"dateModified\":\"2023-03-20T21:41:20+00:00\",\"breadcrumb\":{\"@id\":\"https:\/\/www.roovi.ro\/puzzle-adulti-1000-piese-jean-leon-gerome-diogenes\/p\/#breadcrumb\"},\"inLanguage\":\"ro-RO\",\"potentialAction\":[{\"@type\":\"ReadAction\",\"target\":[\"https:\/\/www.roovi.ro\/puzzle-adulti-1000-piese-jean-leon-gerome-diogenes\/p\/\"]}]},{\"@type\":\"BreadcrumbList\",\"@id\":\"https:\/\/www.roovi.ro\/puzzle-adulti-1000-piese-jean-leon-gerome-diogenes\/p\/#breadcrumb\",\"itemListElement\":[{\"@type\":\"ListItem\",\"position\":1,\"name\":\"Home\",\"item\":\"https:\/\/business.roovi.com\/ro\/\"},{\"@type\":\"ListItem\",\"position\":2,\"name\":\"Magazin\",\"item\":\"https:\/\/business.roovi.com\/ro\/magazin\/\"},{\"@type\":\"ListItem\",\"position\":3,\"name\":\"Puzzle adulti 1000 piese Jean-L\u00e9on G\u00e9r\u00f4me &#8211; Diogenes\"}]},{\"@type\":\"WebSite\",\"@id\":\"https:\/\/business.roovi.com\/ro\/#website\",\"url\":\"https:\/\/business.roovi.com\/ro\/\",\"name\":\"Roovi B2B\",\"description\":\"Roovi Business Website\",\"potentialAction\":[{\"@type\":\"SearchAction\",\"target\":{\"@type\":\"EntryPoint\",\"urlTemplate\":\"https:\/\/business.roovi.com\/ro\/?s={search_term_string}\"},\"query-input\":\"required name=search_term_string\"}],\"inLanguage\":\"ro-RO\"}]}<\/script>\n<!-- \/ Yoast SEO plugin. -->","yoast_head_json":{"title":"Puzzle adulti 1000 piese Jean-L\u00e9on G\u00e9r\u00f4me - Diogenes - Roovi B2B","robots":{"index":"index","follow":"follow","max-snippet":"max-snippet:-1","max-image-preview":"max-image-preview:large","max-video-preview":"max-video-preview:-1"},"canonical":"https:\/\/www.roovi.ro\/puzzle-adulti-1000-piese-jean-leon-gerome-diogenes\/p\/","og_locale":"ro_RO","og_type":"article","og_title":"Puzzle adulti 1000 piese Jean-L\u00e9on G\u00e9r\u00f4me - Diogenes - Roovi B2B","og_description":"E\u0219ti preg\u0103tit pentru o nou\u0103 provocare? Asambleaz\u0103 puzzle-uri de art\u0103 \u0219i construie\u0219te-\u021bi propriile tablouri artistice. Vei avea parte de multe","og_url":"https:\/\/www.roovi.ro\/puzzle-adulti-1000-piese-jean-leon-gerome-diogenes\/p\/","og_site_name":"Roovi B2B","article_publisher":"https:\/\/www.facebook.com\/wwwjucariero","article_modified_time":"2023-03-20T21:41:20+00:00","og_image":[{"width":1200,"height":1200,"url":"https:\/\/business.roovi.com\/wp-content\/uploads\/2018\/04\/72726-GE-04-WEB.jpg","type":"image\/jpeg"}],"twitter_misc":{"Timp estimat pentru citire":"4 minute"},"schema":{"@context":"https:\/\/schema.org","@graph":[{"@type":"WebPage","@id":"https:\/\/business.roovi.com\/ro\/puzzle-adulti-1000-piese-jean-leon-gerome-diogenes\/p\/","url":"https:\/\/www.roovi.ro\/puzzle-adulti-1000-piese-jean-leon-gerome-diogenes\/p\/","name":"Puzzle adulti 1000 piese Jean-L\u00e9on G\u00e9r\u00f4me - Diogenes - Roovi B2B","isPartOf":{"@id":"https:\/\/business.roovi.com\/ro\/#website"},"datePublished":"2018-04-16T10:56:17+00:00","dateModified":"2023-03-20T21:41:20+00:00","breadcrumb":{"@id":"https:\/\/www.roovi.ro\/puzzle-adulti-1000-piese-jean-leon-gerome-diogenes\/p\/#breadcrumb"},"inLanguage":"ro-RO","potentialAction":[{"@type":"ReadAction","target":["https:\/\/www.roovi.ro\/puzzle-adulti-1000-piese-jean-leon-gerome-diogenes\/p\/"]}]},{"@type":"BreadcrumbList","@id":"https:\/\/www.roovi.ro\/puzzle-adulti-1000-piese-jean-leon-gerome-diogenes\/p\/#breadcrumb","itemListElement":[{"@type":"ListItem","position":1,"name":"Home","item":"https:\/\/business.roovi.com\/ro\/"},{"@type":"ListItem","position":2,"name":"Magazin","item":"https:\/\/business.roovi.com\/ro\/magazin\/"},{"@type":"ListItem","position":3,"name":"Puzzle adulti 1000 piese Jean-L\u00e9on G\u00e9r\u00f4me &#8211; Diogenes"}]},{"@type":"WebSite","@id":"https:\/\/business.roovi.com\/ro\/#website","url":"https:\/\/business.roovi.com\/ro\/","name":"Roovi B2B","description":"Roovi Business Website","potentialAction":[{"@type":"SearchAction","target":{"@type":"EntryPoint","urlTemplate":"https:\/\/business.roovi.com\/ro\/?s={search_term_string}"},"query-input":"required name=search_term_string"}],"inLanguage":"ro-RO"}]}},"_links":{"self":[{"href":"https:\/\/business.roovi.com\/ro\/wp-json\/wp\/v2\/product\/17710","targetHints":{"allow":["GET"]}}],"collection":[{"href":"https:\/\/business.roovi.com\/ro\/wp-json\/wp\/v2\/product"}],"about":[{"href":"https:\/\/business.roovi.com\/ro\/wp-json\/wp\/v2\/types\/product"}],"version-history":[{"count":0,"href":"https:\/\/business.roovi.com\/ro\/wp-json\/wp\/v2\/product\/17710\/revisions"}],"wp:featuredmedia":[{"embeddable":true,"href":"https:\/\/business.roovi.com\/ro\/wp-json\/wp\/v2\/media\/63362"}],"wp:attachment":[{"href":"https:\/\/business.roovi.com\/ro\/wp-json\/wp\/v2\/media?parent=17710"}],"wp:term":[{"taxonomy":"product_brand","embeddable":true,"href":"https:\/\/business.roovi.com\/ro\/wp-json\/wp\/v2\/product_brand?post=17710"},{"taxonomy":"product_cat","embeddable":true,"href":"https:\/\/business.roovi.com\/ro\/wp-json\/wp\/v2\/product_cat?post=17710"},{"taxonomy":"product_tag","embeddable":true,"href":"https:\/\/business.roovi.com\/ro\/wp-json\/wp\/v2\/product_tag?post=17710"}],"curies":[{"name":"wp","href":"https:\/\/api.w.org\/{rel}","templated":true}]}}