{"id":17715,"date":"2018-04-16T10:56:17","date_gmt":"2018-04-16T10:56:17","guid":{"rendered":"https:\/\/business.roovi.com\/product\/puzzle-edward-burne-jones-the-beguiling-of-merlin-1000-piese\/"},"modified":"2023-03-20T21:41:17","modified_gmt":"2023-03-20T21:41:17","slug":"puzzle-adulti-1000-piese-edward-burne-jones-the-beguiling-of-merlin","status":"publish","type":"product","link":"https:\/\/business.roovi.com\/ro\/puzzle-adulti-1000-piese-edward-burne-jones-the-beguiling-of-merlin\/p\/","title":{"rendered":"Puzzle adulti 1000 piese Edward Burne-Jones &#8211; The Beguiling of Merlin"},"content":{"rendered":"<p><span style=\"font-weight: 400;\">Te sim\u021bi inspirat? Cump\u0103r\u0103 acum unul dintre sutele de puzzle-uri de art\u0103 disponibile \u00een colec\u021bia noastr\u0103 \u0219i ref\u0103 imaginea unei picturi celebre. Leonardo da Vinci, Van Gogh, Rembrandt \u0219i mul\u021bi al\u021bii sunt acum la doar un click distan\u021b\u0103 de tine. Comand\u0103 puzzle-uri cu imagini ale picturilor acestora \u0219i delecteaz\u0103-te cu capodopere artistice din puzzle-uri pentru adul\u021bi.<\/span><\/p>\n<p><span style=\"font-weight: 400;\">Cum ar fi s\u0103 refaci \u00eentr-o imagine din puzzle 1000 piese una dintre pove\u0219tile clasice din legendele lui Arthur? Acum ai aceast\u0103 oportunitate cu puzzle-ul de art\u0103 Edward Burne-Jones &#8211; The Beguiling of Merlin care \u00eenf\u0103\u021bi\u0219eaz\u0103 scena \u00een care vr\u0103jitorul Merlin se \u00eendr\u0103goste\u0219te de Doamna Lacului, Nimue.\u00a0<\/span><\/p>\n<p><span style=\"font-weight: 400;\">Fiecare pictur\u0103 este o poveste scris\u0103 prin culoare, iar s\u0103 recreezi o asemenea oper\u0103 de art\u0103 din 1000 de piese de puzzle este nemaipomenit! Tabloul ref\u0103cut din puzzle de art\u0103 Edward Burne-Jones &#8211; The Beguiling of Merlin are dimensiunile de 50 x 70 cm, iar pentru suportul pieselor po\u021bi utiliza o m\u0103su\u021b\u0103 standard de cafea.<\/span><\/p>\n<p><span style=\"font-weight: 400;\">Cite\u0219te aici mai multe informa\u021bii despre puzzle 1000 piese Edward Burne-Jones &#8211; The Beguiling of Merlin:<\/span><\/p>\n<p><strong>Dimensiuni imagine reconstituit\u0103: 50 x 70 cm.\u00a0<\/strong><\/p>\n<p><strong>Material puzzle:\u00a0<\/strong><\/p>\n<p><strong>carton albastru de o calitate superioar\u0103<\/strong><\/p>\n<p><strong>materiale sustenabile, reciclabile<\/strong><\/p>\n<p><strong>finisaj semi-lucios, culori vii<\/strong><\/p>\n<p><strong>Num\u0103rul pieselor de puzzle: 1000<\/strong><\/p>\n<p><strong>V\u00e2rsta recomandat\u0103: 14+<\/strong><\/p>\n<p><strong>Puzzle-urile pentru adul\u021bi \u00ee\u021bi revigoreaz\u0103 creierul \u0219i te scap\u0103 de stres<\/strong><\/p>\n<p><span style=\"font-weight: 400;\">Jocurile puzzle sunt un adev\u0103rat antrenament de for\u021b\u0103 pentru creier \u0219i, \u00een plus, te ajut\u0103 s\u0103 te eliberezi de stres.<\/span><\/p>\n<p><strong>Puzzle-urile pentru adul\u021bi \u00ee\u021bi creeaz\u0103 o stare de bine<\/strong><\/p>\n<p><span style=\"font-weight: 400;\">Dac\u0103 vrei s\u0103 \u0219tii de unde porne\u0219te sentimentul de satisfac\u021bie \u0219i bucurie pe care \u00eel ai c\u00e2nd pui ultima pies\u0103 \u00eentr-un puzzle de 1000 piese, afl\u0103 c\u0103 este de la dopamin\u0103. Activitatea de asamblare a jocurilor puzzle cre\u0219te produc\u021bia acestei substan\u021be care este responsabil\u0103 de starea de bine \u0219i de optimism.<\/span><\/p>\n<p><strong>Puzzle-urile pentru adul\u021bi \u00ee\u021bi \u00eembun\u0103t\u0103\u021besc coordonarea ochi-m\u00e2n\u0103<\/strong><\/p>\n<p><span style=\"font-weight: 400;\">Majoritatea cred c\u0103 aceast\u0103 abilitate este specific\u0103 doar copiilor. Nimic mai fals! Este la fel de util\u0103 \u0219i persoanelor mai \u00een v\u00e2rst\u0103 sau celor care au meserii ce necesit\u0103 migal\u0103 \u0219i mult\u0103 aten\u021bie la detalii fine. Asamblarea puzzle-urilor este un bun exerci\u021biu pentru \u00eembun\u0103t\u0103\u021birea acestei abilit\u0103\u021bi.<\/span><\/p>\n<p><strong>Despre Edward Burne-Jones \u0219tiai c\u0103?<\/strong><\/p>\n<p><span style=\"font-weight: 400;\">Este un pictor britanic prerafaelit care a tr\u0103it \u00een secolul al XIX-lea.<\/span><\/p>\n<p><span style=\"font-weight: 400;\">Mama sa a murit la 6 zile de la na\u0219terea lui \u0219i a fost crescut de o \u00eengrijitoare f\u0103r\u0103 niciun fel de cultur\u0103.<\/span><\/p>\n<p><span style=\"font-weight: 400;\">A vrut s\u0103 devin\u0103 preot, dar sub influen\u021ba lui <\/span><span style=\"font-weight: 400;\">Dante Gabriel Rossetti a hot\u0103r\u00e2t s\u0103 urmeze calea artei.<\/span><\/p>\n<p><span style=\"font-weight: 400;\">A fost prieten cu William Morris vreme de 43 de ani.<\/span><\/p>\n<p><span style=\"font-weight: 400;\">Se presupune c\u0103 Morris a avut o aventur\u0103 cu Georgiana, so\u021bia lui <\/span><span style=\"font-weight: 400;\">Burne-Jones, \u00een timp ce artistul era implicat \u00eentr-o rela\u021bie pasional\u0103 cu modelul grec, Maria Zambaco.<\/span><\/p>\n<p><span style=\"font-weight: 400;\">Pentru reprezentarea lui Nimue din <\/span><em><span style=\"font-weight: 400;\">The Beguiling of Merlin <\/span><\/em><span style=\"font-weight: 400;\">pictorul a folosit-o pe Maria Zambaco.<\/span><\/p>\n<p><span style=\"font-weight: 400;\">A fost \u0219i un talentat ilustrator, aduc\u00e2nd estetica prerafaelit\u0103 pe coper\u021bile mai multor c\u0103r\u021bi.<\/span><\/p>\n<p><strong>Puzzle-urile de art\u0103 te ajut\u0103 s\u0103 \u00ee\u021bi dezvol\u021bi sim\u021bul estetic<\/strong><\/p>\n<p><span style=\"font-weight: 400;\">S\u0103 observi cele mai fine detalii ale picturilor celebre printr-un puzzle de art\u0103 te va ajut\u0103 s\u0103-\u021bi duci sim\u021bul estetic la un nivel superior. Asambleaz\u0103 constant puzzle-uri de art\u0103 \u0219i te vei convinge.<\/span><\/p>\n<p><strong>Puzzle-urile de art\u0103 \u00ee\u021bi dezvolt\u0103 imagina\u021bia<\/strong><\/p>\n<p><span style=\"font-weight: 400;\">\u00cen spatele fiec\u0103rei picturi se ascunde o poveste. Fie c\u0103 o \u0219tii sau \u021bi-o imaginezi, este un motiv suficient pentru a-\u021bi dezvolta imagina\u021bia.<\/span><\/p>\n<p><strong>Puzzle-urile de art\u0103 \u00ee\u021bi dezvolt\u0103 abilit\u0103\u021bile de refacere a jocurilor puzzle<\/strong><\/p>\n<p><span style=\"font-weight: 400;\">Vrei s\u0103 fii cel mai bun la puzzle? Opteaz\u0103 pentru puzzle-urile de art\u0103 \u0219i arat\u0103-le prietenilor care au aceea\u0219i pasiune c\u00e2t de bun ai devenit la aceast\u0103 activitate.<\/span><\/p>\n<p><span style=\"font-weight: 400;\">Cump\u0103r\u0103 acum puzzle 1000 piese Edward Burne-Jones &#8211; The Beguiling of Merlin \u0219i ref\u0103 imaginea unei pove\u0219ti celebre. Ofer\u0103 \u00een dar acest puzzle de art\u0103 persoanelor dragi din familie sau unui prieten pasionat de jocuri puzzle.<\/span><\/p>\n","protected":false},"excerpt":{"rendered":"<p>Te sim\u021bi inspirat? Cump\u0103r\u0103 acum unul dintre sutele de puzzle-uri de art\u0103 disponibile \u00een colec\u021bia noastr\u0103 \u0219i ref\u0103 imaginea unei<\/p>\n","protected":false},"featured_media":63368,"template":"","meta":[],"product_brand":[],"product_cat":[1454,1488,1560],"product_tag":[],"class_list":{"0":"post-17715","1":"product","2":"type-product","3":"status-publish","4":"has-post-thumbnail","6":"product_cat-puzzle","7":"product_cat-puzzle-adulti","8":"product_cat-puzzle-adulti-1000","9":"pa_bax-1273","10":"pa_brand-d_toys","11":"pa_country_of_manufacture-ro","12":"pa_filter_age-1315","13":"pa_painter-edwardburne_jones","14":"pa_tip_ambalaj-cutie","15":"pa_tip_puzzle-clasic","17":"first","18":"instock","19":"taxable","20":"shipping-taxable","21":"product-type-simple"},"yoast_head":"<!-- This site is optimized with the Yoast SEO plugin v20.1 - https:\/\/yoast.com\/wordpress\/plugins\/seo\/ -->\n<title>Puzzle adulti 1000 piese Edward Burne-Jones - The Beguiling of Merlin - Roovi B2B<\/title>\n<meta name=\"robots\" content=\"index, follow, max-snippet:-1, max-image-preview:large, max-video-preview:-1\" \/>\n<link rel=\"canonical\" href=\"https:\/\/www.roovi.ro\/puzzle-adulti-1000-piese-edward-burne-jones-the-beguiling-of-merlin\/p\/\" \/>\n<meta property=\"og:locale\" content=\"ro_RO\" \/>\n<meta property=\"og:type\" content=\"article\" \/>\n<meta property=\"og:title\" content=\"Puzzle adulti 1000 piese Edward Burne-Jones - The Beguiling of Merlin - Roovi B2B\" \/>\n<meta property=\"og:description\" content=\"Te sim\u021bi inspirat? Cump\u0103r\u0103 acum unul dintre sutele de puzzle-uri de art\u0103 disponibile \u00een colec\u021bia noastr\u0103 \u0219i ref\u0103 imaginea unei\" \/>\n<meta property=\"og:url\" content=\"https:\/\/www.roovi.ro\/puzzle-adulti-1000-piese-edward-burne-jones-the-beguiling-of-merlin\/p\/\" \/>\n<meta property=\"og:site_name\" content=\"Roovi B2B\" \/>\n<meta property=\"article:publisher\" content=\"https:\/\/www.facebook.com\/wwwjucariero\" \/>\n<meta property=\"article:modified_time\" content=\"2023-03-20T21:41:17+00:00\" \/>\n<meta property=\"og:image\" content=\"https:\/\/business.roovi.com\/wp-content\/uploads\/2018\/04\/72733-BU-02-WEB.jpg\" \/>\n\t<meta property=\"og:image:width\" content=\"1200\" \/>\n\t<meta property=\"og:image:height\" content=\"1200\" \/>\n\t<meta property=\"og:image:type\" content=\"image\/jpeg\" \/>\n<meta name=\"twitter:label1\" content=\"Timp estimat pentru citire\" \/>\n\t<meta name=\"twitter:data1\" content=\"4 minute\" \/>\n<script type=\"application\/ld+json\" class=\"yoast-schema-graph\">{\"@context\":\"https:\/\/schema.org\",\"@graph\":[{\"@type\":\"WebPage\",\"@id\":\"https:\/\/business.roovi.com\/ro\/puzzle-adulti-1000-piese-edward-burne-jones-the-beguiling-of-merlin\/p\/\",\"url\":\"https:\/\/www.roovi.ro\/puzzle-adulti-1000-piese-edward-burne-jones-the-beguiling-of-merlin\/p\/\",\"name\":\"Puzzle adulti 1000 piese Edward Burne-Jones - The Beguiling of Merlin - Roovi B2B\",\"isPartOf\":{\"@id\":\"https:\/\/business.roovi.com\/ro\/#website\"},\"datePublished\":\"2018-04-16T10:56:17+00:00\",\"dateModified\":\"2023-03-20T21:41:17+00:00\",\"breadcrumb\":{\"@id\":\"https:\/\/www.roovi.ro\/puzzle-adulti-1000-piese-edward-burne-jones-the-beguiling-of-merlin\/p\/#breadcrumb\"},\"inLanguage\":\"ro-RO\",\"potentialAction\":[{\"@type\":\"ReadAction\",\"target\":[\"https:\/\/www.roovi.ro\/puzzle-adulti-1000-piese-edward-burne-jones-the-beguiling-of-merlin\/p\/\"]}]},{\"@type\":\"BreadcrumbList\",\"@id\":\"https:\/\/www.roovi.ro\/puzzle-adulti-1000-piese-edward-burne-jones-the-beguiling-of-merlin\/p\/#breadcrumb\",\"itemListElement\":[{\"@type\":\"ListItem\",\"position\":1,\"name\":\"Home\",\"item\":\"https:\/\/business.roovi.com\/ro\/\"},{\"@type\":\"ListItem\",\"position\":2,\"name\":\"Magazin\",\"item\":\"https:\/\/business.roovi.com\/ro\/magazin\/\"},{\"@type\":\"ListItem\",\"position\":3,\"name\":\"Puzzle adulti 1000 piese Edward Burne-Jones &#8211; The Beguiling of Merlin\"}]},{\"@type\":\"WebSite\",\"@id\":\"https:\/\/business.roovi.com\/ro\/#website\",\"url\":\"https:\/\/business.roovi.com\/ro\/\",\"name\":\"Roovi B2B\",\"description\":\"Roovi Business Website\",\"potentialAction\":[{\"@type\":\"SearchAction\",\"target\":{\"@type\":\"EntryPoint\",\"urlTemplate\":\"https:\/\/business.roovi.com\/ro\/?s={search_term_string}\"},\"query-input\":\"required name=search_term_string\"}],\"inLanguage\":\"ro-RO\"}]}<\/script>\n<!-- \/ Yoast SEO plugin. -->","yoast_head_json":{"title":"Puzzle adulti 1000 piese Edward Burne-Jones - The Beguiling of Merlin - Roovi B2B","robots":{"index":"index","follow":"follow","max-snippet":"max-snippet:-1","max-image-preview":"max-image-preview:large","max-video-preview":"max-video-preview:-1"},"canonical":"https:\/\/www.roovi.ro\/puzzle-adulti-1000-piese-edward-burne-jones-the-beguiling-of-merlin\/p\/","og_locale":"ro_RO","og_type":"article","og_title":"Puzzle adulti 1000 piese Edward Burne-Jones - The Beguiling of Merlin - Roovi B2B","og_description":"Te sim\u021bi inspirat? Cump\u0103r\u0103 acum unul dintre sutele de puzzle-uri de art\u0103 disponibile \u00een colec\u021bia noastr\u0103 \u0219i ref\u0103 imaginea unei","og_url":"https:\/\/www.roovi.ro\/puzzle-adulti-1000-piese-edward-burne-jones-the-beguiling-of-merlin\/p\/","og_site_name":"Roovi B2B","article_publisher":"https:\/\/www.facebook.com\/wwwjucariero","article_modified_time":"2023-03-20T21:41:17+00:00","og_image":[{"width":1200,"height":1200,"url":"https:\/\/business.roovi.com\/wp-content\/uploads\/2018\/04\/72733-BU-02-WEB.jpg","type":"image\/jpeg"}],"twitter_misc":{"Timp estimat pentru citire":"4 minute"},"schema":{"@context":"https:\/\/schema.org","@graph":[{"@type":"WebPage","@id":"https:\/\/business.roovi.com\/ro\/puzzle-adulti-1000-piese-edward-burne-jones-the-beguiling-of-merlin\/p\/","url":"https:\/\/www.roovi.ro\/puzzle-adulti-1000-piese-edward-burne-jones-the-beguiling-of-merlin\/p\/","name":"Puzzle adulti 1000 piese Edward Burne-Jones - The Beguiling of Merlin - Roovi B2B","isPartOf":{"@id":"https:\/\/business.roovi.com\/ro\/#website"},"datePublished":"2018-04-16T10:56:17+00:00","dateModified":"2023-03-20T21:41:17+00:00","breadcrumb":{"@id":"https:\/\/www.roovi.ro\/puzzle-adulti-1000-piese-edward-burne-jones-the-beguiling-of-merlin\/p\/#breadcrumb"},"inLanguage":"ro-RO","potentialAction":[{"@type":"ReadAction","target":["https:\/\/www.roovi.ro\/puzzle-adulti-1000-piese-edward-burne-jones-the-beguiling-of-merlin\/p\/"]}]},{"@type":"BreadcrumbList","@id":"https:\/\/www.roovi.ro\/puzzle-adulti-1000-piese-edward-burne-jones-the-beguiling-of-merlin\/p\/#breadcrumb","itemListElement":[{"@type":"ListItem","position":1,"name":"Home","item":"https:\/\/business.roovi.com\/ro\/"},{"@type":"ListItem","position":2,"name":"Magazin","item":"https:\/\/business.roovi.com\/ro\/magazin\/"},{"@type":"ListItem","position":3,"name":"Puzzle adulti 1000 piese Edward Burne-Jones &#8211; The Beguiling of Merlin"}]},{"@type":"WebSite","@id":"https:\/\/business.roovi.com\/ro\/#website","url":"https:\/\/business.roovi.com\/ro\/","name":"Roovi B2B","description":"Roovi Business Website","potentialAction":[{"@type":"SearchAction","target":{"@type":"EntryPoint","urlTemplate":"https:\/\/business.roovi.com\/ro\/?s={search_term_string}"},"query-input":"required name=search_term_string"}],"inLanguage":"ro-RO"}]}},"_links":{"self":[{"href":"https:\/\/business.roovi.com\/ro\/wp-json\/wp\/v2\/product\/17715","targetHints":{"allow":["GET"]}}],"collection":[{"href":"https:\/\/business.roovi.com\/ro\/wp-json\/wp\/v2\/product"}],"about":[{"href":"https:\/\/business.roovi.com\/ro\/wp-json\/wp\/v2\/types\/product"}],"version-history":[{"count":0,"href":"https:\/\/business.roovi.com\/ro\/wp-json\/wp\/v2\/product\/17715\/revisions"}],"wp:featuredmedia":[{"embeddable":true,"href":"https:\/\/business.roovi.com\/ro\/wp-json\/wp\/v2\/media\/63368"}],"wp:attachment":[{"href":"https:\/\/business.roovi.com\/ro\/wp-json\/wp\/v2\/media?parent=17715"}],"wp:term":[{"taxonomy":"product_brand","embeddable":true,"href":"https:\/\/business.roovi.com\/ro\/wp-json\/wp\/v2\/product_brand?post=17715"},{"taxonomy":"product_cat","embeddable":true,"href":"https:\/\/business.roovi.com\/ro\/wp-json\/wp\/v2\/product_cat?post=17715"},{"taxonomy":"product_tag","embeddable":true,"href":"https:\/\/business.roovi.com\/ro\/wp-json\/wp\/v2\/product_tag?post=17715"}],"curies":[{"name":"wp","href":"https:\/\/api.w.org\/{rel}","templated":true}]}}