{"id":17730,"date":"2018-04-16T10:56:17","date_gmt":"2018-04-16T10:56:17","guid":{"rendered":"https:\/\/business.roovi.com\/product\/puzzle-pierre-auguste-cot-spring-1000-piese\/"},"modified":"2025-03-17T10:12:43","modified_gmt":"2025-03-17T10:12:43","slug":"puzzle-adulti-1000-piese-pierre-auguste-cot-spring-primavara","status":"publish","type":"product","link":"https:\/\/business.roovi.com\/ro\/puzzle-adulti-1000-piese-pierre-auguste-cot-spring-primavara\/p\/","title":{"rendered":"Puzzle adulti 1000 piese Pierre-Auguste Cot &#8211; Spring \/ Primavara"},"content":{"rendered":"<p><span style=\"font-weight: 400; font-size: 14px;\">Cau\u021bi o activitate relaxant\u0103 pentru weekend? Puzzle-urilor de art\u0103 sunt exact ceea ce \u00ee\u021bi trebuie. Alege puzzle-uri de 1000 piese din sutele de modele disponibile \u00een colec\u021bia puzzle-uri de art\u0103 cu picturi celebre. Asambleaz\u0103 imaginile \u0219i bucur\u0103-te de tablouri de art\u0103 spectaculoase realizate de tine \u00eensu\u021bi!<\/span><\/p>\n<p><span style=\"font-weight: 400; font-size: 14px;\">Puzzle 1000 piese Pierre-Auguste Cot &#8211; Spring \/ Prim\u0103vara este reproducerea imaginii din faimoasa pictur\u0103 realizat\u0103 cu o fine\u021be tehnic\u0103 remarcabil\u0103 de artistul francez. Tabloul \u00eenf\u0103\u021bi\u0219eaz\u0103 un cuplu romantic, bucur\u00e2ndu-se de magia iubirii \u00eentr-un leag\u0103n dintr-o p\u0103dure sau o gr\u0103din\u0103. S\u0103 refaci imaginea unei idile suave din 1000 de piese de puzzle este o adev\u0103rat\u0103 \u00eenc\u00e2ntare. Pentru suportul pieselor te po\u021bi folosi de o m\u0103su\u021b\u0103 standard de cafea. Imaginea tabloului reconstituit din acest puzzle de art\u0103 are dimensiunile de 50 x 70 cm.<\/span><\/p>\n<p><span style=\"font-weight: 400; font-size: 14px;\">Caracteristici puzzle de art\u0103 Pierre-Auguste Cot &#8211; Spring \/ Prim\u0103vara:<\/span><\/p>\n<p><span style=\"font-size: 14px;\"><strong>Material puzzle:\u00a0<\/strong><\/span><\/p>\n<p><span style=\"font-size: 14px;\"><strong>carton albastru de o calitate superioar\u0103<\/strong><\/span><\/p>\n<p><span style=\"font-size: 14px;\"><strong>materiale sustenabile, reciclabile<\/strong><\/span><\/p>\n<p><span style=\"font-size: 14px;\"><strong>finisaj semi-lucios, culori vii<\/strong><\/span><\/p>\n<p><span style=\"font-size: 14px;\"><strong>Num\u0103rul pieselor de puzzle: 1000<\/strong><\/span><\/p>\n<p><span style=\"font-size: 14px;\"><strong>V\u00e2rsta recomandat\u0103: 14+<\/strong><\/span><\/p>\n<p><span style=\"font-size: 14px;\"><strong>Jocurile puzzle te \u00eenva\u021b\u0103 s\u0103 ai r\u0103bdare<\/strong><\/span><\/p>\n<p><span style=\"font-weight: 400; font-size: 14px;\">Nu \u00eentotdeauna solu\u021bia jocului puzzle este evident\u0103. Ai nevoie de r\u0103bdare ca s\u0103 po\u021bi completa \u00eentreaga imagine din puzzle 1000 piese. Exers\u00e2nd zi de zi, aceast\u0103 activitate \u00ee\u021bi va aduce o stare de calm \u0219i r\u0103bdare pe care le vei men\u021bine \u0219i \u00een alte situa\u021bii cotidiene.<\/span><\/p>\n<p><span style=\"font-size: 14px;\"><strong>Jocurile puzzle \u0219i stima de sine<\/strong><\/span><\/p>\n<p><span style=\"font-weight: 400; font-size: 14px;\">C\u00e2nd a\u0219ezi ultima pies\u0103 din puzzle 1000 sim\u021bi o satisfac\u021bie uimitoare a lucrului dus la bun sf\u00e2r\u0219it. Fiecare proiect finalizat \u00ee\u021bi cre\u0219te \u00eencrederea \u00een for\u021bele proprii, iar un puzzle de 1000 piese complet este un astfel de proiect.<\/span><\/p>\n<p><span style=\"font-size: 14px;\"><strong>Despre Pierre-August Cot \u0219tiai c\u0103?<\/strong><\/span><\/p>\n<p><span style=\"font-weight: 400; font-size: 14px;\">A fost un pictor francez din secolul al XIX-lea. A studiat la Ecole des Beaux-Arts \u0219i a debutat la Salonul de la Paris \u00een 1863..<\/span><\/p>\n<p><span style=\"font-weight: 400; font-size: 14px;\">S-a bucurat de protec\u021bia sculptorului academic Francisque Duret, cu a c\u0103rui fiic\u0103 s-a c\u0103s\u0103torit.<\/span><\/p>\n<p><span style=\"font-weight: 400; font-size: 14px;\">A fost distins cu diverse premii \u0219i medalii, iar \u00een 1874, a fost numit Cavaler al Legiunii de Onoare.<\/span><\/p>\n<p><span style=\"font-weight: 400; font-size: 14px;\">\u00cen timpul vie\u021bii s-a bucurat de popularitate \u0219i a fost unul dintre cei mai de succes pictori parizieni.<\/span><\/p>\n<p><span style=\"font-size: 14px;\"><span style=\"font-weight: 400;\">Tabloul <\/span><em><span style=\"font-weight: 400;\">Spring\/Prim\u0103vara<\/span><\/em><span style=\"font-weight: 400;\"> a fost cea mai de succes oper\u0103 a sa.\u00a0<\/span><\/span><\/p>\n<p><span style=\"font-size: 14px;\"><span style=\"font-weight: 400;\">Admirat\u0103 pe scar\u0103 larg\u0103, <\/span><em><span style=\"font-weight: 400;\">Prim\u0103vara<\/span><\/em><span style=\"font-weight: 400;\"> a fost copiat\u0103 \u00een gravuri, evantaie, por\u021belanuri, tapi\u021berii \u0219i alte obiecte decorative.<\/span><\/span><\/p>\n<p><span style=\"font-size: 14px;\"><strong>De ce te sim\u021bi at\u00e2t de bine c\u00e2nd asamblezi un puzzle de art\u0103?<\/strong><\/span><\/p>\n<p><span style=\"font-weight: 400; font-size: 14px;\">Motivul pentru carea asamblarea puzzle-urilor pentru adul\u021bi dau o stare de bine este demonstrat \u0219tiin\u021bific. \u00cen timpul acestei activit\u0103\u021bi, creierul uman secret\u0103 mai mult\u0103 dopamin\u0103. Aceasta este un neurotransmi\u021b\u0103tor responsabil de starea de bine, de optimism \u0219i de fericire. Iat\u0103 cum devii mai relaxat \u0219i fericit, cu c\u00e2t e\u0219ti mai aproape solu\u021bia final\u0103 a jocului puzzle.<\/span><\/p>\n<p><span style=\"font-weight: 400; font-size: 14px;\">\u00ce\u021bi dore\u0219ti un tablou de art\u0103 uimitor sau poate vrei s\u0103 surprinzi pl\u0103cut un prieten cu un cadou deosebit? Cump\u0103r\u0103 acum puzzle 1000 piese Pierre-Auguste Cot &#8211; Spring \/ Prim\u0103vara din colec\u021bia noastr\u0103 de puzzle-uri de art\u0103 adu bucurie \u00een sufletul t\u0103u \u0219i al oamenilor dragi care \u00ee\u021bi sunt aproape.<\/span><\/p>\n","protected":false},"excerpt":{"rendered":"<p>Cau\u021bi o activitate relaxant\u0103 pentru weekend? Puzzle-urilor de art\u0103 sunt exact ceea ce \u00ee\u021bi trebuie. Alege puzzle-uri de 1000 piese<\/p>\n","protected":false},"featured_media":63381,"template":"","meta":[],"product_brand":[],"product_cat":[1454,1488,1560],"product_tag":[],"class_list":{"0":"post-17730","1":"product","2":"type-product","3":"status-publish","4":"has-post-thumbnail","6":"product_cat-puzzle","7":"product_cat-puzzle-adulti","8":"product_cat-puzzle-adulti-1000","9":"pa_bax-1273","10":"pa_brand-d_toys","11":"pa_country_of_manufacture-ro","12":"pa_filter_age-1315","13":"pa_painter-pierreaugustecot","14":"pa_tip_ambalaj-cutie","15":"pa_tip_puzzle-clasic","17":"first","18":"instock","19":"taxable","20":"shipping-taxable","21":"product-type-simple"},"yoast_head":"<!-- This site is optimized with the Yoast SEO plugin v20.1 - https:\/\/yoast.com\/wordpress\/plugins\/seo\/ -->\n<title>Puzzle adulti 1000 piese Pierre-Auguste Cot - Spring \/ Primavara - Roovi B2B<\/title>\n<meta name=\"robots\" content=\"index, follow, max-snippet:-1, max-image-preview:large, max-video-preview:-1\" \/>\n<link rel=\"canonical\" href=\"https:\/\/www.roovi.ro\/puzzle-adulti-1000-piese-pierre-auguste-cot-spring-primavara\/p\/\" \/>\n<meta property=\"og:locale\" content=\"ro_RO\" \/>\n<meta property=\"og:type\" content=\"article\" \/>\n<meta property=\"og:title\" content=\"Puzzle adulti 1000 piese Pierre-Auguste Cot - Spring \/ Primavara - Roovi B2B\" \/>\n<meta property=\"og:description\" content=\"Cau\u021bi o activitate relaxant\u0103 pentru weekend? Puzzle-urilor de art\u0103 sunt exact ceea ce \u00ee\u021bi trebuie. Alege puzzle-uri de 1000 piese\" \/>\n<meta property=\"og:url\" content=\"https:\/\/www.roovi.ro\/puzzle-adulti-1000-piese-pierre-auguste-cot-spring-primavara\/p\/\" \/>\n<meta property=\"og:site_name\" content=\"Roovi B2B\" \/>\n<meta property=\"article:publisher\" content=\"https:\/\/www.facebook.com\/wwwjucariero\" \/>\n<meta property=\"article:modified_time\" content=\"2025-03-17T10:12:43+00:00\" \/>\n<meta property=\"og:image\" content=\"https:\/\/business.roovi.com\/wp-content\/uploads\/2018\/04\/72740-CO-02-WEB.jpg\" \/>\n\t<meta property=\"og:image:width\" content=\"1200\" \/>\n\t<meta property=\"og:image:height\" content=\"1200\" \/>\n\t<meta property=\"og:image:type\" content=\"image\/jpeg\" \/>\n<meta name=\"twitter:label1\" content=\"Timp estimat pentru citire\" \/>\n\t<meta name=\"twitter:data1\" content=\"3 minute\" \/>\n<script type=\"application\/ld+json\" class=\"yoast-schema-graph\">{\"@context\":\"https:\/\/schema.org\",\"@graph\":[{\"@type\":\"WebPage\",\"@id\":\"https:\/\/business.roovi.com\/ro\/puzzle-adulti-1000-piese-pierre-auguste-cot-spring-primavara\/p\/\",\"url\":\"https:\/\/www.roovi.ro\/puzzle-adulti-1000-piese-pierre-auguste-cot-spring-primavara\/p\/\",\"name\":\"Puzzle adulti 1000 piese Pierre-Auguste Cot - Spring \/ Primavara - Roovi B2B\",\"isPartOf\":{\"@id\":\"https:\/\/business.roovi.com\/ro\/#website\"},\"datePublished\":\"2018-04-16T10:56:17+00:00\",\"dateModified\":\"2025-03-17T10:12:43+00:00\",\"breadcrumb\":{\"@id\":\"https:\/\/www.roovi.ro\/puzzle-adulti-1000-piese-pierre-auguste-cot-spring-primavara\/p\/#breadcrumb\"},\"inLanguage\":\"ro-RO\",\"potentialAction\":[{\"@type\":\"ReadAction\",\"target\":[\"https:\/\/www.roovi.ro\/puzzle-adulti-1000-piese-pierre-auguste-cot-spring-primavara\/p\/\"]}]},{\"@type\":\"BreadcrumbList\",\"@id\":\"https:\/\/www.roovi.ro\/puzzle-adulti-1000-piese-pierre-auguste-cot-spring-primavara\/p\/#breadcrumb\",\"itemListElement\":[{\"@type\":\"ListItem\",\"position\":1,\"name\":\"Home\",\"item\":\"https:\/\/business.roovi.com\/ro\/\"},{\"@type\":\"ListItem\",\"position\":2,\"name\":\"Magazin\",\"item\":\"https:\/\/business.roovi.com\/ro\/magazin\/\"},{\"@type\":\"ListItem\",\"position\":3,\"name\":\"Puzzle adulti 1000 piese Pierre-Auguste Cot &#8211; Spring \/ Primavara\"}]},{\"@type\":\"WebSite\",\"@id\":\"https:\/\/business.roovi.com\/ro\/#website\",\"url\":\"https:\/\/business.roovi.com\/ro\/\",\"name\":\"Roovi B2B\",\"description\":\"Roovi Business Website\",\"potentialAction\":[{\"@type\":\"SearchAction\",\"target\":{\"@type\":\"EntryPoint\",\"urlTemplate\":\"https:\/\/business.roovi.com\/ro\/?s={search_term_string}\"},\"query-input\":\"required name=search_term_string\"}],\"inLanguage\":\"ro-RO\"}]}<\/script>\n<!-- \/ Yoast SEO plugin. -->","yoast_head_json":{"title":"Puzzle adulti 1000 piese Pierre-Auguste Cot - Spring \/ Primavara - Roovi B2B","robots":{"index":"index","follow":"follow","max-snippet":"max-snippet:-1","max-image-preview":"max-image-preview:large","max-video-preview":"max-video-preview:-1"},"canonical":"https:\/\/www.roovi.ro\/puzzle-adulti-1000-piese-pierre-auguste-cot-spring-primavara\/p\/","og_locale":"ro_RO","og_type":"article","og_title":"Puzzle adulti 1000 piese Pierre-Auguste Cot - Spring \/ Primavara - Roovi B2B","og_description":"Cau\u021bi o activitate relaxant\u0103 pentru weekend? Puzzle-urilor de art\u0103 sunt exact ceea ce \u00ee\u021bi trebuie. Alege puzzle-uri de 1000 piese","og_url":"https:\/\/www.roovi.ro\/puzzle-adulti-1000-piese-pierre-auguste-cot-spring-primavara\/p\/","og_site_name":"Roovi B2B","article_publisher":"https:\/\/www.facebook.com\/wwwjucariero","article_modified_time":"2025-03-17T10:12:43+00:00","og_image":[{"width":1200,"height":1200,"url":"https:\/\/business.roovi.com\/wp-content\/uploads\/2018\/04\/72740-CO-02-WEB.jpg","type":"image\/jpeg"}],"twitter_misc":{"Timp estimat pentru citire":"3 minute"},"schema":{"@context":"https:\/\/schema.org","@graph":[{"@type":"WebPage","@id":"https:\/\/business.roovi.com\/ro\/puzzle-adulti-1000-piese-pierre-auguste-cot-spring-primavara\/p\/","url":"https:\/\/www.roovi.ro\/puzzle-adulti-1000-piese-pierre-auguste-cot-spring-primavara\/p\/","name":"Puzzle adulti 1000 piese Pierre-Auguste Cot - Spring \/ Primavara - Roovi B2B","isPartOf":{"@id":"https:\/\/business.roovi.com\/ro\/#website"},"datePublished":"2018-04-16T10:56:17+00:00","dateModified":"2025-03-17T10:12:43+00:00","breadcrumb":{"@id":"https:\/\/www.roovi.ro\/puzzle-adulti-1000-piese-pierre-auguste-cot-spring-primavara\/p\/#breadcrumb"},"inLanguage":"ro-RO","potentialAction":[{"@type":"ReadAction","target":["https:\/\/www.roovi.ro\/puzzle-adulti-1000-piese-pierre-auguste-cot-spring-primavara\/p\/"]}]},{"@type":"BreadcrumbList","@id":"https:\/\/www.roovi.ro\/puzzle-adulti-1000-piese-pierre-auguste-cot-spring-primavara\/p\/#breadcrumb","itemListElement":[{"@type":"ListItem","position":1,"name":"Home","item":"https:\/\/business.roovi.com\/ro\/"},{"@type":"ListItem","position":2,"name":"Magazin","item":"https:\/\/business.roovi.com\/ro\/magazin\/"},{"@type":"ListItem","position":3,"name":"Puzzle adulti 1000 piese Pierre-Auguste Cot &#8211; Spring \/ Primavara"}]},{"@type":"WebSite","@id":"https:\/\/business.roovi.com\/ro\/#website","url":"https:\/\/business.roovi.com\/ro\/","name":"Roovi B2B","description":"Roovi Business Website","potentialAction":[{"@type":"SearchAction","target":{"@type":"EntryPoint","urlTemplate":"https:\/\/business.roovi.com\/ro\/?s={search_term_string}"},"query-input":"required name=search_term_string"}],"inLanguage":"ro-RO"}]}},"_links":{"self":[{"href":"https:\/\/business.roovi.com\/ro\/wp-json\/wp\/v2\/product\/17730","targetHints":{"allow":["GET"]}}],"collection":[{"href":"https:\/\/business.roovi.com\/ro\/wp-json\/wp\/v2\/product"}],"about":[{"href":"https:\/\/business.roovi.com\/ro\/wp-json\/wp\/v2\/types\/product"}],"version-history":[{"count":0,"href":"https:\/\/business.roovi.com\/ro\/wp-json\/wp\/v2\/product\/17730\/revisions"}],"wp:featuredmedia":[{"embeddable":true,"href":"https:\/\/business.roovi.com\/ro\/wp-json\/wp\/v2\/media\/63381"}],"wp:attachment":[{"href":"https:\/\/business.roovi.com\/ro\/wp-json\/wp\/v2\/media?parent=17730"}],"wp:term":[{"taxonomy":"product_brand","embeddable":true,"href":"https:\/\/business.roovi.com\/ro\/wp-json\/wp\/v2\/product_brand?post=17730"},{"taxonomy":"product_cat","embeddable":true,"href":"https:\/\/business.roovi.com\/ro\/wp-json\/wp\/v2\/product_cat?post=17730"},{"taxonomy":"product_tag","embeddable":true,"href":"https:\/\/business.roovi.com\/ro\/wp-json\/wp\/v2\/product_tag?post=17730"}],"curies":[{"name":"wp","href":"https:\/\/api.w.org\/{rel}","templated":true}]}}