{"id":17745,"date":"2018-04-16T10:56:17","date_gmt":"2018-04-16T10:56:17","guid":{"rendered":"https:\/\/business.roovi.com\/product\/puzzle-john-william-waterhouse-echo-and-narcissus-1000-piese\/"},"modified":"2023-03-20T21:41:11","modified_gmt":"2023-03-20T21:41:11","slug":"puzzle-adulti-1000-piese-john-william-waterhouse-echo-and-narcissus","status":"publish","type":"product","link":"https:\/\/business.roovi.com\/ro\/puzzle-adulti-1000-piese-john-william-waterhouse-echo-and-narcissus\/p\/","title":{"rendered":"Puzzle adulti 1000 piese John William Waterhouse &#8211; Echo and Narcissus"},"content":{"rendered":"<p><span style=\"font-weight: 400;\">Te sim\u021bi inspirat? Te provoc\u0103m s\u0103 faci puzzle 1000 de piese din cea mai mare colec\u021bie de puzzle-uri de art\u0103! Ai p\u00e2n\u0103 la 30 de ore de distrac\u021bie relaxant\u0103, iar la final, ob\u021bii o capodoper\u0103 de art\u0103 creat\u0103 cu m\u00e2inile tale!<\/span><\/p>\n<p><span style=\"font-weight: 400;\">Puzzle 1000 piese John William Waterhouse &#8211; Echo and Narcissus prezint\u0103 mitul lui Narcis care se \u00eendr\u0103goste\u0219te de propria imagine, mit redat sub forma unei picturi. Dac\u0103 te pasioneaz\u0103 temele mitologice \u0219i marile capodopere de art\u0103, acest tablou magnific te va fascina cu siguran\u021b\u0103. Iar provocarea de a-l reface va fi o experien\u021b\u0103 \u00eenc\u00e2nt\u0103toare.<\/span><\/p>\n<p><span style=\"font-weight: 400;\">Pentru asamblarea puzzle-ului de 1000 piese po\u021bi utiliza o m\u0103su\u021b\u0103 obi\u0219nuit\u0103 de cafea pentru suportul pieselor. Imaginea ref\u0103cut\u0103 are dimensiunile de 50 x 70 cm.<\/span><\/p>\n<p><span style=\"font-weight: 400;\">Caracteristici puzzle de art\u0103 John William Waterhouse &#8211; Echo and Narcissus<\/span><\/p>\n<p><strong>Material puzzle:\u00a0<\/strong><\/p>\n<p><strong>carton albastru de o calitate superioar\u0103<\/strong><\/p>\n<p><strong>materiale sustenabile, reciclabile<\/strong><\/p>\n<p><strong>finisaj semi-lucios, culori vii<\/strong><\/p>\n<p><strong>Num\u0103rul pieselor de puzzle: 1000<\/strong><\/p>\n<p><strong>V\u00e2rsta recomandat\u0103: 14+<\/strong><\/p>\n<p><strong>Jocurile puzzle te ajut\u0103 s\u0103 te eliberezi de stres<\/strong><\/p>\n<p><span style=\"font-weight: 400;\">Puzzle-urile pentru adul\u021bi au proprietatea uimitoare de a te relaxa \u0219i a te elibera de stres. S-a constatat c\u0103 \u00een timpul activit\u0103\u021bii de asamblare, creierul uman trece din starea &#8222;Beta&#8221; sau de a fi treaz, \u00een starea &#8222;Alfa&#8221; pe care o avem atunci c\u00e2nd vis\u0103m. De aceea, puzzle-urile te ajut\u0103 s\u0103:<\/span><\/p>\n<ul>\n<li><span style=\"font-weight: 400;\">Ai o stare de spirit mai bun\u0103<\/span><\/li>\n<li><span style=\"font-weight: 400;\">S\u0103 te deconectezi de la toate problemele cotidiene<\/span><\/li>\n<li><span style=\"font-weight: 400;\">S\u0103 ai o stare general\u0103 de s\u0103n\u0103tate \u00eembun\u0103t\u0103\u021bit\u0103.<\/span><\/li>\n<li><span style=\"font-weight: 400;\">S\u0103 fii mai calm \u0219i mai sigur pe tine.<\/span><\/li>\n<\/ul>\n<p><strong>Despre <\/strong><strong>John William Waterhouse \u0219tiai c\u0103?<\/strong><\/p>\n<ul>\n<li><span style=\"font-weight: 400;\">Provine dintr-o familie de arti\u0219ti, dar nu se cunoa\u0219te cu exactitate data na\u0219terii sale.<\/span><\/li>\n<li><span style=\"font-weight: 400;\">S-a n\u0103scut la Roma, iar \u00een copil\u0103rie era poreclit &#8222;Nino&#8221;.<\/span><\/li>\n<li><span style=\"font-weight: 400;\">A pictat ini\u021bial \u00een stil academic, dar ulterior a trecut la stilul prerafaeli\u021bilor.<\/span><\/li>\n<li><span style=\"font-weight: 400;\">A fost c\u0103s\u0103torit cu o pictori\u021b\u0103 \u00eempreun\u0103 cu care a avut dou\u0103 feti\u021be care au murit \u00een copil\u0103rie.<\/span><\/li>\n<li><span style=\"font-weight: 400;\">Este cunoscut, \u00een special pentru lucr\u0103rile sale ample cu subiecte din mitologia greac\u0103.<\/span><\/li>\n<\/ul>\n<p><strong>5 abilit\u0103\u021bi pe care le dezvol\u021bi cu ajutorul puzzle-urilor de art\u0103<\/strong><\/p>\n<p><strong>1. Sim\u021bul estetic<\/strong><span style=\"font-weight: 400;\"> &#8211; s\u0103 petreci p\u00e2n\u0103 la 30 de ore de relaxare \u00een compania unul puzzle de art\u0103, nu are cum s\u0103 nu-\u021bi duc\u0103 sim\u021bul coloristic la un nivel superior.<\/span><\/p>\n<p><strong>2. Imagina\u021bia <\/strong><span style=\"font-weight: 400;\">&#8211; S\u0103 refaci un puzzle de art\u0103 este un motiv nemaipomenit s\u0103 \u00ee\u021bi dezvol\u021bi imagina\u021bia. C\u00e2nd pui fiecare pies\u0103 la locul ei \u0219i imaginea \u00eencepe s\u0103 se contureze, deslu\u0219e\u0219ti misterul unei opere consacrate \u0219i \u00ee\u021bi creezi propria viziune asupra acestuia.<\/span><\/p>\n<p><strong>3. Perseveren\u021ba<\/strong><span style=\"font-weight: 400;\"> &#8211; chiar dac\u0103 uneori pare dificil s\u0103 refaci \u00eentreaga imagine, nu te dai b\u0103tut \u0219i lucrezi intens p\u00e2n\u0103 c\u00e2nd tabloul din puzzle 1000 piese e gata.<\/span><\/p>\n<p><strong>4. R\u0103bdarea<\/strong><span style=\"font-weight: 400;\"> &#8211; care te duce la o experien\u021b\u0103 de succes: tabloul din puzzle 1000 piese e gata, iar tu sim\u021bi o mare satisfac\u021bie pentru un lucru dus la bun sf\u00e2r\u0219it.<\/span><\/p>\n<p><strong>5. Abilit\u0103\u021bile de a reface puzzle de 1000 piese<\/strong><span style=\"font-weight: 400;\"> pe care \u021bi le po\u021bi etala \u00een sesiunile de puzzle cu prietenii.<\/span><\/p>\n<p><span style=\"font-weight: 400;\">Cump\u0103r\u0103 acum puzzle 1000 piese <\/span><span style=\"font-weight: 400;\">John William Waterhouse &#8211; Echo and Narcissus \u0219i las\u0103 culoarea s\u0103 \u00ee\u021bi dezv\u0103luie mitul grecesc al lui Narcis care se \u00eendr\u0103goste\u0219te de sine \u00eensu\u0219i ignor\u00e2nd senzualitatea frumoasei Echo. Pentru o experien\u021b\u0103 complet\u0103 de distrac\u021bie \u0219i relaxare, invit\u0103-\u021bi prietenii pe la tine \u0219i reconstitui\u021bi \u00eempreun\u0103 imaginea din acest fabulos puzzle de art\u0103.<\/span><\/p>\n<p><span style=\"font-weight: 400;\">E\u0219ti \u00een c\u0103utare de cadouri \u0219i \u00een pan\u0103 de idei? Puzzle <\/span><span style=\"font-weight: 400;\">1000 piese <\/span><span style=\"font-weight: 400;\">John William Waterhouse &#8211; Echo and Narcissus este solu\u021bia ideal\u0103 dac\u0103 vrei s\u0103 faci o surpriz\u0103 de neuitat prietenilor t\u0103i pasiona\u021bi de jocuri puzzle.<\/span><\/p>\n","protected":false},"excerpt":{"rendered":"<p>Te sim\u021bi inspirat? Te provoc\u0103m s\u0103 faci puzzle 1000 de piese din cea mai mare colec\u021bie de puzzle-uri de art\u0103!<\/p>\n","protected":false},"featured_media":63405,"template":"","meta":[],"product_brand":[],"product_cat":[1454,1488,1560],"product_tag":[],"class_list":{"0":"post-17745","1":"product","2":"type-product","3":"status-publish","4":"has-post-thumbnail","6":"product_cat-puzzle","7":"product_cat-puzzle-adulti","8":"product_cat-puzzle-adulti-1000","9":"pa_bax-1273","10":"pa_brand-d_toys","11":"pa_country_of_manufacture-ro","12":"pa_filter_age-1315","13":"pa_painter-johnwilliamwaterhouse","14":"pa_tip_ambalaj-cutie","15":"pa_tip_puzzle-clasic","17":"first","18":"instock","19":"taxable","20":"shipping-taxable","21":"product-type-simple"},"yoast_head":"<!-- This site is optimized with the Yoast SEO plugin v20.1 - https:\/\/yoast.com\/wordpress\/plugins\/seo\/ -->\n<title>Puzzle adulti 1000 piese John William Waterhouse - Echo and Narcissus - Roovi B2B<\/title>\n<meta name=\"robots\" content=\"index, follow, max-snippet:-1, max-image-preview:large, max-video-preview:-1\" \/>\n<link rel=\"canonical\" href=\"https:\/\/www.roovi.ro\/puzzle-adulti-1000-piese-john-william-waterhouse-echo-and-narcissus\/p\/\" \/>\n<meta property=\"og:locale\" content=\"ro_RO\" \/>\n<meta property=\"og:type\" content=\"article\" \/>\n<meta property=\"og:title\" content=\"Puzzle adulti 1000 piese John William Waterhouse - Echo and Narcissus - Roovi B2B\" \/>\n<meta property=\"og:description\" content=\"Te sim\u021bi inspirat? Te provoc\u0103m s\u0103 faci puzzle 1000 de piese din cea mai mare colec\u021bie de puzzle-uri de art\u0103!\" \/>\n<meta property=\"og:url\" content=\"https:\/\/www.roovi.ro\/puzzle-adulti-1000-piese-john-william-waterhouse-echo-and-narcissus\/p\/\" \/>\n<meta property=\"og:site_name\" content=\"Roovi B2B\" \/>\n<meta property=\"article:publisher\" content=\"https:\/\/www.facebook.com\/wwwjucariero\" \/>\n<meta property=\"article:modified_time\" content=\"2023-03-20T21:41:11+00:00\" \/>\n<meta property=\"og:image\" content=\"https:\/\/business.roovi.com\/wp-content\/uploads\/2018\/04\/72757-WA-02-WEB.jpg\" \/>\n\t<meta property=\"og:image:width\" content=\"1200\" \/>\n\t<meta property=\"og:image:height\" content=\"1200\" \/>\n\t<meta property=\"og:image:type\" content=\"image\/jpeg\" \/>\n<meta name=\"twitter:label1\" content=\"Timp estimat pentru citire\" \/>\n\t<meta name=\"twitter:data1\" content=\"4 minute\" \/>\n<script type=\"application\/ld+json\" class=\"yoast-schema-graph\">{\"@context\":\"https:\/\/schema.org\",\"@graph\":[{\"@type\":\"WebPage\",\"@id\":\"https:\/\/business.roovi.com\/ro\/puzzle-adulti-1000-piese-john-william-waterhouse-echo-and-narcissus\/p\/\",\"url\":\"https:\/\/www.roovi.ro\/puzzle-adulti-1000-piese-john-william-waterhouse-echo-and-narcissus\/p\/\",\"name\":\"Puzzle adulti 1000 piese John William Waterhouse - Echo and Narcissus - Roovi B2B\",\"isPartOf\":{\"@id\":\"https:\/\/business.roovi.com\/ro\/#website\"},\"datePublished\":\"2018-04-16T10:56:17+00:00\",\"dateModified\":\"2023-03-20T21:41:11+00:00\",\"breadcrumb\":{\"@id\":\"https:\/\/www.roovi.ro\/puzzle-adulti-1000-piese-john-william-waterhouse-echo-and-narcissus\/p\/#breadcrumb\"},\"inLanguage\":\"ro-RO\",\"potentialAction\":[{\"@type\":\"ReadAction\",\"target\":[\"https:\/\/www.roovi.ro\/puzzle-adulti-1000-piese-john-william-waterhouse-echo-and-narcissus\/p\/\"]}]},{\"@type\":\"BreadcrumbList\",\"@id\":\"https:\/\/www.roovi.ro\/puzzle-adulti-1000-piese-john-william-waterhouse-echo-and-narcissus\/p\/#breadcrumb\",\"itemListElement\":[{\"@type\":\"ListItem\",\"position\":1,\"name\":\"Home\",\"item\":\"https:\/\/business.roovi.com\/ro\/\"},{\"@type\":\"ListItem\",\"position\":2,\"name\":\"Magazin\",\"item\":\"https:\/\/business.roovi.com\/ro\/magazin\/\"},{\"@type\":\"ListItem\",\"position\":3,\"name\":\"Puzzle adulti 1000 piese John William Waterhouse &#8211; Echo and Narcissus\"}]},{\"@type\":\"WebSite\",\"@id\":\"https:\/\/business.roovi.com\/ro\/#website\",\"url\":\"https:\/\/business.roovi.com\/ro\/\",\"name\":\"Roovi B2B\",\"description\":\"Roovi Business Website\",\"potentialAction\":[{\"@type\":\"SearchAction\",\"target\":{\"@type\":\"EntryPoint\",\"urlTemplate\":\"https:\/\/business.roovi.com\/ro\/?s={search_term_string}\"},\"query-input\":\"required name=search_term_string\"}],\"inLanguage\":\"ro-RO\"}]}<\/script>\n<!-- \/ Yoast SEO plugin. -->","yoast_head_json":{"title":"Puzzle adulti 1000 piese John William Waterhouse - Echo and Narcissus - Roovi B2B","robots":{"index":"index","follow":"follow","max-snippet":"max-snippet:-1","max-image-preview":"max-image-preview:large","max-video-preview":"max-video-preview:-1"},"canonical":"https:\/\/www.roovi.ro\/puzzle-adulti-1000-piese-john-william-waterhouse-echo-and-narcissus\/p\/","og_locale":"ro_RO","og_type":"article","og_title":"Puzzle adulti 1000 piese John William Waterhouse - Echo and Narcissus - Roovi B2B","og_description":"Te sim\u021bi inspirat? Te provoc\u0103m s\u0103 faci puzzle 1000 de piese din cea mai mare colec\u021bie de puzzle-uri de art\u0103!","og_url":"https:\/\/www.roovi.ro\/puzzle-adulti-1000-piese-john-william-waterhouse-echo-and-narcissus\/p\/","og_site_name":"Roovi B2B","article_publisher":"https:\/\/www.facebook.com\/wwwjucariero","article_modified_time":"2023-03-20T21:41:11+00:00","og_image":[{"width":1200,"height":1200,"url":"https:\/\/business.roovi.com\/wp-content\/uploads\/2018\/04\/72757-WA-02-WEB.jpg","type":"image\/jpeg"}],"twitter_misc":{"Timp estimat pentru citire":"4 minute"},"schema":{"@context":"https:\/\/schema.org","@graph":[{"@type":"WebPage","@id":"https:\/\/business.roovi.com\/ro\/puzzle-adulti-1000-piese-john-william-waterhouse-echo-and-narcissus\/p\/","url":"https:\/\/www.roovi.ro\/puzzle-adulti-1000-piese-john-william-waterhouse-echo-and-narcissus\/p\/","name":"Puzzle adulti 1000 piese John William Waterhouse - Echo and Narcissus - Roovi B2B","isPartOf":{"@id":"https:\/\/business.roovi.com\/ro\/#website"},"datePublished":"2018-04-16T10:56:17+00:00","dateModified":"2023-03-20T21:41:11+00:00","breadcrumb":{"@id":"https:\/\/www.roovi.ro\/puzzle-adulti-1000-piese-john-william-waterhouse-echo-and-narcissus\/p\/#breadcrumb"},"inLanguage":"ro-RO","potentialAction":[{"@type":"ReadAction","target":["https:\/\/www.roovi.ro\/puzzle-adulti-1000-piese-john-william-waterhouse-echo-and-narcissus\/p\/"]}]},{"@type":"BreadcrumbList","@id":"https:\/\/www.roovi.ro\/puzzle-adulti-1000-piese-john-william-waterhouse-echo-and-narcissus\/p\/#breadcrumb","itemListElement":[{"@type":"ListItem","position":1,"name":"Home","item":"https:\/\/business.roovi.com\/ro\/"},{"@type":"ListItem","position":2,"name":"Magazin","item":"https:\/\/business.roovi.com\/ro\/magazin\/"},{"@type":"ListItem","position":3,"name":"Puzzle adulti 1000 piese John William Waterhouse &#8211; Echo and Narcissus"}]},{"@type":"WebSite","@id":"https:\/\/business.roovi.com\/ro\/#website","url":"https:\/\/business.roovi.com\/ro\/","name":"Roovi B2B","description":"Roovi Business Website","potentialAction":[{"@type":"SearchAction","target":{"@type":"EntryPoint","urlTemplate":"https:\/\/business.roovi.com\/ro\/?s={search_term_string}"},"query-input":"required name=search_term_string"}],"inLanguage":"ro-RO"}]}},"_links":{"self":[{"href":"https:\/\/business.roovi.com\/ro\/wp-json\/wp\/v2\/product\/17745","targetHints":{"allow":["GET"]}}],"collection":[{"href":"https:\/\/business.roovi.com\/ro\/wp-json\/wp\/v2\/product"}],"about":[{"href":"https:\/\/business.roovi.com\/ro\/wp-json\/wp\/v2\/types\/product"}],"version-history":[{"count":0,"href":"https:\/\/business.roovi.com\/ro\/wp-json\/wp\/v2\/product\/17745\/revisions"}],"wp:featuredmedia":[{"embeddable":true,"href":"https:\/\/business.roovi.com\/ro\/wp-json\/wp\/v2\/media\/63405"}],"wp:attachment":[{"href":"https:\/\/business.roovi.com\/ro\/wp-json\/wp\/v2\/media?parent=17745"}],"wp:term":[{"taxonomy":"product_brand","embeddable":true,"href":"https:\/\/business.roovi.com\/ro\/wp-json\/wp\/v2\/product_brand?post=17745"},{"taxonomy":"product_cat","embeddable":true,"href":"https:\/\/business.roovi.com\/ro\/wp-json\/wp\/v2\/product_cat?post=17745"},{"taxonomy":"product_tag","embeddable":true,"href":"https:\/\/business.roovi.com\/ro\/wp-json\/wp\/v2\/product_tag?post=17745"}],"curies":[{"name":"wp","href":"https:\/\/api.w.org\/{rel}","templated":true}]}}