{"id":17760,"date":"2018-04-16T10:56:17","date_gmt":"2018-04-16T10:56:17","guid":{"rendered":"https:\/\/business.roovi.com\/product\/puzzle-john-william-waterhouse-lamia-1000-piese\/"},"modified":"2025-03-17T11:10:27","modified_gmt":"2025-03-17T11:10:27","slug":"puzzle-adulti-1000-piese-john-william-waterhouse-lamia","status":"publish","type":"product","link":"https:\/\/business.roovi.com\/ro\/puzzle-adulti-1000-piese-john-william-waterhouse-lamia\/p\/","title":{"rendered":"Puzzle adulti 1000 piese John William Waterhouse &#8211; Lamia"},"content":{"rendered":"<p><span style=\"font-weight: 400;\">Vrei s\u0103 intri \u00een pielea unui veritabil detectiv? Cu puzzle 1000 piese din colec\u021bia puzzle de art\u0103 descoperi cele mai tainice mistere ale picturilor celebre. Accept\u0103 provocarea \u0219i tr\u0103ie\u0219te o experien\u021b\u0103 relaxant\u0103 \u0219i distractiv\u0103 de neuitat \u00een compania jocurilor puzzle.<\/span><\/p>\n<p><span style=\"font-weight: 400;\">Pe unii pictori i-au fascinat misterele din poemele antice \u0219i au zugr\u0103vit \u00een culoare scenele memorabile din acestea. Puzzle 1000 piese John William Waterhouse &#8211; Lamia este un astfel de exemplu. Waterhouse a pictat adesea subiecte greco-romane. <\/span><em><span style=\"font-weight: 400;\">Lamia<\/span><\/em><span style=\"font-weight: 400;\"> este inspirat din poemul lui John Keats din 1820.<\/span><\/p>\n<p><span style=\"font-weight: 400;\">Reg\u0103se\u0219te \u00eentr-un puzzle de 1000 piese scena \u00een care un t\u00e2n\u0103r cavaler se \u00eendr\u0103goste\u0219te profund de o preafrumoas\u0103 fat\u0103 care, de fapt este un \u0219arpe monstruos ce se metamorfozeaz\u0103 \u00een form\u0103 uman\u0103 pentru a prinde \u00een mrejele sale tinerii naivi.<\/span><\/p>\n<p><span style=\"font-weight: 400;\">Te va surprinde privirea intens\u0103 a cavalerului pierdut \u00een farmecul fiin\u021bei iubite. Singurul indiciu care tr\u0103deaz\u0103 identitatea monstrului este pielea str\u0103lucitoare de \u0219arpe din jurul fetei. Ref\u0103 imaginea din acest poem-tablou \u0219i bucur\u0103-te de o oper\u0103 de art\u0103 cu \u00een\u021belesuri ascunse.<\/span><\/p>\n<p><span style=\"font-weight: 400;\">Cite\u0219te mai jos mai multe detalii despre acest puzzle de art\u0103:<\/span><\/p>\n<p><strong>Material puzzle:\u00a0<\/strong><\/p>\n<p><strong>carton albastru de o calitate superioar\u0103<\/strong><\/p>\n<p><strong>materiale sustenabile, reciclabile<\/strong><\/p>\n<p><strong>finisaj semi-lucios, culori vii<\/strong><\/p>\n<p><strong>Num\u0103rul pieselor de puzzle: 1000<\/strong><\/p>\n<p><strong>V\u00e2rsta recomandat\u0103: 14+<\/strong><\/p>\n<p><strong>Puzzle de art\u0103 John William Waterhouse &#8211; Lamia te relaxeaz\u0103 \u0219i te delecteaz\u0103<\/strong><\/p>\n<p><span style=\"font-weight: 400;\">S\u0103 refaci imaginea uimitoare dintr-un puzzle de art\u0103 este o delectare pentru toate sim\u021burile. \u00cen plus, ai parte de multe avantaje:<\/span><\/p>\n<ul>\n<li><span style=\"font-weight: 400;\">\u00ce\u021bi dezvol\u021bi aten\u021bia la detalii.<\/span><\/li>\n<li><span style=\"font-weight: 400;\">\u00ce\u021bi dezvol\u021bi g\u00e2ndirea logic\u0103 prin asocierea pieselor asem\u0103n\u0103toare.<\/span><\/li>\n<li><span style=\"font-weight: 400;\">\u00ce\u021bi \u00eembog\u0103\u021be\u0219ti imagina\u021bia\u00a0<\/span><\/li>\n<li><span style=\"font-weight: 400;\">\u00ce\u021bi antrenezi r\u0103bdarea \u0219i perseveren\u021ba.<\/span><\/li>\n<li><span style=\"font-weight: 400;\">\u00cenve\u021bi s\u0103 nu renun\u021bi \u00een situa\u021biile \u00een care \u021bi se pare c\u0103 nu g\u0103se\u0219ti solu\u021bii.<\/span><\/li>\n<\/ul>\n<p><strong>6 informa\u021bii despre John William Waterhouse<\/strong><\/p>\n<ul>\n<li><span style=\"font-weight: 400;\">Pictor englez n\u0103scut \u00een Italia, renumit pentru picturile sale \u00een stil prerafaelit.<\/span><\/li>\n<li><span style=\"font-weight: 400;\">A tr\u0103it o via\u021b\u0103 simpl\u0103 \u0219i lini\u0219tit\u0103, extrem de discret\u0103. Nu se cunosc multe informa\u021bii despre via\u021ba sa.<\/span><\/li>\n<li><span style=\"font-weight: 400;\">Prietenii \u0219i familia \u00eei spuneau Nino.<\/span><\/li>\n<li><span style=\"font-weight: 400;\">A adoptat un stil unic de pictur\u0103 portretiz\u00e2nd scene clasice \u0219i mitice.<\/span><\/li>\n<li><span style=\"font-weight: 400;\">Pasionat de frumuse\u021bea natural\u0103 \u0219i de figurile feminine frumoase \u0219i puternice, a pictat numeroase portrete ale femeilor celebre din epoc\u0103.<\/span><\/li>\n<li><span style=\"font-weight: 400;\">A murit de cancer l\u0103s\u00e2nd neterminat\u0103 seria <\/span><em><span style=\"font-weight: 400;\">Ophelia, <\/span><\/em><span style=\"font-weight: 400;\">o tem\u0103 la care a lucrat intens.<\/span><em><span style=\"font-weight: 400;\">\u00a0<\/span><\/em><\/li>\n<\/ul>\n<p><strong>Ob\u021bine un obiect decorativ deosebit din puzzle de art\u0103 <\/strong><strong>John William Waterhouse &#8211; Lamia<\/strong><\/p>\n<p><span style=\"font-weight: 400;\">S\u0103 refaci o imagine frumoas\u0103 nu este doar o activitate relaxant\u0103, ci \u0219i o modalitate de intrare \u00eentr-o lume plin\u0103 de lini\u0219te. \u00ce\u021bi aduce \u0219i satisfac\u021bia c\u0103 ai creat cu m\u00e2inile tale o capodoper\u0103 de art\u0103 pe care o vei putea admira oric\u00e2nd \u0219i cu care \u00ee\u021bi vei decora camera preferat\u0103.\u00a0<\/span><\/p>\n<p><span style=\"font-weight: 400;\">Bucur\u0103-te de toate beneficiile pe care \u021bi le aduce un puzzle de art\u0103 cump\u0103r\u00e2nd acest minunat puzzle 1000 piese <\/span><span style=\"font-weight: 400;\">John William Waterhouse &#8211; Lamia<\/span><span style=\"font-weight: 400;\">.\u00a0<\/span><\/p>\n<p><span style=\"font-weight: 400;\">\u00cembog\u0103\u021be\u0219te-\u021bi colec\u021bia cu tablouri din puzzle 1000 de piese sau ofer\u0103 drept cadou acest minunat joc puzzle.<\/span><\/p>\n","protected":false},"excerpt":{"rendered":"<p>Vrei s\u0103 intri \u00een pielea unui veritabil detectiv? Cu puzzle 1000 piese din colec\u021bia puzzle de art\u0103 descoperi cele mai<\/p>\n","protected":false},"featured_media":63393,"template":"","meta":[],"product_brand":[],"product_cat":[1454,1488,1560],"product_tag":[],"class_list":{"0":"post-17760","1":"product","2":"type-product","3":"status-publish","4":"has-post-thumbnail","6":"product_cat-puzzle","7":"product_cat-puzzle-adulti","8":"product_cat-puzzle-adulti-1000","9":"pa_bax-1273","10":"pa_brand-d_toys","11":"pa_country_of_manufacture-ro","12":"pa_filter_age-1315","13":"pa_painter-johnwilliamwaterhouse","14":"pa_tip_ambalaj-cutie","15":"pa_tip_puzzle-clasic","17":"first","18":"onbackorder","19":"taxable","20":"shipping-taxable","21":"product-type-simple"},"yoast_head":"<!-- This site is optimized with the Yoast SEO plugin v20.1 - https:\/\/yoast.com\/wordpress\/plugins\/seo\/ -->\n<title>Puzzle adulti 1000 piese John William Waterhouse - Lamia - Roovi B2B<\/title>\n<meta name=\"robots\" content=\"index, follow, max-snippet:-1, max-image-preview:large, max-video-preview:-1\" \/>\n<link rel=\"canonical\" href=\"https:\/\/www.roovi.ro\/puzzle-adulti-1000-piese-john-william-waterhouse-lamia\/p\/\" \/>\n<meta property=\"og:locale\" content=\"ro_RO\" \/>\n<meta property=\"og:type\" content=\"article\" \/>\n<meta property=\"og:title\" content=\"Puzzle adulti 1000 piese John William Waterhouse - Lamia - Roovi B2B\" \/>\n<meta property=\"og:description\" content=\"Vrei s\u0103 intri \u00een pielea unui veritabil detectiv? Cu puzzle 1000 piese din colec\u021bia puzzle de art\u0103 descoperi cele mai\" \/>\n<meta property=\"og:url\" content=\"https:\/\/www.roovi.ro\/puzzle-adulti-1000-piese-john-william-waterhouse-lamia\/p\/\" \/>\n<meta property=\"og:site_name\" content=\"Roovi B2B\" \/>\n<meta property=\"article:publisher\" content=\"https:\/\/www.facebook.com\/wwwjucariero\" \/>\n<meta property=\"article:modified_time\" content=\"2025-03-17T11:10:27+00:00\" \/>\n<meta property=\"og:image\" content=\"https:\/\/business.roovi.com\/wp-content\/uploads\/2018\/04\/72757-WA-03-WEB.jpg\" \/>\n\t<meta property=\"og:image:width\" content=\"1200\" \/>\n\t<meta property=\"og:image:height\" content=\"1200\" \/>\n\t<meta property=\"og:image:type\" content=\"image\/jpeg\" \/>\n<meta name=\"twitter:label1\" content=\"Timp estimat pentru citire\" \/>\n\t<meta name=\"twitter:data1\" content=\"3 minute\" \/>\n<script type=\"application\/ld+json\" class=\"yoast-schema-graph\">{\"@context\":\"https:\/\/schema.org\",\"@graph\":[{\"@type\":\"WebPage\",\"@id\":\"https:\/\/business.roovi.com\/ro\/puzzle-adulti-1000-piese-john-william-waterhouse-lamia\/p\/\",\"url\":\"https:\/\/www.roovi.ro\/puzzle-adulti-1000-piese-john-william-waterhouse-lamia\/p\/\",\"name\":\"Puzzle adulti 1000 piese John William Waterhouse - Lamia - Roovi B2B\",\"isPartOf\":{\"@id\":\"https:\/\/business.roovi.com\/ro\/#website\"},\"datePublished\":\"2018-04-16T10:56:17+00:00\",\"dateModified\":\"2025-03-17T11:10:27+00:00\",\"breadcrumb\":{\"@id\":\"https:\/\/www.roovi.ro\/puzzle-adulti-1000-piese-john-william-waterhouse-lamia\/p\/#breadcrumb\"},\"inLanguage\":\"ro-RO\",\"potentialAction\":[{\"@type\":\"ReadAction\",\"target\":[\"https:\/\/www.roovi.ro\/puzzle-adulti-1000-piese-john-william-waterhouse-lamia\/p\/\"]}]},{\"@type\":\"BreadcrumbList\",\"@id\":\"https:\/\/www.roovi.ro\/puzzle-adulti-1000-piese-john-william-waterhouse-lamia\/p\/#breadcrumb\",\"itemListElement\":[{\"@type\":\"ListItem\",\"position\":1,\"name\":\"Home\",\"item\":\"https:\/\/business.roovi.com\/ro\/\"},{\"@type\":\"ListItem\",\"position\":2,\"name\":\"Magazin\",\"item\":\"https:\/\/business.roovi.com\/ro\/magazin\/\"},{\"@type\":\"ListItem\",\"position\":3,\"name\":\"Puzzle adulti 1000 piese John William Waterhouse &#8211; Lamia\"}]},{\"@type\":\"WebSite\",\"@id\":\"https:\/\/business.roovi.com\/ro\/#website\",\"url\":\"https:\/\/business.roovi.com\/ro\/\",\"name\":\"Roovi B2B\",\"description\":\"Roovi Business Website\",\"potentialAction\":[{\"@type\":\"SearchAction\",\"target\":{\"@type\":\"EntryPoint\",\"urlTemplate\":\"https:\/\/business.roovi.com\/ro\/?s={search_term_string}\"},\"query-input\":\"required name=search_term_string\"}],\"inLanguage\":\"ro-RO\"}]}<\/script>\n<!-- \/ Yoast SEO plugin. -->","yoast_head_json":{"title":"Puzzle adulti 1000 piese John William Waterhouse - Lamia - Roovi B2B","robots":{"index":"index","follow":"follow","max-snippet":"max-snippet:-1","max-image-preview":"max-image-preview:large","max-video-preview":"max-video-preview:-1"},"canonical":"https:\/\/www.roovi.ro\/puzzle-adulti-1000-piese-john-william-waterhouse-lamia\/p\/","og_locale":"ro_RO","og_type":"article","og_title":"Puzzle adulti 1000 piese John William Waterhouse - Lamia - Roovi B2B","og_description":"Vrei s\u0103 intri \u00een pielea unui veritabil detectiv? Cu puzzle 1000 piese din colec\u021bia puzzle de art\u0103 descoperi cele mai","og_url":"https:\/\/www.roovi.ro\/puzzle-adulti-1000-piese-john-william-waterhouse-lamia\/p\/","og_site_name":"Roovi B2B","article_publisher":"https:\/\/www.facebook.com\/wwwjucariero","article_modified_time":"2025-03-17T11:10:27+00:00","og_image":[{"width":1200,"height":1200,"url":"https:\/\/business.roovi.com\/wp-content\/uploads\/2018\/04\/72757-WA-03-WEB.jpg","type":"image\/jpeg"}],"twitter_misc":{"Timp estimat pentru citire":"3 minute"},"schema":{"@context":"https:\/\/schema.org","@graph":[{"@type":"WebPage","@id":"https:\/\/business.roovi.com\/ro\/puzzle-adulti-1000-piese-john-william-waterhouse-lamia\/p\/","url":"https:\/\/www.roovi.ro\/puzzle-adulti-1000-piese-john-william-waterhouse-lamia\/p\/","name":"Puzzle adulti 1000 piese John William Waterhouse - Lamia - Roovi B2B","isPartOf":{"@id":"https:\/\/business.roovi.com\/ro\/#website"},"datePublished":"2018-04-16T10:56:17+00:00","dateModified":"2025-03-17T11:10:27+00:00","breadcrumb":{"@id":"https:\/\/www.roovi.ro\/puzzle-adulti-1000-piese-john-william-waterhouse-lamia\/p\/#breadcrumb"},"inLanguage":"ro-RO","potentialAction":[{"@type":"ReadAction","target":["https:\/\/www.roovi.ro\/puzzle-adulti-1000-piese-john-william-waterhouse-lamia\/p\/"]}]},{"@type":"BreadcrumbList","@id":"https:\/\/www.roovi.ro\/puzzle-adulti-1000-piese-john-william-waterhouse-lamia\/p\/#breadcrumb","itemListElement":[{"@type":"ListItem","position":1,"name":"Home","item":"https:\/\/business.roovi.com\/ro\/"},{"@type":"ListItem","position":2,"name":"Magazin","item":"https:\/\/business.roovi.com\/ro\/magazin\/"},{"@type":"ListItem","position":3,"name":"Puzzle adulti 1000 piese John William Waterhouse &#8211; Lamia"}]},{"@type":"WebSite","@id":"https:\/\/business.roovi.com\/ro\/#website","url":"https:\/\/business.roovi.com\/ro\/","name":"Roovi B2B","description":"Roovi Business Website","potentialAction":[{"@type":"SearchAction","target":{"@type":"EntryPoint","urlTemplate":"https:\/\/business.roovi.com\/ro\/?s={search_term_string}"},"query-input":"required name=search_term_string"}],"inLanguage":"ro-RO"}]}},"_links":{"self":[{"href":"https:\/\/business.roovi.com\/ro\/wp-json\/wp\/v2\/product\/17760","targetHints":{"allow":["GET"]}}],"collection":[{"href":"https:\/\/business.roovi.com\/ro\/wp-json\/wp\/v2\/product"}],"about":[{"href":"https:\/\/business.roovi.com\/ro\/wp-json\/wp\/v2\/types\/product"}],"version-history":[{"count":0,"href":"https:\/\/business.roovi.com\/ro\/wp-json\/wp\/v2\/product\/17760\/revisions"}],"wp:featuredmedia":[{"embeddable":true,"href":"https:\/\/business.roovi.com\/ro\/wp-json\/wp\/v2\/media\/63393"}],"wp:attachment":[{"href":"https:\/\/business.roovi.com\/ro\/wp-json\/wp\/v2\/media?parent=17760"}],"wp:term":[{"taxonomy":"product_brand","embeddable":true,"href":"https:\/\/business.roovi.com\/ro\/wp-json\/wp\/v2\/product_brand?post=17760"},{"taxonomy":"product_cat","embeddable":true,"href":"https:\/\/business.roovi.com\/ro\/wp-json\/wp\/v2\/product_cat?post=17760"},{"taxonomy":"product_tag","embeddable":true,"href":"https:\/\/business.roovi.com\/ro\/wp-json\/wp\/v2\/product_tag?post=17760"}],"curies":[{"name":"wp","href":"https:\/\/api.w.org\/{rel}","templated":true}]}}