{"id":17785,"date":"2018-04-16T10:56:17","date_gmt":"2018-04-16T10:56:17","guid":{"rendered":"https:\/\/business.roovi.com\/product\/puzzle-james-tissot-a-convalescent-1000-piese\/"},"modified":"2023-03-20T21:40:56","modified_gmt":"2023-03-20T21:40:56","slug":"puzzle-adulti-1000-piese-james-tissot-a-convalescent","status":"publish","type":"product","link":"https:\/\/business.roovi.com\/ro\/puzzle-adulti-1000-piese-james-tissot-a-convalescent\/p\/","title":{"rendered":"Puzzle adul\u021bi 1000 piese James Tissot &#8211; A Convalescent"},"content":{"rendered":"<p><span style=\"font-weight: 400;\">Te-ai \u00eentrebat vreodat\u0103 ce-i inspir\u0103 pe arti\u0219ti s\u0103 creeze \u00een stilul lor unic \u0219i ce anume i-a f\u0103cut s\u0103 abordeze un anumit curent al artei?<\/span><\/p>\n<p><span style=\"font-weight: 400;\">Dac\u0103 e\u0219ti pasionat de art\u0103\u00a0 sau doar \u00ee\u021bi dore\u0219ti o provocare pe m\u0103sura unui \u00eemp\u0103timit al jocului de puzzle, atunci un puzzle 1000 piese ce \u00eenf\u0103\u021bi\u0219eaz\u0103 tabloul pictat de James Tissot, A Convalescent, poate fi alegerea potrivit\u0103.\u00a0<\/span><\/p>\n<p><span style=\"font-weight: 400;\">Acest puzzle art\u0103 \u00eenf\u0103\u021bi\u0219eaz\u0103 una dintre picturile lui James Tissot din perioada \u00een care a locuit \u00een Anglia, ca refugiat politic \u00een urma r\u0103zboiului franco-prusac. O perioad\u0103 prolific\u0103, \u00een care a creat numeroase picturi \u00een ulei pe p\u00e2nz\u0103, surprinz\u00e2ndu-\u0219i admiratorii prin instantaneele realistice cu care \u00eenf\u0103\u021bi\u0219a via\u021ba fastuoas\u0103 a nobilimii britanice din epoca Victorian\u0103.<\/span><\/p>\n<p><span style=\"font-weight: 400;\">Scenele pline de detalii impresioneaz\u0103 mai degrab\u0103 prin acurate\u021bea cu care reu\u0219e\u0219te s\u0103 le surprind\u0103, ca \u00eentr-o fotografie, chiar \u0219i \u00een lipsa unei palete cromatice ofertante, cum este acest peisaj tomnatic \u00een culori fade.\u00a0<\/span><\/p>\n<p><span style=\"font-weight: 400;\">Tabloul A Convalescent a fost pictat \u00een anul 1876, perioad\u0103 \u00een care Tissot \u00ee\u0219i \u00eent\u00e2lne\u0219te iubita sa muz\u0103, pe Kathleen Newton, care \u00eei devine \u0219i partener\u0103 de via\u021b\u0103 \u0219i al\u0103turi de care se retrage din via\u021ba monden\u0103 somptuoas\u0103, form\u00e2ndu-\u0219i un cerc restr\u00e2ns de apropia\u021bi.\u00a0\u00a0\u00a0\u00a0<\/span><\/p>\n<p><span style=\"font-weight: 400;\">La fel ca majoritatea tablourilor \u00een care \u00eenf\u0103\u021bi\u0219eaz\u0103, p\u00e2n\u0103 la cel mai mic detaliu, scene din via\u021ba aristocra\u021bilor, \u0219i \u00een acest puzzle pictur\u0103 po\u021bi observa fine\u021bea detaliilor, pe m\u0103sur\u0103 ce reconstruie\u0219ti pies\u0103 cu pies\u0103 \u00eentreaga imagine. De la expresiile fe\u021bei, p\u00e2n\u0103 la postur\u0103 \u0219i gesturi, fiecare aspect este minu\u021bios reprodus pentru a reflecta realitatea.\u00a0<\/span><\/p>\n<h3><span style=\"font-size: 18px;\"><strong>De ce s\u0103 alegi un puzzle adul\u021bi 1000 piese James Tissot<\/strong><\/span><\/h3>\n<ul>\n<li><span style=\"font-weight: 400;\">Vei ob\u021bine un tablou cu detalii impresionante, reprezent\u00e2nd lucrarea A Convalescent, semnat\u0103 de James Tissot<\/span><\/li>\n<li><span style=\"font-weight: 400;\">Dimensiune puzzle art\u0103 50 x 70 cm<\/span><\/li>\n<li><span style=\"font-weight: 400;\">Piese realizate din carton de calitate superioar\u0103, rezistent la multiple utiliz\u0103ri<\/span><\/li>\n<li><span style=\"font-weight: 400;\">Este realizat din materiale sustenabile \u0219i reciclabile<\/span><\/li>\n<li><span style=\"font-weight: 400;\">Finisajul este semi lucios, iar culorile sunt vii \u0219i vibrante<\/span><\/li>\n<li><span style=\"font-weight: 400;\">Potrivit de la 14 ani &#8211; o ocazie excelent\u0103 de a-i introduce pe adolescen\u021bi \u00een lumea fascinant\u0103 a artei<\/span><\/li>\n<\/ul>\n<p><span style=\"font-weight: 400;\">Asamblarea unui puzzle art\u0103 are foarte multe beneficii ce se reflect\u0103 pe mai multe planuri:<\/span><\/p>\n<ul>\n<li><span style=\"font-weight: 400;\">\u00ce\u021bi cultivi r\u0103bdarea\u00a0<\/span><\/li>\n<li><span style=\"font-weight: 400;\">\u00ce\u021bi dezvol\u021bi aten\u021bia la detalii<\/span><\/li>\n<li><span style=\"font-weight: 400;\">Iti antrenezi \u00eendem\u00e2narea\u00a0<\/span><\/li>\n<li><span style=\"font-weight: 400;\">Este o activitate relaxant\u0103<\/span><\/li>\n<li><span style=\"font-weight: 400;\">Poate fi un bun prilej de a petrece timp de calitate al\u0103turi de prieteni \u0219i familie<\/span><\/li>\n<li><span style=\"font-weight: 400;\">Te ajuta s\u0103 r\u0103m\u00e2i concentrat pentru mai mult timp\u00a0<\/span><\/li>\n<\/ul>\n<h3><span style=\"font-size: 18px;\"><strong>\u0218tiai c\u0103\u2026?<\/strong><\/span><\/h3>\n<p><span style=\"font-weight: 400;\">Pictura A Convalescent este una dintre ultimele picturi ale lui Tissot \u00een care nu a avut-o ca muz\u0103 pe Kathleen Newton, pe care a pictat-o pentru prima dat\u0103 spre finele anului 1876, inspir\u00e2ndu-l \u00een aproape toate crea\u021biile ce au urmat.\u00a0<\/span><\/p>\n<p><span style=\"font-weight: 400;\">Dup\u0103 moartea muzei sale, \u00een 1882, James Tissot a devenit foarte interesat de spiritualism &#8211; \u00eencerc\u00e2nd chiar s\u0103 ia leg\u0103tura cu spiritul iubitei sale, interes ce s-a reflectat \u0219i \u00een crea\u021biile lui ulterioare.\u00a0<\/span><\/p>\n<p><span style=\"font-weight: 400;\">Astfel, crea\u021biile \u00eenf\u0103\u021bi\u0219eaz\u0103 tot mai mult scene religioase, \u00eenlocuind imaginile doamnelor din \u00eenalta societate. Un exemplu gr\u0103itor, \u00eenc\u0103rcat de profund\u0103 emo\u021bie, este lucrarea sa Ce a v\u0103zut M\u00e2ntuitorul de pe cruce \/ What our Saviour saw from the Cross, \u00een care transpune cu m\u0103iestrie propria durere pe chipul personajelor.<\/span><\/p>\n<p><span style=\"font-weight: 400;\">Dar pentru ca operele sale s\u0103 r\u0103m\u00e2n\u0103 c\u00e2t mai fidele realit\u0103\u021bii, James Tissot las\u0103 \u00een urm\u0103 Anglia \u0219i c\u0103l\u0103tore\u0219te \u00een Orientul Mijlociu, pentru a studia \u0219i a putea reproduce c\u00e2t mai fidel tr\u0103s\u0103turile specifice ale oamenilor locului.<\/span><\/p>\n<p><span style=\"font-size: 18px;\"><strong>Puzzle adul\u021bi A Convalescent, prilej de relaxare \u00eentre prieteni<\/strong><\/span><\/p>\n<p><span style=\"font-weight: 400;\">Pentru acele seri de iarn\u0103 \u00een care soarele se ascunde tot mai devreme, iar frigul nu te mai las\u0103 s\u0103 faci plimb\u0103ri lungi \u00een natur\u0103, un puzzle 1000 piese este o solu\u021bie perfect\u0103 s\u0103 te relaxezi \u0219i s\u0103 te distrezi \u00een voie, al\u0103turi de prieteni.\u00a0<\/span><\/p>\n<p><span style=\"font-weight: 400;\">\u00cemp\u0103r\u021bi\u021bi \u00eempreun\u0103 piesele pe culori, \u00eembina\u021bi separat c\u00e2te o zon\u0103 a acestui puzzle art\u0103 ce \u00eenf\u0103\u021bi\u0219eaz\u0103 tabloul A Convalescent, semnat de James Tissot, \u0219i savura\u021bi bucuria ultimei piese ce \u00eentrege\u0219te imaginea complet\u0103.\u00a0<\/span><\/p>\n<p><span style=\"font-weight: 400;\">Un puzzle adul\u021bi ce poate fi oferit cadou ori p\u0103strat \u00een cas\u0103 \u0219i asamblat ori de c\u00e2te ori sim\u021bi nevoia unei provoc\u0103ri distractive, care s\u0103 \u00ee\u021bi solicite \u00eendem\u00e2narea, aten\u021bia la detalii, spiritul de echip\u0103 \u0219i capacitatea de colaborare.\u00a0<\/span><span style=\"font-weight: 400;\">\u00a0<\/span><\/p>\n","protected":false},"excerpt":{"rendered":"<p>Te-ai \u00eentrebat vreodat\u0103 ce-i inspir\u0103 pe arti\u0219ti s\u0103 creeze \u00een stilul lor unic \u0219i ce anume i-a f\u0103cut s\u0103 abordeze<\/p>\n","protected":false},"featured_media":17781,"template":"","meta":[],"product_brand":[],"product_cat":[1454,1488,1560],"product_tag":[],"class_list":{"0":"post-17785","1":"product","2":"type-product","3":"status-publish","4":"has-post-thumbnail","6":"product_cat-puzzle","7":"product_cat-puzzle-adulti","8":"product_cat-puzzle-adulti-1000","9":"pa_bax-1273","10":"pa_brand-d_toys","11":"pa_country_of_manufacture-ro","12":"pa_filter_age-1315","13":"pa_painter-jamestissot","14":"pa_tip_ambalaj-cutie","15":"pa_tip_puzzle-clasic","17":"first","18":"onbackorder","19":"taxable","20":"shipping-taxable","21":"product-type-simple"},"yoast_head":"<!-- This site is optimized with the Yoast SEO plugin v20.1 - https:\/\/yoast.com\/wordpress\/plugins\/seo\/ -->\n<title>Puzzle adul\u021bi 1000 piese James Tissot - A Convalescent - Roovi B2B<\/title>\n<meta name=\"robots\" content=\"index, follow, max-snippet:-1, max-image-preview:large, max-video-preview:-1\" \/>\n<link rel=\"canonical\" href=\"https:\/\/www.roovi.ro\/puzzle-adulti-1000-piese-james-tissot-a-convalescent\/p\/\" \/>\n<meta property=\"og:locale\" content=\"ro_RO\" \/>\n<meta property=\"og:type\" content=\"article\" \/>\n<meta property=\"og:title\" content=\"Puzzle adul\u021bi 1000 piese James Tissot - A Convalescent - Roovi B2B\" \/>\n<meta property=\"og:description\" content=\"Te-ai \u00eentrebat vreodat\u0103 ce-i inspir\u0103 pe arti\u0219ti s\u0103 creeze \u00een stilul lor unic \u0219i ce anume i-a f\u0103cut s\u0103 abordeze\" \/>\n<meta property=\"og:url\" content=\"https:\/\/www.roovi.ro\/puzzle-adulti-1000-piese-james-tissot-a-convalescent\/p\/\" \/>\n<meta property=\"og:site_name\" content=\"Roovi B2B\" \/>\n<meta property=\"article:publisher\" content=\"https:\/\/www.facebook.com\/wwwjucariero\" \/>\n<meta property=\"article:modified_time\" content=\"2023-03-20T21:40:56+00:00\" \/>\n<meta property=\"og:image\" content=\"https:\/\/business.roovi.com\/wp-content\/uploads\/2018\/04\/p1000_tissot_72771ti01tissot_72771ti02_r700_64x88cm_no_stanc2.jpg\" \/>\n\t<meta property=\"og:image:width\" content=\"1200\" \/>\n\t<meta property=\"og:image:height\" content=\"1200\" \/>\n\t<meta property=\"og:image:type\" content=\"image\/jpeg\" \/>\n<meta name=\"twitter:label1\" content=\"Timp estimat pentru citire\" \/>\n\t<meta name=\"twitter:data1\" content=\"4 minute\" \/>\n<script type=\"application\/ld+json\" class=\"yoast-schema-graph\">{\"@context\":\"https:\/\/schema.org\",\"@graph\":[{\"@type\":\"WebPage\",\"@id\":\"https:\/\/business.roovi.com\/ro\/puzzle-adulti-1000-piese-james-tissot-a-convalescent\/p\/\",\"url\":\"https:\/\/www.roovi.ro\/puzzle-adulti-1000-piese-james-tissot-a-convalescent\/p\/\",\"name\":\"Puzzle adul\u021bi 1000 piese James Tissot - A Convalescent - Roovi B2B\",\"isPartOf\":{\"@id\":\"https:\/\/business.roovi.com\/ro\/#website\"},\"datePublished\":\"2018-04-16T10:56:17+00:00\",\"dateModified\":\"2023-03-20T21:40:56+00:00\",\"breadcrumb\":{\"@id\":\"https:\/\/www.roovi.ro\/puzzle-adulti-1000-piese-james-tissot-a-convalescent\/p\/#breadcrumb\"},\"inLanguage\":\"ro-RO\",\"potentialAction\":[{\"@type\":\"ReadAction\",\"target\":[\"https:\/\/www.roovi.ro\/puzzle-adulti-1000-piese-james-tissot-a-convalescent\/p\/\"]}]},{\"@type\":\"BreadcrumbList\",\"@id\":\"https:\/\/www.roovi.ro\/puzzle-adulti-1000-piese-james-tissot-a-convalescent\/p\/#breadcrumb\",\"itemListElement\":[{\"@type\":\"ListItem\",\"position\":1,\"name\":\"Home\",\"item\":\"https:\/\/business.roovi.com\/ro\/\"},{\"@type\":\"ListItem\",\"position\":2,\"name\":\"Magazin\",\"item\":\"https:\/\/business.roovi.com\/ro\/magazin\/\"},{\"@type\":\"ListItem\",\"position\":3,\"name\":\"Puzzle adul\u021bi 1000 piese James Tissot &#8211; A Convalescent\"}]},{\"@type\":\"WebSite\",\"@id\":\"https:\/\/business.roovi.com\/ro\/#website\",\"url\":\"https:\/\/business.roovi.com\/ro\/\",\"name\":\"Roovi B2B\",\"description\":\"Roovi Business Website\",\"potentialAction\":[{\"@type\":\"SearchAction\",\"target\":{\"@type\":\"EntryPoint\",\"urlTemplate\":\"https:\/\/business.roovi.com\/ro\/?s={search_term_string}\"},\"query-input\":\"required name=search_term_string\"}],\"inLanguage\":\"ro-RO\"}]}<\/script>\n<!-- \/ Yoast SEO plugin. -->","yoast_head_json":{"title":"Puzzle adul\u021bi 1000 piese James Tissot - A Convalescent - Roovi B2B","robots":{"index":"index","follow":"follow","max-snippet":"max-snippet:-1","max-image-preview":"max-image-preview:large","max-video-preview":"max-video-preview:-1"},"canonical":"https:\/\/www.roovi.ro\/puzzle-adulti-1000-piese-james-tissot-a-convalescent\/p\/","og_locale":"ro_RO","og_type":"article","og_title":"Puzzle adul\u021bi 1000 piese James Tissot - A Convalescent - Roovi B2B","og_description":"Te-ai \u00eentrebat vreodat\u0103 ce-i inspir\u0103 pe arti\u0219ti s\u0103 creeze \u00een stilul lor unic \u0219i ce anume i-a f\u0103cut s\u0103 abordeze","og_url":"https:\/\/www.roovi.ro\/puzzle-adulti-1000-piese-james-tissot-a-convalescent\/p\/","og_site_name":"Roovi B2B","article_publisher":"https:\/\/www.facebook.com\/wwwjucariero","article_modified_time":"2023-03-20T21:40:56+00:00","og_image":[{"width":1200,"height":1200,"url":"https:\/\/business.roovi.com\/wp-content\/uploads\/2018\/04\/p1000_tissot_72771ti01tissot_72771ti02_r700_64x88cm_no_stanc2.jpg","type":"image\/jpeg"}],"twitter_misc":{"Timp estimat pentru citire":"4 minute"},"schema":{"@context":"https:\/\/schema.org","@graph":[{"@type":"WebPage","@id":"https:\/\/business.roovi.com\/ro\/puzzle-adulti-1000-piese-james-tissot-a-convalescent\/p\/","url":"https:\/\/www.roovi.ro\/puzzle-adulti-1000-piese-james-tissot-a-convalescent\/p\/","name":"Puzzle adul\u021bi 1000 piese James Tissot - A Convalescent - Roovi B2B","isPartOf":{"@id":"https:\/\/business.roovi.com\/ro\/#website"},"datePublished":"2018-04-16T10:56:17+00:00","dateModified":"2023-03-20T21:40:56+00:00","breadcrumb":{"@id":"https:\/\/www.roovi.ro\/puzzle-adulti-1000-piese-james-tissot-a-convalescent\/p\/#breadcrumb"},"inLanguage":"ro-RO","potentialAction":[{"@type":"ReadAction","target":["https:\/\/www.roovi.ro\/puzzle-adulti-1000-piese-james-tissot-a-convalescent\/p\/"]}]},{"@type":"BreadcrumbList","@id":"https:\/\/www.roovi.ro\/puzzle-adulti-1000-piese-james-tissot-a-convalescent\/p\/#breadcrumb","itemListElement":[{"@type":"ListItem","position":1,"name":"Home","item":"https:\/\/business.roovi.com\/ro\/"},{"@type":"ListItem","position":2,"name":"Magazin","item":"https:\/\/business.roovi.com\/ro\/magazin\/"},{"@type":"ListItem","position":3,"name":"Puzzle adul\u021bi 1000 piese James Tissot &#8211; A Convalescent"}]},{"@type":"WebSite","@id":"https:\/\/business.roovi.com\/ro\/#website","url":"https:\/\/business.roovi.com\/ro\/","name":"Roovi B2B","description":"Roovi Business Website","potentialAction":[{"@type":"SearchAction","target":{"@type":"EntryPoint","urlTemplate":"https:\/\/business.roovi.com\/ro\/?s={search_term_string}"},"query-input":"required name=search_term_string"}],"inLanguage":"ro-RO"}]}},"_links":{"self":[{"href":"https:\/\/business.roovi.com\/ro\/wp-json\/wp\/v2\/product\/17785","targetHints":{"allow":["GET"]}}],"collection":[{"href":"https:\/\/business.roovi.com\/ro\/wp-json\/wp\/v2\/product"}],"about":[{"href":"https:\/\/business.roovi.com\/ro\/wp-json\/wp\/v2\/types\/product"}],"version-history":[{"count":0,"href":"https:\/\/business.roovi.com\/ro\/wp-json\/wp\/v2\/product\/17785\/revisions"}],"wp:featuredmedia":[{"embeddable":true,"href":"https:\/\/business.roovi.com\/ro\/wp-json\/wp\/v2\/media\/17781"}],"wp:attachment":[{"href":"https:\/\/business.roovi.com\/ro\/wp-json\/wp\/v2\/media?parent=17785"}],"wp:term":[{"taxonomy":"product_brand","embeddable":true,"href":"https:\/\/business.roovi.com\/ro\/wp-json\/wp\/v2\/product_brand?post=17785"},{"taxonomy":"product_cat","embeddable":true,"href":"https:\/\/business.roovi.com\/ro\/wp-json\/wp\/v2\/product_cat?post=17785"},{"taxonomy":"product_tag","embeddable":true,"href":"https:\/\/business.roovi.com\/ro\/wp-json\/wp\/v2\/product_tag?post=17785"}],"curies":[{"name":"wp","href":"https:\/\/api.w.org\/{rel}","templated":true}]}}