{"id":17800,"date":"2018-04-16T10:56:17","date_gmt":"2018-04-16T10:56:17","guid":{"rendered":"https:\/\/business.roovi.com\/product\/puzzle-julien-dupre-the-shepherdess-with-her-flock-1000-piese\/"},"modified":"2025-03-17T10:15:52","modified_gmt":"2025-03-17T10:15:52","slug":"puzzle-adulti-1000-piese-julien-dupre-the-shepherdess-with-her-flock","status":"publish","type":"product","link":"https:\/\/business.roovi.com\/ro\/puzzle-adulti-1000-piese-julien-dupre-the-shepherdess-with-her-flock\/p\/","title":{"rendered":"Puzzle adulti 1000 piese Julien Dupr\u00e9 &#8211; The Shepherdess with her Flock"},"content":{"rendered":"<p><span style=\"font-weight: 400;\">Cau\u021bi o modalitatea de a te elibera de stres? Descoper\u0103 puzzle-urile de art\u0103 \u0219i deconecteaz\u0103-te de la grijile zilnice cu ajutorul unor imagini uimitoare din puzzle de 1000 piese. Celebreaz\u0103 munca depus\u0103 \u0219i pune \u00een ram\u0103 tablourile ob\u021binute din puzzle-uri de art\u0103 perfecte.\u00a0<\/span><\/p>\n<p><span style=\"font-weight: 400;\">Puzzle 1000 piese Julien Dupr\u00e9 &#8211; The Shepherdess with her Flock este recomandarea noastr\u0103 pentru tine dac\u0103 iube\u0219ti picturile boeme cu imagini rurale clasice. C\u00e2nd prive\u0219ti imaginea din acest puzzle, te \u00eentorci \u00een timp, \u00een copil\u0103ria petrecut\u0103 la \u021bar\u0103. \u00cen acel spa\u021biu lini\u0219titor, unde lumea \u0219i animalele tr\u0103iesc \u00eentr-o armonie perfect\u0103 cu natura, merge \u0219i g\u00e2ndul t\u0103u c\u00e2nd asamblezi acest minunat puzzle de art\u0103.<\/span><\/p>\n<p><span style=\"font-weight: 400;\">A\u0219az\u0103-te comod \u00een fa\u021ba m\u0103su\u021bei de cafea din sufragerie &#8211; doar de at\u00e2t ai nevoie pentru suportul pieselor din puzzle 1000 &#8211; \u0219i intr\u0103 cu g\u00e2ndurile \u00een lini\u0219tea lumii de la \u021bar\u0103.\u00a0<\/span><\/p>\n<p><span style=\"font-weight: 400;\">Cite\u0219te aici mai multe informa\u021bii despre puzzle 1000 piese Julien Dupr\u00e9 &#8211; The Shepherdess with her Flock:\u00a0<\/span><\/p>\n<p><strong>Material puzzle:\u00a0<\/strong><\/p>\n<p><strong>carton albastru de o calitate superioar\u0103<\/strong><\/p>\n<p><strong>materiale sustenabile, reciclabile<\/strong><\/p>\n<p><strong>finisaj semi-lucios, culori vii<\/strong><\/p>\n<p><strong>Dimensiuni tablou reconstituit: 50 x 70 cm<\/strong><\/p>\n<p><strong>Num\u0103rul pieselor de puzzle: 1000<\/strong><\/p>\n<p><strong>V\u00e2rsta recomandat\u0103: 14+<\/strong><\/p>\n<p><strong>Puzzle-urile de 1000 piese te relaxeaz\u0103 \u0219i te men\u021bin s\u0103n\u0103tos<\/strong><\/p>\n<p><span style=\"font-weight: 400;\">Componenta distractiv\u0103 \u0219i de men\u021binere a s\u0103n\u0103t\u0103\u021bii merg \u00eempreun\u0103 atunci c\u00e2nd ne referim la jocurile puzzle. Multe dintre beneficiile pe care le aduc acestea au fost demonstrate \u0219tiin\u021bific. De exemplu, starea de relaxare din timpul asambl\u0103rii puzzle-ului ajut\u0103 sistemul cardiac s\u0103 func\u021bioneze \u00een parametrii normali \u0219i s\u0103 scad\u0103 tensiunea arterial\u0103. De asemenea, s-a constatat c\u0103 puzzle-urile pentru adul\u021bi reduc considerabil riscul de a dezvolta Alzheimer \u0219i demen\u021b\u0103 la v\u00e2rste \u00eenaintate.\u00a0<\/span><\/p>\n<p><span style=\"font-weight: 400;\">Ai numai motive pozitive pentru a-\u021bi cultiva pasiunea pentru jocurile puzzle! Nu mai sta pe g\u00e2nduri, selecteaz\u0103 acum puzzle-urile de 1000 piese preferate \u0219i profit\u0103 de toate beneficiile pe care \u021bi le ofer\u0103!<\/span><\/p>\n<p><strong>\u0218tii cine a fost Julien Dupr\u00e9?\u00a0<\/strong><\/p>\n<p><span style=\"font-weight: 400;\">Dac\u0103 nu cuno\u0219ti foarte multe detalii despre acest pictor, \u00ee\u021bi prezent\u0103m noi c\u00e2teva informa\u021bii despre via\u021ba \u0219i opera lui:<\/span><\/p>\n<p><span style=\"font-weight: 400;\">Julien Dupr\u00e9<\/span> <span style=\"font-weight: 400;\">a fost<\/span> <span style=\"font-weight: 400;\">un pictor realist francez din a doua jum\u0103tate a secolului al XIX-lea.<\/span><\/p>\n<p><span style=\"font-weight: 400;\">A pictat multe scene rurale din zonele Normandiei \u0219i ale Bretaniei.<\/span><\/p>\n<p><span style=\"font-weight: 400;\">A reprezentat \u00een majoritatea operelor sale via\u021ba \u021b\u0103ranilor, muncile agricole fiind tema sa preferat\u0103.<\/span><\/p>\n<p><span style=\"font-weight: 400;\">\u00cen picturile sale, tinerele de la \u021bar\u0103 sunt reprezentate \u00eentr-o aur\u0103 eroic\u0103, iar munca lor este prezentat\u0103 ca fiind o adev\u0103rat\u0103 cauz\u0103 nobil\u0103.<\/span><\/p>\n<p><span style=\"font-weight: 400;\">A primit medalia de aur la Expozi\u021bia Universal\u0103 din 1889 de la Paris \u0219i a fost decorat cu Legiunea de Onoare.<\/span><\/p>\n<p><span style=\"font-weight: 400;\">A fost un pictor activ, a lucrat \u0219i a expus lucr\u0103ri de art\u0103 p\u00e2n\u0103 la finalul vie\u021bii, \u00een 1910.<\/span><\/p>\n<p><strong>Puzzle-urile pentru adul\u021bi te \u021bin departe de ecrane<\/strong><\/p>\n<p><span style=\"font-weight: 400;\">\u00ce\u021bi dore\u0219ti s\u0103 iei o pauz\u0103 de la via\u021ba virtual\u0103, dar nu \u0219tii cu ce s\u0103 \u00ee\u021bi umpli timpul? Jocurile puzzle sunt o modalitate excelent\u0103 pentru a te deconecta de la dispozitivele smart. Antreneaz\u0103 \u00een aceast\u0103 activitate copiii, bunicii sau grupul de prieteni \u0219i tr\u0103ie\u0219te experien\u021be minunate al\u0103turi de cei dragi. Vei reu\u0219i s\u0103 restabile\u0219ti o conexiune deosebit\u0103 cu oamenii din jurul t\u0103u \u0219i s\u0103 te bucuri de un timp de calitate petrecut \u00eempreun\u0103 cu ace\u0219tia.<\/span><\/p>\n<p><span style=\"font-weight: 400;\">Cump\u0103r\u0103 puzzle 1000 piese Julien Dupr\u00e9 &#8211; The Shepherdess with her Flock \u0219i vei avea parte de p\u00e2n\u0103 la 30 de ore de distrac\u021bie relaxant\u0103 \u00een compania unui puzzle de art\u0103 de excep\u021bie. Fii creatorul unei opere de art\u0103 uimitoare dintr-un puzzle de 1000 piese.\u00a0<\/span><\/p>\n<p><span style=\"font-weight: 400;\">Puzzle de art\u0103\u00a0 Julien Dupr\u00e9 &#8211; The Shepherdess with her Flock este un cadou minunat pentru orice pasionat de jocuri puzzle.<\/span><\/p>\n","protected":false},"excerpt":{"rendered":"<p>Cau\u021bi o modalitatea de a te elibera de stres? Descoper\u0103 puzzle-urile de art\u0103 \u0219i deconecteaz\u0103-te de la grijile zilnice cu<\/p>\n","protected":false},"featured_media":63439,"template":"","meta":[],"product_brand":[],"product_cat":[1454,1488,1560],"product_tag":[],"class_list":{"0":"post-17800","1":"product","2":"type-product","3":"status-publish","4":"has-post-thumbnail","6":"product_cat-puzzle","7":"product_cat-puzzle-adulti","8":"product_cat-puzzle-adulti-1000","9":"pa_bax-1273","10":"pa_brand-d_toys","11":"pa_country_of_manufacture-ro","12":"pa_filter_age-1315","13":"pa_painter-juliendupre","14":"pa_tip_ambalaj-cutie","15":"pa_tip_puzzle-clasic","17":"first","18":"instock","19":"taxable","20":"shipping-taxable","21":"product-type-simple"},"yoast_head":"<!-- This site is optimized with the Yoast SEO plugin v20.1 - https:\/\/yoast.com\/wordpress\/plugins\/seo\/ -->\n<title>Puzzle adulti 1000 piese Julien Dupr\u00e9 - The Shepherdess with her Flock - Roovi B2B<\/title>\n<meta name=\"robots\" content=\"index, follow, max-snippet:-1, max-image-preview:large, max-video-preview:-1\" \/>\n<link rel=\"canonical\" href=\"https:\/\/www.roovi.ro\/puzzle-adulti-1000-piese-julien-dupre-the-shepherdess-with-her-flock\/p\/\" \/>\n<meta property=\"og:locale\" content=\"ro_RO\" \/>\n<meta property=\"og:type\" content=\"article\" \/>\n<meta property=\"og:title\" content=\"Puzzle adulti 1000 piese Julien Dupr\u00e9 - The Shepherdess with her Flock - Roovi B2B\" \/>\n<meta property=\"og:description\" content=\"Cau\u021bi o modalitatea de a te elibera de stres? Descoper\u0103 puzzle-urile de art\u0103 \u0219i deconecteaz\u0103-te de la grijile zilnice cu\" \/>\n<meta property=\"og:url\" content=\"https:\/\/www.roovi.ro\/puzzle-adulti-1000-piese-julien-dupre-the-shepherdess-with-her-flock\/p\/\" \/>\n<meta property=\"og:site_name\" content=\"Roovi B2B\" \/>\n<meta property=\"article:publisher\" content=\"https:\/\/www.facebook.com\/wwwjucariero\" \/>\n<meta property=\"article:modified_time\" content=\"2025-03-17T10:15:52+00:00\" \/>\n<meta property=\"og:image\" content=\"https:\/\/business.roovi.com\/wp-content\/uploads\/2018\/04\/72788-DU-02-WEB.jpg\" \/>\n\t<meta property=\"og:image:width\" content=\"1200\" \/>\n\t<meta property=\"og:image:height\" content=\"1200\" \/>\n\t<meta property=\"og:image:type\" content=\"image\/jpeg\" \/>\n<meta name=\"twitter:label1\" content=\"Timp estimat pentru citire\" \/>\n\t<meta name=\"twitter:data1\" content=\"3 minute\" \/>\n<script type=\"application\/ld+json\" class=\"yoast-schema-graph\">{\"@context\":\"https:\/\/schema.org\",\"@graph\":[{\"@type\":\"WebPage\",\"@id\":\"https:\/\/business.roovi.com\/ro\/puzzle-adulti-1000-piese-julien-dupre-the-shepherdess-with-her-flock\/p\/\",\"url\":\"https:\/\/www.roovi.ro\/puzzle-adulti-1000-piese-julien-dupre-the-shepherdess-with-her-flock\/p\/\",\"name\":\"Puzzle adulti 1000 piese Julien Dupr\u00e9 - The Shepherdess with her Flock - Roovi B2B\",\"isPartOf\":{\"@id\":\"https:\/\/business.roovi.com\/ro\/#website\"},\"datePublished\":\"2018-04-16T10:56:17+00:00\",\"dateModified\":\"2025-03-17T10:15:52+00:00\",\"breadcrumb\":{\"@id\":\"https:\/\/www.roovi.ro\/puzzle-adulti-1000-piese-julien-dupre-the-shepherdess-with-her-flock\/p\/#breadcrumb\"},\"inLanguage\":\"ro-RO\",\"potentialAction\":[{\"@type\":\"ReadAction\",\"target\":[\"https:\/\/www.roovi.ro\/puzzle-adulti-1000-piese-julien-dupre-the-shepherdess-with-her-flock\/p\/\"]}]},{\"@type\":\"BreadcrumbList\",\"@id\":\"https:\/\/www.roovi.ro\/puzzle-adulti-1000-piese-julien-dupre-the-shepherdess-with-her-flock\/p\/#breadcrumb\",\"itemListElement\":[{\"@type\":\"ListItem\",\"position\":1,\"name\":\"Home\",\"item\":\"https:\/\/business.roovi.com\/ro\/\"},{\"@type\":\"ListItem\",\"position\":2,\"name\":\"Magazin\",\"item\":\"https:\/\/business.roovi.com\/ro\/magazin\/\"},{\"@type\":\"ListItem\",\"position\":3,\"name\":\"Puzzle adulti 1000 piese Julien Dupr\u00e9 &#8211; The Shepherdess with her Flock\"}]},{\"@type\":\"WebSite\",\"@id\":\"https:\/\/business.roovi.com\/ro\/#website\",\"url\":\"https:\/\/business.roovi.com\/ro\/\",\"name\":\"Roovi B2B\",\"description\":\"Roovi Business Website\",\"potentialAction\":[{\"@type\":\"SearchAction\",\"target\":{\"@type\":\"EntryPoint\",\"urlTemplate\":\"https:\/\/business.roovi.com\/ro\/?s={search_term_string}\"},\"query-input\":\"required name=search_term_string\"}],\"inLanguage\":\"ro-RO\"}]}<\/script>\n<!-- \/ Yoast SEO plugin. -->","yoast_head_json":{"title":"Puzzle adulti 1000 piese Julien Dupr\u00e9 - The Shepherdess with her Flock - Roovi B2B","robots":{"index":"index","follow":"follow","max-snippet":"max-snippet:-1","max-image-preview":"max-image-preview:large","max-video-preview":"max-video-preview:-1"},"canonical":"https:\/\/www.roovi.ro\/puzzle-adulti-1000-piese-julien-dupre-the-shepherdess-with-her-flock\/p\/","og_locale":"ro_RO","og_type":"article","og_title":"Puzzle adulti 1000 piese Julien Dupr\u00e9 - The Shepherdess with her Flock - Roovi B2B","og_description":"Cau\u021bi o modalitatea de a te elibera de stres? Descoper\u0103 puzzle-urile de art\u0103 \u0219i deconecteaz\u0103-te de la grijile zilnice cu","og_url":"https:\/\/www.roovi.ro\/puzzle-adulti-1000-piese-julien-dupre-the-shepherdess-with-her-flock\/p\/","og_site_name":"Roovi B2B","article_publisher":"https:\/\/www.facebook.com\/wwwjucariero","article_modified_time":"2025-03-17T10:15:52+00:00","og_image":[{"width":1200,"height":1200,"url":"https:\/\/business.roovi.com\/wp-content\/uploads\/2018\/04\/72788-DU-02-WEB.jpg","type":"image\/jpeg"}],"twitter_misc":{"Timp estimat pentru citire":"3 minute"},"schema":{"@context":"https:\/\/schema.org","@graph":[{"@type":"WebPage","@id":"https:\/\/business.roovi.com\/ro\/puzzle-adulti-1000-piese-julien-dupre-the-shepherdess-with-her-flock\/p\/","url":"https:\/\/www.roovi.ro\/puzzle-adulti-1000-piese-julien-dupre-the-shepherdess-with-her-flock\/p\/","name":"Puzzle adulti 1000 piese Julien Dupr\u00e9 - The Shepherdess with her Flock - Roovi B2B","isPartOf":{"@id":"https:\/\/business.roovi.com\/ro\/#website"},"datePublished":"2018-04-16T10:56:17+00:00","dateModified":"2025-03-17T10:15:52+00:00","breadcrumb":{"@id":"https:\/\/www.roovi.ro\/puzzle-adulti-1000-piese-julien-dupre-the-shepherdess-with-her-flock\/p\/#breadcrumb"},"inLanguage":"ro-RO","potentialAction":[{"@type":"ReadAction","target":["https:\/\/www.roovi.ro\/puzzle-adulti-1000-piese-julien-dupre-the-shepherdess-with-her-flock\/p\/"]}]},{"@type":"BreadcrumbList","@id":"https:\/\/www.roovi.ro\/puzzle-adulti-1000-piese-julien-dupre-the-shepherdess-with-her-flock\/p\/#breadcrumb","itemListElement":[{"@type":"ListItem","position":1,"name":"Home","item":"https:\/\/business.roovi.com\/ro\/"},{"@type":"ListItem","position":2,"name":"Magazin","item":"https:\/\/business.roovi.com\/ro\/magazin\/"},{"@type":"ListItem","position":3,"name":"Puzzle adulti 1000 piese Julien Dupr\u00e9 &#8211; The Shepherdess with her Flock"}]},{"@type":"WebSite","@id":"https:\/\/business.roovi.com\/ro\/#website","url":"https:\/\/business.roovi.com\/ro\/","name":"Roovi B2B","description":"Roovi Business Website","potentialAction":[{"@type":"SearchAction","target":{"@type":"EntryPoint","urlTemplate":"https:\/\/business.roovi.com\/ro\/?s={search_term_string}"},"query-input":"required name=search_term_string"}],"inLanguage":"ro-RO"}]}},"_links":{"self":[{"href":"https:\/\/business.roovi.com\/ro\/wp-json\/wp\/v2\/product\/17800","targetHints":{"allow":["GET"]}}],"collection":[{"href":"https:\/\/business.roovi.com\/ro\/wp-json\/wp\/v2\/product"}],"about":[{"href":"https:\/\/business.roovi.com\/ro\/wp-json\/wp\/v2\/types\/product"}],"version-history":[{"count":0,"href":"https:\/\/business.roovi.com\/ro\/wp-json\/wp\/v2\/product\/17800\/revisions"}],"wp:featuredmedia":[{"embeddable":true,"href":"https:\/\/business.roovi.com\/ro\/wp-json\/wp\/v2\/media\/63439"}],"wp:attachment":[{"href":"https:\/\/business.roovi.com\/ro\/wp-json\/wp\/v2\/media?parent=17800"}],"wp:term":[{"taxonomy":"product_brand","embeddable":true,"href":"https:\/\/business.roovi.com\/ro\/wp-json\/wp\/v2\/product_brand?post=17800"},{"taxonomy":"product_cat","embeddable":true,"href":"https:\/\/business.roovi.com\/ro\/wp-json\/wp\/v2\/product_cat?post=17800"},{"taxonomy":"product_tag","embeddable":true,"href":"https:\/\/business.roovi.com\/ro\/wp-json\/wp\/v2\/product_tag?post=17800"}],"curies":[{"name":"wp","href":"https:\/\/api.w.org\/{rel}","templated":true}]}}