{"id":17815,"date":"2018-04-16T10:56:17","date_gmt":"2018-04-16T10:56:17","guid":{"rendered":"https:\/\/business.roovi.com\/product\/puzzle-hans-andersen-brendekilde-a-wooded-path-in-autumn-1000-piese\/"},"modified":"2025-03-17T10:25:09","modified_gmt":"2025-03-17T10:25:09","slug":"puzzle-adulti-1000-piese-hans-andersen-brendekilde-a-wooded-path-in-autumn","status":"publish","type":"product","link":"https:\/\/business.roovi.com\/ro\/puzzle-adulti-1000-piese-hans-andersen-brendekilde-a-wooded-path-in-autumn\/p\/","title":{"rendered":"Puzzle adulti 1000 piese Hans Andersen Brendekilde &#8211; A Wooded Path in Autumn"},"content":{"rendered":"<p><span style=\"font-weight: 400;\">S\u0103 admiri picturi celebre la muzee renumite este nemaipomenit, dar ce-ai spune s\u0103 surprinzi \u00een detaliu chiar \u0219i cele mai fine urme ale pensulei artistului? Acum te po\u021bi bucura de aceast\u0103 experien\u021b\u0103 cu puzzle-urile de art\u0103 din colec\u021bia noastr\u0103. Aici g\u0103se\u0219ti puzzle-uri de 1000 piese cu picturi din toate perioadele artistice de referin\u021b\u0103. Selecteaz\u0103 jocurile puzzle preferate \u0219i petrece multe ore de relaxare \u00een jurul celor mai pre\u021bioase capodopere ale lumii.<\/span><\/p>\n<p><span style=\"font-weight: 400;\">Din colec\u021bia de puzzle-uri de art\u0103 nu lipsesc tablourile naturaliste. Dac\u0103 \u00ee\u021bi plac peisajele toamnei, pline de culori lini\u0219titoare \u0219i armonie, \u00ee\u021bi recomand\u0103m puzzle-ul de art\u0103 Hans Andersen Brendekilde &#8211; A Wooded Path in Autumn. Este o adev\u0103rat\u0103 \u00eenc\u00e2ntare s\u0103 reg\u0103se\u0219ti \u00eentr-un puzzle de 1000 piese o imagine identic\u0103 picturii originale.<\/span><\/p>\n<p><span style=\"font-weight: 400;\">Trage-\u021bi aproape m\u0103su\u021ba de cafea din sufragerie \u0219i \u00eencepi lucrul la acest tablou \u00eenc\u00e2nt\u0103tor. La final, vei ob\u021bine o imagine cu dimensiunile de 50 x 70 cm care va ar\u0103ta uimitor \u00eenr\u0103mat\u0103.<\/span><\/p>\n<p><span style=\"font-weight: 400;\">Caracteristici ale puzzle-ului de art\u0103 Hans Andersen Brendekilde &#8211; A Wooded Path in Autumn<\/span><\/p>\n<p><strong>Material puzzle:\u00a0<\/strong><\/p>\n<p><strong>carton albastru de o calitate superioar\u0103<\/strong><\/p>\n<p><strong>materiale sustenabile, reciclabile<\/strong><\/p>\n<p><strong>finisaj semi-lucios, culori vii<\/strong><\/p>\n<p><strong>Num\u0103rul pieselor de puzzle: 1000<\/strong><\/p>\n<p><strong>V\u00e2rsta recomandat\u0103: 14+<\/strong><\/p>\n<p><strong>Bucur\u0103-te de toate beneficiile jocurilor puzzle!<\/strong><\/p>\n<p><span style=\"font-weight: 400;\">Dincolo de latura distractiv\u0103, puzzle-urile pentru adul\u021bi au numeroase beneficii pentru s\u0103n\u0103tate. Iat\u0103 o scurt\u0103 prezentare a acestora:<\/span><\/p>\n<p><span style=\"font-weight: 400;\">\u00cembun\u0103t\u0103\u021besc memoria.<\/span><\/p>\n<p><span style=\"font-weight: 400;\">Reduc st\u0103rile de stres.<\/span><\/p>\n<p><span style=\"font-weight: 400;\">Men\u021bin creierul s\u0103n\u0103tos.<\/span><\/p>\n<p><span style=\"font-weight: 400;\">\u00cembun\u0103t\u0103\u021besc coordonarea ochi-m\u00e2n\u0103.<\/span><\/p>\n<p><span style=\"font-weight: 400;\">Favorizeaz\u0103 \u00eencetinirea procesului de \u00eemb\u0103tr\u00e2nire a celulelor la nivel cerebral.<\/span><\/p>\n<p><strong>Despre\u00a0 Hans Andersen Brendekilde \u0219tiai c\u0103?<\/strong><\/p>\n<p><span style=\"font-weight: 400;\">A fost un pictor naturalist danez.<\/span><\/p>\n<p><span style=\"font-weight: 400;\">Se \u00eenrudea cu scriitorul Hans Christian Andersen.<\/span><\/p>\n<p><span style=\"font-weight: 400;\">Este considerat un remarcabil pictor de copii.<\/span><\/p>\n<p><span style=\"font-weight: 400;\">\u00cen copil\u0103rie, a fost pasionat de sculptur\u0103 \u0219i obi\u0219nuia s\u0103 sculpteze animale \u00een lemn.<\/span><\/p>\n<p><span style=\"font-weight: 400;\">S-a remarcat prin tablouri cu teme rurale, religioase, precum \u0219i portrete impresionante.<\/span><\/p>\n<p><span style=\"font-weight: 400;\">Pictura <\/span><em><span style=\"font-weight: 400;\">Wooded Path in Autumn <\/span><\/em><span style=\"font-weight: 400;\">a fost realizat\u0103 la \u00eenceputul secolului XX.<\/span><\/p>\n<p><strong>Puzzle-urile de art\u0103 \u0219i abilit\u0103\u021bile pe care po\u021bi dezvolta datorit\u0103 lor<\/strong><\/p>\n<p><span style=\"font-weight: 400;\">Puzzle-urile art\u0103 te ajut\u0103 s\u0103 te deconectezi de la agita\u021bia zilnic\u0103. C\u00e2nd intri \u00een lumea plin\u0103 de culoare \u0219i mister a operelor de art\u0103 consacrate, experimentezi o stare de calm uimitoare. Pe l\u00e2ng\u0103 aceasta, puzzle-urile de art\u0103 \u00ee\u021bi dau oportunitatea s\u0103:<\/span><\/p>\n<p><span style=\"font-weight: 400;\">\u00ce\u021bi dezvol\u021bi abilit\u0103\u021bile de rezolvare a jocurilor puzzle.<\/span><\/p>\n<p><span style=\"font-weight: 400;\">Realizezi obiecte decorative deosebite cu care s\u0103 \u00ee\u021bi \u00eenfrumuse\u021bezi locuin\u021ba.<\/span><\/p>\n<p><span style=\"font-weight: 400;\">\u00ce\u021bi dezvol\u021bi creativitatea.<\/span><\/p>\n<p><span style=\"font-weight: 400;\">Fii perseverent \u00een orice situa\u021bie \u0219i s\u0103 nu renun\u021bi niciodat\u0103 pentru c\u0103 exist\u0103 o solu\u021bie chiar \u0219i atunci c\u00e2nd crezi c\u0103 totul e imposibil.<\/span><\/p>\n<p><span style=\"font-weight: 400;\">Cump\u0103r\u0103 puzzle de art\u0103 Hans Andersen Brendekilde &#8211; A Wooded Path in Autumn \u0219i bucur\u0103-te de un tablou splendid, cu miros de toamn\u0103. Adun\u0103-\u021bi oamenii dragi \u00een jurul acestei imagini uimitoare din puzzle 1000 piese \u0219i celebra\u021bi munca depus\u0103 pun\u00e2nd \u00een ram\u0103 un tablou de art\u0103 minunat.\u00a0<\/span><\/p>\n<p><span style=\"font-weight: 400;\">Puzzle 1000 piese Hans Andersen Brendekilde &#8211; A Wooded Path in Autumn poate fi un cadou de excep\u021bie pentru pasiona\u021bii de jocuri puzzle \u0219i de tablouri de art\u0103.<\/span><\/p>\n","protected":false},"excerpt":{"rendered":"<p>S\u0103 admiri picturi celebre la muzee renumite este nemaipomenit, dar ce-ai spune s\u0103 surprinzi \u00een detaliu chiar \u0219i cele mai<\/p>\n","protected":false},"featured_media":63451,"template":"","meta":[],"product_brand":[],"product_cat":[1454,1488,1560],"product_tag":[],"class_list":{"0":"post-17815","1":"product","2":"type-product","3":"status-publish","4":"has-post-thumbnail","6":"product_cat-puzzle","7":"product_cat-puzzle-adulti","8":"product_cat-puzzle-adulti-1000","9":"pa_bax-1273","10":"pa_brand-d_toys","11":"pa_country_of_manufacture-ro","12":"pa_filter_age-1315","13":"pa_painter-hansandersenbrendekilde","14":"pa_tip_ambalaj-cutie","15":"pa_tip_puzzle-clasic","17":"first","18":"instock","19":"taxable","20":"shipping-taxable","21":"product-type-simple"},"yoast_head":"<!-- This site is optimized with the Yoast SEO plugin v20.1 - https:\/\/yoast.com\/wordpress\/plugins\/seo\/ -->\n<title>Puzzle adulti 1000 piese Hans Andersen Brendekilde - A Wooded Path in Autumn - Roovi B2B<\/title>\n<meta name=\"robots\" content=\"index, follow, max-snippet:-1, max-image-preview:large, max-video-preview:-1\" \/>\n<link rel=\"canonical\" href=\"https:\/\/www.roovi.ro\/puzzle-adulti-1000-piese-hans-andersen-brendekilde-a-wooded-path-in-autumn\/p\/\" \/>\n<meta property=\"og:locale\" content=\"ro_RO\" \/>\n<meta property=\"og:type\" content=\"article\" \/>\n<meta property=\"og:title\" content=\"Puzzle adulti 1000 piese Hans Andersen Brendekilde - A Wooded Path in Autumn - Roovi B2B\" \/>\n<meta property=\"og:description\" content=\"S\u0103 admiri picturi celebre la muzee renumite este nemaipomenit, dar ce-ai spune s\u0103 surprinzi \u00een detaliu chiar \u0219i cele mai\" \/>\n<meta property=\"og:url\" content=\"https:\/\/www.roovi.ro\/puzzle-adulti-1000-piese-hans-andersen-brendekilde-a-wooded-path-in-autumn\/p\/\" \/>\n<meta property=\"og:site_name\" content=\"Roovi B2B\" \/>\n<meta property=\"article:publisher\" content=\"https:\/\/www.facebook.com\/wwwjucariero\" \/>\n<meta property=\"article:modified_time\" content=\"2025-03-17T10:25:09+00:00\" \/>\n<meta property=\"og:image\" content=\"https:\/\/business.roovi.com\/wp-content\/uploads\/2018\/04\/72795-BR-02-WEB.jpg\" \/>\n\t<meta property=\"og:image:width\" content=\"1200\" \/>\n\t<meta property=\"og:image:height\" content=\"1200\" \/>\n\t<meta property=\"og:image:type\" content=\"image\/jpeg\" \/>\n<meta name=\"twitter:label1\" content=\"Timp estimat pentru citire\" \/>\n\t<meta name=\"twitter:data1\" content=\"3 minute\" \/>\n<script type=\"application\/ld+json\" class=\"yoast-schema-graph\">{\"@context\":\"https:\/\/schema.org\",\"@graph\":[{\"@type\":\"WebPage\",\"@id\":\"https:\/\/business.roovi.com\/ro\/puzzle-adulti-1000-piese-hans-andersen-brendekilde-a-wooded-path-in-autumn\/p\/\",\"url\":\"https:\/\/www.roovi.ro\/puzzle-adulti-1000-piese-hans-andersen-brendekilde-a-wooded-path-in-autumn\/p\/\",\"name\":\"Puzzle adulti 1000 piese Hans Andersen Brendekilde - A Wooded Path in Autumn - Roovi B2B\",\"isPartOf\":{\"@id\":\"https:\/\/business.roovi.com\/ro\/#website\"},\"datePublished\":\"2018-04-16T10:56:17+00:00\",\"dateModified\":\"2025-03-17T10:25:09+00:00\",\"breadcrumb\":{\"@id\":\"https:\/\/www.roovi.ro\/puzzle-adulti-1000-piese-hans-andersen-brendekilde-a-wooded-path-in-autumn\/p\/#breadcrumb\"},\"inLanguage\":\"ro-RO\",\"potentialAction\":[{\"@type\":\"ReadAction\",\"target\":[\"https:\/\/www.roovi.ro\/puzzle-adulti-1000-piese-hans-andersen-brendekilde-a-wooded-path-in-autumn\/p\/\"]}]},{\"@type\":\"BreadcrumbList\",\"@id\":\"https:\/\/www.roovi.ro\/puzzle-adulti-1000-piese-hans-andersen-brendekilde-a-wooded-path-in-autumn\/p\/#breadcrumb\",\"itemListElement\":[{\"@type\":\"ListItem\",\"position\":1,\"name\":\"Home\",\"item\":\"https:\/\/business.roovi.com\/ro\/\"},{\"@type\":\"ListItem\",\"position\":2,\"name\":\"Magazin\",\"item\":\"https:\/\/business.roovi.com\/ro\/magazin\/\"},{\"@type\":\"ListItem\",\"position\":3,\"name\":\"Puzzle adulti 1000 piese Hans Andersen Brendekilde &#8211; A Wooded Path in Autumn\"}]},{\"@type\":\"WebSite\",\"@id\":\"https:\/\/business.roovi.com\/ro\/#website\",\"url\":\"https:\/\/business.roovi.com\/ro\/\",\"name\":\"Roovi B2B\",\"description\":\"Roovi Business Website\",\"potentialAction\":[{\"@type\":\"SearchAction\",\"target\":{\"@type\":\"EntryPoint\",\"urlTemplate\":\"https:\/\/business.roovi.com\/ro\/?s={search_term_string}\"},\"query-input\":\"required name=search_term_string\"}],\"inLanguage\":\"ro-RO\"}]}<\/script>\n<!-- \/ Yoast SEO plugin. -->","yoast_head_json":{"title":"Puzzle adulti 1000 piese Hans Andersen Brendekilde - A Wooded Path in Autumn - Roovi B2B","robots":{"index":"index","follow":"follow","max-snippet":"max-snippet:-1","max-image-preview":"max-image-preview:large","max-video-preview":"max-video-preview:-1"},"canonical":"https:\/\/www.roovi.ro\/puzzle-adulti-1000-piese-hans-andersen-brendekilde-a-wooded-path-in-autumn\/p\/","og_locale":"ro_RO","og_type":"article","og_title":"Puzzle adulti 1000 piese Hans Andersen Brendekilde - A Wooded Path in Autumn - Roovi B2B","og_description":"S\u0103 admiri picturi celebre la muzee renumite este nemaipomenit, dar ce-ai spune s\u0103 surprinzi \u00een detaliu chiar \u0219i cele mai","og_url":"https:\/\/www.roovi.ro\/puzzle-adulti-1000-piese-hans-andersen-brendekilde-a-wooded-path-in-autumn\/p\/","og_site_name":"Roovi B2B","article_publisher":"https:\/\/www.facebook.com\/wwwjucariero","article_modified_time":"2025-03-17T10:25:09+00:00","og_image":[{"width":1200,"height":1200,"url":"https:\/\/business.roovi.com\/wp-content\/uploads\/2018\/04\/72795-BR-02-WEB.jpg","type":"image\/jpeg"}],"twitter_misc":{"Timp estimat pentru citire":"3 minute"},"schema":{"@context":"https:\/\/schema.org","@graph":[{"@type":"WebPage","@id":"https:\/\/business.roovi.com\/ro\/puzzle-adulti-1000-piese-hans-andersen-brendekilde-a-wooded-path-in-autumn\/p\/","url":"https:\/\/www.roovi.ro\/puzzle-adulti-1000-piese-hans-andersen-brendekilde-a-wooded-path-in-autumn\/p\/","name":"Puzzle adulti 1000 piese Hans Andersen Brendekilde - A Wooded Path in Autumn - Roovi B2B","isPartOf":{"@id":"https:\/\/business.roovi.com\/ro\/#website"},"datePublished":"2018-04-16T10:56:17+00:00","dateModified":"2025-03-17T10:25:09+00:00","breadcrumb":{"@id":"https:\/\/www.roovi.ro\/puzzle-adulti-1000-piese-hans-andersen-brendekilde-a-wooded-path-in-autumn\/p\/#breadcrumb"},"inLanguage":"ro-RO","potentialAction":[{"@type":"ReadAction","target":["https:\/\/www.roovi.ro\/puzzle-adulti-1000-piese-hans-andersen-brendekilde-a-wooded-path-in-autumn\/p\/"]}]},{"@type":"BreadcrumbList","@id":"https:\/\/www.roovi.ro\/puzzle-adulti-1000-piese-hans-andersen-brendekilde-a-wooded-path-in-autumn\/p\/#breadcrumb","itemListElement":[{"@type":"ListItem","position":1,"name":"Home","item":"https:\/\/business.roovi.com\/ro\/"},{"@type":"ListItem","position":2,"name":"Magazin","item":"https:\/\/business.roovi.com\/ro\/magazin\/"},{"@type":"ListItem","position":3,"name":"Puzzle adulti 1000 piese Hans Andersen Brendekilde &#8211; A Wooded Path in Autumn"}]},{"@type":"WebSite","@id":"https:\/\/business.roovi.com\/ro\/#website","url":"https:\/\/business.roovi.com\/ro\/","name":"Roovi B2B","description":"Roovi Business Website","potentialAction":[{"@type":"SearchAction","target":{"@type":"EntryPoint","urlTemplate":"https:\/\/business.roovi.com\/ro\/?s={search_term_string}"},"query-input":"required name=search_term_string"}],"inLanguage":"ro-RO"}]}},"_links":{"self":[{"href":"https:\/\/business.roovi.com\/ro\/wp-json\/wp\/v2\/product\/17815","targetHints":{"allow":["GET"]}}],"collection":[{"href":"https:\/\/business.roovi.com\/ro\/wp-json\/wp\/v2\/product"}],"about":[{"href":"https:\/\/business.roovi.com\/ro\/wp-json\/wp\/v2\/types\/product"}],"version-history":[{"count":0,"href":"https:\/\/business.roovi.com\/ro\/wp-json\/wp\/v2\/product\/17815\/revisions"}],"wp:featuredmedia":[{"embeddable":true,"href":"https:\/\/business.roovi.com\/ro\/wp-json\/wp\/v2\/media\/63451"}],"wp:attachment":[{"href":"https:\/\/business.roovi.com\/ro\/wp-json\/wp\/v2\/media?parent=17815"}],"wp:term":[{"taxonomy":"product_brand","embeddable":true,"href":"https:\/\/business.roovi.com\/ro\/wp-json\/wp\/v2\/product_brand?post=17815"},{"taxonomy":"product_cat","embeddable":true,"href":"https:\/\/business.roovi.com\/ro\/wp-json\/wp\/v2\/product_cat?post=17815"},{"taxonomy":"product_tag","embeddable":true,"href":"https:\/\/business.roovi.com\/ro\/wp-json\/wp\/v2\/product_tag?post=17815"}],"curies":[{"name":"wp","href":"https:\/\/api.w.org\/{rel}","templated":true}]}}