{"id":17830,"date":"2018-04-16T10:56:17","date_gmt":"2018-04-16T10:56:17","guid":{"rendered":"https:\/\/business.roovi.com\/product\/puzzle-edouard-manet-spring-1000-piese\/"},"modified":"2023-03-20T21:40:47","modified_gmt":"2023-03-20T21:40:47","slug":"puzzle-adulti-1000-piese-edouard-manet-springprimavara","status":"publish","type":"product","link":"https:\/\/business.roovi.com\/ro\/puzzle-adulti-1000-piese-edouard-manet-springprimavara\/p\/","title":{"rendered":"Puzzle adulti 1000 piese \u00c9douard Manet &#8211; Spring\/Primavara"},"content":{"rendered":"<p><span style=\"font-weight: 400;\">\u021ai-ar pl\u0103cea s\u0103 admiri tabloul Mona Lisei din intimitatea casei tale \u0219i s\u0103 surprinzi chiar \u0219i cele mai fine urme ale pensulei artistului? \u00cen colec\u021bia noastr\u0103 de puzzle-uri de art\u0103 g\u0103se\u0219ti imaginea cu aceast\u0103 pictur\u0103 celebr\u0103 \u0219i multe altele. \u00ce\u021bi po\u021bi crea o colec\u021bie de tablouri uimitoare din puzzle-uri de 1000 piese. Descoper\u0103 acum oferta complet\u0103 de puzzle-uri pentru adul\u021bi!<\/span><\/p>\n<p><span style=\"font-weight: 400;\">\u00ce\u021bi dore\u0219ti un puzzle de 1000 piese cu detalii complexe? Puzzle de art\u0103 \u00c9douard Manet &#8211; Spring\/Prim\u0103vara este exact ceea ce cau\u021bi. Puzzle-ul red\u0103 imaginea ultimului succes public al lui Manet. Pictura o \u00eenf\u0103\u021bi\u0219eaz\u0103 pe actri\u021ba parizian\u0103, Jeanne DeMarsy, ca \u00eentruchipare a prim\u0103verii. Femeia poart\u0103 o rochie cu flori, cu umbrel\u0103 \u0219i bonet\u0103 pe un fundal luxuriant cu frunze verzi \u0219i cer de un albastru senin.\u00a0<\/span><\/p>\n<p><span style=\"font-weight: 400;\">A\u0219az\u0103-te comod \u00een fa\u021ba m\u0103su\u021bei de cafea din sufragerie \u0219i \u00eencepi lucrul la un tablou uimitor. Vei ob\u021bine o imagine cu dimensiunile de 50 x 70 cm pe care o po\u021bi \u00eenr\u0103ma \u0219i expune pe unul dintre pere\u021bii casei tale.<\/span><\/p>\n<p><span style=\"font-weight: 400;\">Caracteristici ale puzzle-ului de art\u0103 \u00c9douard Manet &#8211; Spring\/Prim\u0103vara<\/span><\/p>\n<p><strong>Material puzzle:\u00a0<\/strong><\/p>\n<p><strong>carton albastru de o calitate superioar\u0103<\/strong><\/p>\n<p><strong>materiale sustenabile, reciclabile<\/strong><\/p>\n<p><strong>finisaj semi-lucios, culori vii<\/strong><\/p>\n<p><strong>Num\u0103rul pieselor de puzzle: 1000<\/strong><\/p>\n<p><strong>V\u00e2rsta recomandat\u0103: 14+<\/strong><\/p>\n<p><strong>Jocurile puzzle \u00ee\u021bi pun via\u021ba virtual\u0103 pe modul sleep<\/strong><\/p>\n<p><span style=\"font-weight: 400;\">Sim\u021bi nevoie s\u0103 iei o pauz\u0103 de la ecrane? Jocurile puzzle sunt cea mai bun\u0103 op\u021biune dac\u0103 \u00ee\u021bi dore\u0219ti s\u0103 petreci timp de calitate departe de ecranele dispozitivelor smart. \u00cen plus, \u00ee\u021bi ofer\u0103 oportunitate s\u0103 \u00ee\u021bi creezi obiecte decorative unice pe care le po\u021bi expune \u00een locuin\u021ba ta.<\/span><\/p>\n<p><span style=\"font-weight: 400;\">Pe l\u00e2ng\u0103 avantajul unei activit\u0103\u021bi creative \u0219i relaxante, ai \u0219i alte beneficii:<\/span><\/p>\n<p><span style=\"font-weight: 400;\">\u00ce\u021bi dezvol\u021bi aten\u021bia la detalii \u0219i capacitatea de concentrare.<\/span><\/p>\n<p><span style=\"font-weight: 400;\">\u00ce\u021bi antrenezi memoria.<\/span><\/p>\n<p><span style=\"font-weight: 400;\">\u00ce\u021bi \u00eembun\u0103t\u0103\u021be\u0219ti starea de spirit.<\/span><\/p>\n<p><span style=\"font-weight: 400;\">Te conectezi cu familia sau cu prietenii atunci c\u00e2nd lucra\u021bi \u00eempreun\u0103 la un puzzle de 1000 piese.<\/span><\/p>\n<p><strong>5 informa\u021bii despre Manet \u0219i tabloul s\u0103u <\/strong><strong><em>Prim\u0103vara<\/em><\/strong><\/p>\n<p><span style=\"font-weight: 400;\">Pictura se afl\u0103 \u00een prezent la <\/span><span style=\"font-weight: 400;\">J. Paul Getty Museum care \u00een 2014 a pl\u0103tit 65 milioane de dolari pentru ea.<\/span><\/p>\n<p><span style=\"font-weight: 400;\">Tabloul trebuia s\u0103 fac\u0103 parte dintr-o serie de 4 lucr\u0103ri care \u00eenf\u0103\u021bi\u0219eaz\u0103 femei cochete reprezent\u00e2nd toate cele 4 anotimpuri. Manet nu a mai apucat s\u0103 finalizeze acest proiect.<\/span><\/p>\n<p><span style=\"font-weight: 400;\">Artistul a murit la 1 an dup\u0103 ce a expus aceast\u0103 lucrare la Salonul de la Paris.<\/span><\/p>\n<p><span style=\"font-weight: 400;\">Manet a dezvoltat un stil de pictur\u0103 inspirat de vechii mae\u0219tri, dar s-a concentrat pe imagini ale ora\u0219ului modern.<\/span><\/p>\n<p><span style=\"font-weight: 400;\">A pictat oameni obi\u0219nui\u021bi surprin\u0219i \u00een activit\u0103\u021bile lor cotidiene, dar stilul lui \u00eendr\u0103zne\u021b i-a luat prin surprindere pe mul\u021bi critici ai vremii \u0219i a fost respins de ace\u0219tia \u00een repetate r\u00e2nduri.<\/span><\/p>\n<p><strong>Puzzle-urile de art\u0103: 3 avantaje minunate pe care \u021bi le ofer\u0103<\/strong><\/p>\n<p><span style=\"font-weight: 400;\">S\u0103 refaci imagini ale marilor capodopere de art\u0103 ale lumii este o provocare minunat\u0103. Iat\u0103 doar 3 motive pentru a alege aceste jocuri puzzle:<\/span><\/p>\n<ul>\n<li><span style=\"font-weight: 400;\">Ai posibilitatea s\u0103 refaci din 1000 piese de puzzle lucr\u0103ri celebre pe care ulterior le po\u021bi \u00eenr\u0103ma.<\/span><\/li>\n<li><span style=\"font-weight: 400;\">\u00ce\u021bi dezvol\u021bi sim\u021bul estetic &#8211; c\u00e2nd \u00ee\u021bi petreci timpul liber \u00eenconjurat de frumuse\u021be \u0219i rafinament, este imposibil s\u0103 nu-\u021bi \u0219lefuie\u0219ti gustul estetic.<\/span><\/li>\n<li><span style=\"font-weight: 400;\">\u00ce\u021bi dezvol\u021bi abilit\u0103\u021bile de asamblare a jocurilor puzzle.<\/span><\/li>\n<\/ul>\n<p><span style=\"font-weight: 400;\">Cump\u0103r\u0103 puzzle 1000 piese <\/span><span style=\"font-weight: 400;\">\u00c9douard Manet &#8211; Spring\/Prim\u0103vara din colec\u021bia puzzle-uri de art\u0103 \u0219i bucur\u0103-te de toate beneficiile pe care \u021bi le ofer\u0103 un joc puzzle. Asambleaz\u0103 imaginea de art\u0103 din acest minunat puzzle pentru adul\u021bi \u0219i creeaz\u0103-\u021bi o colec\u021bie de art\u0103 deosebit\u0103.<\/span><\/p>\n<p><span style=\"font-weight: 400;\">Puzzle de art\u0103 \u00c9douard Manet &#8211; Prim\u0103vara este un cadoul ideal pentru prietenii pasiona\u021bi de jocuri puzzle sau de opere de art\u0103. Surprinde-i pl\u0103cut \u0219i ofer\u0103-le acest puzzle adul\u021bi de s\u0103rb\u0103tori sau cu ocazii aniversare.<\/span><\/p>\n","protected":false},"excerpt":{"rendered":"<p>\u021ai-ar pl\u0103cea s\u0103 admiri tabloul Mona Lisei din intimitatea casei tale \u0219i s\u0103 surprinzi chiar \u0219i cele mai fine urme<\/p>\n","protected":false},"featured_media":63576,"template":"","meta":[],"product_brand":[],"product_cat":[1454,1488,1560],"product_tag":[],"class_list":{"0":"post-17830","1":"product","2":"type-product","3":"status-publish","4":"has-post-thumbnail","6":"product_cat-puzzle","7":"product_cat-puzzle-adulti","8":"product_cat-puzzle-adulti-1000","9":"pa_bax-1273","10":"pa_brand-d_toys","11":"pa_country_of_manufacture-ro","12":"pa_filter_age-1315","13":"pa_painter-edouardmanet","14":"pa_tip_ambalaj-cutie","15":"pa_tip_puzzle-clasic","17":"first","18":"onbackorder","19":"taxable","20":"shipping-taxable","21":"product-type-simple"},"yoast_head":"<!-- This site is optimized with the Yoast SEO plugin v20.1 - https:\/\/yoast.com\/wordpress\/plugins\/seo\/ -->\n<title>Puzzle adulti 1000 piese \u00c9douard Manet - Spring\/Primavara - Roovi B2B<\/title>\n<meta name=\"robots\" content=\"index, follow, max-snippet:-1, max-image-preview:large, max-video-preview:-1\" \/>\n<link rel=\"canonical\" href=\"https:\/\/www.roovi.ro\/puzzle-adulti-1000-piese-edouard-manet-springprimavara\/p\/\" \/>\n<meta property=\"og:locale\" content=\"ro_RO\" \/>\n<meta property=\"og:type\" content=\"article\" \/>\n<meta property=\"og:title\" content=\"Puzzle adulti 1000 piese \u00c9douard Manet - Spring\/Primavara - Roovi B2B\" \/>\n<meta property=\"og:description\" content=\"\u021ai-ar pl\u0103cea s\u0103 admiri tabloul Mona Lisei din intimitatea casei tale \u0219i s\u0103 surprinzi chiar \u0219i cele mai fine urme\" \/>\n<meta property=\"og:url\" content=\"https:\/\/www.roovi.ro\/puzzle-adulti-1000-piese-edouard-manet-springprimavara\/p\/\" \/>\n<meta property=\"og:site_name\" content=\"Roovi B2B\" \/>\n<meta property=\"article:publisher\" content=\"https:\/\/www.facebook.com\/wwwjucariero\" \/>\n<meta property=\"article:modified_time\" content=\"2023-03-20T21:40:47+00:00\" \/>\n<meta property=\"og:image\" content=\"https:\/\/business.roovi.com\/wp-content\/uploads\/2018\/04\/73068-MA-02-WEB.jpg\" \/>\n\t<meta property=\"og:image:width\" content=\"1200\" \/>\n\t<meta property=\"og:image:height\" content=\"1200\" \/>\n\t<meta property=\"og:image:type\" content=\"image\/jpeg\" \/>\n<meta name=\"twitter:label1\" content=\"Timp estimat pentru citire\" \/>\n\t<meta name=\"twitter:data1\" content=\"4 minute\" \/>\n<script type=\"application\/ld+json\" class=\"yoast-schema-graph\">{\"@context\":\"https:\/\/schema.org\",\"@graph\":[{\"@type\":\"WebPage\",\"@id\":\"https:\/\/business.roovi.com\/ro\/puzzle-adulti-1000-piese-edouard-manet-springprimavara\/p\/\",\"url\":\"https:\/\/www.roovi.ro\/puzzle-adulti-1000-piese-edouard-manet-springprimavara\/p\/\",\"name\":\"Puzzle adulti 1000 piese \u00c9douard Manet - Spring\/Primavara - Roovi B2B\",\"isPartOf\":{\"@id\":\"https:\/\/business.roovi.com\/ro\/#website\"},\"datePublished\":\"2018-04-16T10:56:17+00:00\",\"dateModified\":\"2023-03-20T21:40:47+00:00\",\"breadcrumb\":{\"@id\":\"https:\/\/www.roovi.ro\/puzzle-adulti-1000-piese-edouard-manet-springprimavara\/p\/#breadcrumb\"},\"inLanguage\":\"ro-RO\",\"potentialAction\":[{\"@type\":\"ReadAction\",\"target\":[\"https:\/\/www.roovi.ro\/puzzle-adulti-1000-piese-edouard-manet-springprimavara\/p\/\"]}]},{\"@type\":\"BreadcrumbList\",\"@id\":\"https:\/\/www.roovi.ro\/puzzle-adulti-1000-piese-edouard-manet-springprimavara\/p\/#breadcrumb\",\"itemListElement\":[{\"@type\":\"ListItem\",\"position\":1,\"name\":\"Home\",\"item\":\"https:\/\/business.roovi.com\/ro\/\"},{\"@type\":\"ListItem\",\"position\":2,\"name\":\"Magazin\",\"item\":\"https:\/\/business.roovi.com\/ro\/magazin\/\"},{\"@type\":\"ListItem\",\"position\":3,\"name\":\"Puzzle adulti 1000 piese \u00c9douard Manet &#8211; Spring\/Primavara\"}]},{\"@type\":\"WebSite\",\"@id\":\"https:\/\/business.roovi.com\/ro\/#website\",\"url\":\"https:\/\/business.roovi.com\/ro\/\",\"name\":\"Roovi B2B\",\"description\":\"Roovi Business Website\",\"potentialAction\":[{\"@type\":\"SearchAction\",\"target\":{\"@type\":\"EntryPoint\",\"urlTemplate\":\"https:\/\/business.roovi.com\/ro\/?s={search_term_string}\"},\"query-input\":\"required name=search_term_string\"}],\"inLanguage\":\"ro-RO\"}]}<\/script>\n<!-- \/ Yoast SEO plugin. -->","yoast_head_json":{"title":"Puzzle adulti 1000 piese \u00c9douard Manet - Spring\/Primavara - Roovi B2B","robots":{"index":"index","follow":"follow","max-snippet":"max-snippet:-1","max-image-preview":"max-image-preview:large","max-video-preview":"max-video-preview:-1"},"canonical":"https:\/\/www.roovi.ro\/puzzle-adulti-1000-piese-edouard-manet-springprimavara\/p\/","og_locale":"ro_RO","og_type":"article","og_title":"Puzzle adulti 1000 piese \u00c9douard Manet - Spring\/Primavara - Roovi B2B","og_description":"\u021ai-ar pl\u0103cea s\u0103 admiri tabloul Mona Lisei din intimitatea casei tale \u0219i s\u0103 surprinzi chiar \u0219i cele mai fine urme","og_url":"https:\/\/www.roovi.ro\/puzzle-adulti-1000-piese-edouard-manet-springprimavara\/p\/","og_site_name":"Roovi B2B","article_publisher":"https:\/\/www.facebook.com\/wwwjucariero","article_modified_time":"2023-03-20T21:40:47+00:00","og_image":[{"width":1200,"height":1200,"url":"https:\/\/business.roovi.com\/wp-content\/uploads\/2018\/04\/73068-MA-02-WEB.jpg","type":"image\/jpeg"}],"twitter_misc":{"Timp estimat pentru citire":"4 minute"},"schema":{"@context":"https:\/\/schema.org","@graph":[{"@type":"WebPage","@id":"https:\/\/business.roovi.com\/ro\/puzzle-adulti-1000-piese-edouard-manet-springprimavara\/p\/","url":"https:\/\/www.roovi.ro\/puzzle-adulti-1000-piese-edouard-manet-springprimavara\/p\/","name":"Puzzle adulti 1000 piese \u00c9douard Manet - Spring\/Primavara - Roovi B2B","isPartOf":{"@id":"https:\/\/business.roovi.com\/ro\/#website"},"datePublished":"2018-04-16T10:56:17+00:00","dateModified":"2023-03-20T21:40:47+00:00","breadcrumb":{"@id":"https:\/\/www.roovi.ro\/puzzle-adulti-1000-piese-edouard-manet-springprimavara\/p\/#breadcrumb"},"inLanguage":"ro-RO","potentialAction":[{"@type":"ReadAction","target":["https:\/\/www.roovi.ro\/puzzle-adulti-1000-piese-edouard-manet-springprimavara\/p\/"]}]},{"@type":"BreadcrumbList","@id":"https:\/\/www.roovi.ro\/puzzle-adulti-1000-piese-edouard-manet-springprimavara\/p\/#breadcrumb","itemListElement":[{"@type":"ListItem","position":1,"name":"Home","item":"https:\/\/business.roovi.com\/ro\/"},{"@type":"ListItem","position":2,"name":"Magazin","item":"https:\/\/business.roovi.com\/ro\/magazin\/"},{"@type":"ListItem","position":3,"name":"Puzzle adulti 1000 piese \u00c9douard Manet &#8211; Spring\/Primavara"}]},{"@type":"WebSite","@id":"https:\/\/business.roovi.com\/ro\/#website","url":"https:\/\/business.roovi.com\/ro\/","name":"Roovi B2B","description":"Roovi Business Website","potentialAction":[{"@type":"SearchAction","target":{"@type":"EntryPoint","urlTemplate":"https:\/\/business.roovi.com\/ro\/?s={search_term_string}"},"query-input":"required name=search_term_string"}],"inLanguage":"ro-RO"}]}},"_links":{"self":[{"href":"https:\/\/business.roovi.com\/ro\/wp-json\/wp\/v2\/product\/17830","targetHints":{"allow":["GET"]}}],"collection":[{"href":"https:\/\/business.roovi.com\/ro\/wp-json\/wp\/v2\/product"}],"about":[{"href":"https:\/\/business.roovi.com\/ro\/wp-json\/wp\/v2\/types\/product"}],"version-history":[{"count":0,"href":"https:\/\/business.roovi.com\/ro\/wp-json\/wp\/v2\/product\/17830\/revisions"}],"wp:featuredmedia":[{"embeddable":true,"href":"https:\/\/business.roovi.com\/ro\/wp-json\/wp\/v2\/media\/63576"}],"wp:attachment":[{"href":"https:\/\/business.roovi.com\/ro\/wp-json\/wp\/v2\/media?parent=17830"}],"wp:term":[{"taxonomy":"product_brand","embeddable":true,"href":"https:\/\/business.roovi.com\/ro\/wp-json\/wp\/v2\/product_brand?post=17830"},{"taxonomy":"product_cat","embeddable":true,"href":"https:\/\/business.roovi.com\/ro\/wp-json\/wp\/v2\/product_cat?post=17830"},{"taxonomy":"product_tag","embeddable":true,"href":"https:\/\/business.roovi.com\/ro\/wp-json\/wp\/v2\/product_tag?post=17830"}],"curies":[{"name":"wp","href":"https:\/\/api.w.org\/{rel}","templated":true}]}}