{"id":17925,"date":"2018-04-16T10:56:17","date_gmt":"2018-04-16T10:56:17","guid":{"rendered":"https:\/\/business.roovi.com\/product\/puzzle-gustav-klimt-farm-garden-with-sunflowers-1000-piese\/"},"modified":"2023-03-20T21:40:26","modified_gmt":"2023-03-20T21:40:26","slug":"puzzle-adulti-1000-piese-gustav-klimt-farm-garden-with-sunflowers","status":"publish","type":"product","link":"https:\/\/business.roovi.com\/ro\/puzzle-adulti-1000-piese-gustav-klimt-farm-garden-with-sunflowers\/p\/","title":{"rendered":"Puzzle adul\u021bi 1000 piese Gustav Klimt &#8211; Farm Garden with Sunflowers"},"content":{"rendered":"<p><span style=\"font-weight: 400;\">Te sim\u021bi inspirat? Te provoc\u0103m s\u0103-\u021bi pui la \u00eencercare aten\u021bia la detalii \u0219i r\u0103bdarea cu cele mai uimitoare puzzle 1000 piese din colec\u021bia noastr\u0103 puzzle de art\u0103.<\/span><\/p>\n<p><span style=\"font-weight: 400;\">Puzzle 1000 piese Gustav Klimt &#8211; Farm Garden with Sunflowers\/Gr\u0103din\u0103 cu floarea-soarelui red\u0103 imaginea unui tablou plin de flori \u0219i culoare al cunoscutului artist austriac.<\/span><\/p>\n<p><span style=\"font-weight: 400;\">Klimt a studiat \u00eendelung stilul lui Van Gogh, care a pictat \u00een repetate r\u00e2nduri floarea-soarelui. Florile lui Klimt sunt integrate \u00een prim-plan, iar coloritul lor rafinat este eviden\u021biat prin paju\u0219tea verde contrapus\u0103.<\/span><\/p>\n<p><span style=\"font-weight: 400;\">S\u0103 refaci tabloul din puzzle 1000 piese cu zeci de floricele \u0219i detalii coloristice m\u0103runte este un exerci\u021biu care \u00ee\u021bi va solicita mult capacitatea de concentrare \u0219i aten\u021bia. Dar este o \u0219ans\u0103 unic\u0103 s\u0103 \u00ee\u021bi exersezi abilit\u0103\u021bile de asamblare a jocurilor puzzle \u0219i s\u0103 creezi un tablou de art\u0103 fascinant.<\/span><\/p>\n<p><span style=\"font-weight: 400;\">Pentru suportul pieselor de puzzle 1000 po\u021bi utiliza o m\u0103su\u021b\u0103 standard de cafea. Imaginea reconstituit\u0103 are dimensiunile de 70 x 50 cm \u0219i va ar\u0103ta uimitor \u00een ram\u0103 pe unul dintre pere\u021bii casei tale.<\/span><\/p>\n<p><span style=\"font-weight: 400;\">Caracteristici puzzle de art\u0103 Gustav Klimt &#8211; Gr\u0103din\u0103 cu floarea-soarelui:<\/span><\/p>\n<p><strong>Material puzzle:\u00a0<\/strong><\/p>\n<p><strong>carton albastru de o calitate superioar\u0103<\/strong><\/p>\n<p><strong>materiale sustenabile, reciclabile<\/strong><\/p>\n<p><strong>finisaj semi-lucios, culori vii<\/strong><\/p>\n<p><strong>Num\u0103rul pieselor de puzzle: 1000<\/strong><\/p>\n<p><strong>V\u00e2rsta recomandat\u0103: 14+<\/strong><\/p>\n<p><strong>De ce s\u0103 alegi puzzle 1000 piese Gustav Klimt &#8211; Gr\u0103din\u0103 cu floarea-soarelui?<\/strong><\/p>\n<p><span style=\"font-weight: 400;\">Ai ocazia s\u0103 creezi din 1000 piese puzzle un tablou de art\u0103 \u0219i s\u0103 admiri cele mai mici detalii ale picturii originale.<\/span><\/p>\n<p><span style=\"font-weight: 400;\">Tabloul ob\u021binut poate fi un obiect decorativ care \u00eei va da casei tale un aer rafinat.<\/span><\/p>\n<p><span style=\"font-weight: 400;\">Te sim\u021bi ca un detectiv veritabil care analizeaz\u0103 indiciile \u0219i caut\u0103 piesele potrivite care s\u0103-i dezv\u0103luie misterul operei de art\u0103.<\/span><\/p>\n<p><span style=\"font-weight: 400;\">Este \u0219ansa ta de a-\u021bi dezvolta sim\u021bul estetic \u0219i de a aprecia arta.<\/span><\/p>\n<p><span style=\"font-weight: 400;\">\u00ce\u021bi st\u00e2rne\u0219te curiozitatea pentru operele de art\u0103 \u0219i pictorii care stau \u00een spatele crea\u021biei autentice.<\/span><\/p>\n<p><strong>\u0218tiai c\u0103\u2026?<\/strong><\/p>\n<p><span style=\"font-weight: 400;\">Lui Gustav Klimt \u00eei pl\u0103cea s\u0103 picteze \u00eenconjurat de femei goale foarte frumoase?<\/span><\/p>\n<p><span style=\"font-weight: 400;\">\u00a0&#8221; \u00centreaga art\u0103 este erotic\u0103&#8221; &#8211; este o afirma\u021bie care \u00eei apar\u021bine.<\/span><\/p>\n<p><span style=\"font-weight: 400;\">Klimt iubea femeile \u0219i se zvone\u0219te c\u0103 ar fi avut rela\u021bii intime cu toate femeile al c\u0103ror portrete le-a realizat. A avut 14 copii ilegitimi \u0219i nu a fost niciodat\u0103 c\u0103s\u0103torit.\u00a0<\/span><\/p>\n<p><span style=\"font-weight: 400;\">Pictura lui <\/span><em><span style=\"font-weight: 400;\">Portretul lui Adele Bloch-Bauer I <\/span><\/em><span style=\"font-weight: 400;\">a fost cea mai scump\u0103 oper\u0103 de art\u0103 v\u00e2ndut\u0103 vreodat\u0103 la licita\u021bie: 135 milioane de dolari este suma pl\u0103tit\u0103 pentru aceasta.<\/span><\/p>\n<p><span style=\"font-weight: 400;\">Multe dintre lucr\u0103rile lui au fost arse de nazi\u0219ti. \u00cen 1945 ace\u0219tia au incendiat Castelul Schloss Immendorf care ad\u0103postea mai multe picturi ale lui.<\/span><\/p>\n<p><strong>Puzzle-urile de art\u0103 &#8211; relaxare deplin\u0103 \u0219i prilej de medita\u021bie\u00a0<\/strong><\/p>\n<p><span style=\"font-weight: 400;\">Un puzzle de art\u0103 \u00ee\u021bi ofer\u0103 o incursiune \u00een lumea artistic\u0103. Mintea se elibereaz\u0103 de g\u00e2nduri sau griji \u0219i tr\u0103ie\u0219ti o experien\u021b\u0103 pl\u0103cut\u0103 de relaxare profund\u0103.<\/span><\/p>\n<p><span style=\"font-weight: 400;\">De asemenea, efectul pe care un joc puzzle \u00eel are asupra ta este asem\u0103n\u0103tor medita\u021biei. Odat\u0103 ce te-ai eliberat de g\u00e2ndurile care te obosesc, te concentrezi pe o singur\u0103 sarcin\u0103, aceea de a reface imaginea din puzzle de art\u0103. Te bucuri de prezent \u0219i la final, c\u00e2nd tabloul este gata, experimentezi o stare uimitoare de optimism \u0219i fericire. Toate aceste efecte benefice se vor reflecta \u00een mai multe aspecte ale vie\u021bii tale:<\/span><\/p>\n<ul>\n<li><span style=\"font-weight: 400;\">Vei avea un somn mai odihnitor<\/span><\/li>\n<li><span style=\"font-weight: 400;\">Te vei reconecta cu tine \u00eensu\u021bi \u0219i vei fi \u00een pace cu propriul Eu.<\/span><\/li>\n<li><span style=\"font-weight: 400;\">Vei reu\u0219i s\u0103 te destresezi.<\/span><\/li>\n<li><span style=\"font-weight: 400;\">\u00ce\u021bi vei gestiona st\u0103rile anxioase.<\/span><\/li>\n<\/ul>\n<p><span style=\"font-weight: 400;\">Ai numai motive bune s\u0103 alegi puzzle de art\u0103 Gustav Klimt &#8211; Gr\u0103din\u0103 cu floarea-soarelui. Cump\u0103r\u0103 acum acest puzzle 1000 piese \u0219i bucur\u0103-te de toate avantajele pe care \u021bi le ofer\u0103 pasiunea pentru jocurile puzzle.\u00a0<\/span><\/p>\n<p><span style=\"font-weight: 400;\">Puzzle 1000 piese Gustav Klimt &#8211; Gr\u0103din\u0103 cu floarea-soarelui este cadoul perfect pentru situa\u021biile c\u00e2nd ai r\u0103mas \u00een pan\u0103 de idei de cadouri sau c\u00e2nd dore\u0219ti s\u0103 surprinzi pl\u0103cut un prieten pasionat de puzzle adul\u021bi.<\/span><\/p>\n<p>\u00a0<\/p>\n","protected":false},"excerpt":{"rendered":"<p>Te sim\u021bi inspirat? Te provoc\u0103m s\u0103-\u021bi pui la \u00eencercare aten\u021bia la detalii \u0219i r\u0103bdarea cu cele mai uimitoare puzzle 1000<\/p>\n","protected":false},"featured_media":17911,"template":"","meta":[],"product_brand":[],"product_cat":[1454,1488,1560],"product_tag":[],"class_list":{"0":"post-17925","1":"product","2":"type-product","3":"status-publish","4":"has-post-thumbnail","6":"product_cat-puzzle","7":"product_cat-puzzle-adulti","8":"product_cat-puzzle-adulti-1000","9":"pa_bax-1273","10":"pa_brand-d_toys","11":"pa_country_of_manufacture-ro","12":"pa_filter_age-1315","13":"pa_painter-gustavklimt","14":"pa_tip_ambalaj-cutie","15":"pa_tip_puzzle-clasic","17":"first","18":"instock","19":"taxable","20":"shipping-taxable","21":"product-type-simple"},"yoast_head":"<!-- This site is optimized with the Yoast SEO plugin v20.1 - https:\/\/yoast.com\/wordpress\/plugins\/seo\/ -->\n<title>Puzzle adul\u021bi 1000 piese Gustav Klimt - Farm Garden with Sunflowers - Roovi B2B<\/title>\n<meta name=\"robots\" content=\"index, follow, max-snippet:-1, max-image-preview:large, max-video-preview:-1\" \/>\n<link rel=\"canonical\" href=\"https:\/\/www.roovi.ro\/puzzle-adulti-1000-piese-gustav-klimt-farm-garden-with-sunflowers\/p\/\" \/>\n<meta property=\"og:locale\" content=\"ro_RO\" \/>\n<meta property=\"og:type\" content=\"article\" \/>\n<meta property=\"og:title\" content=\"Puzzle adul\u021bi 1000 piese Gustav Klimt - Farm Garden with Sunflowers - Roovi B2B\" \/>\n<meta property=\"og:description\" content=\"Te sim\u021bi inspirat? Te provoc\u0103m s\u0103-\u021bi pui la \u00eencercare aten\u021bia la detalii \u0219i r\u0103bdarea cu cele mai uimitoare puzzle 1000\" \/>\n<meta property=\"og:url\" content=\"https:\/\/www.roovi.ro\/puzzle-adulti-1000-piese-gustav-klimt-farm-garden-with-sunflowers\/p\/\" \/>\n<meta property=\"og:site_name\" content=\"Roovi B2B\" \/>\n<meta property=\"article:publisher\" content=\"https:\/\/www.facebook.com\/wwwjucariero\" \/>\n<meta property=\"article:modified_time\" content=\"2023-03-20T21:40:26+00:00\" \/>\n<meta property=\"og:image\" content=\"https:\/\/business.roovi.com\/wp-content\/uploads\/2018\/04\/66923-8_ansamblu_dimensiuni_cutie_cm_1200x1200.png\" \/>\n\t<meta property=\"og:image:width\" content=\"1200\" \/>\n\t<meta property=\"og:image:height\" content=\"1200\" \/>\n\t<meta property=\"og:image:type\" content=\"image\/png\" \/>\n<meta name=\"twitter:label1\" content=\"Timp estimat pentru citire\" \/>\n\t<meta name=\"twitter:data1\" content=\"3 minute\" \/>\n<script type=\"application\/ld+json\" class=\"yoast-schema-graph\">{\"@context\":\"https:\/\/schema.org\",\"@graph\":[{\"@type\":\"WebPage\",\"@id\":\"https:\/\/business.roovi.com\/ro\/puzzle-adulti-1000-piese-gustav-klimt-farm-garden-with-sunflowers\/p\/\",\"url\":\"https:\/\/www.roovi.ro\/puzzle-adulti-1000-piese-gustav-klimt-farm-garden-with-sunflowers\/p\/\",\"name\":\"Puzzle adul\u021bi 1000 piese Gustav Klimt - Farm Garden with Sunflowers - Roovi B2B\",\"isPartOf\":{\"@id\":\"https:\/\/business.roovi.com\/ro\/#website\"},\"datePublished\":\"2018-04-16T10:56:17+00:00\",\"dateModified\":\"2023-03-20T21:40:26+00:00\",\"breadcrumb\":{\"@id\":\"https:\/\/www.roovi.ro\/puzzle-adulti-1000-piese-gustav-klimt-farm-garden-with-sunflowers\/p\/#breadcrumb\"},\"inLanguage\":\"ro-RO\",\"potentialAction\":[{\"@type\":\"ReadAction\",\"target\":[\"https:\/\/www.roovi.ro\/puzzle-adulti-1000-piese-gustav-klimt-farm-garden-with-sunflowers\/p\/\"]}]},{\"@type\":\"BreadcrumbList\",\"@id\":\"https:\/\/www.roovi.ro\/puzzle-adulti-1000-piese-gustav-klimt-farm-garden-with-sunflowers\/p\/#breadcrumb\",\"itemListElement\":[{\"@type\":\"ListItem\",\"position\":1,\"name\":\"Home\",\"item\":\"https:\/\/business.roovi.com\/ro\/\"},{\"@type\":\"ListItem\",\"position\":2,\"name\":\"Magazin\",\"item\":\"https:\/\/business.roovi.com\/ro\/magazin\/\"},{\"@type\":\"ListItem\",\"position\":3,\"name\":\"Puzzle adul\u021bi 1000 piese Gustav Klimt &#8211; Farm Garden with Sunflowers\"}]},{\"@type\":\"WebSite\",\"@id\":\"https:\/\/business.roovi.com\/ro\/#website\",\"url\":\"https:\/\/business.roovi.com\/ro\/\",\"name\":\"Roovi B2B\",\"description\":\"Roovi Business Website\",\"potentialAction\":[{\"@type\":\"SearchAction\",\"target\":{\"@type\":\"EntryPoint\",\"urlTemplate\":\"https:\/\/business.roovi.com\/ro\/?s={search_term_string}\"},\"query-input\":\"required name=search_term_string\"}],\"inLanguage\":\"ro-RO\"}]}<\/script>\n<!-- \/ Yoast SEO plugin. -->","yoast_head_json":{"title":"Puzzle adul\u021bi 1000 piese Gustav Klimt - Farm Garden with Sunflowers - Roovi B2B","robots":{"index":"index","follow":"follow","max-snippet":"max-snippet:-1","max-image-preview":"max-image-preview:large","max-video-preview":"max-video-preview:-1"},"canonical":"https:\/\/www.roovi.ro\/puzzle-adulti-1000-piese-gustav-klimt-farm-garden-with-sunflowers\/p\/","og_locale":"ro_RO","og_type":"article","og_title":"Puzzle adul\u021bi 1000 piese Gustav Klimt - Farm Garden with Sunflowers - Roovi B2B","og_description":"Te sim\u021bi inspirat? Te provoc\u0103m s\u0103-\u021bi pui la \u00eencercare aten\u021bia la detalii \u0219i r\u0103bdarea cu cele mai uimitoare puzzle 1000","og_url":"https:\/\/www.roovi.ro\/puzzle-adulti-1000-piese-gustav-klimt-farm-garden-with-sunflowers\/p\/","og_site_name":"Roovi B2B","article_publisher":"https:\/\/www.facebook.com\/wwwjucariero","article_modified_time":"2023-03-20T21:40:26+00:00","og_image":[{"width":1200,"height":1200,"url":"https:\/\/business.roovi.com\/wp-content\/uploads\/2018\/04\/66923-8_ansamblu_dimensiuni_cutie_cm_1200x1200.png","type":"image\/png"}],"twitter_misc":{"Timp estimat pentru citire":"3 minute"},"schema":{"@context":"https:\/\/schema.org","@graph":[{"@type":"WebPage","@id":"https:\/\/business.roovi.com\/ro\/puzzle-adulti-1000-piese-gustav-klimt-farm-garden-with-sunflowers\/p\/","url":"https:\/\/www.roovi.ro\/puzzle-adulti-1000-piese-gustav-klimt-farm-garden-with-sunflowers\/p\/","name":"Puzzle adul\u021bi 1000 piese Gustav Klimt - Farm Garden with Sunflowers - Roovi B2B","isPartOf":{"@id":"https:\/\/business.roovi.com\/ro\/#website"},"datePublished":"2018-04-16T10:56:17+00:00","dateModified":"2023-03-20T21:40:26+00:00","breadcrumb":{"@id":"https:\/\/www.roovi.ro\/puzzle-adulti-1000-piese-gustav-klimt-farm-garden-with-sunflowers\/p\/#breadcrumb"},"inLanguage":"ro-RO","potentialAction":[{"@type":"ReadAction","target":["https:\/\/www.roovi.ro\/puzzle-adulti-1000-piese-gustav-klimt-farm-garden-with-sunflowers\/p\/"]}]},{"@type":"BreadcrumbList","@id":"https:\/\/www.roovi.ro\/puzzle-adulti-1000-piese-gustav-klimt-farm-garden-with-sunflowers\/p\/#breadcrumb","itemListElement":[{"@type":"ListItem","position":1,"name":"Home","item":"https:\/\/business.roovi.com\/ro\/"},{"@type":"ListItem","position":2,"name":"Magazin","item":"https:\/\/business.roovi.com\/ro\/magazin\/"},{"@type":"ListItem","position":3,"name":"Puzzle adul\u021bi 1000 piese Gustav Klimt &#8211; Farm Garden with Sunflowers"}]},{"@type":"WebSite","@id":"https:\/\/business.roovi.com\/ro\/#website","url":"https:\/\/business.roovi.com\/ro\/","name":"Roovi B2B","description":"Roovi Business Website","potentialAction":[{"@type":"SearchAction","target":{"@type":"EntryPoint","urlTemplate":"https:\/\/business.roovi.com\/ro\/?s={search_term_string}"},"query-input":"required name=search_term_string"}],"inLanguage":"ro-RO"}]}},"_links":{"self":[{"href":"https:\/\/business.roovi.com\/ro\/wp-json\/wp\/v2\/product\/17925","targetHints":{"allow":["GET"]}}],"collection":[{"href":"https:\/\/business.roovi.com\/ro\/wp-json\/wp\/v2\/product"}],"about":[{"href":"https:\/\/business.roovi.com\/ro\/wp-json\/wp\/v2\/types\/product"}],"version-history":[{"count":0,"href":"https:\/\/business.roovi.com\/ro\/wp-json\/wp\/v2\/product\/17925\/revisions"}],"wp:featuredmedia":[{"embeddable":true,"href":"https:\/\/business.roovi.com\/ro\/wp-json\/wp\/v2\/media\/17911"}],"wp:attachment":[{"href":"https:\/\/business.roovi.com\/ro\/wp-json\/wp\/v2\/media?parent=17925"}],"wp:term":[{"taxonomy":"product_brand","embeddable":true,"href":"https:\/\/business.roovi.com\/ro\/wp-json\/wp\/v2\/product_brand?post=17925"},{"taxonomy":"product_cat","embeddable":true,"href":"https:\/\/business.roovi.com\/ro\/wp-json\/wp\/v2\/product_cat?post=17925"},{"taxonomy":"product_tag","embeddable":true,"href":"https:\/\/business.roovi.com\/ro\/wp-json\/wp\/v2\/product_tag?post=17925"}],"curies":[{"name":"wp","href":"https:\/\/api.w.org\/{rel}","templated":true}]}}