{"id":17955,"date":"2023-02-21T08:04:57","date_gmt":"2023-02-21T08:04:57","guid":{"rendered":"https:\/\/business.roovi.com\/?post_type=product&#038;p=17955"},"modified":"2023-03-20T21:40:20","modified_gmt":"2023-03-20T21:40:20","slug":"puzzle-edvard-munch-the-scream-1000-piese-disabled","status":"publish","type":"product","link":"https:\/\/business.roovi.com\/ro\/puzzle-edvard-munch-the-scream-1000-piese-disabled\/p\/","title":{"rendered":"Puzzle adulti 1000 piese Edvard Munch &#8211; The Scream"},"content":{"rendered":"<h3><span style=\"font-weight: 400;\">Pasionat de jocuri puzzle de 1000 piese \u0219i de picturi celebre? Recompune Puzzle The Scream \u0219i admir\u0103 \u00een tihn\u0103 un tablou superb, f\u0103urit cu m\u00e2inile tale.<\/span><\/h3>\n<p><span style=\"font-weight: 400;\">Pictura The Scream &#8211; Strig\u0103tul realizat\u0103 de artistul norvegian Edvard Munch este f\u0103r\u0103 \u00eendoial\u0103 una dintre operele de referin\u021b\u0103 ale epocii moderne. A\u0219a cum Leonado da Vinci a surprins \u00een Mona Lisa idealul renascentist de senin\u0103tate \u0219i autocontrol, Edvard Munch evoc\u0103 \u00een The Scream disperarea uman\u0103 \u00eentr-o epoc\u0103 a catastrofelor \u0219i a terorii.<\/span><\/p>\n<p><span style=\"font-weight: 400;\">Cu puzzle 1000 piese The Scream ai libertatea s\u0103 reflectezi la simbolistica picturii celebre. Ref\u0103 imaginea pies\u0103 cu pies\u0103 \u0219i bucur\u0103-te de momente pre\u021bioase de relaxare. La final, po\u021bi \u00eenr\u0103ma tabloul \u0219i \u00eel po\u021bi folosi ca pies\u0103 de decor pentru cas\u0103.\u00a0<\/span><\/p>\n<h3><span style=\"font-weight: 400;\">De ce s\u0103 alegi Puzzle The Scream &#8211; 1000 piese<\/span><\/h3>\n<p><span style=\"font-weight: 400;\">Are o grafic\u0103 de excep\u021bie ce red\u0103 cu acurate\u021be detaliile tabloului original. Vei ob\u021bine astfel o replic\u0103 perfect\u0103 a celebrei picturi The Scream.<\/span><\/p>\n<p><span style=\"font-weight: 400;\">Tabloul final are dimensiuni generoase &#8211; <\/span><b>68 x 47 cm<\/b><span style=\"font-weight: 400;\"> &#8211; \u0219i va fi un obiect decorativ care \u00ee\u021bi va \u00eenfrumuse\u021ba locuin\u021ba.<\/span><\/p>\n<p><span style=\"font-weight: 400;\">Piesele sunt produse din carton gros, de calitate superioar\u0103, se \u00eembin\u0103 perfect \u0219i asigur\u0103 o experien\u021b\u0103 pl\u0103cut\u0103 de asamblare.<\/span><\/p>\n<p><span style=\"font-weight: 400;\">Este produs din materiale reciclabile \u0219i sustenabile.<\/span><\/p>\n<p><span style=\"font-weight: 400;\">Activitatea de asamblare \u00eembun\u0103t\u0103\u021be\u0219te concentrarea, memoria pe termen scurt \u0219i coordonarea, la orice v\u00e2rst\u0103.<\/span><\/p>\n<p><span style=\"font-weight: 400;\">Este potrivit persoanelor cu v\u00e2rsta peste 14 ani, prilej oportun pentru a le face cuno\u0219tin\u021b\u0103 adolescen\u021bilor cu lumea artei.<\/span><\/p>\n<h3><span style=\"font-weight: 400;\">Despre pictura Strig\u0103tul \u0219tiai c\u0103\u2026<\/span><\/h3>\n<ul>\n<li style=\"font-weight: 400;\" aria-level=\"1\"><span style=\"font-weight: 400;\">Edvard Munch a realizat 4 tablouri \u0219i o litografie \u00een seria The Scream. Trei dintre ele se afl\u0103 \u00een muzee din Norvegia, iar una \u00eentr-o colec\u021bie privat\u0103.<\/span><\/li>\n<li style=\"font-weight: 400;\" aria-level=\"1\"><span style=\"font-weight: 400;\">Tabloul expus la Galeria Na\u021bional\u0103 din Oslo a fost furat \u00een 1994, dar din fericire a fost recuperat \u00een 3 luni.<\/span><\/li>\n<li style=\"font-weight: 400;\" aria-level=\"1\"><span style=\"font-weight: 400;\">\u00cen col\u021bul din st\u00e2nga sus al tabloului se afl\u0103 o inscrip\u021bie cu creionul: \u201eA putut fi pictat doar de un nebun\u201d. Se pare c\u0103 \u00eei apar\u021bine chiar lui Munch care ar fi ad\u0103ugat-o dup\u0103 comentariile critice f\u0103cute la prima expozi\u021bie a tabloului \u00een Norvegia, \u00een octombrie 1895.<\/span><\/li>\n<li style=\"font-weight: 400;\" aria-level=\"1\"><span style=\"font-weight: 400;\">\u201eStrig\u0103tul\u201d lui Edvard Munch s-a v\u00e2ndut \u00een 2012, la o licita\u021bie din New York cu suma record de 120 de milioane de dolari.\u00a0<\/span><\/li>\n<\/ul>\n<h3><span style=\"font-weight: 400;\">Ce avantaje \u00ee\u021bi aduce completarea unui puzzle de art\u0103?<\/span><\/h3>\n<ul>\n<li style=\"font-weight: 400;\" aria-level=\"1\"><span style=\"font-weight: 400;\">\u00ce\u021bi ofer\u0103 p\u00e2n\u0103 la 30 de ore de distrac\u021bie relaxant\u0103.<\/span><\/li>\n<li style=\"font-weight: 400;\" aria-level=\"1\"><span style=\"font-weight: 400;\">Descoperi opera de art\u0103 \u00een cele mai mici detalii, pe care nu le observi atunci c\u00e2nd admiri opera la expozi\u021bie.<\/span><\/li>\n<li style=\"font-weight: 400;\" aria-level=\"1\"><span style=\"font-weight: 400;\">Devii un mai bun cunosc\u0103tor de art\u0103.<\/span><\/li>\n<li style=\"font-weight: 400;\" aria-level=\"1\"><span style=\"font-weight: 400;\">\u00ce\u021bi dezvol\u021bi sim\u021bul artistic.<\/span><\/li>\n<li style=\"font-weight: 400;\" aria-level=\"1\"><span style=\"font-weight: 400;\">Petreci timp de calitate cu tine \u00eensu\u021bi sau \u00eempreun\u0103 cu cineva drag.<\/span><\/li>\n<\/ul>\n<p><span style=\"font-weight: 400;\">Fii tu maestrul care creeaz\u0103 din puzzle-ul de art\u0103 minunatul tablou The Scream \u0219i bucur\u0103-te de o experien\u021b\u0103 creativ\u0103 \u0219i relaxant\u0103. <\/span><\/p>\n","protected":false},"excerpt":{"rendered":"<p>Pasionat de jocuri puzzle de 1000 piese \u0219i de picturi celebre? Recompune Puzzle The Scream \u0219i admir\u0103 \u00een tihn\u0103 un<\/p>\n","protected":false},"featured_media":63481,"template":"","meta":[],"product_brand":[],"product_cat":[1454,1488,1560],"product_tag":[],"class_list":{"0":"post-17955","1":"product","2":"type-product","3":"status-publish","4":"has-post-thumbnail","6":"product_cat-puzzle","7":"product_cat-puzzle-adulti","8":"product_cat-puzzle-adulti-1000","9":"pa_bax-1273","10":"pa_brand-d_toys","11":"pa_country_of_manufacture-ro","12":"pa_filter_age-1315","13":"pa_painter-edvardmunch","14":"pa_tip_ambalaj-cutie","15":"pa_tip_puzzle-clasic","17":"first","18":"instock","19":"taxable","20":"shipping-taxable","21":"product-type-simple"},"yoast_head":"<!-- This site is optimized with the Yoast SEO plugin v20.1 - https:\/\/yoast.com\/wordpress\/plugins\/seo\/ -->\n<title>Puzzle adulti 1000 piese Edvard Munch - The Scream - Roovi B2B<\/title>\n<meta name=\"robots\" content=\"index, follow, max-snippet:-1, max-image-preview:large, max-video-preview:-1\" \/>\n<link rel=\"canonical\" href=\"https:\/\/www.roovi.ro\/puzzle-edvard-munch-the-scream-1000-piese-disabled\/p\/\" \/>\n<meta property=\"og:locale\" content=\"ro_RO\" \/>\n<meta property=\"og:type\" content=\"article\" \/>\n<meta property=\"og:title\" content=\"Puzzle adulti 1000 piese Edvard Munch - The Scream - Roovi B2B\" \/>\n<meta property=\"og:description\" content=\"Pasionat de jocuri puzzle de 1000 piese \u0219i de picturi celebre? Recompune Puzzle The Scream \u0219i admir\u0103 \u00een tihn\u0103 un\" \/>\n<meta property=\"og:url\" content=\"https:\/\/www.roovi.ro\/puzzle-edvard-munch-the-scream-1000-piese-disabled\/p\/\" \/>\n<meta property=\"og:site_name\" content=\"Roovi B2B\" \/>\n<meta property=\"article:publisher\" content=\"https:\/\/www.facebook.com\/wwwjucariero\" \/>\n<meta property=\"article:modified_time\" content=\"2023-03-20T21:40:20+00:00\" \/>\n<meta property=\"og:image\" content=\"https:\/\/business.roovi.com\/wp-content\/uploads\/2018\/04\/72832-MU-01-WEB.jpg\" \/>\n\t<meta property=\"og:image:width\" content=\"1200\" \/>\n\t<meta property=\"og:image:height\" content=\"1200\" \/>\n\t<meta property=\"og:image:type\" content=\"image\/jpeg\" \/>\n<meta name=\"twitter:label1\" content=\"Timp estimat pentru citire\" \/>\n\t<meta name=\"twitter:data1\" content=\"3 minute\" \/>\n<script type=\"application\/ld+json\" class=\"yoast-schema-graph\">{\"@context\":\"https:\/\/schema.org\",\"@graph\":[{\"@type\":\"WebPage\",\"@id\":\"https:\/\/business.roovi.com\/ro\/puzzle-edvard-munch-the-scream-1000-piese-disabled\/p\/\",\"url\":\"https:\/\/www.roovi.ro\/puzzle-edvard-munch-the-scream-1000-piese-disabled\/p\/\",\"name\":\"Puzzle adulti 1000 piese Edvard Munch - The Scream - Roovi B2B\",\"isPartOf\":{\"@id\":\"https:\/\/business.roovi.com\/ro\/#website\"},\"datePublished\":\"2023-02-21T08:04:57+00:00\",\"dateModified\":\"2023-03-20T21:40:20+00:00\",\"breadcrumb\":{\"@id\":\"https:\/\/www.roovi.ro\/puzzle-edvard-munch-the-scream-1000-piese-disabled\/p\/#breadcrumb\"},\"inLanguage\":\"ro-RO\",\"potentialAction\":[{\"@type\":\"ReadAction\",\"target\":[\"https:\/\/www.roovi.ro\/puzzle-edvard-munch-the-scream-1000-piese-disabled\/p\/\"]}]},{\"@type\":\"BreadcrumbList\",\"@id\":\"https:\/\/www.roovi.ro\/puzzle-edvard-munch-the-scream-1000-piese-disabled\/p\/#breadcrumb\",\"itemListElement\":[{\"@type\":\"ListItem\",\"position\":1,\"name\":\"Home\",\"item\":\"https:\/\/business.roovi.com\/ro\/\"},{\"@type\":\"ListItem\",\"position\":2,\"name\":\"Magazin\",\"item\":\"https:\/\/business.roovi.com\/ro\/magazin\/\"},{\"@type\":\"ListItem\",\"position\":3,\"name\":\"Puzzle adulti 1000 piese Edvard Munch &#8211; The Scream\"}]},{\"@type\":\"WebSite\",\"@id\":\"https:\/\/business.roovi.com\/ro\/#website\",\"url\":\"https:\/\/business.roovi.com\/ro\/\",\"name\":\"Roovi B2B\",\"description\":\"Roovi Business Website\",\"potentialAction\":[{\"@type\":\"SearchAction\",\"target\":{\"@type\":\"EntryPoint\",\"urlTemplate\":\"https:\/\/business.roovi.com\/ro\/?s={search_term_string}\"},\"query-input\":\"required name=search_term_string\"}],\"inLanguage\":\"ro-RO\"}]}<\/script>\n<!-- \/ Yoast SEO plugin. -->","yoast_head_json":{"title":"Puzzle adulti 1000 piese Edvard Munch - The Scream - Roovi B2B","robots":{"index":"index","follow":"follow","max-snippet":"max-snippet:-1","max-image-preview":"max-image-preview:large","max-video-preview":"max-video-preview:-1"},"canonical":"https:\/\/www.roovi.ro\/puzzle-edvard-munch-the-scream-1000-piese-disabled\/p\/","og_locale":"ro_RO","og_type":"article","og_title":"Puzzle adulti 1000 piese Edvard Munch - The Scream - Roovi B2B","og_description":"Pasionat de jocuri puzzle de 1000 piese \u0219i de picturi celebre? Recompune Puzzle The Scream \u0219i admir\u0103 \u00een tihn\u0103 un","og_url":"https:\/\/www.roovi.ro\/puzzle-edvard-munch-the-scream-1000-piese-disabled\/p\/","og_site_name":"Roovi B2B","article_publisher":"https:\/\/www.facebook.com\/wwwjucariero","article_modified_time":"2023-03-20T21:40:20+00:00","og_image":[{"width":1200,"height":1200,"url":"https:\/\/business.roovi.com\/wp-content\/uploads\/2018\/04\/72832-MU-01-WEB.jpg","type":"image\/jpeg"}],"twitter_misc":{"Timp estimat pentru citire":"3 minute"},"schema":{"@context":"https:\/\/schema.org","@graph":[{"@type":"WebPage","@id":"https:\/\/business.roovi.com\/ro\/puzzle-edvard-munch-the-scream-1000-piese-disabled\/p\/","url":"https:\/\/www.roovi.ro\/puzzle-edvard-munch-the-scream-1000-piese-disabled\/p\/","name":"Puzzle adulti 1000 piese Edvard Munch - The Scream - Roovi B2B","isPartOf":{"@id":"https:\/\/business.roovi.com\/ro\/#website"},"datePublished":"2023-02-21T08:04:57+00:00","dateModified":"2023-03-20T21:40:20+00:00","breadcrumb":{"@id":"https:\/\/www.roovi.ro\/puzzle-edvard-munch-the-scream-1000-piese-disabled\/p\/#breadcrumb"},"inLanguage":"ro-RO","potentialAction":[{"@type":"ReadAction","target":["https:\/\/www.roovi.ro\/puzzle-edvard-munch-the-scream-1000-piese-disabled\/p\/"]}]},{"@type":"BreadcrumbList","@id":"https:\/\/www.roovi.ro\/puzzle-edvard-munch-the-scream-1000-piese-disabled\/p\/#breadcrumb","itemListElement":[{"@type":"ListItem","position":1,"name":"Home","item":"https:\/\/business.roovi.com\/ro\/"},{"@type":"ListItem","position":2,"name":"Magazin","item":"https:\/\/business.roovi.com\/ro\/magazin\/"},{"@type":"ListItem","position":3,"name":"Puzzle adulti 1000 piese Edvard Munch &#8211; The Scream"}]},{"@type":"WebSite","@id":"https:\/\/business.roovi.com\/ro\/#website","url":"https:\/\/business.roovi.com\/ro\/","name":"Roovi B2B","description":"Roovi Business Website","potentialAction":[{"@type":"SearchAction","target":{"@type":"EntryPoint","urlTemplate":"https:\/\/business.roovi.com\/ro\/?s={search_term_string}"},"query-input":"required name=search_term_string"}],"inLanguage":"ro-RO"}]}},"_links":{"self":[{"href":"https:\/\/business.roovi.com\/ro\/wp-json\/wp\/v2\/product\/17955","targetHints":{"allow":["GET"]}}],"collection":[{"href":"https:\/\/business.roovi.com\/ro\/wp-json\/wp\/v2\/product"}],"about":[{"href":"https:\/\/business.roovi.com\/ro\/wp-json\/wp\/v2\/types\/product"}],"version-history":[{"count":0,"href":"https:\/\/business.roovi.com\/ro\/wp-json\/wp\/v2\/product\/17955\/revisions"}],"wp:featuredmedia":[{"embeddable":true,"href":"https:\/\/business.roovi.com\/ro\/wp-json\/wp\/v2\/media\/63481"}],"wp:attachment":[{"href":"https:\/\/business.roovi.com\/ro\/wp-json\/wp\/v2\/media?parent=17955"}],"wp:term":[{"taxonomy":"product_brand","embeddable":true,"href":"https:\/\/business.roovi.com\/ro\/wp-json\/wp\/v2\/product_brand?post=17955"},{"taxonomy":"product_cat","embeddable":true,"href":"https:\/\/business.roovi.com\/ro\/wp-json\/wp\/v2\/product_cat?post=17955"},{"taxonomy":"product_tag","embeddable":true,"href":"https:\/\/business.roovi.com\/ro\/wp-json\/wp\/v2\/product_tag?post=17955"}],"curies":[{"name":"wp","href":"https:\/\/api.w.org\/{rel}","templated":true}]}}