{"id":17975,"date":"2018-04-16T10:56:17","date_gmt":"2018-04-16T10:56:17","guid":{"rendered":"https:\/\/business.roovi.com\/product\/puzzle-wassily-kandinsky-sketch-for-composition-ii-1000-piese\/"},"modified":"2023-03-20T21:40:15","modified_gmt":"2023-03-20T21:40:15","slug":"puzzle-adulti-1000-piese-wassily-kandinsky-sketch-for-composition-ii","status":"publish","type":"product","link":"https:\/\/business.roovi.com\/ro\/puzzle-adulti-1000-piese-wassily-kandinsky-sketch-for-composition-ii\/p\/","title":{"rendered":"&#8222;Puzzle adulti 1000 piese Wassily Kandinsky &#8211; Sketch for &#8222;Composition II&#8221;"},"content":{"rendered":"<p><span style=\"font-weight: 400; font-size: 14px;\">E\u0219ti gata pentru o nou\u0103 provocare? Testeaz\u0103-\u021bi r\u0103bdarea \u0219i aten\u021bia la detalii cu puzzle 1000 piese Wassily Kandinsky &#8211; Sketch for &#8222;Composition II&#8221;. Acest minunat puzzle de art\u0103 red\u0103 imaginea vibrant\u0103 \u0219i plin\u0103 de culoare a operei abstracte create de Kandinsky. Schi\u021b\u0103 pentru &#8222;Compozi\u021bie II&#8221; dezvolt\u0103 motivul calului \u0219i c\u0103l\u0103re\u021bului, \u00eentr-o compozi\u021bie complex\u0103 de culori \u0219i forme.\u00a0<\/span><\/p>\n<p><span style=\"font-weight: 400; font-size: 14px;\">Kandinsky a creat mai multe &#8222;Compozi\u021bii&#8221; de-a lungul carierei sale \u0219i le-a atribuit semnifica\u021bii profund spirituale. \u00cendr\u0103zne\u0219te s\u0103 intri \u00een aceast\u0103 lume abstract\u0103 \u0219i s\u0103 descoperi sensul artei pictorului rus prin acest puzzle de art\u0103 Wassily Kandinsky &#8211; Sketch for &#8222;Composition II&#8221;. Pentru suportul pieselor, po\u021bi utiliza o m\u0103su\u021b\u0103 obi\u0219nuit\u0103 de cafea. Tabloul final are dimensiunile de 50 x 70 cm. Cite\u0219te mai jos mai multe informa\u021bii despre acest puzzle de art\u0103.<\/span><\/p>\n<p><span style=\"font-size: 14px;\"><strong>Material puzzle:\u00a0<\/strong><\/span><\/p>\n<p><span style=\"font-size: 14px;\"><strong>carton albastru de o calitate superioar\u0103<\/strong><\/span><\/p>\n<p><span style=\"font-size: 14px;\"><strong>materiale sustenabile, reciclabile<\/strong><\/span><\/p>\n<p><span style=\"font-size: 14px;\"><strong>finisaj semi-lucios, culori vii<\/strong><\/span><\/p>\n<p><span style=\"font-size: 14px;\"><strong>Num\u0103rul pieselor de puzzle: 1000<\/strong><\/span><\/p>\n<p><span style=\"font-size: 14px;\"><strong>V\u00e2rsta recomandat\u0103: 14+<\/strong><\/span><\/p>\n<p><span style=\"font-size: 14px;\"><strong>Puzzle 1000 piese pentru relaxare \u0219i distrac\u021bie<\/strong><\/span><\/p>\n<p><span style=\"font-weight: 400; font-size: 14px;\">Activitatea de asamblare a puzzle-urilor de 1000 piese \u00ee\u021bi aduce relaxare \u0219i te scoate din monotonia dup\u0103-amiezelor ploioase sau friguroase. Po\u021bi antrena \u00een jocurile puzzle copiii, bunicii sau prietenii \u0219i astfel ve\u021bi petrece \u00eempreun\u0103 clipe minunate. \u00cen plus, jocurile puzzle v\u0103 ajut\u0103 s\u0103:<\/span><\/p>\n<ul>\n<li><span style=\"font-weight: 400; font-size: 14px;\">Rezolva\u021bi \u00eempreun\u0103 sarcini dificile<\/span><\/li>\n<li><span style=\"font-weight: 400; font-size: 14px;\">V\u0103 cunoa\u0219te\u021bi mai bine \u0219i s\u0103 comunica\u021bi eficient.<\/span><\/li>\n<li><span style=\"font-weight: 400; font-size: 14px;\">V\u0103 antrena\u021bi aten\u021bia la detalii \u0219i r\u0103bdarea.<\/span><\/li>\n<li><span style=\"font-weight: 400; font-size: 14px;\">V\u0103 perfec\u021biona\u021bi abilit\u0103\u021bile de rezolvare a puzzle-urilor de 1000 piese.<\/span><\/li>\n<\/ul>\n<p><span style=\"font-size: 14px;\"><strong>Despre Wassily Kandinsky \u0219tiai c\u0103?<\/strong><\/span><\/p>\n<p><span style=\"font-weight: 400; font-size: 14px;\">Este primul pictor care a realizat picturi abstracte.<\/span><\/p>\n<p><span style=\"font-size: 14px;\"><span style=\"font-weight: 400;\">A studiat avocatura \u0219i a refuzat un post de profesor de drept la Universitatea <\/span><span style=\"font-weight: 400;\">Dorpat<\/span> <span style=\"font-weight: 400;\">din Estonia \u00een detrimentul picturii.<\/span><\/span><\/p>\n<p><span style=\"font-weight: 400; font-size: 14px;\">\u00cen multe din lucr\u0103rile sale s-a inspirat din muzic\u0103. A scris adesea despre influen\u021ba acestei arte asupra operei proprii.<\/span><\/p>\n<p><span style=\"font-weight: 400; font-size: 14px;\">Multe din lucr\u0103rile sale s-au pierdut de-a lungul vremii. Lucr\u0103rile sale nu se conformau socialismului sovietic, iar nazi\u0219tii i-au numit arta &#8222;degenerat\u0103&#8221;.<\/span><\/p>\n<p><span style=\"font-weight: 400; font-size: 14px;\">\u00a0&#8222;Schi\u021ba pentru &#8222;Compozi\u021bia II&#8221; a fost primit\u0103 cu critici acerbe, speciali\u0219tii vremii declar\u00e2nd c\u0103 pare a fi realizat\u0103 de un nebun sau de o persoan\u0103 aflat\u0103 sub influen\u021ba substan\u021belor interzise.<\/span><\/p>\n<p><span style=\"font-size: 14px;\"><strong>Puzzle-urile de art\u0103: un motiv de evadare \u00eentr-o lume uimitoare<\/strong><\/span><\/p>\n<p><span style=\"font-weight: 400; font-size: 14px;\">S\u0103 refaci imagini ale picturilor celebre din puzzle 1000 piese este o binemeritat\u0103 evadare de la grijile cotidiene. Te sim\u021bi ca un adev\u0103rat artist pun\u00e2nd pies\u0103 l\u00e2ng\u0103 pies\u0103 \u0219i ref\u0103c\u00e2nd o capodoper\u0103 complex\u0103. Descoperi astfel o lume plin\u0103 de culoare, simboluri \u0219i vibra\u021bii pozitive care te \u00eenv\u0103luie \u0219i \u00ee\u021bi dau o stare de relaxare profund\u0103 \u0219i de reconectare cu tine \u00eensu\u021bi.<\/span><\/p>\n<p><span style=\"font-weight: 400; font-size: 14px;\">Cump\u0103r\u0103 puzzle de art\u0103 Wassily Kandinsky &#8211; Sketch for &#8222;Composition II&#8221; \u0219i descoper\u0103 simbolistica uimitoare din opera abstract\u0103 a faimosului pictor rus. Descoper\u0103 \u00eentreaga colec\u021bie cu opere de art\u0103 abstracte reprezentate \u00een puzzle-uri de art\u0103 \u0219i creeaz\u0103-\u021bi o galerie original\u0103 de tablouri deosebite.<\/span><\/p>\n<p><span style=\"font-weight: 400; font-size: 14px;\">Cau\u021bi un cadou rafinat? Puzzle 1000 piese Wassily Kandinsky &#8211; Sketch for &#8222;Composition II&#8221; din colec\u021bia noastr\u0103 puzzle de art\u0103 este exact ceea ce \u00ee\u021bi trebuie!<\/span><\/p>\n","protected":false},"excerpt":{"rendered":"<p><span style=\"font-weight: 400;\">Te plictise\u0219ti \u00een zilele monotone de iarn\u0103? Asambleaz\u0103 puzzle-uri de 1000 piese din cea mai mare colec\u021bie de puzzle-uri de art\u0103 produse \u00een Rom\u00e2nia \u0219i d\u0103 culoare timpului t\u0103u liber!\u00a0<\/span><\/p>\n","protected":false},"featured_media":63530,"template":"","meta":[],"product_brand":[],"product_cat":[1454,1488,1560],"product_tag":[],"class_list":{"0":"post-17975","1":"product","2":"type-product","3":"status-publish","4":"has-post-thumbnail","6":"product_cat-puzzle","7":"product_cat-puzzle-adulti","8":"product_cat-puzzle-adulti-1000","9":"pa_bax-1273","10":"pa_brand-d_toys","11":"pa_country_of_manufacture-ro","12":"pa_filter_age-1315","13":"pa_painter-wassilykandinsky","14":"pa_tip_ambalaj-cutie","15":"pa_tip_puzzle-clasic","17":"first","18":"instock","19":"taxable","20":"shipping-taxable","21":"product-type-simple"},"yoast_head":"<!-- This site is optimized with the Yoast SEO plugin v20.1 - https:\/\/yoast.com\/wordpress\/plugins\/seo\/ -->\n<title>&quot;Puzzle adulti 1000 piese Wassily Kandinsky - Sketch for &quot;Composition II&quot; - Roovi B2B<\/title>\n<meta name=\"robots\" content=\"index, follow, max-snippet:-1, max-image-preview:large, max-video-preview:-1\" \/>\n<link rel=\"canonical\" href=\"https:\/\/www.roovi.ro\/puzzle-adulti-1000-piese-wassily-kandinsky-sketch-for-composition-ii\/p\/\" \/>\n<meta property=\"og:locale\" content=\"ro_RO\" \/>\n<meta property=\"og:type\" content=\"article\" \/>\n<meta property=\"og:title\" content=\"&quot;Puzzle adulti 1000 piese Wassily Kandinsky - Sketch for &quot;Composition II&quot; - Roovi B2B\" \/>\n<meta property=\"og:description\" content=\"Te plictise\u0219ti \u00een zilele monotone de iarn\u0103? Asambleaz\u0103 puzzle-uri de 1000 piese din cea mai mare colec\u021bie de puzzle-uri de art\u0103 produse \u00een Rom\u00e2nia \u0219i d\u0103 culoare timpului t\u0103u liber!\u00a0\" \/>\n<meta property=\"og:url\" content=\"https:\/\/www.roovi.ro\/puzzle-adulti-1000-piese-wassily-kandinsky-sketch-for-composition-ii\/p\/\" \/>\n<meta property=\"og:site_name\" content=\"Roovi B2B\" \/>\n<meta property=\"article:publisher\" content=\"https:\/\/www.facebook.com\/wwwjucariero\" \/>\n<meta property=\"article:modified_time\" content=\"2023-03-20T21:40:15+00:00\" \/>\n<meta property=\"og:image\" content=\"https:\/\/business.roovi.com\/wp-content\/uploads\/2018\/04\/72849-KA-01-WEB.jpg\" \/>\n\t<meta property=\"og:image:width\" content=\"1200\" \/>\n\t<meta property=\"og:image:height\" content=\"1200\" \/>\n\t<meta property=\"og:image:type\" content=\"image\/jpeg\" \/>\n<meta name=\"twitter:label1\" content=\"Timp estimat pentru citire\" \/>\n\t<meta name=\"twitter:data1\" content=\"3 minute\" \/>\n<script type=\"application\/ld+json\" class=\"yoast-schema-graph\">{\"@context\":\"https:\/\/schema.org\",\"@graph\":[{\"@type\":\"WebPage\",\"@id\":\"https:\/\/business.roovi.com\/ro\/puzzle-adulti-1000-piese-wassily-kandinsky-sketch-for-composition-ii\/p\/\",\"url\":\"https:\/\/www.roovi.ro\/puzzle-adulti-1000-piese-wassily-kandinsky-sketch-for-composition-ii\/p\/\",\"name\":\"\\\"Puzzle adulti 1000 piese Wassily Kandinsky - Sketch for \\\"Composition II\\\" - Roovi B2B\",\"isPartOf\":{\"@id\":\"https:\/\/business.roovi.com\/ro\/#website\"},\"datePublished\":\"2018-04-16T10:56:17+00:00\",\"dateModified\":\"2023-03-20T21:40:15+00:00\",\"breadcrumb\":{\"@id\":\"https:\/\/www.roovi.ro\/puzzle-adulti-1000-piese-wassily-kandinsky-sketch-for-composition-ii\/p\/#breadcrumb\"},\"inLanguage\":\"ro-RO\",\"potentialAction\":[{\"@type\":\"ReadAction\",\"target\":[\"https:\/\/www.roovi.ro\/puzzle-adulti-1000-piese-wassily-kandinsky-sketch-for-composition-ii\/p\/\"]}]},{\"@type\":\"BreadcrumbList\",\"@id\":\"https:\/\/www.roovi.ro\/puzzle-adulti-1000-piese-wassily-kandinsky-sketch-for-composition-ii\/p\/#breadcrumb\",\"itemListElement\":[{\"@type\":\"ListItem\",\"position\":1,\"name\":\"Home\",\"item\":\"https:\/\/business.roovi.com\/ro\/\"},{\"@type\":\"ListItem\",\"position\":2,\"name\":\"Magazin\",\"item\":\"https:\/\/business.roovi.com\/ro\/magazin\/\"},{\"@type\":\"ListItem\",\"position\":3,\"name\":\"&#8220;Puzzle adulti 1000 piese Wassily Kandinsky &#8211; Sketch for &#8220;Composition II&#8221;\"}]},{\"@type\":\"WebSite\",\"@id\":\"https:\/\/business.roovi.com\/ro\/#website\",\"url\":\"https:\/\/business.roovi.com\/ro\/\",\"name\":\"Roovi B2B\",\"description\":\"Roovi Business Website\",\"potentialAction\":[{\"@type\":\"SearchAction\",\"target\":{\"@type\":\"EntryPoint\",\"urlTemplate\":\"https:\/\/business.roovi.com\/ro\/?s={search_term_string}\"},\"query-input\":\"required name=search_term_string\"}],\"inLanguage\":\"ro-RO\"}]}<\/script>\n<!-- \/ Yoast SEO plugin. -->","yoast_head_json":{"title":"\"Puzzle adulti 1000 piese Wassily Kandinsky - Sketch for \"Composition II\" - Roovi B2B","robots":{"index":"index","follow":"follow","max-snippet":"max-snippet:-1","max-image-preview":"max-image-preview:large","max-video-preview":"max-video-preview:-1"},"canonical":"https:\/\/www.roovi.ro\/puzzle-adulti-1000-piese-wassily-kandinsky-sketch-for-composition-ii\/p\/","og_locale":"ro_RO","og_type":"article","og_title":"\"Puzzle adulti 1000 piese Wassily Kandinsky - Sketch for \"Composition II\" - Roovi B2B","og_description":"Te plictise\u0219ti \u00een zilele monotone de iarn\u0103? Asambleaz\u0103 puzzle-uri de 1000 piese din cea mai mare colec\u021bie de puzzle-uri de art\u0103 produse \u00een Rom\u00e2nia \u0219i d\u0103 culoare timpului t\u0103u liber!\u00a0","og_url":"https:\/\/www.roovi.ro\/puzzle-adulti-1000-piese-wassily-kandinsky-sketch-for-composition-ii\/p\/","og_site_name":"Roovi B2B","article_publisher":"https:\/\/www.facebook.com\/wwwjucariero","article_modified_time":"2023-03-20T21:40:15+00:00","og_image":[{"width":1200,"height":1200,"url":"https:\/\/business.roovi.com\/wp-content\/uploads\/2018\/04\/72849-KA-01-WEB.jpg","type":"image\/jpeg"}],"twitter_misc":{"Timp estimat pentru citire":"3 minute"},"schema":{"@context":"https:\/\/schema.org","@graph":[{"@type":"WebPage","@id":"https:\/\/business.roovi.com\/ro\/puzzle-adulti-1000-piese-wassily-kandinsky-sketch-for-composition-ii\/p\/","url":"https:\/\/www.roovi.ro\/puzzle-adulti-1000-piese-wassily-kandinsky-sketch-for-composition-ii\/p\/","name":"\"Puzzle adulti 1000 piese Wassily Kandinsky - Sketch for \"Composition II\" - Roovi B2B","isPartOf":{"@id":"https:\/\/business.roovi.com\/ro\/#website"},"datePublished":"2018-04-16T10:56:17+00:00","dateModified":"2023-03-20T21:40:15+00:00","breadcrumb":{"@id":"https:\/\/www.roovi.ro\/puzzle-adulti-1000-piese-wassily-kandinsky-sketch-for-composition-ii\/p\/#breadcrumb"},"inLanguage":"ro-RO","potentialAction":[{"@type":"ReadAction","target":["https:\/\/www.roovi.ro\/puzzle-adulti-1000-piese-wassily-kandinsky-sketch-for-composition-ii\/p\/"]}]},{"@type":"BreadcrumbList","@id":"https:\/\/www.roovi.ro\/puzzle-adulti-1000-piese-wassily-kandinsky-sketch-for-composition-ii\/p\/#breadcrumb","itemListElement":[{"@type":"ListItem","position":1,"name":"Home","item":"https:\/\/business.roovi.com\/ro\/"},{"@type":"ListItem","position":2,"name":"Magazin","item":"https:\/\/business.roovi.com\/ro\/magazin\/"},{"@type":"ListItem","position":3,"name":"&#8220;Puzzle adulti 1000 piese Wassily Kandinsky &#8211; Sketch for &#8220;Composition II&#8221;"}]},{"@type":"WebSite","@id":"https:\/\/business.roovi.com\/ro\/#website","url":"https:\/\/business.roovi.com\/ro\/","name":"Roovi B2B","description":"Roovi Business Website","potentialAction":[{"@type":"SearchAction","target":{"@type":"EntryPoint","urlTemplate":"https:\/\/business.roovi.com\/ro\/?s={search_term_string}"},"query-input":"required name=search_term_string"}],"inLanguage":"ro-RO"}]}},"_links":{"self":[{"href":"https:\/\/business.roovi.com\/ro\/wp-json\/wp\/v2\/product\/17975","targetHints":{"allow":["GET"]}}],"collection":[{"href":"https:\/\/business.roovi.com\/ro\/wp-json\/wp\/v2\/product"}],"about":[{"href":"https:\/\/business.roovi.com\/ro\/wp-json\/wp\/v2\/types\/product"}],"version-history":[{"count":0,"href":"https:\/\/business.roovi.com\/ro\/wp-json\/wp\/v2\/product\/17975\/revisions"}],"wp:featuredmedia":[{"embeddable":true,"href":"https:\/\/business.roovi.com\/ro\/wp-json\/wp\/v2\/media\/63530"}],"wp:attachment":[{"href":"https:\/\/business.roovi.com\/ro\/wp-json\/wp\/v2\/media?parent=17975"}],"wp:term":[{"taxonomy":"product_brand","embeddable":true,"href":"https:\/\/business.roovi.com\/ro\/wp-json\/wp\/v2\/product_brand?post=17975"},{"taxonomy":"product_cat","embeddable":true,"href":"https:\/\/business.roovi.com\/ro\/wp-json\/wp\/v2\/product_cat?post=17975"},{"taxonomy":"product_tag","embeddable":true,"href":"https:\/\/business.roovi.com\/ro\/wp-json\/wp\/v2\/product_tag?post=17975"}],"curies":[{"name":"wp","href":"https:\/\/api.w.org\/{rel}","templated":true}]}}