{"id":18005,"date":"2018-04-16T10:56:17","date_gmt":"2018-04-16T10:56:17","guid":{"rendered":"https:\/\/business.roovi.com\/product\/puzzle-wassily-kandinsky-red-blue-1000-piese\/"},"modified":"2025-03-18T08:40:35","modified_gmt":"2025-03-18T08:40:35","slug":"puzzle-adulti-1000-piese-wassily-kandinsky-yellow-red-blue","status":"publish","type":"product","link":"https:\/\/business.roovi.com\/ro\/puzzle-adulti-1000-piese-wassily-kandinsky-yellow-red-blue\/p\/","title":{"rendered":"Puzzle adulti 1000 piese Wassily Kandinsky &#8211; Yellow- Red-Blue"},"content":{"rendered":"<p><span style=\"font-weight: 400;\">Bine ai venit \u00een cea mai mare galerie de art\u0103 alc\u0103tuit\u0103 din puzzle-uri de 1000 piese! Plimb\u0103-te virtual printre sutele de modele de puzzle-uri de art\u0103, selecteaz\u0103-\u021bi favoritele \u0219i creeaz\u0103-\u021bi propria colec\u021bie de tablouri din puzzle-uri de 1000 piese.<\/span><\/p>\n<p><span style=\"font-weight: 400;\">Din colec\u021bia ta de tablouri din puzzle de art\u0103 nu trebuie s\u0103 lipseasc\u0103 puzzle 1000 piese Wassily Kandinsky &#8211; Yellow-Red-Blue\/Galben-Ro\u0219u-Albastru &#8211; o lucrare care te provoac\u0103 s\u0103 g\u00e2nde\u0219ti profund, dincolo de forme \u0219i culori. Picturile lui Kandinsky sunt \u00eenc\u0103rcate de simboluri psihologice, emo\u021bionale sau religioase.<\/span><\/p>\n<p><span style=\"font-weight: 400;\">\u00cendr\u0103zne\u0219te s\u0103 experimentezi o stare de relaxare profund\u0103 \u00een compania unei lucr\u0103ri de art\u0103 celebre. Trage-\u021bi aproape o m\u0103su\u021b\u0103 de cafea obi\u0219nuit\u0103 \u0219i \u00eencepi asamblarea primei picturi abstracte din colec\u021bia ta de puzzle-uri de art\u0103. Imaginea pe care o vei ob\u021bine are dimensiunile de 50 x 70 cm.<\/span><\/p>\n<p><span style=\"font-weight: 400;\">Alte informa\u021bii despre puzzle 1000 piese Wassily Kandinsky &#8211; Yellow-Red-Blue \/ Galben-Ro\u0219u-Albastru:<\/span><\/p>\n<p><strong>Material puzzle:\u00a0<\/strong><\/p>\n<p><strong>carton albastru de o calitate superioar\u0103<\/strong><\/p>\n<p><strong>materiale sustenabile, reciclabile<\/strong><\/p>\n<p><strong>finisaj semi-lucios, culori vii<\/strong><\/p>\n<p><strong>Num\u0103rul pieselor de puzzle: 1000<\/strong><\/p>\n<p><strong>V\u00e2rsta recomandat\u0103: 14+<\/strong><\/p>\n<p><strong>Puzzle-urile pentru adul\u021bi \u00ee\u021bi antreneaz\u0103 g\u00e2ndirea logic\u0103<\/strong><\/p>\n<p><span style=\"font-weight: 400;\">Puzzle-urile de 1000 piese sunt jocuri logice. Fiecare pies\u0103 are locul ei bine stabilit, iar pentru a reface imaginea \u00een totalitate trebuie s\u0103 g\u0103se\u0219ti ordinea logic\u0103 a tuturor pieselor. Prin exerci\u021biu zilnic, reu\u0219e\u0219ti s\u0103 devii un bun strateg \u0219i s\u0103 scazi timpul de asamblare pentru puzzle 1000 piese. \u00cen plus, \u00ee\u021bi vei folosi aceast\u0103 abilitate \u0219i pentru a rezolva alte probleme logice cu care te confrun\u021bi \u00een activitatea zilnic\u0103.<\/span><\/p>\n<p><span style=\"font-weight: 400;\">Alte abilit\u0103\u021bi pe care \u021bi le dezvol\u021bi datorit\u0103 jocurilor puzzle:<\/span><\/p>\n<ul>\n<li><span style=\"font-weight: 400;\">Memoria<\/span><\/li>\n<li><span style=\"font-weight: 400;\">Aten\u021bia la detalii<\/span><\/li>\n<li><span style=\"font-weight: 400;\">Perseveren\u021ba<\/span><\/li>\n<li><span style=\"font-weight: 400;\">Imagina\u021bia<\/span><\/li>\n<\/ul>\n<p><strong>Despre <\/strong><strong><em>Galben-Ro\u0219u-Albastru <\/em><\/strong><strong>\u0219tiai c\u0103?<\/strong><\/p>\n<p><span style=\"font-weight: 400;\">Este una dintre cele mai cunoscute \u0219i apreciate lucr\u0103ri ale lui Kandinsky<\/span><\/p>\n<p><span style=\"font-weight: 400;\">Pictura este divizat\u0103 \u00een dou\u0103: partea st\u00e2ng\u0103 cuprinde dreptunghiuri, p\u0103trate \u0219i linii drepte \u00een culori luminoase, iar partea dreapt\u0103 are forme abstracte \u0219i culori \u00eenchise.<\/span><\/p>\n<p><span style=\"font-weight: 400;\">Prin <\/span><em><span style=\"font-weight: 400;\">Galben-Ro\u0219u-Albastru<\/span><\/em><span style=\"font-weight: 400;\">, Kandinsky se distan\u021beaz\u0103 de constructivismul caracteristic perioadei \u00een care a creat aceast\u0103 oper\u0103.<\/span><\/p>\n<p><span style=\"font-weight: 400;\">Kandinsky c\u0103uta s\u0103 provoace prin lucr\u0103rile sale o reac\u021bie emo\u021bional\u0103 sau o conexiune \u00eentre privitor \u0219i pictur\u0103.<\/span><\/p>\n<p><span style=\"font-weight: 400;\">Pictorul s-a inspirat din culoare \u0219i muzic\u0103 \u0219i a combinat cele dou\u0103 pasiuni d\u00e2nd na\u0219tere unui stil abstract care i-a \u0219ocat pe contemporanii s\u0103i.<\/span><\/p>\n<p><strong>Puzzle-urile de art\u0103 te ajut\u0103 s\u0103 intri \u00een lumea picturilor celebre<\/strong><\/p>\n<p><span style=\"font-weight: 400;\">Dac\u0103 \u00ee\u021bi dore\u0219ti momente unice de relaxare \u0219i deta\u0219are, puzzle-urile de art\u0103 sunt exact ceea ce cau\u021bi. Pentru a reface imaginile picturilor celebre, vei petrece p\u00e2n\u0103 la 30 de ore de relaxare absolut\u0103. La final, munca ta este celebrat\u0103 printr-un tablou de excep\u021bie care va ar\u0103ta fabulos \u00een ram\u0103, pe unul dintre pere\u021bii casei tale.<\/span><\/p>\n<p><span style=\"font-weight: 400;\">Kandinsky a zugr\u0103vit \u00een picturile sale o lume interioar\u0103 complex\u0103. Descoper\u0103 simbolurile acesteia prin puzzle 1000 piese Wassily Kandinsky &#8211; Yellow-Red-Blue \/ Galben-Ro\u0219u-Albastru. Cump\u0103r\u0103 acest minunat puzzle de art\u0103 pentru tine sau ofer\u0103-l \u00een dar unui prieten pasionat de jocuri puzzle.<\/span><\/p>\n","protected":false},"excerpt":{"rendered":"<p>Bine ai venit \u00een cea mai mare galerie de art\u0103 alc\u0103tuit\u0103 din puzzle-uri de 1000 piese! Plimb\u0103-te virtual printre sutele<\/p>\n","protected":false},"featured_media":63543,"template":"","meta":[],"product_brand":[],"product_cat":[1454,1488,1560],"product_tag":[],"class_list":{"0":"post-18005","1":"product","2":"type-product","3":"status-publish","4":"has-post-thumbnail","6":"product_cat-puzzle","7":"product_cat-puzzle-adulti","8":"product_cat-puzzle-adulti-1000","9":"pa_bax-1273","10":"pa_brand-d_toys","11":"pa_country_of_manufacture-ro","12":"pa_filter_age-1315","13":"pa_painter-wassilykandinsky","14":"pa_tip_ambalaj-cutie","15":"pa_tip_puzzle-clasic","17":"first","18":"instock","19":"taxable","20":"shipping-taxable","21":"product-type-simple"},"yoast_head":"<!-- This site is optimized with the Yoast SEO plugin v20.1 - https:\/\/yoast.com\/wordpress\/plugins\/seo\/ -->\n<title>Puzzle adulti 1000 piese Wassily Kandinsky - Yellow- Red-Blue - Roovi B2B<\/title>\n<meta name=\"robots\" content=\"index, follow, max-snippet:-1, max-image-preview:large, max-video-preview:-1\" \/>\n<link rel=\"canonical\" href=\"https:\/\/www.roovi.ro\/puzzle-adulti-1000-piese-wassily-kandinsky-yellow-red-blue\/p\/\" \/>\n<meta property=\"og:locale\" content=\"ro_RO\" \/>\n<meta property=\"og:type\" content=\"article\" \/>\n<meta property=\"og:title\" content=\"Puzzle adulti 1000 piese Wassily Kandinsky - Yellow- Red-Blue - Roovi B2B\" \/>\n<meta property=\"og:description\" content=\"Bine ai venit \u00een cea mai mare galerie de art\u0103 alc\u0103tuit\u0103 din puzzle-uri de 1000 piese! Plimb\u0103-te virtual printre sutele\" \/>\n<meta property=\"og:url\" content=\"https:\/\/www.roovi.ro\/puzzle-adulti-1000-piese-wassily-kandinsky-yellow-red-blue\/p\/\" \/>\n<meta property=\"og:site_name\" content=\"Roovi B2B\" \/>\n<meta property=\"article:publisher\" content=\"https:\/\/www.facebook.com\/wwwjucariero\" \/>\n<meta property=\"article:modified_time\" content=\"2025-03-18T08:40:35+00:00\" \/>\n<meta property=\"og:image\" content=\"https:\/\/business.roovi.com\/wp-content\/uploads\/2018\/04\/72849-KA-03-WEB.jpg\" \/>\n\t<meta property=\"og:image:width\" content=\"1200\" \/>\n\t<meta property=\"og:image:height\" content=\"1200\" \/>\n\t<meta property=\"og:image:type\" content=\"image\/jpeg\" \/>\n<meta name=\"twitter:label1\" content=\"Timp estimat pentru citire\" \/>\n\t<meta name=\"twitter:data1\" content=\"3 minute\" \/>\n<script type=\"application\/ld+json\" class=\"yoast-schema-graph\">{\"@context\":\"https:\/\/schema.org\",\"@graph\":[{\"@type\":\"WebPage\",\"@id\":\"https:\/\/business.roovi.com\/ro\/puzzle-adulti-1000-piese-wassily-kandinsky-yellow-red-blue\/p\/\",\"url\":\"https:\/\/www.roovi.ro\/puzzle-adulti-1000-piese-wassily-kandinsky-yellow-red-blue\/p\/\",\"name\":\"Puzzle adulti 1000 piese Wassily Kandinsky - Yellow- Red-Blue - Roovi B2B\",\"isPartOf\":{\"@id\":\"https:\/\/business.roovi.com\/ro\/#website\"},\"datePublished\":\"2018-04-16T10:56:17+00:00\",\"dateModified\":\"2025-03-18T08:40:35+00:00\",\"breadcrumb\":{\"@id\":\"https:\/\/www.roovi.ro\/puzzle-adulti-1000-piese-wassily-kandinsky-yellow-red-blue\/p\/#breadcrumb\"},\"inLanguage\":\"ro-RO\",\"potentialAction\":[{\"@type\":\"ReadAction\",\"target\":[\"https:\/\/www.roovi.ro\/puzzle-adulti-1000-piese-wassily-kandinsky-yellow-red-blue\/p\/\"]}]},{\"@type\":\"BreadcrumbList\",\"@id\":\"https:\/\/www.roovi.ro\/puzzle-adulti-1000-piese-wassily-kandinsky-yellow-red-blue\/p\/#breadcrumb\",\"itemListElement\":[{\"@type\":\"ListItem\",\"position\":1,\"name\":\"Home\",\"item\":\"https:\/\/business.roovi.com\/ro\/\"},{\"@type\":\"ListItem\",\"position\":2,\"name\":\"Magazin\",\"item\":\"https:\/\/business.roovi.com\/ro\/magazin\/\"},{\"@type\":\"ListItem\",\"position\":3,\"name\":\"Puzzle adulti 1000 piese Wassily Kandinsky &#8211; Yellow- Red-Blue\"}]},{\"@type\":\"WebSite\",\"@id\":\"https:\/\/business.roovi.com\/ro\/#website\",\"url\":\"https:\/\/business.roovi.com\/ro\/\",\"name\":\"Roovi B2B\",\"description\":\"Roovi Business Website\",\"potentialAction\":[{\"@type\":\"SearchAction\",\"target\":{\"@type\":\"EntryPoint\",\"urlTemplate\":\"https:\/\/business.roovi.com\/ro\/?s={search_term_string}\"},\"query-input\":\"required name=search_term_string\"}],\"inLanguage\":\"ro-RO\"}]}<\/script>\n<!-- \/ Yoast SEO plugin. -->","yoast_head_json":{"title":"Puzzle adulti 1000 piese Wassily Kandinsky - Yellow- Red-Blue - Roovi B2B","robots":{"index":"index","follow":"follow","max-snippet":"max-snippet:-1","max-image-preview":"max-image-preview:large","max-video-preview":"max-video-preview:-1"},"canonical":"https:\/\/www.roovi.ro\/puzzle-adulti-1000-piese-wassily-kandinsky-yellow-red-blue\/p\/","og_locale":"ro_RO","og_type":"article","og_title":"Puzzle adulti 1000 piese Wassily Kandinsky - Yellow- Red-Blue - Roovi B2B","og_description":"Bine ai venit \u00een cea mai mare galerie de art\u0103 alc\u0103tuit\u0103 din puzzle-uri de 1000 piese! Plimb\u0103-te virtual printre sutele","og_url":"https:\/\/www.roovi.ro\/puzzle-adulti-1000-piese-wassily-kandinsky-yellow-red-blue\/p\/","og_site_name":"Roovi B2B","article_publisher":"https:\/\/www.facebook.com\/wwwjucariero","article_modified_time":"2025-03-18T08:40:35+00:00","og_image":[{"width":1200,"height":1200,"url":"https:\/\/business.roovi.com\/wp-content\/uploads\/2018\/04\/72849-KA-03-WEB.jpg","type":"image\/jpeg"}],"twitter_misc":{"Timp estimat pentru citire":"3 minute"},"schema":{"@context":"https:\/\/schema.org","@graph":[{"@type":"WebPage","@id":"https:\/\/business.roovi.com\/ro\/puzzle-adulti-1000-piese-wassily-kandinsky-yellow-red-blue\/p\/","url":"https:\/\/www.roovi.ro\/puzzle-adulti-1000-piese-wassily-kandinsky-yellow-red-blue\/p\/","name":"Puzzle adulti 1000 piese Wassily Kandinsky - Yellow- Red-Blue - Roovi B2B","isPartOf":{"@id":"https:\/\/business.roovi.com\/ro\/#website"},"datePublished":"2018-04-16T10:56:17+00:00","dateModified":"2025-03-18T08:40:35+00:00","breadcrumb":{"@id":"https:\/\/www.roovi.ro\/puzzle-adulti-1000-piese-wassily-kandinsky-yellow-red-blue\/p\/#breadcrumb"},"inLanguage":"ro-RO","potentialAction":[{"@type":"ReadAction","target":["https:\/\/www.roovi.ro\/puzzle-adulti-1000-piese-wassily-kandinsky-yellow-red-blue\/p\/"]}]},{"@type":"BreadcrumbList","@id":"https:\/\/www.roovi.ro\/puzzle-adulti-1000-piese-wassily-kandinsky-yellow-red-blue\/p\/#breadcrumb","itemListElement":[{"@type":"ListItem","position":1,"name":"Home","item":"https:\/\/business.roovi.com\/ro\/"},{"@type":"ListItem","position":2,"name":"Magazin","item":"https:\/\/business.roovi.com\/ro\/magazin\/"},{"@type":"ListItem","position":3,"name":"Puzzle adulti 1000 piese Wassily Kandinsky &#8211; Yellow- Red-Blue"}]},{"@type":"WebSite","@id":"https:\/\/business.roovi.com\/ro\/#website","url":"https:\/\/business.roovi.com\/ro\/","name":"Roovi B2B","description":"Roovi Business Website","potentialAction":[{"@type":"SearchAction","target":{"@type":"EntryPoint","urlTemplate":"https:\/\/business.roovi.com\/ro\/?s={search_term_string}"},"query-input":"required name=search_term_string"}],"inLanguage":"ro-RO"}]}},"_links":{"self":[{"href":"https:\/\/business.roovi.com\/ro\/wp-json\/wp\/v2\/product\/18005","targetHints":{"allow":["GET"]}}],"collection":[{"href":"https:\/\/business.roovi.com\/ro\/wp-json\/wp\/v2\/product"}],"about":[{"href":"https:\/\/business.roovi.com\/ro\/wp-json\/wp\/v2\/types\/product"}],"version-history":[{"count":0,"href":"https:\/\/business.roovi.com\/ro\/wp-json\/wp\/v2\/product\/18005\/revisions"}],"wp:featuredmedia":[{"embeddable":true,"href":"https:\/\/business.roovi.com\/ro\/wp-json\/wp\/v2\/media\/63543"}],"wp:attachment":[{"href":"https:\/\/business.roovi.com\/ro\/wp-json\/wp\/v2\/media?parent=18005"}],"wp:term":[{"taxonomy":"product_brand","embeddable":true,"href":"https:\/\/business.roovi.com\/ro\/wp-json\/wp\/v2\/product_brand?post=18005"},{"taxonomy":"product_cat","embeddable":true,"href":"https:\/\/business.roovi.com\/ro\/wp-json\/wp\/v2\/product_cat?post=18005"},{"taxonomy":"product_tag","embeddable":true,"href":"https:\/\/business.roovi.com\/ro\/wp-json\/wp\/v2\/product_tag?post=18005"}],"curies":[{"name":"wp","href":"https:\/\/api.w.org\/{rel}","templated":true}]}}