{"id":18020,"date":"2018-04-16T10:56:17","date_gmt":"2018-04-16T10:56:17","guid":{"rendered":"https:\/\/business.roovi.com\/product\/puzzle-wassily-kandinsky-points-1000-piese\/"},"modified":"2025-03-18T08:41:46","modified_gmt":"2025-03-18T08:41:46","slug":"puzzle-adulti-1000-piese-wassily-kandinsky-pointspuncte","status":"publish","type":"product","link":"https:\/\/business.roovi.com\/ro\/puzzle-adulti-1000-piese-wassily-kandinsky-pointspuncte\/p\/","title":{"rendered":"Puzzle adulti 1000 piese  Wassily Kandinsky &#8211; Points\/Puncte"},"content":{"rendered":"<p><span style=\"font-weight: 400;\">Pasionat de puzzle 1000 piese? Descoper\u0103 cea mai mare colec\u021bie de puzzle de art\u0103 din Rom\u00e2nia \u0219i perfec\u021bioneaz\u0103-\u021bi abilit\u0103\u021bile de asamblare. Reconstituie imagini cu picturi celebre \u0219i admir\u0103 tablourile de art\u0103 create din 1000 piese puzzle.<\/span><\/p>\n<p><span style=\"font-weight: 400;\">Puzzle 1000 piese Wassily Kandinsky &#8211; Points\/Puncte te introduce \u00een lumea artei abstracte. Pentru Kandinsky, arta pleac\u0103 de la un punct. Acesta este o mic\u0103 buc\u0103\u021bic\u0103 de culoare pus\u0103 de artist pe p\u00e2nz\u0103 \u0219i \u00een func\u021bie de plasarea sa pe planul de baz\u0103, va lua o tonalitate diferit\u0103. Punctul devine o for\u021b\u0103 ce produce efecte profunde \u00een mintea privitorului.<\/span><\/p>\n<p><span style=\"font-weight: 400;\">Pentru un iubitor de puzzle 1000 piese, aceast\u0103 imagine complex\u0103 va fi o provocare frumoas\u0103. Dup\u0103 o munc\u0103 minu\u021bioas\u0103, vei fi posesorul unei copii fidele dup\u0103 un tablou abstract celebru.\u00a0<\/span><\/p>\n<p><span style=\"font-weight: 400;\">Caracteristici puzzle de art\u0103 Wassily Kandinsky &#8211; Points\/Puncte:<\/span><\/p>\n<p><strong>Dimensiuni imagine: 50 x 70 cm. <\/strong><span style=\"font-weight: 400;\">Pentru suportul pieselor, po\u021bi utiliza o m\u0103su\u021b\u0103 obi\u0219nuit\u0103 de cafea.<\/span><\/p>\n<p><strong>Material puzzle:\u00a0<\/strong><\/p>\n<p><strong>carton albastru de o calitate superioar\u0103<\/strong><\/p>\n<p><strong>materiale sustenabile, reciclabile<\/strong><\/p>\n<p><strong>finisaj semi-lucios, culori vii<\/strong><\/p>\n<p><strong>Num\u0103rul pieselor de puzzle: 1000<\/strong><\/p>\n<p><strong>V\u00e2rsta recomandat\u0103: 14+<\/strong><\/p>\n<p><strong>4 beneficii pe care \u021bi le ofer\u0103 puzzle-urile de adul\u021bi<\/strong><\/p>\n<p><span style=\"font-weight: 400;\">Jocurile puzzle ofer\u0103 at\u00e2t momente de relaxare binemeritat\u0103, c\u00e2t \u0219i beneficii pentru s\u0103n\u0103tate. Cite\u0219te mai jos 4 dintre acestea:<\/span><\/p>\n<p><strong>1. Activarea func\u021biilor cognitive. <\/strong><span style=\"font-weight: 400;\">Jocurile puzzle sunt un antrenament excelent pentru creier, mai ales pentru persoanele trecute de prima tinere\u021be. S-a constatat c\u0103 30 de minute petrecute zilnic \u00een compania unui joc puzzle reduc riscul apari\u021biei Alzheimerului \u0219i al demen\u021bei.<\/span><\/p>\n<p><strong>2. Reduce anxietatea.<\/strong><span style=\"font-weight: 400;\"> Jocurile puzzle induc o stare de calm ceea ce ajut\u0103 la gestionarea st\u0103rilor de stres \u0219i anxietate.<\/span><\/p>\n<p><strong>3. Coordonarea m\u00e2n\u0103-ochi. <\/strong><span style=\"font-weight: 400;\">Exersarea \u0219i \u00eembun\u0103t\u0103\u021birea abilit\u0103\u021bilor motorii fine este un alt avantaj pe care \u021bi-l ofer\u0103 puzzle-urile adul\u021bi.<\/span><\/p>\n<p><strong>4. Favorizeaz\u0103 socializarea<\/strong><span style=\"font-weight: 400;\">. Contactul social este foarte important pentru starea general\u0103 de s\u0103n\u0103tate. \u00censingurarea \u0219i lipsa comunic\u0103rii\u00a0 cu ceilal\u021bi duc adesea la depresie. Jocurile puzzle aduc \u00eempreun\u0103 prietenii sau reunesc membrii familiei \u0219i sunt o bun\u0103 modalitate de reconectare cu ceilal\u021bi.<\/span><\/p>\n<p><strong>\u0218tiai c\u0103 aceste citate \u00eei apar\u021bin lui\u00a0 Wassily Kandinsky?<\/strong><\/p>\n<p><span style=\"font-weight: 400;\">Citatele de mai jos te vor ajuta, de asemenea, s\u0103 \u00een\u021belegi mai bine filosofia din spatele artei abstracte a celebrului pictor:<\/span><\/p>\n<ul>\n<li><em><span style=\"font-weight: 400;\">&#8222;Totul \u00eencepe cu un punct&#8221;.<\/span><\/em><\/li>\n<li><em><span style=\"font-weight: 400;\">&#8222;Artistul trebuie s\u0103-\u0219i antreneze nu doar ochiul, ci \u0219i sufletul&#8221;.<\/span><\/em><\/li>\n<li><em><span style=\"font-weight: 400;\">&#8222;Obiectele stric\u0103 imaginile&#8221;.<\/span><\/em><\/li>\n<li><em><span style=\"font-weight: 400;\">&#8222;Culoarea este cheia. Ochiul este ciocanul. Sufletul este pianul cu numeroasele sale acorduri. Artistul este m\u00e2na care, ating\u00e2nd aceast\u0103 sau acea cheie, face sufletul s\u0103 vibreze automat.&#8221;<\/span><\/em><\/li>\n<li><em><span style=\"font-weight: 400;\">&#8222;Fiecare perioad\u0103 a unei civiliza\u021bii creeaz\u0103 o art\u0103 care \u00eei este specific\u0103 \u0219i pe care nu o vom mai vedea ren\u0103scut\u0103 niciodat\u0103. \u00cencercarea de a re\u00eenvia principiile artei din secolele trecute nu poate duce dec\u00e2t la producerea de opere moarte&#8221;<\/span><\/em><span style=\"font-weight: 400;\">.<\/span><\/li>\n<\/ul>\n<p><span style=\"font-weight: 400;\">Puzzle-urile de art\u0103 sunt mai mult dec\u00e2t jocuri de relaxare. Ele te poart\u0103 \u00eentr-o lume plin\u0103 de culoare \u0219i te incit\u0103 s\u0103 descoperi simbolistica picturilor celebre. Dac\u0103 e\u0219ti dornic s\u0103 te deconectezi de la problemele cotidiene \u0219i s\u0103 p\u0103trunzi \u00een pove\u0219tile pline de farmec \u0219i mister ale capodoperelor artistice, puzzle-urile de art\u0103 sunt alegerea perfect\u0103.<\/span><\/p>\n<p><span style=\"font-weight: 400;\">Kandinsky este un artist cu o oper\u0103 abstract\u0103, dar care te va marca profund odat\u0103 ce \u00eei vei descoperi sensurile ascunse. Cump\u0103r\u0103 puzzle 1000 piese Wassily Kandinsky &#8211; Points\/Puncte, reconstituie imaginea \u0219i bucur\u0103-te de o lucrare de art\u0103 magnific\u0103.<\/span><\/p>\n<p><span style=\"font-weight: 400;\">Dac\u0103 e\u0219ti \u00een c\u0103utarea unui cadou pentru un prieten drag, puzzle de art\u0103 Wassily Kandinsky &#8211; Points\/Puncte este o alegere inspirat\u0103.<\/span><\/p>\n","protected":false},"excerpt":{"rendered":"<p>Pasionat de puzzle 1000 piese? Descoper\u0103 cea mai mare colec\u021bie de puzzle de art\u0103 din Rom\u00e2nia \u0219i perfec\u021bioneaz\u0103-\u021bi abilit\u0103\u021bile de<\/p>\n","protected":false},"featured_media":63537,"template":"","meta":[],"product_brand":[],"product_cat":[1454,1488,1560],"product_tag":[],"class_list":{"0":"post-18020","1":"product","2":"type-product","3":"status-publish","4":"has-post-thumbnail","6":"product_cat-puzzle","7":"product_cat-puzzle-adulti","8":"product_cat-puzzle-adulti-1000","9":"pa_bax-1273","10":"pa_brand-d_toys","11":"pa_country_of_manufacture-ro","12":"pa_filter_age-1315","13":"pa_painter-wassilykandinsky","14":"pa_tip_ambalaj-cutie","15":"pa_tip_puzzle-clasic","17":"first","18":"instock","19":"taxable","20":"shipping-taxable","21":"product-type-simple"},"yoast_head":"<!-- This site is optimized with the Yoast SEO plugin v20.1 - https:\/\/yoast.com\/wordpress\/plugins\/seo\/ -->\n<title>Puzzle adulti 1000 piese Wassily Kandinsky - Points\/Puncte - Roovi B2B<\/title>\n<meta name=\"robots\" content=\"index, follow, max-snippet:-1, max-image-preview:large, max-video-preview:-1\" \/>\n<link rel=\"canonical\" href=\"https:\/\/www.roovi.ro\/puzzle-adulti-1000-piese-wassily-kandinsky-pointspuncte\/p\/\" \/>\n<meta property=\"og:locale\" content=\"ro_RO\" \/>\n<meta property=\"og:type\" content=\"article\" \/>\n<meta property=\"og:title\" content=\"Puzzle adulti 1000 piese Wassily Kandinsky - Points\/Puncte - Roovi B2B\" \/>\n<meta property=\"og:description\" content=\"Pasionat de puzzle 1000 piese? Descoper\u0103 cea mai mare colec\u021bie de puzzle de art\u0103 din Rom\u00e2nia \u0219i perfec\u021bioneaz\u0103-\u021bi abilit\u0103\u021bile de\" \/>\n<meta property=\"og:url\" content=\"https:\/\/www.roovi.ro\/puzzle-adulti-1000-piese-wassily-kandinsky-pointspuncte\/p\/\" \/>\n<meta property=\"og:site_name\" content=\"Roovi B2B\" \/>\n<meta property=\"article:publisher\" content=\"https:\/\/www.facebook.com\/wwwjucariero\" \/>\n<meta property=\"article:modified_time\" content=\"2025-03-18T08:41:46+00:00\" \/>\n<meta property=\"og:image\" content=\"https:\/\/business.roovi.com\/wp-content\/uploads\/2018\/04\/72849-KA-04-WEB.jpg\" \/>\n\t<meta property=\"og:image:width\" content=\"1200\" \/>\n\t<meta property=\"og:image:height\" content=\"1200\" \/>\n\t<meta property=\"og:image:type\" content=\"image\/jpeg\" \/>\n<meta name=\"twitter:label1\" content=\"Timp estimat pentru citire\" \/>\n\t<meta name=\"twitter:data1\" content=\"3 minute\" \/>\n<script type=\"application\/ld+json\" class=\"yoast-schema-graph\">{\"@context\":\"https:\/\/schema.org\",\"@graph\":[{\"@type\":\"WebPage\",\"@id\":\"https:\/\/business.roovi.com\/ro\/puzzle-adulti-1000-piese-wassily-kandinsky-pointspuncte\/p\/\",\"url\":\"https:\/\/www.roovi.ro\/puzzle-adulti-1000-piese-wassily-kandinsky-pointspuncte\/p\/\",\"name\":\"Puzzle adulti 1000 piese Wassily Kandinsky - Points\/Puncte - Roovi B2B\",\"isPartOf\":{\"@id\":\"https:\/\/business.roovi.com\/ro\/#website\"},\"datePublished\":\"2018-04-16T10:56:17+00:00\",\"dateModified\":\"2025-03-18T08:41:46+00:00\",\"breadcrumb\":{\"@id\":\"https:\/\/www.roovi.ro\/puzzle-adulti-1000-piese-wassily-kandinsky-pointspuncte\/p\/#breadcrumb\"},\"inLanguage\":\"ro-RO\",\"potentialAction\":[{\"@type\":\"ReadAction\",\"target\":[\"https:\/\/www.roovi.ro\/puzzle-adulti-1000-piese-wassily-kandinsky-pointspuncte\/p\/\"]}]},{\"@type\":\"BreadcrumbList\",\"@id\":\"https:\/\/www.roovi.ro\/puzzle-adulti-1000-piese-wassily-kandinsky-pointspuncte\/p\/#breadcrumb\",\"itemListElement\":[{\"@type\":\"ListItem\",\"position\":1,\"name\":\"Home\",\"item\":\"https:\/\/business.roovi.com\/ro\/\"},{\"@type\":\"ListItem\",\"position\":2,\"name\":\"Magazin\",\"item\":\"https:\/\/business.roovi.com\/ro\/magazin\/\"},{\"@type\":\"ListItem\",\"position\":3,\"name\":\"Puzzle adulti 1000 piese Wassily Kandinsky &#8211; Points\/Puncte\"}]},{\"@type\":\"WebSite\",\"@id\":\"https:\/\/business.roovi.com\/ro\/#website\",\"url\":\"https:\/\/business.roovi.com\/ro\/\",\"name\":\"Roovi B2B\",\"description\":\"Roovi Business Website\",\"potentialAction\":[{\"@type\":\"SearchAction\",\"target\":{\"@type\":\"EntryPoint\",\"urlTemplate\":\"https:\/\/business.roovi.com\/ro\/?s={search_term_string}\"},\"query-input\":\"required name=search_term_string\"}],\"inLanguage\":\"ro-RO\"}]}<\/script>\n<!-- \/ Yoast SEO plugin. -->","yoast_head_json":{"title":"Puzzle adulti 1000 piese Wassily Kandinsky - Points\/Puncte - Roovi B2B","robots":{"index":"index","follow":"follow","max-snippet":"max-snippet:-1","max-image-preview":"max-image-preview:large","max-video-preview":"max-video-preview:-1"},"canonical":"https:\/\/www.roovi.ro\/puzzle-adulti-1000-piese-wassily-kandinsky-pointspuncte\/p\/","og_locale":"ro_RO","og_type":"article","og_title":"Puzzle adulti 1000 piese Wassily Kandinsky - Points\/Puncte - Roovi B2B","og_description":"Pasionat de puzzle 1000 piese? Descoper\u0103 cea mai mare colec\u021bie de puzzle de art\u0103 din Rom\u00e2nia \u0219i perfec\u021bioneaz\u0103-\u021bi abilit\u0103\u021bile de","og_url":"https:\/\/www.roovi.ro\/puzzle-adulti-1000-piese-wassily-kandinsky-pointspuncte\/p\/","og_site_name":"Roovi B2B","article_publisher":"https:\/\/www.facebook.com\/wwwjucariero","article_modified_time":"2025-03-18T08:41:46+00:00","og_image":[{"width":1200,"height":1200,"url":"https:\/\/business.roovi.com\/wp-content\/uploads\/2018\/04\/72849-KA-04-WEB.jpg","type":"image\/jpeg"}],"twitter_misc":{"Timp estimat pentru citire":"3 minute"},"schema":{"@context":"https:\/\/schema.org","@graph":[{"@type":"WebPage","@id":"https:\/\/business.roovi.com\/ro\/puzzle-adulti-1000-piese-wassily-kandinsky-pointspuncte\/p\/","url":"https:\/\/www.roovi.ro\/puzzle-adulti-1000-piese-wassily-kandinsky-pointspuncte\/p\/","name":"Puzzle adulti 1000 piese Wassily Kandinsky - Points\/Puncte - Roovi B2B","isPartOf":{"@id":"https:\/\/business.roovi.com\/ro\/#website"},"datePublished":"2018-04-16T10:56:17+00:00","dateModified":"2025-03-18T08:41:46+00:00","breadcrumb":{"@id":"https:\/\/www.roovi.ro\/puzzle-adulti-1000-piese-wassily-kandinsky-pointspuncte\/p\/#breadcrumb"},"inLanguage":"ro-RO","potentialAction":[{"@type":"ReadAction","target":["https:\/\/www.roovi.ro\/puzzle-adulti-1000-piese-wassily-kandinsky-pointspuncte\/p\/"]}]},{"@type":"BreadcrumbList","@id":"https:\/\/www.roovi.ro\/puzzle-adulti-1000-piese-wassily-kandinsky-pointspuncte\/p\/#breadcrumb","itemListElement":[{"@type":"ListItem","position":1,"name":"Home","item":"https:\/\/business.roovi.com\/ro\/"},{"@type":"ListItem","position":2,"name":"Magazin","item":"https:\/\/business.roovi.com\/ro\/magazin\/"},{"@type":"ListItem","position":3,"name":"Puzzle adulti 1000 piese Wassily Kandinsky &#8211; Points\/Puncte"}]},{"@type":"WebSite","@id":"https:\/\/business.roovi.com\/ro\/#website","url":"https:\/\/business.roovi.com\/ro\/","name":"Roovi B2B","description":"Roovi Business Website","potentialAction":[{"@type":"SearchAction","target":{"@type":"EntryPoint","urlTemplate":"https:\/\/business.roovi.com\/ro\/?s={search_term_string}"},"query-input":"required name=search_term_string"}],"inLanguage":"ro-RO"}]}},"_links":{"self":[{"href":"https:\/\/business.roovi.com\/ro\/wp-json\/wp\/v2\/product\/18020","targetHints":{"allow":["GET"]}}],"collection":[{"href":"https:\/\/business.roovi.com\/ro\/wp-json\/wp\/v2\/product"}],"about":[{"href":"https:\/\/business.roovi.com\/ro\/wp-json\/wp\/v2\/types\/product"}],"version-history":[{"count":0,"href":"https:\/\/business.roovi.com\/ro\/wp-json\/wp\/v2\/product\/18020\/revisions"}],"wp:featuredmedia":[{"embeddable":true,"href":"https:\/\/business.roovi.com\/ro\/wp-json\/wp\/v2\/media\/63537"}],"wp:attachment":[{"href":"https:\/\/business.roovi.com\/ro\/wp-json\/wp\/v2\/media?parent=18020"}],"wp:term":[{"taxonomy":"product_brand","embeddable":true,"href":"https:\/\/business.roovi.com\/ro\/wp-json\/wp\/v2\/product_brand?post=18020"},{"taxonomy":"product_cat","embeddable":true,"href":"https:\/\/business.roovi.com\/ro\/wp-json\/wp\/v2\/product_cat?post=18020"},{"taxonomy":"product_tag","embeddable":true,"href":"https:\/\/business.roovi.com\/ro\/wp-json\/wp\/v2\/product_tag?post=18020"}],"curies":[{"name":"wp","href":"https:\/\/api.w.org\/{rel}","templated":true}]}}