{"id":18035,"date":"2018-04-16T10:56:17","date_gmt":"2018-04-16T10:56:17","guid":{"rendered":"https:\/\/business.roovi.com\/product\/puzzle-franz-marc-foxes-1000-piese\/"},"modified":"2025-03-18T08:45:15","modified_gmt":"2025-03-18T08:45:15","slug":"puzzle-adulti-1000-piese-franz-marc-foxesvulpi","status":"publish","type":"product","link":"https:\/\/business.roovi.com\/ro\/puzzle-adulti-1000-piese-franz-marc-foxesvulpi\/p\/","title":{"rendered":"Puzzle adulti 1000 piese Franz Marc &#8211; Foxes\/Vulpi"},"content":{"rendered":"<p><span style=\"font-weight: 400;\">Fii binevenit \u00een cea mai mare galerie de art\u0103 cu puzzle-uri de 1000 piese! Am creat pentru tine puzzle-uri de art\u0103 pe care le po\u021bi transforma \u00een obiecte decorative uimitoare. Descoper\u0103 acum oferta complet\u0103 de puzzle-uri de 1000 piese \u0219i tr\u0103ie\u0219te experien\u021be unice de relaxare asambl\u00e2nd imagini cu picturi celebre.<\/span><\/p>\n<p><span style=\"font-weight: 400;\">Puzzle 1000 piese Franz Marc &#8211; Foxes\/Vulpi este recomandarea noastr\u0103 pentru tine dac\u0103 \u00ee\u021bi plac provoc\u0103rile de puzzle-uri cu multe detalii coloristice. \u00cen acest puzzle de art\u0103 reg\u0103se\u0219ti o compozi\u021bie cristalin\u0103 care se seam\u0103n\u0103 cu vitraliile colorate ale bisericilor medievale.\u00a0<\/span><\/p>\n<p><span style=\"font-weight: 400;\">Inspirat de cubismul francez, artistul prezint\u0103 <\/span><em><span style=\"font-weight: 400;\">Vulpile<\/span><\/em><span style=\"font-weight: 400;\"> compuse din forme abstracte \u00een culori armonizate. Reconstituie aceast\u0103 imagine \u0219i creeaz\u0103-\u021bi un tablou impresionist care va da o not\u0103 rafinat\u0103 casei tale. Pentru suportul pieselor, po\u021bi folosi o m\u0103su\u021b\u0103 standard de cafea. Imaginea final\u0103 are dimensiunile de 50 x 70 cm.<\/span><\/p>\n<p><span style=\"font-weight: 400;\">Alte caracteristici ale puzzle-ului de art\u0103 Franz Marc &#8211; Foxes\/Vulpi:<\/span><\/p>\n<p><strong>Material puzzle:\u00a0<\/strong><\/p>\n<p><strong>carton albastru de o calitate superioar\u0103<\/strong><\/p>\n<p><strong>materiale sustenabile, reciclabile<\/strong><\/p>\n<p><strong>finisaj semi-lucios, culori vii<\/strong><\/p>\n<p><strong>Num\u0103rul pieselor de puzzle: 1000<\/strong><\/p>\n<p><strong>V\u00e2rsta recomandat\u0103: 14+<\/strong><\/p>\n<p><strong>Jocurile puzzle ajut\u0103 la \u00eembun\u0103t\u0103\u021birea percep\u021biei vizuale \u0219i spa\u021biale<\/strong><\/p>\n<p><span style=\"font-weight: 400;\">Percep\u021bia vizual\u0103 \u0219i spa\u021bial\u0103 te ajut\u0103 s\u0103 fii \u00een armonie cu lumea care te \u00eenconjoar\u0103. Odat\u0103 cu \u00eenaintarea \u00een v\u00e2rst\u0103, aceast\u0103 capacitate scade. Jocurile puzzle stimuleaz\u0103 aceste abilit\u0103\u021bi \u0219i te ajut\u0103 s\u0103 le \u00eembun\u0103t\u0103\u021be\u0219ti.<\/span><\/p>\n<p><span style=\"font-weight: 400;\">\u00cen plus, datorit\u0103 jocurilor puzzle te po\u021bi bucura \u0219i de alte avantaje:<\/span><\/p>\n<p><span style=\"font-weight: 400;\">Realizezi conexiuni profunde la nivel cerebral.<\/span><\/p>\n<p><span style=\"font-weight: 400;\">\u00ce\u021bi \u00eembun\u0103t\u0103\u021be\u0219ti \u00eencrederea \u00een sine.<\/span><\/p>\n<p><span style=\"font-weight: 400;\">Te eliberezi de st\u0103rile de stres.<\/span><\/p>\n<p><span style=\"font-weight: 400;\">Te bucuri de o stare general\u0103 mai bun\u0103.<\/span><\/p>\n<p><strong>Despre Franz Marc \u0219tiai c\u0103?<\/strong><\/p>\n<p><span style=\"font-weight: 400;\">Este unul dintre cei mai reprezentativi pictori impresioni\u0219ti germani.<\/span><\/p>\n<p><span style=\"font-weight: 400;\">Picturile sale de la maturitate \u00eenf\u0103\u021bi\u0219eaz\u0103 \u00een special animale \u00een culori vii.<\/span><\/p>\n<p><span style=\"font-weight: 400;\">A murit \u00een Primului R\u0103zboi Mondial, \u00een b\u0103t\u0103lia de la Verdun.<\/span><\/p>\n<p><span style=\"font-weight: 400;\">Nazi\u0219tii l-au pus pe lista arti\u0219tilor degenera\u021bi \u0219i i-au interzis lucr\u0103rile. Totu\u0219i, majoritatea operei sale a supravie\u021bui celui de-al Doilea R\u0103zboi Mondial.<\/span><\/p>\n<p><span style=\"font-weight: 400;\">Cea mai scump\u0103 pictur\u0103 a lui &#8211; <\/span><em><span style=\"font-weight: 400;\">Weidende Pferde III<\/span><\/em> <em><span style=\"font-weight: 400;\">\/Cai la p\u0103scut III &#8211; <\/span><\/em><span style=\"font-weight: 400;\">s-a v\u00e2ndut la fabuloasa sum\u0103 de 12.340.500 de lire sterline.\u00a0<\/span><\/p>\n<p><strong>Puzzle-urile de art\u0103 te deconecteaz\u0103 de la problemele zilnice<\/strong><\/p>\n<p><span style=\"font-weight: 400;\">Vrei s\u0103 evadezi din via\u021ba cotidian\u0103 \u0219i cau\u021bi o activitatea s\u0103n\u0103toas\u0103? Puzzle-urile de art\u0103 sunt solu\u021bia ideal\u0103 pentru a sparge monotonia serilor de toamn\u0103 \u0219i a evada \u00eentr-o lume lini\u0219tit\u0103. \u00cen plus, ai \u0219i alte avantaje:<\/span><\/p>\n<p><span style=\"font-weight: 400;\">\u00ce\u021bi dezvol\u021bi sim\u021bul estetic<\/span><\/p>\n<p><span style=\"font-weight: 400;\">Refaci imagini cu opere consacrate \u0219i te bucuri \u00een tihn\u0103 de fiecare detaliu al tu\u0219elor artisti\u0219tilor.<\/span><\/p>\n<p><span style=\"font-weight: 400;\">Ob\u021bii tablouri uimitoare cu care \u00ee\u021bi po\u021bi decora locuin\u021ba.<\/span><\/p>\n<p><span style=\"font-weight: 400;\">\u00ce\u021bi dezvol\u021bi abilit\u0103\u021bile de asamblare a puzzle-urilor de adul\u021bi.<\/span><\/p>\n<p><span style=\"font-weight: 400;\">Cump\u0103r\u0103 acum puzzle 1000 piese Franz Marc &#8211; Foxes\/Vulpi \u0219i bucur\u0103-te de toate avantajele pe care \u021bi le ofer\u0103 un puzzle de art\u0103! Completeaz\u0103-\u021bi colec\u021bia de tablouri de art\u0103 cu acest puzzle 1000 piese plin de culoare \u0219i armonie. Dac\u0103 e\u0219ti \u00een c\u0103utarea unui cadou pentru o persoan\u0103 special\u0103, puzzle 1000 piese Franz Marc &#8211; Foxes\/Vulpi poate fi op\u021biunea ideal\u0103.<\/span><\/p>\n","protected":false},"excerpt":{"rendered":"<p>Fii binevenit \u00een cea mai mare galerie de art\u0103 cu puzzle-uri de 1000 piese! Am creat pentru tine puzzle-uri de<\/p>\n","protected":false},"featured_media":63495,"template":"","meta":[],"product_brand":[],"product_cat":[1454,1488,1560],"product_tag":[],"class_list":{"0":"post-18035","1":"product","2":"type-product","3":"status-publish","4":"has-post-thumbnail","6":"product_cat-puzzle","7":"product_cat-puzzle-adulti","8":"product_cat-puzzle-adulti-1000","9":"pa_bax-1273","10":"pa_brand-d_toys","11":"pa_country_of_manufacture-ro","12":"pa_filter_age-1315","13":"pa_painter-franzmarc","14":"pa_tip_ambalaj-cutie","15":"pa_tip_puzzle-clasic","17":"first","18":"instock","19":"taxable","20":"shipping-taxable","21":"product-type-simple"},"yoast_head":"<!-- This site is optimized with the Yoast SEO plugin v20.1 - https:\/\/yoast.com\/wordpress\/plugins\/seo\/ -->\n<title>Puzzle adulti 1000 piese Franz Marc - Foxes\/Vulpi - Roovi B2B<\/title>\n<meta name=\"robots\" content=\"index, follow, max-snippet:-1, max-image-preview:large, max-video-preview:-1\" \/>\n<link rel=\"canonical\" href=\"https:\/\/www.roovi.ro\/puzzle-adulti-1000-piese-franz-marc-foxesvulpi\/p\/\" \/>\n<meta property=\"og:locale\" content=\"ro_RO\" \/>\n<meta property=\"og:type\" content=\"article\" \/>\n<meta property=\"og:title\" content=\"Puzzle adulti 1000 piese Franz Marc - Foxes\/Vulpi - Roovi B2B\" \/>\n<meta property=\"og:description\" content=\"Fii binevenit \u00een cea mai mare galerie de art\u0103 cu puzzle-uri de 1000 piese! Am creat pentru tine puzzle-uri de\" \/>\n<meta property=\"og:url\" content=\"https:\/\/www.roovi.ro\/puzzle-adulti-1000-piese-franz-marc-foxesvulpi\/p\/\" \/>\n<meta property=\"og:site_name\" content=\"Roovi B2B\" \/>\n<meta property=\"article:publisher\" content=\"https:\/\/www.facebook.com\/wwwjucariero\" \/>\n<meta property=\"article:modified_time\" content=\"2025-03-18T08:45:15+00:00\" \/>\n<meta property=\"og:image\" content=\"https:\/\/business.roovi.com\/wp-content\/uploads\/2018\/04\/72856-MA-01-WEB.jpg\" \/>\n\t<meta property=\"og:image:width\" content=\"1200\" \/>\n\t<meta property=\"og:image:height\" content=\"1200\" \/>\n\t<meta property=\"og:image:type\" content=\"image\/jpeg\" \/>\n<meta name=\"twitter:label1\" content=\"Timp estimat pentru citire\" \/>\n\t<meta name=\"twitter:data1\" content=\"3 minute\" \/>\n<script type=\"application\/ld+json\" class=\"yoast-schema-graph\">{\"@context\":\"https:\/\/schema.org\",\"@graph\":[{\"@type\":\"WebPage\",\"@id\":\"https:\/\/business.roovi.com\/ro\/puzzle-adulti-1000-piese-franz-marc-foxesvulpi\/p\/\",\"url\":\"https:\/\/www.roovi.ro\/puzzle-adulti-1000-piese-franz-marc-foxesvulpi\/p\/\",\"name\":\"Puzzle adulti 1000 piese Franz Marc - Foxes\/Vulpi - Roovi B2B\",\"isPartOf\":{\"@id\":\"https:\/\/business.roovi.com\/ro\/#website\"},\"datePublished\":\"2018-04-16T10:56:17+00:00\",\"dateModified\":\"2025-03-18T08:45:15+00:00\",\"breadcrumb\":{\"@id\":\"https:\/\/www.roovi.ro\/puzzle-adulti-1000-piese-franz-marc-foxesvulpi\/p\/#breadcrumb\"},\"inLanguage\":\"ro-RO\",\"potentialAction\":[{\"@type\":\"ReadAction\",\"target\":[\"https:\/\/www.roovi.ro\/puzzle-adulti-1000-piese-franz-marc-foxesvulpi\/p\/\"]}]},{\"@type\":\"BreadcrumbList\",\"@id\":\"https:\/\/www.roovi.ro\/puzzle-adulti-1000-piese-franz-marc-foxesvulpi\/p\/#breadcrumb\",\"itemListElement\":[{\"@type\":\"ListItem\",\"position\":1,\"name\":\"Home\",\"item\":\"https:\/\/business.roovi.com\/ro\/\"},{\"@type\":\"ListItem\",\"position\":2,\"name\":\"Magazin\",\"item\":\"https:\/\/business.roovi.com\/ro\/magazin\/\"},{\"@type\":\"ListItem\",\"position\":3,\"name\":\"Puzzle adulti 1000 piese Franz Marc &#8211; Foxes\/Vulpi\"}]},{\"@type\":\"WebSite\",\"@id\":\"https:\/\/business.roovi.com\/ro\/#website\",\"url\":\"https:\/\/business.roovi.com\/ro\/\",\"name\":\"Roovi B2B\",\"description\":\"Roovi Business Website\",\"potentialAction\":[{\"@type\":\"SearchAction\",\"target\":{\"@type\":\"EntryPoint\",\"urlTemplate\":\"https:\/\/business.roovi.com\/ro\/?s={search_term_string}\"},\"query-input\":\"required name=search_term_string\"}],\"inLanguage\":\"ro-RO\"}]}<\/script>\n<!-- \/ Yoast SEO plugin. -->","yoast_head_json":{"title":"Puzzle adulti 1000 piese Franz Marc - Foxes\/Vulpi - Roovi B2B","robots":{"index":"index","follow":"follow","max-snippet":"max-snippet:-1","max-image-preview":"max-image-preview:large","max-video-preview":"max-video-preview:-1"},"canonical":"https:\/\/www.roovi.ro\/puzzle-adulti-1000-piese-franz-marc-foxesvulpi\/p\/","og_locale":"ro_RO","og_type":"article","og_title":"Puzzle adulti 1000 piese Franz Marc - Foxes\/Vulpi - Roovi B2B","og_description":"Fii binevenit \u00een cea mai mare galerie de art\u0103 cu puzzle-uri de 1000 piese! Am creat pentru tine puzzle-uri de","og_url":"https:\/\/www.roovi.ro\/puzzle-adulti-1000-piese-franz-marc-foxesvulpi\/p\/","og_site_name":"Roovi B2B","article_publisher":"https:\/\/www.facebook.com\/wwwjucariero","article_modified_time":"2025-03-18T08:45:15+00:00","og_image":[{"width":1200,"height":1200,"url":"https:\/\/business.roovi.com\/wp-content\/uploads\/2018\/04\/72856-MA-01-WEB.jpg","type":"image\/jpeg"}],"twitter_misc":{"Timp estimat pentru citire":"3 minute"},"schema":{"@context":"https:\/\/schema.org","@graph":[{"@type":"WebPage","@id":"https:\/\/business.roovi.com\/ro\/puzzle-adulti-1000-piese-franz-marc-foxesvulpi\/p\/","url":"https:\/\/www.roovi.ro\/puzzle-adulti-1000-piese-franz-marc-foxesvulpi\/p\/","name":"Puzzle adulti 1000 piese Franz Marc - Foxes\/Vulpi - Roovi B2B","isPartOf":{"@id":"https:\/\/business.roovi.com\/ro\/#website"},"datePublished":"2018-04-16T10:56:17+00:00","dateModified":"2025-03-18T08:45:15+00:00","breadcrumb":{"@id":"https:\/\/www.roovi.ro\/puzzle-adulti-1000-piese-franz-marc-foxesvulpi\/p\/#breadcrumb"},"inLanguage":"ro-RO","potentialAction":[{"@type":"ReadAction","target":["https:\/\/www.roovi.ro\/puzzle-adulti-1000-piese-franz-marc-foxesvulpi\/p\/"]}]},{"@type":"BreadcrumbList","@id":"https:\/\/www.roovi.ro\/puzzle-adulti-1000-piese-franz-marc-foxesvulpi\/p\/#breadcrumb","itemListElement":[{"@type":"ListItem","position":1,"name":"Home","item":"https:\/\/business.roovi.com\/ro\/"},{"@type":"ListItem","position":2,"name":"Magazin","item":"https:\/\/business.roovi.com\/ro\/magazin\/"},{"@type":"ListItem","position":3,"name":"Puzzle adulti 1000 piese Franz Marc &#8211; Foxes\/Vulpi"}]},{"@type":"WebSite","@id":"https:\/\/business.roovi.com\/ro\/#website","url":"https:\/\/business.roovi.com\/ro\/","name":"Roovi B2B","description":"Roovi Business Website","potentialAction":[{"@type":"SearchAction","target":{"@type":"EntryPoint","urlTemplate":"https:\/\/business.roovi.com\/ro\/?s={search_term_string}"},"query-input":"required name=search_term_string"}],"inLanguage":"ro-RO"}]}},"_links":{"self":[{"href":"https:\/\/business.roovi.com\/ro\/wp-json\/wp\/v2\/product\/18035","targetHints":{"allow":["GET"]}}],"collection":[{"href":"https:\/\/business.roovi.com\/ro\/wp-json\/wp\/v2\/product"}],"about":[{"href":"https:\/\/business.roovi.com\/ro\/wp-json\/wp\/v2\/types\/product"}],"version-history":[{"count":0,"href":"https:\/\/business.roovi.com\/ro\/wp-json\/wp\/v2\/product\/18035\/revisions"}],"wp:featuredmedia":[{"embeddable":true,"href":"https:\/\/business.roovi.com\/ro\/wp-json\/wp\/v2\/media\/63495"}],"wp:attachment":[{"href":"https:\/\/business.roovi.com\/ro\/wp-json\/wp\/v2\/media?parent=18035"}],"wp:term":[{"taxonomy":"product_brand","embeddable":true,"href":"https:\/\/business.roovi.com\/ro\/wp-json\/wp\/v2\/product_brand?post=18035"},{"taxonomy":"product_cat","embeddable":true,"href":"https:\/\/business.roovi.com\/ro\/wp-json\/wp\/v2\/product_cat?post=18035"},{"taxonomy":"product_tag","embeddable":true,"href":"https:\/\/business.roovi.com\/ro\/wp-json\/wp\/v2\/product_tag?post=18035"}],"curies":[{"name":"wp","href":"https:\/\/api.w.org\/{rel}","templated":true}]}}