{"id":18050,"date":"2018-04-16T10:56:17","date_gmt":"2018-04-16T10:56:17","guid":{"rendered":"https:\/\/business.roovi.com\/product\/puzzle-franz-marc-blue-horse-1000-piese\/"},"modified":"2023-03-20T21:40:01","modified_gmt":"2023-03-20T21:40:01","slug":"puzzle-adulti-1000-piese-franz-marc-blue-horsecal-albastru","status":"publish","type":"product","link":"https:\/\/business.roovi.com\/ro\/puzzle-adulti-1000-piese-franz-marc-blue-horsecal-albastru\/p\/","title":{"rendered":"Puzzle adulti 1000 piese Franz Marc &#8211; Blue Horse\/Cal albastru"},"content":{"rendered":"<p><span style=\"font-weight: 400;\">Cau\u021bi o activitate care s\u0103 te relaxeze \u0219i s\u0103 te \u021bin\u0103 departe de ecrane? Cu cea mai mare colec\u021bie de puzzle-uri de art\u0103 te deta\u0219ezi de grijile cotidiene \u0219i intri \u00eentr-o conexiune profund\u0103 cu tine \u00eensu\u021bi. Asambleaz\u0103 puzzle 1000 piese \u0219i tr\u0103ie\u0219te o experien\u021b\u0103 uimitoare!\u00a0<\/span><\/p>\n<p><span style=\"font-weight: 400;\">Puzzle 1000 piese Franz Marc &#8211; Blue Horse\/Cal albastru te invit\u0103 s\u0103 asamblezi imaginea cu cea mai cunoscut\u0103 pictur\u0103 a artistului german. Lucrarea are o simbolistic\u0103 aparte \u00eentruc\u00e2t pentru Marc albastrul reprezint\u0103 principiul spiritual. Autorul a asociat acest simbol cu un animal nobil: calul, iar ceea ce a rezultat este o capodoper\u0103 nemuritoare.<\/span><\/p>\n<p><span style=\"font-weight: 400;\">Acum po\u021bi avea \u0219i tu o copie fidel\u0103 cu aceast\u0103 pictur\u0103 uimitoare. \u00cenarmeaz\u0103-te cu r\u0103bdare, trage-\u021bi aproape m\u0103su\u021ba de cafea din sufragerie \u0219i asambleaz\u0103 opera de art\u0103. Ai p\u00e2n\u0103 la 30 de ore de distrac\u021bie relaxant\u0103 \u00een compania acestui puzzle de 1000 piese.<\/span><\/p>\n<p><span style=\"font-weight: 400;\">Cite\u0219te mai jos mai multe detalii despre puzzle de art\u0103 Franz Marc &#8211; Blue Horse\/Cal albastru:<\/span><\/p>\n<p><strong>Dimensiuni imagine ref\u0103cut\u0103: 50 x 70 cm.<\/strong><\/p>\n<p><strong>Material puzzle:\u00a0<\/strong><\/p>\n<p><strong>carton albastru de o calitate superioar\u0103<\/strong><\/p>\n<p><strong>materiale sustenabile, reciclabile<\/strong><\/p>\n<p><strong>finisaj semi-lucios, culori vii<\/strong><\/p>\n<p><strong>Num\u0103rul pieselor de puzzle: 1000<\/strong><\/p>\n<p><strong>V\u00e2rsta recomandat\u0103: 14+<\/strong><\/p>\n<p><span style=\"font-weight: 400;\">S\u0103 lipe\u0219ti pies\u0103 l\u00e2ng\u0103 pies\u0103 \u00eentr-un puzzle 1000 este at\u00e2t o activitate relaxant\u0103, c\u00e2t \u0219i o bun\u0103 ocazie de dezvoltare a mai multor abilit\u0103\u021bi:<\/span><\/p>\n<p><strong>Aten\u021bia la detalii<\/strong><span style=\"font-weight: 400;\"> &#8211; S\u0103 observi fiecare nuan\u021b\u0103 din imaginea de ansamblu, precum \u0219i diferen\u021bele fine care fac fiecare pies\u0103 de puzzle 1000 s\u0103 fie unic\u0103, este un antrenament foarte bun pentru aten\u021bie.<\/span><\/p>\n<p><strong>Perseveren\u021ba<\/strong><span style=\"font-weight: 400;\"> &#8211; Jocul puzzle este ca o c\u0103l\u0103torie pe un v\u00e2rf de munte: ajungi \u00een v\u00e2rf cu pa\u0219i mul\u021bi \u0219i mici \u0219i te bucuri de aventur\u0103 pe m\u0103sur\u0103 ce avansezi, f\u0103r\u0103 a te da b\u0103tut.<\/span><\/p>\n<p><strong>Memoria<\/strong><span style=\"font-weight: 400;\"> &#8211; Asamblarea puzzle-ului de 1000 piese antreneaz\u0103 memoria prin faptul c\u0103 re\u021bii aproape incon\u0219tient formele pieselor sau diverse pozi\u021bii \u00een care trebuie s\u0103 pui piesele de puzzle.<\/span><\/p>\n<p><strong>Capacitatea de a rezolva probleme<\/strong><span style=\"font-weight: 400;\"> &#8211; un puzzle 1000 piese este o problem\u0103 care se compune din\u2026 1000 piese! Chiar dac\u0103 pare dificil s\u0103 le a\u0219ezi pe toate la locul potrivit, cu multe determinare, reu\u0219e\u0219ti de fiecare dat\u0103. Acest exerci\u021biu te antreneaz\u0103 \u0219i pentru rezolvarea altor probleme dificile din via\u021ba ta.<\/span><\/p>\n<p><strong>Cine a fost Franz Marc?<\/strong><\/p>\n<p><span style=\"font-weight: 400;\">Unul dintre cei mai reprezentativi pictori germani, cunoscut pentru misticismul intens al picturilor sale cu animale.<\/span><\/p>\n<p><span style=\"font-weight: 400;\">A fost influen\u021bat profund de lucr\u0103rile lui Van Gogh.<\/span><\/p>\n<p><span style=\"font-weight: 400;\">\u00cempreun\u0103 cu pictorul <\/span><span style=\"font-weight: 400;\">Wassily Kandinsky a format gruparea <\/span><em><span style=\"font-weight: 400;\">Der Blaue Reiter &#8211; \u201eC\u0103l\u0103re\u021bul Albastru\u201d<\/span><\/em><span style=\"font-weight: 400;\"> care sus\u021binea ideea c\u0103 energia mistic\u0103 este cel mai bine revelat\u0103 prin abstrac\u021bie.\u00a0<\/span><\/p>\n<p><span style=\"font-weight: 400;\">\u00cen picturile sale, fiecare culoare era un simbol: folosea albastrul pentru masculinitate \u0219i spiritual, galbenul \u0219i culorile deschise pentru feminitate \u0219i bucurie, iar ro\u0219ul descria adesea violen\u021ba<\/span><\/p>\n<p><span style=\"font-weight: 400;\">\u00cen 1930 nazi\u0219tii i-au retras operele din muzee germane, incluz\u00e2ndu-l pe lista arti\u0219tilor degenera\u021bi.<\/span><\/p>\n<p><span style=\"font-weight: 400;\">A murit la doar 36 de ani,\u00a0 \u00een Primul R\u0103zboi Mondial, pe frontul de la <\/span><span style=\"font-weight: 400;\">Verdun.<\/span><\/p>\n<p><strong>Puzzle-urile de art\u0103 \u00ee\u021bi aduc z\u00e2mbete \u0219i fericire<\/strong><\/p>\n<p><span style=\"font-weight: 400;\">S\u0103 refaci un puzzle de art\u0103 este nu doar un motiv de relaxare, ci \u0219i unul de bucurie. Iar asta se explic\u0103 prin faptul c\u0103, la nivelul creierului, \u00een timpul acestei activit\u0103\u021bi este secretat\u0103 mai mult\u0103 dopamin\u0103. Aceasta este o substan\u021b\u0103 natural\u0103 care este responsabil\u0103 de starea de optimist \u0219i de fericire. Iat\u0103 cum se explic\u0103 satisfac\u021bia uimitoare pe care o ai atunci c\u00e2nd ai pus ultima pies\u0103 din puzzle 1000!&#8230;<\/span><\/p>\n<p><span style=\"font-weight: 400;\">Cump\u0103r\u0103 puzzle 1000 piese <\/span><span style=\"font-weight: 400;\">Franz Marc &#8211; Blue Horse\/Cal albastru \u0219i bucur\u0103-te de toate avantajele pe care \u021bi le ofer\u0103 aceast\u0103 activitate relaxant\u0103! Descoper\u0103 \u00een colec\u021bia noastr\u0103 de puzzle-uri de art\u0103 imagini cu cele mai renumite picturi din lume, adaug\u0103-le \u00een co\u0219ul virtual \u0219i creeaz\u0103-\u021bi o colec\u021bie de art\u0103 original\u0103.<\/span><\/p>\n<p><span style=\"font-weight: 400;\">Cau\u021bi un cadou pentru zile aniversare? Puzzle de art\u0103 <\/span><span style=\"font-weight: 400;\">Franz Marc &#8211; Blue Horse\/Cal albastru este alegerea cea mai bun\u0103.<\/span><\/p>\n","protected":false},"excerpt":{"rendered":"<p>Cau\u021bi o activitate care s\u0103 te relaxeze \u0219i s\u0103 te \u021bin\u0103 departe de ecrane? Cu cea mai mare colec\u021bie de<\/p>\n","protected":false},"featured_media":63501,"template":"","meta":[],"product_brand":[],"product_cat":[1454,1488,1560],"product_tag":[],"class_list":{"0":"post-18050","1":"product","2":"type-product","3":"status-publish","4":"has-post-thumbnail","6":"product_cat-puzzle","7":"product_cat-puzzle-adulti","8":"product_cat-puzzle-adulti-1000","9":"pa_bax-1273","10":"pa_brand-d_toys","11":"pa_country_of_manufacture-ro","12":"pa_filter_age-1315","13":"pa_painter-franzmarc","14":"pa_tip_ambalaj-cutie","15":"pa_tip_puzzle-clasic","17":"first","18":"instock","19":"taxable","20":"shipping-taxable","21":"product-type-simple"},"yoast_head":"<!-- This site is optimized with the Yoast SEO plugin v20.1 - https:\/\/yoast.com\/wordpress\/plugins\/seo\/ -->\n<title>Puzzle adulti 1000 piese Franz Marc - Blue Horse\/Cal albastru - Roovi B2B<\/title>\n<meta name=\"robots\" content=\"index, follow, max-snippet:-1, max-image-preview:large, max-video-preview:-1\" \/>\n<link rel=\"canonical\" href=\"https:\/\/www.roovi.ro\/puzzle-adulti-1000-piese-franz-marc-blue-horsecal-albastru\/p\/\" \/>\n<meta property=\"og:locale\" content=\"ro_RO\" \/>\n<meta property=\"og:type\" content=\"article\" \/>\n<meta property=\"og:title\" content=\"Puzzle adulti 1000 piese Franz Marc - Blue Horse\/Cal albastru - Roovi B2B\" \/>\n<meta property=\"og:description\" content=\"Cau\u021bi o activitate care s\u0103 te relaxeze \u0219i s\u0103 te \u021bin\u0103 departe de ecrane? Cu cea mai mare colec\u021bie de\" \/>\n<meta property=\"og:url\" content=\"https:\/\/www.roovi.ro\/puzzle-adulti-1000-piese-franz-marc-blue-horsecal-albastru\/p\/\" \/>\n<meta property=\"og:site_name\" content=\"Roovi B2B\" \/>\n<meta property=\"article:publisher\" content=\"https:\/\/www.facebook.com\/wwwjucariero\" \/>\n<meta property=\"article:modified_time\" content=\"2023-03-20T21:40:01+00:00\" \/>\n<meta property=\"og:image\" content=\"https:\/\/business.roovi.com\/wp-content\/uploads\/2018\/04\/72856-MA-02-WEB.jpg\" \/>\n\t<meta property=\"og:image:width\" content=\"1200\" \/>\n\t<meta property=\"og:image:height\" content=\"1200\" \/>\n\t<meta property=\"og:image:type\" content=\"image\/jpeg\" \/>\n<meta name=\"twitter:label1\" content=\"Timp estimat pentru citire\" \/>\n\t<meta name=\"twitter:data1\" content=\"4 minute\" \/>\n<script type=\"application\/ld+json\" class=\"yoast-schema-graph\">{\"@context\":\"https:\/\/schema.org\",\"@graph\":[{\"@type\":\"WebPage\",\"@id\":\"https:\/\/business.roovi.com\/ro\/puzzle-adulti-1000-piese-franz-marc-blue-horsecal-albastru\/p\/\",\"url\":\"https:\/\/www.roovi.ro\/puzzle-adulti-1000-piese-franz-marc-blue-horsecal-albastru\/p\/\",\"name\":\"Puzzle adulti 1000 piese Franz Marc - Blue Horse\/Cal albastru - Roovi B2B\",\"isPartOf\":{\"@id\":\"https:\/\/business.roovi.com\/ro\/#website\"},\"datePublished\":\"2018-04-16T10:56:17+00:00\",\"dateModified\":\"2023-03-20T21:40:01+00:00\",\"breadcrumb\":{\"@id\":\"https:\/\/www.roovi.ro\/puzzle-adulti-1000-piese-franz-marc-blue-horsecal-albastru\/p\/#breadcrumb\"},\"inLanguage\":\"ro-RO\",\"potentialAction\":[{\"@type\":\"ReadAction\",\"target\":[\"https:\/\/www.roovi.ro\/puzzle-adulti-1000-piese-franz-marc-blue-horsecal-albastru\/p\/\"]}]},{\"@type\":\"BreadcrumbList\",\"@id\":\"https:\/\/www.roovi.ro\/puzzle-adulti-1000-piese-franz-marc-blue-horsecal-albastru\/p\/#breadcrumb\",\"itemListElement\":[{\"@type\":\"ListItem\",\"position\":1,\"name\":\"Home\",\"item\":\"https:\/\/business.roovi.com\/ro\/\"},{\"@type\":\"ListItem\",\"position\":2,\"name\":\"Magazin\",\"item\":\"https:\/\/business.roovi.com\/ro\/magazin\/\"},{\"@type\":\"ListItem\",\"position\":3,\"name\":\"Puzzle adulti 1000 piese Franz Marc &#8211; Blue Horse\/Cal albastru\"}]},{\"@type\":\"WebSite\",\"@id\":\"https:\/\/business.roovi.com\/ro\/#website\",\"url\":\"https:\/\/business.roovi.com\/ro\/\",\"name\":\"Roovi B2B\",\"description\":\"Roovi Business Website\",\"potentialAction\":[{\"@type\":\"SearchAction\",\"target\":{\"@type\":\"EntryPoint\",\"urlTemplate\":\"https:\/\/business.roovi.com\/ro\/?s={search_term_string}\"},\"query-input\":\"required name=search_term_string\"}],\"inLanguage\":\"ro-RO\"}]}<\/script>\n<!-- \/ Yoast SEO plugin. -->","yoast_head_json":{"title":"Puzzle adulti 1000 piese Franz Marc - Blue Horse\/Cal albastru - Roovi B2B","robots":{"index":"index","follow":"follow","max-snippet":"max-snippet:-1","max-image-preview":"max-image-preview:large","max-video-preview":"max-video-preview:-1"},"canonical":"https:\/\/www.roovi.ro\/puzzle-adulti-1000-piese-franz-marc-blue-horsecal-albastru\/p\/","og_locale":"ro_RO","og_type":"article","og_title":"Puzzle adulti 1000 piese Franz Marc - Blue Horse\/Cal albastru - Roovi B2B","og_description":"Cau\u021bi o activitate care s\u0103 te relaxeze \u0219i s\u0103 te \u021bin\u0103 departe de ecrane? Cu cea mai mare colec\u021bie de","og_url":"https:\/\/www.roovi.ro\/puzzle-adulti-1000-piese-franz-marc-blue-horsecal-albastru\/p\/","og_site_name":"Roovi B2B","article_publisher":"https:\/\/www.facebook.com\/wwwjucariero","article_modified_time":"2023-03-20T21:40:01+00:00","og_image":[{"width":1200,"height":1200,"url":"https:\/\/business.roovi.com\/wp-content\/uploads\/2018\/04\/72856-MA-02-WEB.jpg","type":"image\/jpeg"}],"twitter_misc":{"Timp estimat pentru citire":"4 minute"},"schema":{"@context":"https:\/\/schema.org","@graph":[{"@type":"WebPage","@id":"https:\/\/business.roovi.com\/ro\/puzzle-adulti-1000-piese-franz-marc-blue-horsecal-albastru\/p\/","url":"https:\/\/www.roovi.ro\/puzzle-adulti-1000-piese-franz-marc-blue-horsecal-albastru\/p\/","name":"Puzzle adulti 1000 piese Franz Marc - Blue Horse\/Cal albastru - Roovi B2B","isPartOf":{"@id":"https:\/\/business.roovi.com\/ro\/#website"},"datePublished":"2018-04-16T10:56:17+00:00","dateModified":"2023-03-20T21:40:01+00:00","breadcrumb":{"@id":"https:\/\/www.roovi.ro\/puzzle-adulti-1000-piese-franz-marc-blue-horsecal-albastru\/p\/#breadcrumb"},"inLanguage":"ro-RO","potentialAction":[{"@type":"ReadAction","target":["https:\/\/www.roovi.ro\/puzzle-adulti-1000-piese-franz-marc-blue-horsecal-albastru\/p\/"]}]},{"@type":"BreadcrumbList","@id":"https:\/\/www.roovi.ro\/puzzle-adulti-1000-piese-franz-marc-blue-horsecal-albastru\/p\/#breadcrumb","itemListElement":[{"@type":"ListItem","position":1,"name":"Home","item":"https:\/\/business.roovi.com\/ro\/"},{"@type":"ListItem","position":2,"name":"Magazin","item":"https:\/\/business.roovi.com\/ro\/magazin\/"},{"@type":"ListItem","position":3,"name":"Puzzle adulti 1000 piese Franz Marc &#8211; Blue Horse\/Cal albastru"}]},{"@type":"WebSite","@id":"https:\/\/business.roovi.com\/ro\/#website","url":"https:\/\/business.roovi.com\/ro\/","name":"Roovi B2B","description":"Roovi Business Website","potentialAction":[{"@type":"SearchAction","target":{"@type":"EntryPoint","urlTemplate":"https:\/\/business.roovi.com\/ro\/?s={search_term_string}"},"query-input":"required name=search_term_string"}],"inLanguage":"ro-RO"}]}},"_links":{"self":[{"href":"https:\/\/business.roovi.com\/ro\/wp-json\/wp\/v2\/product\/18050","targetHints":{"allow":["GET"]}}],"collection":[{"href":"https:\/\/business.roovi.com\/ro\/wp-json\/wp\/v2\/product"}],"about":[{"href":"https:\/\/business.roovi.com\/ro\/wp-json\/wp\/v2\/types\/product"}],"version-history":[{"count":0,"href":"https:\/\/business.roovi.com\/ro\/wp-json\/wp\/v2\/product\/18050\/revisions"}],"wp:featuredmedia":[{"embeddable":true,"href":"https:\/\/business.roovi.com\/ro\/wp-json\/wp\/v2\/media\/63501"}],"wp:attachment":[{"href":"https:\/\/business.roovi.com\/ro\/wp-json\/wp\/v2\/media?parent=18050"}],"wp:term":[{"taxonomy":"product_brand","embeddable":true,"href":"https:\/\/business.roovi.com\/ro\/wp-json\/wp\/v2\/product_brand?post=18050"},{"taxonomy":"product_cat","embeddable":true,"href":"https:\/\/business.roovi.com\/ro\/wp-json\/wp\/v2\/product_cat?post=18050"},{"taxonomy":"product_tag","embeddable":true,"href":"https:\/\/business.roovi.com\/ro\/wp-json\/wp\/v2\/product_tag?post=18050"}],"curies":[{"name":"wp","href":"https:\/\/api.w.org\/{rel}","templated":true}]}}