{"id":18055,"date":"2018-04-16T10:56:17","date_gmt":"2018-04-16T10:56:17","guid":{"rendered":"https:\/\/business.roovi.com\/product\/puzzle-august-macke-four-girls-1000-piese\/"},"modified":"2025-03-18T08:46:04","modified_gmt":"2025-03-18T08:46:04","slug":"puzzle-adulti-1000-piese-august-macke-four-girls-patru-fete","status":"publish","type":"product","link":"https:\/\/business.roovi.com\/ro\/puzzle-adulti-1000-piese-august-macke-four-girls-patru-fete\/p\/","title":{"rendered":"Puzzle adul\u021bi 1000 piese August Macke &#8211; Four Girls \/ Patru fete"},"content":{"rendered":"<p><span style=\"font-weight: 400;\">\u021ai-ar pl\u0103cea s\u0103 fii un artist veritabil care creeaz\u0103 o lucrare nemuritoare? Alc\u0103tuie\u0219te imagini din puzzle de art\u0103 \u0219i experimenteaz\u0103 o senza\u021bie de satisfac\u021bie uimitoare.<\/span><\/p>\n<p><span style=\"font-weight: 400;\">Ref\u0103 imaginea picturii impresioniste din puzzle 1000 piese August Macke &#8211; Four Girls\/Patru fete \u0219i creeaz\u0103 un tablou vibrant, plin de culoare. Vizita pe care artistul a f\u0103cut-o \u00een Fran\u021ba, \u00een anul 1907, avea s\u0103-i marcheze stilul artistic pentru totdeauna. Influen\u021bat de pictura dinamic\u0103 \u0219i colorat\u0103 a lui Robert Delaunay, August Macke avea creeze tablouri cu forme simplificate \u00een armonii ritmice de culoare.<\/span><\/p>\n<p><span style=\"font-weight: 400;\">Pictura <\/span><em><span style=\"font-weight: 400;\">Patru fete <\/span><\/em><span style=\"font-weight: 400;\">dateaz\u0103 din perioada cea mai productiv\u0103 a lui Macke. Scena are o not\u0103 contemplativ\u0103 \u0219i va fi o mare delectare s\u0103 refaci aceast\u0103 imagine din puzzle 1000 piese. Vei ob\u021bine un tablou superb dintr-un joc puzzle de excep\u021bie.<\/span><\/p>\n<p><span style=\"font-weight: 400;\">Vrei s\u0103 afli mai multe despre puzzle de art\u0103 August Macke &#8211; Four Girls\/Patru fete? Cite\u0219te aici:<\/span><\/p>\n<p><strong>Dimensiuni imagine reconstituit\u0103: 50 x 70 cm<\/strong><\/p>\n<p><strong>Material puzzle:\u00a0<\/strong><\/p>\n<p><strong>carton albastru de o calitate superioar\u0103<\/strong><\/p>\n<p><strong>materiale sustenabile, reciclabile<\/strong><\/p>\n<p><strong>finisaj semi-lucios, culori vii<\/strong><\/p>\n<p><strong>Num\u0103rul pieselor de puzzle: 1000<\/strong><\/p>\n<p><strong>V\u00e2rsta recomandat\u0103: 14+<\/strong><\/p>\n<p><span style=\"font-weight: 400;\">Asamblarea unui puzzle de art\u0103 \u00ee\u021bi aduce multe beneficii:<\/span><\/p>\n<ul>\n<li><span style=\"font-weight: 400;\">Te deconecteaz\u0103 de la grijile cotidiene.<\/span><\/li>\n<li><span style=\"font-weight: 400;\">\u00ce\u021bi antreneaz\u0103 memoria.<\/span><\/li>\n<li><span style=\"font-weight: 400;\">\u00ce\u021bi spore\u0219te dexteritatea.<\/span><\/li>\n<li><span style=\"font-weight: 400;\">Te ajut\u0103 s\u0103 te concentrezi pe o singur\u0103 sarcin\u0103.<\/span><\/li>\n<li><span style=\"font-weight: 400;\">Te face mai atent la detalii.<\/span><\/li>\n<\/ul>\n<p><strong>Despre August Macke \u0219tiai c\u0103?<\/strong><\/p>\n<p><span style=\"font-weight: 400;\">Pe l\u00e2ng\u0103 picturi, a realizat decoruri \u0219i costume pentru piese de teatru.<\/span><\/p>\n<p><span style=\"font-weight: 400;\">\u00cempreun\u0103 cu al\u021bi pictori reprezentativi ai impresionismului &#8211;<\/span><span style=\"font-weight: 400;\"> Vasili Kandinski, Alfred Kubin \u0219i Franz Marc<\/span><span style=\"font-weight: 400;\"> &#8211; a \u00eentemeiat grupul <\/span><span style=\"font-weight: 400;\">\u00a0artistic <\/span><em><span style=\"font-weight: 400;\">Der Blaue Reiter<\/span><\/em><span style=\"font-weight: 400;\"> (&#8222;C\u0103l\u0103re\u021bul albastru&#8221;).<\/span><\/p>\n<p><span style=\"font-weight: 400;\">Picturile sale denatureaz\u0103 de obicei culoarea \u0219i forma \u0219i se concentreaz\u0103 pe exprimarea sentimentelor \u0219i a st\u0103rilor de spirit, mai degrab\u0103 dec\u00e2t pe reproducerea realit\u0103\u021bii obiective.<\/span><\/p>\n<p><span style=\"font-weight: 400;\">Macke a avut o via\u021b\u0103 scurt\u0103. S-a stins la doar 27 de ani, \u00een Primul R\u0103zboi Mondial, pe un front de lupt\u0103 din Fran\u021ba.<\/span><\/p>\n<p><strong>Puzzle 1000 piese: te \u021bin \u00een siguran\u021b\u0103, acas\u0103<\/strong><\/p>\n<p><span style=\"font-weight: 400;\">A\u0219az\u0103-te confortabil \u00een fa\u021ba m\u0103su\u021bei de cafea din sufragerie \u0219i \u00eencepi lucrul la aceast\u0103 fascinant\u0103 oper\u0103 de art\u0103 din puzzle 1000 piese August Macke &#8211; Four Girls\/Patru fete. Armonia culorilor \u0219i bog\u0103\u021bia detaliilor surprinse de artist te vor \u021bine multe ore ocupat.\u00a0<\/span><\/p>\n<p><span style=\"font-weight: 400;\">Po\u021bi reface tabloul din puzzle 1000 piese \u00eempreun\u0103 cu copiii. Este o ocazie numai bun\u0103 pentru a v\u0103 apropia \u0219i a lucra \u00eempreun\u0103 pentru un obiectiv comun. Fiecare joc puzzle completat poate fi ad\u0103ugat la o colec\u021bie personal\u0103 de tablouri din puzzle-uri de art\u0103.<\/span><\/p>\n<p><span style=\"font-weight: 400;\">Puzzle 1000 piese August Macke &#8211; Four Girls\/Patru fete poate fi un cadou minunat pentru momente aniversare sau pentru alte ocazii de s\u0103rb\u0103toare.<\/span><\/p>\n","protected":false},"excerpt":{"rendered":"<p>\u021ai-ar pl\u0103cea s\u0103 fii un artist veritabil care creeaz\u0103 o lucrare nemuritoare? Alc\u0103tuie\u0219te imagini din puzzle de art\u0103 \u0219i experimenteaz\u0103<\/p>\n","protected":false},"featured_media":63597,"template":"","meta":[],"product_brand":[],"product_cat":[1454,1488,1560],"product_tag":[],"class_list":{"0":"post-18055","1":"product","2":"type-product","3":"status-publish","4":"has-post-thumbnail","6":"product_cat-puzzle","7":"product_cat-puzzle-adulti","8":"product_cat-puzzle-adulti-1000","9":"pa_bax-1273","10":"pa_brand-d_toys","11":"pa_country_of_manufacture-ro","12":"pa_filter_age-1315","13":"pa_painter-augustmacke","14":"pa_tip_ambalaj-cutie","15":"pa_tip_puzzle-clasic","17":"first","18":"instock","19":"taxable","20":"shipping-taxable","21":"product-type-simple"},"yoast_head":"<!-- This site is optimized with the Yoast SEO plugin v20.1 - https:\/\/yoast.com\/wordpress\/plugins\/seo\/ -->\n<title>Puzzle adul\u021bi 1000 piese August Macke - Four Girls \/ Patru fete - Roovi B2B<\/title>\n<meta name=\"robots\" content=\"index, follow, max-snippet:-1, max-image-preview:large, max-video-preview:-1\" \/>\n<link rel=\"canonical\" href=\"https:\/\/www.roovi.ro\/puzzle-adulti-1000-piese-august-macke-four-girls-patru-fete\/p\/\" \/>\n<meta property=\"og:locale\" content=\"ro_RO\" \/>\n<meta property=\"og:type\" content=\"article\" \/>\n<meta property=\"og:title\" content=\"Puzzle adul\u021bi 1000 piese August Macke - Four Girls \/ Patru fete - Roovi B2B\" \/>\n<meta property=\"og:description\" content=\"\u021ai-ar pl\u0103cea s\u0103 fii un artist veritabil care creeaz\u0103 o lucrare nemuritoare? Alc\u0103tuie\u0219te imagini din puzzle de art\u0103 \u0219i experimenteaz\u0103\" \/>\n<meta property=\"og:url\" content=\"https:\/\/www.roovi.ro\/puzzle-adulti-1000-piese-august-macke-four-girls-patru-fete\/p\/\" \/>\n<meta property=\"og:site_name\" content=\"Roovi B2B\" \/>\n<meta property=\"article:publisher\" content=\"https:\/\/www.facebook.com\/wwwjucariero\" \/>\n<meta property=\"article:modified_time\" content=\"2025-03-18T08:46:04+00:00\" \/>\n<meta property=\"og:image\" content=\"https:\/\/business.roovi.com\/wp-content\/uploads\/2018\/04\/72863-MA-01-WEB.jpg\" \/>\n\t<meta property=\"og:image:width\" content=\"1200\" \/>\n\t<meta property=\"og:image:height\" content=\"1200\" \/>\n\t<meta property=\"og:image:type\" content=\"image\/jpeg\" \/>\n<meta name=\"twitter:label1\" content=\"Timp estimat pentru citire\" \/>\n\t<meta name=\"twitter:data1\" content=\"2 minute\" \/>\n<script type=\"application\/ld+json\" class=\"yoast-schema-graph\">{\"@context\":\"https:\/\/schema.org\",\"@graph\":[{\"@type\":\"WebPage\",\"@id\":\"https:\/\/business.roovi.com\/ro\/puzzle-adulti-1000-piese-august-macke-four-girls-patru-fete\/p\/\",\"url\":\"https:\/\/www.roovi.ro\/puzzle-adulti-1000-piese-august-macke-four-girls-patru-fete\/p\/\",\"name\":\"Puzzle adul\u021bi 1000 piese August Macke - Four Girls \/ Patru fete - Roovi B2B\",\"isPartOf\":{\"@id\":\"https:\/\/business.roovi.com\/ro\/#website\"},\"datePublished\":\"2018-04-16T10:56:17+00:00\",\"dateModified\":\"2025-03-18T08:46:04+00:00\",\"breadcrumb\":{\"@id\":\"https:\/\/www.roovi.ro\/puzzle-adulti-1000-piese-august-macke-four-girls-patru-fete\/p\/#breadcrumb\"},\"inLanguage\":\"ro-RO\",\"potentialAction\":[{\"@type\":\"ReadAction\",\"target\":[\"https:\/\/www.roovi.ro\/puzzle-adulti-1000-piese-august-macke-four-girls-patru-fete\/p\/\"]}]},{\"@type\":\"BreadcrumbList\",\"@id\":\"https:\/\/www.roovi.ro\/puzzle-adulti-1000-piese-august-macke-four-girls-patru-fete\/p\/#breadcrumb\",\"itemListElement\":[{\"@type\":\"ListItem\",\"position\":1,\"name\":\"Home\",\"item\":\"https:\/\/business.roovi.com\/ro\/\"},{\"@type\":\"ListItem\",\"position\":2,\"name\":\"Magazin\",\"item\":\"https:\/\/business.roovi.com\/ro\/magazin\/\"},{\"@type\":\"ListItem\",\"position\":3,\"name\":\"Puzzle adul\u021bi 1000 piese August Macke &#8211; Four Girls \/ Patru fete\"}]},{\"@type\":\"WebSite\",\"@id\":\"https:\/\/business.roovi.com\/ro\/#website\",\"url\":\"https:\/\/business.roovi.com\/ro\/\",\"name\":\"Roovi B2B\",\"description\":\"Roovi Business Website\",\"potentialAction\":[{\"@type\":\"SearchAction\",\"target\":{\"@type\":\"EntryPoint\",\"urlTemplate\":\"https:\/\/business.roovi.com\/ro\/?s={search_term_string}\"},\"query-input\":\"required name=search_term_string\"}],\"inLanguage\":\"ro-RO\"}]}<\/script>\n<!-- \/ Yoast SEO plugin. -->","yoast_head_json":{"title":"Puzzle adul\u021bi 1000 piese August Macke - Four Girls \/ Patru fete - Roovi B2B","robots":{"index":"index","follow":"follow","max-snippet":"max-snippet:-1","max-image-preview":"max-image-preview:large","max-video-preview":"max-video-preview:-1"},"canonical":"https:\/\/www.roovi.ro\/puzzle-adulti-1000-piese-august-macke-four-girls-patru-fete\/p\/","og_locale":"ro_RO","og_type":"article","og_title":"Puzzle adul\u021bi 1000 piese August Macke - Four Girls \/ Patru fete - Roovi B2B","og_description":"\u021ai-ar pl\u0103cea s\u0103 fii un artist veritabil care creeaz\u0103 o lucrare nemuritoare? Alc\u0103tuie\u0219te imagini din puzzle de art\u0103 \u0219i experimenteaz\u0103","og_url":"https:\/\/www.roovi.ro\/puzzle-adulti-1000-piese-august-macke-four-girls-patru-fete\/p\/","og_site_name":"Roovi B2B","article_publisher":"https:\/\/www.facebook.com\/wwwjucariero","article_modified_time":"2025-03-18T08:46:04+00:00","og_image":[{"width":1200,"height":1200,"url":"https:\/\/business.roovi.com\/wp-content\/uploads\/2018\/04\/72863-MA-01-WEB.jpg","type":"image\/jpeg"}],"twitter_misc":{"Timp estimat pentru citire":"2 minute"},"schema":{"@context":"https:\/\/schema.org","@graph":[{"@type":"WebPage","@id":"https:\/\/business.roovi.com\/ro\/puzzle-adulti-1000-piese-august-macke-four-girls-patru-fete\/p\/","url":"https:\/\/www.roovi.ro\/puzzle-adulti-1000-piese-august-macke-four-girls-patru-fete\/p\/","name":"Puzzle adul\u021bi 1000 piese August Macke - Four Girls \/ Patru fete - Roovi B2B","isPartOf":{"@id":"https:\/\/business.roovi.com\/ro\/#website"},"datePublished":"2018-04-16T10:56:17+00:00","dateModified":"2025-03-18T08:46:04+00:00","breadcrumb":{"@id":"https:\/\/www.roovi.ro\/puzzle-adulti-1000-piese-august-macke-four-girls-patru-fete\/p\/#breadcrumb"},"inLanguage":"ro-RO","potentialAction":[{"@type":"ReadAction","target":["https:\/\/www.roovi.ro\/puzzle-adulti-1000-piese-august-macke-four-girls-patru-fete\/p\/"]}]},{"@type":"BreadcrumbList","@id":"https:\/\/www.roovi.ro\/puzzle-adulti-1000-piese-august-macke-four-girls-patru-fete\/p\/#breadcrumb","itemListElement":[{"@type":"ListItem","position":1,"name":"Home","item":"https:\/\/business.roovi.com\/ro\/"},{"@type":"ListItem","position":2,"name":"Magazin","item":"https:\/\/business.roovi.com\/ro\/magazin\/"},{"@type":"ListItem","position":3,"name":"Puzzle adul\u021bi 1000 piese August Macke &#8211; Four Girls \/ Patru fete"}]},{"@type":"WebSite","@id":"https:\/\/business.roovi.com\/ro\/#website","url":"https:\/\/business.roovi.com\/ro\/","name":"Roovi B2B","description":"Roovi Business Website","potentialAction":[{"@type":"SearchAction","target":{"@type":"EntryPoint","urlTemplate":"https:\/\/business.roovi.com\/ro\/?s={search_term_string}"},"query-input":"required name=search_term_string"}],"inLanguage":"ro-RO"}]}},"_links":{"self":[{"href":"https:\/\/business.roovi.com\/ro\/wp-json\/wp\/v2\/product\/18055","targetHints":{"allow":["GET"]}}],"collection":[{"href":"https:\/\/business.roovi.com\/ro\/wp-json\/wp\/v2\/product"}],"about":[{"href":"https:\/\/business.roovi.com\/ro\/wp-json\/wp\/v2\/types\/product"}],"version-history":[{"count":0,"href":"https:\/\/business.roovi.com\/ro\/wp-json\/wp\/v2\/product\/18055\/revisions"}],"wp:featuredmedia":[{"embeddable":true,"href":"https:\/\/business.roovi.com\/ro\/wp-json\/wp\/v2\/media\/63597"}],"wp:attachment":[{"href":"https:\/\/business.roovi.com\/ro\/wp-json\/wp\/v2\/media?parent=18055"}],"wp:term":[{"taxonomy":"product_brand","embeddable":true,"href":"https:\/\/business.roovi.com\/ro\/wp-json\/wp\/v2\/product_brand?post=18055"},{"taxonomy":"product_cat","embeddable":true,"href":"https:\/\/business.roovi.com\/ro\/wp-json\/wp\/v2\/product_cat?post=18055"},{"taxonomy":"product_tag","embeddable":true,"href":"https:\/\/business.roovi.com\/ro\/wp-json\/wp\/v2\/product_tag?post=18055"}],"curies":[{"name":"wp","href":"https:\/\/api.w.org\/{rel}","templated":true}]}}