{"id":18060,"date":"2018-04-16T10:56:17","date_gmt":"2018-04-16T10:56:17","guid":{"rendered":"https:\/\/business.roovi.com\/product\/puzzle-august-macke-two-girls-1000-piese\/"},"modified":"2025-03-18T08:46:51","modified_gmt":"2025-03-18T08:46:51","slug":"puzzle-adulti-1000-piese-august-macke-two-girlsdoua-fete","status":"publish","type":"product","link":"https:\/\/business.roovi.com\/ro\/puzzle-adulti-1000-piese-august-macke-two-girlsdoua-fete\/p\/","title":{"rendered":"Puzzle adul\u021bi 1000 piese August Macke &#8211; Two Girls\/Dou\u0103 fete"},"content":{"rendered":"<p><span style=\"font-weight: 400;\">Te crezi priceput la puzzle 1000 piese? Te provoc\u0103m la puzzle-uri de art\u0103! Detaliile subtile din opere de art\u0103 celebre te vor captiva \u0219i vei petrece multe ore de distrac\u021bie relaxant\u0103 \u00een compania celor mai deosebite jocuri puzzle.<\/span><\/p>\n<p><span style=\"font-weight: 400;\">Puzzle 1000 piese August Macke &#8211; Two Girls\/Dou\u0103 fete surprinde fascina\u021bia artistului pentru futurismul italian care glorifica viteza \u0219i tehnologia \u00een mod uimitor \u00een pictur\u0103. Fetele lui Macke sunt parte din agita\u021bia ora\u0219ului. \u00cen tablou, totul pare \u00een mi\u0219care.\u00a0<\/span><\/p>\n<p><span style=\"font-weight: 400;\">Persoanele \u0219i obiectele parc\u0103 se dizolv\u0103 \u00een forme geometrice cristaline. Artistul nu-\u0219i rezum\u0103 compozi\u021bia la forme abstracte. Fetele contempl\u0103 ceea ce se \u00eent\u00e2mpl\u0103, dar nu se contopesc \u00een forme.<\/span><\/p>\n<p><span style=\"font-weight: 400;\">E\u0219ti preg\u0103tit pentru refacerea acestei imagini? Trage-\u021bi aproape o m\u0103su\u021b\u0103 obi\u0219nuit\u0103 de cafea \u0219i \u00eencepi lucrul la o capodoper\u0103 artistic\u0103 ce te va \u021bine conectat ore bune. Tabloul rezultat are dimensiunile de 50 x 70 cm.\u00a0<\/span><\/p>\n<p><span style=\"font-weight: 400;\">Informa\u021bii despre puzzle de art\u0103 August Macke &#8211; Two Girls\/Dou\u0103 fete:<\/span><\/p>\n<p><strong>Material puzzle:\u00a0<\/strong><\/p>\n<p><strong>carton albastru de o calitate superioar\u0103<\/strong><\/p>\n<p><strong>materiale sustenabile, reciclabile<\/strong><\/p>\n<p><strong>finisaj semi-lucios, culori vii<\/strong><\/p>\n<p><strong>Num\u0103rul pieselor de puzzle: 1000<\/strong><\/p>\n<p><strong>V\u00e2rsta recomandat\u0103: 14+<\/strong><\/p>\n<p><span style=\"font-weight: 400;\">Asambleaz\u0103 puzzle de art\u0103 August Macke &#8211; Two Girls\/Dou\u0103 fete \u0219i bucur\u0103-te de beneficii uimitoare:\u00a0<\/span><\/p>\n<ul>\n<li><span style=\"font-weight: 400;\">Te ajut\u0103 s\u0103 reg\u0103se\u0219ti frumosul printr-o activitatea simpl\u0103 \u0219i relaxant\u0103.<\/span><\/li>\n<li><span style=\"font-weight: 400;\">Te poart\u0103 \u00eentr-o lume artistic\u0103 pe care poate nu ai avut oportunitatea s\u0103 o explorezi p\u00e2n\u0103 acum.<\/span><\/li>\n<li><span style=\"font-weight: 400;\">Cu ajutorul acestui minunat joc puzzle, refaci o pictur\u0103 celebr\u0103 pe care o po\u021bi \u00eenr\u0103ma \u0219i expune \u00een casa ta.<\/span><\/li>\n<li><span style=\"font-weight: 400;\">\u00ce\u021bi ofer\u0103 \u0219ansa de a admira un tablou de art\u0103 consacrat, \u00een cele mai mici detalii.<\/span><\/li>\n<\/ul>\n<p><strong>\u0218tiai c\u0103 August Macke\u2026?<\/strong><\/p>\n<p><span style=\"font-weight: 400;\">Este unul dintre cei mai renumi\u021bi pictori impresioni\u0219ti germani.<\/span><\/p>\n<p><span style=\"font-weight: 400;\">A tr\u0103it \u00eentr-o perioad\u0103 deosebit de inovatoare pentru arta german\u0103: a asistat la dezvoltarea principalelor mi\u0219c\u0103ri expresioniste, precum \u0219i la dezvoltarea mi\u0219c\u0103rilor avangardiste europene.<\/span><\/p>\n<p><span style=\"font-weight: 400;\">A c\u0103l\u0103torit la Paris, unde a v\u0103zut picturile impresioni\u0219tilor francezi, care l-au fascinat \u0219i l-au influen\u021bat profund.<\/span><\/p>\n<p><span style=\"font-weight: 400;\">A integrat \u00een picturile sale elemente de avangard\u0103 care l-au interesat cel mai mult. A utilizat o combina\u021bie de forme simplificate \u0219i culori vibrante pentru a produce portrete \u0219i scene figurative.<\/span><\/p>\n<p><span style=\"font-weight: 400;\">A avut o carier\u0103 scurt\u0103. A murit la doar 27 de ani pe un front de lupt\u0103 din Fran\u021ba, \u00een Primul R\u0103zboi Mondial.<\/span><\/p>\n<p><strong>Cu puzzle adul\u021bi August Macke &#8211; Dou\u0103 fete petreci timp de calitate al\u0103turi de prieteni<\/strong><\/p>\n<p><span style=\"font-weight: 400;\">Adun\u0103-\u021bi prietenii \u0219i petrece\u021bi \u00eempreun\u0103 o sear\u0103 tematic\u0103 complet\u00e2nd imaginea acestui puzzle de art\u0103. Lucra\u021bi \u00een perechi diferite p\u0103r\u021bi din puzzle, stabili\u021bi strategia cea mai bun\u0103 \u0219i relaxa\u021bi-v\u0103 \u00eempreun\u0103 c\u00e2teva ore bune \u00een weekendurile monotone.<\/span><\/p>\n<p><span style=\"font-weight: 400;\">Acest puzzle de art\u0103 poate fi p\u0103strat \u00een cas\u0103 \u0219i ref\u0103cut de c\u00e2te ori sim\u021bi nevoia s\u0103 te deta\u0219ezi de la problemele zilnice. Este produs din materiale de calitate care \u00eei confer\u0103 rezisten\u021b\u0103 la utiliz\u0103ri multiple. De asemenea, poate fi oferit cadou prietenilor pasiona\u021bi de jocuri puzzle sau la ocazii de s\u0103rb\u0103toare.<\/span><\/p>\n","protected":false},"excerpt":{"rendered":"<p>Te crezi priceput la puzzle 1000 piese? Te provoc\u0103m la puzzle-uri de art\u0103! Detaliile subtile din opere de art\u0103 celebre<\/p>\n","protected":false},"featured_media":63601,"template":"","meta":[],"product_brand":[],"product_cat":[1454,1488,1560],"product_tag":[],"class_list":{"0":"post-18060","1":"product","2":"type-product","3":"status-publish","4":"has-post-thumbnail","6":"product_cat-puzzle","7":"product_cat-puzzle-adulti","8":"product_cat-puzzle-adulti-1000","9":"pa_bax-1273","10":"pa_brand-d_toys","11":"pa_country_of_manufacture-ro","12":"pa_filter_age-1315","13":"pa_painter-augustmacke","14":"pa_tip_ambalaj-cutie","15":"pa_tip_puzzle-clasic","17":"first","18":"instock","19":"taxable","20":"shipping-taxable","21":"product-type-simple"},"yoast_head":"<!-- This site is optimized with the Yoast SEO plugin v20.1 - https:\/\/yoast.com\/wordpress\/plugins\/seo\/ -->\n<title>Puzzle adul\u021bi 1000 piese August Macke - Two Girls\/Dou\u0103 fete - Roovi B2B<\/title>\n<meta name=\"robots\" content=\"index, follow, max-snippet:-1, max-image-preview:large, max-video-preview:-1\" \/>\n<link rel=\"canonical\" href=\"https:\/\/www.roovi.ro\/puzzle-adulti-1000-piese-august-macke-two-girlsdoua-fete\/p\/\" \/>\n<meta property=\"og:locale\" content=\"ro_RO\" \/>\n<meta property=\"og:type\" content=\"article\" \/>\n<meta property=\"og:title\" content=\"Puzzle adul\u021bi 1000 piese August Macke - Two Girls\/Dou\u0103 fete - Roovi B2B\" \/>\n<meta property=\"og:description\" content=\"Te crezi priceput la puzzle 1000 piese? Te provoc\u0103m la puzzle-uri de art\u0103! Detaliile subtile din opere de art\u0103 celebre\" \/>\n<meta property=\"og:url\" content=\"https:\/\/www.roovi.ro\/puzzle-adulti-1000-piese-august-macke-two-girlsdoua-fete\/p\/\" \/>\n<meta property=\"og:site_name\" content=\"Roovi B2B\" \/>\n<meta property=\"article:publisher\" content=\"https:\/\/www.facebook.com\/wwwjucariero\" \/>\n<meta property=\"article:modified_time\" content=\"2025-03-18T08:46:51+00:00\" \/>\n<meta property=\"og:image\" content=\"https:\/\/business.roovi.com\/wp-content\/uploads\/2018\/04\/72863-MA-02-WEB.jpg\" \/>\n\t<meta property=\"og:image:width\" content=\"1200\" \/>\n\t<meta property=\"og:image:height\" content=\"1200\" \/>\n\t<meta property=\"og:image:type\" content=\"image\/jpeg\" \/>\n<meta name=\"twitter:label1\" content=\"Timp estimat pentru citire\" \/>\n\t<meta name=\"twitter:data1\" content=\"3 minute\" \/>\n<script type=\"application\/ld+json\" class=\"yoast-schema-graph\">{\"@context\":\"https:\/\/schema.org\",\"@graph\":[{\"@type\":\"WebPage\",\"@id\":\"https:\/\/business.roovi.com\/ro\/puzzle-adulti-1000-piese-august-macke-two-girlsdoua-fete\/p\/\",\"url\":\"https:\/\/www.roovi.ro\/puzzle-adulti-1000-piese-august-macke-two-girlsdoua-fete\/p\/\",\"name\":\"Puzzle adul\u021bi 1000 piese August Macke - Two Girls\/Dou\u0103 fete - Roovi B2B\",\"isPartOf\":{\"@id\":\"https:\/\/business.roovi.com\/ro\/#website\"},\"datePublished\":\"2018-04-16T10:56:17+00:00\",\"dateModified\":\"2025-03-18T08:46:51+00:00\",\"breadcrumb\":{\"@id\":\"https:\/\/www.roovi.ro\/puzzle-adulti-1000-piese-august-macke-two-girlsdoua-fete\/p\/#breadcrumb\"},\"inLanguage\":\"ro-RO\",\"potentialAction\":[{\"@type\":\"ReadAction\",\"target\":[\"https:\/\/www.roovi.ro\/puzzle-adulti-1000-piese-august-macke-two-girlsdoua-fete\/p\/\"]}]},{\"@type\":\"BreadcrumbList\",\"@id\":\"https:\/\/www.roovi.ro\/puzzle-adulti-1000-piese-august-macke-two-girlsdoua-fete\/p\/#breadcrumb\",\"itemListElement\":[{\"@type\":\"ListItem\",\"position\":1,\"name\":\"Home\",\"item\":\"https:\/\/business.roovi.com\/ro\/\"},{\"@type\":\"ListItem\",\"position\":2,\"name\":\"Magazin\",\"item\":\"https:\/\/business.roovi.com\/ro\/magazin\/\"},{\"@type\":\"ListItem\",\"position\":3,\"name\":\"Puzzle adul\u021bi 1000 piese August Macke &#8211; Two Girls\/Dou\u0103 fete\"}]},{\"@type\":\"WebSite\",\"@id\":\"https:\/\/business.roovi.com\/ro\/#website\",\"url\":\"https:\/\/business.roovi.com\/ro\/\",\"name\":\"Roovi B2B\",\"description\":\"Roovi Business Website\",\"potentialAction\":[{\"@type\":\"SearchAction\",\"target\":{\"@type\":\"EntryPoint\",\"urlTemplate\":\"https:\/\/business.roovi.com\/ro\/?s={search_term_string}\"},\"query-input\":\"required name=search_term_string\"}],\"inLanguage\":\"ro-RO\"}]}<\/script>\n<!-- \/ Yoast SEO plugin. -->","yoast_head_json":{"title":"Puzzle adul\u021bi 1000 piese August Macke - Two Girls\/Dou\u0103 fete - Roovi B2B","robots":{"index":"index","follow":"follow","max-snippet":"max-snippet:-1","max-image-preview":"max-image-preview:large","max-video-preview":"max-video-preview:-1"},"canonical":"https:\/\/www.roovi.ro\/puzzle-adulti-1000-piese-august-macke-two-girlsdoua-fete\/p\/","og_locale":"ro_RO","og_type":"article","og_title":"Puzzle adul\u021bi 1000 piese August Macke - Two Girls\/Dou\u0103 fete - Roovi B2B","og_description":"Te crezi priceput la puzzle 1000 piese? Te provoc\u0103m la puzzle-uri de art\u0103! Detaliile subtile din opere de art\u0103 celebre","og_url":"https:\/\/www.roovi.ro\/puzzle-adulti-1000-piese-august-macke-two-girlsdoua-fete\/p\/","og_site_name":"Roovi B2B","article_publisher":"https:\/\/www.facebook.com\/wwwjucariero","article_modified_time":"2025-03-18T08:46:51+00:00","og_image":[{"width":1200,"height":1200,"url":"https:\/\/business.roovi.com\/wp-content\/uploads\/2018\/04\/72863-MA-02-WEB.jpg","type":"image\/jpeg"}],"twitter_misc":{"Timp estimat pentru citire":"3 minute"},"schema":{"@context":"https:\/\/schema.org","@graph":[{"@type":"WebPage","@id":"https:\/\/business.roovi.com\/ro\/puzzle-adulti-1000-piese-august-macke-two-girlsdoua-fete\/p\/","url":"https:\/\/www.roovi.ro\/puzzle-adulti-1000-piese-august-macke-two-girlsdoua-fete\/p\/","name":"Puzzle adul\u021bi 1000 piese August Macke - Two Girls\/Dou\u0103 fete - Roovi B2B","isPartOf":{"@id":"https:\/\/business.roovi.com\/ro\/#website"},"datePublished":"2018-04-16T10:56:17+00:00","dateModified":"2025-03-18T08:46:51+00:00","breadcrumb":{"@id":"https:\/\/www.roovi.ro\/puzzle-adulti-1000-piese-august-macke-two-girlsdoua-fete\/p\/#breadcrumb"},"inLanguage":"ro-RO","potentialAction":[{"@type":"ReadAction","target":["https:\/\/www.roovi.ro\/puzzle-adulti-1000-piese-august-macke-two-girlsdoua-fete\/p\/"]}]},{"@type":"BreadcrumbList","@id":"https:\/\/www.roovi.ro\/puzzle-adulti-1000-piese-august-macke-two-girlsdoua-fete\/p\/#breadcrumb","itemListElement":[{"@type":"ListItem","position":1,"name":"Home","item":"https:\/\/business.roovi.com\/ro\/"},{"@type":"ListItem","position":2,"name":"Magazin","item":"https:\/\/business.roovi.com\/ro\/magazin\/"},{"@type":"ListItem","position":3,"name":"Puzzle adul\u021bi 1000 piese August Macke &#8211; Two Girls\/Dou\u0103 fete"}]},{"@type":"WebSite","@id":"https:\/\/business.roovi.com\/ro\/#website","url":"https:\/\/business.roovi.com\/ro\/","name":"Roovi B2B","description":"Roovi Business Website","potentialAction":[{"@type":"SearchAction","target":{"@type":"EntryPoint","urlTemplate":"https:\/\/business.roovi.com\/ro\/?s={search_term_string}"},"query-input":"required name=search_term_string"}],"inLanguage":"ro-RO"}]}},"_links":{"self":[{"href":"https:\/\/business.roovi.com\/ro\/wp-json\/wp\/v2\/product\/18060","targetHints":{"allow":["GET"]}}],"collection":[{"href":"https:\/\/business.roovi.com\/ro\/wp-json\/wp\/v2\/product"}],"about":[{"href":"https:\/\/business.roovi.com\/ro\/wp-json\/wp\/v2\/types\/product"}],"version-history":[{"count":0,"href":"https:\/\/business.roovi.com\/ro\/wp-json\/wp\/v2\/product\/18060\/revisions"}],"wp:featuredmedia":[{"embeddable":true,"href":"https:\/\/business.roovi.com\/ro\/wp-json\/wp\/v2\/media\/63601"}],"wp:attachment":[{"href":"https:\/\/business.roovi.com\/ro\/wp-json\/wp\/v2\/media?parent=18060"}],"wp:term":[{"taxonomy":"product_brand","embeddable":true,"href":"https:\/\/business.roovi.com\/ro\/wp-json\/wp\/v2\/product_brand?post=18060"},{"taxonomy":"product_cat","embeddable":true,"href":"https:\/\/business.roovi.com\/ro\/wp-json\/wp\/v2\/product_cat?post=18060"},{"taxonomy":"product_tag","embeddable":true,"href":"https:\/\/business.roovi.com\/ro\/wp-json\/wp\/v2\/product_tag?post=18060"}],"curies":[{"name":"wp","href":"https:\/\/api.w.org\/{rel}","templated":true}]}}