{"id":18075,"date":"2018-04-16T10:56:17","date_gmt":"2018-04-16T10:56:17","guid":{"rendered":"https:\/\/business.roovi.com\/product\/puzzle-claude-monet-the-lunch-1000-piese\/"},"modified":"2025-03-17T11:39:29","modified_gmt":"2025-03-17T11:39:29","slug":"puzzle-adulti-1000-piese-claude-monet-the-lunchpranzul","status":"publish","type":"product","link":"https:\/\/business.roovi.com\/ro\/puzzle-adulti-1000-piese-claude-monet-the-lunchpranzul\/p\/","title":{"rendered":"Puzzle adulti 1000 piese Claude Monet -The Lunch\/Pr\u00e2nzul"},"content":{"rendered":"<p><span style=\"font-weight: 400; line-height: 14px; font-size: 14px;\">Intr\u0103 \u00een cea mai mare galerie de art\u0103 ce con\u021bine puzzle-uri de art\u0103 cu imagini ale celor mai renumite picturi din toate timpurile. Alc\u0103tuie\u0219te-\u021bi propria colec\u021bie de tablouri de art\u0103 din puzzle-uri de 1000 piese \u0219i bucur\u0103-te de expresivitatea \u0219i armonia culorii.\u00a0<\/span><\/p>\n<p><span style=\"font-weight: 400; line-height: 14px; font-size: 14px;\">Puzzle 1000 piese Claude Monet &#8211; The Lunch\/Pr\u00e2nzul poate fi primul tablou din colec\u021bia ta de art\u0103. Exprim\u0103 lini\u0219tea \u0219i relaxarea din cadrul intim al gr\u0103dinii familiei: masa nu a fost \u00eenc\u0103 str\u00e2ns\u0103, o p\u0103l\u0103rie st\u0103 at\u00e2rnat\u0103 pe creanga unui copac, o geant\u0103 \u0219i o umbrel\u0103 par a fi uitate pe banc\u0103, iar micu\u021bul familiei se joac\u0103 lini\u0219tit cu c\u00e2teva buc\u0103\u021bi de lemn. Po\u021bi reface acest tablou inedit pe m\u0103su\u021ba de cafea din sufrageria ta. \u00ce\u021bi garant\u0103m, p\u00e2n\u0103 la 30 de ore de relaxare \u0219i \u00eenc\u00e2ntare.<\/span><\/p>\n<p><span style=\"font-weight: 400; line-height: 14px; font-size: 14px;\">Cite\u0219te mai jos c\u00e2teva informa\u021bii despre puzzle de art\u0103\u00a0 Claude Monet &#8211; Pr\u00e2nzul<\/span><\/p>\n<p><span style=\"line-height: 14px; font-size: 14px;\"><strong>Dimensiuni imagine reconstituit\u0103: 50 x 70 cm<\/strong><\/span><\/p>\n<p><span style=\"line-height: 14px; font-size: 14px;\"><strong>Material puzzle:\u00a0<\/strong><\/span><\/p>\n<p><span style=\"line-height: 14px; font-size: 14px;\"><strong>carton albastru de o calitate superioar\u0103<\/strong><\/span><\/p>\n<p><span style=\"line-height: 14px; font-size: 14px;\"><strong>materiale sustenabile, reciclabile<\/strong><\/span><\/p>\n<p><span style=\"line-height: 14px; font-size: 14px;\"><strong>finisaj semi-lucios, culori vii<\/strong><\/span><\/p>\n<p><span style=\"line-height: 14px; font-size: 14px;\"><strong>Num\u0103rul pieselor de puzzle: 1000<\/strong><\/span><\/p>\n<p><span style=\"line-height: 14px; font-size: 14px;\"><strong>V\u00e2rsta recomandat\u0103: 14+<\/strong><\/span><\/p>\n<p><span style=\"line-height: 14px; font-size: 14px;\"><strong>S\u0103 faci puzzle 1000 piese este distractiv \u0219i s\u0103n\u0103tos!<\/strong><\/span><\/p>\n<p><span style=\"font-weight: 400; line-height: 14px; font-size: 14px;\">Activitatea de asamblare a puzzle-urilor de adul\u021bi este distractiv\u0103, relaxant\u0103 \u0219i, \u00een plus, foarte s\u0103n\u0103toas\u0103. Iat\u0103 de ce:<\/span><\/p>\n<p><span style=\"font-weight: 400; line-height: 14px; font-size: 14px;\">1. Ajut\u0103 la \u00eembun\u0103t\u0103\u021birea memoriei.<\/span><\/p>\n<p><span style=\"font-weight: 400; line-height: 14px; font-size: 14px;\">2. Reduce nivelul de stres.<\/span><\/p>\n<p><span style=\"font-weight: 400; line-height: 14px; font-size: 14px;\">3. \u00cembun\u0103t\u0103\u021be\u0219te capacit\u0103\u021bile cognitive.<\/span><\/p>\n<p><span style=\"font-weight: 400; line-height: 14px; font-size: 14px;\">4. Ajut\u0103 la dezvoltarea abilit\u0103\u021bilor de rezolvare a problemelor.<\/span><\/p>\n<p><span style=\"font-weight: 400; line-height: 14px; font-size: 14px;\">5. Reduce insomniile.<\/span><\/p>\n<p><span style=\"font-weight: 400; line-height: 14px; font-size: 14px;\">6. Cre\u0219te aten\u021bia la detalii.<\/span><\/p>\n<p><span style=\"line-height: 14px; font-size: 14px;\"><strong>Despre Claude Monet \u0219tiai c\u0103?&#8230;<\/strong><\/span><\/p>\n<p><span style=\"font-weight: 400; line-height: 14px; font-size: 14px;\">Este numit p\u0103rintele impresionismului francez.<\/span><\/p>\n<p><span style=\"font-weight: 400; line-height: 14px; font-size: 14px;\">A avut o adev\u0103rat\u0103 pasiune pentru nuferi, realiz\u00e2nd nu mai pu\u021bin de 250 de tablouri cu aceast\u0103 tem\u0103.<\/span><\/p>\n<p><span style=\"font-weight: 400; line-height: 14px; font-size: 14px;\">A fost soldat \u00een Algeria. Tat\u0103l s\u0103u s-a oferit s\u0103 \u00eei pl\u0103teasc\u0103 eliberarea din armat\u0103 \u00een schimbul promisiunii de a renun\u021ba la pictur\u0103. Artistul a refuzat oferta, dar a fost sprijinit de m\u0103tu\u0219a sa cu ajutorul c\u0103reia a p\u0103r\u0103sit armata \u0219i s-a \u00eenscris la o \u0219coal\u0103 de art\u0103 din Paris.<\/span><\/p>\n<p><span style=\"font-weight: 400; line-height: 14px; font-size: 14px;\">A vrut s\u0103 se sinucid\u0103 arunc\u00e2ndu-se \u00een Sena. A recurs la acest gest radical la 20 de ani \u00eentr-un moment de frustrare, fiind respins ca artist de Academia de art\u0103 francez\u0103 \u0219i sim\u021bindu-se incapabil s\u0103-\u0219i \u00eentre\u021bin\u0103 familia.<\/span><\/p>\n<p><span style=\"font-weight: 400; line-height: 14px; font-size: 14px;\">Familia lui nu a fost de acord cu rela\u021bia lui cu Camille Doncieux, care i-a fost model, apoi so\u021bie. Camille a murit la 32 de ani, cel mai probabil de cander uterin.<\/span><\/p>\n<p><span style=\"font-weight: 400; line-height: 14px; font-size: 14px;\">Cea de-a doua so\u021bie, Alice Hosched\u00e9, a manifestat o gelozie extrem\u0103 pentru Camille \u0219i se spune c\u0103 a distrus toate scrisorile \u0219i fotografiile acesteia.<\/span><\/p>\n<p><span style=\"line-height: 14px; font-size: 14px;\"><strong>Vrei s\u0103 fii mai productiv? Antreneaz\u0103-te cu jocuri puzzle!<\/strong><\/span><\/p>\n<p><span style=\"font-weight: 400; line-height: 14px; font-size: 14px;\">Jocurile puzzle te relaxeaz\u0103 \u0219i \u00ee\u021bi dau o stare general\u0103 de optimism. Pentru fiecare imagine din puzzle 1000 piese \u00ee\u021bi pui la b\u0103taie toat\u0103 iscusin\u021ba \u0219i perseveren\u021ba. \u00cen orice activitate, dac\u0103 e\u0219ti concentrat \u0219i pasionat, reu\u0219e\u0219ti s\u0103 g\u0103se\u0219ti solu\u021bii repede \u0219i u\u0219or. Asambleaz\u0103 puzzle 1000 piese zi de zi \u0219i vei fi antrenat \u0219i pentru sarcinile zilnice. Productivitatea ta va cre\u0219te \u0219i vei fi uimit de rezultatele ob\u021binute.<\/span><\/p>\n<p><span style=\"line-height: 14px; font-size: 14px;\"><span style=\"font-weight: 400;\">Fascinat de via\u021ba \u0219i opera lui Monet? Cump\u0103r\u0103 acum puzzle de art\u0103 <\/span><span style=\"font-weight: 400;\">Claude Monet &#8211; The Lunch\/Pr\u00e2nzul \u0219i descoper\u0103 o mic\u0103 parte din farmecul artistului. Completeaz\u0103-\u021bi colec\u021bia de tablouri de art\u0103 cu acest puzzle de 1000 piese original. Puzzle de art\u0103 Claude Monet &#8211; Pr\u00e2nzul este un joc puzzle deosebit pe care \u00eel po\u021bi oferi \u00een dar membrilor din familie sau prietenilor.<\/span><\/span><\/p>\n","protected":false},"excerpt":{"rendered":"<p>Intr\u0103 \u00een cea mai mare galerie de art\u0103 ce con\u021bine puzzle-uri de art\u0103 cu imagini ale celor mai renumite picturi<\/p>\n","protected":false},"featured_media":63260,"template":"","meta":[],"product_brand":[],"product_cat":[1454,1488,1560],"product_tag":[],"class_list":{"0":"post-18075","1":"product","2":"type-product","3":"status-publish","4":"has-post-thumbnail","6":"product_cat-puzzle","7":"product_cat-puzzle-adulti","8":"product_cat-puzzle-adulti-1000","9":"pa_brand-d_toys","10":"pa_country_of_manufacture-ro","11":"pa_filter_age-1315","12":"pa_painter-claudemonet","13":"pa_tip_ambalaj-cutie","14":"pa_tip_puzzle-clasic","16":"first","17":"instock","18":"taxable","19":"shipping-taxable","20":"product-type-simple"},"yoast_head":"<!-- This site is optimized with the Yoast SEO plugin v20.1 - https:\/\/yoast.com\/wordpress\/plugins\/seo\/ -->\n<title>Puzzle adulti 1000 piese Claude Monet -The Lunch\/Pr\u00e2nzul - Roovi B2B<\/title>\n<meta name=\"robots\" content=\"index, follow, max-snippet:-1, max-image-preview:large, max-video-preview:-1\" \/>\n<link rel=\"canonical\" href=\"https:\/\/www.roovi.ro\/puzzle-adulti-1000-piese-claude-monet-the-lunchpranzul\/p\/\" \/>\n<meta property=\"og:locale\" content=\"ro_RO\" \/>\n<meta property=\"og:type\" content=\"article\" \/>\n<meta property=\"og:title\" content=\"Puzzle adulti 1000 piese Claude Monet -The Lunch\/Pr\u00e2nzul - Roovi B2B\" \/>\n<meta property=\"og:description\" content=\"Intr\u0103 \u00een cea mai mare galerie de art\u0103 ce con\u021bine puzzle-uri de art\u0103 cu imagini ale celor mai renumite picturi\" \/>\n<meta property=\"og:url\" content=\"https:\/\/www.roovi.ro\/puzzle-adulti-1000-piese-claude-monet-the-lunchpranzul\/p\/\" \/>\n<meta property=\"og:site_name\" content=\"Roovi B2B\" \/>\n<meta property=\"article:publisher\" content=\"https:\/\/www.facebook.com\/wwwjucariero\" \/>\n<meta property=\"article:modified_time\" content=\"2025-03-17T11:39:29+00:00\" \/>\n<meta property=\"og:image\" content=\"https:\/\/business.roovi.com\/wp-content\/uploads\/2018\/04\/67548-CM-02-WEB.jpg\" \/>\n\t<meta property=\"og:image:width\" content=\"1200\" \/>\n\t<meta property=\"og:image:height\" content=\"1200\" \/>\n\t<meta property=\"og:image:type\" content=\"image\/jpeg\" \/>\n<meta name=\"twitter:label1\" content=\"Timp estimat pentru citire\" \/>\n\t<meta name=\"twitter:data1\" content=\"3 minute\" \/>\n<script type=\"application\/ld+json\" class=\"yoast-schema-graph\">{\"@context\":\"https:\/\/schema.org\",\"@graph\":[{\"@type\":\"WebPage\",\"@id\":\"https:\/\/business.roovi.com\/ro\/puzzle-adulti-1000-piese-claude-monet-the-lunchpranzul\/p\/\",\"url\":\"https:\/\/www.roovi.ro\/puzzle-adulti-1000-piese-claude-monet-the-lunchpranzul\/p\/\",\"name\":\"Puzzle adulti 1000 piese Claude Monet -The Lunch\/Pr\u00e2nzul - Roovi B2B\",\"isPartOf\":{\"@id\":\"https:\/\/business.roovi.com\/ro\/#website\"},\"datePublished\":\"2018-04-16T10:56:17+00:00\",\"dateModified\":\"2025-03-17T11:39:29+00:00\",\"breadcrumb\":{\"@id\":\"https:\/\/www.roovi.ro\/puzzle-adulti-1000-piese-claude-monet-the-lunchpranzul\/p\/#breadcrumb\"},\"inLanguage\":\"ro-RO\",\"potentialAction\":[{\"@type\":\"ReadAction\",\"target\":[\"https:\/\/www.roovi.ro\/puzzle-adulti-1000-piese-claude-monet-the-lunchpranzul\/p\/\"]}]},{\"@type\":\"BreadcrumbList\",\"@id\":\"https:\/\/www.roovi.ro\/puzzle-adulti-1000-piese-claude-monet-the-lunchpranzul\/p\/#breadcrumb\",\"itemListElement\":[{\"@type\":\"ListItem\",\"position\":1,\"name\":\"Home\",\"item\":\"https:\/\/business.roovi.com\/ro\/\"},{\"@type\":\"ListItem\",\"position\":2,\"name\":\"Magazin\",\"item\":\"https:\/\/business.roovi.com\/ro\/magazin\/\"},{\"@type\":\"ListItem\",\"position\":3,\"name\":\"Puzzle adulti 1000 piese Claude Monet -The Lunch\/Pr\u00e2nzul\"}]},{\"@type\":\"WebSite\",\"@id\":\"https:\/\/business.roovi.com\/ro\/#website\",\"url\":\"https:\/\/business.roovi.com\/ro\/\",\"name\":\"Roovi B2B\",\"description\":\"Roovi Business Website\",\"potentialAction\":[{\"@type\":\"SearchAction\",\"target\":{\"@type\":\"EntryPoint\",\"urlTemplate\":\"https:\/\/business.roovi.com\/ro\/?s={search_term_string}\"},\"query-input\":\"required name=search_term_string\"}],\"inLanguage\":\"ro-RO\"}]}<\/script>\n<!-- \/ Yoast SEO plugin. -->","yoast_head_json":{"title":"Puzzle adulti 1000 piese Claude Monet -The Lunch\/Pr\u00e2nzul - Roovi B2B","robots":{"index":"index","follow":"follow","max-snippet":"max-snippet:-1","max-image-preview":"max-image-preview:large","max-video-preview":"max-video-preview:-1"},"canonical":"https:\/\/www.roovi.ro\/puzzle-adulti-1000-piese-claude-monet-the-lunchpranzul\/p\/","og_locale":"ro_RO","og_type":"article","og_title":"Puzzle adulti 1000 piese Claude Monet -The Lunch\/Pr\u00e2nzul - Roovi B2B","og_description":"Intr\u0103 \u00een cea mai mare galerie de art\u0103 ce con\u021bine puzzle-uri de art\u0103 cu imagini ale celor mai renumite picturi","og_url":"https:\/\/www.roovi.ro\/puzzle-adulti-1000-piese-claude-monet-the-lunchpranzul\/p\/","og_site_name":"Roovi B2B","article_publisher":"https:\/\/www.facebook.com\/wwwjucariero","article_modified_time":"2025-03-17T11:39:29+00:00","og_image":[{"width":1200,"height":1200,"url":"https:\/\/business.roovi.com\/wp-content\/uploads\/2018\/04\/67548-CM-02-WEB.jpg","type":"image\/jpeg"}],"twitter_misc":{"Timp estimat pentru citire":"3 minute"},"schema":{"@context":"https:\/\/schema.org","@graph":[{"@type":"WebPage","@id":"https:\/\/business.roovi.com\/ro\/puzzle-adulti-1000-piese-claude-monet-the-lunchpranzul\/p\/","url":"https:\/\/www.roovi.ro\/puzzle-adulti-1000-piese-claude-monet-the-lunchpranzul\/p\/","name":"Puzzle adulti 1000 piese Claude Monet -The Lunch\/Pr\u00e2nzul - Roovi B2B","isPartOf":{"@id":"https:\/\/business.roovi.com\/ro\/#website"},"datePublished":"2018-04-16T10:56:17+00:00","dateModified":"2025-03-17T11:39:29+00:00","breadcrumb":{"@id":"https:\/\/www.roovi.ro\/puzzle-adulti-1000-piese-claude-monet-the-lunchpranzul\/p\/#breadcrumb"},"inLanguage":"ro-RO","potentialAction":[{"@type":"ReadAction","target":["https:\/\/www.roovi.ro\/puzzle-adulti-1000-piese-claude-monet-the-lunchpranzul\/p\/"]}]},{"@type":"BreadcrumbList","@id":"https:\/\/www.roovi.ro\/puzzle-adulti-1000-piese-claude-monet-the-lunchpranzul\/p\/#breadcrumb","itemListElement":[{"@type":"ListItem","position":1,"name":"Home","item":"https:\/\/business.roovi.com\/ro\/"},{"@type":"ListItem","position":2,"name":"Magazin","item":"https:\/\/business.roovi.com\/ro\/magazin\/"},{"@type":"ListItem","position":3,"name":"Puzzle adulti 1000 piese Claude Monet -The Lunch\/Pr\u00e2nzul"}]},{"@type":"WebSite","@id":"https:\/\/business.roovi.com\/ro\/#website","url":"https:\/\/business.roovi.com\/ro\/","name":"Roovi B2B","description":"Roovi Business Website","potentialAction":[{"@type":"SearchAction","target":{"@type":"EntryPoint","urlTemplate":"https:\/\/business.roovi.com\/ro\/?s={search_term_string}"},"query-input":"required name=search_term_string"}],"inLanguage":"ro-RO"}]}},"_links":{"self":[{"href":"https:\/\/business.roovi.com\/ro\/wp-json\/wp\/v2\/product\/18075","targetHints":{"allow":["GET"]}}],"collection":[{"href":"https:\/\/business.roovi.com\/ro\/wp-json\/wp\/v2\/product"}],"about":[{"href":"https:\/\/business.roovi.com\/ro\/wp-json\/wp\/v2\/types\/product"}],"version-history":[{"count":0,"href":"https:\/\/business.roovi.com\/ro\/wp-json\/wp\/v2\/product\/18075\/revisions"}],"wp:featuredmedia":[{"embeddable":true,"href":"https:\/\/business.roovi.com\/ro\/wp-json\/wp\/v2\/media\/63260"}],"wp:attachment":[{"href":"https:\/\/business.roovi.com\/ro\/wp-json\/wp\/v2\/media?parent=18075"}],"wp:term":[{"taxonomy":"product_brand","embeddable":true,"href":"https:\/\/business.roovi.com\/ro\/wp-json\/wp\/v2\/product_brand?post=18075"},{"taxonomy":"product_cat","embeddable":true,"href":"https:\/\/business.roovi.com\/ro\/wp-json\/wp\/v2\/product_cat?post=18075"},{"taxonomy":"product_tag","embeddable":true,"href":"https:\/\/business.roovi.com\/ro\/wp-json\/wp\/v2\/product_tag?post=18075"}],"curies":[{"name":"wp","href":"https:\/\/api.w.org\/{rel}","templated":true}]}}