{"id":18095,"date":"2018-04-16T10:56:17","date_gmt":"2018-04-16T10:56:17","guid":{"rendered":"https:\/\/business.roovi.com\/product\/puzzle-claude-monet-red-boats-at-argenteuil-1000-piese\/"},"modified":"2025-03-17T11:40:36","modified_gmt":"2025-03-17T11:40:36","slug":"puzzle-adulti-1000-piese-claude-monet-red-boats-at-argenteuil","status":"publish","type":"product","link":"https:\/\/business.roovi.com\/ro\/puzzle-adulti-1000-piese-claude-monet-red-boats-at-argenteuil\/p\/","title":{"rendered":"Puzzle adulti 1000 piese Claude Monet &#8211; Red Boats at Argenteuil"},"content":{"rendered":"<p><span style=\"font-weight: 400; line-height: 14px; font-size: 14px;\">Te sim\u021bi inspirat? Te provoc\u0103m s\u0103 asamblezi puzzle-uri de 1000 piese din cea mai mare gam\u0103 de puzzle-uri de art\u0103 produse \u00een Rom\u00e2nia. Mona Lisa, Na\u0219terea lui Venus, Rondul de noapte \u0219i multe alte capodopere artistice sunt la doar un click distan\u021b\u0103 de tine. Lanseaz\u0103 comanda, asambleaz\u0103 imaginile \u0219i bucur\u0103-te de tablouri uimitoare din puzzle-uri de art\u0103!<\/span><\/p>\n<p><span style=\"line-height: 14px; font-size: 14px;\"><span style=\"font-weight: 400;\">Puzzle 1000 piese<\/span> <span style=\"font-weight: 400;\">Claude Monet &#8211; Red Boats at Argenteuil red\u0103 o p\u00e2nz\u0103 plin\u0103 de culoare ce creeaz\u0103 impresia unui peisaj pitoresc. Ca majoritatea impresioni\u0219tilor, Monet a evitat \u00een mod deliberat structura \u0219i linia finit\u0103 a picturii academice ceea ce \u00eei confer\u0103 un caracter irezistibil acestui tablou. Completeaz\u0103 acest minunat puzzle de art\u0103 \u0219i bucur\u0103-\u021bi sim\u021burile cu o imagine artistic\u0103 de excep\u021bie.\u00a0<\/span><\/span><\/p>\n<p><span style=\"font-weight: 400; line-height: 14px; font-size: 14px;\">Puzzle 1000 piese Claude Monet &#8211; Red Boats at Argenteuil este fabricat din materiale de calitate excep\u021bional\u0103, astfel \u00eenc\u00e2t vei putea surprinde detalii uimitoare ale picturii originale \u00een tabloul ref\u0103cut. De asemenea, po\u021bi reface imagine din acest puzzle de art\u0103 ori de c\u00e2te ori dore\u0219ti, tabloul va fi impecabil de fiecare dat\u0103.<\/span><\/p>\n<p><span style=\"font-weight: 400; line-height: 14px; font-size: 14px;\">Caracteristici puzzle de art\u0103 Claude Monet &#8211; Red Boats at Argenteuil<\/span><\/p>\n<p><span style=\"line-height: 14px; font-size: 14px;\"><strong>Dimensiuni imagine reconstituit\u0103: 50 x 70 cm<\/strong><\/span><\/p>\n<p><span style=\"line-height: 14px; font-size: 14px;\"><strong>Material puzzle:\u00a0<\/strong><\/span><\/p>\n<p><span style=\"line-height: 14px; font-size: 14px;\"><strong>carton albastru de o calitate superioar\u0103<\/strong><\/span><\/p>\n<p><span style=\"line-height: 14px; font-size: 14px;\"><strong>materiale sustenabile, reciclabile<\/strong><\/span><\/p>\n<p><span style=\"line-height: 14px; font-size: 14px;\"><strong>finisaj semi-lucios, culori vii<\/strong><\/span><\/p>\n<p><span style=\"line-height: 14px; font-size: 14px;\"><strong>Num\u0103rul pieselor de puzzle: 1000<\/strong><\/span><\/p>\n<p><span style=\"line-height: 14px; font-size: 14px;\"><strong>V\u00e2rsta recomandat\u0103: 14+<\/strong><\/span><\/p>\n<p><span style=\"line-height: 14px; font-size: 14px;\"><strong>Jocurile puzzle \u0219i inteligen\u021ba vizual\u0103 \u0219i spa\u021bial\u0103<\/strong><\/span><\/p>\n<p><span style=\"font-weight: 400; line-height: 14px; font-size: 14px;\">Inteligen\u021ba vizual-spa\u021bial\u0103 este inteligen\u021ba de a g\u00e2ndi \u0219i de a \u00eenv\u0103\u021ba cu ajutorul imaginilor, de a \u00een\u021belege forma modelelor \u0219i spa\u021biul unui obiect, inclusiv de a g\u00e2ndi creativ. Este specific\u0103 pictorilor, constructorilor, arhitec\u021bilor sau pilo\u021bilor de avion. Prin intermediul jocurilor puzzle, se dezvolt\u0103 aceste abilit\u0103\u021bi vizuale \u0219i spa\u021biale de a recunoa\u0219te \u0219i de a \u00een\u021belege forma, dimensiunea, culoarea \u0219i spa\u021biul.\u00a0\u00a0<\/span><\/p>\n<p><span style=\"line-height: 14px; font-size: 14px;\"><strong>Jocurile puzzle sunt excelente pentru memorie<\/strong><\/span><\/p>\n<p><span style=\"font-weight: 400; line-height: 14px; font-size: 14px;\">Un puzzle 1000 piese te provoac\u0103 s\u0103 \u021bii minte formele pieselor, culorile acestora sau nuan\u021bele din imaginea de ansamblu. P\u00e2n\u0103 la rezolvarea jocului puzzle faci foarte multe exerci\u021bii de memorare. Toate acestea \u00ee\u021bi stimuleaz\u0103 memoria pe termen scurt \u0219i te ajut\u0103 s\u0103 fii mereu \u00een form\u0103 pe aceast\u0103 latur\u0103.<\/span><\/p>\n<p><span style=\"line-height: 14px; font-size: 14px;\"><strong>Jocurile puzzle te ajut\u0103 s\u0103 g\u0103se\u0219ti solu\u021bii \u00een moduri inovatoare<\/strong><\/span><\/p>\n<p><span style=\"font-weight: 400; line-height: 14px; font-size: 14px;\">Un puzzle de 1000 piese este o problem\u0103 pe care o rezolvi cu mult\u0103 perseveren\u021b\u0103. Atunci c\u00e2nd asamblezi un joc puzzle e\u0219ti ca \u00eentr-un labirint \u0219i te str\u0103duie\u0219ti s\u0103 g\u0103se\u0219ti solu\u021bia cea mai bun\u0103 pentru a ie\u0219i. Cu pa\u0219i mici, cu o strategie bun\u0103, duci la cap\u0103t sarcina de a reface imaginea perfect\u0103. Aceast\u0103 capacitate de a g\u0103si solu\u021bii inovatoare te va ajuta s\u0103 fii la fel de bun \u0219i la alte probleme pe care le ai de rezolvat \u00een via\u021ba de zi cu zi.<\/span><\/p>\n<p><span style=\"line-height: 14px; font-size: 14px;\"><strong>5 curiozit\u0103\u021bi despre Monet \u0219i B\u0103rcile ro\u0219ii de la Argenteuil<\/strong><\/span><\/p>\n<p><span style=\"font-weight: 400; line-height: 14px; font-size: 14px;\">1. Monet a petrecut la Argenteuil 4 ani, timp \u00een care i s-au al\u0103turat \u0219i al\u021bi prieteni arti\u0219ti: Pierre-Auguste Renoir, Edouard Manet \u0219i Alfred Sisley, iar \u00eempreun\u0103 au creat stilul impresionist. \u00cen aceast\u0103 perioad\u0103, Monet \u0219i-a dezvoltat stilul caracteristic studiind, observ\u00e2nd \u0219i cre\u00e2nd reproduceri experimentale ale efectelor luminii solare asupra apei.<\/span><\/p>\n<p><span style=\"font-weight: 400; line-height: 14px; font-size: 14px;\">2. Tabloul lui Monet red\u0103 armonie \u0219i frumuse\u021be, \u00een contradic\u021bie cu realitatea momentului c\u00e2nd Argenteuil era un ora\u0219 \u00een dezordine, iar r\u00e2ul ce-l str\u0103b\u0103tea era extrem de poluat.<\/span><\/p>\n<p><span style=\"font-weight: 400; line-height: 14px; font-size: 14px;\">3. Activitatea creatoare \u00een aer liber a lui Monet a declan\u0219at \u00een vremurile \u00een care tr\u0103ia o adev\u0103rat\u0103 revolu\u021bie artistic\u0103.<\/span><\/p>\n<p><span style=\"font-weight: 400; line-height: 14px; font-size: 14px;\">4. Ca adept al picturilor \u00een aer liber, Monet \u00ee\u0219i alegea cu grij\u0103 elementele din natur\u0103 pe care dorea s\u0103 le includ\u0103 \u00een tablou, dar adesea termina p\u00e2nzele \u00een atelier.<\/span><\/p>\n<p><span style=\"font-weight: 400; line-height: 14px; font-size: 14px;\">5. \u00cen reproducerea cromatic\u0103 a acestei scene idilice, subiectele \u0219i obiectele sunt aproape irelevante &#8211; adev\u0103ratul subiect este lumina, spa\u021bialitatea \u0219i lumea natural\u0103.<\/span><\/p>\n<p><span style=\"line-height: 14px; font-size: 14px;\"><strong>Asambleaz\u0103 puzzle-uri de art\u0103 \u0219i bucur\u0103-te de o experien\u021b\u0103 inedit\u0103!<\/strong><\/span><\/p>\n<p><span style=\"font-weight: 400; line-height: 14px; font-size: 14px;\">Puzzle-urile de art\u0103 \u00ee\u021bi arat\u0103 o lume nou\u0103, mai pu\u021bin cunoscut\u0103 \u0219i exploatat\u0103, aceea a picturilor celebre. Prin intermediul puzzle-urilor de art\u0103, descoperi informa\u021bii uimitoare despre marile capodopere ale lumii. \u00cen plus, \u00ee\u021bi perfec\u021bionezi abilitatea de a asambla puzzle-uri de 1000 piese \u0219i \u00ee\u021bi po\u021bi crea tablouri de art\u0103 cu care s\u0103 \u00ee\u021bi decorezi locuin\u021ba.<\/span><\/p>\n<p><span style=\"font-weight: 400; line-height: 14px; font-size: 14px;\">Cump\u0103r\u0103 acum puzzle 1000 piese Claude Monet &#8211; Red Boats at Argenteuil \u0219i experimenteaz\u0103 o activitate clasic\u0103, super relaxant\u0103! Asambleaz\u0103 puzzle-ul de 1000 piese, \u00eenr\u0103meaz\u0103 tabloul \u0219i bucur\u0103-te de un obiect decorativ de excep\u021bie. Descoper\u0103 \u0219i alte puzzle-uri adul\u021bi uimitoare \u00een colec\u021bia noastr\u0103 puzzle de art\u0103 \u0219i creeaz\u0103-\u021bi o colec\u021bie original\u0103 de tablouri de art\u0103.<\/span><\/p>\n<p><span style=\"font-weight: 400; line-height: 14px; font-size: 14px;\">Ofer\u0103 \u00een dar puzzle 1000 piese Claude Monet &#8211; Red Boats at Argenteuil \u0219i adu fericire prietenilor pasiona\u021bi de jocuri puzzle!<\/span><\/p>\n","protected":false},"excerpt":{"rendered":"<p>Te sim\u021bi inspirat? Te provoc\u0103m s\u0103 asamblezi puzzle-uri de 1000 piese din cea mai mare gam\u0103 de puzzle-uri de art\u0103<\/p>\n","protected":false},"featured_media":63268,"template":"","meta":[],"product_brand":[],"product_cat":[1454,1488,1560],"product_tag":[],"class_list":{"0":"post-18095","1":"product","2":"type-product","3":"status-publish","4":"has-post-thumbnail","6":"product_cat-puzzle","7":"product_cat-puzzle-adulti","8":"product_cat-puzzle-adulti-1000","9":"pa_brand-d_toys","10":"pa_country_of_manufacture-ro","11":"pa_filter_age-1315","12":"pa_painter-claudemonet","13":"pa_tip_ambalaj-cutie","14":"pa_tip_puzzle-clasic","16":"first","17":"instock","18":"taxable","19":"shipping-taxable","20":"product-type-simple"},"yoast_head":"<!-- This site is optimized with the Yoast SEO plugin v20.1 - https:\/\/yoast.com\/wordpress\/plugins\/seo\/ -->\n<title>Puzzle adulti 1000 piese Claude Monet - Red Boats at Argenteuil - Roovi B2B<\/title>\n<meta name=\"robots\" content=\"index, follow, max-snippet:-1, max-image-preview:large, max-video-preview:-1\" \/>\n<link rel=\"canonical\" href=\"https:\/\/www.roovi.ro\/puzzle-adulti-1000-piese-claude-monet-red-boats-at-argenteuil\/p\/\" \/>\n<meta property=\"og:locale\" content=\"ro_RO\" \/>\n<meta property=\"og:type\" content=\"article\" \/>\n<meta property=\"og:title\" content=\"Puzzle adulti 1000 piese Claude Monet - Red Boats at Argenteuil - Roovi B2B\" \/>\n<meta property=\"og:description\" content=\"Te sim\u021bi inspirat? Te provoc\u0103m s\u0103 asamblezi puzzle-uri de 1000 piese din cea mai mare gam\u0103 de puzzle-uri de art\u0103\" \/>\n<meta property=\"og:url\" content=\"https:\/\/www.roovi.ro\/puzzle-adulti-1000-piese-claude-monet-red-boats-at-argenteuil\/p\/\" \/>\n<meta property=\"og:site_name\" content=\"Roovi B2B\" \/>\n<meta property=\"article:publisher\" content=\"https:\/\/www.facebook.com\/wwwjucariero\" \/>\n<meta property=\"article:modified_time\" content=\"2025-03-17T11:40:36+00:00\" \/>\n<meta property=\"og:image\" content=\"https:\/\/business.roovi.com\/wp-content\/uploads\/2018\/04\/67548-CM-04-WEB.jpg\" \/>\n\t<meta property=\"og:image:width\" content=\"1200\" \/>\n\t<meta property=\"og:image:height\" content=\"1200\" \/>\n\t<meta property=\"og:image:type\" content=\"image\/jpeg\" \/>\n<meta name=\"twitter:label1\" content=\"Timp estimat pentru citire\" \/>\n\t<meta name=\"twitter:data1\" content=\"4 minute\" \/>\n<script type=\"application\/ld+json\" class=\"yoast-schema-graph\">{\"@context\":\"https:\/\/schema.org\",\"@graph\":[{\"@type\":\"WebPage\",\"@id\":\"https:\/\/business.roovi.com\/ro\/puzzle-adulti-1000-piese-claude-monet-red-boats-at-argenteuil\/p\/\",\"url\":\"https:\/\/www.roovi.ro\/puzzle-adulti-1000-piese-claude-monet-red-boats-at-argenteuil\/p\/\",\"name\":\"Puzzle adulti 1000 piese Claude Monet - Red Boats at Argenteuil - Roovi B2B\",\"isPartOf\":{\"@id\":\"https:\/\/business.roovi.com\/ro\/#website\"},\"datePublished\":\"2018-04-16T10:56:17+00:00\",\"dateModified\":\"2025-03-17T11:40:36+00:00\",\"breadcrumb\":{\"@id\":\"https:\/\/www.roovi.ro\/puzzle-adulti-1000-piese-claude-monet-red-boats-at-argenteuil\/p\/#breadcrumb\"},\"inLanguage\":\"ro-RO\",\"potentialAction\":[{\"@type\":\"ReadAction\",\"target\":[\"https:\/\/www.roovi.ro\/puzzle-adulti-1000-piese-claude-monet-red-boats-at-argenteuil\/p\/\"]}]},{\"@type\":\"BreadcrumbList\",\"@id\":\"https:\/\/www.roovi.ro\/puzzle-adulti-1000-piese-claude-monet-red-boats-at-argenteuil\/p\/#breadcrumb\",\"itemListElement\":[{\"@type\":\"ListItem\",\"position\":1,\"name\":\"Home\",\"item\":\"https:\/\/business.roovi.com\/ro\/\"},{\"@type\":\"ListItem\",\"position\":2,\"name\":\"Magazin\",\"item\":\"https:\/\/business.roovi.com\/ro\/magazin\/\"},{\"@type\":\"ListItem\",\"position\":3,\"name\":\"Puzzle adulti 1000 piese Claude Monet &#8211; Red Boats at Argenteuil\"}]},{\"@type\":\"WebSite\",\"@id\":\"https:\/\/business.roovi.com\/ro\/#website\",\"url\":\"https:\/\/business.roovi.com\/ro\/\",\"name\":\"Roovi B2B\",\"description\":\"Roovi Business Website\",\"potentialAction\":[{\"@type\":\"SearchAction\",\"target\":{\"@type\":\"EntryPoint\",\"urlTemplate\":\"https:\/\/business.roovi.com\/ro\/?s={search_term_string}\"},\"query-input\":\"required name=search_term_string\"}],\"inLanguage\":\"ro-RO\"}]}<\/script>\n<!-- \/ Yoast SEO plugin. -->","yoast_head_json":{"title":"Puzzle adulti 1000 piese Claude Monet - Red Boats at Argenteuil - Roovi B2B","robots":{"index":"index","follow":"follow","max-snippet":"max-snippet:-1","max-image-preview":"max-image-preview:large","max-video-preview":"max-video-preview:-1"},"canonical":"https:\/\/www.roovi.ro\/puzzle-adulti-1000-piese-claude-monet-red-boats-at-argenteuil\/p\/","og_locale":"ro_RO","og_type":"article","og_title":"Puzzle adulti 1000 piese Claude Monet - Red Boats at Argenteuil - Roovi B2B","og_description":"Te sim\u021bi inspirat? Te provoc\u0103m s\u0103 asamblezi puzzle-uri de 1000 piese din cea mai mare gam\u0103 de puzzle-uri de art\u0103","og_url":"https:\/\/www.roovi.ro\/puzzle-adulti-1000-piese-claude-monet-red-boats-at-argenteuil\/p\/","og_site_name":"Roovi B2B","article_publisher":"https:\/\/www.facebook.com\/wwwjucariero","article_modified_time":"2025-03-17T11:40:36+00:00","og_image":[{"width":1200,"height":1200,"url":"https:\/\/business.roovi.com\/wp-content\/uploads\/2018\/04\/67548-CM-04-WEB.jpg","type":"image\/jpeg"}],"twitter_misc":{"Timp estimat pentru citire":"4 minute"},"schema":{"@context":"https:\/\/schema.org","@graph":[{"@type":"WebPage","@id":"https:\/\/business.roovi.com\/ro\/puzzle-adulti-1000-piese-claude-monet-red-boats-at-argenteuil\/p\/","url":"https:\/\/www.roovi.ro\/puzzle-adulti-1000-piese-claude-monet-red-boats-at-argenteuil\/p\/","name":"Puzzle adulti 1000 piese Claude Monet - Red Boats at Argenteuil - Roovi B2B","isPartOf":{"@id":"https:\/\/business.roovi.com\/ro\/#website"},"datePublished":"2018-04-16T10:56:17+00:00","dateModified":"2025-03-17T11:40:36+00:00","breadcrumb":{"@id":"https:\/\/www.roovi.ro\/puzzle-adulti-1000-piese-claude-monet-red-boats-at-argenteuil\/p\/#breadcrumb"},"inLanguage":"ro-RO","potentialAction":[{"@type":"ReadAction","target":["https:\/\/www.roovi.ro\/puzzle-adulti-1000-piese-claude-monet-red-boats-at-argenteuil\/p\/"]}]},{"@type":"BreadcrumbList","@id":"https:\/\/www.roovi.ro\/puzzle-adulti-1000-piese-claude-monet-red-boats-at-argenteuil\/p\/#breadcrumb","itemListElement":[{"@type":"ListItem","position":1,"name":"Home","item":"https:\/\/business.roovi.com\/ro\/"},{"@type":"ListItem","position":2,"name":"Magazin","item":"https:\/\/business.roovi.com\/ro\/magazin\/"},{"@type":"ListItem","position":3,"name":"Puzzle adulti 1000 piese Claude Monet &#8211; Red Boats at Argenteuil"}]},{"@type":"WebSite","@id":"https:\/\/business.roovi.com\/ro\/#website","url":"https:\/\/business.roovi.com\/ro\/","name":"Roovi B2B","description":"Roovi Business Website","potentialAction":[{"@type":"SearchAction","target":{"@type":"EntryPoint","urlTemplate":"https:\/\/business.roovi.com\/ro\/?s={search_term_string}"},"query-input":"required name=search_term_string"}],"inLanguage":"ro-RO"}]}},"_links":{"self":[{"href":"https:\/\/business.roovi.com\/ro\/wp-json\/wp\/v2\/product\/18095","targetHints":{"allow":["GET"]}}],"collection":[{"href":"https:\/\/business.roovi.com\/ro\/wp-json\/wp\/v2\/product"}],"about":[{"href":"https:\/\/business.roovi.com\/ro\/wp-json\/wp\/v2\/types\/product"}],"version-history":[{"count":0,"href":"https:\/\/business.roovi.com\/ro\/wp-json\/wp\/v2\/product\/18095\/revisions"}],"wp:featuredmedia":[{"embeddable":true,"href":"https:\/\/business.roovi.com\/ro\/wp-json\/wp\/v2\/media\/63268"}],"wp:attachment":[{"href":"https:\/\/business.roovi.com\/ro\/wp-json\/wp\/v2\/media?parent=18095"}],"wp:term":[{"taxonomy":"product_brand","embeddable":true,"href":"https:\/\/business.roovi.com\/ro\/wp-json\/wp\/v2\/product_brand?post=18095"},{"taxonomy":"product_cat","embeddable":true,"href":"https:\/\/business.roovi.com\/ro\/wp-json\/wp\/v2\/product_cat?post=18095"},{"taxonomy":"product_tag","embeddable":true,"href":"https:\/\/business.roovi.com\/ro\/wp-json\/wp\/v2\/product_tag?post=18095"}],"curies":[{"name":"wp","href":"https:\/\/api.w.org\/{rel}","templated":true}]}}