{"id":18155,"date":"2018-04-16T10:56:17","date_gmt":"2018-04-16T10:56:17","guid":{"rendered":"https:\/\/business.roovi.com\/product\/puzzle-breughel-the-elder-the-entry-of-the-animals-into-noahs-ark-1000\/"},"modified":"2025-03-17T09:51:19","modified_gmt":"2025-03-17T09:51:19","slug":"puzzle-adulti-breughel-the-elder-the-entry-of-the-animals-into-noahs-ark-1000-piese","status":"publish","type":"product","link":"https:\/\/business.roovi.com\/ro\/puzzle-adulti-breughel-the-elder-the-entry-of-the-animals-into-noahs-ark-1000-piese\/p\/","title":{"rendered":"Puzzle adul\u021bi 1000 piese Brueghel the Elder &#8211; The Entry of the Animals into Noah&#8217;s Ark"},"content":{"rendered":"<p><span style=\"font-weight: 400;\">Intr\u0103 \u00een pielea celebrilor pictori renascenti\u0219ti \u0219i f\u0103ure\u0219te-\u021bi propriile tablouri! Gama noastr\u0103\u00a0 Puzzle art con\u021bine foarte multe jocuri puzzle care te conduc \u00een fascinanta lume artistic\u0103.<\/span><\/p>\n<p><span style=\"font-weight: 400;\">Puzzle 1000 piese Brueghel<\/span><span style=\"font-weight: 400;\">\u00a0the Elder &#8211; The Entry of the Animals into Noah&#8217;s Ark\/Intrarea animalelor \u00een arca lui Noe este o minunat\u0103 reproducere a cunoscutei picturii\u00a0 a lui Jan Brueghel cel B\u0103tr\u00e2n. O abunden\u021b\u0103 de animale umple cerul \u0219i p\u0103m\u00e2ntul. Zburd\u0103, se joac\u0103, se ca\u021b\u0103r\u0103, \u00eenoat\u0103, zboar\u0103 \u0219i toate sunt p\u0103storite de alesul Noe spre arca ce \u00eei va duce pe to\u021bi \u00eentr-un viitor mai bun. P\u0103trunde \u00een aceast\u0103 scen\u0103 fabuloas\u0103 complet\u00e2nd minunatul puzzle 1000 piese!\u00a0<\/span><\/p>\n<p><span style=\"font-weight: 400;\">Tabloul pe care \u00eel ob\u021bii are dimensiunea de 50 x 70 cm, ceea ce \u00eenseamn\u0103 c\u0103 \u00eel po\u021bi face pe o m\u0103su\u021b\u0103 obi\u0219nuit\u0103 de cafea. Cite\u0219te mai jos \u0219i alte detalii \u0219i caracteristici ale acestui joc puzzle.<\/span><\/p>\n<p><span style=\"font-weight: 400;\">Material puzzle:\u00a0<\/span><\/p>\n<ul style=\"list-style-type: disc;\">\n<li><span style=\"font-weight: 400;\">carton albastru de o calitate superioar\u0103<\/span><\/li>\n<li><span style=\"font-weight: 400;\">materiale sustenabile, reciclabile<\/span><\/li>\n<li><span style=\"font-weight: 400;\">finisaj semi-lucios, culori vii<\/span><\/li>\n<\/ul>\n<p><span style=\"font-weight: 400;\">Num\u0103rul pieselor de puzzle: 1000<\/span><\/p>\n<p><span style=\"font-weight: 400;\">V\u00e2rsta recomandat\u0103: 14+<\/span><\/p>\n<p><span style=\"font-weight: 400;\">Puzzle 1000 piese<\/span><\/p>\n<p><strong>De ce este s\u0103n\u0103tos s\u0103 faci puzzle 1000 piese?<\/strong><\/p>\n<p><span style=\"font-weight: 400;\">Este demonstrat \u0219tiin\u021bific faptul c\u0103 activitatea de a face puzzle este benefic\u0103 pentru s\u0103n\u0103tatea adul\u021bilor. Iat\u0103 numai c\u00e2teva dintre aceste beneficii:<\/span><\/p>\n<p><strong>Antreneaz\u0103 coordonarea ochi-m\u00e2n\u0103<\/strong><\/p>\n<p><span style=\"font-weight: 400;\">Completarea unui puzzle 1000 piese necesit\u0103 o bun\u0103 coordonare \u00eentre ochi \u0219i m\u00e2n\u0103. Cu ajutorul jocului puzzle aceast\u0103 abilitate se va \u00eembun\u0103t\u0103\u021bi.<\/span><\/p>\n<p><strong>Jocurile puzzle ajut\u0103 la \u00eembun\u0103t\u0103\u021birea memoriei<\/strong><\/p>\n<p><span style=\"font-weight: 400;\">Puzzle 1000 piese antreneaz\u0103 memoria atunci c\u00e2nd \u00eencerci s\u0103-\u021bi aminte\u0219ti forma unor piese sau p\u0103r\u021bi din imagine pe care ai \u00eencercat s\u0103 le reconstitui, dar piesele nu s-au potrivit.<\/span><\/p>\n<p><strong>Jocurile puzzle cresc inteligen\u021ba vizual\u0103 spa\u021bial\u0103<\/strong><\/p>\n<p><span style=\"font-weight: 400;\">Inteligen\u021ba<\/span> <span style=\"font-weight: 400;\">vizual\u0103 spa\u021bial\u0103 este capacitatea de a g\u00e2ndi \u0219i de a \u00eenv\u0103\u021ba cu ajutorul imaginilor. Aceasta se poate antrena \u0219i dezvolta prin completarea puzzle-urilor cu 1000 piese. <\/span><strong>\u00a0<\/strong><\/p>\n<p><strong>Jocurile puzzle antreneaz\u0103 abilit\u0103\u021bile sociale ale adul\u021bilor<\/strong><\/p>\n<p><span style=\"font-weight: 400;\">Jocul puzzle se poate completa \u0219i \u00een grup, nu doar individual, iar lucrul acesta necesit\u0103 cooperare, comunicare \u0219i r\u0103bdare cu ceilal\u021bi. Toate aceste abilit\u0103\u021bi se \u00eembun\u0103t\u0103\u021besc pe parcursul complet\u0103rii puzzle 1000 piese \u0219i se vor p\u0103stra \u0219i pentru alte activit\u0103\u021bi din via\u021ba de zi cu zi.<\/span><\/p>\n<p><strong>Jocurile puzzle \u00eembun\u0103t\u0103\u021besc abilit\u0103\u021bile motorii fine<\/strong><\/p>\n<p><span style=\"font-weight: 400;\">Odat\u0103 cu \u00eenaintarea \u00een v\u00e2rst\u0103, aceast\u0103 capacitate se reduce. Completeaz\u0103 zilnic puzzle 1000 piese \u0219i observ\u0103 cum aceste abilit\u0103\u021bi sunt se \u00eembun\u0103t\u0103\u021besc rapid.\u00a0<\/span><\/p>\n<p><strong>6 curiozit\u0103\u021bi despre Jan Brueghel \u0219i <\/strong><strong><em>Intrarea animalelor \u00een arca lui Noe<\/em><\/strong><\/p>\n<ul style=\"list-style-type: disc;\">\n<li><span style=\"font-weight: 400;\">Jan Bruegel cel B\u0103tr\u00e2n face parte din dinastia artistic\u0103 Bruegel &#8211; o familie care a dat mul\u021bi pictori talenta\u021bi de-a lungul vremii<\/span><\/li>\n<li><span style=\"font-weight: 400;\">Este cunoscut \u0219i apreciat pentru arta de a copia natura \u00een cele mai mici detalii<\/span><\/li>\n<li><span style=\"font-weight: 400;\">A fost supranumit &#8222;Bruegel de catifea&#8221; pentru abordarea delicat\u0103 a tu\u0219elor sale, culorile utilizate de el aveau o str\u0103lucire de catifea.<\/span><\/li>\n<li><span style=\"font-weight: 400;\">Tabloul dateaz\u0103 din perioada c\u00e2nd a fost numit pictor la palatul arhiducilor Albert \u0219i infanta Isabella care aveau o colec\u021bie de animale \u0219i p\u0103s\u0103ri rare, <\/span><span style=\"font-weight: 400;\">ceea ce i-a permis lui Bruegel s\u0103 le studieze \u0219i s\u0103 le picteze cu precizie.<\/span><\/li>\n<li><span style=\"font-weight: 400;\">Pictura reflect\u0103 interesul crescut pentru speciile de animale, precum \u0219i pentru clasificarea lor \u00een secolul al XVII-lea.<\/span><\/li>\n<li><span style=\"font-weight: 400;\">Tema religioas\u0103 a lucr\u0103rii este explicat\u0103 de critici prin prisma rela\u021biei pe care artistul a avut-o cu Cardinalul Borromeo, a c\u0103rui influen\u021b\u0103\u00a0 \u0219i viziune asupra naturii au influen\u021bat dezvoltarea abord\u0103rii descriptive a lui Brueghel asupra animalelor \u0219i a peisajelor paradisiace.<\/span><\/li>\n<\/ul>\n<p><strong>Alte 5 beneficii pe care \u021bi le aduce completare puzzle-urilor de art\u0103<\/strong><\/p>\n<ul style=\"list-style-type: disc;\">\n<li><span style=\"font-weight: 400;\">Te relaxeaz\u0103<\/span><\/li>\n<li><span style=\"font-weight: 400;\">Fac din tine un mic artist detectiv<\/span><\/li>\n<li><span style=\"font-weight: 400;\">Te fac mai atent la detalii<\/span><\/li>\n<li><span style=\"font-weight: 400;\">Te ajut\u0103 s\u0103 fii mai productiv<\/span><\/li>\n<li><span style=\"font-weight: 400;\">Te ajut\u0103 s\u0103-\u021bi men\u021bii focusul pe fiecare obiectiv propus.<\/span><\/li>\n<\/ul>\n<p><span style=\"font-weight: 400;\">Adu \u00een casa ta pu\u021bin\u0103 magie din minunata oper\u0103 de art\u0103 a lui Jan Brueghel &#8211; Intrarea animalelor \u00een arca lui Noe! Completeaz\u0103 acest superb puzzle 1000 piese din colec\u021bia puzzle art \u0219i vei avea o pictur\u0103 des\u0103v\u00e2r\u0219it\u0103 de tine \u00eensu\u021bi.\u00a0<\/span><\/p>\n<p><span style=\"font-weight: 400;\">E\u0219ti \u00een pan\u0103 de idei de cadou pentru un prieten drag? Puzzle-ul 1000 piese Jan Brueghel &#8211; Intrarea animalelor \u00een arca lui Noe este alegerea perfect\u0103! Comand\u0103-l acum!<\/span><\/p>\n","protected":false},"excerpt":{"rendered":"<p><span style=\"font-weight: 400;\">Bine ai venit \u00een cea mai impresionant\u0103 colec\u021bie de puzzle-uri de art\u0103! \u00ce\u021bi oferim puzzle-uri adul\u021bi de cea mai bun\u0103 calitate ce redau imagini perfecte ale unora dintre cele mai renumite picturi. <\/span><\/p>\n","protected":false},"featured_media":63195,"template":"","meta":[],"product_brand":[],"product_cat":[1454,1488,1560],"product_tag":[],"class_list":{"0":"post-18155","1":"product","2":"type-product","3":"status-publish","4":"has-post-thumbnail","6":"product_cat-puzzle","7":"product_cat-puzzle-adulti","8":"product_cat-puzzle-adulti-1000","9":"pa_brand-d_toys","10":"pa_country_of_manufacture-ro","11":"pa_filter_age-1315","12":"pa_painter-janbreugheltheelder","13":"pa_tip_ambalaj-cutie","14":"pa_tip_puzzle-clasic","16":"first","17":"instock","18":"taxable","19":"shipping-taxable","20":"product-type-simple"},"yoast_head":"<!-- This site is optimized with the Yoast SEO plugin v20.1 - https:\/\/yoast.com\/wordpress\/plugins\/seo\/ -->\n<title>Puzzle adul\u021bi 1000 piese Brueghel the Elder - The Entry of the Animals into Noah&#039;s Ark - Roovi B2B<\/title>\n<meta name=\"robots\" content=\"index, follow, max-snippet:-1, max-image-preview:large, max-video-preview:-1\" \/>\n<link rel=\"canonical\" href=\"https:\/\/www.roovi.ro\/puzzle-adulti-breughel-the-elder-the-entry-of-the-animals-into-noahs-ark-1000-piese\/p\/\" \/>\n<meta property=\"og:locale\" content=\"ro_RO\" \/>\n<meta property=\"og:type\" content=\"article\" \/>\n<meta property=\"og:title\" content=\"Puzzle adul\u021bi 1000 piese Brueghel the Elder - The Entry of the Animals into Noah&#039;s Ark - Roovi B2B\" \/>\n<meta property=\"og:description\" content=\"Bine ai venit \u00een cea mai impresionant\u0103 colec\u021bie de puzzle-uri de art\u0103! \u00ce\u021bi oferim puzzle-uri adul\u021bi de cea mai bun\u0103 calitate ce redau imagini perfecte ale unora dintre cele mai renumite picturi.\" \/>\n<meta property=\"og:url\" content=\"https:\/\/www.roovi.ro\/puzzle-adulti-breughel-the-elder-the-entry-of-the-animals-into-noahs-ark-1000-piese\/p\/\" \/>\n<meta property=\"og:site_name\" content=\"Roovi B2B\" \/>\n<meta property=\"article:publisher\" content=\"https:\/\/www.facebook.com\/wwwjucariero\" \/>\n<meta property=\"article:modified_time\" content=\"2025-03-17T09:51:19+00:00\" \/>\n<meta property=\"og:image\" content=\"https:\/\/business.roovi.com\/wp-content\/uploads\/2018\/04\/73778-BR-02-WEB.jpg\" \/>\n\t<meta property=\"og:image:width\" content=\"1200\" \/>\n\t<meta property=\"og:image:height\" content=\"1200\" \/>\n\t<meta property=\"og:image:type\" content=\"image\/jpeg\" \/>\n<meta name=\"twitter:label1\" content=\"Timp estimat pentru citire\" \/>\n\t<meta name=\"twitter:data1\" content=\"3 minute\" \/>\n<script type=\"application\/ld+json\" class=\"yoast-schema-graph\">{\"@context\":\"https:\/\/schema.org\",\"@graph\":[{\"@type\":\"WebPage\",\"@id\":\"https:\/\/business.roovi.com\/ro\/puzzle-adulti-breughel-the-elder-the-entry-of-the-animals-into-noahs-ark-1000-piese\/p\/\",\"url\":\"https:\/\/www.roovi.ro\/puzzle-adulti-breughel-the-elder-the-entry-of-the-animals-into-noahs-ark-1000-piese\/p\/\",\"name\":\"Puzzle adul\u021bi 1000 piese Brueghel the Elder - The Entry of the Animals into Noah's Ark - Roovi B2B\",\"isPartOf\":{\"@id\":\"https:\/\/business.roovi.com\/ro\/#website\"},\"datePublished\":\"2018-04-16T10:56:17+00:00\",\"dateModified\":\"2025-03-17T09:51:19+00:00\",\"breadcrumb\":{\"@id\":\"https:\/\/www.roovi.ro\/puzzle-adulti-breughel-the-elder-the-entry-of-the-animals-into-noahs-ark-1000-piese\/p\/#breadcrumb\"},\"inLanguage\":\"ro-RO\",\"potentialAction\":[{\"@type\":\"ReadAction\",\"target\":[\"https:\/\/www.roovi.ro\/puzzle-adulti-breughel-the-elder-the-entry-of-the-animals-into-noahs-ark-1000-piese\/p\/\"]}]},{\"@type\":\"BreadcrumbList\",\"@id\":\"https:\/\/www.roovi.ro\/puzzle-adulti-breughel-the-elder-the-entry-of-the-animals-into-noahs-ark-1000-piese\/p\/#breadcrumb\",\"itemListElement\":[{\"@type\":\"ListItem\",\"position\":1,\"name\":\"Home\",\"item\":\"https:\/\/business.roovi.com\/ro\/\"},{\"@type\":\"ListItem\",\"position\":2,\"name\":\"Magazin\",\"item\":\"https:\/\/business.roovi.com\/ro\/magazin\/\"},{\"@type\":\"ListItem\",\"position\":3,\"name\":\"Puzzle adul\u021bi 1000 piese Brueghel the Elder &#8211; The Entry of the Animals into Noah&#8217;s Ark\"}]},{\"@type\":\"WebSite\",\"@id\":\"https:\/\/business.roovi.com\/ro\/#website\",\"url\":\"https:\/\/business.roovi.com\/ro\/\",\"name\":\"Roovi B2B\",\"description\":\"Roovi Business Website\",\"potentialAction\":[{\"@type\":\"SearchAction\",\"target\":{\"@type\":\"EntryPoint\",\"urlTemplate\":\"https:\/\/business.roovi.com\/ro\/?s={search_term_string}\"},\"query-input\":\"required name=search_term_string\"}],\"inLanguage\":\"ro-RO\"}]}<\/script>\n<!-- \/ Yoast SEO plugin. -->","yoast_head_json":{"title":"Puzzle adul\u021bi 1000 piese Brueghel the Elder - The Entry of the Animals into Noah's Ark - Roovi B2B","robots":{"index":"index","follow":"follow","max-snippet":"max-snippet:-1","max-image-preview":"max-image-preview:large","max-video-preview":"max-video-preview:-1"},"canonical":"https:\/\/www.roovi.ro\/puzzle-adulti-breughel-the-elder-the-entry-of-the-animals-into-noahs-ark-1000-piese\/p\/","og_locale":"ro_RO","og_type":"article","og_title":"Puzzle adul\u021bi 1000 piese Brueghel the Elder - The Entry of the Animals into Noah's Ark - Roovi B2B","og_description":"Bine ai venit \u00een cea mai impresionant\u0103 colec\u021bie de puzzle-uri de art\u0103! \u00ce\u021bi oferim puzzle-uri adul\u021bi de cea mai bun\u0103 calitate ce redau imagini perfecte ale unora dintre cele mai renumite picturi.","og_url":"https:\/\/www.roovi.ro\/puzzle-adulti-breughel-the-elder-the-entry-of-the-animals-into-noahs-ark-1000-piese\/p\/","og_site_name":"Roovi B2B","article_publisher":"https:\/\/www.facebook.com\/wwwjucariero","article_modified_time":"2025-03-17T09:51:19+00:00","og_image":[{"width":1200,"height":1200,"url":"https:\/\/business.roovi.com\/wp-content\/uploads\/2018\/04\/73778-BR-02-WEB.jpg","type":"image\/jpeg"}],"twitter_misc":{"Timp estimat pentru citire":"3 minute"},"schema":{"@context":"https:\/\/schema.org","@graph":[{"@type":"WebPage","@id":"https:\/\/business.roovi.com\/ro\/puzzle-adulti-breughel-the-elder-the-entry-of-the-animals-into-noahs-ark-1000-piese\/p\/","url":"https:\/\/www.roovi.ro\/puzzle-adulti-breughel-the-elder-the-entry-of-the-animals-into-noahs-ark-1000-piese\/p\/","name":"Puzzle adul\u021bi 1000 piese Brueghel the Elder - The Entry of the Animals into Noah's Ark - Roovi B2B","isPartOf":{"@id":"https:\/\/business.roovi.com\/ro\/#website"},"datePublished":"2018-04-16T10:56:17+00:00","dateModified":"2025-03-17T09:51:19+00:00","breadcrumb":{"@id":"https:\/\/www.roovi.ro\/puzzle-adulti-breughel-the-elder-the-entry-of-the-animals-into-noahs-ark-1000-piese\/p\/#breadcrumb"},"inLanguage":"ro-RO","potentialAction":[{"@type":"ReadAction","target":["https:\/\/www.roovi.ro\/puzzle-adulti-breughel-the-elder-the-entry-of-the-animals-into-noahs-ark-1000-piese\/p\/"]}]},{"@type":"BreadcrumbList","@id":"https:\/\/www.roovi.ro\/puzzle-adulti-breughel-the-elder-the-entry-of-the-animals-into-noahs-ark-1000-piese\/p\/#breadcrumb","itemListElement":[{"@type":"ListItem","position":1,"name":"Home","item":"https:\/\/business.roovi.com\/ro\/"},{"@type":"ListItem","position":2,"name":"Magazin","item":"https:\/\/business.roovi.com\/ro\/magazin\/"},{"@type":"ListItem","position":3,"name":"Puzzle adul\u021bi 1000 piese Brueghel the Elder &#8211; The Entry of the Animals into Noah&#8217;s Ark"}]},{"@type":"WebSite","@id":"https:\/\/business.roovi.com\/ro\/#website","url":"https:\/\/business.roovi.com\/ro\/","name":"Roovi B2B","description":"Roovi Business Website","potentialAction":[{"@type":"SearchAction","target":{"@type":"EntryPoint","urlTemplate":"https:\/\/business.roovi.com\/ro\/?s={search_term_string}"},"query-input":"required name=search_term_string"}],"inLanguage":"ro-RO"}]}},"_links":{"self":[{"href":"https:\/\/business.roovi.com\/ro\/wp-json\/wp\/v2\/product\/18155","targetHints":{"allow":["GET"]}}],"collection":[{"href":"https:\/\/business.roovi.com\/ro\/wp-json\/wp\/v2\/product"}],"about":[{"href":"https:\/\/business.roovi.com\/ro\/wp-json\/wp\/v2\/types\/product"}],"version-history":[{"count":0,"href":"https:\/\/business.roovi.com\/ro\/wp-json\/wp\/v2\/product\/18155\/revisions"}],"wp:featuredmedia":[{"embeddable":true,"href":"https:\/\/business.roovi.com\/ro\/wp-json\/wp\/v2\/media\/63195"}],"wp:attachment":[{"href":"https:\/\/business.roovi.com\/ro\/wp-json\/wp\/v2\/media?parent=18155"}],"wp:term":[{"taxonomy":"product_brand","embeddable":true,"href":"https:\/\/business.roovi.com\/ro\/wp-json\/wp\/v2\/product_brand?post=18155"},{"taxonomy":"product_cat","embeddable":true,"href":"https:\/\/business.roovi.com\/ro\/wp-json\/wp\/v2\/product_cat?post=18155"},{"taxonomy":"product_tag","embeddable":true,"href":"https:\/\/business.roovi.com\/ro\/wp-json\/wp\/v2\/product_tag?post=18155"}],"curies":[{"name":"wp","href":"https:\/\/api.w.org\/{rel}","templated":true}]}}