{"id":18170,"date":"2018-04-16T10:56:17","date_gmt":"2018-04-16T10:56:17","guid":{"rendered":"https:\/\/business.roovi.com\/product\/puzzle-rembradt-van-rijn-the-night-watch-1000\/"},"modified":"2023-03-20T21:38:55","modified_gmt":"2023-03-20T21:38:55","slug":"puzzle-rembradt-van-rijn-the-night-watch-1000-piese","status":"publish","type":"product","link":"https:\/\/business.roovi.com\/ro\/puzzle-rembradt-van-rijn-the-night-watch-1000-piese\/p\/","title":{"rendered":"Puzzle adul\u021bi Rembrandt van Rijn &#8211; Rondul de noapte"},"content":{"rendered":"<h3><span style=\"font-weight: 400;\">E\u0219ti pasionat de puzzle, dar \u021bi-ai dori \u0219i s\u0103 descoperi epoca de aur olandez\u0103? Sau e\u0219ti un admirator \u00eenfl\u0103c\u0103rat al Rena\u0219terii \u0219i a \u00eentregii revolu\u021bii aduse de aceasta? E\u0219ti \u00een locul potrivit!<\/span><\/h3>\n<p><span style=\"font-weight: 400;\"> Colec\u021bia noastr\u0103 puzzle art\u0103 \u00eembin\u0103 perfect unicitatea operelor din cele mai importante curente artistice cu perfec\u021biunea puzzle-urilor pentru adul\u021bi. Descoper\u0103 \u00een gama noastr\u0103 de puzzle 1000 piese imagini ale picturilor celebre care \u00eembog\u0103\u021besc istoria artei mondiale.<\/span><\/p>\n<p><span style=\"font-weight: 400;\">Vrei s\u0103 ai o copie \u00een miniatur\u0103 a celebrului tablou Rondul de noapte al lui Rembrandt? Cump\u0103r\u0103 acum Puzzle 1000 piese <\/span><span style=\"font-weight: 400;\">Rembrandt van Rijn &#8211; The Night Watch \u0219i visul \u021bi se va \u00eemplini. Vei descoperi c\u00e2t de fascinant este s\u0103 reconstitui dintr-un puzzle de 1000 piese un tablou artistic plin de dinamism \u0219i culoare. Opera pe care o vei ob\u021bine are dimensiunile de 50 x 70 cm \u0219i o po\u021bi asambla pe o m\u0103su\u021b\u0103 obi\u0219nuit\u0103 de cafea.\u00a0<\/span><\/p>\n<p><strong>Vezi mai jos mai multe detalii \u0219i caracteristici ale produsului<\/strong><\/p>\n<p><strong>Material puzzle:\u00a0<\/strong><\/p>\n<ul>\n<li style=\"font-weight: 400;\" aria-level=\"1\"><span style=\"font-weight: 400;\">carton albastru de o calitate superioar\u0103<\/span><\/li>\n<li style=\"font-weight: 400;\" aria-level=\"1\"><span style=\"font-weight: 400;\">materiale sustenabile, reciclabile<\/span><\/li>\n<li style=\"font-weight: 400;\" aria-level=\"1\"><span style=\"font-weight: 400;\">finisaj semi-lucios, culori vii<\/span><\/li>\n<\/ul>\n<p><span style=\"font-weight: 400;\">Num\u0103rul pieselor de puzzle: 1000<\/span><\/p>\n<p><span style=\"font-weight: 400;\">V\u00e2rsta recomandat\u0103: 14+<\/span><\/p>\n<h3><b>Puzzle 1000 piese pentru o minte ager\u0103 \u0219i s\u0103n\u0103toas\u0103\u00a0\u00a0<\/b><\/h3>\n<p><b>Un important beneficiu al jocurilor puzzle este faptul c\u0103 te ajut\u0103 s\u0103-\u021bi antrenezi memoria pe termen scurt. <\/b><span style=\"font-weight: 400;\">Faptul c\u0103 trebuie s\u0103 memorezi pozi\u021bia pieselor, culori sau mici scene din imagine pentru a asambla imagina final\u0103, este un foarte bun exerci\u021biu de memorie.<\/span><\/p>\n<p><b>Te-ai g\u00e2ndit vreodat\u0103 c\u0103 jocurile puzzle te ajut\u0103 s\u0103-\u021bi dezvol\u021bi vocabularul?<\/b><span style=\"font-weight: 400;\"> Prin rezolvarea unui puzzle 1000 piese po\u021bi \u00eenv\u0103\u021ba cuvinte noi sau semnifica\u021bia cuvintelor din alte limbi. Profit\u0103 de jocurile puzzle \u0219i \u00eembog\u0103\u021be\u0219te-\u021bi vocabularul!<\/span><\/p>\n<p><b>Completarea unui puzzle 1000 piese te ajut\u0103 s\u0103-\u021bi relaxezi mintea \u0219i s\u0103 te deconectezi de la exterior.<\/b><span style=\"font-weight: 400;\"> Ce poate fi mai pl\u0103cut dec\u00e2t s\u0103 te deconectezi de la grijile cotidiene \u0219i s\u0103-\u021bi sim\u021bi mintea limpede \u0219i odihnit\u0103?<\/span><\/p>\n<h3><b>Despre marele Rembrandt pe scurt<\/b><\/h3>\n<ul>\n<li style=\"font-weight: 400;\" aria-level=\"1\"><span style=\"font-weight: 400;\">Este un pictor de geniu care a l\u0103sat \u00een urm\u0103 <\/span><span style=\"font-weight: 400;\">600 picturi, 300 gravuri \u0219i peste 2000 desene.<\/span><\/li>\n<li style=\"font-weight: 400;\" aria-level=\"1\"><span style=\"font-weight: 400;\">I-au murit primii trei copii, iar dup\u0103 na\u0219tere celui de-al 4-lea fiu, Titus, o pierde \u0219i femeia iubit\u0103. Titus supravie\u021buie\u0219te \u00eens\u0103, dar moare cu un an \u00eenainte de tat\u0103l s\u0103u.<\/span><\/li>\n<li style=\"font-weight: 400;\" aria-level=\"1\"><span style=\"font-weight: 400;\">A fost acuzat de imoralitate de c\u0103tre justi\u021bia ecleziastic\u0103 pentru c\u0103 s-a c\u0103s\u0103torit cu doica fiului s\u0103u, o \u021b\u0103rac\u0103 analfabet\u0103 care anterior \u00eei fusese model \u0219i amant\u0103.<\/span><\/li>\n<li style=\"font-weight: 400;\" aria-level=\"1\"><span style=\"font-weight: 400;\">\u0218i-a f\u0103cut foarte multe autoportrete care reflect\u0103 perioadele de fericire \u0219i de profund\u0103 triste\u021be pe care le-a tr\u0103it.<\/span><\/li>\n<li style=\"font-weight: 400;\" aria-level=\"1\"><span style=\"font-weight: 400;\">De\u0219i a cunoscut celebritatea \u00een timpul vie\u021bii \u0219i a avut clien\u021bi cu dare de m\u00e2n\u0103, a murit ruinat.<\/span><\/li>\n<\/ul>\n<h3><b>5 curiozit\u0103\u021bi despre <\/b><b><i>Rondul de noapte\u00a0<\/i><\/b><\/h3>\n<ul>\n<li style=\"font-weight: 400;\" aria-level=\"1\"><span style=\"font-weight: 400;\">La vremea la care a ap\u0103rut, <\/span><i><span style=\"font-weight: 400;\">Rondul de noapte<\/span><\/i><span style=\"font-weight: 400;\"> a fost considerat scandalos. Autorul s-a concentrat pe ac\u021biunea prezentat\u0103, \u0219i nu pe portretele personajelor, a\u0219a cum era tradi\u021bia vremii.<\/span><\/li>\n<li style=\"font-weight: 400;\" aria-level=\"1\"><span style=\"font-weight: 400;\">Titlul lucr\u0103rii este, de fapt, incorect pentru c\u0103 ac\u021biunea se petrece ziua, nu noaptea.<\/span><\/li>\n<li style=\"font-weight: 400;\" aria-level=\"1\"><span style=\"font-weight: 400;\">\u00cen 1975 tabloul un b\u0103rbat a reu\u0219it s\u0103 treac\u0103 de paznicul muzeului care ad\u0103postea tabloul \u0219i l-a atacat cu un cu\u021bit. A fost restaurat ulterior. Atacatorul \u0219i-a motivat gestul ca fiind un act pentru Dumnezeu.<\/span><\/li>\n<li style=\"font-weight: 400;\" aria-level=\"1\"><span style=\"font-weight: 400;\">Al\u0103turi de Mona Lisa lui Leonardo da Vinci, este una dintre cele mai faimoase picturi ale tuturor timpurilor.\u00a0<\/span><\/li>\n<li style=\"font-weight: 400;\" aria-level=\"1\"><span style=\"font-weight: 400;\">\u00cen tablou apar 18 chipuri din cei 120 care erau \u00een compania c\u0103pitanului Cocq pentru c\u0103 doar ace\u0219tia au pl\u0103tit s\u0103 apar\u0103. Tabloul se voia a fi unul de grup, \u00een vreme fiind foarte la mod\u0103 portretele de grup ale corpora\u021biilor civile sau profesionale.<\/span><\/li>\n<\/ul>\n<h3><b>Alte 3 beneficii pe care le vei avea complet\u00e2nd puzzle 1000 piese<\/b><\/h3>\n<ul>\n<li style=\"font-weight: 400;\" aria-level=\"1\"><span style=\"font-weight: 400;\">\u00ce\u021bi ofer\u0103 peste 30 de ore de distrac\u021bie garantat\u0103<\/span><\/li>\n<li style=\"font-weight: 400;\" aria-level=\"1\"><span style=\"font-weight: 400;\">\u00ce\u021bi sporesc aten\u021bia pentru detalii<\/span><\/li>\n<li style=\"font-weight: 400;\" aria-level=\"1\"><span style=\"font-weight: 400;\">Te ajut\u0103 s\u0103 lucrezi mult mai eficient \u0219i s\u0103-\u021bi cre\u0219ti productivitatea<\/span><\/li>\n<\/ul>\n<p><span style=\"font-weight: 400;\">Cump\u0103r\u0103 acum acest minunat puzzle 1000 piese \u0219i \u00eencearc\u0103 s\u0103 deslu\u0219e\u0219ti misterul celebrei opere de art\u0103 a lui Rembrandt, Rondul de noapte. Fii artistul care construie\u0219te dintr-un puzzle 1000 piese un tablou veritabil. Acest puzzle adul\u021bi este un produs potrivit pentru iubitorii de frumos, dar poate fi \u0219i un magnific dar pentru un membru din familie sau pentru un prieten pasionat de jocuri puzzle.<\/span><\/p>\n<p>&nbsp;<\/p>\n","protected":false},"excerpt":{"rendered":"<p>E\u0219ti pasionat de puzzle, dar \u021bi-ai dori \u0219i s\u0103 descoperi epoca de aur olandez\u0103? Sau e\u0219ti un admirator \u00eenfl\u0103c\u0103rat al<\/p>\n","protected":false},"featured_media":63611,"template":"","meta":[],"product_brand":[],"product_cat":[1454,1488,1560],"product_tag":[],"class_list":{"0":"post-18170","1":"product","2":"type-product","3":"status-publish","4":"has-post-thumbnail","6":"product_cat-puzzle","7":"product_cat-puzzle-adulti","8":"product_cat-puzzle-adulti-1000","9":"pa_brand-d_toys","10":"pa_country_of_manufacture-ro","11":"pa_filter_age-1315","12":"pa_painter-rembrandtvanrijn","13":"pa_tip_ambalaj-cutie","14":"pa_tip_puzzle-clasic","16":"first","17":"instock","18":"taxable","19":"shipping-taxable","20":"product-type-simple"},"yoast_head":"<!-- This site is optimized with the Yoast SEO plugin v20.1 - https:\/\/yoast.com\/wordpress\/plugins\/seo\/ -->\n<title>Puzzle adul\u021bi Rembrandt van Rijn - Rondul de noapte - Roovi B2B<\/title>\n<meta name=\"robots\" content=\"index, follow, max-snippet:-1, max-image-preview:large, max-video-preview:-1\" \/>\n<link rel=\"canonical\" href=\"https:\/\/www.roovi.ro\/puzzle-rembradt-van-rijn-the-night-watch-1000-piese\/p\/\" \/>\n<meta property=\"og:locale\" content=\"ro_RO\" \/>\n<meta property=\"og:type\" content=\"article\" \/>\n<meta property=\"og:title\" content=\"Puzzle adul\u021bi Rembrandt van Rijn - Rondul de noapte - Roovi B2B\" \/>\n<meta property=\"og:description\" content=\"E\u0219ti pasionat de puzzle, dar \u021bi-ai dori \u0219i s\u0103 descoperi epoca de aur olandez\u0103? Sau e\u0219ti un admirator \u00eenfl\u0103c\u0103rat al\" \/>\n<meta property=\"og:url\" content=\"https:\/\/www.roovi.ro\/puzzle-rembradt-van-rijn-the-night-watch-1000-piese\/p\/\" \/>\n<meta property=\"og:site_name\" content=\"Roovi B2B\" \/>\n<meta property=\"article:publisher\" content=\"https:\/\/www.facebook.com\/wwwjucariero\" \/>\n<meta property=\"article:modified_time\" content=\"2023-03-20T21:38:55+00:00\" \/>\n<meta property=\"og:image\" content=\"https:\/\/business.roovi.com\/wp-content\/uploads\/2018\/04\/73792-RE-01-WEB.jpg\" \/>\n\t<meta property=\"og:image:width\" content=\"1200\" \/>\n\t<meta property=\"og:image:height\" content=\"1200\" \/>\n\t<meta property=\"og:image:type\" content=\"image\/jpeg\" \/>\n<meta name=\"twitter:label1\" content=\"Timp estimat pentru citire\" \/>\n\t<meta name=\"twitter:data1\" content=\"4 minute\" \/>\n<script type=\"application\/ld+json\" class=\"yoast-schema-graph\">{\"@context\":\"https:\/\/schema.org\",\"@graph\":[{\"@type\":\"WebPage\",\"@id\":\"https:\/\/business.roovi.com\/ro\/puzzle-rembradt-van-rijn-the-night-watch-1000-piese\/p\/\",\"url\":\"https:\/\/www.roovi.ro\/puzzle-rembradt-van-rijn-the-night-watch-1000-piese\/p\/\",\"name\":\"Puzzle adul\u021bi Rembrandt van Rijn - Rondul de noapte - Roovi B2B\",\"isPartOf\":{\"@id\":\"https:\/\/business.roovi.com\/ro\/#website\"},\"datePublished\":\"2018-04-16T10:56:17+00:00\",\"dateModified\":\"2023-03-20T21:38:55+00:00\",\"breadcrumb\":{\"@id\":\"https:\/\/www.roovi.ro\/puzzle-rembradt-van-rijn-the-night-watch-1000-piese\/p\/#breadcrumb\"},\"inLanguage\":\"ro-RO\",\"potentialAction\":[{\"@type\":\"ReadAction\",\"target\":[\"https:\/\/www.roovi.ro\/puzzle-rembradt-van-rijn-the-night-watch-1000-piese\/p\/\"]}]},{\"@type\":\"BreadcrumbList\",\"@id\":\"https:\/\/www.roovi.ro\/puzzle-rembradt-van-rijn-the-night-watch-1000-piese\/p\/#breadcrumb\",\"itemListElement\":[{\"@type\":\"ListItem\",\"position\":1,\"name\":\"Home\",\"item\":\"https:\/\/business.roovi.com\/ro\/\"},{\"@type\":\"ListItem\",\"position\":2,\"name\":\"Magazin\",\"item\":\"https:\/\/business.roovi.com\/ro\/magazin\/\"},{\"@type\":\"ListItem\",\"position\":3,\"name\":\"Puzzle adul\u021bi Rembrandt van Rijn &#8211; Rondul de noapte\"}]},{\"@type\":\"WebSite\",\"@id\":\"https:\/\/business.roovi.com\/ro\/#website\",\"url\":\"https:\/\/business.roovi.com\/ro\/\",\"name\":\"Roovi B2B\",\"description\":\"Roovi Business Website\",\"potentialAction\":[{\"@type\":\"SearchAction\",\"target\":{\"@type\":\"EntryPoint\",\"urlTemplate\":\"https:\/\/business.roovi.com\/ro\/?s={search_term_string}\"},\"query-input\":\"required name=search_term_string\"}],\"inLanguage\":\"ro-RO\"}]}<\/script>\n<!-- \/ Yoast SEO plugin. -->","yoast_head_json":{"title":"Puzzle adul\u021bi Rembrandt van Rijn - Rondul de noapte - Roovi B2B","robots":{"index":"index","follow":"follow","max-snippet":"max-snippet:-1","max-image-preview":"max-image-preview:large","max-video-preview":"max-video-preview:-1"},"canonical":"https:\/\/www.roovi.ro\/puzzle-rembradt-van-rijn-the-night-watch-1000-piese\/p\/","og_locale":"ro_RO","og_type":"article","og_title":"Puzzle adul\u021bi Rembrandt van Rijn - Rondul de noapte - Roovi B2B","og_description":"E\u0219ti pasionat de puzzle, dar \u021bi-ai dori \u0219i s\u0103 descoperi epoca de aur olandez\u0103? Sau e\u0219ti un admirator \u00eenfl\u0103c\u0103rat al","og_url":"https:\/\/www.roovi.ro\/puzzle-rembradt-van-rijn-the-night-watch-1000-piese\/p\/","og_site_name":"Roovi B2B","article_publisher":"https:\/\/www.facebook.com\/wwwjucariero","article_modified_time":"2023-03-20T21:38:55+00:00","og_image":[{"width":1200,"height":1200,"url":"https:\/\/business.roovi.com\/wp-content\/uploads\/2018\/04\/73792-RE-01-WEB.jpg","type":"image\/jpeg"}],"twitter_misc":{"Timp estimat pentru citire":"4 minute"},"schema":{"@context":"https:\/\/schema.org","@graph":[{"@type":"WebPage","@id":"https:\/\/business.roovi.com\/ro\/puzzle-rembradt-van-rijn-the-night-watch-1000-piese\/p\/","url":"https:\/\/www.roovi.ro\/puzzle-rembradt-van-rijn-the-night-watch-1000-piese\/p\/","name":"Puzzle adul\u021bi Rembrandt van Rijn - Rondul de noapte - Roovi B2B","isPartOf":{"@id":"https:\/\/business.roovi.com\/ro\/#website"},"datePublished":"2018-04-16T10:56:17+00:00","dateModified":"2023-03-20T21:38:55+00:00","breadcrumb":{"@id":"https:\/\/www.roovi.ro\/puzzle-rembradt-van-rijn-the-night-watch-1000-piese\/p\/#breadcrumb"},"inLanguage":"ro-RO","potentialAction":[{"@type":"ReadAction","target":["https:\/\/www.roovi.ro\/puzzle-rembradt-van-rijn-the-night-watch-1000-piese\/p\/"]}]},{"@type":"BreadcrumbList","@id":"https:\/\/www.roovi.ro\/puzzle-rembradt-van-rijn-the-night-watch-1000-piese\/p\/#breadcrumb","itemListElement":[{"@type":"ListItem","position":1,"name":"Home","item":"https:\/\/business.roovi.com\/ro\/"},{"@type":"ListItem","position":2,"name":"Magazin","item":"https:\/\/business.roovi.com\/ro\/magazin\/"},{"@type":"ListItem","position":3,"name":"Puzzle adul\u021bi Rembrandt van Rijn &#8211; Rondul de noapte"}]},{"@type":"WebSite","@id":"https:\/\/business.roovi.com\/ro\/#website","url":"https:\/\/business.roovi.com\/ro\/","name":"Roovi B2B","description":"Roovi Business Website","potentialAction":[{"@type":"SearchAction","target":{"@type":"EntryPoint","urlTemplate":"https:\/\/business.roovi.com\/ro\/?s={search_term_string}"},"query-input":"required name=search_term_string"}],"inLanguage":"ro-RO"}]}},"_links":{"self":[{"href":"https:\/\/business.roovi.com\/ro\/wp-json\/wp\/v2\/product\/18170","targetHints":{"allow":["GET"]}}],"collection":[{"href":"https:\/\/business.roovi.com\/ro\/wp-json\/wp\/v2\/product"}],"about":[{"href":"https:\/\/business.roovi.com\/ro\/wp-json\/wp\/v2\/types\/product"}],"version-history":[{"count":0,"href":"https:\/\/business.roovi.com\/ro\/wp-json\/wp\/v2\/product\/18170\/revisions"}],"wp:featuredmedia":[{"embeddable":true,"href":"https:\/\/business.roovi.com\/ro\/wp-json\/wp\/v2\/media\/63611"}],"wp:attachment":[{"href":"https:\/\/business.roovi.com\/ro\/wp-json\/wp\/v2\/media?parent=18170"}],"wp:term":[{"taxonomy":"product_brand","embeddable":true,"href":"https:\/\/business.roovi.com\/ro\/wp-json\/wp\/v2\/product_brand?post=18170"},{"taxonomy":"product_cat","embeddable":true,"href":"https:\/\/business.roovi.com\/ro\/wp-json\/wp\/v2\/product_cat?post=18170"},{"taxonomy":"product_tag","embeddable":true,"href":"https:\/\/business.roovi.com\/ro\/wp-json\/wp\/v2\/product_tag?post=18170"}],"curies":[{"name":"wp","href":"https:\/\/api.w.org\/{rel}","templated":true}]}}