{"id":18185,"date":"2018-04-16T10:56:17","date_gmt":"2018-04-16T10:56:17","guid":{"rendered":"https:\/\/business.roovi.com\/product\/puzzle-eugene-delacroix-liberty-leading-the-people-1000\/"},"modified":"2025-03-17T10:09:04","modified_gmt":"2025-03-17T10:09:04","slug":"puzzle-adulti-1000-piese-eugene-delacroix-liberty-leading-the-people","status":"publish","type":"product","link":"https:\/\/business.roovi.com\/ro\/puzzle-adulti-1000-piese-eugene-delacroix-liberty-leading-the-people\/p\/","title":{"rendered":"Puzzle adulti 1000 piese Eug\u00e8ne Delacroix &#8211; Liberty Leading the People"},"content":{"rendered":"<p><span style=\"font-weight: 400;\">\u00cencarc\u0103-\u021bi bateriile complet\u00e2nd puzzle-uri de art\u0103! Alege-\u021bi modelele favorite din cea mai mare gam\u0103 de puzzle 1000 piese cu imagini ale picturilor celebre. Relaxeaz\u0103-te \u0219i creeaz\u0103-\u021bi propria colec\u021bie de de art\u0103!<\/span><\/p>\n<p><span style=\"font-weight: 400;\">Completeaz\u0103 Puzzle 1000 piese Eug\u00e8ne Delacroix &#8211; Liberty Leading the People\/Libertatea conduc\u00e2nd poporul \u0219i simte emo\u021bia libert\u0103\u021bii transmise printr-o oper\u0103 de art\u0103 unic\u0103. Las\u0103-te purtat \u00een timp, deta\u0219eaz\u0103-te de problemele cotidiene \u0219i \u00eencepi lucrul la propria capodoper\u0103. Pentru asamblare po\u021bi folosi o m\u0103su\u021b\u0103 obi\u0219nuit\u0103 de cafea pentru c\u0103 tabloul ref\u0103cut are dimensiunile de 50 x 70 cm.<\/span><\/p>\n<p><span style=\"font-weight: 400;\">Cite\u0219te mai jos \u0219i alte caracteristici ale acestui puzzle de art\u0103:<\/span><\/p>\n<p><strong>Material puzzle:\u00a0<\/strong><\/p>\n<p><strong>carton albastru de o calitate superioar\u0103<\/strong><\/p>\n<p><strong>materiale sustenabile, reciclabile<\/strong><\/p>\n<p><strong>finisaj semi-lucios, culori vii<\/strong><\/p>\n<p><strong>Num\u0103rul pieselor de puzzle: 1000<\/strong><\/p>\n<p><strong>V\u00e2rsta recomandat\u0103: 14+<\/strong><\/p>\n<p><strong>Puzzle 1000 piese \u0219i medita\u021bia<\/strong><\/p>\n<p><span style=\"font-weight: 400;\">Exist\u0103 o str\u00e2ns\u0103 leg\u0103tur\u0103 \u00eentre jocurile puzzle \u0219i medita\u021bie. Asemenea acesteia din urm\u0103, un puzzle 1000 piese te ajut\u0103 s\u0103-\u021bi cure\u021bi mintea de toate g\u00e2ndurile negative \u0219i s\u0103 te concentrezi pe un singur obiectiv: acela de a asambla imaginea puzzle-ului de art\u0103. Pe m\u0103sur\u0103 ce mintea ta se concentreaz\u0103 \u0219i intr\u0103 \u00een lumea puzzle-ului de 1000 piese, mintea ia o pauz\u0103 de la st\u0103rile stresante. Astfel te vei sim\u021bi mai relaxat \u0219i cu mintea limpede \u0219i e\u0219ti gata s\u0103 faci fa\u021b\u0103 oric\u0103rei provoc\u0103ri.<\/span><\/p>\n<p><strong>Puzzle 1000 piese \u0219i\u2026 fericirea<\/strong><\/p>\n<p><span style=\"font-weight: 400;\">Exist\u0103 o leg\u0103tur\u0103, demonstrat\u0103 \u0219tiin\u021bific, \u00eentre puzzle \u0219i fericire: \u00een timpul activit\u0103\u021bii de asamblare a jocurilor puzzle, s-a constatat c\u0103 se sintetizeaz\u0103 mai mult\u0103 dopamin\u0103. Aceasta este un neurotransmi\u021b\u0103tor responsabil de optimism, \u00eencrederea \u00een sine, puterea de concentrare, precum \u0219i de fericire. A\u0219adar, asambleaz\u0103 puzzle 1000 piese \u0219i fii fericit!<\/span><\/p>\n<p><strong>Libertatea conduc\u00e2nd poporul &#8211; inepuizabil\u0103 surs\u0103 de inspira\u021bie\u00a0<\/strong><\/p>\n<p><span style=\"font-weight: 400;\">O adev\u0103rat\u0103 capodoper\u0103 artistic\u0103, pictura lui Delacroix a fost o surs\u0103 de inspira\u021bie de-a lungul vremii pentru mul\u021bi arti\u0219ti \u0219i nu numai. Iat\u0103 numai c\u00e2teva exemple:<\/span><\/p>\n<p><strong>Victor Hugo<\/strong><span style=\"font-weight: 400;\"> \u00een romanul <\/span><em><span style=\"font-weight: 400;\">Mizerabilii<\/span><\/em><span style=\"font-weight: 400;\">.\u00a0 Se crede c\u0103 personajul Gavroche a fost inspirat de figura b\u0103iatului cu pistoale care alearg\u0103 peste baricad\u0103.<\/span><\/p>\n<p><strong>Fr\u00e9d\u00e9ric <\/strong><strong>Auguste Bartholdi <\/strong><span style=\"font-weight: 400;\">sculptorul care creat Statuia Libert\u0103\u021bii oferit\u0103 de francezi ora\u0219ului New York.<\/span><\/p>\n<p><strong>Generalul Charles de Gaulle<\/strong><span style=\"font-weight: 400;\"> s-a folosit de acest simbol pentru a-i imobiliza pe francezi la referendumul din 1945.<\/span><\/p>\n<p><strong>Pe bancnota de 100 franci<\/strong><span style=\"font-weight: 400;\"> a fost prezent\u0103 o versiunea gravat\u0103 a picturii al\u0103turi de figura lui Delacroix, din 1978 p\u00e2n\u0103 \u00een 1995.<\/span><\/p>\n<p><strong>Trupa Coldplay <\/strong><span style=\"font-weight: 400;\">a utilizat imaginea tabloului pe coperta albumului din 2008.<\/span><\/p>\n<p><strong>Alte 5 avantaje pe care \u021bi le ofer\u0103 puzzle-urile de art\u0103:<\/strong><\/p>\n<p><span style=\"font-weight: 400;\">1. \u00ce\u021bi asigur\u0103 p\u00e2n\u0103 la 30 de ore de distrac\u021bie relaxant\u0103<\/span><\/p>\n<p><span style=\"font-weight: 400;\">2. Te ajut\u0103 s\u0103 \u00ee\u021bi aprofundezi cuno\u0219tin\u021bele despre art\u0103.<\/span><\/p>\n<p><span style=\"font-weight: 400;\">3. Te fac s\u0103 descoperi detalii din picturile consacrate.<\/span><\/p>\n<p><span style=\"font-weight: 400;\">4. Reconstitui opere de art\u0103 celebre \u00een tablouri cu care \u00ee\u021bi po\u021bi decora locuin\u021ba.<\/span><\/p>\n<p><span style=\"font-weight: 400;\">5. \u00ce\u021bi uime\u0219ti prietenii cu abilit\u0103\u021bile tale de asamblare a jocurilor puzzle.<\/span><\/p>\n<p><span style=\"font-weight: 400;\">Puzzle de art\u0103 Eug\u00e8ne Delacroix &#8211; Liberty Leading the People\/Libertatea conduc\u00e2nd poporul \u00ee\u021bi ofer\u0103 libertatea de a fi un artist veritabil! Cump\u0103r\u0103 acest minunat puzzle 1000 piese \u0219i vei avea un tablou decorativ deosebit. Creeaz\u0103-\u021bi o adev\u0103rat\u0103 colec\u021bie din puzzle-urile adulti din colec\u021bia noastr\u0103 puzzle de art\u0103.<\/span><\/p>\n<p><span style=\"font-weight: 400;\">E\u0219ti \u00een c\u0103utarea unui cadou deosebit pentru un prieten drag? Puzzle 1000 piese Eug\u00e8ne Delacroix &#8211; Liberty Leading the People este darul potrivit mai ales dac\u0103 este un pasionat al jocurilor puzzle.<\/span><\/p>\n","protected":false},"excerpt":{"rendered":"<p>\u00cencarc\u0103-\u021bi bateriile complet\u00e2nd puzzle-uri de art\u0103! Alege-\u021bi modelele favorite din cea mai mare gam\u0103 de puzzle 1000 piese cu imagini<\/p>\n","protected":false},"featured_media":63616,"template":"","meta":[],"product_brand":[],"product_cat":[1454,1488,1560],"product_tag":[],"class_list":{"0":"post-18185","1":"product","2":"type-product","3":"status-publish","4":"has-post-thumbnail","6":"product_cat-puzzle","7":"product_cat-puzzle-adulti","8":"product_cat-puzzle-adulti-1000","9":"pa_brand-d_toys","10":"pa_country_of_manufacture-ro","11":"pa_filter_age-1315","12":"pa_painter-eugenedelacroix","13":"pa_tip_ambalaj-cutie","14":"pa_tip_puzzle-clasic","16":"first","17":"instock","18":"taxable","19":"shipping-taxable","20":"product-type-simple"},"yoast_head":"<!-- This site is optimized with the Yoast SEO plugin v20.1 - https:\/\/yoast.com\/wordpress\/plugins\/seo\/ -->\n<title>Puzzle adulti 1000 piese Eug\u00e8ne Delacroix - Liberty Leading the People - Roovi B2B<\/title>\n<meta name=\"robots\" content=\"index, follow, max-snippet:-1, max-image-preview:large, max-video-preview:-1\" \/>\n<link rel=\"canonical\" href=\"https:\/\/www.roovi.ro\/puzzle-adulti-1000-piese-eugene-delacroix-liberty-leading-the-people\/p\/\" \/>\n<meta property=\"og:locale\" content=\"ro_RO\" \/>\n<meta property=\"og:type\" content=\"article\" \/>\n<meta property=\"og:title\" content=\"Puzzle adulti 1000 piese Eug\u00e8ne Delacroix - Liberty Leading the People - Roovi B2B\" \/>\n<meta property=\"og:description\" content=\"\u00cencarc\u0103-\u021bi bateriile complet\u00e2nd puzzle-uri de art\u0103! Alege-\u021bi modelele favorite din cea mai mare gam\u0103 de puzzle 1000 piese cu imagini\" \/>\n<meta property=\"og:url\" content=\"https:\/\/www.roovi.ro\/puzzle-adulti-1000-piese-eugene-delacroix-liberty-leading-the-people\/p\/\" \/>\n<meta property=\"og:site_name\" content=\"Roovi B2B\" \/>\n<meta property=\"article:publisher\" content=\"https:\/\/www.facebook.com\/wwwjucariero\" \/>\n<meta property=\"article:modified_time\" content=\"2025-03-17T10:09:04+00:00\" \/>\n<meta property=\"og:image\" content=\"https:\/\/business.roovi.com\/wp-content\/uploads\/2018\/04\/73808-DE-01-WEB.jpg\" \/>\n\t<meta property=\"og:image:width\" content=\"1200\" \/>\n\t<meta property=\"og:image:height\" content=\"1200\" \/>\n\t<meta property=\"og:image:type\" content=\"image\/jpeg\" \/>\n<meta name=\"twitter:label1\" content=\"Timp estimat pentru citire\" \/>\n\t<meta name=\"twitter:data1\" content=\"3 minute\" \/>\n<script type=\"application\/ld+json\" class=\"yoast-schema-graph\">{\"@context\":\"https:\/\/schema.org\",\"@graph\":[{\"@type\":\"WebPage\",\"@id\":\"https:\/\/business.roovi.com\/ro\/puzzle-adulti-1000-piese-eugene-delacroix-liberty-leading-the-people\/p\/\",\"url\":\"https:\/\/www.roovi.ro\/puzzle-adulti-1000-piese-eugene-delacroix-liberty-leading-the-people\/p\/\",\"name\":\"Puzzle adulti 1000 piese Eug\u00e8ne Delacroix - Liberty Leading the People - Roovi B2B\",\"isPartOf\":{\"@id\":\"https:\/\/business.roovi.com\/ro\/#website\"},\"datePublished\":\"2018-04-16T10:56:17+00:00\",\"dateModified\":\"2025-03-17T10:09:04+00:00\",\"breadcrumb\":{\"@id\":\"https:\/\/www.roovi.ro\/puzzle-adulti-1000-piese-eugene-delacroix-liberty-leading-the-people\/p\/#breadcrumb\"},\"inLanguage\":\"ro-RO\",\"potentialAction\":[{\"@type\":\"ReadAction\",\"target\":[\"https:\/\/www.roovi.ro\/puzzle-adulti-1000-piese-eugene-delacroix-liberty-leading-the-people\/p\/\"]}]},{\"@type\":\"BreadcrumbList\",\"@id\":\"https:\/\/www.roovi.ro\/puzzle-adulti-1000-piese-eugene-delacroix-liberty-leading-the-people\/p\/#breadcrumb\",\"itemListElement\":[{\"@type\":\"ListItem\",\"position\":1,\"name\":\"Home\",\"item\":\"https:\/\/business.roovi.com\/ro\/\"},{\"@type\":\"ListItem\",\"position\":2,\"name\":\"Magazin\",\"item\":\"https:\/\/business.roovi.com\/ro\/magazin\/\"},{\"@type\":\"ListItem\",\"position\":3,\"name\":\"Puzzle adulti 1000 piese Eug\u00e8ne Delacroix &#8211; Liberty Leading the People\"}]},{\"@type\":\"WebSite\",\"@id\":\"https:\/\/business.roovi.com\/ro\/#website\",\"url\":\"https:\/\/business.roovi.com\/ro\/\",\"name\":\"Roovi B2B\",\"description\":\"Roovi Business Website\",\"potentialAction\":[{\"@type\":\"SearchAction\",\"target\":{\"@type\":\"EntryPoint\",\"urlTemplate\":\"https:\/\/business.roovi.com\/ro\/?s={search_term_string}\"},\"query-input\":\"required name=search_term_string\"}],\"inLanguage\":\"ro-RO\"}]}<\/script>\n<!-- \/ Yoast SEO plugin. -->","yoast_head_json":{"title":"Puzzle adulti 1000 piese Eug\u00e8ne Delacroix - Liberty Leading the People - Roovi B2B","robots":{"index":"index","follow":"follow","max-snippet":"max-snippet:-1","max-image-preview":"max-image-preview:large","max-video-preview":"max-video-preview:-1"},"canonical":"https:\/\/www.roovi.ro\/puzzle-adulti-1000-piese-eugene-delacroix-liberty-leading-the-people\/p\/","og_locale":"ro_RO","og_type":"article","og_title":"Puzzle adulti 1000 piese Eug\u00e8ne Delacroix - Liberty Leading the People - Roovi B2B","og_description":"\u00cencarc\u0103-\u021bi bateriile complet\u00e2nd puzzle-uri de art\u0103! Alege-\u021bi modelele favorite din cea mai mare gam\u0103 de puzzle 1000 piese cu imagini","og_url":"https:\/\/www.roovi.ro\/puzzle-adulti-1000-piese-eugene-delacroix-liberty-leading-the-people\/p\/","og_site_name":"Roovi B2B","article_publisher":"https:\/\/www.facebook.com\/wwwjucariero","article_modified_time":"2025-03-17T10:09:04+00:00","og_image":[{"width":1200,"height":1200,"url":"https:\/\/business.roovi.com\/wp-content\/uploads\/2018\/04\/73808-DE-01-WEB.jpg","type":"image\/jpeg"}],"twitter_misc":{"Timp estimat pentru citire":"3 minute"},"schema":{"@context":"https:\/\/schema.org","@graph":[{"@type":"WebPage","@id":"https:\/\/business.roovi.com\/ro\/puzzle-adulti-1000-piese-eugene-delacroix-liberty-leading-the-people\/p\/","url":"https:\/\/www.roovi.ro\/puzzle-adulti-1000-piese-eugene-delacroix-liberty-leading-the-people\/p\/","name":"Puzzle adulti 1000 piese Eug\u00e8ne Delacroix - Liberty Leading the People - Roovi B2B","isPartOf":{"@id":"https:\/\/business.roovi.com\/ro\/#website"},"datePublished":"2018-04-16T10:56:17+00:00","dateModified":"2025-03-17T10:09:04+00:00","breadcrumb":{"@id":"https:\/\/www.roovi.ro\/puzzle-adulti-1000-piese-eugene-delacroix-liberty-leading-the-people\/p\/#breadcrumb"},"inLanguage":"ro-RO","potentialAction":[{"@type":"ReadAction","target":["https:\/\/www.roovi.ro\/puzzle-adulti-1000-piese-eugene-delacroix-liberty-leading-the-people\/p\/"]}]},{"@type":"BreadcrumbList","@id":"https:\/\/www.roovi.ro\/puzzle-adulti-1000-piese-eugene-delacroix-liberty-leading-the-people\/p\/#breadcrumb","itemListElement":[{"@type":"ListItem","position":1,"name":"Home","item":"https:\/\/business.roovi.com\/ro\/"},{"@type":"ListItem","position":2,"name":"Magazin","item":"https:\/\/business.roovi.com\/ro\/magazin\/"},{"@type":"ListItem","position":3,"name":"Puzzle adulti 1000 piese Eug\u00e8ne Delacroix &#8211; Liberty Leading the People"}]},{"@type":"WebSite","@id":"https:\/\/business.roovi.com\/ro\/#website","url":"https:\/\/business.roovi.com\/ro\/","name":"Roovi B2B","description":"Roovi Business Website","potentialAction":[{"@type":"SearchAction","target":{"@type":"EntryPoint","urlTemplate":"https:\/\/business.roovi.com\/ro\/?s={search_term_string}"},"query-input":"required name=search_term_string"}],"inLanguage":"ro-RO"}]}},"_links":{"self":[{"href":"https:\/\/business.roovi.com\/ro\/wp-json\/wp\/v2\/product\/18185","targetHints":{"allow":["GET"]}}],"collection":[{"href":"https:\/\/business.roovi.com\/ro\/wp-json\/wp\/v2\/product"}],"about":[{"href":"https:\/\/business.roovi.com\/ro\/wp-json\/wp\/v2\/types\/product"}],"version-history":[{"count":0,"href":"https:\/\/business.roovi.com\/ro\/wp-json\/wp\/v2\/product\/18185\/revisions"}],"wp:featuredmedia":[{"embeddable":true,"href":"https:\/\/business.roovi.com\/ro\/wp-json\/wp\/v2\/media\/63616"}],"wp:attachment":[{"href":"https:\/\/business.roovi.com\/ro\/wp-json\/wp\/v2\/media?parent=18185"}],"wp:term":[{"taxonomy":"product_brand","embeddable":true,"href":"https:\/\/business.roovi.com\/ro\/wp-json\/wp\/v2\/product_brand?post=18185"},{"taxonomy":"product_cat","embeddable":true,"href":"https:\/\/business.roovi.com\/ro\/wp-json\/wp\/v2\/product_cat?post=18185"},{"taxonomy":"product_tag","embeddable":true,"href":"https:\/\/business.roovi.com\/ro\/wp-json\/wp\/v2\/product_tag?post=18185"}],"curies":[{"name":"wp","href":"https:\/\/api.w.org\/{rel}","templated":true}]}}