{"id":18200,"date":"2018-04-16T10:56:17","date_gmt":"2018-04-16T10:56:17","guid":{"rendered":"https:\/\/business.roovi.com\/product\/puzzle-john-everett-millais-ophelia-1000\/"},"modified":"2023-03-20T21:38:50","modified_gmt":"2023-03-20T21:38:50","slug":"puzzle-adulti-1000-piese-john-everett-millais-ophelia","status":"publish","type":"product","link":"https:\/\/business.roovi.com\/ro\/puzzle-adulti-1000-piese-john-everett-millais-ophelia\/p\/","title":{"rendered":"Puzzle adulti 1000 piese John Everett Millais &#8211; Ophelia"},"content":{"rendered":"<p><span style=\"font-weight: 400; font-size: 14px;\">Te plictise\u0219ti \u00een serile ploioase care te \u021bin \u00een cas\u0103? \u00cencearc\u0103 puzzle-urile de art\u0103! Vei redescoperi o activitate clasic\u0103, distractiv\u0103 \u0219i relaxant\u0103. Cump\u0103r\u0103 acum puzzle-uri de 1000 de piese cu imagini ale picturilor celebre \u0219i d\u0103 culoare timpului t\u0103u liber!<\/span><\/p>\n<p><span style=\"font-weight: 400; font-size: 14px;\">Puzzle 1000 piese John Everett Millais &#8211; Ophelia este reproducerea celebrului tablou inspirat dintr-o scen\u0103 din Hamlet de Shakespeare. Ofelia, m\u0103cinat\u0103 de suferin\u021b\u0103, st\u0103 \u00eentins\u0103 \u00een ap\u0103 c\u00e2nt\u00e2nd \u00eenconjurat\u0103 de flori, ca \u0219i cum nu ar fi con\u0219tient\u0103 de pericolul \u00een care se afl\u0103. Tabloul reflect\u0103 maiestuos cea mai poetic\u0103 scen\u0103 de moarte descris\u0103 vreodat\u0103 \u00een literatur\u0103. Fii tu cel care creeaz\u0103 cu m\u00e2inile proprii aceast\u0103 capodoper\u0103 artistic\u0103.<\/span><\/p>\n<p><span style=\"font-weight: 400; font-size: 14px;\">Pentru refacerea tabloului ai nevoie de o m\u0103su\u021b\u0103 de cafea standard \u00eentruc\u00e2t dimensiunile imaginii din puzzle 1000 piese sunt de 50 x 70 cm.<\/span><\/p>\n<p><span style=\"font-weight: 400; font-size: 14px;\">Cite\u0219ti mai jos \u0219i alte caracteristici ale acestui puzzle de art\u0103:<\/span><\/p>\n<p><span style=\"font-size: 14px;\"><strong>Material puzzle:\u00a0<\/strong><\/span><\/p>\n<p><span style=\"font-size: 14px;\"><strong>carton albastru de o calitate superioar\u0103<\/strong><\/span><\/p>\n<p><span style=\"font-size: 14px;\"><strong>materiale sustenabile, reciclabile<\/strong><\/span><\/p>\n<p><span style=\"font-size: 14px;\"><strong>finisaj semi-lucios, culori vii<\/strong><\/span><\/p>\n<p><span style=\"font-size: 14px;\"><strong>Num\u0103rul pieselor de puzzle: 1000<\/strong><\/span><\/p>\n<p><span style=\"font-size: 14px;\"><strong>V\u00e2rsta recomandat\u0103: 14+<\/strong><\/span><\/p>\n<p><span style=\"font-size: 14px;\"><strong>Puzzle-urile pentru adul\u021bi \u00ee\u021bi dau mult\u0103 energie pozitiv\u0103<\/strong><\/span><\/p>\n<p><span style=\"font-weight: 400; font-size: 14px;\">Vrei un remediu \u00eempotriva stresului \u0219i a energiilor negative? Asamblarea jocurilor puzzle sunt varianta perfect\u0103. De fiecare dat\u0103 c\u00e2nd e\u0219ti implicat \u00eentr-o astfel de activitate, creierul t\u0103u secret\u0103 dopamin\u0103. Aceast\u0103 substan\u021b\u0103 benefic\u0103 este responsabil\u0103 de starea de spirit, optimism, g\u00e2nduri pozitive, precum \u0219i de memorie \u0219i aten\u021bie. De aceea sim\u021bi o mare satisfac\u021bie \u0219i bucurie ori de c\u00e2te ori e\u0219ti implicat \u00eentr-un joc puzzle.<\/span><\/p>\n<p><span style=\"font-size: 14px;\"><strong>Puzzle-urile pentru adul\u021bi \u0219i productivitatea \u00een munc\u0103<\/strong><\/span><\/p>\n<p><span style=\"font-weight: 400; font-size: 14px;\">Cre\u0219terea productivit\u0103\u021bii la locul de munc\u0103 este un alt beneficiu de care te vei bucura datorit\u0103 pasiunii de a reface puzzle-uri de 1000 piese. Antrenamentul cu piesele mici de puzzle 1000 este deosebit de eficient pentru cre\u0219terea aten\u021biei la detalii, a capacit\u0103\u021bii de concentrare \u0219i a perseveren\u021bei. Te folose\u0219ti de aceste abilit\u0103\u021bi atunci c\u00e2nd lucrezi sau c\u00e2nd \u00eenve\u021bi pentru examene dificile. A\u0219adar ai toate motivele s\u0103-\u021bi cumperi jocurile puzzle preferate!<\/span><\/p>\n<p><span style=\"font-size: 14px;\"><strong>Despre Ophelia \u0219tiai c\u0103?<\/strong><\/span><\/p>\n<p><span style=\"font-weight: 400; font-size: 14px;\">Este considerat\u0103 cea mai str\u0103lucit\u0103 pictur\u0103 din \u00eentreaga art\u0103 englez\u0103.<\/span><\/p>\n<p><span style=\"font-weight: 400; font-size: 14px;\">\u00cen Japonia au fost interzise reproducerile dup\u0103 acest tablou de team\u0103 ca fetele tinere s\u0103 nu recurg\u0103 la sinucideri din cauza lui.<\/span><\/p>\n<p><span style=\"font-size: 14px;\"><span style=\"font-weight: 400;\">Modelul viu dup\u0103 care a fost reprezentat\u0103 <\/span><em><span style=\"font-weight: 400;\">Ophelia<\/span><\/em><span style=\"font-weight: 400;\"> a fost Elizabeth Siddal, o t\u00e2n\u0103r\u0103 de 19 ani.<\/span><\/span><\/p>\n<p><span style=\"font-weight: 400; font-size: 14px;\">Elizabeth s-a \u00eemboln\u0103vit de pneumonie \u00een timpul picturii pentru c\u0103 Millais a pus-o s\u0103 stea \u00eentr-o cad\u0103 cu ap\u0103 \u00een timpul iernii. Tat\u0103l ei i-a solicitat pictorului s\u0103 \u00eei pl\u0103teasc\u0103 \u00eengrijirile medicale.<\/span><\/p>\n<p><span style=\"font-weight: 400; font-size: 14px;\">Foarte mul\u021bi pictori prerafaeli\u021bi au pictat-o pe Ophelia \u00een diverse ipostaze, dar tabloul lui Millais este de departe cel mai reu\u0219it.<\/span><\/p>\n<p><span style=\"font-size: 14px;\"><span style=\"font-weight: 400;\">\u00cen prezent, <\/span><em><span style=\"font-weight: 400;\">Ophelia <\/span><\/em><span style=\"font-weight: 400;\">se afl\u0103 la Tate Britain, \u00een Londra \u0219i este evaluat\u0103 de exper\u021bi la aproximativ 30 de milioane <\/span><span style=\"font-weight: 400;\">\u00a3.<\/span><\/span><\/p>\n<p><span style=\"font-size: 14px;\"><strong>Puzzle-urile de art\u0103 \u00ee\u021bi dezvolt\u0103 cuno\u0219tin\u021bele generale<\/strong><\/span><\/p>\n<p><span style=\"font-weight: 400; font-size: 14px;\">Prin puzzle-urile de art\u0103 \u00ee\u021bi deschizi apetitul pentru picturile celebre. Odat\u0103 ce ai \u00eenceput s\u0103 lucrezi la un tablou al unei imagini artistice, \u00eencepi s\u0103 \u00ee\u021bi dore\u0219ti s\u0103 \u0219tii ce poveste recreezi cu m\u00e2inile tale. Orice motiv de cunoa\u0219tere te \u00eembog\u0103\u021be\u0219te intelectual, iar puzzle-urile de art\u0103 sunt o astfel de oportunitate.<\/span><\/p>\n<p><span style=\"font-weight: 400; font-size: 14px;\">S\u0103 admiri \u00een propria cas\u0103 cel mai faimos tablou britanic este un vis devenit realitate odat\u0103 ce ai achizi\u021bionat puzzle de art\u0103 John Everett Millais &#8211; Ophelia. Reconstituie aceast\u0103 capodoper\u0103 artistic\u0103 din puzzle 1000 piese \u0219i \u00eenr\u0103meaz\u0103 tabloul ob\u021binut. Acest minunat joc puzzle din colec\u021bia puzzle de art\u0103 \u00eei va da casei tale un aspect rafinat.\u00a0<\/span><\/p>\n<p><span style=\"font-weight: 400; font-size: 14px;\">Cau\u021bi un cadou deosebit cu care s\u0103-\u021bi surprinzi prietenii? Puzzle de art\u0103 John Everett Millais &#8211; Ophelia este exact ceea ce \u00ee\u021bi trebuie!<\/span><\/p>\n","protected":false},"excerpt":{"rendered":"<p>Te plictise\u0219ti \u00een serile ploioase care te \u021bin \u00een cas\u0103? \u00cencearc\u0103 puzzle-urile de art\u0103! Vei redescoperi o activitate clasic\u0103, distractiv\u0103<\/p>\n","protected":false},"featured_media":63632,"template":"","meta":[],"product_brand":[],"product_cat":[1454,1488,1560],"product_tag":[],"class_list":{"0":"post-18200","1":"product","2":"type-product","3":"status-publish","4":"has-post-thumbnail","6":"product_cat-puzzle","7":"product_cat-puzzle-adulti","8":"product_cat-puzzle-adulti-1000","9":"pa_brand-d_toys","10":"pa_country_of_manufacture-ro","11":"pa_filter_age-1315","12":"pa_painter-johneverettmillais","13":"pa_tip_ambalaj-cutie","14":"pa_tip_puzzle-clasic","16":"first","17":"onbackorder","18":"taxable","19":"shipping-taxable","20":"product-type-simple"},"yoast_head":"<!-- This site is optimized with the Yoast SEO plugin v20.1 - https:\/\/yoast.com\/wordpress\/plugins\/seo\/ -->\n<title>Puzzle adulti 1000 piese John Everett Millais - Ophelia - Roovi B2B<\/title>\n<meta name=\"robots\" content=\"index, follow, max-snippet:-1, max-image-preview:large, max-video-preview:-1\" \/>\n<link rel=\"canonical\" href=\"https:\/\/www.roovi.ro\/puzzle-adulti-1000-piese-john-everett-millais-ophelia\/p\/\" \/>\n<meta property=\"og:locale\" content=\"ro_RO\" \/>\n<meta property=\"og:type\" content=\"article\" \/>\n<meta property=\"og:title\" content=\"Puzzle adulti 1000 piese John Everett Millais - Ophelia - Roovi B2B\" \/>\n<meta property=\"og:description\" content=\"Te plictise\u0219ti \u00een serile ploioase care te \u021bin \u00een cas\u0103? \u00cencearc\u0103 puzzle-urile de art\u0103! Vei redescoperi o activitate clasic\u0103, distractiv\u0103\" \/>\n<meta property=\"og:url\" content=\"https:\/\/www.roovi.ro\/puzzle-adulti-1000-piese-john-everett-millais-ophelia\/p\/\" \/>\n<meta property=\"og:site_name\" content=\"Roovi B2B\" \/>\n<meta property=\"article:publisher\" content=\"https:\/\/www.facebook.com\/wwwjucariero\" \/>\n<meta property=\"article:modified_time\" content=\"2023-03-20T21:38:50+00:00\" \/>\n<meta property=\"og:image\" content=\"https:\/\/business.roovi.com\/wp-content\/uploads\/2018\/04\/73815-MI-01-WEB-1.jpg\" \/>\n\t<meta property=\"og:image:width\" content=\"1200\" \/>\n\t<meta property=\"og:image:height\" content=\"1200\" \/>\n\t<meta property=\"og:image:type\" content=\"image\/jpeg\" \/>\n<meta name=\"twitter:label1\" content=\"Timp estimat pentru citire\" \/>\n\t<meta name=\"twitter:data1\" content=\"4 minute\" \/>\n<script type=\"application\/ld+json\" class=\"yoast-schema-graph\">{\"@context\":\"https:\/\/schema.org\",\"@graph\":[{\"@type\":\"WebPage\",\"@id\":\"https:\/\/business.roovi.com\/ro\/puzzle-adulti-1000-piese-john-everett-millais-ophelia\/p\/\",\"url\":\"https:\/\/www.roovi.ro\/puzzle-adulti-1000-piese-john-everett-millais-ophelia\/p\/\",\"name\":\"Puzzle adulti 1000 piese John Everett Millais - Ophelia - Roovi B2B\",\"isPartOf\":{\"@id\":\"https:\/\/business.roovi.com\/ro\/#website\"},\"datePublished\":\"2018-04-16T10:56:17+00:00\",\"dateModified\":\"2023-03-20T21:38:50+00:00\",\"breadcrumb\":{\"@id\":\"https:\/\/www.roovi.ro\/puzzle-adulti-1000-piese-john-everett-millais-ophelia\/p\/#breadcrumb\"},\"inLanguage\":\"ro-RO\",\"potentialAction\":[{\"@type\":\"ReadAction\",\"target\":[\"https:\/\/www.roovi.ro\/puzzle-adulti-1000-piese-john-everett-millais-ophelia\/p\/\"]}]},{\"@type\":\"BreadcrumbList\",\"@id\":\"https:\/\/www.roovi.ro\/puzzle-adulti-1000-piese-john-everett-millais-ophelia\/p\/#breadcrumb\",\"itemListElement\":[{\"@type\":\"ListItem\",\"position\":1,\"name\":\"Home\",\"item\":\"https:\/\/business.roovi.com\/ro\/\"},{\"@type\":\"ListItem\",\"position\":2,\"name\":\"Magazin\",\"item\":\"https:\/\/business.roovi.com\/ro\/magazin\/\"},{\"@type\":\"ListItem\",\"position\":3,\"name\":\"Puzzle adulti 1000 piese John Everett Millais &#8211; Ophelia\"}]},{\"@type\":\"WebSite\",\"@id\":\"https:\/\/business.roovi.com\/ro\/#website\",\"url\":\"https:\/\/business.roovi.com\/ro\/\",\"name\":\"Roovi B2B\",\"description\":\"Roovi Business Website\",\"potentialAction\":[{\"@type\":\"SearchAction\",\"target\":{\"@type\":\"EntryPoint\",\"urlTemplate\":\"https:\/\/business.roovi.com\/ro\/?s={search_term_string}\"},\"query-input\":\"required name=search_term_string\"}],\"inLanguage\":\"ro-RO\"}]}<\/script>\n<!-- \/ Yoast SEO plugin. -->","yoast_head_json":{"title":"Puzzle adulti 1000 piese John Everett Millais - Ophelia - Roovi B2B","robots":{"index":"index","follow":"follow","max-snippet":"max-snippet:-1","max-image-preview":"max-image-preview:large","max-video-preview":"max-video-preview:-1"},"canonical":"https:\/\/www.roovi.ro\/puzzle-adulti-1000-piese-john-everett-millais-ophelia\/p\/","og_locale":"ro_RO","og_type":"article","og_title":"Puzzle adulti 1000 piese John Everett Millais - Ophelia - Roovi B2B","og_description":"Te plictise\u0219ti \u00een serile ploioase care te \u021bin \u00een cas\u0103? \u00cencearc\u0103 puzzle-urile de art\u0103! Vei redescoperi o activitate clasic\u0103, distractiv\u0103","og_url":"https:\/\/www.roovi.ro\/puzzle-adulti-1000-piese-john-everett-millais-ophelia\/p\/","og_site_name":"Roovi B2B","article_publisher":"https:\/\/www.facebook.com\/wwwjucariero","article_modified_time":"2023-03-20T21:38:50+00:00","og_image":[{"width":1200,"height":1200,"url":"https:\/\/business.roovi.com\/wp-content\/uploads\/2018\/04\/73815-MI-01-WEB-1.jpg","type":"image\/jpeg"}],"twitter_misc":{"Timp estimat pentru citire":"4 minute"},"schema":{"@context":"https:\/\/schema.org","@graph":[{"@type":"WebPage","@id":"https:\/\/business.roovi.com\/ro\/puzzle-adulti-1000-piese-john-everett-millais-ophelia\/p\/","url":"https:\/\/www.roovi.ro\/puzzle-adulti-1000-piese-john-everett-millais-ophelia\/p\/","name":"Puzzle adulti 1000 piese John Everett Millais - Ophelia - Roovi B2B","isPartOf":{"@id":"https:\/\/business.roovi.com\/ro\/#website"},"datePublished":"2018-04-16T10:56:17+00:00","dateModified":"2023-03-20T21:38:50+00:00","breadcrumb":{"@id":"https:\/\/www.roovi.ro\/puzzle-adulti-1000-piese-john-everett-millais-ophelia\/p\/#breadcrumb"},"inLanguage":"ro-RO","potentialAction":[{"@type":"ReadAction","target":["https:\/\/www.roovi.ro\/puzzle-adulti-1000-piese-john-everett-millais-ophelia\/p\/"]}]},{"@type":"BreadcrumbList","@id":"https:\/\/www.roovi.ro\/puzzle-adulti-1000-piese-john-everett-millais-ophelia\/p\/#breadcrumb","itemListElement":[{"@type":"ListItem","position":1,"name":"Home","item":"https:\/\/business.roovi.com\/ro\/"},{"@type":"ListItem","position":2,"name":"Magazin","item":"https:\/\/business.roovi.com\/ro\/magazin\/"},{"@type":"ListItem","position":3,"name":"Puzzle adulti 1000 piese John Everett Millais &#8211; Ophelia"}]},{"@type":"WebSite","@id":"https:\/\/business.roovi.com\/ro\/#website","url":"https:\/\/business.roovi.com\/ro\/","name":"Roovi B2B","description":"Roovi Business Website","potentialAction":[{"@type":"SearchAction","target":{"@type":"EntryPoint","urlTemplate":"https:\/\/business.roovi.com\/ro\/?s={search_term_string}"},"query-input":"required name=search_term_string"}],"inLanguage":"ro-RO"}]}},"_links":{"self":[{"href":"https:\/\/business.roovi.com\/ro\/wp-json\/wp\/v2\/product\/18200","targetHints":{"allow":["GET"]}}],"collection":[{"href":"https:\/\/business.roovi.com\/ro\/wp-json\/wp\/v2\/product"}],"about":[{"href":"https:\/\/business.roovi.com\/ro\/wp-json\/wp\/v2\/types\/product"}],"version-history":[{"count":0,"href":"https:\/\/business.roovi.com\/ro\/wp-json\/wp\/v2\/product\/18200\/revisions"}],"wp:featuredmedia":[{"embeddable":true,"href":"https:\/\/business.roovi.com\/ro\/wp-json\/wp\/v2\/media\/63632"}],"wp:attachment":[{"href":"https:\/\/business.roovi.com\/ro\/wp-json\/wp\/v2\/media?parent=18200"}],"wp:term":[{"taxonomy":"product_brand","embeddable":true,"href":"https:\/\/business.roovi.com\/ro\/wp-json\/wp\/v2\/product_brand?post=18200"},{"taxonomy":"product_cat","embeddable":true,"href":"https:\/\/business.roovi.com\/ro\/wp-json\/wp\/v2\/product_cat?post=18200"},{"taxonomy":"product_tag","embeddable":true,"href":"https:\/\/business.roovi.com\/ro\/wp-json\/wp\/v2\/product_tag?post=18200"}],"curies":[{"name":"wp","href":"https:\/\/api.w.org\/{rel}","templated":true}]}}