{"id":18205,"date":"2018-04-16T10:56:17","date_gmt":"2018-04-16T10:56:17","guid":{"rendered":"https:\/\/business.roovi.com\/product\/puzzle-john-collier-the-sleeping-beauty-1000\/"},"modified":"2023-03-20T21:38:47","modified_gmt":"2023-03-20T21:38:47","slug":"puzzle-adulti-1000-piese-john-collier-the-sleeping-beauty-frumoasa-adormita","status":"publish","type":"product","link":"https:\/\/business.roovi.com\/ro\/puzzle-adulti-1000-piese-john-collier-the-sleeping-beauty-frumoasa-adormita\/p\/","title":{"rendered":"Puzzle adul\u021bi 1000 piese John Collier &#8211; The Sleeping Beauty \/ Frumoasa adormit\u0103"},"content":{"rendered":"<p><span style=\"font-weight: 400;\">Dac\u0103 \u00ee\u021bi pl\u0103ceau pove\u0219tile cu prin\u021bi \u0219i prin\u021bese \u0219i a\u0219teptai cu sufletul la gur\u0103 p\u00e2n\u0103 la final, atunci un puzzle adul\u021bi ce surprinde o scen\u0103 din povestea Frumoasa Adormit\u0103, \u00een viziunea pictorului John Collier, va trezi, cu siguran\u021b\u0103, multe amintiri.<\/span><\/p>\n<p><span style=\"font-weight: 400;\">Exist\u0103 at\u00e2t de multe variante ale acestei pove\u0219ti, at\u00e2tea imagini \u0219i at\u00e2tea \u00eenchipuiri, \u00eenc\u00e2t ai crede c\u0103 nimic nu te mai poate surprinde. P\u00e2n\u0103 \u00een momentul \u00een care vei asambla acest puzzle 1000 piese ce \u00eenf\u0103\u021bi\u0219eaz\u0103 o scena din poveste \u00een viziunea lui Collier.\u00a0<\/span><\/p>\n<p><span style=\"font-weight: 400;\">Imaginea v\u0103zut\u0103 chiar din \u00eenc\u0103perea \u00een care prin\u021besa doarme al\u0103turi de slujnicele sale, cu chipul \u00eendreptat \u00eens\u0103 \u00een direc\u021bia opus\u0103, spre geam, spre p\u0103durea de unde \u00eei va veni salvarea, este o interpretare neobi\u0219nuit\u0103, dar vine ca un simbol al speran\u021bei.<\/span><\/p>\n<p><span style=\"font-weight: 400;\">Une\u0219te fiecare pies\u0103 de puzzle art\u0103 \u0219i construie\u0219te-\u021bi propria poveste a Frumoasei Adormite, \u00eentr-o bog\u0103\u021bie de detalii \u0219i un joc superb de lumini \u0219i umbre, pe care John Collier reu\u0219e\u0219te s\u0103 \u00eel transpun\u0103 perfect, surprinz\u00e2nd lini\u0219tea \u0219i profunzimea momentului.\u00a0<\/span><\/p>\n<p><span style=\"font-weight: 400;\">Admir\u0103 fiecare detaliu reliefat \u00een acest tablou pictat \u00een anul 1921 \u00een stilul pre-Raphaelite, pe care Collier l-a adoptat, o fermec\u0103toare lucrare \u00een ulei pe p\u00e2nz\u0103,\u00a0 \u0219i relaxeaz\u0103-te \u00een timp ce \u00eembini un puzzle 1000 piese pentru a o recrea.<\/span><\/p>\n<h3><strong>De ce s\u0103 alegi un puzzle adul\u021bi 1000 piese John Collier<\/strong><\/h3>\n<ul>\n<li><span style=\"font-weight: 400;\">Vei ob\u021bine un tablou cu detalii impresionante, reprezent\u00e2nd lucrarea The Sleeping Beauty, semnata de John Collier<\/span><\/li>\n<li><span style=\"font-weight: 400;\">Dimensiune puzzle art\u0103 68 x 47 cm<\/span><\/li>\n<li><span style=\"font-weight: 400;\">Piese realizate din carton de calitate superioar\u0103, rezistent la multiple utiliz\u0103ri<\/span><\/li>\n<li><span style=\"font-weight: 400;\">Este realizat din materiale sustenabile \u0219i reciclabile<\/span><\/li>\n<li><span style=\"font-weight: 400;\">Finisajul este semi lucios, iar culorile sunt vii \u0219i vibrante<\/span><\/li>\n<li><span style=\"font-weight: 400;\">Potrivit de la 14 ani &#8211; o ocazie excelent\u0103 de a-i introduce pe adolescen\u021bi \u00een lumea fascinant\u0103 a artei<\/span><\/li>\n<\/ul>\n<p><span style=\"font-weight: 400;\">Asamblarea unui puzzle art\u0103 are foarte multe beneficii ce se reflect\u0103 pe mai multe planuri:<\/span><\/p>\n<ul>\n<li><span style=\"font-weight: 400;\">Este o activitate relaxant\u0103 \u0219i distractiv\u0103<\/span><\/li>\n<li><span style=\"font-weight: 400;\">\u00cembun\u0103t\u0103\u021be\u0219te memoria de scurt\u0103 durat\u0103<\/span><\/li>\n<li><span style=\"font-weight: 400;\">Dezvolt\u0103 \u0219i sus\u021bine \u00eendem\u00e2narea\u00a0<\/span><\/li>\n<li><span style=\"font-weight: 400;\">Poate fi un bun prilej de reconectare cu tine \u00eensu\u021bi<\/span><\/li>\n<li><span style=\"font-weight: 400;\">Te ajut\u0103 s\u0103 \u00ee\u021bi men\u021bii concentrarea asupra unei singure activit\u0103\u021bi\u00a0<\/span><\/li>\n<\/ul>\n<h3><strong>\u0218tiai c\u0103\u2026?<\/strong><\/h3>\n<p><span style=\"font-weight: 400;\">James Collier a fost un artist prolific, l\u0103s\u00e2nd \u00een urma sa o colec\u021bie de peste 1100 de opere de art\u0103, dintre care doar Academiei Regale i-a oferit 140 de lucr\u0103ri.<\/span><\/p>\n<p><span style=\"font-weight: 400;\">S-a remarcat ca portretist \u0219i, de\u0219i a pictat \u0219i femei, s-a specializat \u00een portretele masculine, c\u0103rora le putea surprinde mult mai bine profunzimea detaliilor.\u00a0<\/span><\/p>\n<p><span style=\"font-weight: 400;\">De\u0219i temele literare, cum este \u0219i cea a Frumoasei Adormite,\u00a0 erau considerate demodate dup\u0103 anul 1890, John Collier continu\u0103 s\u0103 picteze astfel de imagini spectaculoase.<\/span><\/p>\n<p><span style=\"font-weight: 400;\">Printre personalit\u0103\u021bile vremii, pe care le-a pictat John Collier, se num\u0103r\u0103 Charles Darwin, George Bernard Shaw \u0219i Rudyard Kipling.<\/span><\/p>\n<h3><strong>Puzzle adul\u021bi The Sleeping Beauty pentru pove\u0219ti relaxante \u0219i distrac\u021bie f\u0103r\u0103 limite<\/strong><\/h3>\n<p><span style=\"font-weight: 400;\">Alege s\u0103 recreezi chiar la tine acas\u0103 o superb\u0103 scen\u0103 din povestea Frumoasa Adormit\u0103, \u00een stilul unic al pictorului John Collier, sub forma unui puzzle art\u0103. Las\u0103-te cuprins de magia pove\u0219tii \u0219i distreaz\u0103-te al\u0103turi de prieteni dragi sau de familie ore \u00een sir.<\/span><\/p>\n<p><span style=\"font-weight: 400;\">\u00cen plus, un puzzle 1000 piese e ca o v\u00e2n\u0103toare de comori, unde fiecare pies\u0103 este foarte valoroas\u0103 pentru rezultatul final. Iar la sf\u00e2r\u0219it, c\u00e2nd tabloul este gata, \u00eel po\u021bi desface sau \u00eel p\u0103strezi a\u0219a &#8211; propria ta oper\u0103 de art\u0103, gata s\u0103 fie expus\u0103.<\/span><\/p>\n","protected":false},"excerpt":{"rendered":"<p>Dac\u0103 \u00ee\u021bi pl\u0103ceau pove\u0219tile cu prin\u021bi \u0219i prin\u021bese \u0219i a\u0219teptai cu sufletul la gur\u0103 p\u00e2n\u0103 la final, atunci un puzzle<\/p>\n","protected":false},"featured_media":63638,"template":"","meta":[],"product_brand":[],"product_cat":[1454,1488,1560],"product_tag":[],"class_list":{"0":"post-18205","1":"product","2":"type-product","3":"status-publish","4":"has-post-thumbnail","6":"product_cat-puzzle","7":"product_cat-puzzle-adulti","8":"product_cat-puzzle-adulti-1000","9":"pa_brand-d_toys","10":"pa_country_of_manufacture-ro","11":"pa_filter_age-1315","12":"pa_painter-johncollier","13":"pa_tip_ambalaj-cutie","14":"pa_tip_puzzle-clasic","16":"first","17":"instock","18":"taxable","19":"shipping-taxable","20":"product-type-simple"},"yoast_head":"<!-- This site is optimized with the Yoast SEO plugin v20.1 - https:\/\/yoast.com\/wordpress\/plugins\/seo\/ -->\n<title>Puzzle adul\u021bi 1000 piese John Collier - The Sleeping Beauty \/ Frumoasa adormit\u0103 - Roovi B2B<\/title>\n<meta name=\"robots\" content=\"index, follow, max-snippet:-1, max-image-preview:large, max-video-preview:-1\" \/>\n<link rel=\"canonical\" href=\"https:\/\/www.roovi.ro\/puzzle-adulti-1000-piese-john-collier-the-sleeping-beauty-frumoasa-adormita\/p\/\" \/>\n<meta property=\"og:locale\" content=\"ro_RO\" \/>\n<meta property=\"og:type\" content=\"article\" \/>\n<meta property=\"og:title\" content=\"Puzzle adul\u021bi 1000 piese John Collier - The Sleeping Beauty \/ Frumoasa adormit\u0103 - Roovi B2B\" \/>\n<meta property=\"og:description\" content=\"Dac\u0103 \u00ee\u021bi pl\u0103ceau pove\u0219tile cu prin\u021bi \u0219i prin\u021bese \u0219i a\u0219teptai cu sufletul la gur\u0103 p\u00e2n\u0103 la final, atunci un puzzle\" \/>\n<meta property=\"og:url\" content=\"https:\/\/www.roovi.ro\/puzzle-adulti-1000-piese-john-collier-the-sleeping-beauty-frumoasa-adormita\/p\/\" \/>\n<meta property=\"og:site_name\" content=\"Roovi B2B\" \/>\n<meta property=\"article:publisher\" content=\"https:\/\/www.facebook.com\/wwwjucariero\" \/>\n<meta property=\"article:modified_time\" content=\"2023-03-20T21:38:47+00:00\" \/>\n<meta property=\"og:image\" content=\"https:\/\/business.roovi.com\/wp-content\/uploads\/2018\/04\/73822-CO-01-WEB.jpg\" \/>\n\t<meta property=\"og:image:width\" content=\"1200\" \/>\n\t<meta property=\"og:image:height\" content=\"1200\" \/>\n\t<meta property=\"og:image:type\" content=\"image\/jpeg\" \/>\n<meta name=\"twitter:label1\" content=\"Timp estimat pentru citire\" \/>\n\t<meta name=\"twitter:data1\" content=\"3 minute\" \/>\n<script type=\"application\/ld+json\" class=\"yoast-schema-graph\">{\"@context\":\"https:\/\/schema.org\",\"@graph\":[{\"@type\":\"WebPage\",\"@id\":\"https:\/\/business.roovi.com\/ro\/puzzle-adulti-1000-piese-john-collier-the-sleeping-beauty-frumoasa-adormita\/p\/\",\"url\":\"https:\/\/www.roovi.ro\/puzzle-adulti-1000-piese-john-collier-the-sleeping-beauty-frumoasa-adormita\/p\/\",\"name\":\"Puzzle adul\u021bi 1000 piese John Collier - The Sleeping Beauty \/ Frumoasa adormit\u0103 - Roovi B2B\",\"isPartOf\":{\"@id\":\"https:\/\/business.roovi.com\/ro\/#website\"},\"datePublished\":\"2018-04-16T10:56:17+00:00\",\"dateModified\":\"2023-03-20T21:38:47+00:00\",\"breadcrumb\":{\"@id\":\"https:\/\/www.roovi.ro\/puzzle-adulti-1000-piese-john-collier-the-sleeping-beauty-frumoasa-adormita\/p\/#breadcrumb\"},\"inLanguage\":\"ro-RO\",\"potentialAction\":[{\"@type\":\"ReadAction\",\"target\":[\"https:\/\/www.roovi.ro\/puzzle-adulti-1000-piese-john-collier-the-sleeping-beauty-frumoasa-adormita\/p\/\"]}]},{\"@type\":\"BreadcrumbList\",\"@id\":\"https:\/\/www.roovi.ro\/puzzle-adulti-1000-piese-john-collier-the-sleeping-beauty-frumoasa-adormita\/p\/#breadcrumb\",\"itemListElement\":[{\"@type\":\"ListItem\",\"position\":1,\"name\":\"Home\",\"item\":\"https:\/\/business.roovi.com\/ro\/\"},{\"@type\":\"ListItem\",\"position\":2,\"name\":\"Magazin\",\"item\":\"https:\/\/business.roovi.com\/ro\/magazin\/\"},{\"@type\":\"ListItem\",\"position\":3,\"name\":\"Puzzle adul\u021bi 1000 piese John Collier &#8211; The Sleeping Beauty \/ Frumoasa adormit\u0103\"}]},{\"@type\":\"WebSite\",\"@id\":\"https:\/\/business.roovi.com\/ro\/#website\",\"url\":\"https:\/\/business.roovi.com\/ro\/\",\"name\":\"Roovi B2B\",\"description\":\"Roovi Business Website\",\"potentialAction\":[{\"@type\":\"SearchAction\",\"target\":{\"@type\":\"EntryPoint\",\"urlTemplate\":\"https:\/\/business.roovi.com\/ro\/?s={search_term_string}\"},\"query-input\":\"required name=search_term_string\"}],\"inLanguage\":\"ro-RO\"}]}<\/script>\n<!-- \/ Yoast SEO plugin. -->","yoast_head_json":{"title":"Puzzle adul\u021bi 1000 piese John Collier - The Sleeping Beauty \/ Frumoasa adormit\u0103 - Roovi B2B","robots":{"index":"index","follow":"follow","max-snippet":"max-snippet:-1","max-image-preview":"max-image-preview:large","max-video-preview":"max-video-preview:-1"},"canonical":"https:\/\/www.roovi.ro\/puzzle-adulti-1000-piese-john-collier-the-sleeping-beauty-frumoasa-adormita\/p\/","og_locale":"ro_RO","og_type":"article","og_title":"Puzzle adul\u021bi 1000 piese John Collier - The Sleeping Beauty \/ Frumoasa adormit\u0103 - Roovi B2B","og_description":"Dac\u0103 \u00ee\u021bi pl\u0103ceau pove\u0219tile cu prin\u021bi \u0219i prin\u021bese \u0219i a\u0219teptai cu sufletul la gur\u0103 p\u00e2n\u0103 la final, atunci un puzzle","og_url":"https:\/\/www.roovi.ro\/puzzle-adulti-1000-piese-john-collier-the-sleeping-beauty-frumoasa-adormita\/p\/","og_site_name":"Roovi B2B","article_publisher":"https:\/\/www.facebook.com\/wwwjucariero","article_modified_time":"2023-03-20T21:38:47+00:00","og_image":[{"width":1200,"height":1200,"url":"https:\/\/business.roovi.com\/wp-content\/uploads\/2018\/04\/73822-CO-01-WEB.jpg","type":"image\/jpeg"}],"twitter_misc":{"Timp estimat pentru citire":"3 minute"},"schema":{"@context":"https:\/\/schema.org","@graph":[{"@type":"WebPage","@id":"https:\/\/business.roovi.com\/ro\/puzzle-adulti-1000-piese-john-collier-the-sleeping-beauty-frumoasa-adormita\/p\/","url":"https:\/\/www.roovi.ro\/puzzle-adulti-1000-piese-john-collier-the-sleeping-beauty-frumoasa-adormita\/p\/","name":"Puzzle adul\u021bi 1000 piese John Collier - The Sleeping Beauty \/ Frumoasa adormit\u0103 - Roovi B2B","isPartOf":{"@id":"https:\/\/business.roovi.com\/ro\/#website"},"datePublished":"2018-04-16T10:56:17+00:00","dateModified":"2023-03-20T21:38:47+00:00","breadcrumb":{"@id":"https:\/\/www.roovi.ro\/puzzle-adulti-1000-piese-john-collier-the-sleeping-beauty-frumoasa-adormita\/p\/#breadcrumb"},"inLanguage":"ro-RO","potentialAction":[{"@type":"ReadAction","target":["https:\/\/www.roovi.ro\/puzzle-adulti-1000-piese-john-collier-the-sleeping-beauty-frumoasa-adormita\/p\/"]}]},{"@type":"BreadcrumbList","@id":"https:\/\/www.roovi.ro\/puzzle-adulti-1000-piese-john-collier-the-sleeping-beauty-frumoasa-adormita\/p\/#breadcrumb","itemListElement":[{"@type":"ListItem","position":1,"name":"Home","item":"https:\/\/business.roovi.com\/ro\/"},{"@type":"ListItem","position":2,"name":"Magazin","item":"https:\/\/business.roovi.com\/ro\/magazin\/"},{"@type":"ListItem","position":3,"name":"Puzzle adul\u021bi 1000 piese John Collier &#8211; The Sleeping Beauty \/ Frumoasa adormit\u0103"}]},{"@type":"WebSite","@id":"https:\/\/business.roovi.com\/ro\/#website","url":"https:\/\/business.roovi.com\/ro\/","name":"Roovi B2B","description":"Roovi Business Website","potentialAction":[{"@type":"SearchAction","target":{"@type":"EntryPoint","urlTemplate":"https:\/\/business.roovi.com\/ro\/?s={search_term_string}"},"query-input":"required name=search_term_string"}],"inLanguage":"ro-RO"}]}},"_links":{"self":[{"href":"https:\/\/business.roovi.com\/ro\/wp-json\/wp\/v2\/product\/18205","targetHints":{"allow":["GET"]}}],"collection":[{"href":"https:\/\/business.roovi.com\/ro\/wp-json\/wp\/v2\/product"}],"about":[{"href":"https:\/\/business.roovi.com\/ro\/wp-json\/wp\/v2\/types\/product"}],"version-history":[{"count":0,"href":"https:\/\/business.roovi.com\/ro\/wp-json\/wp\/v2\/product\/18205\/revisions"}],"wp:featuredmedia":[{"embeddable":true,"href":"https:\/\/business.roovi.com\/ro\/wp-json\/wp\/v2\/media\/63638"}],"wp:attachment":[{"href":"https:\/\/business.roovi.com\/ro\/wp-json\/wp\/v2\/media?parent=18205"}],"wp:term":[{"taxonomy":"product_brand","embeddable":true,"href":"https:\/\/business.roovi.com\/ro\/wp-json\/wp\/v2\/product_brand?post=18205"},{"taxonomy":"product_cat","embeddable":true,"href":"https:\/\/business.roovi.com\/ro\/wp-json\/wp\/v2\/product_cat?post=18205"},{"taxonomy":"product_tag","embeddable":true,"href":"https:\/\/business.roovi.com\/ro\/wp-json\/wp\/v2\/product_tag?post=18205"}],"curies":[{"name":"wp","href":"https:\/\/api.w.org\/{rel}","templated":true}]}}