{"id":18220,"date":"2018-04-16T10:56:17","date_gmt":"2018-04-16T10:56:17","guid":{"rendered":"https:\/\/business.roovi.com\/product\/puzzle-ilya-repin-sadko-in-the-underwater-kingdom-1000\/"},"modified":"2023-03-20T21:38:45","modified_gmt":"2023-03-20T21:38:45","slug":"puzzle-adulti-1000-piese-ilya-repin-sadko-in-the-underwater-kingdom","status":"publish","type":"product","link":"https:\/\/business.roovi.com\/ro\/puzzle-adulti-1000-piese-ilya-repin-sadko-in-the-underwater-kingdom\/p\/","title":{"rendered":"Puzzle adulti 1000 piese Ilya Repin &#8211; Sadko in the Underwater Kingdom"},"content":{"rendered":"<p><span style=\"font-weight: 400; font-size: 14px;\">Redescoper\u0103 pl\u0103cerea jocurilor puzzle prin cea mai mare colec\u021bie de puzzle-uri de art\u0103 din Rom\u00e2nia! Vei avea parte de multe ore de relaxare, iar la final, munca \u00ee\u021bi va fi celebrat\u0103 prin tablouri de art\u0103 impresionante alc\u0103tuite din puzzle-uri de 1000 piese.<\/span><\/p>\n<p><span style=\"font-weight: 400; font-size: 14px;\">Descoper\u0103 pictura rus\u0103 prin puzzle 1000 piese Ilya Repin &#8211; Sadko in the Underwater Kingdom. Creeaz\u0103 din piese de puzzle frumuse\u021bile ce reprezint\u0103 personific\u0103ri ale diferitelor na\u021biuni din\u00a0 tabloul original. \u00cen realizarea picturii, artistul a studiat h\u0103r\u021bi ale lumii marine \u0219i a \u00eencercat s\u0103 \u021bi dea maximum de autenticitate acestei lucr\u0103ri. Rezultatul e fabulos \u0219i te vei convinge odat\u0103 ce vei finaliza tabloul.<\/span><\/p>\n<p><span style=\"font-weight: 400; font-size: 14px;\">Pentru asamblare \u0219i pentru suportul pieselor de puzzle 1000 po\u021bi folosi o m\u0103su\u021b\u0103 obi\u0219nuit\u0103 de cafea. Imaginea reconstituit\u0103 are dimensiunile de 50 x 70 cm.<\/span><\/p>\n<p><span style=\"font-weight: 400; font-size: 14px;\">Alte caracteristici ale puzzle-ului de art\u0103 Ilya Repin &#8211; Sadko in the Underwater Kingdom<\/span><\/p>\n<p><span style=\"font-size: 14px;\"><strong>Material puzzle:\u00a0<\/strong><\/span><\/p>\n<p><span style=\"font-size: 14px;\"><strong>carton albastru de o calitate superioar\u0103<\/strong><\/span><\/p>\n<p><span style=\"font-size: 14px;\"><strong>materiale sustenabile, reciclabile<\/strong><\/span><\/p>\n<p><span style=\"font-size: 14px;\"><strong>finisaj semi-lucios, culori vii<\/strong><\/span><\/p>\n<p><span style=\"font-size: 14px;\"><strong>Num\u0103rul pieselor de puzzle: 1000<\/strong><\/span><\/p>\n<p><span style=\"font-size: 14px;\"><strong>V\u00e2rsta recomandat\u0103: 14+<\/strong><\/span><\/p>\n<p><span style=\"font-size: 14px;\"><strong>Jocurile puzzle \u00ee\u021bi \u00eembun\u0103t\u0103\u021besc abilit\u0103\u021bile de a rezolva probleme<\/strong><\/span><\/p>\n<p><span style=\"font-weight: 400; font-size: 14px;\">Vrei s\u0103 fii mai preg\u0103tit pentru problemele&#8230; vie\u021bii? Rezolvarea puzzle-urilor de 1000 piese te ajut\u0103 \u00een acest sens. Jocurile puzzle te \u021bin concentrat \u0219i \u00ee\u021bi dezvolt\u0103 aten\u021bia la detalii. Astfel, vei reu\u0219i s\u0103 g\u0103se\u0219ti solu\u021bia de fiecare dat\u0103.<\/span><\/p>\n<p><span style=\"font-weight: 400; font-size: 14px;\">Pe l\u00e2ng\u0103 acest avantaj, jocurile puzzle \u00ee\u021bi dau posibilitatea s\u0103:<\/span><\/p>\n<ul>\n<li><span style=\"font-weight: 400; font-size: 14px;\">Te relaxezi dup\u0103 o zi grea, aglomerat\u0103.<\/span><\/li>\n<li><span style=\"font-weight: 400; font-size: 14px;\">Te deconectezi de la ecranele dispozitivelor smart.<\/span><\/li>\n<li><span style=\"font-weight: 400; font-size: 14px;\">Te eliberezi de stres.<\/span><\/li>\n<li><span style=\"font-weight: 400; font-size: 14px;\">Te bucuri de clipe minunate petrecute cu cei dragi atunci c\u00e2nd completa\u021bi imagini de puzzle 1000 piese \u00eempreun\u0103.\u00a0<\/span><\/li>\n<\/ul>\n<p><span style=\"font-size: 14px;\"><strong>Ilya Repin pe scurt:<\/strong><\/span><\/p>\n<p><span style=\"font-weight: 400; font-size: 14px;\">Este considerat cel mai important pictor rus.<\/span><\/p>\n<p><span style=\"font-weight: 400; font-size: 14px;\">A \u00eenv\u0103\u021bat s\u0103 picteze de la un pictor de icoane.<\/span><\/p>\n<p><span style=\"font-weight: 400; font-size: 14px;\">Lucr\u0103rile sale ascund simboluri profunde, adesea exprim\u00e2nd tensiuni sociale existente \u00een vremurile sale.<\/span><\/p>\n<p><span style=\"font-weight: 400; font-size: 14px;\">\u00cei pl\u0103cea s\u0103 doarm\u0103 \u00een aer liber at\u00e2t vara, c\u00e2t \u0219i iarna.<\/span><\/p>\n<p><span style=\"font-weight: 400; font-size: 14px;\">Cea de-a doua so\u021bie a lui era vegetarian\u0103, iar\u00a0 Repin adoptat \u0219i el meniul ei.<\/span><\/p>\n<p><span style=\"font-weight: 400; font-size: 14px;\">\u00cemp\u0103ratul Alexandru al III-lea i-a comandat personal mai multe picturi.<\/span><\/p>\n<p><span style=\"font-size: 14px;\"><strong>Asambleaz\u0103 puzzle \u0219i mediteaz\u0103!<\/strong><\/span><\/p>\n<p><span style=\"font-weight: 400; font-size: 14px;\">Jocul puzzle este ca o sesiune minunat\u0103 de medita\u021bie. Te concentrezi asupra unui singur g\u00e2nd &#8211; acela de a completa imaginea care \u021bi se a\u0219terne \u00een fa\u021b\u0103 &#8211; \u0219i intri \u00eentr-o conexiune profund\u0103 cu tine \u00eensu\u021bi. Tr\u0103ie\u0219ti \u00een prezent \u0219i te \u00eencarci cu energie pozitiv\u0103 printr-o activitate care te pasioneaz\u0103. Nu-i a\u0219a c\u0103 te sim\u021bi minunat?<\/span><\/p>\n<p><span style=\"font-weight: 400; font-size: 14px;\">Cump\u0103r\u0103 acum puzzle 1000 piese Ilya Repin &#8211; Sadko in the Underwater Kingdom \u0219i experimenteaz\u0103 o stare de relaxare uimitoare! Creeaz\u0103-\u021bi un tablou unicat, expresie a celei mai rafinate arte ruse\u0219ti \u0219i \u00eenc\u00e2nt\u0103-\u021bi privirea cu un obiect decorativ din puzzle 1000 piese. Dac\u0103 vrei s\u0103 oferi un cadou de excep\u021bie unui prieten pasionat de jocuri puzzle, acest minunat puzzle de art\u0103 este op\u021biunea ideal\u0103.<\/span><\/p>\n<p>&nbsp;<\/p>\n","protected":false},"excerpt":{"rendered":"<p>Redescoper\u0103 pl\u0103cerea jocurilor puzzle prin cea mai mare colec\u021bie de puzzle-uri de art\u0103 din Rom\u00e2nia! Vei avea parte de multe<\/p>\n","protected":false},"featured_media":63643,"template":"","meta":[],"product_brand":[],"product_cat":[1454,1488,1560],"product_tag":[],"class_list":{"0":"post-18220","1":"product","2":"type-product","3":"status-publish","4":"has-post-thumbnail","6":"product_cat-puzzle","7":"product_cat-puzzle-adulti","8":"product_cat-puzzle-adulti-1000","9":"pa_brand-d_toys","10":"pa_country_of_manufacture-ro","11":"pa_filter_age-1315","12":"pa_painter-ilyarepin","13":"pa_tip_ambalaj-cutie","14":"pa_tip_puzzle-clasic","16":"first","17":"instock","18":"taxable","19":"shipping-taxable","20":"product-type-simple"},"yoast_head":"<!-- This site is optimized with the Yoast SEO plugin v20.1 - https:\/\/yoast.com\/wordpress\/plugins\/seo\/ -->\n<title>Puzzle adulti 1000 piese Ilya Repin - Sadko in the Underwater Kingdom - Roovi B2B<\/title>\n<meta name=\"robots\" content=\"index, follow, max-snippet:-1, max-image-preview:large, max-video-preview:-1\" \/>\n<link rel=\"canonical\" href=\"https:\/\/www.roovi.ro\/puzzle-adulti-1000-piese-ilya-repin-sadko-in-the-underwater-kingdom\/p\/\" \/>\n<meta property=\"og:locale\" content=\"ro_RO\" \/>\n<meta property=\"og:type\" content=\"article\" \/>\n<meta property=\"og:title\" content=\"Puzzle adulti 1000 piese Ilya Repin - Sadko in the Underwater Kingdom - Roovi B2B\" \/>\n<meta property=\"og:description\" content=\"Redescoper\u0103 pl\u0103cerea jocurilor puzzle prin cea mai mare colec\u021bie de puzzle-uri de art\u0103 din Rom\u00e2nia! Vei avea parte de multe\" \/>\n<meta property=\"og:url\" content=\"https:\/\/www.roovi.ro\/puzzle-adulti-1000-piese-ilya-repin-sadko-in-the-underwater-kingdom\/p\/\" \/>\n<meta property=\"og:site_name\" content=\"Roovi B2B\" \/>\n<meta property=\"article:publisher\" content=\"https:\/\/www.facebook.com\/wwwjucariero\" \/>\n<meta property=\"article:modified_time\" content=\"2023-03-20T21:38:45+00:00\" \/>\n<meta property=\"og:image\" content=\"https:\/\/business.roovi.com\/wp-content\/uploads\/2018\/04\/73839-RE-01-WEB.jpg\" \/>\n\t<meta property=\"og:image:width\" content=\"1200\" \/>\n\t<meta property=\"og:image:height\" content=\"1200\" \/>\n\t<meta property=\"og:image:type\" content=\"image\/jpeg\" \/>\n<meta name=\"twitter:label1\" content=\"Timp estimat pentru citire\" \/>\n\t<meta name=\"twitter:data1\" content=\"3 minute\" \/>\n<script type=\"application\/ld+json\" class=\"yoast-schema-graph\">{\"@context\":\"https:\/\/schema.org\",\"@graph\":[{\"@type\":\"WebPage\",\"@id\":\"https:\/\/business.roovi.com\/ro\/puzzle-adulti-1000-piese-ilya-repin-sadko-in-the-underwater-kingdom\/p\/\",\"url\":\"https:\/\/www.roovi.ro\/puzzle-adulti-1000-piese-ilya-repin-sadko-in-the-underwater-kingdom\/p\/\",\"name\":\"Puzzle adulti 1000 piese Ilya Repin - Sadko in the Underwater Kingdom - Roovi B2B\",\"isPartOf\":{\"@id\":\"https:\/\/business.roovi.com\/ro\/#website\"},\"datePublished\":\"2018-04-16T10:56:17+00:00\",\"dateModified\":\"2023-03-20T21:38:45+00:00\",\"breadcrumb\":{\"@id\":\"https:\/\/www.roovi.ro\/puzzle-adulti-1000-piese-ilya-repin-sadko-in-the-underwater-kingdom\/p\/#breadcrumb\"},\"inLanguage\":\"ro-RO\",\"potentialAction\":[{\"@type\":\"ReadAction\",\"target\":[\"https:\/\/www.roovi.ro\/puzzle-adulti-1000-piese-ilya-repin-sadko-in-the-underwater-kingdom\/p\/\"]}]},{\"@type\":\"BreadcrumbList\",\"@id\":\"https:\/\/www.roovi.ro\/puzzle-adulti-1000-piese-ilya-repin-sadko-in-the-underwater-kingdom\/p\/#breadcrumb\",\"itemListElement\":[{\"@type\":\"ListItem\",\"position\":1,\"name\":\"Home\",\"item\":\"https:\/\/business.roovi.com\/ro\/\"},{\"@type\":\"ListItem\",\"position\":2,\"name\":\"Magazin\",\"item\":\"https:\/\/business.roovi.com\/ro\/magazin\/\"},{\"@type\":\"ListItem\",\"position\":3,\"name\":\"Puzzle adulti 1000 piese Ilya Repin &#8211; Sadko in the Underwater Kingdom\"}]},{\"@type\":\"WebSite\",\"@id\":\"https:\/\/business.roovi.com\/ro\/#website\",\"url\":\"https:\/\/business.roovi.com\/ro\/\",\"name\":\"Roovi B2B\",\"description\":\"Roovi Business Website\",\"potentialAction\":[{\"@type\":\"SearchAction\",\"target\":{\"@type\":\"EntryPoint\",\"urlTemplate\":\"https:\/\/business.roovi.com\/ro\/?s={search_term_string}\"},\"query-input\":\"required name=search_term_string\"}],\"inLanguage\":\"ro-RO\"}]}<\/script>\n<!-- \/ Yoast SEO plugin. -->","yoast_head_json":{"title":"Puzzle adulti 1000 piese Ilya Repin - Sadko in the Underwater Kingdom - Roovi B2B","robots":{"index":"index","follow":"follow","max-snippet":"max-snippet:-1","max-image-preview":"max-image-preview:large","max-video-preview":"max-video-preview:-1"},"canonical":"https:\/\/www.roovi.ro\/puzzle-adulti-1000-piese-ilya-repin-sadko-in-the-underwater-kingdom\/p\/","og_locale":"ro_RO","og_type":"article","og_title":"Puzzle adulti 1000 piese Ilya Repin - Sadko in the Underwater Kingdom - Roovi B2B","og_description":"Redescoper\u0103 pl\u0103cerea jocurilor puzzle prin cea mai mare colec\u021bie de puzzle-uri de art\u0103 din Rom\u00e2nia! Vei avea parte de multe","og_url":"https:\/\/www.roovi.ro\/puzzle-adulti-1000-piese-ilya-repin-sadko-in-the-underwater-kingdom\/p\/","og_site_name":"Roovi B2B","article_publisher":"https:\/\/www.facebook.com\/wwwjucariero","article_modified_time":"2023-03-20T21:38:45+00:00","og_image":[{"width":1200,"height":1200,"url":"https:\/\/business.roovi.com\/wp-content\/uploads\/2018\/04\/73839-RE-01-WEB.jpg","type":"image\/jpeg"}],"twitter_misc":{"Timp estimat pentru citire":"3 minute"},"schema":{"@context":"https:\/\/schema.org","@graph":[{"@type":"WebPage","@id":"https:\/\/business.roovi.com\/ro\/puzzle-adulti-1000-piese-ilya-repin-sadko-in-the-underwater-kingdom\/p\/","url":"https:\/\/www.roovi.ro\/puzzle-adulti-1000-piese-ilya-repin-sadko-in-the-underwater-kingdom\/p\/","name":"Puzzle adulti 1000 piese Ilya Repin - Sadko in the Underwater Kingdom - Roovi B2B","isPartOf":{"@id":"https:\/\/business.roovi.com\/ro\/#website"},"datePublished":"2018-04-16T10:56:17+00:00","dateModified":"2023-03-20T21:38:45+00:00","breadcrumb":{"@id":"https:\/\/www.roovi.ro\/puzzle-adulti-1000-piese-ilya-repin-sadko-in-the-underwater-kingdom\/p\/#breadcrumb"},"inLanguage":"ro-RO","potentialAction":[{"@type":"ReadAction","target":["https:\/\/www.roovi.ro\/puzzle-adulti-1000-piese-ilya-repin-sadko-in-the-underwater-kingdom\/p\/"]}]},{"@type":"BreadcrumbList","@id":"https:\/\/www.roovi.ro\/puzzle-adulti-1000-piese-ilya-repin-sadko-in-the-underwater-kingdom\/p\/#breadcrumb","itemListElement":[{"@type":"ListItem","position":1,"name":"Home","item":"https:\/\/business.roovi.com\/ro\/"},{"@type":"ListItem","position":2,"name":"Magazin","item":"https:\/\/business.roovi.com\/ro\/magazin\/"},{"@type":"ListItem","position":3,"name":"Puzzle adulti 1000 piese Ilya Repin &#8211; Sadko in the Underwater Kingdom"}]},{"@type":"WebSite","@id":"https:\/\/business.roovi.com\/ro\/#website","url":"https:\/\/business.roovi.com\/ro\/","name":"Roovi B2B","description":"Roovi Business Website","potentialAction":[{"@type":"SearchAction","target":{"@type":"EntryPoint","urlTemplate":"https:\/\/business.roovi.com\/ro\/?s={search_term_string}"},"query-input":"required name=search_term_string"}],"inLanguage":"ro-RO"}]}},"_links":{"self":[{"href":"https:\/\/business.roovi.com\/ro\/wp-json\/wp\/v2\/product\/18220","targetHints":{"allow":["GET"]}}],"collection":[{"href":"https:\/\/business.roovi.com\/ro\/wp-json\/wp\/v2\/product"}],"about":[{"href":"https:\/\/business.roovi.com\/ro\/wp-json\/wp\/v2\/types\/product"}],"version-history":[{"count":0,"href":"https:\/\/business.roovi.com\/ro\/wp-json\/wp\/v2\/product\/18220\/revisions"}],"wp:featuredmedia":[{"embeddable":true,"href":"https:\/\/business.roovi.com\/ro\/wp-json\/wp\/v2\/media\/63643"}],"wp:attachment":[{"href":"https:\/\/business.roovi.com\/ro\/wp-json\/wp\/v2\/media?parent=18220"}],"wp:term":[{"taxonomy":"product_brand","embeddable":true,"href":"https:\/\/business.roovi.com\/ro\/wp-json\/wp\/v2\/product_brand?post=18220"},{"taxonomy":"product_cat","embeddable":true,"href":"https:\/\/business.roovi.com\/ro\/wp-json\/wp\/v2\/product_cat?post=18220"},{"taxonomy":"product_tag","embeddable":true,"href":"https:\/\/business.roovi.com\/ro\/wp-json\/wp\/v2\/product_tag?post=18220"}],"curies":[{"name":"wp","href":"https:\/\/api.w.org\/{rel}","templated":true}]}}