{"id":18235,"date":"2018-04-16T10:56:17","date_gmt":"2018-04-16T10:56:17","guid":{"rendered":"https:\/\/business.roovi.com\/product\/puzzle-boris-kustodiev-maslenitsa-1000\/"},"modified":"2025-03-17T10:13:57","modified_gmt":"2025-03-17T10:13:57","slug":"puzzle-adulti-1000-piese-boris-kustodiev-maslenitsa","status":"publish","type":"product","link":"https:\/\/business.roovi.com\/ro\/puzzle-adulti-1000-piese-boris-kustodiev-maslenitsa\/p\/","title":{"rendered":"Puzzle adulti 1000 piese Boris Kustodiev &#8211; Maslenitsa"},"content":{"rendered":"<p><span style=\"font-weight: 400;\">E\u0219ti pasionat de art\u0103 sau vrei s\u0103 faci un cadou deosebit unui prieten fascinat de picturi celebre? Ai ajuns la locul potrivit! Colec\u021bia noastr\u0103 de puzzle de art\u0103 reune\u0219te imagini ale celor mai renumite picturi din lume \u00een puzzle-uri de 1000 piese.\u00a0<\/span><\/p>\n<p><span style=\"font-weight: 400;\">Puzzle 1000 piese Boris Kustodiev &#8211; Maslenitsa \u00eenf\u0103\u021bi\u0219eaz\u0103 o imagine splendid\u0103 a unei s\u0103rb\u0103tori ruse\u0219ti. Pictura original\u0103 celebreaz\u0103 <\/span><span style=\"font-weight: 400;\">\u201c<\/span><span style=\"font-weight: 400;\">s\u0103pt\u0103m\u00e2na untului<\/span><span style=\"font-weight: 400;\">\u201d<\/span> <span style=\"font-weight: 400;\">din tradi\u021bia rus\u0103, echivalent\u0103 a <\/span><span style=\"font-weight: 400;\">\u201c<\/span><span style=\"font-weight: 400;\">s\u0103pt\u0103m\u00e2nii albe<\/span><span style=\"font-weight: 400;\">\u201d din tradi\u021bia cre\u0219tin\u0103. Oamenii care se bucur\u0103 de s\u0103rb\u0103toare pe str\u0103zile acoperite de z\u0103pad\u0103 transmit un entuziasm debordant care te va cuprinde cu siguran\u021b\u0103 odat\u0103 ce \u00eencepi lucrul la aceast\u0103 oper\u0103 de art\u0103.<\/span><\/p>\n<p><span style=\"font-weight: 400;\">Pentru asamblare po\u021bi folosi o m\u0103su\u021b\u0103 obi\u0219nuit\u0103 de cafea. Dimensiunile imaginii reconstituite sunt de 50 x 70 cm. Alte informa\u021bii despre puzzle de art\u0103 <\/span><span style=\"font-weight: 400;\">Boris Kustodiev &#8211; Maslenitsa po\u021bi citi mai jos:<\/span><\/p>\n<p><strong>Material puzzle:\u00a0<\/strong><\/p>\n<p><strong>carton albastru de o calitate superioar\u0103<\/strong><\/p>\n<p><strong>materiale sustenabile, reciclabile<\/strong><\/p>\n<p><strong>finisaj semi-lucios, culori vii<\/strong><\/p>\n<p><strong>Num\u0103rul pieselor de puzzle: 1000<\/strong><\/p>\n<p><strong>V\u00e2rsta recomandat\u0103: 14+<\/strong><\/p>\n<p><strong>Vrei s\u0103 nu ai probleme cu memoria? Asambleaz\u0103 \u00een fiecare zi puzzle 1000 piese!<\/strong><\/p>\n<p><span style=\"font-weight: 400;\">Studiile arat\u0103 c\u0103 persoanele care dedic\u0103 pasiunii pentru jocuri puzzle cel pu\u021bin 30 de minute \u00een fiecare zi, \u00ee\u0219i men\u021bin mintea ascu\u021bit\u0103. Acest beneficiu include \u00eembun\u0103t\u0103\u021birea memoriei \u0219i a altor abilit\u0103\u021bi cognitive. Activitatea de asamblare a puzzle-ului 1000 piese implic\u0103 re\u021binerea formelor \u0219i a culorilor pieselor puzzle \u0219i \u00een felul acesta se explic\u0103 leg\u0103tura pe care o au jocurile puzzle cu memoria.<\/span><\/p>\n<p><strong>Jocurile puzzle \u00eembun\u0103t\u0103\u021besc abilit\u0103\u021bile de rezolvare a problemelor<\/strong><\/p>\n<p><span style=\"font-weight: 400;\">\u00cen rezolvarea unui puzzle 1000 piese este necesar s\u0103 descoperi logica de asamblare a pieselor. Odat\u0103 ce aceast\u0103 problem\u0103 este rezolvat\u0103, lucrul merge mai u\u0219or \u0219i avansezi rapid cu reconstituirea imaginii. Astfel, puzzle-urile \u00ee\u021bi \u00eembun\u0103t\u0103\u021besc abilit\u0103\u021bile de rezolvare a problemelor \u0219i faciliteaz\u0103 schimbarea perspectivelor pentru a g\u0103si solu\u021bii potrivite la diverse provoc\u0103ri pe care le \u00eent\u00e2mpini zi de zi.<\/span><\/p>\n<p><strong>Jocurile puzzle te ajut\u0103 s\u0103 ai o stare de spirit mai bun\u0103<\/strong><\/p>\n<p><span style=\"font-weight: 400;\">Cui nu-i place sentimentul de a rezolva o sarcin\u0103 dificil\u0103? Se pare \u00eens\u0103 c\u0103 acest sentiment de satisfac\u021bie pe care \u00eel avem atunci c\u00e2nd reconstituim imaginea din puzzle 1000 piese se datoreaz\u0103 secre\u021biei de dopamin\u0103. Aceast\u0103 substan\u021b\u0103 este responsabil\u0103 de stare de optimism \u0219i fericire, iar activitatea de asamblare a jocurilor puzzle stimuleaz\u0103 producerea ei. Bucur\u0103-te a\u0219adar din plin de aceast\u0103 activitate binef\u0103c\u0103toare!<\/span><\/p>\n<p><strong>Despre Boris Kustodiev \u0219tiai c\u0103?<\/strong><\/p>\n<p><span style=\"font-weight: 400;\">A fost unul dintre cei mai de seam\u0103 pictori ru\u0219i de la \u00eenceputul secolului XX.<\/span><\/p>\n<p><span style=\"font-weight: 400;\">A lucrat \u0219i ca ilustrator de c\u0103r\u021bi \u0219i artist de scenografie.<\/span><\/p>\n<p><span style=\"font-weight: 400;\">A lucrat asistentul celebrului pictor<\/span><span style=\"font-weight: 400;\"> Ilya Repin, care l-a considerat un artist str\u0103lucit.<\/span><\/p>\n<p><span style=\"font-weight: 400;\">\u00cen lucrarea <\/span><em><span style=\"font-weight: 400;\">Maslenitsa <\/span><\/em><span style=\"font-weight: 400;\">artistul a ref\u0103cut cu meticulozitate amintiri din propria copil\u0103rie, red\u00e2nd un eveniment \u00eendr\u0103git din ora\u0219ul aglomerat de pe malurile Volg\u0103i.<\/span><\/p>\n<p><span style=\"font-weight: 400;\">A declarat c\u0103 principalul subiect al picturilor lui a fost dragostea de via\u021b\u0103, fericirea, veselia \u0219i, \u00een mod special, dragostea pentru lucrurile ruse\u0219ti.<\/span><\/p>\n<p><strong>Puzzle-urile de art\u0103: 3 beneficii pe care \u021bi le ofer\u0103<\/strong><\/p>\n<p><span style=\"font-weight: 400;\">1. Te poart\u0103 \u00een lumea fascinant\u0103 a picturilor celebre \u0219i te fac s\u0103 te sim\u021bi un artist veritabil care creeaz\u0103 opere magnificife.<\/span><\/p>\n<p><span style=\"font-weight: 400;\">2. \u00ce\u021bi dezvolt\u0103 imagina\u021bia \u0219i spiritul coloristic.<\/span><\/p>\n<p><span style=\"font-weight: 400;\">3. \u00ce\u021bi ofer\u0103 oportunitatea de a studia \u0219i a admira chiar \u0219i cele mai fine detalii ale picturilor celebre.<\/span><\/p>\n<p><span style=\"font-weight: 400;\">Cump\u0103r\u0103 acum puzzle 1000 piese Boris Kustodiev &#8211; Maslenitsa \u0219i intr\u0103 \u00een spiritul s\u0103rb\u0103torii descrise prin tu\u0219e perfecte de artistul rus. Asambleaz\u0103 acest minunat puzzle de art\u0103 cu familia sau cu prietenii \u0219i bucura\u021bi-v\u0103 \u00eempreun\u0103 de un tablou de art\u0103 deosebit. Ofer\u0103 \u00een dar acest puzzle de 1000 piese unui prieten pasionat de jocuri puzzle sau de picturi celebre.<\/span><\/p>\n","protected":false},"excerpt":{"rendered":"<p>E\u0219ti pasionat de art\u0103 sau vrei s\u0103 faci un cadou deosebit unui prieten fascinat de picturi celebre? Ai ajuns la<\/p>\n","protected":false},"featured_media":63669,"template":"","meta":[],"product_brand":[],"product_cat":[1454,1488,1560],"product_tag":[],"class_list":{"0":"post-18235","1":"product","2":"type-product","3":"status-publish","4":"has-post-thumbnail","6":"product_cat-puzzle","7":"product_cat-puzzle-adulti","8":"product_cat-puzzle-adulti-1000","9":"pa_brand-d_toys","10":"pa_country_of_manufacture-ro","11":"pa_filter_age-1315","12":"pa_painter-boriskustodiev","13":"pa_tip_ambalaj-cutie","14":"pa_tip_puzzle-clasic","16":"first","17":"instock","18":"taxable","19":"shipping-taxable","20":"product-type-simple"},"yoast_head":"<!-- This site is optimized with the Yoast SEO plugin v20.1 - https:\/\/yoast.com\/wordpress\/plugins\/seo\/ -->\n<title>Puzzle adulti 1000 piese Boris Kustodiev - Maslenitsa - Roovi B2B<\/title>\n<meta name=\"robots\" content=\"index, follow, max-snippet:-1, max-image-preview:large, max-video-preview:-1\" \/>\n<link rel=\"canonical\" href=\"https:\/\/www.roovi.ro\/puzzle-adulti-1000-piese-boris-kustodiev-maslenitsa\/p\/\" \/>\n<meta property=\"og:locale\" content=\"ro_RO\" \/>\n<meta property=\"og:type\" content=\"article\" \/>\n<meta property=\"og:title\" content=\"Puzzle adulti 1000 piese Boris Kustodiev - Maslenitsa - Roovi B2B\" \/>\n<meta property=\"og:description\" content=\"E\u0219ti pasionat de art\u0103 sau vrei s\u0103 faci un cadou deosebit unui prieten fascinat de picturi celebre? Ai ajuns la\" \/>\n<meta property=\"og:url\" content=\"https:\/\/www.roovi.ro\/puzzle-adulti-1000-piese-boris-kustodiev-maslenitsa\/p\/\" \/>\n<meta property=\"og:site_name\" content=\"Roovi B2B\" \/>\n<meta property=\"article:publisher\" content=\"https:\/\/www.facebook.com\/wwwjucariero\" \/>\n<meta property=\"article:modified_time\" content=\"2025-03-17T10:13:57+00:00\" \/>\n<meta property=\"og:image\" content=\"https:\/\/business.roovi.com\/wp-content\/uploads\/2018\/04\/73846-KU-01-WEB.jpg\" \/>\n\t<meta property=\"og:image:width\" content=\"1200\" \/>\n\t<meta property=\"og:image:height\" content=\"1200\" \/>\n\t<meta property=\"og:image:type\" content=\"image\/jpeg\" \/>\n<meta name=\"twitter:label1\" content=\"Timp estimat pentru citire\" \/>\n\t<meta name=\"twitter:data1\" content=\"3 minute\" \/>\n<script type=\"application\/ld+json\" class=\"yoast-schema-graph\">{\"@context\":\"https:\/\/schema.org\",\"@graph\":[{\"@type\":\"WebPage\",\"@id\":\"https:\/\/business.roovi.com\/ro\/puzzle-adulti-1000-piese-boris-kustodiev-maslenitsa\/p\/\",\"url\":\"https:\/\/www.roovi.ro\/puzzle-adulti-1000-piese-boris-kustodiev-maslenitsa\/p\/\",\"name\":\"Puzzle adulti 1000 piese Boris Kustodiev - Maslenitsa - Roovi B2B\",\"isPartOf\":{\"@id\":\"https:\/\/business.roovi.com\/ro\/#website\"},\"datePublished\":\"2018-04-16T10:56:17+00:00\",\"dateModified\":\"2025-03-17T10:13:57+00:00\",\"breadcrumb\":{\"@id\":\"https:\/\/www.roovi.ro\/puzzle-adulti-1000-piese-boris-kustodiev-maslenitsa\/p\/#breadcrumb\"},\"inLanguage\":\"ro-RO\",\"potentialAction\":[{\"@type\":\"ReadAction\",\"target\":[\"https:\/\/www.roovi.ro\/puzzle-adulti-1000-piese-boris-kustodiev-maslenitsa\/p\/\"]}]},{\"@type\":\"BreadcrumbList\",\"@id\":\"https:\/\/www.roovi.ro\/puzzle-adulti-1000-piese-boris-kustodiev-maslenitsa\/p\/#breadcrumb\",\"itemListElement\":[{\"@type\":\"ListItem\",\"position\":1,\"name\":\"Home\",\"item\":\"https:\/\/business.roovi.com\/ro\/\"},{\"@type\":\"ListItem\",\"position\":2,\"name\":\"Magazin\",\"item\":\"https:\/\/business.roovi.com\/ro\/magazin\/\"},{\"@type\":\"ListItem\",\"position\":3,\"name\":\"Puzzle adulti 1000 piese Boris Kustodiev &#8211; Maslenitsa\"}]},{\"@type\":\"WebSite\",\"@id\":\"https:\/\/business.roovi.com\/ro\/#website\",\"url\":\"https:\/\/business.roovi.com\/ro\/\",\"name\":\"Roovi B2B\",\"description\":\"Roovi Business Website\",\"potentialAction\":[{\"@type\":\"SearchAction\",\"target\":{\"@type\":\"EntryPoint\",\"urlTemplate\":\"https:\/\/business.roovi.com\/ro\/?s={search_term_string}\"},\"query-input\":\"required name=search_term_string\"}],\"inLanguage\":\"ro-RO\"}]}<\/script>\n<!-- \/ Yoast SEO plugin. -->","yoast_head_json":{"title":"Puzzle adulti 1000 piese Boris Kustodiev - Maslenitsa - Roovi B2B","robots":{"index":"index","follow":"follow","max-snippet":"max-snippet:-1","max-image-preview":"max-image-preview:large","max-video-preview":"max-video-preview:-1"},"canonical":"https:\/\/www.roovi.ro\/puzzle-adulti-1000-piese-boris-kustodiev-maslenitsa\/p\/","og_locale":"ro_RO","og_type":"article","og_title":"Puzzle adulti 1000 piese Boris Kustodiev - Maslenitsa - Roovi B2B","og_description":"E\u0219ti pasionat de art\u0103 sau vrei s\u0103 faci un cadou deosebit unui prieten fascinat de picturi celebre? Ai ajuns la","og_url":"https:\/\/www.roovi.ro\/puzzle-adulti-1000-piese-boris-kustodiev-maslenitsa\/p\/","og_site_name":"Roovi B2B","article_publisher":"https:\/\/www.facebook.com\/wwwjucariero","article_modified_time":"2025-03-17T10:13:57+00:00","og_image":[{"width":1200,"height":1200,"url":"https:\/\/business.roovi.com\/wp-content\/uploads\/2018\/04\/73846-KU-01-WEB.jpg","type":"image\/jpeg"}],"twitter_misc":{"Timp estimat pentru citire":"3 minute"},"schema":{"@context":"https:\/\/schema.org","@graph":[{"@type":"WebPage","@id":"https:\/\/business.roovi.com\/ro\/puzzle-adulti-1000-piese-boris-kustodiev-maslenitsa\/p\/","url":"https:\/\/www.roovi.ro\/puzzle-adulti-1000-piese-boris-kustodiev-maslenitsa\/p\/","name":"Puzzle adulti 1000 piese Boris Kustodiev - Maslenitsa - Roovi B2B","isPartOf":{"@id":"https:\/\/business.roovi.com\/ro\/#website"},"datePublished":"2018-04-16T10:56:17+00:00","dateModified":"2025-03-17T10:13:57+00:00","breadcrumb":{"@id":"https:\/\/www.roovi.ro\/puzzle-adulti-1000-piese-boris-kustodiev-maslenitsa\/p\/#breadcrumb"},"inLanguage":"ro-RO","potentialAction":[{"@type":"ReadAction","target":["https:\/\/www.roovi.ro\/puzzle-adulti-1000-piese-boris-kustodiev-maslenitsa\/p\/"]}]},{"@type":"BreadcrumbList","@id":"https:\/\/www.roovi.ro\/puzzle-adulti-1000-piese-boris-kustodiev-maslenitsa\/p\/#breadcrumb","itemListElement":[{"@type":"ListItem","position":1,"name":"Home","item":"https:\/\/business.roovi.com\/ro\/"},{"@type":"ListItem","position":2,"name":"Magazin","item":"https:\/\/business.roovi.com\/ro\/magazin\/"},{"@type":"ListItem","position":3,"name":"Puzzle adulti 1000 piese Boris Kustodiev &#8211; Maslenitsa"}]},{"@type":"WebSite","@id":"https:\/\/business.roovi.com\/ro\/#website","url":"https:\/\/business.roovi.com\/ro\/","name":"Roovi B2B","description":"Roovi Business Website","potentialAction":[{"@type":"SearchAction","target":{"@type":"EntryPoint","urlTemplate":"https:\/\/business.roovi.com\/ro\/?s={search_term_string}"},"query-input":"required name=search_term_string"}],"inLanguage":"ro-RO"}]}},"_links":{"self":[{"href":"https:\/\/business.roovi.com\/ro\/wp-json\/wp\/v2\/product\/18235","targetHints":{"allow":["GET"]}}],"collection":[{"href":"https:\/\/business.roovi.com\/ro\/wp-json\/wp\/v2\/product"}],"about":[{"href":"https:\/\/business.roovi.com\/ro\/wp-json\/wp\/v2\/types\/product"}],"version-history":[{"count":0,"href":"https:\/\/business.roovi.com\/ro\/wp-json\/wp\/v2\/product\/18235\/revisions"}],"wp:featuredmedia":[{"embeddable":true,"href":"https:\/\/business.roovi.com\/ro\/wp-json\/wp\/v2\/media\/63669"}],"wp:attachment":[{"href":"https:\/\/business.roovi.com\/ro\/wp-json\/wp\/v2\/media?parent=18235"}],"wp:term":[{"taxonomy":"product_brand","embeddable":true,"href":"https:\/\/business.roovi.com\/ro\/wp-json\/wp\/v2\/product_brand?post=18235"},{"taxonomy":"product_cat","embeddable":true,"href":"https:\/\/business.roovi.com\/ro\/wp-json\/wp\/v2\/product_cat?post=18235"},{"taxonomy":"product_tag","embeddable":true,"href":"https:\/\/business.roovi.com\/ro\/wp-json\/wp\/v2\/product_tag?post=18235"}],"curies":[{"name":"wp","href":"https:\/\/api.w.org\/{rel}","templated":true}]}}